{"id":16445,"date":"2025-06-08T14:54:30","date_gmt":"2025-06-08T14:54:30","guid":{"rendered":"https:\/\/madoskampas.lt\/?post_type=product&#038;p=16445"},"modified":"2025-06-13T15:24:30","modified_gmt":"2025-06-13T15:24:30","slug":"bliuzonas-summer-bubbles","status":"publish","type":"product","link":"https:\/\/madoskampas.lt\/et\/product-2\/bliuzonas-summer-bubbles\/","title":{"rendered":"Bliuzonas &#8222;Summer Bubbles&#8221;"},"content":{"rendered":"","protected":false},"excerpt":{"rendered":"<p data-start=\"91\" data-end=\"397\">Lengvas, \u017eaisminga ir be galo jaukus \u2013 \u0161is 100 % medviln\u0117s bliuzonas su mielais ta\u0161keliais yra tobula palydov\u0117 v\u0117sesn\u0117ms vasaros dienoms.<br data-start=\"261\" data-end=\"264\" data-is-only-node=\"\" \/>\ud83e\uddf7 Patogus oversize siluetas<br data-start=\"292\" data-end=\"295\" \/>\ud83e\uddf7 Prakti\u0161kas gobtuvas<br data-start=\"317\" data-end=\"320\" \/>\ud83e\uddf7 Dvi talpios ki\u0161en\u0117s<br data-start=\"342\" data-end=\"345\" \/>\ud83e\uddf7 Rai\u0161teliai apa\u010dioje \u2013 galima reguliuoti siluet\u0105<\/p>\n<p data-start=\"399\" data-end=\"609\" data-is-last-node=\"\" data-is-only-node=\"\"><strong data-start=\"399\" data-end=\"418\">Spalv\u0173 \u012fvairov\u0117<\/strong> leid\u017eia derinti tiek prie klasikini\u0173 d\u017eins\u0173, tiek prie laisvalaikio kelni\u0173 ar sijon\u0173.<br data-start=\"504\" data-end=\"507\" \/>Tiks nuo S iki XL dyd\u017eio m\u0117g\u0117joms \u2013 stilingas, nevar\u017eantis ir mielas pasirinkimas kiekvienai dienai! \ud83c\udf3f<\/p>","protected":false},"featured_media":16600,"comment_status":"open","ping_status":"closed","template":"","meta":{"_uag_custom_page_level_css":"","_monsterinsights_skip_tracking":false,"_monsterinsights_sitenote_active":false,"_monsterinsights_sitenote_note":"","_monsterinsights_sitenote_category":0},"product_brand":[],"product_cat":[124,66,95],"product_tag":[],"class_list":{"0":"post-16445","1":"product","2":"type-product","3":"status-publish","4":"has-post-thumbnail","6":"product_cat-bliuzonai","7":"product_cat-drabuziai","8":"product_cat-naujausi","9":"tm-has-options","11":"first","12":"instock","13":"shipping-taxable","14":"purchasable","15":"product-type-variable"},"yoast_head":"<!-- This site is optimized with the Yoast SEO plugin v27.3 - https:\/\/yoast.com\/product\/yoast-seo-wordpress\/ -->\n<title>Bliuzonas &quot;Summer Bubbles&quot; - MadosKampas.lt<\/title>\n<meta name=\"robots\" content=\"index, follow, max-snippet:-1, max-image-preview:large, max-video-preview:-1\" \/>\n<link rel=\"canonical\" href=\"https:\/\/madoskampas.lt\/et\/product-2\/bliuzonas-summer-bubbles\/\" \/>\n<meta property=\"og:locale\" content=\"et_EE\" \/>\n<meta property=\"og:type\" content=\"article\" \/>\n<meta property=\"og:title\" content=\"Bliuzonas &quot;Summer Bubbles&quot; - MadosKampas.lt\" \/>\n<meta property=\"og:description\" content=\"Lengvas, \u017eaisminga ir be galo jaukus \u2013 \u0161is 100 % medviln\u0117s bliuzonas su mielais ta\u0161keliais yra tobula palydov\u0117 v\u0117sesn\u0117ms vasaros dienoms.\ud83e\uddf7 Patogus oversize siluetas\ud83e\uddf7 Prakti\u0161kas gobtuvas\ud83e\uddf7 Dvi talpios ki\u0161en\u0117s\ud83e\uddf7 Rai\u0161teliai apa\u010dioje \u2013 galima reguliuoti siluet\u0105 Spalv\u0173 \u012fvairov\u0117 leid\u017eia derinti tiek prie klasikini\u0173 d\u017eins\u0173, tiek prie laisvalaikio kelni\u0173 ar sijon\u0173.Tiks nuo S iki XL dyd\u017eio m\u0117g\u0117joms \u2013 stilingas, nevar\u017eantis ir mielas pasirinkimas kiekvienai dienai! \ud83c\udf3f\" \/>\n<meta property=\"og:url\" content=\"https:\/\/madoskampas.lt\/et\/product-2\/bliuzonas-summer-bubbles\/\" \/>\n<meta property=\"og:site_name\" content=\"MadosKampas.lt\" \/>\n<meta property=\"article:modified_time\" content=\"2025-06-13T15:24:30+00:00\" \/>\n<meta property=\"og:image\" content=\"https:\/\/madoskampas.lt\/wp-content\/uploads\/2025\/06\/IMG_6336.jpeg\" \/>\n\t<meta property=\"og:image:width\" content=\"1536\" \/>\n\t<meta property=\"og:image:height\" content=\"2048\" \/>\n\t<meta property=\"og:image:type\" content=\"image\/jpeg\" \/>\n<meta name=\"twitter:card\" content=\"summary_large_image\" \/>\n<meta name=\"twitter:label1\" content=\"Est. reading time\" \/>\n\t<meta name=\"twitter:data1\" content=\"1 minut\" \/>\n<script type=\"application\/ld+json\" class=\"yoast-schema-graph\">{\"@context\":\"https:\\\/\\\/schema.org\",\"@graph\":[{\"@type\":\"WebPage\",\"@id\":\"https:\\\/\\\/madoskampas.lt\\\/produktas\\\/bliuzonas-summer-bubbles\\\/\",\"url\":\"https:\\\/\\\/madoskampas.lt\\\/produktas\\\/bliuzonas-summer-bubbles\\\/\",\"name\":\"Bliuzonas \\\"Summer Bubbles\\\" - MadosKampas.lt\",\"isPartOf\":{\"@id\":\"https:\\\/\\\/madoskampas.lt\\\/#website\"},\"primaryImageOfPage\":{\"@id\":\"https:\\\/\\\/madoskampas.lt\\\/produktas\\\/bliuzonas-summer-bubbles\\\/#primaryimage\"},\"image\":{\"@id\":\"https:\\\/\\\/madoskampas.lt\\\/produktas\\\/bliuzonas-summer-bubbles\\\/#primaryimage\"},\"thumbnailUrl\":\"https:\\\/\\\/madoskampas.lt\\\/wp-content\\\/uploads\\\/2025\\\/06\\\/IMG_6336.jpeg\",\"datePublished\":\"2025-06-08T14:54:30+00:00\",\"dateModified\":\"2025-06-13T15:24:30+00:00\",\"breadcrumb\":{\"@id\":\"https:\\\/\\\/madoskampas.lt\\\/produktas\\\/bliuzonas-summer-bubbles\\\/#breadcrumb\"},\"inLanguage\":\"et\",\"potentialAction\":[{\"@type\":\"ReadAction\",\"target\":[\"https:\\\/\\\/madoskampas.lt\\\/produktas\\\/bliuzonas-summer-bubbles\\\/\"]}]},{\"@type\":\"ImageObject\",\"inLanguage\":\"et\",\"@id\":\"https:\\\/\\\/madoskampas.lt\\\/produktas\\\/bliuzonas-summer-bubbles\\\/#primaryimage\",\"url\":\"https:\\\/\\\/madoskampas.lt\\\/wp-content\\\/uploads\\\/2025\\\/06\\\/IMG_6336.jpeg\",\"contentUrl\":\"https:\\\/\\\/madoskampas.lt\\\/wp-content\\\/uploads\\\/2025\\\/06\\\/IMG_6336.jpeg\",\"width\":1536,\"height\":2048},{\"@type\":\"BreadcrumbList\",\"@id\":\"https:\\\/\\\/madoskampas.lt\\\/produktas\\\/bliuzonas-summer-bubbles\\\/#breadcrumb\",\"itemListElement\":[{\"@type\":\"ListItem\",\"position\":1,\"name\":\"Home\",\"item\":\"https:\\\/\\\/madoskampas.lt\\\/\"},{\"@type\":\"ListItem\",\"position\":2,\"name\":\"Parduotuv\u0117\",\"item\":\"https:\\\/\\\/madoskampas.lt\\\/parduotuve-2\\\/\"},{\"@type\":\"ListItem\",\"position\":3,\"name\":\"Bliuzonas &#8222;Summer Bubbles&#8221;\"}]},{\"@type\":\"WebSite\",\"@id\":\"https:\\\/\\\/madoskampas.lt\\\/#website\",\"url\":\"https:\\\/\\\/madoskampas.lt\\\/\",\"name\":\"MadosKampas.lt\",\"description\":\"Stilingi drabu\u017eiai moterims\",\"potentialAction\":[{\"@type\":\"SearchAction\",\"target\":{\"@type\":\"EntryPoint\",\"urlTemplate\":\"https:\\\/\\\/madoskampas.lt\\\/?s={search_term_string}\"},\"query-input\":{\"@type\":\"PropertyValueSpecification\",\"valueRequired\":true,\"valueName\":\"search_term_string\"}}],\"inLanguage\":\"et\"}]}<\/script>\n<!-- \/ Yoast SEO plugin. -->","yoast_head_json":{"title":"Bliuzonas \"Summer Bubbles\" - MadosKampas.lt","robots":{"index":"index","follow":"follow","max-snippet":"max-snippet:-1","max-image-preview":"max-image-preview:large","max-video-preview":"max-video-preview:-1"},"canonical":"https:\/\/madoskampas.lt\/et\/product-2\/bliuzonas-summer-bubbles\/","og_locale":"et_EE","og_type":"article","og_title":"Bliuzonas \"Summer Bubbles\" - MadosKampas.lt","og_description":"Lengvas, \u017eaisminga ir be galo jaukus \u2013 \u0161is 100 % medviln\u0117s bliuzonas su mielais ta\u0161keliais yra tobula palydov\u0117 v\u0117sesn\u0117ms vasaros dienoms.\ud83e\uddf7 Patogus oversize siluetas\ud83e\uddf7 Prakti\u0161kas gobtuvas\ud83e\uddf7 Dvi talpios ki\u0161en\u0117s\ud83e\uddf7 Rai\u0161teliai apa\u010dioje \u2013 galima reguliuoti siluet\u0105 Spalv\u0173 \u012fvairov\u0117 leid\u017eia derinti tiek prie klasikini\u0173 d\u017eins\u0173, tiek prie laisvalaikio kelni\u0173 ar sijon\u0173.Tiks nuo S iki XL dyd\u017eio m\u0117g\u0117joms \u2013 stilingas, nevar\u017eantis ir mielas pasirinkimas kiekvienai dienai! \ud83c\udf3f","og_url":"https:\/\/madoskampas.lt\/et\/product-2\/bliuzonas-summer-bubbles\/","og_site_name":"MadosKampas.lt","article_modified_time":"2025-06-13T15:24:30+00:00","og_image":[{"width":1536,"height":2048,"url":"https:\/\/madoskampas.lt\/wp-content\/uploads\/2025\/06\/IMG_6336.jpeg","type":"image\/jpeg"}],"twitter_card":"summary_large_image","twitter_misc":{"Est. reading time":"1 minut"},"schema":{"@context":"https:\/\/schema.org","@graph":[{"@type":"WebPage","@id":"https:\/\/madoskampas.lt\/produktas\/bliuzonas-summer-bubbles\/","url":"https:\/\/madoskampas.lt\/produktas\/bliuzonas-summer-bubbles\/","name":"Bliuzonas \"Summer Bubbles\" - MadosKampas.lt","isPartOf":{"@id":"https:\/\/madoskampas.lt\/#website"},"primaryImageOfPage":{"@id":"https:\/\/madoskampas.lt\/produktas\/bliuzonas-summer-bubbles\/#primaryimage"},"image":{"@id":"https:\/\/madoskampas.lt\/produktas\/bliuzonas-summer-bubbles\/#primaryimage"},"thumbnailUrl":"https:\/\/madoskampas.lt\/wp-content\/uploads\/2025\/06\/IMG_6336.jpeg","datePublished":"2025-06-08T14:54:30+00:00","dateModified":"2025-06-13T15:24:30+00:00","breadcrumb":{"@id":"https:\/\/madoskampas.lt\/produktas\/bliuzonas-summer-bubbles\/#breadcrumb"},"inLanguage":"et","potentialAction":[{"@type":"ReadAction","target":["https:\/\/madoskampas.lt\/produktas\/bliuzonas-summer-bubbles\/"]}]},{"@type":"ImageObject","inLanguage":"et","@id":"https:\/\/madoskampas.lt\/produktas\/bliuzonas-summer-bubbles\/#primaryimage","url":"https:\/\/madoskampas.lt\/wp-content\/uploads\/2025\/06\/IMG_6336.jpeg","contentUrl":"https:\/\/madoskampas.lt\/wp-content\/uploads\/2025\/06\/IMG_6336.jpeg","width":1536,"height":2048},{"@type":"BreadcrumbList","@id":"https:\/\/madoskampas.lt\/produktas\/bliuzonas-summer-bubbles\/#breadcrumb","itemListElement":[{"@type":"ListItem","position":1,"name":"Home","item":"https:\/\/madoskampas.lt\/"},{"@type":"ListItem","position":2,"name":"Parduotuv\u0117","item":"https:\/\/madoskampas.lt\/parduotuve-2\/"},{"@type":"ListItem","position":3,"name":"Bliuzonas &#8222;Summer Bubbles&#8221;"}]},{"@type":"WebSite","@id":"https:\/\/madoskampas.lt\/#website","url":"https:\/\/madoskampas.lt\/","name":"FashionKampas.lt","description":"Stiilsed riided naistele","potentialAction":[{"@type":"SearchAction","target":{"@type":"EntryPoint","urlTemplate":"https:\/\/madoskampas.lt\/?s={search_term_string}"},"query-input":{"@type":"PropertyValueSpecification","valueRequired":true,"valueName":"search_term_string"}}],"inLanguage":"et"}]}},"uagb_featured_image_src":{"full":["https:\/\/madoskampas.lt\/wp-content\/uploads\/2025\/06\/IMG_6336.jpeg",1536,2048,false],"thumbnail":["https:\/\/madoskampas.lt\/wp-content\/uploads\/2025\/06\/IMG_6336-150x150.jpeg",150,150,true],"medium":["https:\/\/madoskampas.lt\/wp-content\/uploads\/2025\/06\/IMG_6336-225x300.jpeg",225,300,true],"medium_large":["https:\/\/madoskampas.lt\/wp-content\/uploads\/2025\/06\/IMG_6336-768x1024.jpeg",768,1024,true],"large":["https:\/\/madoskampas.lt\/wp-content\/uploads\/2025\/06\/IMG_6336-768x1024.jpeg",768,1024,true],"1536x1536":["https:\/\/madoskampas.lt\/wp-content\/uploads\/2025\/06\/IMG_6336-1152x1536.jpeg",1152,1536,true],"2048x2048":["https:\/\/madoskampas.lt\/wp-content\/uploads\/2025\/06\/IMG_6336.jpeg",1536,2048,false],"trp-custom-language-flag":["https:\/\/madoskampas.lt\/wp-content\/uploads\/2025\/06\/IMG_6336.jpeg",9,12,false],"nova-image-square":["https:\/\/madoskampas.lt\/wp-content\/uploads\/2025\/06\/IMG_6336-1100x1100.jpeg",1100,1100,true],"mixtas-product-03":["https:\/\/madoskampas.lt\/wp-content\/uploads\/2025\/06\/IMG_6336-600x345.jpeg",600,345,true],"woocommerce_thumbnail":["https:\/\/madoskampas.lt\/wp-content\/uploads\/2025\/06\/IMG_6336-700x700.jpeg",700,700,true],"woocommerce_single":["https:\/\/madoskampas.lt\/wp-content\/uploads\/2025\/06\/IMG_6336-1000x1333.jpeg",1000,1333,true],"woocommerce_gallery_thumbnail":["https:\/\/madoskampas.lt\/wp-content\/uploads\/2025\/06\/IMG_6336-250x250.jpeg",250,250,true],"variation_swatches_image_size":["https:\/\/madoskampas.lt\/wp-content\/uploads\/2025\/06\/IMG_6336-50x50.jpeg",50,50,true],"variation_swatches_tooltip_size":["https:\/\/madoskampas.lt\/wp-content\/uploads\/2025\/06\/IMG_6336-100x100.jpeg",100,100,true]},"uagb_author_info":{"display_name":"algirdasbart","author_link":"https:\/\/madoskampas.lt\/et\/author\/"},"uagb_comment_info":0,"uagb_excerpt":"Lengvas, \u017eaisminga ir be galo jaukus \u2013 \u0161is 100 % medviln\u0117s bliuzonas su mielais ta\u0161keliais yra tobula palydov\u0117 v\u0117sesn\u0117ms vasaros dienoms.\ud83e\uddf7 Patogus oversize siluetas\ud83e\uddf7 Prakti\u0161kas gobtuvas\ud83e\uddf7 Dvi talpios ki\u0161en\u0117s\ud83e\uddf7 Rai\u0161teliai apa\u010dioje \u2013 galima reguliuoti siluet\u0105 Spalv\u0173 \u012fvairov\u0117 leid\u017eia derinti tiek prie klasikini\u0173 d\u017eins\u0173, tiek prie laisvalaikio kelni\u0173 ar sijon\u0173.Tiks nuo S iki XL dyd\u017eio m\u0117g\u0117joms&hellip;","jetpack_sharing_enabled":true,"_links":{"self":[{"href":"https:\/\/madoskampas.lt\/et\/wp-json\/wp\/v2\/product\/16445","targetHints":{"allow":["GET"]}}],"collection":[{"href":"https:\/\/madoskampas.lt\/et\/wp-json\/wp\/v2\/product"}],"about":[{"href":"https:\/\/madoskampas.lt\/et\/wp-json\/wp\/v2\/types\/product"}],"replies":[{"embeddable":true,"href":"https:\/\/madoskampas.lt\/et\/wp-json\/wp\/v2\/comments?post=16445"}],"wp:featuredmedia":[{"embeddable":true,"href":"https:\/\/madoskampas.lt\/et\/wp-json\/wp\/v2\/media\/16600"}],"wp:attachment":[{"href":"https:\/\/madoskampas.lt\/et\/wp-json\/wp\/v2\/media?parent=16445"}],"wp:term":[{"taxonomy":"product_brand","embeddable":true,"href":"https:\/\/madoskampas.lt\/et\/wp-json\/wp\/v2\/product_brand?post=16445"},{"taxonomy":"product_cat","embeddable":true,"href":"https:\/\/madoskampas.lt\/et\/wp-json\/wp\/v2\/product_cat?post=16445"},{"taxonomy":"product_tag","embeddable":true,"href":"https:\/\/madoskampas.lt\/et\/wp-json\/wp\/v2\/product_tag?post=16445"}],"curies":[{"name":"wp","href":"https:\/\/api.w.org\/{rel}","templated":true}]}}