{"id":16766,"date":"2025-06-17T16:28:46","date_gmt":"2025-06-17T16:28:46","guid":{"rendered":"https:\/\/madoskampas.lt\/?post_type=product&#038;p=16766"},"modified":"2026-02-27T14:22:26","modified_gmt":"2026-02-27T14:22:26","slug":"vasaros-megztinis-luna-mohair","status":"publish","type":"product","link":"https:\/\/madoskampas.lt\/et\/product-2\/vasaros-megztinis-luna-mohair\/","title":{"rendered":"\u201eKampsun \u201cLuna Mohair\""},"content":{"rendered":"<p>\u0160velnumas, kuris palieka \u012fsp\u016bd\u012f. <em data-start=\"300\" data-end=\"315\">\u201eLuna Mohair\u201c<\/em> \u2013 tai eleganti\u0161kas megztinis su \u00be rankov\u0117mis, pagamintas i\u0161 i\u0161skirtinio 70 % <strong data-start=\"393\" data-end=\"407\">Kid Mohair<\/strong> ir 30 % poliamido derinio.<\/p>","protected":false},"excerpt":{"rendered":"<p data-start=\"267\" data-end=\"571\">\u0160velnumas, kuris palieka \u012fsp\u016bd\u012f. <em data-start=\"300\" data-end=\"315\">\u201eLuna Mohair\u201c<\/em> \u2013 tai eleganti\u0161kas megztinis su \u00be rankov\u0117mis, pagamintas i\u0161 i\u0161skirtinio 70 % <strong data-start=\"393\" data-end=\"407\">Kid Mohair<\/strong> ir 30 % poliamido derinio.<br data-start=\"434\" data-end=\"437\" \/>Audinys maloniai glunda prie odos, yra lengvas, bet kartu \u0161ildo.<\/p>\n<p data-start=\"573\" data-end=\"820\">Subtili forma, dailus kritimas ir rankovi\u0173 ilgis suteikia laisv\u0117s derinant \u2013 nuo romanti\u0161kos suknel\u0117s iki klasikini\u0173 kelni\u0173.<br data-start=\"697\" data-end=\"700\" \/>\u2714\ufe0f Pikkus - 60 cm<br data-start=\"716\" data-end=\"719\" \/>\u2714\ufe0f Per kr\u016btin\u0119 \u2013 52 cm<br data-start=\"741\" data-end=\"744\" \/>\u2714\ufe0f Tinka dyd\u017eiams nuo S iki L<br data-start=\"773\" data-end=\"776\" \/>\u2714\ufe0f Audinys: 70 % Kid Mohair, 30 % poliamidas<\/p>","protected":false},"featured_media":17129,"comment_status":"open","ping_status":"closed","template":"","meta":{"_uag_custom_page_level_css":"","_monsterinsights_skip_tracking":false,"_monsterinsights_sitenote_active":false,"_monsterinsights_sitenote_note":"","_monsterinsights_sitenote_category":0},"product_brand":[],"product_cat":[66,73,95,96],"product_tag":[],"class_list":{"0":"post-16766","1":"product","2":"type-product","3":"status-publish","4":"has-post-thumbnail","6":"product_cat-drabuziai","7":"product_cat-megztiniai","8":"product_cat-naujausi","9":"product_cat-populiariausi","10":"tm-has-options","12":"first","13":"instock","14":"sale","15":"shipping-taxable","16":"purchasable","17":"product-type-variable","18":"has-default-attributes"},"yoast_head":"<!-- This site is optimized with the Yoast SEO plugin v27.3 - https:\/\/yoast.com\/product\/yoast-seo-wordpress\/ -->\n<title>\u201eLuna Mohair\u201c megztinis - MadosKampas.lt<\/title>\n<meta name=\"robots\" content=\"index, follow, max-snippet:-1, max-image-preview:large, max-video-preview:-1\" \/>\n<link rel=\"canonical\" href=\"https:\/\/madoskampas.lt\/et\/product-2\/vasaros-megztinis-luna-mohair\/\" \/>\n<meta property=\"og:locale\" content=\"et_EE\" \/>\n<meta property=\"og:type\" content=\"article\" \/>\n<meta property=\"og:title\" content=\"\u201eLuna Mohair\u201c megztinis - MadosKampas.lt\" \/>\n<meta property=\"og:description\" content=\"\u0160velnumas, kuris palieka \u012fsp\u016bd\u012f. \u201eLuna Mohair\u201c \u2013 tai eleganti\u0161kas megztinis su \u00be rankov\u0117mis, pagamintas i\u0161 i\u0161skirtinio 70 % Kid Mohair ir 30 % poliamido derinio.Audinys maloniai glunda prie odos, yra lengvas, bet kartu \u0161ildo. Subtili forma, dailus kritimas ir rankovi\u0173 ilgis suteikia laisv\u0117s derinant \u2013 nuo romanti\u0161kos suknel\u0117s iki klasikini\u0173 kelni\u0173.\u2714\ufe0f Ilgis \u2013 60 cm\u2714\ufe0f Per kr\u016btin\u0119 \u2013 52 cm\u2714\ufe0f Tinka dyd\u017eiams nuo S iki L\u2714\ufe0f Audinys: 70 % Kid Mohair, 30 % poliamidas\" \/>\n<meta property=\"og:url\" content=\"https:\/\/madoskampas.lt\/et\/product-2\/vasaros-megztinis-luna-mohair\/\" \/>\n<meta property=\"og:site_name\" content=\"MadosKampas.lt\" \/>\n<meta property=\"article:modified_time\" content=\"2026-02-27T14:22:26+00:00\" \/>\n<meta property=\"og:image\" content=\"https:\/\/madoskampas.lt\/wp-content\/uploads\/2025\/06\/img_8253-4-scaled.jpeg\" \/>\n\t<meta property=\"og:image:width\" content=\"1920\" \/>\n\t<meta property=\"og:image:height\" content=\"2560\" \/>\n\t<meta property=\"og:image:type\" content=\"image\/jpeg\" \/>\n<meta name=\"twitter:card\" content=\"summary_large_image\" \/>\n<meta name=\"twitter:label1\" content=\"Est. reading time\" \/>\n\t<meta name=\"twitter:data1\" content=\"1 minut\" \/>\n<script type=\"application\/ld+json\" class=\"yoast-schema-graph\">{\"@context\":\"https:\\\/\\\/schema.org\",\"@graph\":[{\"@type\":\"WebPage\",\"@id\":\"https:\\\/\\\/madoskampas.lt\\\/produktas\\\/vasaros-megztinis-luna-mohair\\\/\",\"url\":\"https:\\\/\\\/madoskampas.lt\\\/produktas\\\/vasaros-megztinis-luna-mohair\\\/\",\"name\":\"\u201eLuna Mohair\u201c megztinis - MadosKampas.lt\",\"isPartOf\":{\"@id\":\"https:\\\/\\\/madoskampas.lt\\\/#website\"},\"primaryImageOfPage\":{\"@id\":\"https:\\\/\\\/madoskampas.lt\\\/produktas\\\/vasaros-megztinis-luna-mohair\\\/#primaryimage\"},\"image\":{\"@id\":\"https:\\\/\\\/madoskampas.lt\\\/produktas\\\/vasaros-megztinis-luna-mohair\\\/#primaryimage\"},\"thumbnailUrl\":\"https:\\\/\\\/madoskampas.lt\\\/wp-content\\\/uploads\\\/2025\\\/06\\\/img_8253-4-scaled.jpeg\",\"datePublished\":\"2025-06-17T16:28:46+00:00\",\"dateModified\":\"2026-02-27T14:22:26+00:00\",\"breadcrumb\":{\"@id\":\"https:\\\/\\\/madoskampas.lt\\\/produktas\\\/vasaros-megztinis-luna-mohair\\\/#breadcrumb\"},\"inLanguage\":\"et\",\"potentialAction\":[{\"@type\":\"ReadAction\",\"target\":[\"https:\\\/\\\/madoskampas.lt\\\/produktas\\\/vasaros-megztinis-luna-mohair\\\/\"]}]},{\"@type\":\"ImageObject\",\"inLanguage\":\"et\",\"@id\":\"https:\\\/\\\/madoskampas.lt\\\/produktas\\\/vasaros-megztinis-luna-mohair\\\/#primaryimage\",\"url\":\"https:\\\/\\\/madoskampas.lt\\\/wp-content\\\/uploads\\\/2025\\\/06\\\/img_8253-4-scaled.jpeg\",\"contentUrl\":\"https:\\\/\\\/madoskampas.lt\\\/wp-content\\\/uploads\\\/2025\\\/06\\\/img_8253-4-scaled.jpeg\",\"width\":1920,\"height\":2560},{\"@type\":\"BreadcrumbList\",\"@id\":\"https:\\\/\\\/madoskampas.lt\\\/produktas\\\/vasaros-megztinis-luna-mohair\\\/#breadcrumb\",\"itemListElement\":[{\"@type\":\"ListItem\",\"position\":1,\"name\":\"Home\",\"item\":\"https:\\\/\\\/madoskampas.lt\\\/\"},{\"@type\":\"ListItem\",\"position\":2,\"name\":\"Parduotuv\u0117\",\"item\":\"https:\\\/\\\/madoskampas.lt\\\/parduotuve-2\\\/\"},{\"@type\":\"ListItem\",\"position\":3,\"name\":\"\u201eLuna Mohair\u201c megztinis\"}]},{\"@type\":\"WebSite\",\"@id\":\"https:\\\/\\\/madoskampas.lt\\\/#website\",\"url\":\"https:\\\/\\\/madoskampas.lt\\\/\",\"name\":\"MadosKampas.lt\",\"description\":\"Stilingi drabu\u017eiai moterims\",\"potentialAction\":[{\"@type\":\"SearchAction\",\"target\":{\"@type\":\"EntryPoint\",\"urlTemplate\":\"https:\\\/\\\/madoskampas.lt\\\/?s={search_term_string}\"},\"query-input\":{\"@type\":\"PropertyValueSpecification\",\"valueRequired\":true,\"valueName\":\"search_term_string\"}}],\"inLanguage\":\"et\"}]}<\/script>\n<!-- \/ Yoast SEO plugin. -->","yoast_head_json":{"title":"\u201eLuna Mohair\u201c megztinis - MadosKampas.lt","robots":{"index":"index","follow":"follow","max-snippet":"max-snippet:-1","max-image-preview":"max-image-preview:large","max-video-preview":"max-video-preview:-1"},"canonical":"https:\/\/madoskampas.lt\/et\/product-2\/vasaros-megztinis-luna-mohair\/","og_locale":"et_EE","og_type":"article","og_title":"\u201eLuna Mohair\u201c megztinis - MadosKampas.lt","og_description":"\u0160velnumas, kuris palieka \u012fsp\u016bd\u012f. \u201eLuna Mohair\u201c \u2013 tai eleganti\u0161kas megztinis su \u00be rankov\u0117mis, pagamintas i\u0161 i\u0161skirtinio 70 % Kid Mohair ir 30 % poliamido derinio.Audinys maloniai glunda prie odos, yra lengvas, bet kartu \u0161ildo. Subtili forma, dailus kritimas ir rankovi\u0173 ilgis suteikia laisv\u0117s derinant \u2013 nuo romanti\u0161kos suknel\u0117s iki klasikini\u0173 kelni\u0173.\u2714\ufe0f Ilgis \u2013 60 cm\u2714\ufe0f Per kr\u016btin\u0119 \u2013 52 cm\u2714\ufe0f Tinka dyd\u017eiams nuo S iki L\u2714\ufe0f Audinys: 70 % Kid Mohair, 30 % poliamidas","og_url":"https:\/\/madoskampas.lt\/et\/product-2\/vasaros-megztinis-luna-mohair\/","og_site_name":"MadosKampas.lt","article_modified_time":"2026-02-27T14:22:26+00:00","og_image":[{"width":1920,"height":2560,"url":"https:\/\/madoskampas.lt\/wp-content\/uploads\/2025\/06\/img_8253-4-scaled.jpeg","type":"image\/jpeg"}],"twitter_card":"summary_large_image","twitter_misc":{"Est. reading time":"1 minut"},"schema":{"@context":"https:\/\/schema.org","@graph":[{"@type":"WebPage","@id":"https:\/\/madoskampas.lt\/produktas\/vasaros-megztinis-luna-mohair\/","url":"https:\/\/madoskampas.lt\/produktas\/vasaros-megztinis-luna-mohair\/","name":"\u201eLuna Mohair\u201c megztinis - MadosKampas.lt","isPartOf":{"@id":"https:\/\/madoskampas.lt\/#website"},"primaryImageOfPage":{"@id":"https:\/\/madoskampas.lt\/produktas\/vasaros-megztinis-luna-mohair\/#primaryimage"},"image":{"@id":"https:\/\/madoskampas.lt\/produktas\/vasaros-megztinis-luna-mohair\/#primaryimage"},"thumbnailUrl":"https:\/\/madoskampas.lt\/wp-content\/uploads\/2025\/06\/img_8253-4-scaled.jpeg","datePublished":"2025-06-17T16:28:46+00:00","dateModified":"2026-02-27T14:22:26+00:00","breadcrumb":{"@id":"https:\/\/madoskampas.lt\/produktas\/vasaros-megztinis-luna-mohair\/#breadcrumb"},"inLanguage":"et","potentialAction":[{"@type":"ReadAction","target":["https:\/\/madoskampas.lt\/produktas\/vasaros-megztinis-luna-mohair\/"]}]},{"@type":"ImageObject","inLanguage":"et","@id":"https:\/\/madoskampas.lt\/produktas\/vasaros-megztinis-luna-mohair\/#primaryimage","url":"https:\/\/madoskampas.lt\/wp-content\/uploads\/2025\/06\/img_8253-4-scaled.jpeg","contentUrl":"https:\/\/madoskampas.lt\/wp-content\/uploads\/2025\/06\/img_8253-4-scaled.jpeg","width":1920,"height":2560},{"@type":"BreadcrumbList","@id":"https:\/\/madoskampas.lt\/produktas\/vasaros-megztinis-luna-mohair\/#breadcrumb","itemListElement":[{"@type":"ListItem","position":1,"name":"Home","item":"https:\/\/madoskampas.lt\/"},{"@type":"ListItem","position":2,"name":"Parduotuv\u0117","item":"https:\/\/madoskampas.lt\/parduotuve-2\/"},{"@type":"ListItem","position":3,"name":"\u201eLuna Mohair\u201c megztinis"}]},{"@type":"WebSite","@id":"https:\/\/madoskampas.lt\/#website","url":"https:\/\/madoskampas.lt\/","name":"FashionKampas.lt","description":"Stiilsed riided naistele","potentialAction":[{"@type":"SearchAction","target":{"@type":"EntryPoint","urlTemplate":"https:\/\/madoskampas.lt\/?s={search_term_string}"},"query-input":{"@type":"PropertyValueSpecification","valueRequired":true,"valueName":"search_term_string"}}],"inLanguage":"et"}]}},"uagb_featured_image_src":{"full":["https:\/\/madoskampas.lt\/wp-content\/uploads\/2025\/06\/img_8253-4-scaled.jpeg",1920,2560,false],"thumbnail":["https:\/\/madoskampas.lt\/wp-content\/uploads\/2025\/06\/img_8253-4-150x150.jpeg",150,150,true],"medium":["https:\/\/madoskampas.lt\/wp-content\/uploads\/2025\/06\/img_8253-4-225x300.jpeg",225,300,true],"medium_large":["https:\/\/madoskampas.lt\/wp-content\/uploads\/2025\/06\/img_8253-4-768x1024.jpeg",768,1024,true],"large":["https:\/\/madoskampas.lt\/wp-content\/uploads\/2025\/06\/img_8253-4-768x1024.jpeg",768,1024,true],"1536x1536":["https:\/\/madoskampas.lt\/wp-content\/uploads\/2025\/06\/img_8253-4-1152x1536.jpeg",1152,1536,true],"2048x2048":["https:\/\/madoskampas.lt\/wp-content\/uploads\/2025\/06\/img_8253-4-1536x2048.jpeg",1536,2048,true],"trp-custom-language-flag":["https:\/\/madoskampas.lt\/wp-content\/uploads\/2025\/06\/img_8253-4-scaled.jpeg",9,12,false],"nova-image-square":["https:\/\/madoskampas.lt\/wp-content\/uploads\/2025\/06\/img_8253-4-1100x1100.jpeg",1100,1100,true],"mixtas-product-03":["https:\/\/madoskampas.lt\/wp-content\/uploads\/2025\/06\/img_8253-4-600x345.jpeg",600,345,true],"woocommerce_thumbnail":["https:\/\/madoskampas.lt\/wp-content\/uploads\/2025\/06\/img_8253-4-700x700.jpeg",700,700,true],"woocommerce_single":["https:\/\/madoskampas.lt\/wp-content\/uploads\/2025\/06\/img_8253-4-1000x1333.jpeg",1000,1333,true],"woocommerce_gallery_thumbnail":["https:\/\/madoskampas.lt\/wp-content\/uploads\/2025\/06\/img_8253-4-250x250.jpeg",250,250,true],"variation_swatches_image_size":["https:\/\/madoskampas.lt\/wp-content\/uploads\/2025\/06\/img_8253-4-50x50.jpeg",50,50,true],"variation_swatches_tooltip_size":["https:\/\/madoskampas.lt\/wp-content\/uploads\/2025\/06\/img_8253-4-100x100.jpeg",100,100,true]},"uagb_author_info":{"display_name":"algirdasbart","author_link":"https:\/\/madoskampas.lt\/et\/author\/"},"uagb_comment_info":3,"uagb_excerpt":"\u0160velnumas, kuris palieka \u012fsp\u016bd\u012f. \u201eLuna Mohair\u201c \u2013 tai eleganti\u0161kas megztinis su \u00be rankov\u0117mis, pagamintas i\u0161 i\u0161skirtinio 70 % Kid Mohair ir 30 % poliamido derinio.Audinys maloniai glunda prie odos, yra lengvas, bet kartu \u0161ildo. Subtili forma, dailus kritimas ir rankovi\u0173 ilgis suteikia laisv\u0117s derinant \u2013 nuo romanti\u0161kos suknel\u0117s iki klasikini\u0173 kelni\u0173.\u2714\ufe0f Ilgis \u2013 60 cm\u2714\ufe0f&hellip;","jetpack_sharing_enabled":true,"_links":{"self":[{"href":"https:\/\/madoskampas.lt\/et\/wp-json\/wp\/v2\/product\/16766","targetHints":{"allow":["GET"]}}],"collection":[{"href":"https:\/\/madoskampas.lt\/et\/wp-json\/wp\/v2\/product"}],"about":[{"href":"https:\/\/madoskampas.lt\/et\/wp-json\/wp\/v2\/types\/product"}],"replies":[{"embeddable":true,"href":"https:\/\/madoskampas.lt\/et\/wp-json\/wp\/v2\/comments?post=16766"}],"wp:featuredmedia":[{"embeddable":true,"href":"https:\/\/madoskampas.lt\/et\/wp-json\/wp\/v2\/media\/17129"}],"wp:attachment":[{"href":"https:\/\/madoskampas.lt\/et\/wp-json\/wp\/v2\/media?parent=16766"}],"wp:term":[{"taxonomy":"product_brand","embeddable":true,"href":"https:\/\/madoskampas.lt\/et\/wp-json\/wp\/v2\/product_brand?post=16766"},{"taxonomy":"product_cat","embeddable":true,"href":"https:\/\/madoskampas.lt\/et\/wp-json\/wp\/v2\/product_cat?post=16766"},{"taxonomy":"product_tag","embeddable":true,"href":"https:\/\/madoskampas.lt\/et\/wp-json\/wp\/v2\/product_tag?post=16766"}],"curies":[{"name":"wp","href":"https:\/\/api.w.org\/{rel}","templated":true}]}}