{"id":17587,"date":"2025-07-10T20:41:12","date_gmt":"2025-07-10T20:41:12","guid":{"rendered":"https:\/\/madoskampas.lt\/?post_type=product&#038;p=17587"},"modified":"2026-03-31T12:57:52","modified_gmt":"2026-03-31T12:57:52","slug":"liemene-soft-shield-lengvumas","status":"publish","type":"product","link":"https:\/\/madoskampas.lt\/et\/product-2\/liemene-soft-shield-lengvumas\/","title":{"rendered":"Soft Shield vest - kergus"},"content":{"rendered":"<p data-start=\"135\" data-end=\"398\">Kai oras tampa gaivesnis, \u0161i liemen\u0117 tampa tavo geriausiu s\u0105jungininku.<br data-start=\"206\" data-end=\"209\" \/><strong data-start=\"209\" data-end=\"230\">Lengva, bet \u0161ilta<\/strong>, su <strong data-start=\"235\" data-end=\"257\">100\u202f% p\u016bko u\u017epildu<\/strong>, ji neapsunkina, bet \u0161velniai apgaubia.<br data-start=\"297\" data-end=\"300\" \/>Gilios ki\u0161en\u0117s, prakti\u0161kas u\u017etrauktukas ir nepriekai\u0161tingas siluetas \u2013 kiekviena detal\u0117 apgalvota.<\/p>\n<p data-start=\"400\" data-end=\"533\">Tobula tiek miestui, tiek savaitgalio i\u0161vykai.<br data-start=\"446\" data-end=\"449\" \/>Derink su megztuku, mar\u0161kiniais ar net lengva suknele \u2013 rezultatas visada stilingas.<\/p>\n<p data-start=\"535\" data-end=\"619\">\u2714\ufe0f Pikkus - 60 cm<br data-start=\"551\" data-end=\"554\" \/>\u2714\ufe0f Per kr\u016btin\u0119 \u2013 59 cm<br data-start=\"576\" data-end=\"579\" \/>\u2714\ufe0f Klubai \u2013 54 cm<br data-start=\"596\" data-end=\"599\" \/>\u2714\ufe0f Tinka nuo M iki XL<\/p>\n<p class=\"\" data-start=\"999\" data-end=\"1102\"><strong data-start=\"999\" data-end=\"1011\">Koostis:<\/strong><br data-start=\"1011\" data-end=\"1014\" \/>I\u0161or\u0117 \u2013 100 % poliesteris<br data-start=\"1039\" data-end=\"1042\" \/>U\u017epildas \u2013 p\u016bkas + plunksnos<br data-start=\"1070\" data-end=\"1073\" \/>Pamu\u0161alas \u2013 100 % poliesteris<\/p>\n<p class=\"\" data-start=\"1111\" data-end=\"1157\">\ud83c\udf2c\ufe0f <strong data-start=\"1115\" data-end=\"1157\">\u0160iluma be svorio. Stilius be pastang\u0173.<\/strong><\/p>","protected":false},"excerpt":{"rendered":"<p>Kai oras tampa gaivesnis, \u0161i liemen\u0117 tampa tavo geriausiu s\u0105jungininku.<br data-start=\"206\" data-end=\"209\" \/><strong data-start=\"209\" data-end=\"230\">Lengva, bet \u0161ilta<\/strong>, su <strong data-start=\"235\" data-end=\"257\">100\u202f% p\u016bko u\u017epildu<\/strong>, ji neapsunkina, bet \u0161velniai apgaubia.<br data-start=\"297\" data-end=\"300\" \/>Gilios ki\u0161en\u0117s, prakti\u0161kas u\u017etrauktukas ir nepriekai\u0161tingas siluetas \u2013 kiekviena detal\u0117 apgalvota.<\/p>","protected":false},"featured_media":17864,"comment_status":"open","ping_status":"closed","template":"","meta":{"_uag_custom_page_level_css":"","_monsterinsights_skip_tracking":false,"_monsterinsights_sitenote_active":false,"_monsterinsights_sitenote_note":"","_monsterinsights_sitenote_category":0},"product_brand":[],"product_cat":[66,71,95,96],"product_tag":[],"class_list":{"0":"post-17587","1":"product","2":"type-product","3":"status-publish","4":"has-post-thumbnail","6":"product_cat-drabuziai","7":"product_cat-liemenes","8":"product_cat-naujausi","9":"product_cat-populiariausi","10":"tm-has-options","12":"first","13":"instock","14":"shipping-taxable","15":"purchasable","16":"product-type-variable"},"yoast_head":"<!-- This site is optimized with the Yoast SEO plugin v27.3 - https:\/\/yoast.com\/product\/yoast-seo-wordpress\/ -->\n<title>Liemen\u0117 \u201eSoft Shield\u201c \u2013 lengvumas - MadosKampas.lt<\/title>\n<meta name=\"robots\" content=\"index, follow, max-snippet:-1, max-image-preview:large, max-video-preview:-1\" \/>\n<link rel=\"canonical\" href=\"https:\/\/madoskampas.lt\/et\/product-2\/liemene-soft-shield-lengvumas\/\" \/>\n<meta property=\"og:locale\" content=\"et_EE\" \/>\n<meta property=\"og:type\" content=\"article\" \/>\n<meta property=\"og:title\" content=\"Liemen\u0117 \u201eSoft Shield\u201c \u2013 lengvumas - MadosKampas.lt\" \/>\n<meta property=\"og:description\" content=\"Kai oras tampa gaivesnis, \u0161i liemen\u0117 tampa tavo geriausiu s\u0105jungininku.Lengva, bet \u0161ilta, su 100\u202f% p\u016bko u\u017epildu, ji neapsunkina, bet \u0161velniai apgaubia.Gilios ki\u0161en\u0117s, prakti\u0161kas u\u017etrauktukas ir nepriekai\u0161tingas siluetas \u2013 kiekviena detal\u0117 apgalvota.\" \/>\n<meta property=\"og:url\" content=\"https:\/\/madoskampas.lt\/et\/product-2\/liemene-soft-shield-lengvumas\/\" \/>\n<meta property=\"og:site_name\" content=\"MadosKampas.lt\" \/>\n<meta property=\"article:modified_time\" content=\"2026-03-31T12:57:52+00:00\" \/>\n<meta property=\"og:image\" content=\"https:\/\/madoskampas.lt\/wp-content\/uploads\/2025\/07\/IMG_9552.jpeg\" \/>\n\t<meta property=\"og:image:width\" content=\"1536\" \/>\n\t<meta property=\"og:image:height\" content=\"2048\" \/>\n\t<meta property=\"og:image:type\" content=\"image\/jpeg\" \/>\n<meta name=\"twitter:card\" content=\"summary_large_image\" \/>\n<meta name=\"twitter:label1\" content=\"Est. reading time\" \/>\n\t<meta name=\"twitter:data1\" content=\"1 minut\" \/>\n<script type=\"application\/ld+json\" class=\"yoast-schema-graph\">{\"@context\":\"https:\\\/\\\/schema.org\",\"@graph\":[{\"@type\":\"WebPage\",\"@id\":\"https:\\\/\\\/madoskampas.lt\\\/produktas\\\/liemene-soft-shield-lengvumas\\\/\",\"url\":\"https:\\\/\\\/madoskampas.lt\\\/produktas\\\/liemene-soft-shield-lengvumas\\\/\",\"name\":\"Liemen\u0117 \u201eSoft Shield\u201c \u2013 lengvumas - MadosKampas.lt\",\"isPartOf\":{\"@id\":\"https:\\\/\\\/madoskampas.lt\\\/#website\"},\"primaryImageOfPage\":{\"@id\":\"https:\\\/\\\/madoskampas.lt\\\/produktas\\\/liemene-soft-shield-lengvumas\\\/#primaryimage\"},\"image\":{\"@id\":\"https:\\\/\\\/madoskampas.lt\\\/produktas\\\/liemene-soft-shield-lengvumas\\\/#primaryimage\"},\"thumbnailUrl\":\"https:\\\/\\\/madoskampas.lt\\\/wp-content\\\/uploads\\\/2025\\\/07\\\/img_0624-scaled.jpeg\",\"datePublished\":\"2025-07-10T20:41:12+00:00\",\"dateModified\":\"2026-03-31T12:57:52+00:00\",\"breadcrumb\":{\"@id\":\"https:\\\/\\\/madoskampas.lt\\\/produktas\\\/liemene-soft-shield-lengvumas\\\/#breadcrumb\"},\"inLanguage\":\"et\",\"potentialAction\":[{\"@type\":\"ReadAction\",\"target\":[\"https:\\\/\\\/madoskampas.lt\\\/produktas\\\/liemene-soft-shield-lengvumas\\\/\"]}]},{\"@type\":\"ImageObject\",\"inLanguage\":\"et\",\"@id\":\"https:\\\/\\\/madoskampas.lt\\\/produktas\\\/liemene-soft-shield-lengvumas\\\/#primaryimage\",\"url\":\"https:\\\/\\\/madoskampas.lt\\\/wp-content\\\/uploads\\\/2025\\\/07\\\/img_0624-scaled.jpeg\",\"contentUrl\":\"https:\\\/\\\/madoskampas.lt\\\/wp-content\\\/uploads\\\/2025\\\/07\\\/img_0624-scaled.jpeg\",\"width\":1920,\"height\":2560},{\"@type\":\"BreadcrumbList\",\"@id\":\"https:\\\/\\\/madoskampas.lt\\\/produktas\\\/liemene-soft-shield-lengvumas\\\/#breadcrumb\",\"itemListElement\":[{\"@type\":\"ListItem\",\"position\":1,\"name\":\"Home\",\"item\":\"https:\\\/\\\/madoskampas.lt\\\/\"},{\"@type\":\"ListItem\",\"position\":2,\"name\":\"Parduotuv\u0117\",\"item\":\"https:\\\/\\\/madoskampas.lt\\\/parduotuve-2\\\/\"},{\"@type\":\"ListItem\",\"position\":3,\"name\":\"Liemen\u0117 \u201eSoft Shield\u201c \u2013 lengvumas\"}]},{\"@type\":\"WebSite\",\"@id\":\"https:\\\/\\\/madoskampas.lt\\\/#website\",\"url\":\"https:\\\/\\\/madoskampas.lt\\\/\",\"name\":\"MadosKampas.lt\",\"description\":\"Stilingi drabu\u017eiai moterims\",\"potentialAction\":[{\"@type\":\"SearchAction\",\"target\":{\"@type\":\"EntryPoint\",\"urlTemplate\":\"https:\\\/\\\/madoskampas.lt\\\/?s={search_term_string}\"},\"query-input\":{\"@type\":\"PropertyValueSpecification\",\"valueRequired\":true,\"valueName\":\"search_term_string\"}}],\"inLanguage\":\"et\"}]}<\/script>\n<!-- \/ Yoast SEO plugin. -->","yoast_head_json":{"title":"Liemen\u0117 \u201eSoft Shield\u201c \u2013 lengvumas - MadosKampas.lt","robots":{"index":"index","follow":"follow","max-snippet":"max-snippet:-1","max-image-preview":"max-image-preview:large","max-video-preview":"max-video-preview:-1"},"canonical":"https:\/\/madoskampas.lt\/et\/product-2\/liemene-soft-shield-lengvumas\/","og_locale":"et_EE","og_type":"article","og_title":"Liemen\u0117 \u201eSoft Shield\u201c \u2013 lengvumas - MadosKampas.lt","og_description":"Kai oras tampa gaivesnis, \u0161i liemen\u0117 tampa tavo geriausiu s\u0105jungininku.Lengva, bet \u0161ilta, su 100\u202f% p\u016bko u\u017epildu, ji neapsunkina, bet \u0161velniai apgaubia.Gilios ki\u0161en\u0117s, prakti\u0161kas u\u017etrauktukas ir nepriekai\u0161tingas siluetas \u2013 kiekviena detal\u0117 apgalvota.","og_url":"https:\/\/madoskampas.lt\/et\/product-2\/liemene-soft-shield-lengvumas\/","og_site_name":"MadosKampas.lt","article_modified_time":"2026-03-31T12:57:52+00:00","og_image":[{"width":1536,"height":2048,"url":"https:\/\/madoskampas.lt\/wp-content\/uploads\/2025\/07\/IMG_9552.jpeg","type":"image\/jpeg"}],"twitter_card":"summary_large_image","twitter_misc":{"Est. reading time":"1 minut"},"schema":{"@context":"https:\/\/schema.org","@graph":[{"@type":"WebPage","@id":"https:\/\/madoskampas.lt\/produktas\/liemene-soft-shield-lengvumas\/","url":"https:\/\/madoskampas.lt\/produktas\/liemene-soft-shield-lengvumas\/","name":"Liemen\u0117 \u201eSoft Shield\u201c \u2013 lengvumas - MadosKampas.lt","isPartOf":{"@id":"https:\/\/madoskampas.lt\/#website"},"primaryImageOfPage":{"@id":"https:\/\/madoskampas.lt\/produktas\/liemene-soft-shield-lengvumas\/#primaryimage"},"image":{"@id":"https:\/\/madoskampas.lt\/produktas\/liemene-soft-shield-lengvumas\/#primaryimage"},"thumbnailUrl":"https:\/\/madoskampas.lt\/wp-content\/uploads\/2025\/07\/img_0624-scaled.jpeg","datePublished":"2025-07-10T20:41:12+00:00","dateModified":"2026-03-31T12:57:52+00:00","breadcrumb":{"@id":"https:\/\/madoskampas.lt\/produktas\/liemene-soft-shield-lengvumas\/#breadcrumb"},"inLanguage":"et","potentialAction":[{"@type":"ReadAction","target":["https:\/\/madoskampas.lt\/produktas\/liemene-soft-shield-lengvumas\/"]}]},{"@type":"ImageObject","inLanguage":"et","@id":"https:\/\/madoskampas.lt\/produktas\/liemene-soft-shield-lengvumas\/#primaryimage","url":"https:\/\/madoskampas.lt\/wp-content\/uploads\/2025\/07\/img_0624-scaled.jpeg","contentUrl":"https:\/\/madoskampas.lt\/wp-content\/uploads\/2025\/07\/img_0624-scaled.jpeg","width":1920,"height":2560},{"@type":"BreadcrumbList","@id":"https:\/\/madoskampas.lt\/produktas\/liemene-soft-shield-lengvumas\/#breadcrumb","itemListElement":[{"@type":"ListItem","position":1,"name":"Home","item":"https:\/\/madoskampas.lt\/"},{"@type":"ListItem","position":2,"name":"Parduotuv\u0117","item":"https:\/\/madoskampas.lt\/parduotuve-2\/"},{"@type":"ListItem","position":3,"name":"Liemen\u0117 \u201eSoft Shield\u201c \u2013 lengvumas"}]},{"@type":"WebSite","@id":"https:\/\/madoskampas.lt\/#website","url":"https:\/\/madoskampas.lt\/","name":"FashionKampas.lt","description":"Stiilsed riided naistele","potentialAction":[{"@type":"SearchAction","target":{"@type":"EntryPoint","urlTemplate":"https:\/\/madoskampas.lt\/?s={search_term_string}"},"query-input":{"@type":"PropertyValueSpecification","valueRequired":true,"valueName":"search_term_string"}}],"inLanguage":"et"}]}},"uagb_featured_image_src":{"full":["https:\/\/madoskampas.lt\/wp-content\/uploads\/2025\/07\/img_0624-scaled.jpeg",1920,2560,false],"thumbnail":["https:\/\/madoskampas.lt\/wp-content\/uploads\/2025\/07\/img_0624-150x150.jpeg",150,150,true],"medium":["https:\/\/madoskampas.lt\/wp-content\/uploads\/2025\/07\/img_0624-225x300.jpeg",225,300,true],"medium_large":["https:\/\/madoskampas.lt\/wp-content\/uploads\/2025\/07\/img_0624-768x1024.jpeg",768,1024,true],"large":["https:\/\/madoskampas.lt\/wp-content\/uploads\/2025\/07\/img_0624-768x1024.jpeg",768,1024,true],"1536x1536":["https:\/\/madoskampas.lt\/wp-content\/uploads\/2025\/07\/img_0624-1152x1536.jpeg",1152,1536,true],"2048x2048":["https:\/\/madoskampas.lt\/wp-content\/uploads\/2025\/07\/img_0624-1536x2048.jpeg",1536,2048,true],"trp-custom-language-flag":["https:\/\/madoskampas.lt\/wp-content\/uploads\/2025\/07\/img_0624-scaled.jpeg",9,12,false],"nova-image-square":["https:\/\/madoskampas.lt\/wp-content\/uploads\/2025\/07\/img_0624-1100x1100.jpeg",1100,1100,true],"mixtas-product-03":["https:\/\/madoskampas.lt\/wp-content\/uploads\/2025\/07\/img_0624-600x345.jpeg",600,345,true],"woocommerce_thumbnail":["https:\/\/madoskampas.lt\/wp-content\/uploads\/2025\/07\/img_0624-700x700.jpeg",700,700,true],"woocommerce_single":["https:\/\/madoskampas.lt\/wp-content\/uploads\/2025\/07\/img_0624-1000x1333.jpeg",1000,1333,true],"woocommerce_gallery_thumbnail":["https:\/\/madoskampas.lt\/wp-content\/uploads\/2025\/07\/img_0624-250x250.jpeg",250,250,true],"variation_swatches_image_size":["https:\/\/madoskampas.lt\/wp-content\/uploads\/2025\/07\/img_0624-50x50.jpeg",50,50,true],"variation_swatches_tooltip_size":["https:\/\/madoskampas.lt\/wp-content\/uploads\/2025\/07\/img_0624-100x100.jpeg",100,100,true]},"uagb_author_info":{"display_name":"algirdasbart","author_link":"https:\/\/madoskampas.lt\/et\/author\/"},"uagb_comment_info":0,"uagb_excerpt":"Kai oras tampa gaivesnis, \u0161i liemen\u0117 tampa tavo geriausiu s\u0105jungininku.Lengva, bet \u0161ilta, su 100\u202f% p\u016bko u\u017epildu, ji neapsunkina, bet \u0161velniai apgaubia.Gilios ki\u0161en\u0117s, prakti\u0161kas u\u017etrauktukas ir nepriekai\u0161tingas siluetas \u2013 kiekviena detal\u0117 apgalvota.","jetpack_sharing_enabled":true,"_links":{"self":[{"href":"https:\/\/madoskampas.lt\/et\/wp-json\/wp\/v2\/product\/17587","targetHints":{"allow":["GET"]}}],"collection":[{"href":"https:\/\/madoskampas.lt\/et\/wp-json\/wp\/v2\/product"}],"about":[{"href":"https:\/\/madoskampas.lt\/et\/wp-json\/wp\/v2\/types\/product"}],"replies":[{"embeddable":true,"href":"https:\/\/madoskampas.lt\/et\/wp-json\/wp\/v2\/comments?post=17587"}],"wp:featuredmedia":[{"embeddable":true,"href":"https:\/\/madoskampas.lt\/et\/wp-json\/wp\/v2\/media\/17864"}],"wp:attachment":[{"href":"https:\/\/madoskampas.lt\/et\/wp-json\/wp\/v2\/media?parent=17587"}],"wp:term":[{"taxonomy":"product_brand","embeddable":true,"href":"https:\/\/madoskampas.lt\/et\/wp-json\/wp\/v2\/product_brand?post=17587"},{"taxonomy":"product_cat","embeddable":true,"href":"https:\/\/madoskampas.lt\/et\/wp-json\/wp\/v2\/product_cat?post=17587"},{"taxonomy":"product_tag","embeddable":true,"href":"https:\/\/madoskampas.lt\/et\/wp-json\/wp\/v2\/product_tag?post=17587"}],"curies":[{"name":"wp","href":"https:\/\/api.w.org\/{rel}","templated":true}]}}