{"id":17631,"date":"2025-07-10T20:57:28","date_gmt":"2025-07-10T20:57:28","guid":{"rendered":"https:\/\/madoskampas.lt\/?post_type=product&#038;p=17631"},"modified":"2026-03-15T06:18:24","modified_gmt":"2026-03-15T06:18:24","slug":"liemene-cream-puff-lengvumas","status":"publish","type":"product","link":"https:\/\/madoskampas.lt\/et\/product-2\/liemene-cream-puff-lengvumas\/","title":{"rendered":"Vest \u201eCream Puff\u201c - kergus"},"content":{"rendered":"<p data-start=\"155\" data-end=\"368\">Lengva, mink\u0161ta, \u0161ildanti \u2013 \u0161i liemen\u0117 skirta toms, kurios renkasi komfort\u0105 be kompromis\u0173 stiliui.<br data-start=\"253\" data-end=\"256\" \/><strong data-start=\"256\" data-end=\"279\">100\u202f% p\u016bko u\u017epildas<\/strong> u\u017etikrina \u0161ilum\u0105 be svorio poj\u016b\u010dio, o \u0161velniai blizgus audinys suteikia modern\u0173 akcent\u0105.<\/p>\n<p data-start=\"370\" data-end=\"483\">Dailiai priglunda, bet nevar\u017eo \u2013 liemuo reguliuojamas, o <strong data-start=\"427\" data-end=\"445\">gilios ki\u0161en\u0117s<\/strong> ir u\u017etrauktukas pabr\u0117\u017eia prakti\u0161kum\u0105.<\/p>\n<p data-start=\"485\" data-end=\"571\">\u2714\ufe0f Ilgis \u2013 59 cm<br data-start=\"501\" data-end=\"504\" \/>\u2714\ufe0f Rinna \u00fcmberm\u00f5\u00f5t - 53 cm<br data-start=\"526\" data-end=\"529\" \/>\u2714\ufe0f Klubai \u2013 54 cm<br data-start=\"546\" data-end=\"549\" \/>\u2714\ufe0f Tinka nuo S iki L<\/p>\n<p data-start=\"573\" data-end=\"657\">Derink su vilnos megztuku, suknele ar net d\u017eemperiu \u2013 \u0161i liemen\u0117 visur atrodo gerai.<\/p>\n<p data-start=\"135\" data-end=\"398\"><strong style=\"font-size: inherit;\" data-start=\"999\" data-end=\"1011\">Koostis:<\/strong><\/p>\n<p class=\"\" data-start=\"999\" data-end=\"1102\">I\u0161or\u0117 \u2013 100 % poliesteris<br data-start=\"1039\" data-end=\"1042\" \/>U\u017epildas \u2013 p\u016bkas + plunksnos<br data-start=\"1070\" data-end=\"1073\" \/>Pamu\u0161alas \u2013 100 % poliesteris<\/p>\n<p class=\"\" data-start=\"1111\" data-end=\"1157\">\ud83c\udf2c\ufe0f <strong data-start=\"1115\" data-end=\"1157\">\u0160iluma be svorio. Stilius be pastang\u0173.<\/strong><\/p>","protected":false},"excerpt":{"rendered":"<p>Lengva, mink\u0161ta, \u0161ildanti \u2013 \u0161i liemen\u0117 skirta toms, kurios renkasi komfort\u0105 be kompromis\u0173 stiliui.<br data-start=\"253\" data-end=\"256\" \/><strong data-start=\"256\" data-end=\"279\">100\u202f% p\u016bko u\u017epildas<\/strong> u\u017etikrina \u0161ilum\u0105 be svorio poj\u016b\u010dio, o \u0161velniai blizgus audinys suteikia modern\u0173 akcent\u0105.<\/p>\n<p data-start=\"370\" data-end=\"483\">Dailiai priglunda, bet nevar\u017eo \u2013 liemuo reguliuojamas, o <strong data-start=\"427\" data-end=\"445\">gilios ki\u0161en\u0117s<\/strong> ir u\u017etrauktukas pabr\u0117\u017eia prakti\u0161kum\u0105.<\/p>\n<p data-start=\"485\" data-end=\"571\">\u2714\ufe0f Ilgis \u2013 59 cm<br data-start=\"501\" data-end=\"504\" \/>\u2714\ufe0f Rinna \u00fcmberm\u00f5\u00f5t - 53 cm<br data-start=\"526\" data-end=\"529\" \/>\u2714\ufe0f Klubai \u2013 54 cm<br data-start=\"546\" data-end=\"549\" \/>\u2714\ufe0f Tinka nuo S iki L<\/p>\n<p data-start=\"573\" data-end=\"657\">Derink su vilnos megztuku, suknele ar net d\u017eemperiu \u2013 \u0161i liemen\u0117 visur atrodo gerai.<\/p>","protected":false},"featured_media":17628,"comment_status":"open","ping_status":"closed","template":"","meta":{"_uag_custom_page_level_css":"","_monsterinsights_skip_tracking":false,"_monsterinsights_sitenote_active":false,"_monsterinsights_sitenote_note":"","_monsterinsights_sitenote_category":0},"product_brand":[],"product_cat":[66,71,95,96],"product_tag":[],"class_list":{"0":"post-17631","1":"product","2":"type-product","3":"status-publish","4":"has-post-thumbnail","6":"product_cat-drabuziai","7":"product_cat-liemenes","8":"product_cat-naujausi","9":"product_cat-populiariausi","10":"tm-has-options","12":"first","13":"instock","14":"shipping-taxable","15":"purchasable","16":"product-type-variable"},"yoast_head":"<!-- This site is optimized with the Yoast SEO plugin v27.3 - https:\/\/yoast.com\/product\/yoast-seo-wordpress\/ -->\n<title>Liemen\u0117 \u201eCream Puff \u201c \u2013 lengvumas - MadosKampas.lt<\/title>\n<meta name=\"robots\" content=\"index, follow, max-snippet:-1, max-image-preview:large, max-video-preview:-1\" \/>\n<link rel=\"canonical\" href=\"https:\/\/madoskampas.lt\/et\/product-2\/liemene-cream-puff-lengvumas\/\" \/>\n<meta property=\"og:locale\" content=\"et_EE\" \/>\n<meta property=\"og:type\" content=\"article\" \/>\n<meta property=\"og:title\" content=\"Liemen\u0117 \u201eCream Puff \u201c \u2013 lengvumas - MadosKampas.lt\" \/>\n<meta property=\"og:description\" content=\"Lengva, mink\u0161ta, \u0161ildanti \u2013 \u0161i liemen\u0117 skirta toms, kurios renkasi komfort\u0105 be kompromis\u0173 stiliui.100\u202f% p\u016bko u\u017epildas u\u017etikrina \u0161ilum\u0105 be svorio poj\u016b\u010dio, o \u0161velniai blizgus audinys suteikia modern\u0173 akcent\u0105. Dailiai priglunda, bet nevar\u017eo \u2013 liemuo reguliuojamas, o gilios ki\u0161en\u0117s ir u\u017etrauktukas pabr\u0117\u017eia prakti\u0161kum\u0105. \u2714\ufe0f Ilgis \u2013 59 cm\u2714\ufe0f Per kr\u016btin\u0119 \u2013 53 cm\u2714\ufe0f Klubai \u2013 54 cm\u2714\ufe0f Tinka nuo S iki L Derink su vilnos megztuku, suknele ar net d\u017eemperiu \u2013 \u0161i liemen\u0117 visur atrodo gerai.\" \/>\n<meta property=\"og:url\" content=\"https:\/\/madoskampas.lt\/et\/product-2\/liemene-cream-puff-lengvumas\/\" \/>\n<meta property=\"og:site_name\" content=\"MadosKampas.lt\" \/>\n<meta property=\"article:modified_time\" content=\"2026-03-15T06:18:24+00:00\" \/>\n<meta property=\"og:image\" content=\"https:\/\/madoskampas.lt\/wp-content\/uploads\/2025\/07\/IMG_9583.jpeg\" \/>\n\t<meta property=\"og:image:width\" content=\"1536\" \/>\n\t<meta property=\"og:image:height\" content=\"2048\" \/>\n\t<meta property=\"og:image:type\" content=\"image\/jpeg\" \/>\n<meta name=\"twitter:card\" content=\"summary_large_image\" \/>\n<meta name=\"twitter:label1\" content=\"Est. reading time\" \/>\n\t<meta name=\"twitter:data1\" content=\"1 minut\" \/>\n<script type=\"application\/ld+json\" class=\"yoast-schema-graph\">{\"@context\":\"https:\\\/\\\/schema.org\",\"@graph\":[{\"@type\":\"WebPage\",\"@id\":\"https:\\\/\\\/madoskampas.lt\\\/produktas\\\/liemene-cream-puff-lengvumas\\\/\",\"url\":\"https:\\\/\\\/madoskampas.lt\\\/produktas\\\/liemene-cream-puff-lengvumas\\\/\",\"name\":\"Liemen\u0117 \u201eCream Puff \u201c \u2013 lengvumas - MadosKampas.lt\",\"isPartOf\":{\"@id\":\"https:\\\/\\\/madoskampas.lt\\\/#website\"},\"primaryImageOfPage\":{\"@id\":\"https:\\\/\\\/madoskampas.lt\\\/produktas\\\/liemene-cream-puff-lengvumas\\\/#primaryimage\"},\"image\":{\"@id\":\"https:\\\/\\\/madoskampas.lt\\\/produktas\\\/liemene-cream-puff-lengvumas\\\/#primaryimage\"},\"thumbnailUrl\":\"https:\\\/\\\/madoskampas.lt\\\/wp-content\\\/uploads\\\/2025\\\/07\\\/IMG_9583.jpeg\",\"datePublished\":\"2025-07-10T20:57:28+00:00\",\"dateModified\":\"2026-03-15T06:18:24+00:00\",\"breadcrumb\":{\"@id\":\"https:\\\/\\\/madoskampas.lt\\\/produktas\\\/liemene-cream-puff-lengvumas\\\/#breadcrumb\"},\"inLanguage\":\"et\",\"potentialAction\":[{\"@type\":\"ReadAction\",\"target\":[\"https:\\\/\\\/madoskampas.lt\\\/produktas\\\/liemene-cream-puff-lengvumas\\\/\"]}]},{\"@type\":\"ImageObject\",\"inLanguage\":\"et\",\"@id\":\"https:\\\/\\\/madoskampas.lt\\\/produktas\\\/liemene-cream-puff-lengvumas\\\/#primaryimage\",\"url\":\"https:\\\/\\\/madoskampas.lt\\\/wp-content\\\/uploads\\\/2025\\\/07\\\/IMG_9583.jpeg\",\"contentUrl\":\"https:\\\/\\\/madoskampas.lt\\\/wp-content\\\/uploads\\\/2025\\\/07\\\/IMG_9583.jpeg\",\"width\":1536,\"height\":2048},{\"@type\":\"BreadcrumbList\",\"@id\":\"https:\\\/\\\/madoskampas.lt\\\/produktas\\\/liemene-cream-puff-lengvumas\\\/#breadcrumb\",\"itemListElement\":[{\"@type\":\"ListItem\",\"position\":1,\"name\":\"Home\",\"item\":\"https:\\\/\\\/madoskampas.lt\\\/\"},{\"@type\":\"ListItem\",\"position\":2,\"name\":\"Parduotuv\u0117\",\"item\":\"https:\\\/\\\/madoskampas.lt\\\/parduotuve-2\\\/\"},{\"@type\":\"ListItem\",\"position\":3,\"name\":\"Liemen\u0117 \u201eCream Puff \u201c \u2013 lengvumas\"}]},{\"@type\":\"WebSite\",\"@id\":\"https:\\\/\\\/madoskampas.lt\\\/#website\",\"url\":\"https:\\\/\\\/madoskampas.lt\\\/\",\"name\":\"MadosKampas.lt\",\"description\":\"Stilingi drabu\u017eiai moterims\",\"potentialAction\":[{\"@type\":\"SearchAction\",\"target\":{\"@type\":\"EntryPoint\",\"urlTemplate\":\"https:\\\/\\\/madoskampas.lt\\\/?s={search_term_string}\"},\"query-input\":{\"@type\":\"PropertyValueSpecification\",\"valueRequired\":true,\"valueName\":\"search_term_string\"}}],\"inLanguage\":\"et\"}]}<\/script>\n<!-- \/ Yoast SEO plugin. -->","yoast_head_json":{"title":"Liemen\u0117 \u201eCream Puff \u201c \u2013 lengvumas - MadosKampas.lt","robots":{"index":"index","follow":"follow","max-snippet":"max-snippet:-1","max-image-preview":"max-image-preview:large","max-video-preview":"max-video-preview:-1"},"canonical":"https:\/\/madoskampas.lt\/et\/product-2\/liemene-cream-puff-lengvumas\/","og_locale":"et_EE","og_type":"article","og_title":"Liemen\u0117 \u201eCream Puff \u201c \u2013 lengvumas - MadosKampas.lt","og_description":"Lengva, mink\u0161ta, \u0161ildanti \u2013 \u0161i liemen\u0117 skirta toms, kurios renkasi komfort\u0105 be kompromis\u0173 stiliui.100\u202f% p\u016bko u\u017epildas u\u017etikrina \u0161ilum\u0105 be svorio poj\u016b\u010dio, o \u0161velniai blizgus audinys suteikia modern\u0173 akcent\u0105. Dailiai priglunda, bet nevar\u017eo \u2013 liemuo reguliuojamas, o gilios ki\u0161en\u0117s ir u\u017etrauktukas pabr\u0117\u017eia prakti\u0161kum\u0105. \u2714\ufe0f Ilgis \u2013 59 cm\u2714\ufe0f Per kr\u016btin\u0119 \u2013 53 cm\u2714\ufe0f Klubai \u2013 54 cm\u2714\ufe0f Tinka nuo S iki L Derink su vilnos megztuku, suknele ar net d\u017eemperiu \u2013 \u0161i liemen\u0117 visur atrodo gerai.","og_url":"https:\/\/madoskampas.lt\/et\/product-2\/liemene-cream-puff-lengvumas\/","og_site_name":"MadosKampas.lt","article_modified_time":"2026-03-15T06:18:24+00:00","og_image":[{"width":1536,"height":2048,"url":"https:\/\/madoskampas.lt\/wp-content\/uploads\/2025\/07\/IMG_9583.jpeg","type":"image\/jpeg"}],"twitter_card":"summary_large_image","twitter_misc":{"Est. reading time":"1 minut"},"schema":{"@context":"https:\/\/schema.org","@graph":[{"@type":"WebPage","@id":"https:\/\/madoskampas.lt\/produktas\/liemene-cream-puff-lengvumas\/","url":"https:\/\/madoskampas.lt\/produktas\/liemene-cream-puff-lengvumas\/","name":"Liemen\u0117 \u201eCream Puff \u201c \u2013 lengvumas - MadosKampas.lt","isPartOf":{"@id":"https:\/\/madoskampas.lt\/#website"},"primaryImageOfPage":{"@id":"https:\/\/madoskampas.lt\/produktas\/liemene-cream-puff-lengvumas\/#primaryimage"},"image":{"@id":"https:\/\/madoskampas.lt\/produktas\/liemene-cream-puff-lengvumas\/#primaryimage"},"thumbnailUrl":"https:\/\/madoskampas.lt\/wp-content\/uploads\/2025\/07\/IMG_9583.jpeg","datePublished":"2025-07-10T20:57:28+00:00","dateModified":"2026-03-15T06:18:24+00:00","breadcrumb":{"@id":"https:\/\/madoskampas.lt\/produktas\/liemene-cream-puff-lengvumas\/#breadcrumb"},"inLanguage":"et","potentialAction":[{"@type":"ReadAction","target":["https:\/\/madoskampas.lt\/produktas\/liemene-cream-puff-lengvumas\/"]}]},{"@type":"ImageObject","inLanguage":"et","@id":"https:\/\/madoskampas.lt\/produktas\/liemene-cream-puff-lengvumas\/#primaryimage","url":"https:\/\/madoskampas.lt\/wp-content\/uploads\/2025\/07\/IMG_9583.jpeg","contentUrl":"https:\/\/madoskampas.lt\/wp-content\/uploads\/2025\/07\/IMG_9583.jpeg","width":1536,"height":2048},{"@type":"BreadcrumbList","@id":"https:\/\/madoskampas.lt\/produktas\/liemene-cream-puff-lengvumas\/#breadcrumb","itemListElement":[{"@type":"ListItem","position":1,"name":"Home","item":"https:\/\/madoskampas.lt\/"},{"@type":"ListItem","position":2,"name":"Parduotuv\u0117","item":"https:\/\/madoskampas.lt\/parduotuve-2\/"},{"@type":"ListItem","position":3,"name":"Liemen\u0117 \u201eCream Puff \u201c \u2013 lengvumas"}]},{"@type":"WebSite","@id":"https:\/\/madoskampas.lt\/#website","url":"https:\/\/madoskampas.lt\/","name":"FashionKampas.lt","description":"Stiilsed riided naistele","potentialAction":[{"@type":"SearchAction","target":{"@type":"EntryPoint","urlTemplate":"https:\/\/madoskampas.lt\/?s={search_term_string}"},"query-input":{"@type":"PropertyValueSpecification","valueRequired":true,"valueName":"search_term_string"}}],"inLanguage":"et"}]}},"uagb_featured_image_src":{"full":["https:\/\/madoskampas.lt\/wp-content\/uploads\/2025\/07\/IMG_9583.jpeg",1536,2048,false],"thumbnail":["https:\/\/madoskampas.lt\/wp-content\/uploads\/2025\/07\/IMG_9583-150x150.jpeg",150,150,true],"medium":["https:\/\/madoskampas.lt\/wp-content\/uploads\/2025\/07\/IMG_9583-225x300.jpeg",225,300,true],"medium_large":["https:\/\/madoskampas.lt\/wp-content\/uploads\/2025\/07\/IMG_9583-768x1024.jpeg",768,1024,true],"large":["https:\/\/madoskampas.lt\/wp-content\/uploads\/2025\/07\/IMG_9583-768x1024.jpeg",768,1024,true],"1536x1536":["https:\/\/madoskampas.lt\/wp-content\/uploads\/2025\/07\/IMG_9583-1152x1536.jpeg",1152,1536,true],"2048x2048":["https:\/\/madoskampas.lt\/wp-content\/uploads\/2025\/07\/IMG_9583.jpeg",1536,2048,false],"trp-custom-language-flag":["https:\/\/madoskampas.lt\/wp-content\/uploads\/2025\/07\/IMG_9583.jpeg",9,12,false],"nova-image-square":["https:\/\/madoskampas.lt\/wp-content\/uploads\/2025\/07\/IMG_9583-1100x1100.jpeg",1100,1100,true],"mixtas-product-03":["https:\/\/madoskampas.lt\/wp-content\/uploads\/2025\/07\/IMG_9583-600x345.jpeg",600,345,true],"woocommerce_thumbnail":["https:\/\/madoskampas.lt\/wp-content\/uploads\/2025\/07\/IMG_9583-700x700.jpeg",700,700,true],"woocommerce_single":["https:\/\/madoskampas.lt\/wp-content\/uploads\/2025\/07\/IMG_9583-1000x1333.jpeg",1000,1333,true],"woocommerce_gallery_thumbnail":["https:\/\/madoskampas.lt\/wp-content\/uploads\/2025\/07\/IMG_9583-250x250.jpeg",250,250,true],"variation_swatches_image_size":["https:\/\/madoskampas.lt\/wp-content\/uploads\/2025\/07\/IMG_9583-50x50.jpeg",50,50,true],"variation_swatches_tooltip_size":["https:\/\/madoskampas.lt\/wp-content\/uploads\/2025\/07\/IMG_9583-100x100.jpeg",100,100,true]},"uagb_author_info":{"display_name":"algirdasbart","author_link":"https:\/\/madoskampas.lt\/et\/author\/"},"uagb_comment_info":0,"uagb_excerpt":"Lengva, mink\u0161ta, \u0161ildanti \u2013 \u0161i liemen\u0117 skirta toms, kurios renkasi komfort\u0105 be kompromis\u0173 stiliui.100\u202f% p\u016bko u\u017epildas u\u017etikrina \u0161ilum\u0105 be svorio poj\u016b\u010dio, o \u0161velniai blizgus audinys suteikia modern\u0173 akcent\u0105. Dailiai priglunda, bet nevar\u017eo \u2013 liemuo reguliuojamas, o gilios ki\u0161en\u0117s ir u\u017etrauktukas pabr\u0117\u017eia prakti\u0161kum\u0105. \u2714\ufe0f Ilgis \u2013 59 cm\u2714\ufe0f Per kr\u016btin\u0119 \u2013 53 cm\u2714\ufe0f Klubai \u2013 54&hellip;","jetpack_sharing_enabled":true,"_links":{"self":[{"href":"https:\/\/madoskampas.lt\/et\/wp-json\/wp\/v2\/product\/17631","targetHints":{"allow":["GET"]}}],"collection":[{"href":"https:\/\/madoskampas.lt\/et\/wp-json\/wp\/v2\/product"}],"about":[{"href":"https:\/\/madoskampas.lt\/et\/wp-json\/wp\/v2\/types\/product"}],"replies":[{"embeddable":true,"href":"https:\/\/madoskampas.lt\/et\/wp-json\/wp\/v2\/comments?post=17631"}],"wp:featuredmedia":[{"embeddable":true,"href":"https:\/\/madoskampas.lt\/et\/wp-json\/wp\/v2\/media\/17628"}],"wp:attachment":[{"href":"https:\/\/madoskampas.lt\/et\/wp-json\/wp\/v2\/media?parent=17631"}],"wp:term":[{"taxonomy":"product_brand","embeddable":true,"href":"https:\/\/madoskampas.lt\/et\/wp-json\/wp\/v2\/product_brand?post=17631"},{"taxonomy":"product_cat","embeddable":true,"href":"https:\/\/madoskampas.lt\/et\/wp-json\/wp\/v2\/product_cat?post=17631"},{"taxonomy":"product_tag","embeddable":true,"href":"https:\/\/madoskampas.lt\/et\/wp-json\/wp\/v2\/product_tag?post=17631"}],"curies":[{"name":"wp","href":"https:\/\/api.w.org\/{rel}","templated":true}]}}