{"id":18012,"date":"2025-08-04T07:20:33","date_gmt":"2025-08-04T07:20:33","guid":{"rendered":"https:\/\/madoskampas.lt\/?post_type=product&#038;p=18012"},"modified":"2026-01-09T15:19:35","modified_gmt":"2026-01-09T15:19:35","slug":"megztinis-alpaca-pearl-touch","status":"publish","type":"product","link":"https:\/\/madoskampas.lt\/et\/product-2\/megztinis-alpaca-pearl-touch\/","title":{"rendered":"Megztinis \u201eAlpaca Pearl Touch\u201c"},"content":{"rendered":"<p>\u201eAlpaca Pearl Touch\u201c \u2013 tai itin mink\u0161tas ir jaukus megztinis, dekoruotas eleganti\u0161komis perliuko stiliaus sagomis.<\/p>","protected":false},"excerpt":{"rendered":"<p data-start=\"174\" data-end=\"448\"><strong data-start=\"174\" data-end=\"239\">\u0160velnus lyg debes\u0117lis, stilingas lyg detal\u0117 i\u0161 mados \u017eurnalo.<\/strong><br data-start=\"239\" data-end=\"242\" \/>\u201eAlpaca Pearl Touch\u201c \u2013 tai itin mink\u0161tas ir jaukus megztinis, dekoruotas eleganti\u0161komis perliuko stiliaus sagomis. Sukurtas i\u0161 baby alpakos mi\u0161inio, jis d\u017eiugina \u0161velniu prisilietimu ir komfortu vis\u0105 dien\u0105.<\/p>\n<p data-start=\"450\" data-end=\"665\">Modelis turi <strong data-start=\"463\" data-end=\"497\">ilgas, kiek platesnes rankoves<\/strong>, kurios suteikia megztiniui \u017eaismingo laisvumo ir leid\u017eia jaustis laisvai vis\u0105 dien\u0105. Idealiai tinka tiek kasdieniam stiliui, tiek sluoksniavimui pereinamajam sezonui.<\/p>\n<hr data-start=\"667\" data-end=\"670\" \/>\n<p data-start=\"672\" data-end=\"689\"><strong data-start=\"672\" data-end=\"687\">Privalumai:<\/strong><\/p>\n<ul data-start=\"690\" data-end=\"1097\">\n<li data-start=\"690\" data-end=\"743\">\n<p data-start=\"692\" data-end=\"743\">Itin mink\u0161tas ir \u0161velnus \u2013 d\u0117l baby alpaka vilnos<\/p>\n<\/li>\n<li data-start=\"744\" data-end=\"795\">\n<p data-start=\"746\" data-end=\"795\">Dekoruotas subtiliomis perlo stiliaus sagut\u0117mis<\/p>\n<\/li>\n<li data-start=\"796\" data-end=\"869\">\n<p data-start=\"798\" data-end=\"869\">Ilgos, \u0161iek tiek plat\u0117jan\u010dios rankov\u0117s \u2013 komfortas ir stilius viename<\/p>\n<\/li>\n<li data-start=\"870\" data-end=\"926\">\n<p data-start=\"872\" data-end=\"926\">Laisvas, kiek oversized siluetas \u2013 tinka nuo S iki L<\/p>\n<\/li>\n<li data-start=\"927\" data-end=\"980\">\n<p data-start=\"929\" data-end=\"980\">\u0160ilta, bet lengva \u2013 neapsunkina, puikiai kv\u0117puoja<\/p>\n<\/li>\n<li data-start=\"1056\" data-end=\"1097\">\n<p data-start=\"1058\" data-end=\"1097\">Tinka tiek kasdienai, tiek pasipuo\u0161ti<\/p>\n<\/li>\n<\/ul>\n<hr data-start=\"1099\" data-end=\"1102\" \/>\n<p data-start=\"1104\" data-end=\"1252\"><strong data-start=\"1104\" data-end=\"1116\">Koostis:<\/strong> 30 % baby alpaka, 32 % poliamidas, 38 % akrilas<br data-start=\"1164\" data-end=\"1167\" \/><strong data-start=\"1167\" data-end=\"1177\">Dydis:<\/strong> Universaalne (S-L)<\/p>","protected":false},"featured_media":18018,"comment_status":"open","ping_status":"closed","template":"","meta":{"_uag_custom_page_level_css":"","_monsterinsights_skip_tracking":false,"_monsterinsights_sitenote_active":false,"_monsterinsights_sitenote_note":"","_monsterinsights_sitenote_category":0},"product_brand":[],"product_cat":[66,73,95],"product_tag":[],"class_list":{"0":"post-18012","1":"product","2":"type-product","3":"status-publish","4":"has-post-thumbnail","6":"product_cat-drabuziai","7":"product_cat-megztiniai","8":"product_cat-naujausi","9":"tm-has-options","11":"first","12":"instock","13":"sale","14":"shipping-taxable","15":"purchasable","16":"product-type-variable"},"yoast_head":"<!-- This site is optimized with the Yoast SEO plugin v27.3 - https:\/\/yoast.com\/product\/yoast-seo-wordpress\/ -->\n<title>Megztinis \u201eAlpaca Pearl Touch\u201c - MadosKampas.lt<\/title>\n<meta name=\"robots\" content=\"index, follow, max-snippet:-1, max-image-preview:large, max-video-preview:-1\" \/>\n<link rel=\"canonical\" href=\"https:\/\/madoskampas.lt\/et\/product-2\/megztinis-alpaca-pearl-touch\/\" \/>\n<meta property=\"og:locale\" content=\"et_EE\" \/>\n<meta property=\"og:type\" content=\"article\" \/>\n<meta property=\"og:title\" content=\"Megztinis \u201eAlpaca Pearl Touch\u201c - MadosKampas.lt\" \/>\n<meta property=\"og:description\" content=\"\u0160velnus lyg debes\u0117lis, stilingas lyg detal\u0117 i\u0161 mados \u017eurnalo.\u201eAlpaca Pearl Touch\u201c \u2013 tai itin mink\u0161tas ir jaukus megztinis, dekoruotas eleganti\u0161komis perliuko stiliaus sagomis. Sukurtas i\u0161 baby alpakos mi\u0161inio, jis d\u017eiugina \u0161velniu prisilietimu ir komfortu vis\u0105 dien\u0105. Modelis turi ilgas, kiek platesnes rankoves, kurios suteikia megztiniui \u017eaismingo laisvumo ir leid\u017eia jaustis laisvai vis\u0105 dien\u0105. Idealiai tinka tiek kasdieniam stiliui, tiek sluoksniavimui pereinamajam sezonui.    Privalumai:     Itin mink\u0161tas ir \u0161velnus \u2013 d\u0117l baby alpaka vilnos    Dekoruotas subtiliomis perlo stiliaus sagut\u0117mis    Ilgos, \u0161iek tiek plat\u0117jan\u010dios rankov\u0117s \u2013 komfortas ir stilius viename    Laisvas, kiek oversized siluetas \u2013 tinka nuo S iki L    \u0160ilta, bet lengva \u2013 neapsunkina, puikiai kv\u0117puoja    Tinka tiek kasdienai, tiek pasipuo\u0161ti     Sud\u0117tis: 30 % baby alpaka, 32 % poliamidas, 38 % akrilasDydis: universalus (S\u2013L)\" \/>\n<meta property=\"og:url\" content=\"https:\/\/madoskampas.lt\/et\/product-2\/megztinis-alpaca-pearl-touch\/\" \/>\n<meta property=\"og:site_name\" content=\"MadosKampas.lt\" \/>\n<meta property=\"article:modified_time\" content=\"2026-01-09T15:19:35+00:00\" \/>\n<meta property=\"og:image\" content=\"https:\/\/madoskampas.lt\/wp-content\/uploads\/2025\/08\/IMG_1500.jpeg\" \/>\n\t<meta property=\"og:image:width\" content=\"1536\" \/>\n\t<meta property=\"og:image:height\" content=\"2048\" \/>\n\t<meta property=\"og:image:type\" content=\"image\/jpeg\" \/>\n<meta name=\"twitter:card\" content=\"summary_large_image\" \/>\n<meta name=\"twitter:label1\" content=\"Est. reading time\" \/>\n\t<meta name=\"twitter:data1\" content=\"1 minut\" \/>\n<script type=\"application\/ld+json\" class=\"yoast-schema-graph\">{\"@context\":\"https:\\\/\\\/schema.org\",\"@graph\":[{\"@type\":\"WebPage\",\"@id\":\"https:\\\/\\\/madoskampas.lt\\\/produktas\\\/megztinis-alpaca-pearl-touch\\\/\",\"url\":\"https:\\\/\\\/madoskampas.lt\\\/produktas\\\/megztinis-alpaca-pearl-touch\\\/\",\"name\":\"Megztinis \u201eAlpaca Pearl Touch\u201c - MadosKampas.lt\",\"isPartOf\":{\"@id\":\"https:\\\/\\\/madoskampas.lt\\\/#website\"},\"primaryImageOfPage\":{\"@id\":\"https:\\\/\\\/madoskampas.lt\\\/produktas\\\/megztinis-alpaca-pearl-touch\\\/#primaryimage\"},\"image\":{\"@id\":\"https:\\\/\\\/madoskampas.lt\\\/produktas\\\/megztinis-alpaca-pearl-touch\\\/#primaryimage\"},\"thumbnailUrl\":\"https:\\\/\\\/madoskampas.lt\\\/wp-content\\\/uploads\\\/2025\\\/08\\\/IMG_1500.jpeg\",\"datePublished\":\"2025-08-04T07:20:33+00:00\",\"dateModified\":\"2026-01-09T15:19:35+00:00\",\"breadcrumb\":{\"@id\":\"https:\\\/\\\/madoskampas.lt\\\/produktas\\\/megztinis-alpaca-pearl-touch\\\/#breadcrumb\"},\"inLanguage\":\"et\",\"potentialAction\":[{\"@type\":\"ReadAction\",\"target\":[\"https:\\\/\\\/madoskampas.lt\\\/produktas\\\/megztinis-alpaca-pearl-touch\\\/\"]}]},{\"@type\":\"ImageObject\",\"inLanguage\":\"et\",\"@id\":\"https:\\\/\\\/madoskampas.lt\\\/produktas\\\/megztinis-alpaca-pearl-touch\\\/#primaryimage\",\"url\":\"https:\\\/\\\/madoskampas.lt\\\/wp-content\\\/uploads\\\/2025\\\/08\\\/IMG_1500.jpeg\",\"contentUrl\":\"https:\\\/\\\/madoskampas.lt\\\/wp-content\\\/uploads\\\/2025\\\/08\\\/IMG_1500.jpeg\",\"width\":1536,\"height\":2048},{\"@type\":\"BreadcrumbList\",\"@id\":\"https:\\\/\\\/madoskampas.lt\\\/produktas\\\/megztinis-alpaca-pearl-touch\\\/#breadcrumb\",\"itemListElement\":[{\"@type\":\"ListItem\",\"position\":1,\"name\":\"Home\",\"item\":\"https:\\\/\\\/madoskampas.lt\\\/\"},{\"@type\":\"ListItem\",\"position\":2,\"name\":\"Parduotuv\u0117\",\"item\":\"https:\\\/\\\/madoskampas.lt\\\/parduotuve-2\\\/\"},{\"@type\":\"ListItem\",\"position\":3,\"name\":\"Megztinis \u201eAlpaca Pearl Touch\u201c\"}]},{\"@type\":\"WebSite\",\"@id\":\"https:\\\/\\\/madoskampas.lt\\\/#website\",\"url\":\"https:\\\/\\\/madoskampas.lt\\\/\",\"name\":\"MadosKampas.lt\",\"description\":\"Stilingi drabu\u017eiai moterims\",\"potentialAction\":[{\"@type\":\"SearchAction\",\"target\":{\"@type\":\"EntryPoint\",\"urlTemplate\":\"https:\\\/\\\/madoskampas.lt\\\/?s={search_term_string}\"},\"query-input\":{\"@type\":\"PropertyValueSpecification\",\"valueRequired\":true,\"valueName\":\"search_term_string\"}}],\"inLanguage\":\"et\"}]}<\/script>\n<!-- \/ Yoast SEO plugin. -->","yoast_head_json":{"title":"Megztinis \u201eAlpaca Pearl Touch\u201c - MadosKampas.lt","robots":{"index":"index","follow":"follow","max-snippet":"max-snippet:-1","max-image-preview":"max-image-preview:large","max-video-preview":"max-video-preview:-1"},"canonical":"https:\/\/madoskampas.lt\/et\/product-2\/megztinis-alpaca-pearl-touch\/","og_locale":"et_EE","og_type":"article","og_title":"Megztinis \u201eAlpaca Pearl Touch\u201c - MadosKampas.lt","og_description":"\u0160velnus lyg debes\u0117lis, stilingas lyg detal\u0117 i\u0161 mados \u017eurnalo.\u201eAlpaca Pearl Touch\u201c \u2013 tai itin mink\u0161tas ir jaukus megztinis, dekoruotas eleganti\u0161komis perliuko stiliaus sagomis. Sukurtas i\u0161 baby alpakos mi\u0161inio, jis d\u017eiugina \u0161velniu prisilietimu ir komfortu vis\u0105 dien\u0105. Modelis turi ilgas, kiek platesnes rankoves, kurios suteikia megztiniui \u017eaismingo laisvumo ir leid\u017eia jaustis laisvai vis\u0105 dien\u0105. Idealiai tinka tiek kasdieniam stiliui, tiek sluoksniavimui pereinamajam sezonui.    Privalumai:     Itin mink\u0161tas ir \u0161velnus \u2013 d\u0117l baby alpaka vilnos    Dekoruotas subtiliomis perlo stiliaus sagut\u0117mis    Ilgos, \u0161iek tiek plat\u0117jan\u010dios rankov\u0117s \u2013 komfortas ir stilius viename    Laisvas, kiek oversized siluetas \u2013 tinka nuo S iki L    \u0160ilta, bet lengva \u2013 neapsunkina, puikiai kv\u0117puoja    Tinka tiek kasdienai, tiek pasipuo\u0161ti     Sud\u0117tis: 30 % baby alpaka, 32 % poliamidas, 38 % akrilasDydis: universalus (S\u2013L)","og_url":"https:\/\/madoskampas.lt\/et\/product-2\/megztinis-alpaca-pearl-touch\/","og_site_name":"MadosKampas.lt","article_modified_time":"2026-01-09T15:19:35+00:00","og_image":[{"width":1536,"height":2048,"url":"https:\/\/madoskampas.lt\/wp-content\/uploads\/2025\/08\/IMG_1500.jpeg","type":"image\/jpeg"}],"twitter_card":"summary_large_image","twitter_misc":{"Est. reading time":"1 minut"},"schema":{"@context":"https:\/\/schema.org","@graph":[{"@type":"WebPage","@id":"https:\/\/madoskampas.lt\/produktas\/megztinis-alpaca-pearl-touch\/","url":"https:\/\/madoskampas.lt\/produktas\/megztinis-alpaca-pearl-touch\/","name":"Megztinis \u201eAlpaca Pearl Touch\u201c - MadosKampas.lt","isPartOf":{"@id":"https:\/\/madoskampas.lt\/#website"},"primaryImageOfPage":{"@id":"https:\/\/madoskampas.lt\/produktas\/megztinis-alpaca-pearl-touch\/#primaryimage"},"image":{"@id":"https:\/\/madoskampas.lt\/produktas\/megztinis-alpaca-pearl-touch\/#primaryimage"},"thumbnailUrl":"https:\/\/madoskampas.lt\/wp-content\/uploads\/2025\/08\/IMG_1500.jpeg","datePublished":"2025-08-04T07:20:33+00:00","dateModified":"2026-01-09T15:19:35+00:00","breadcrumb":{"@id":"https:\/\/madoskampas.lt\/produktas\/megztinis-alpaca-pearl-touch\/#breadcrumb"},"inLanguage":"et","potentialAction":[{"@type":"ReadAction","target":["https:\/\/madoskampas.lt\/produktas\/megztinis-alpaca-pearl-touch\/"]}]},{"@type":"ImageObject","inLanguage":"et","@id":"https:\/\/madoskampas.lt\/produktas\/megztinis-alpaca-pearl-touch\/#primaryimage","url":"https:\/\/madoskampas.lt\/wp-content\/uploads\/2025\/08\/IMG_1500.jpeg","contentUrl":"https:\/\/madoskampas.lt\/wp-content\/uploads\/2025\/08\/IMG_1500.jpeg","width":1536,"height":2048},{"@type":"BreadcrumbList","@id":"https:\/\/madoskampas.lt\/produktas\/megztinis-alpaca-pearl-touch\/#breadcrumb","itemListElement":[{"@type":"ListItem","position":1,"name":"Home","item":"https:\/\/madoskampas.lt\/"},{"@type":"ListItem","position":2,"name":"Parduotuv\u0117","item":"https:\/\/madoskampas.lt\/parduotuve-2\/"},{"@type":"ListItem","position":3,"name":"Megztinis \u201eAlpaca Pearl Touch\u201c"}]},{"@type":"WebSite","@id":"https:\/\/madoskampas.lt\/#website","url":"https:\/\/madoskampas.lt\/","name":"FashionKampas.lt","description":"Stiilsed riided naistele","potentialAction":[{"@type":"SearchAction","target":{"@type":"EntryPoint","urlTemplate":"https:\/\/madoskampas.lt\/?s={search_term_string}"},"query-input":{"@type":"PropertyValueSpecification","valueRequired":true,"valueName":"search_term_string"}}],"inLanguage":"et"}]}},"uagb_featured_image_src":{"full":["https:\/\/madoskampas.lt\/wp-content\/uploads\/2025\/08\/IMG_1500.jpeg",1536,2048,false],"thumbnail":["https:\/\/madoskampas.lt\/wp-content\/uploads\/2025\/08\/IMG_1500-150x150.jpeg",150,150,true],"medium":["https:\/\/madoskampas.lt\/wp-content\/uploads\/2025\/08\/IMG_1500-225x300.jpeg",225,300,true],"medium_large":["https:\/\/madoskampas.lt\/wp-content\/uploads\/2025\/08\/IMG_1500-768x1024.jpeg",768,1024,true],"large":["https:\/\/madoskampas.lt\/wp-content\/uploads\/2025\/08\/IMG_1500-768x1024.jpeg",768,1024,true],"1536x1536":["https:\/\/madoskampas.lt\/wp-content\/uploads\/2025\/08\/IMG_1500-1152x1536.jpeg",1152,1536,true],"2048x2048":["https:\/\/madoskampas.lt\/wp-content\/uploads\/2025\/08\/IMG_1500.jpeg",1536,2048,false],"trp-custom-language-flag":["https:\/\/madoskampas.lt\/wp-content\/uploads\/2025\/08\/IMG_1500.jpeg",9,12,false],"nova-image-square":["https:\/\/madoskampas.lt\/wp-content\/uploads\/2025\/08\/IMG_1500-1100x1100.jpeg",1100,1100,true],"mixtas-product-03":["https:\/\/madoskampas.lt\/wp-content\/uploads\/2025\/08\/IMG_1500-600x345.jpeg",600,345,true],"woocommerce_thumbnail":["https:\/\/madoskampas.lt\/wp-content\/uploads\/2025\/08\/IMG_1500-700x700.jpeg",700,700,true],"woocommerce_single":["https:\/\/madoskampas.lt\/wp-content\/uploads\/2025\/08\/IMG_1500-1000x1333.jpeg",1000,1333,true],"woocommerce_gallery_thumbnail":["https:\/\/madoskampas.lt\/wp-content\/uploads\/2025\/08\/IMG_1500-250x250.jpeg",250,250,true],"variation_swatches_image_size":["https:\/\/madoskampas.lt\/wp-content\/uploads\/2025\/08\/IMG_1500-50x50.jpeg",50,50,true],"variation_swatches_tooltip_size":["https:\/\/madoskampas.lt\/wp-content\/uploads\/2025\/08\/IMG_1500-100x100.jpeg",100,100,true]},"uagb_author_info":{"display_name":"algirdasbart","author_link":"https:\/\/madoskampas.lt\/et\/author\/"},"uagb_comment_info":0,"uagb_excerpt":"\u0160velnus lyg debes\u0117lis, stilingas lyg detal\u0117 i\u0161 mados \u017eurnalo.\u201eAlpaca Pearl Touch\u201c \u2013 tai itin mink\u0161tas ir jaukus megztinis, dekoruotas eleganti\u0161komis perliuko stiliaus sagomis. Sukurtas i\u0161 baby alpakos mi\u0161inio, jis d\u017eiugina \u0161velniu prisilietimu ir komfortu vis\u0105 dien\u0105. Modelis turi ilgas, kiek platesnes rankoves, kurios suteikia megztiniui \u017eaismingo laisvumo ir leid\u017eia jaustis laisvai vis\u0105 dien\u0105. Idealiai tinka&hellip;","jetpack_sharing_enabled":true,"_links":{"self":[{"href":"https:\/\/madoskampas.lt\/et\/wp-json\/wp\/v2\/product\/18012","targetHints":{"allow":["GET"]}}],"collection":[{"href":"https:\/\/madoskampas.lt\/et\/wp-json\/wp\/v2\/product"}],"about":[{"href":"https:\/\/madoskampas.lt\/et\/wp-json\/wp\/v2\/types\/product"}],"replies":[{"embeddable":true,"href":"https:\/\/madoskampas.lt\/et\/wp-json\/wp\/v2\/comments?post=18012"}],"wp:featuredmedia":[{"embeddable":true,"href":"https:\/\/madoskampas.lt\/et\/wp-json\/wp\/v2\/media\/18018"}],"wp:attachment":[{"href":"https:\/\/madoskampas.lt\/et\/wp-json\/wp\/v2\/media?parent=18012"}],"wp:term":[{"taxonomy":"product_brand","embeddable":true,"href":"https:\/\/madoskampas.lt\/et\/wp-json\/wp\/v2\/product_brand?post=18012"},{"taxonomy":"product_cat","embeddable":true,"href":"https:\/\/madoskampas.lt\/et\/wp-json\/wp\/v2\/product_cat?post=18012"},{"taxonomy":"product_tag","embeddable":true,"href":"https:\/\/madoskampas.lt\/et\/wp-json\/wp\/v2\/product_tag?post=18012"}],"curies":[{"name":"wp","href":"https:\/\/api.w.org\/{rel}","templated":true}]}}