{"id":19727,"date":"2025-09-15T15:45:37","date_gmt":"2025-09-15T15:45:37","guid":{"rendered":"https:\/\/madoskampas.lt\/?post_type=product&#038;p=19727"},"modified":"2026-03-18T11:37:53","modified_gmt":"2026-03-18T11:37:53","slug":"cozy-quilt-rudens-dygsniuota-striuke","status":"publish","type":"product","link":"https:\/\/madoskampas.lt\/et\/product-2\/cozy-quilt-rudens-dygsniuota-striuke\/","title":{"rendered":"\u201eCozy Quilt\u201c dygsniuota striuk\u0117"},"content":{"rendered":"<p>\u201eCozy Quilt\u201c \u2013 pavasario sezono striuk\u0117, kurioje dera komfortas ir stilius. Lengvas dygsniuotas audinys saugo nuo v\u0117jo, o patogus oversize siluetas suteikia laisvumo poj\u016bt\u012f ir leid\u017eia lengvai derinti tiek prie d\u017eins\u0173, tiek prie klasikini\u0173 kelni\u0173 ar sijono.<\/p>\n<p>Dydis universalus, tinka nuo M\u2013XL: kr\u016btin\u0117 \u2013 57 cm | ilgis \u2013 81 cm<\/p>","protected":false},"excerpt":{"rendered":"<p data-start=\"147\" data-end=\"419\">\u201eCozy Quilt\u201c \u2013 pavasario sezono striuk\u0117, kurioje dera komfortas ir stilius. Lengvas dygsniuotas audinys saugo nuo v\u0117jo, o patogus oversize siluetas suteikia laisvumo poj\u016bt\u012f ir leid\u017eia lengvai derinti tiek prie d\u017eins\u0173, tiek prie klasikini\u0173 kelni\u0173 ar sijono.<\/p>\n<p data-start=\"421\" data-end=\"669\">Kontrastin\u0117s detal\u0117s ant rankogali\u0173 ir ki\u0161eni\u0173 suteikia i\u0161skirtinumo, o galimyb\u0117 atversti rankoves leid\u017eia pa\u017eaisti su \u012fvaizd\u017eiu. Tai universali striuk\u0117, puikiai tinkanti rudens sezonui \u2013 nuo miesto pasivaik\u0161\u010diojim\u0173 iki jauki\u0173 savaitgalio i\u0161vyk\u0173.<\/p>\n<p data-start=\"671\" data-end=\"692\">\ud83d\udccf <strong data-start=\"674\" data-end=\"690\">M\u00f5\u00f5tmed:<\/strong><\/p>\n<p data-start=\"695\" data-end=\"734\">Dydis universalus, tinka nuo M\u2013XL: kr\u016btin\u0117 \u2013 57 cm | ilgis \u2013 81 cm<\/p>","protected":false},"featured_media":20260,"comment_status":"open","ping_status":"closed","template":"","meta":{"_uag_custom_page_level_css":"","_monsterinsights_skip_tracking":false,"_monsterinsights_sitenote_active":false,"_monsterinsights_sitenote_note":"","_monsterinsights_sitenote_category":0},"product_brand":[],"product_cat":[66,95,77],"product_tag":[],"class_list":{"0":"post-19727","1":"product","2":"type-product","3":"status-publish","4":"has-post-thumbnail","6":"product_cat-drabuziai","7":"product_cat-naujausi","8":"product_cat-striukes-paltai","9":"tm-has-options","11":"first","12":"instock","13":"shipping-taxable","14":"purchasable","15":"product-type-variable"},"yoast_head":"<!-- This site is optimized with the Yoast SEO plugin v27.3 - https:\/\/yoast.com\/product\/yoast-seo-wordpress\/ -->\n<title>\u201eCozy Quilt\u201c dygsniuota striuk\u0117 - MadosKampas.lt<\/title>\n<meta name=\"robots\" content=\"index, follow, max-snippet:-1, max-image-preview:large, max-video-preview:-1\" \/>\n<link rel=\"canonical\" href=\"https:\/\/madoskampas.lt\/et\/product-2\/cozy-quilt-rudens-dygsniuota-striuke\/\" \/>\n<meta property=\"og:locale\" content=\"et_EE\" \/>\n<meta property=\"og:type\" content=\"article\" \/>\n<meta property=\"og:title\" content=\"\u201eCozy Quilt\u201c dygsniuota striuk\u0117 - MadosKampas.lt\" \/>\n<meta property=\"og:description\" content=\"\u201eCozy Quilt\u201c \u2013 pavasario sezono striuk\u0117, kurioje dera komfortas ir stilius. Lengvas dygsniuotas audinys saugo nuo v\u0117jo, o patogus oversize siluetas suteikia laisvumo poj\u016bt\u012f ir leid\u017eia lengvai derinti tiek prie d\u017eins\u0173, tiek prie klasikini\u0173 kelni\u0173 ar sijono. Kontrastin\u0117s detal\u0117s ant rankogali\u0173 ir ki\u0161eni\u0173 suteikia i\u0161skirtinumo, o galimyb\u0117 atversti rankoves leid\u017eia pa\u017eaisti su \u012fvaizd\u017eiu. Tai universali striuk\u0117, puikiai tinkanti rudens sezonui \u2013 nuo miesto pasivaik\u0161\u010diojim\u0173 iki jauki\u0173 savaitgalio i\u0161vyk\u0173. \ud83d\udccf I\u0161matavimai: Dydis universalus, tinka nuo M\u2013XL: kr\u016btin\u0117 \u2013 57 cm | ilgis \u2013 81 cm\" \/>\n<meta property=\"og:url\" content=\"https:\/\/madoskampas.lt\/et\/product-2\/cozy-quilt-rudens-dygsniuota-striuke\/\" \/>\n<meta property=\"og:site_name\" content=\"MadosKampas.lt\" \/>\n<meta property=\"article:modified_time\" content=\"2026-03-18T11:37:53+00:00\" \/>\n<meta property=\"og:image\" content=\"https:\/\/madoskampas.lt\/wp-content\/uploads\/2025\/09\/IMG_7812.jpeg\" \/>\n\t<meta property=\"og:image:width\" content=\"1536\" \/>\n\t<meta property=\"og:image:height\" content=\"2048\" \/>\n\t<meta property=\"og:image:type\" content=\"image\/jpeg\" \/>\n<meta name=\"twitter:card\" content=\"summary_large_image\" \/>\n<meta name=\"twitter:label1\" content=\"Est. reading time\" \/>\n\t<meta name=\"twitter:data1\" content=\"1 minut\" \/>\n<script type=\"application\/ld+json\" class=\"yoast-schema-graph\">{\"@context\":\"https:\\\/\\\/schema.org\",\"@graph\":[{\"@type\":\"WebPage\",\"@id\":\"https:\\\/\\\/madoskampas.lt\\\/produktas\\\/cozy-quilt-rudens-dygsniuota-striuke\\\/\",\"url\":\"https:\\\/\\\/madoskampas.lt\\\/produktas\\\/cozy-quilt-rudens-dygsniuota-striuke\\\/\",\"name\":\"\u201eCozy Quilt\u201c dygsniuota striuk\u0117 - MadosKampas.lt\",\"isPartOf\":{\"@id\":\"https:\\\/\\\/madoskampas.lt\\\/#website\"},\"primaryImageOfPage\":{\"@id\":\"https:\\\/\\\/madoskampas.lt\\\/produktas\\\/cozy-quilt-rudens-dygsniuota-striuke\\\/#primaryimage\"},\"image\":{\"@id\":\"https:\\\/\\\/madoskampas.lt\\\/produktas\\\/cozy-quilt-rudens-dygsniuota-striuke\\\/#primaryimage\"},\"thumbnailUrl\":\"https:\\\/\\\/madoskampas.lt\\\/wp-content\\\/uploads\\\/2025\\\/09\\\/IMG_7812.jpeg\",\"datePublished\":\"2025-09-15T15:45:37+00:00\",\"dateModified\":\"2026-03-18T11:37:53+00:00\",\"breadcrumb\":{\"@id\":\"https:\\\/\\\/madoskampas.lt\\\/produktas\\\/cozy-quilt-rudens-dygsniuota-striuke\\\/#breadcrumb\"},\"inLanguage\":\"et\",\"potentialAction\":[{\"@type\":\"ReadAction\",\"target\":[\"https:\\\/\\\/madoskampas.lt\\\/produktas\\\/cozy-quilt-rudens-dygsniuota-striuke\\\/\"]}]},{\"@type\":\"ImageObject\",\"inLanguage\":\"et\",\"@id\":\"https:\\\/\\\/madoskampas.lt\\\/produktas\\\/cozy-quilt-rudens-dygsniuota-striuke\\\/#primaryimage\",\"url\":\"https:\\\/\\\/madoskampas.lt\\\/wp-content\\\/uploads\\\/2025\\\/09\\\/IMG_7812.jpeg\",\"contentUrl\":\"https:\\\/\\\/madoskampas.lt\\\/wp-content\\\/uploads\\\/2025\\\/09\\\/IMG_7812.jpeg\",\"width\":1536,\"height\":2048},{\"@type\":\"BreadcrumbList\",\"@id\":\"https:\\\/\\\/madoskampas.lt\\\/produktas\\\/cozy-quilt-rudens-dygsniuota-striuke\\\/#breadcrumb\",\"itemListElement\":[{\"@type\":\"ListItem\",\"position\":1,\"name\":\"Home\",\"item\":\"https:\\\/\\\/madoskampas.lt\\\/\"},{\"@type\":\"ListItem\",\"position\":2,\"name\":\"Parduotuv\u0117\",\"item\":\"https:\\\/\\\/madoskampas.lt\\\/parduotuve-2\\\/\"},{\"@type\":\"ListItem\",\"position\":3,\"name\":\"\u201eCozy Quilt\u201c dygsniuota striuk\u0117\"}]},{\"@type\":\"WebSite\",\"@id\":\"https:\\\/\\\/madoskampas.lt\\\/#website\",\"url\":\"https:\\\/\\\/madoskampas.lt\\\/\",\"name\":\"MadosKampas.lt\",\"description\":\"Stilingi drabu\u017eiai moterims\",\"potentialAction\":[{\"@type\":\"SearchAction\",\"target\":{\"@type\":\"EntryPoint\",\"urlTemplate\":\"https:\\\/\\\/madoskampas.lt\\\/?s={search_term_string}\"},\"query-input\":{\"@type\":\"PropertyValueSpecification\",\"valueRequired\":true,\"valueName\":\"search_term_string\"}}],\"inLanguage\":\"et\"}]}<\/script>\n<!-- \/ Yoast SEO plugin. -->","yoast_head_json":{"title":"\u201eCozy Quilt\u201c dygsniuota striuk\u0117 - MadosKampas.lt","robots":{"index":"index","follow":"follow","max-snippet":"max-snippet:-1","max-image-preview":"max-image-preview:large","max-video-preview":"max-video-preview:-1"},"canonical":"https:\/\/madoskampas.lt\/et\/product-2\/cozy-quilt-rudens-dygsniuota-striuke\/","og_locale":"et_EE","og_type":"article","og_title":"\u201eCozy Quilt\u201c dygsniuota striuk\u0117 - MadosKampas.lt","og_description":"\u201eCozy Quilt\u201c \u2013 pavasario sezono striuk\u0117, kurioje dera komfortas ir stilius. Lengvas dygsniuotas audinys saugo nuo v\u0117jo, o patogus oversize siluetas suteikia laisvumo poj\u016bt\u012f ir leid\u017eia lengvai derinti tiek prie d\u017eins\u0173, tiek prie klasikini\u0173 kelni\u0173 ar sijono. Kontrastin\u0117s detal\u0117s ant rankogali\u0173 ir ki\u0161eni\u0173 suteikia i\u0161skirtinumo, o galimyb\u0117 atversti rankoves leid\u017eia pa\u017eaisti su \u012fvaizd\u017eiu. Tai universali striuk\u0117, puikiai tinkanti rudens sezonui \u2013 nuo miesto pasivaik\u0161\u010diojim\u0173 iki jauki\u0173 savaitgalio i\u0161vyk\u0173. \ud83d\udccf I\u0161matavimai: Dydis universalus, tinka nuo M\u2013XL: kr\u016btin\u0117 \u2013 57 cm | ilgis \u2013 81 cm","og_url":"https:\/\/madoskampas.lt\/et\/product-2\/cozy-quilt-rudens-dygsniuota-striuke\/","og_site_name":"MadosKampas.lt","article_modified_time":"2026-03-18T11:37:53+00:00","og_image":[{"width":1536,"height":2048,"url":"https:\/\/madoskampas.lt\/wp-content\/uploads\/2025\/09\/IMG_7812.jpeg","type":"image\/jpeg"}],"twitter_card":"summary_large_image","twitter_misc":{"Est. reading time":"1 minut"},"schema":{"@context":"https:\/\/schema.org","@graph":[{"@type":"WebPage","@id":"https:\/\/madoskampas.lt\/produktas\/cozy-quilt-rudens-dygsniuota-striuke\/","url":"https:\/\/madoskampas.lt\/produktas\/cozy-quilt-rudens-dygsniuota-striuke\/","name":"\u201eCozy Quilt\u201c dygsniuota striuk\u0117 - MadosKampas.lt","isPartOf":{"@id":"https:\/\/madoskampas.lt\/#website"},"primaryImageOfPage":{"@id":"https:\/\/madoskampas.lt\/produktas\/cozy-quilt-rudens-dygsniuota-striuke\/#primaryimage"},"image":{"@id":"https:\/\/madoskampas.lt\/produktas\/cozy-quilt-rudens-dygsniuota-striuke\/#primaryimage"},"thumbnailUrl":"https:\/\/madoskampas.lt\/wp-content\/uploads\/2025\/09\/IMG_7812.jpeg","datePublished":"2025-09-15T15:45:37+00:00","dateModified":"2026-03-18T11:37:53+00:00","breadcrumb":{"@id":"https:\/\/madoskampas.lt\/produktas\/cozy-quilt-rudens-dygsniuota-striuke\/#breadcrumb"},"inLanguage":"et","potentialAction":[{"@type":"ReadAction","target":["https:\/\/madoskampas.lt\/produktas\/cozy-quilt-rudens-dygsniuota-striuke\/"]}]},{"@type":"ImageObject","inLanguage":"et","@id":"https:\/\/madoskampas.lt\/produktas\/cozy-quilt-rudens-dygsniuota-striuke\/#primaryimage","url":"https:\/\/madoskampas.lt\/wp-content\/uploads\/2025\/09\/IMG_7812.jpeg","contentUrl":"https:\/\/madoskampas.lt\/wp-content\/uploads\/2025\/09\/IMG_7812.jpeg","width":1536,"height":2048},{"@type":"BreadcrumbList","@id":"https:\/\/madoskampas.lt\/produktas\/cozy-quilt-rudens-dygsniuota-striuke\/#breadcrumb","itemListElement":[{"@type":"ListItem","position":1,"name":"Home","item":"https:\/\/madoskampas.lt\/"},{"@type":"ListItem","position":2,"name":"Parduotuv\u0117","item":"https:\/\/madoskampas.lt\/parduotuve-2\/"},{"@type":"ListItem","position":3,"name":"\u201eCozy Quilt\u201c dygsniuota striuk\u0117"}]},{"@type":"WebSite","@id":"https:\/\/madoskampas.lt\/#website","url":"https:\/\/madoskampas.lt\/","name":"FashionKampas.lt","description":"Stiilsed riided naistele","potentialAction":[{"@type":"SearchAction","target":{"@type":"EntryPoint","urlTemplate":"https:\/\/madoskampas.lt\/?s={search_term_string}"},"query-input":{"@type":"PropertyValueSpecification","valueRequired":true,"valueName":"search_term_string"}}],"inLanguage":"et"}]}},"uagb_featured_image_src":{"full":["https:\/\/madoskampas.lt\/wp-content\/uploads\/2025\/09\/IMG_7812.jpeg",1536,2048,false],"thumbnail":["https:\/\/madoskampas.lt\/wp-content\/uploads\/2025\/09\/IMG_7812-150x150.jpeg",150,150,true],"medium":["https:\/\/madoskampas.lt\/wp-content\/uploads\/2025\/09\/IMG_7812-225x300.jpeg",225,300,true],"medium_large":["https:\/\/madoskampas.lt\/wp-content\/uploads\/2025\/09\/IMG_7812-768x1024.jpeg",768,1024,true],"large":["https:\/\/madoskampas.lt\/wp-content\/uploads\/2025\/09\/IMG_7812-768x1024.jpeg",768,1024,true],"1536x1536":["https:\/\/madoskampas.lt\/wp-content\/uploads\/2025\/09\/IMG_7812-1152x1536.jpeg",1152,1536,true],"2048x2048":["https:\/\/madoskampas.lt\/wp-content\/uploads\/2025\/09\/IMG_7812.jpeg",1536,2048,false],"trp-custom-language-flag":["https:\/\/madoskampas.lt\/wp-content\/uploads\/2025\/09\/IMG_7812.jpeg",9,12,false],"nova-image-square":["https:\/\/madoskampas.lt\/wp-content\/uploads\/2025\/09\/IMG_7812-1100x1100.jpeg",1100,1100,true],"mixtas-product-03":["https:\/\/madoskampas.lt\/wp-content\/uploads\/2025\/09\/IMG_7812-600x345.jpeg",600,345,true],"woocommerce_thumbnail":["https:\/\/madoskampas.lt\/wp-content\/uploads\/2025\/09\/IMG_7812-700x700.jpeg",700,700,true],"woocommerce_single":["https:\/\/madoskampas.lt\/wp-content\/uploads\/2025\/09\/IMG_7812-1000x1333.jpeg",1000,1333,true],"woocommerce_gallery_thumbnail":["https:\/\/madoskampas.lt\/wp-content\/uploads\/2025\/09\/IMG_7812-250x250.jpeg",250,250,true],"variation_swatches_image_size":["https:\/\/madoskampas.lt\/wp-content\/uploads\/2025\/09\/IMG_7812-50x50.jpeg",50,50,true],"variation_swatches_tooltip_size":["https:\/\/madoskampas.lt\/wp-content\/uploads\/2025\/09\/IMG_7812-100x100.jpeg",100,100,true]},"uagb_author_info":{"display_name":"algirdasbart","author_link":"https:\/\/madoskampas.lt\/et\/author\/"},"uagb_comment_info":0,"uagb_excerpt":"\u201eCozy Quilt\u201c \u2013 pavasario sezono striuk\u0117, kurioje dera komfortas ir stilius. Lengvas dygsniuotas audinys saugo nuo v\u0117jo, o patogus oversize siluetas suteikia laisvumo poj\u016bt\u012f ir leid\u017eia lengvai derinti tiek prie d\u017eins\u0173, tiek prie klasikini\u0173 kelni\u0173 ar sijono. Kontrastin\u0117s detal\u0117s ant rankogali\u0173 ir ki\u0161eni\u0173 suteikia i\u0161skirtinumo, o galimyb\u0117 atversti rankoves leid\u017eia pa\u017eaisti su \u012fvaizd\u017eiu. Tai universali&hellip;","jetpack_sharing_enabled":true,"_links":{"self":[{"href":"https:\/\/madoskampas.lt\/et\/wp-json\/wp\/v2\/product\/19727","targetHints":{"allow":["GET"]}}],"collection":[{"href":"https:\/\/madoskampas.lt\/et\/wp-json\/wp\/v2\/product"}],"about":[{"href":"https:\/\/madoskampas.lt\/et\/wp-json\/wp\/v2\/types\/product"}],"replies":[{"embeddable":true,"href":"https:\/\/madoskampas.lt\/et\/wp-json\/wp\/v2\/comments?post=19727"}],"wp:featuredmedia":[{"embeddable":true,"href":"https:\/\/madoskampas.lt\/et\/wp-json\/wp\/v2\/media\/20260"}],"wp:attachment":[{"href":"https:\/\/madoskampas.lt\/et\/wp-json\/wp\/v2\/media?parent=19727"}],"wp:term":[{"taxonomy":"product_brand","embeddable":true,"href":"https:\/\/madoskampas.lt\/et\/wp-json\/wp\/v2\/product_brand?post=19727"},{"taxonomy":"product_cat","embeddable":true,"href":"https:\/\/madoskampas.lt\/et\/wp-json\/wp\/v2\/product_cat?post=19727"},{"taxonomy":"product_tag","embeddable":true,"href":"https:\/\/madoskampas.lt\/et\/wp-json\/wp\/v2\/product_tag?post=19727"}],"curies":[{"name":"wp","href":"https:\/\/api.w.org\/{rel}","templated":true}]}}