{"id":20898,"date":"2025-10-07T15:23:07","date_gmt":"2025-10-07T15:23:07","guid":{"rendered":"https:\/\/madoskampas.lt\/?post_type=product&#038;p=20898"},"modified":"2026-03-05T09:12:06","modified_gmt":"2026-03-05T09:12:06","slug":"black-velvet-warmth-verstos-odos-batai-su-naturaliu-kailiu","status":"publish","type":"product","link":"https:\/\/madoskampas.lt\/et\/product-2\/black-velvet-warmth-verstos-odos-batai-su-naturaliu-kailiu\/","title":{"rendered":"Black Velvet Warmth \u2013 verstos odos batai su nat\u016braliu kailiu"},"content":{"rendered":"<p>Stiilsed ja soojad jalatsid, mis on valmistatud kvaliteetsest materjalist <strong data-start=\"319\" data-end=\"335\">mokkanahk<\/strong>.<br data-start=\"336\" data-end=\"339\" \/>Ta n\u00e4eb - <strong data-start=\"348\" data-end=\"368\">looduslik karusnahk<\/strong>, mugavuse ja soojuse tagamiseks ka k\u00f5ige k\u00fclmemal p\u00e4eval.<br data-start=\"424\" data-end=\"427\" \/>Tvirta platforma suteikia stabilumo bei \u0161iek tiek auk\u0161\u010dio, o <strong data-start=\"488\" data-end=\"511\">matin\u0117 juoda spalva<\/strong> i\u0161laiko eleganti\u0161k\u0105, minimalistin\u012f \u012fvaizd\u012f.<br data-start=\"555\" data-end=\"558\" \/>Neid saab h\u00f5lpsasti kombineerida vabaaja riietusega, alates teksadest kuni mantlite v\u00f5i pintsakuteni.<br data-start=\"644\" data-end=\"647\" \/>Ideaalne valik neile, kes soovivad kombineerida mugavust, kvaliteeti ja kaasaegset stiili.<\/p>","protected":false},"excerpt":{"rendered":"<p data-start=\"266\" data-end=\"723\">Stiilsed ja soojad jalatsid, mis on valmistatud kvaliteetsest materjalist <strong data-start=\"319\" data-end=\"335\">mokkanahk<\/strong>.<br data-start=\"336\" data-end=\"339\" \/>Ta n\u00e4eb - <strong data-start=\"348\" data-end=\"368\">looduslik karusnahk<\/strong>, mugavuse ja soojuse tagamiseks ka k\u00f5ige k\u00fclmemal p\u00e4eval.<br data-start=\"424\" data-end=\"427\" \/>Tvirta platforma suteikia stabilumo bei \u0161iek tiek auk\u0161\u010dio, o <strong data-start=\"488\" data-end=\"511\">matin\u0117 juoda spalva<\/strong> i\u0161laiko eleganti\u0161k\u0105, minimalistin\u012f \u012fvaizd\u012f.<br data-start=\"555\" data-end=\"558\" \/>Neid saab h\u00f5lpsasti kombineerida vabaaja riietusega, alates teksadest kuni mantlite v\u00f5i pintsakuteni.<br data-start=\"644\" data-end=\"647\" \/>Ideaalne valik neile, kes soovivad kombineerida mugavust, kvaliteeti ja kaasaegset stiili.<\/p>\n<p data-start=\"725\" data-end=\"739\"><strong data-start=\"725\" data-end=\"737\">\u00dcksikasjad:<\/strong><\/p>\n<ul data-start=\"740\" data-end=\"865\">\n<li data-start=\"740\" data-end=\"757\">\n<p data-start=\"742\" data-end=\"757\">Spalva: juoda<\/p>\n<\/li>\n<li data-start=\"758\" data-end=\"779\">\n<p data-start=\"760\" data-end=\"779\">V\u00e4lisosa: mokkanahk<\/p>\n<\/li>\n<li data-start=\"780\" data-end=\"807\">\n<p data-start=\"782\" data-end=\"807\">Sees: naturaalne karusnahk<\/p>\n<\/li>\n<li data-start=\"808\" data-end=\"840\">\n<p data-start=\"810\" data-end=\"840\">Tall: kerge, libisemisvastane<\/p>\n<\/li>\n<li data-start=\"841\" data-end=\"865\">\n<p data-start=\"843\" data-end=\"865\">Hooaeg: s\u00fcgis-talv<\/p>\n<\/li>\n<\/ul>","protected":false},"featured_media":21153,"comment_status":"open","ping_status":"closed","template":"","meta":{"_uag_custom_page_level_css":"","_monsterinsights_skip_tracking":false,"_monsterinsights_sitenote_active":false,"_monsterinsights_sitenote_note":"","_monsterinsights_sitenote_category":0},"product_brand":[],"product_cat":[83,81,95],"product_tag":[],"class_list":{"0":"post-20898","1":"product","2":"type-product","3":"status-publish","4":"has-post-thumbnail","6":"product_cat-aulinukai","7":"product_cat-avalyne","8":"product_cat-naujausi","9":"tm-has-options","11":"first","12":"outofstock","13":"sale","14":"shipping-taxable","15":"purchasable","16":"product-type-variable"},"yoast_head":"<!-- This site is optimized with the Yoast SEO plugin v27.3 - https:\/\/yoast.com\/product\/yoast-seo-wordpress\/ -->\n<title>Black Velvet Warmth \u2013 verstos odos batai su nat\u016braliu kailiu - MadosKampas.lt<\/title>\n<meta name=\"robots\" content=\"index, follow, max-snippet:-1, max-image-preview:large, max-video-preview:-1\" \/>\n<link rel=\"canonical\" href=\"https:\/\/madoskampas.lt\/et\/product-2\/black-velvet-warmth-verstos-odos-batai-su-naturaliu-kailiu\/\" \/>\n<meta property=\"og:locale\" content=\"et_EE\" \/>\n<meta property=\"og:type\" content=\"article\" \/>\n<meta property=\"og:title\" content=\"Black Velvet Warmth \u2013 verstos odos batai su nat\u016braliu kailiu - MadosKampas.lt\" \/>\n<meta property=\"og:description\" content=\"Stilingi ir \u0161ilti batai pagaminti i\u0161 auk\u0161tos kokyb\u0117s verstos odos.Viduje \u2013 nat\u016bralus kailis, u\u017etikrinantis komfort\u0105 ir \u0161ilum\u0105 net \u0161al\u010diausi\u0105 dien\u0105.Tvirta platforma suteikia stabilumo bei \u0161iek tiek auk\u0161\u010dio, o matin\u0117 juoda spalva i\u0161laiko eleganti\u0161k\u0105, minimalistin\u012f \u012fvaizd\u012f.Lengvai derinami prie kasdien\u0117s aprangos \u2013 nuo d\u017eins\u0173 iki paltuko ar p\u016bkin\u0117s striuk\u0117s.Tobulas pasirinkimas norin\u010dioms derinti jaukum\u0105, kokyb\u0119 ir modern\u0173 stili\u0173. Detal\u0117s:     Spalva: juoda    I\u0161or\u0117: versta oda    Vidus: nat\u016bralus kailis    Padas: lengvas, neslystantis    Sezonas: ruduo\u2013\u017eiema\" \/>\n<meta property=\"og:url\" content=\"https:\/\/madoskampas.lt\/et\/product-2\/black-velvet-warmth-verstos-odos-batai-su-naturaliu-kailiu\/\" \/>\n<meta property=\"og:site_name\" content=\"MadosKampas.lt\" \/>\n<meta property=\"article:modified_time\" content=\"2026-03-05T09:12:06+00:00\" \/>\n<meta property=\"og:image\" content=\"https:\/\/madoskampas.lt\/wp-content\/uploads\/2025\/10\/IMG_9726.jpeg\" \/>\n\t<meta property=\"og:image:width\" content=\"1330\" \/>\n\t<meta property=\"og:image:height\" content=\"2364\" \/>\n\t<meta property=\"og:image:type\" content=\"image\/jpeg\" \/>\n<meta name=\"twitter:card\" content=\"summary_large_image\" \/>\n<meta name=\"twitter:label1\" content=\"Est. reading time\" \/>\n\t<meta name=\"twitter:data1\" content=\"1 minut\" \/>\n<script type=\"application\/ld+json\" class=\"yoast-schema-graph\">{\"@context\":\"https:\\\/\\\/schema.org\",\"@graph\":[{\"@type\":\"WebPage\",\"@id\":\"https:\\\/\\\/madoskampas.lt\\\/produktas\\\/black-velvet-warmth-verstos-odos-batai-su-naturaliu-kailiu\\\/\",\"url\":\"https:\\\/\\\/madoskampas.lt\\\/produktas\\\/black-velvet-warmth-verstos-odos-batai-su-naturaliu-kailiu\\\/\",\"name\":\"Black Velvet Warmth \u2013 verstos odos batai su nat\u016braliu kailiu - MadosKampas.lt\",\"isPartOf\":{\"@id\":\"https:\\\/\\\/madoskampas.lt\\\/#website\"},\"primaryImageOfPage\":{\"@id\":\"https:\\\/\\\/madoskampas.lt\\\/produktas\\\/black-velvet-warmth-verstos-odos-batai-su-naturaliu-kailiu\\\/#primaryimage\"},\"image\":{\"@id\":\"https:\\\/\\\/madoskampas.lt\\\/produktas\\\/black-velvet-warmth-verstos-odos-batai-su-naturaliu-kailiu\\\/#primaryimage\"},\"thumbnailUrl\":\"https:\\\/\\\/madoskampas.lt\\\/wp-content\\\/uploads\\\/2025\\\/10\\\/IMG_9726.jpeg\",\"datePublished\":\"2025-10-07T15:23:07+00:00\",\"dateModified\":\"2026-03-05T09:12:06+00:00\",\"breadcrumb\":{\"@id\":\"https:\\\/\\\/madoskampas.lt\\\/produktas\\\/black-velvet-warmth-verstos-odos-batai-su-naturaliu-kailiu\\\/#breadcrumb\"},\"inLanguage\":\"et\",\"potentialAction\":[{\"@type\":\"ReadAction\",\"target\":[\"https:\\\/\\\/madoskampas.lt\\\/produktas\\\/black-velvet-warmth-verstos-odos-batai-su-naturaliu-kailiu\\\/\"]}]},{\"@type\":\"ImageObject\",\"inLanguage\":\"et\",\"@id\":\"https:\\\/\\\/madoskampas.lt\\\/produktas\\\/black-velvet-warmth-verstos-odos-batai-su-naturaliu-kailiu\\\/#primaryimage\",\"url\":\"https:\\\/\\\/madoskampas.lt\\\/wp-content\\\/uploads\\\/2025\\\/10\\\/IMG_9726.jpeg\",\"contentUrl\":\"https:\\\/\\\/madoskampas.lt\\\/wp-content\\\/uploads\\\/2025\\\/10\\\/IMG_9726.jpeg\",\"width\":1330,\"height\":2364},{\"@type\":\"BreadcrumbList\",\"@id\":\"https:\\\/\\\/madoskampas.lt\\\/produktas\\\/black-velvet-warmth-verstos-odos-batai-su-naturaliu-kailiu\\\/#breadcrumb\",\"itemListElement\":[{\"@type\":\"ListItem\",\"position\":1,\"name\":\"Home\",\"item\":\"https:\\\/\\\/madoskampas.lt\\\/\"},{\"@type\":\"ListItem\",\"position\":2,\"name\":\"Parduotuv\u0117\",\"item\":\"https:\\\/\\\/madoskampas.lt\\\/parduotuve-2\\\/\"},{\"@type\":\"ListItem\",\"position\":3,\"name\":\"Black Velvet Warmth \u2013 verstos odos batai su nat\u016braliu kailiu\"}]},{\"@type\":\"WebSite\",\"@id\":\"https:\\\/\\\/madoskampas.lt\\\/#website\",\"url\":\"https:\\\/\\\/madoskampas.lt\\\/\",\"name\":\"MadosKampas.lt\",\"description\":\"Stilingi drabu\u017eiai moterims\",\"potentialAction\":[{\"@type\":\"SearchAction\",\"target\":{\"@type\":\"EntryPoint\",\"urlTemplate\":\"https:\\\/\\\/madoskampas.lt\\\/?s={search_term_string}\"},\"query-input\":{\"@type\":\"PropertyValueSpecification\",\"valueRequired\":true,\"valueName\":\"search_term_string\"}}],\"inLanguage\":\"et\"}]}<\/script>\n<!-- \/ Yoast SEO plugin. -->","yoast_head_json":{"title":"Black Velvet Warmth \u2013 verstos odos batai su nat\u016braliu kailiu - MadosKampas.lt","robots":{"index":"index","follow":"follow","max-snippet":"max-snippet:-1","max-image-preview":"max-image-preview:large","max-video-preview":"max-video-preview:-1"},"canonical":"https:\/\/madoskampas.lt\/et\/product-2\/black-velvet-warmth-verstos-odos-batai-su-naturaliu-kailiu\/","og_locale":"et_EE","og_type":"article","og_title":"Black Velvet Warmth \u2013 verstos odos batai su nat\u016braliu kailiu - MadosKampas.lt","og_description":"Stilingi ir \u0161ilti batai pagaminti i\u0161 auk\u0161tos kokyb\u0117s verstos odos.Viduje \u2013 nat\u016bralus kailis, u\u017etikrinantis komfort\u0105 ir \u0161ilum\u0105 net \u0161al\u010diausi\u0105 dien\u0105.Tvirta platforma suteikia stabilumo bei \u0161iek tiek auk\u0161\u010dio, o matin\u0117 juoda spalva i\u0161laiko eleganti\u0161k\u0105, minimalistin\u012f \u012fvaizd\u012f.Lengvai derinami prie kasdien\u0117s aprangos \u2013 nuo d\u017eins\u0173 iki paltuko ar p\u016bkin\u0117s striuk\u0117s.Tobulas pasirinkimas norin\u010dioms derinti jaukum\u0105, kokyb\u0119 ir modern\u0173 stili\u0173. Detal\u0117s:     Spalva: juoda    I\u0161or\u0117: versta oda    Vidus: nat\u016bralus kailis    Padas: lengvas, neslystantis    Sezonas: ruduo\u2013\u017eiema","og_url":"https:\/\/madoskampas.lt\/et\/product-2\/black-velvet-warmth-verstos-odos-batai-su-naturaliu-kailiu\/","og_site_name":"MadosKampas.lt","article_modified_time":"2026-03-05T09:12:06+00:00","og_image":[{"width":1330,"height":2364,"url":"https:\/\/madoskampas.lt\/wp-content\/uploads\/2025\/10\/IMG_9726.jpeg","type":"image\/jpeg"}],"twitter_card":"summary_large_image","twitter_misc":{"Est. reading time":"1 minut"},"schema":{"@context":"https:\/\/schema.org","@graph":[{"@type":"WebPage","@id":"https:\/\/madoskampas.lt\/produktas\/black-velvet-warmth-verstos-odos-batai-su-naturaliu-kailiu\/","url":"https:\/\/madoskampas.lt\/produktas\/black-velvet-warmth-verstos-odos-batai-su-naturaliu-kailiu\/","name":"Black Velvet Warmth \u2013 verstos odos batai su nat\u016braliu kailiu - MadosKampas.lt","isPartOf":{"@id":"https:\/\/madoskampas.lt\/#website"},"primaryImageOfPage":{"@id":"https:\/\/madoskampas.lt\/produktas\/black-velvet-warmth-verstos-odos-batai-su-naturaliu-kailiu\/#primaryimage"},"image":{"@id":"https:\/\/madoskampas.lt\/produktas\/black-velvet-warmth-verstos-odos-batai-su-naturaliu-kailiu\/#primaryimage"},"thumbnailUrl":"https:\/\/madoskampas.lt\/wp-content\/uploads\/2025\/10\/IMG_9726.jpeg","datePublished":"2025-10-07T15:23:07+00:00","dateModified":"2026-03-05T09:12:06+00:00","breadcrumb":{"@id":"https:\/\/madoskampas.lt\/produktas\/black-velvet-warmth-verstos-odos-batai-su-naturaliu-kailiu\/#breadcrumb"},"inLanguage":"et","potentialAction":[{"@type":"ReadAction","target":["https:\/\/madoskampas.lt\/produktas\/black-velvet-warmth-verstos-odos-batai-su-naturaliu-kailiu\/"]}]},{"@type":"ImageObject","inLanguage":"et","@id":"https:\/\/madoskampas.lt\/produktas\/black-velvet-warmth-verstos-odos-batai-su-naturaliu-kailiu\/#primaryimage","url":"https:\/\/madoskampas.lt\/wp-content\/uploads\/2025\/10\/IMG_9726.jpeg","contentUrl":"https:\/\/madoskampas.lt\/wp-content\/uploads\/2025\/10\/IMG_9726.jpeg","width":1330,"height":2364},{"@type":"BreadcrumbList","@id":"https:\/\/madoskampas.lt\/produktas\/black-velvet-warmth-verstos-odos-batai-su-naturaliu-kailiu\/#breadcrumb","itemListElement":[{"@type":"ListItem","position":1,"name":"Home","item":"https:\/\/madoskampas.lt\/"},{"@type":"ListItem","position":2,"name":"Parduotuv\u0117","item":"https:\/\/madoskampas.lt\/parduotuve-2\/"},{"@type":"ListItem","position":3,"name":"Black Velvet Warmth \u2013 verstos odos batai su nat\u016braliu kailiu"}]},{"@type":"WebSite","@id":"https:\/\/madoskampas.lt\/#website","url":"https:\/\/madoskampas.lt\/","name":"FashionKampas.lt","description":"Stiilsed riided naistele","potentialAction":[{"@type":"SearchAction","target":{"@type":"EntryPoint","urlTemplate":"https:\/\/madoskampas.lt\/?s={search_term_string}"},"query-input":{"@type":"PropertyValueSpecification","valueRequired":true,"valueName":"search_term_string"}}],"inLanguage":"et"}]}},"uagb_featured_image_src":{"full":["https:\/\/madoskampas.lt\/wp-content\/uploads\/2025\/10\/IMG_9726.jpeg",1330,2364,false],"thumbnail":["https:\/\/madoskampas.lt\/wp-content\/uploads\/2025\/10\/IMG_9726-150x150.jpeg",150,150,true],"medium":["https:\/\/madoskampas.lt\/wp-content\/uploads\/2025\/10\/IMG_9726-169x300.jpeg",169,300,true],"medium_large":["https:\/\/madoskampas.lt\/wp-content\/uploads\/2025\/10\/IMG_9726-768x1365.jpeg",768,1365,true],"large":["https:\/\/madoskampas.lt\/wp-content\/uploads\/2025\/10\/IMG_9726-576x1024.jpeg",576,1024,true],"1536x1536":["https:\/\/madoskampas.lt\/wp-content\/uploads\/2025\/10\/IMG_9726-864x1536.jpeg",864,1536,true],"2048x2048":["https:\/\/madoskampas.lt\/wp-content\/uploads\/2025\/10\/IMG_9726-1152x2048.jpeg",1152,2048,true],"trp-custom-language-flag":["https:\/\/madoskampas.lt\/wp-content\/uploads\/2025\/10\/IMG_9726.jpeg",7,12,false],"nova-image-square":["https:\/\/madoskampas.lt\/wp-content\/uploads\/2025\/10\/IMG_9726-1100x1100.jpeg",1100,1100,true],"mixtas-product-03":["https:\/\/madoskampas.lt\/wp-content\/uploads\/2025\/10\/IMG_9726-600x345.jpeg",600,345,true],"woocommerce_thumbnail":["https:\/\/madoskampas.lt\/wp-content\/uploads\/2025\/10\/IMG_9726-700x700.jpeg",700,700,true],"woocommerce_single":["https:\/\/madoskampas.lt\/wp-content\/uploads\/2025\/10\/IMG_9726-1000x1777.jpeg",1000,1777,true],"woocommerce_gallery_thumbnail":["https:\/\/madoskampas.lt\/wp-content\/uploads\/2025\/10\/IMG_9726-250x250.jpeg",250,250,true],"variation_swatches_image_size":["https:\/\/madoskampas.lt\/wp-content\/uploads\/2025\/10\/IMG_9726-50x50.jpeg",50,50,true],"variation_swatches_tooltip_size":["https:\/\/madoskampas.lt\/wp-content\/uploads\/2025\/10\/IMG_9726-100x100.jpeg",100,100,true]},"uagb_author_info":{"display_name":"algirdasbart","author_link":"https:\/\/madoskampas.lt\/et\/author\/"},"uagb_comment_info":0,"uagb_excerpt":"Stilingi ir \u0161ilti batai pagaminti i\u0161 auk\u0161tos kokyb\u0117s verstos odos.Viduje \u2013 nat\u016bralus kailis, u\u017etikrinantis komfort\u0105 ir \u0161ilum\u0105 net \u0161al\u010diausi\u0105 dien\u0105.Tvirta platforma suteikia stabilumo bei \u0161iek tiek auk\u0161\u010dio, o matin\u0117 juoda spalva i\u0161laiko eleganti\u0161k\u0105, minimalistin\u012f \u012fvaizd\u012f.Lengvai derinami prie kasdien\u0117s aprangos \u2013 nuo d\u017eins\u0173 iki paltuko ar p\u016bkin\u0117s striuk\u0117s.Tobulas pasirinkimas norin\u010dioms derinti jaukum\u0105, kokyb\u0119 ir modern\u0173 stili\u0173.&hellip;","jetpack_sharing_enabled":true,"_links":{"self":[{"href":"https:\/\/madoskampas.lt\/et\/wp-json\/wp\/v2\/product\/20898","targetHints":{"allow":["GET"]}}],"collection":[{"href":"https:\/\/madoskampas.lt\/et\/wp-json\/wp\/v2\/product"}],"about":[{"href":"https:\/\/madoskampas.lt\/et\/wp-json\/wp\/v2\/types\/product"}],"replies":[{"embeddable":true,"href":"https:\/\/madoskampas.lt\/et\/wp-json\/wp\/v2\/comments?post=20898"}],"wp:featuredmedia":[{"embeddable":true,"href":"https:\/\/madoskampas.lt\/et\/wp-json\/wp\/v2\/media\/21153"}],"wp:attachment":[{"href":"https:\/\/madoskampas.lt\/et\/wp-json\/wp\/v2\/media?parent=20898"}],"wp:term":[{"taxonomy":"product_brand","embeddable":true,"href":"https:\/\/madoskampas.lt\/et\/wp-json\/wp\/v2\/product_brand?post=20898"},{"taxonomy":"product_cat","embeddable":true,"href":"https:\/\/madoskampas.lt\/et\/wp-json\/wp\/v2\/product_cat?post=20898"},{"taxonomy":"product_tag","embeddable":true,"href":"https:\/\/madoskampas.lt\/et\/wp-json\/wp\/v2\/product_tag?post=20898"}],"curies":[{"name":"wp","href":"https:\/\/api.w.org\/{rel}","templated":true}]}}