{"id":21100,"date":"2025-10-09T10:15:07","date_gmt":"2025-10-09T10:15:07","guid":{"rendered":"https:\/\/madoskampas.lt\/?post_type=product&#038;p=21100"},"modified":"2026-04-10T09:35:51","modified_gmt":"2026-04-10T09:35:51","slug":"satin-grace-sijonas","status":"publish","type":"product","link":"https:\/\/madoskampas.lt\/et\/product-2\/satin-grace-sijonas\/","title":{"rendered":"\u201eSatin Grace\u201c sijonas"},"content":{"rendered":"<p>\u0160velniai krintantis, eleganti\u0161kai \u017evilgantis <strong data-start=\"439\" data-end=\"464\">\u201eSatin Grace\u201c sijonas<\/strong> \u2013 tai subtilios prabangos ir kasdienio patogumo derinys.<br data-start=\"521\" data-end=\"524\" \/>Jo laisva forma ir tamprus liemuo leid\u017eia jaustis lengvai bei nevar\u017eomai, o satino blizgesys suteikia i\u0161skirtinio moteri\u0161kumo.<\/p>","protected":false},"excerpt":{"rendered":"<p data-start=\"394\" data-end=\"652\">\u0160velniai krintantis, eleganti\u0161kai \u017evilgantis <strong data-start=\"439\" data-end=\"464\">\u201eSatin Grace\u201c sijonas<\/strong> \u2013 tai subtilios prabangos ir kasdienio patogumo derinys.<br data-start=\"521\" data-end=\"524\" \/>Jo laisva forma ir tamprus liemuo leid\u017eia jaustis lengvai bei nevar\u017eomai, o satino blizgesys suteikia i\u0161skirtinio moteri\u0161kumo.<\/p>\n<p data-start=\"654\" data-end=\"776\">Tobulas pasirinkimas tiek prie p\u016bkuoto megztuko, tiek prie klasikin\u0117s palaidin\u0117s \u2013 visada atrodysi stilingai ir jaukiai.<\/p>\n<p data-start=\"778\" data-end=\"829\"><strong data-start=\"778\" data-end=\"789\">V\u00e4rv:<\/strong> juoda ir \u0161okoladin\u0117<br data-start=\"795\" data-end=\"798\" \/><strong data-start=\"798\" data-end=\"808\">Dydis:<\/strong> tinka nuo S iki L<\/p>\n<p data-start=\"831\" data-end=\"849\"><strong data-start=\"831\" data-end=\"847\">M\u00f5\u00f5tmed:<\/strong><\/p>\n<ul data-start=\"850\" data-end=\"928\">\n<li data-start=\"850\" data-end=\"867\">\n<p data-start=\"852\" data-end=\"867\">Ilgis \u2013 95 cm<\/p>\n<\/li>\n<li data-start=\"868\" data-end=\"909\">\n<p data-start=\"870\" data-end=\"909\">Liemuo \u2013 37 cm (i\u0161sitempia iki 48 cm)<\/p>\n<\/li>\n<li data-start=\"910\" data-end=\"928\">\n<p data-start=\"912\" data-end=\"928\">Klubai \u2013 63 cm<\/p>\n<\/li>\n<\/ul>\n<p data-start=\"930\" data-end=\"973\"><strong data-start=\"930\" data-end=\"942\">Koostis:<\/strong> poliesteris su satino efektu<\/p>","protected":false},"featured_media":22583,"comment_status":"open","ping_status":"closed","template":"","meta":{"_uag_custom_page_level_css":"","_monsterinsights_skip_tracking":false,"_monsterinsights_sitenote_active":false,"_monsterinsights_sitenote_note":"","_monsterinsights_sitenote_category":0},"product_brand":[],"product_cat":[66,75],"product_tag":[],"class_list":{"0":"post-21100","1":"product","2":"type-product","3":"status-publish","4":"has-post-thumbnail","6":"product_cat-drabuziai","7":"product_cat-sijonai","8":"tm-has-options","10":"first","11":"instock","12":"shipping-taxable","13":"purchasable","14":"product-type-variable"},"yoast_head":"<!-- This site is optimized with the Yoast SEO plugin v27.6 - https:\/\/yoast.com\/product\/yoast-seo-wordpress\/ -->\n<title>\u201eSatin Grace\u201c sijonas - MadosKampas.lt<\/title>\n<meta name=\"robots\" content=\"index, follow, max-snippet:-1, max-image-preview:large, max-video-preview:-1\" \/>\n<link rel=\"canonical\" href=\"https:\/\/madoskampas.lt\/et\/product-2\/satin-grace-sijonas\/\" \/>\n<meta property=\"og:locale\" content=\"et_EE\" \/>\n<meta property=\"og:type\" content=\"article\" \/>\n<meta property=\"og:title\" content=\"\u201eSatin Grace\u201c sijonas - MadosKampas.lt\" \/>\n<meta property=\"og:description\" content=\"\u0160velniai krintantis, eleganti\u0161kai \u017evilgantis \u201eSatin Grace\u201c sijonas \u2013 tai subtilios prabangos ir kasdienio patogumo derinys.Jo laisva forma ir tamprus liemuo leid\u017eia jaustis lengvai bei nevar\u017eomai, o satino blizgesys suteikia i\u0161skirtinio moteri\u0161kumo. Tobulas pasirinkimas tiek prie p\u016bkuoto megztuko, tiek prie klasikin\u0117s palaidin\u0117s \u2013 visada atrodysi stilingai ir jaukiai. Spalva: juoda ir \u0161okoladin\u0117Dydis: tinka nuo S iki L I\u0161matavimai:     Ilgis \u2013 95 cm    Liemuo \u2013 37 cm (i\u0161sitempia iki 48 cm)    Klubai \u2013 63 cm   Sud\u0117tis: poliesteris su satino efektu\" \/>\n<meta property=\"og:url\" content=\"https:\/\/madoskampas.lt\/et\/product-2\/satin-grace-sijonas\/\" \/>\n<meta property=\"og:site_name\" content=\"MadosKampas.lt\" \/>\n<meta property=\"article:modified_time\" content=\"2026-04-10T09:35:51+00:00\" \/>\n<meta property=\"og:image\" content=\"https:\/\/madoskampas.lt\/wp-content\/uploads\/2025\/10\/IMG_2170.jpeg\" \/>\n\t<meta property=\"og:image:width\" content=\"1536\" \/>\n\t<meta property=\"og:image:height\" content=\"2048\" \/>\n\t<meta property=\"og:image:type\" content=\"image\/jpeg\" \/>\n<meta name=\"twitter:card\" content=\"summary_large_image\" \/>\n<meta name=\"twitter:label1\" content=\"Est. reading time\" \/>\n\t<meta name=\"twitter:data1\" content=\"1 minut\" \/>\n<script type=\"application\/ld+json\" class=\"yoast-schema-graph\">{\"@context\":\"https:\\\/\\\/schema.org\",\"@graph\":[{\"@type\":\"WebPage\",\"@id\":\"https:\\\/\\\/madoskampas.lt\\\/produktas\\\/satin-grace-sijonas\\\/\",\"url\":\"https:\\\/\\\/madoskampas.lt\\\/produktas\\\/satin-grace-sijonas\\\/\",\"name\":\"\u201eSatin Grace\u201c sijonas - MadosKampas.lt\",\"isPartOf\":{\"@id\":\"https:\\\/\\\/madoskampas.lt\\\/#website\"},\"primaryImageOfPage\":{\"@id\":\"https:\\\/\\\/madoskampas.lt\\\/produktas\\\/satin-grace-sijonas\\\/#primaryimage\"},\"image\":{\"@id\":\"https:\\\/\\\/madoskampas.lt\\\/produktas\\\/satin-grace-sijonas\\\/#primaryimage\"},\"thumbnailUrl\":\"https:\\\/\\\/madoskampas.lt\\\/wp-content\\\/uploads\\\/2025\\\/10\\\/IMG_2170.jpeg\",\"datePublished\":\"2025-10-09T10:15:07+00:00\",\"dateModified\":\"2026-04-10T09:35:51+00:00\",\"breadcrumb\":{\"@id\":\"https:\\\/\\\/madoskampas.lt\\\/produktas\\\/satin-grace-sijonas\\\/#breadcrumb\"},\"inLanguage\":\"et\",\"potentialAction\":[{\"@type\":\"ReadAction\",\"target\":[\"https:\\\/\\\/madoskampas.lt\\\/produktas\\\/satin-grace-sijonas\\\/\"]}]},{\"@type\":\"ImageObject\",\"inLanguage\":\"et\",\"@id\":\"https:\\\/\\\/madoskampas.lt\\\/produktas\\\/satin-grace-sijonas\\\/#primaryimage\",\"url\":\"https:\\\/\\\/madoskampas.lt\\\/wp-content\\\/uploads\\\/2025\\\/10\\\/IMG_2170.jpeg\",\"contentUrl\":\"https:\\\/\\\/madoskampas.lt\\\/wp-content\\\/uploads\\\/2025\\\/10\\\/IMG_2170.jpeg\",\"width\":1536,\"height\":2048},{\"@type\":\"BreadcrumbList\",\"@id\":\"https:\\\/\\\/madoskampas.lt\\\/produktas\\\/satin-grace-sijonas\\\/#breadcrumb\",\"itemListElement\":[{\"@type\":\"ListItem\",\"position\":1,\"name\":\"Home\",\"item\":\"https:\\\/\\\/madoskampas.lt\\\/\"},{\"@type\":\"ListItem\",\"position\":2,\"name\":\"Parduotuv\u0117\",\"item\":\"https:\\\/\\\/madoskampas.lt\\\/parduotuve-2\\\/\"},{\"@type\":\"ListItem\",\"position\":3,\"name\":\"\u201eSatin Grace\u201c sijonas\"}]},{\"@type\":\"WebSite\",\"@id\":\"https:\\\/\\\/madoskampas.lt\\\/#website\",\"url\":\"https:\\\/\\\/madoskampas.lt\\\/\",\"name\":\"MadosKampas.lt\",\"description\":\"Stilingi drabu\u017eiai moterims\",\"potentialAction\":[{\"@type\":\"SearchAction\",\"target\":{\"@type\":\"EntryPoint\",\"urlTemplate\":\"https:\\\/\\\/madoskampas.lt\\\/?s={search_term_string}\"},\"query-input\":{\"@type\":\"PropertyValueSpecification\",\"valueRequired\":true,\"valueName\":\"search_term_string\"}}],\"inLanguage\":\"et\"}]}<\/script>\n<!-- \/ Yoast SEO plugin. -->","yoast_head_json":{"title":"\u201eSatin Grace\u201c sijonas - MadosKampas.lt","robots":{"index":"index","follow":"follow","max-snippet":"max-snippet:-1","max-image-preview":"max-image-preview:large","max-video-preview":"max-video-preview:-1"},"canonical":"https:\/\/madoskampas.lt\/et\/product-2\/satin-grace-sijonas\/","og_locale":"et_EE","og_type":"article","og_title":"\u201eSatin Grace\u201c sijonas - MadosKampas.lt","og_description":"\u0160velniai krintantis, eleganti\u0161kai \u017evilgantis \u201eSatin Grace\u201c sijonas \u2013 tai subtilios prabangos ir kasdienio patogumo derinys.Jo laisva forma ir tamprus liemuo leid\u017eia jaustis lengvai bei nevar\u017eomai, o satino blizgesys suteikia i\u0161skirtinio moteri\u0161kumo. Tobulas pasirinkimas tiek prie p\u016bkuoto megztuko, tiek prie klasikin\u0117s palaidin\u0117s \u2013 visada atrodysi stilingai ir jaukiai. Spalva: juoda ir \u0161okoladin\u0117Dydis: tinka nuo S iki L I\u0161matavimai:     Ilgis \u2013 95 cm    Liemuo \u2013 37 cm (i\u0161sitempia iki 48 cm)    Klubai \u2013 63 cm   Sud\u0117tis: poliesteris su satino efektu","og_url":"https:\/\/madoskampas.lt\/et\/product-2\/satin-grace-sijonas\/","og_site_name":"MadosKampas.lt","article_modified_time":"2026-04-10T09:35:51+00:00","og_image":[{"width":1536,"height":2048,"url":"https:\/\/madoskampas.lt\/wp-content\/uploads\/2025\/10\/IMG_2170.jpeg","type":"image\/jpeg"}],"twitter_card":"summary_large_image","twitter_misc":{"Est. reading time":"1 minut"},"schema":{"@context":"https:\/\/schema.org","@graph":[{"@type":"WebPage","@id":"https:\/\/madoskampas.lt\/produktas\/satin-grace-sijonas\/","url":"https:\/\/madoskampas.lt\/produktas\/satin-grace-sijonas\/","name":"\u201eSatin Grace\u201c sijonas - MadosKampas.lt","isPartOf":{"@id":"https:\/\/madoskampas.lt\/#website"},"primaryImageOfPage":{"@id":"https:\/\/madoskampas.lt\/produktas\/satin-grace-sijonas\/#primaryimage"},"image":{"@id":"https:\/\/madoskampas.lt\/produktas\/satin-grace-sijonas\/#primaryimage"},"thumbnailUrl":"https:\/\/madoskampas.lt\/wp-content\/uploads\/2025\/10\/IMG_2170.jpeg","datePublished":"2025-10-09T10:15:07+00:00","dateModified":"2026-04-10T09:35:51+00:00","breadcrumb":{"@id":"https:\/\/madoskampas.lt\/produktas\/satin-grace-sijonas\/#breadcrumb"},"inLanguage":"et","potentialAction":[{"@type":"ReadAction","target":["https:\/\/madoskampas.lt\/produktas\/satin-grace-sijonas\/"]}]},{"@type":"ImageObject","inLanguage":"et","@id":"https:\/\/madoskampas.lt\/produktas\/satin-grace-sijonas\/#primaryimage","url":"https:\/\/madoskampas.lt\/wp-content\/uploads\/2025\/10\/IMG_2170.jpeg","contentUrl":"https:\/\/madoskampas.lt\/wp-content\/uploads\/2025\/10\/IMG_2170.jpeg","width":1536,"height":2048},{"@type":"BreadcrumbList","@id":"https:\/\/madoskampas.lt\/produktas\/satin-grace-sijonas\/#breadcrumb","itemListElement":[{"@type":"ListItem","position":1,"name":"Home","item":"https:\/\/madoskampas.lt\/"},{"@type":"ListItem","position":2,"name":"Parduotuv\u0117","item":"https:\/\/madoskampas.lt\/parduotuve-2\/"},{"@type":"ListItem","position":3,"name":"\u201eSatin Grace\u201c sijonas"}]},{"@type":"WebSite","@id":"https:\/\/madoskampas.lt\/#website","url":"https:\/\/madoskampas.lt\/","name":"FashionKampas.lt","description":"Stiilsed riided naistele","potentialAction":[{"@type":"SearchAction","target":{"@type":"EntryPoint","urlTemplate":"https:\/\/madoskampas.lt\/?s={search_term_string}"},"query-input":{"@type":"PropertyValueSpecification","valueRequired":true,"valueName":"search_term_string"}}],"inLanguage":"et"}]}},"uagb_featured_image_src":{"full":["https:\/\/madoskampas.lt\/wp-content\/uploads\/2025\/10\/IMG_2170.jpeg",1536,2048,false],"thumbnail":["https:\/\/madoskampas.lt\/wp-content\/uploads\/2025\/10\/IMG_2170-150x150.jpeg",150,150,true],"medium":["https:\/\/madoskampas.lt\/wp-content\/uploads\/2025\/10\/IMG_2170-225x300.jpeg",225,300,true],"medium_large":["https:\/\/madoskampas.lt\/wp-content\/uploads\/2025\/10\/IMG_2170-768x1024.jpeg",768,1024,true],"large":["https:\/\/madoskampas.lt\/wp-content\/uploads\/2025\/10\/IMG_2170-768x1024.jpeg",768,1024,true],"1536x1536":["https:\/\/madoskampas.lt\/wp-content\/uploads\/2025\/10\/IMG_2170-1152x1536.jpeg",1152,1536,true],"2048x2048":["https:\/\/madoskampas.lt\/wp-content\/uploads\/2025\/10\/IMG_2170.jpeg",1536,2048,false],"trp-custom-language-flag":["https:\/\/madoskampas.lt\/wp-content\/uploads\/2025\/10\/IMG_2170.jpeg",9,12,false],"nova-image-square":["https:\/\/madoskampas.lt\/wp-content\/uploads\/2025\/10\/IMG_2170-1100x1100.jpeg",1100,1100,true],"mixtas-product-03":["https:\/\/madoskampas.lt\/wp-content\/uploads\/2025\/10\/IMG_2170-600x345.jpeg",600,345,true],"woocommerce_thumbnail":["https:\/\/madoskampas.lt\/wp-content\/uploads\/2025\/10\/IMG_2170-700x700.jpeg",700,700,true],"woocommerce_single":["https:\/\/madoskampas.lt\/wp-content\/uploads\/2025\/10\/IMG_2170-1000x1333.jpeg",1000,1333,true],"woocommerce_gallery_thumbnail":["https:\/\/madoskampas.lt\/wp-content\/uploads\/2025\/10\/IMG_2170-250x250.jpeg",250,250,true],"variation_swatches_image_size":["https:\/\/madoskampas.lt\/wp-content\/uploads\/2025\/10\/IMG_2170-50x50.jpeg",50,50,true],"variation_swatches_tooltip_size":["https:\/\/madoskampas.lt\/wp-content\/uploads\/2025\/10\/IMG_2170-100x100.jpeg",100,100,true]},"uagb_author_info":{"display_name":"algirdasbart","author_link":"https:\/\/madoskampas.lt\/et\/author\/"},"uagb_comment_info":0,"uagb_excerpt":"\u0160velniai krintantis, eleganti\u0161kai \u017evilgantis \u201eSatin Grace\u201c sijonas \u2013 tai subtilios prabangos ir kasdienio patogumo derinys.Jo laisva forma ir tamprus liemuo leid\u017eia jaustis lengvai bei nevar\u017eomai, o satino blizgesys suteikia i\u0161skirtinio moteri\u0161kumo. Tobulas pasirinkimas tiek prie p\u016bkuoto megztuko, tiek prie klasikin\u0117s palaidin\u0117s \u2013 visada atrodysi stilingai ir jaukiai. Spalva: juoda ir \u0161okoladin\u0117Dydis: tinka nuo S iki&hellip;","jetpack_sharing_enabled":true,"_links":{"self":[{"href":"https:\/\/madoskampas.lt\/et\/wp-json\/wp\/v2\/product\/21100","targetHints":{"allow":["GET"]}}],"collection":[{"href":"https:\/\/madoskampas.lt\/et\/wp-json\/wp\/v2\/product"}],"about":[{"href":"https:\/\/madoskampas.lt\/et\/wp-json\/wp\/v2\/types\/product"}],"replies":[{"embeddable":true,"href":"https:\/\/madoskampas.lt\/et\/wp-json\/wp\/v2\/comments?post=21100"}],"wp:featuredmedia":[{"embeddable":true,"href":"https:\/\/madoskampas.lt\/et\/wp-json\/wp\/v2\/media\/22583"}],"wp:attachment":[{"href":"https:\/\/madoskampas.lt\/et\/wp-json\/wp\/v2\/media?parent=21100"}],"wp:term":[{"taxonomy":"product_brand","embeddable":true,"href":"https:\/\/madoskampas.lt\/et\/wp-json\/wp\/v2\/product_brand?post=21100"},{"taxonomy":"product_cat","embeddable":true,"href":"https:\/\/madoskampas.lt\/et\/wp-json\/wp\/v2\/product_cat?post=21100"},{"taxonomy":"product_tag","embeddable":true,"href":"https:\/\/madoskampas.lt\/et\/wp-json\/wp\/v2\/product_tag?post=21100"}],"curies":[{"name":"wp","href":"https:\/\/api.w.org\/{rel}","templated":true}]}}