{"id":23063,"date":"2025-11-10T09:33:39","date_gmt":"2025-11-10T09:33:39","guid":{"rendered":"https:\/\/madoskampas.lt\/?post_type=product&#038;p=23063"},"modified":"2026-01-30T15:15:45","modified_gmt":"2026-01-30T15:15:45","slug":"velvet-charm-velvetines-kelnes","status":"publish","type":"product","link":"https:\/\/madoskampas.lt\/et\/product-2\/velvet-charm-velvetines-kelnes\/","title":{"rendered":"\u201eVelvet Charm p\u00fcksid"},"content":{"rendered":"<p>\u201eVelvet Charm\u201c \u2013 tai keln\u0117s, kurios subtiliai apjungia <strong data-start=\"369\" data-end=\"404\">klasik\u0105, patogum\u0105 ir elegancij\u0105<\/strong>.<br data-start=\"405\" data-end=\"408\" \/>Pagamintos i\u0161 mink\u0161to velvetinio audinio, jos \u0161velniai krinta, pabr\u0117\u017edamos siluet\u0105, ir suteikia i\u0161skirtin\u0117s prabangos poj\u016bt\u012f kasdien.<\/p>","protected":false},"excerpt":{"rendered":"<p data-start=\"314\" data-end=\"543\">\u201eVelvet Charm\u201c \u2013 tai keln\u0117s, kurios subtiliai apjungia <strong data-start=\"369\" data-end=\"404\">klasik\u0105, patogum\u0105 ir elegancij\u0105<\/strong>.<br data-start=\"405\" data-end=\"408\" \/>Pagamintos i\u0161 mink\u0161to velvetinio audinio, jos \u0161velniai krinta, pabr\u0117\u017edamos siluet\u0105, ir suteikia i\u0161skirtin\u0117s prabangos poj\u016bt\u012f kasdien.<\/p>\n<p data-start=\"545\" data-end=\"807\">Lengvai plat\u0117jantis kirpimas ir elastingas juosmuo leid\u017eia jaustis laisvai, o universalus dydis prisitaiko prie \u012fvairi\u0173 fig\u016bros tip\u0173 \u2013 nuo <strong data-start=\"684\" data-end=\"700\">S\/M iki L\/XL<\/strong>.<br data-start=\"701\" data-end=\"704\" \/>Tobulas pasirinkimas tiek kasdienai, tiek i\u0161skirtin\u0117ms progoms \u2013 prie megztinio, mar\u0161kini\u0173 ar \u0161varko.<\/p>\n<p data-start=\"809\" data-end=\"994\"><strong data-start=\"809\" data-end=\"821\">Audinys:<\/strong> velvetas (mink\u0161tas, \u0161velnus, standus audinys su subtiliu blizgesiu)<br data-start=\"889\" data-end=\"892\" \/><strong data-start=\"892\" data-end=\"902\">Ilgis:<\/strong> 106 cm<br data-start=\"909\" data-end=\"912\" \/><strong data-start=\"912\" data-end=\"922\">Dydis:<\/strong> universalus (tinka S\/M\u2013L\/XL)<br data-start=\"951\" data-end=\"954\" \/><strong data-start=\"954\" data-end=\"965\">V\u00e4rv:<\/strong> sodraus \u0161okolado atspalvio ir juodos<\/p>","protected":false},"featured_media":23079,"comment_status":"open","ping_status":"closed","template":"","meta":{"_uag_custom_page_level_css":"","_monsterinsights_skip_tracking":false,"_monsterinsights_sitenote_active":false,"_monsterinsights_sitenote_note":"","_monsterinsights_sitenote_category":0},"product_brand":[],"product_cat":[66,69,95],"product_tag":[],"class_list":{"0":"post-23063","1":"product","2":"type-product","3":"status-publish","4":"has-post-thumbnail","6":"product_cat-drabuziai","7":"product_cat-kelnes","8":"product_cat-naujausi","9":"tm-has-options","11":"first","12":"instock","13":"shipping-taxable","14":"purchasable","15":"product-type-variable"},"yoast_head":"<!-- This site is optimized with the Yoast SEO plugin v27.6 - https:\/\/yoast.com\/product\/yoast-seo-wordpress\/ -->\n<title>\u201eVelvet Charm\u201c velvetin\u0117s keln\u0117s - MadosKampas.lt<\/title>\n<meta name=\"robots\" content=\"index, follow, max-snippet:-1, max-image-preview:large, max-video-preview:-1\" \/>\n<link rel=\"canonical\" href=\"https:\/\/madoskampas.lt\/et\/product-2\/velvet-charm-velvetines-kelnes\/\" \/>\n<meta property=\"og:locale\" content=\"et_EE\" \/>\n<meta property=\"og:type\" content=\"article\" \/>\n<meta property=\"og:title\" content=\"\u201eVelvet Charm\u201c velvetin\u0117s keln\u0117s - MadosKampas.lt\" \/>\n<meta property=\"og:description\" content=\"\u201eVelvet Charm\u201c \u2013 tai keln\u0117s, kurios subtiliai apjungia klasik\u0105, patogum\u0105 ir elegancij\u0105.Pagamintos i\u0161 mink\u0161to velvetinio audinio, jos \u0161velniai krinta, pabr\u0117\u017edamos siluet\u0105, ir suteikia i\u0161skirtin\u0117s prabangos poj\u016bt\u012f kasdien. Lengvai plat\u0117jantis kirpimas ir elastingas juosmuo leid\u017eia jaustis laisvai, o universalus dydis prisitaiko prie \u012fvairi\u0173 fig\u016bros tip\u0173 \u2013 nuo S\/M iki L\/XL.Tobulas pasirinkimas tiek kasdienai, tiek i\u0161skirtin\u0117ms progoms \u2013 prie megztinio, mar\u0161kini\u0173 ar \u0161varko. Audinys: velvetas (mink\u0161tas, \u0161velnus, standus audinys su subtiliu blizgesiu)Ilgis: 106 cmDydis: universalus (tinka S\/M\u2013L\/XL)Spalva: sodraus \u0161okolado atspalvio ir juodos\" \/>\n<meta property=\"og:url\" content=\"https:\/\/madoskampas.lt\/et\/product-2\/velvet-charm-velvetines-kelnes\/\" \/>\n<meta property=\"og:site_name\" content=\"MadosKampas.lt\" \/>\n<meta property=\"article:modified_time\" content=\"2026-01-30T15:15:45+00:00\" \/>\n<meta property=\"og:image\" content=\"https:\/\/madoskampas.lt\/wp-content\/uploads\/2025\/11\/IMG_3078.jpeg\" \/>\n\t<meta property=\"og:image:width\" content=\"1536\" \/>\n\t<meta property=\"og:image:height\" content=\"2048\" \/>\n\t<meta property=\"og:image:type\" content=\"image\/jpeg\" \/>\n<meta name=\"twitter:card\" content=\"summary_large_image\" \/>\n<meta name=\"twitter:label1\" content=\"Est. reading time\" \/>\n\t<meta name=\"twitter:data1\" content=\"1 minut\" \/>\n<script type=\"application\/ld+json\" class=\"yoast-schema-graph\">{\"@context\":\"https:\\\/\\\/schema.org\",\"@graph\":[{\"@type\":\"WebPage\",\"@id\":\"https:\\\/\\\/madoskampas.lt\\\/produktas\\\/velvet-charm-velvetines-kelnes\\\/\",\"url\":\"https:\\\/\\\/madoskampas.lt\\\/produktas\\\/velvet-charm-velvetines-kelnes\\\/\",\"name\":\"\u201eVelvet Charm\u201c velvetin\u0117s keln\u0117s - MadosKampas.lt\",\"isPartOf\":{\"@id\":\"https:\\\/\\\/madoskampas.lt\\\/#website\"},\"primaryImageOfPage\":{\"@id\":\"https:\\\/\\\/madoskampas.lt\\\/produktas\\\/velvet-charm-velvetines-kelnes\\\/#primaryimage\"},\"image\":{\"@id\":\"https:\\\/\\\/madoskampas.lt\\\/produktas\\\/velvet-charm-velvetines-kelnes\\\/#primaryimage\"},\"thumbnailUrl\":\"https:\\\/\\\/madoskampas.lt\\\/wp-content\\\/uploads\\\/2025\\\/11\\\/img_3093-1-scaled.jpeg\",\"datePublished\":\"2025-11-10T09:33:39+00:00\",\"dateModified\":\"2026-01-30T15:15:45+00:00\",\"breadcrumb\":{\"@id\":\"https:\\\/\\\/madoskampas.lt\\\/produktas\\\/velvet-charm-velvetines-kelnes\\\/#breadcrumb\"},\"inLanguage\":\"et\",\"potentialAction\":[{\"@type\":\"ReadAction\",\"target\":[\"https:\\\/\\\/madoskampas.lt\\\/produktas\\\/velvet-charm-velvetines-kelnes\\\/\"]}]},{\"@type\":\"ImageObject\",\"inLanguage\":\"et\",\"@id\":\"https:\\\/\\\/madoskampas.lt\\\/produktas\\\/velvet-charm-velvetines-kelnes\\\/#primaryimage\",\"url\":\"https:\\\/\\\/madoskampas.lt\\\/wp-content\\\/uploads\\\/2025\\\/11\\\/img_3093-1-scaled.jpeg\",\"contentUrl\":\"https:\\\/\\\/madoskampas.lt\\\/wp-content\\\/uploads\\\/2025\\\/11\\\/img_3093-1-scaled.jpeg\",\"width\":1920,\"height\":2560},{\"@type\":\"BreadcrumbList\",\"@id\":\"https:\\\/\\\/madoskampas.lt\\\/produktas\\\/velvet-charm-velvetines-kelnes\\\/#breadcrumb\",\"itemListElement\":[{\"@type\":\"ListItem\",\"position\":1,\"name\":\"Home\",\"item\":\"https:\\\/\\\/madoskampas.lt\\\/\"},{\"@type\":\"ListItem\",\"position\":2,\"name\":\"Parduotuv\u0117\",\"item\":\"https:\\\/\\\/madoskampas.lt\\\/parduotuve-2\\\/\"},{\"@type\":\"ListItem\",\"position\":3,\"name\":\"\u201eVelvet Charm\u201c velvetin\u0117s keln\u0117s\"}]},{\"@type\":\"WebSite\",\"@id\":\"https:\\\/\\\/madoskampas.lt\\\/#website\",\"url\":\"https:\\\/\\\/madoskampas.lt\\\/\",\"name\":\"MadosKampas.lt\",\"description\":\"Stilingi drabu\u017eiai moterims\",\"potentialAction\":[{\"@type\":\"SearchAction\",\"target\":{\"@type\":\"EntryPoint\",\"urlTemplate\":\"https:\\\/\\\/madoskampas.lt\\\/?s={search_term_string}\"},\"query-input\":{\"@type\":\"PropertyValueSpecification\",\"valueRequired\":true,\"valueName\":\"search_term_string\"}}],\"inLanguage\":\"et\"}]}<\/script>\n<!-- \/ Yoast SEO plugin. -->","yoast_head_json":{"title":"\u201eVelvet Charm\u201c velvetin\u0117s keln\u0117s - MadosKampas.lt","robots":{"index":"index","follow":"follow","max-snippet":"max-snippet:-1","max-image-preview":"max-image-preview:large","max-video-preview":"max-video-preview:-1"},"canonical":"https:\/\/madoskampas.lt\/et\/product-2\/velvet-charm-velvetines-kelnes\/","og_locale":"et_EE","og_type":"article","og_title":"\u201eVelvet Charm\u201c velvetin\u0117s keln\u0117s - MadosKampas.lt","og_description":"\u201eVelvet Charm\u201c \u2013 tai keln\u0117s, kurios subtiliai apjungia klasik\u0105, patogum\u0105 ir elegancij\u0105.Pagamintos i\u0161 mink\u0161to velvetinio audinio, jos \u0161velniai krinta, pabr\u0117\u017edamos siluet\u0105, ir suteikia i\u0161skirtin\u0117s prabangos poj\u016bt\u012f kasdien. Lengvai plat\u0117jantis kirpimas ir elastingas juosmuo leid\u017eia jaustis laisvai, o universalus dydis prisitaiko prie \u012fvairi\u0173 fig\u016bros tip\u0173 \u2013 nuo S\/M iki L\/XL.Tobulas pasirinkimas tiek kasdienai, tiek i\u0161skirtin\u0117ms progoms \u2013 prie megztinio, mar\u0161kini\u0173 ar \u0161varko. Audinys: velvetas (mink\u0161tas, \u0161velnus, standus audinys su subtiliu blizgesiu)Ilgis: 106 cmDydis: universalus (tinka S\/M\u2013L\/XL)Spalva: sodraus \u0161okolado atspalvio ir juodos","og_url":"https:\/\/madoskampas.lt\/et\/product-2\/velvet-charm-velvetines-kelnes\/","og_site_name":"MadosKampas.lt","article_modified_time":"2026-01-30T15:15:45+00:00","og_image":[{"width":1536,"height":2048,"url":"https:\/\/madoskampas.lt\/wp-content\/uploads\/2025\/11\/IMG_3078.jpeg","type":"image\/jpeg"}],"twitter_card":"summary_large_image","twitter_misc":{"Est. reading time":"1 minut"},"schema":{"@context":"https:\/\/schema.org","@graph":[{"@type":"WebPage","@id":"https:\/\/madoskampas.lt\/produktas\/velvet-charm-velvetines-kelnes\/","url":"https:\/\/madoskampas.lt\/produktas\/velvet-charm-velvetines-kelnes\/","name":"\u201eVelvet Charm\u201c velvetin\u0117s keln\u0117s - MadosKampas.lt","isPartOf":{"@id":"https:\/\/madoskampas.lt\/#website"},"primaryImageOfPage":{"@id":"https:\/\/madoskampas.lt\/produktas\/velvet-charm-velvetines-kelnes\/#primaryimage"},"image":{"@id":"https:\/\/madoskampas.lt\/produktas\/velvet-charm-velvetines-kelnes\/#primaryimage"},"thumbnailUrl":"https:\/\/madoskampas.lt\/wp-content\/uploads\/2025\/11\/img_3093-1-scaled.jpeg","datePublished":"2025-11-10T09:33:39+00:00","dateModified":"2026-01-30T15:15:45+00:00","breadcrumb":{"@id":"https:\/\/madoskampas.lt\/produktas\/velvet-charm-velvetines-kelnes\/#breadcrumb"},"inLanguage":"et","potentialAction":[{"@type":"ReadAction","target":["https:\/\/madoskampas.lt\/produktas\/velvet-charm-velvetines-kelnes\/"]}]},{"@type":"ImageObject","inLanguage":"et","@id":"https:\/\/madoskampas.lt\/produktas\/velvet-charm-velvetines-kelnes\/#primaryimage","url":"https:\/\/madoskampas.lt\/wp-content\/uploads\/2025\/11\/img_3093-1-scaled.jpeg","contentUrl":"https:\/\/madoskampas.lt\/wp-content\/uploads\/2025\/11\/img_3093-1-scaled.jpeg","width":1920,"height":2560},{"@type":"BreadcrumbList","@id":"https:\/\/madoskampas.lt\/produktas\/velvet-charm-velvetines-kelnes\/#breadcrumb","itemListElement":[{"@type":"ListItem","position":1,"name":"Home","item":"https:\/\/madoskampas.lt\/"},{"@type":"ListItem","position":2,"name":"Parduotuv\u0117","item":"https:\/\/madoskampas.lt\/parduotuve-2\/"},{"@type":"ListItem","position":3,"name":"\u201eVelvet Charm\u201c velvetin\u0117s keln\u0117s"}]},{"@type":"WebSite","@id":"https:\/\/madoskampas.lt\/#website","url":"https:\/\/madoskampas.lt\/","name":"FashionKampas.lt","description":"Stiilsed riided naistele","potentialAction":[{"@type":"SearchAction","target":{"@type":"EntryPoint","urlTemplate":"https:\/\/madoskampas.lt\/?s={search_term_string}"},"query-input":{"@type":"PropertyValueSpecification","valueRequired":true,"valueName":"search_term_string"}}],"inLanguage":"et"}]}},"uagb_featured_image_src":{"full":["https:\/\/madoskampas.lt\/wp-content\/uploads\/2025\/11\/img_3093-1-scaled.jpeg",1920,2560,false],"thumbnail":["https:\/\/madoskampas.lt\/wp-content\/uploads\/2025\/11\/img_3093-1-150x150.jpeg",150,150,true],"medium":["https:\/\/madoskampas.lt\/wp-content\/uploads\/2025\/11\/img_3093-1-225x300.jpeg",225,300,true],"medium_large":["https:\/\/madoskampas.lt\/wp-content\/uploads\/2025\/11\/img_3093-1-768x1024.jpeg",768,1024,true],"large":["https:\/\/madoskampas.lt\/wp-content\/uploads\/2025\/11\/img_3093-1-768x1024.jpeg",768,1024,true],"1536x1536":["https:\/\/madoskampas.lt\/wp-content\/uploads\/2025\/11\/img_3093-1-1152x1536.jpeg",1152,1536,true],"2048x2048":["https:\/\/madoskampas.lt\/wp-content\/uploads\/2025\/11\/img_3093-1-1536x2048.jpeg",1536,2048,true],"trp-custom-language-flag":["https:\/\/madoskampas.lt\/wp-content\/uploads\/2025\/11\/img_3093-1-9x12.jpeg",9,12,true],"nova-image-square":["https:\/\/madoskampas.lt\/wp-content\/uploads\/2025\/11\/img_3093-1-1100x1100.jpeg",1100,1100,true],"mixtas-product-03":["https:\/\/madoskampas.lt\/wp-content\/uploads\/2025\/11\/img_3093-1-600x345.jpeg",600,345,true],"woocommerce_thumbnail":["https:\/\/madoskampas.lt\/wp-content\/uploads\/2025\/11\/img_3093-1-700x700.jpeg",700,700,true],"woocommerce_single":["https:\/\/madoskampas.lt\/wp-content\/uploads\/2025\/11\/img_3093-1-1000x1333.jpeg",1000,1333,true],"woocommerce_gallery_thumbnail":["https:\/\/madoskampas.lt\/wp-content\/uploads\/2025\/11\/img_3093-1-250x250.jpeg",250,250,true],"variation_swatches_image_size":["https:\/\/madoskampas.lt\/wp-content\/uploads\/2025\/11\/img_3093-1-50x50.jpeg",50,50,true],"variation_swatches_tooltip_size":["https:\/\/madoskampas.lt\/wp-content\/uploads\/2025\/11\/img_3093-1-100x100.jpeg",100,100,true]},"uagb_author_info":{"display_name":"algirdasbart","author_link":"https:\/\/madoskampas.lt\/et\/author\/"},"uagb_comment_info":0,"uagb_excerpt":"\u201eVelvet Charm\u201c \u2013 tai keln\u0117s, kurios subtiliai apjungia klasik\u0105, patogum\u0105 ir elegancij\u0105.Pagamintos i\u0161 mink\u0161to velvetinio audinio, jos \u0161velniai krinta, pabr\u0117\u017edamos siluet\u0105, ir suteikia i\u0161skirtin\u0117s prabangos poj\u016bt\u012f kasdien. Lengvai plat\u0117jantis kirpimas ir elastingas juosmuo leid\u017eia jaustis laisvai, o universalus dydis prisitaiko prie \u012fvairi\u0173 fig\u016bros tip\u0173 \u2013 nuo S\/M iki L\/XL.Tobulas pasirinkimas tiek kasdienai, tiek i\u0161skirtin\u0117ms progoms&hellip;","jetpack_sharing_enabled":true,"_links":{"self":[{"href":"https:\/\/madoskampas.lt\/et\/wp-json\/wp\/v2\/product\/23063","targetHints":{"allow":["GET"]}}],"collection":[{"href":"https:\/\/madoskampas.lt\/et\/wp-json\/wp\/v2\/product"}],"about":[{"href":"https:\/\/madoskampas.lt\/et\/wp-json\/wp\/v2\/types\/product"}],"replies":[{"embeddable":true,"href":"https:\/\/madoskampas.lt\/et\/wp-json\/wp\/v2\/comments?post=23063"}],"wp:featuredmedia":[{"embeddable":true,"href":"https:\/\/madoskampas.lt\/et\/wp-json\/wp\/v2\/media\/23079"}],"wp:attachment":[{"href":"https:\/\/madoskampas.lt\/et\/wp-json\/wp\/v2\/media?parent=23063"}],"wp:term":[{"taxonomy":"product_brand","embeddable":true,"href":"https:\/\/madoskampas.lt\/et\/wp-json\/wp\/v2\/product_brand?post=23063"},{"taxonomy":"product_cat","embeddable":true,"href":"https:\/\/madoskampas.lt\/et\/wp-json\/wp\/v2\/product_cat?post=23063"},{"taxonomy":"product_tag","embeddable":true,"href":"https:\/\/madoskampas.lt\/et\/wp-json\/wp\/v2\/product_tag?post=23063"}],"curies":[{"name":"wp","href":"https:\/\/api.w.org\/{rel}","templated":true}]}}