{"id":23084,"date":"2025-11-10T10:20:15","date_gmt":"2025-11-10T10:20:15","guid":{"rendered":"https:\/\/madoskampas.lt\/?post_type=product&#038;p=23084"},"modified":"2025-11-26T19:51:55","modified_gmt":"2025-11-26T19:51:55","slug":"soft-fox-dirbtinio-kailio-kailinukai","status":"publish","type":"product","link":"https:\/\/madoskampas.lt\/et\/product-2\/soft-fox-dirbtinio-kailio-kailinukai\/","title":{"rendered":"\u201eSoft Fox faux fur mantlid"},"content":{"rendered":"<p>\u0160velnumas, kuris atrodo prabangiai.<br data-start=\"333\" data-end=\"336\" \/>\u201eSoft Fox\u201c kailinukai pagaminti i\u0161 auk\u0161tos kokyb\u0117s <strong data-start=\"387\" data-end=\"407\">Kunstkarusnahk<\/strong>, kuris savo i\u0161vaizda ir poj\u016b\u010diu prilygsta nat\u016braliam.<br data-start=\"461\" data-end=\"464\" \/>Lengvas, purus ir \u0161iltas audinys apgaubia \u0161velnumu, o <strong data-start=\"518\" data-end=\"545\">laisvo silueto kirpimas<\/strong> leid\u017eia derinti tiek prie megztinio, tiek prie suknel\u0117s ar sijono.<\/p>","protected":false},"excerpt":{"rendered":"<p data-start=\"298\" data-end=\"614\">\u0160velnumas, kuris atrodo prabangiai.<br data-start=\"333\" data-end=\"336\" \/>\u201eSoft Fox\u201c kailinukai pagaminti i\u0161 auk\u0161tos kokyb\u0117s <strong data-start=\"387\" data-end=\"407\">Kunstkarusnahk<\/strong>, kuris savo i\u0161vaizda ir poj\u016b\u010diu prilygsta nat\u016braliam.<br data-start=\"461\" data-end=\"464\" \/>Lengvas, purus ir \u0161iltas audinys apgaubia \u0161velnumu, o <strong data-start=\"518\" data-end=\"545\">laisvo silueto kirpimas<\/strong> leid\u017eia derinti tiek prie megztinio, tiek prie suknel\u0117s ar sijono.<\/p>\n<p data-start=\"616\" data-end=\"823\">Universaalne suurus sobib alates <strong data-start=\"644\" data-end=\"657\">S\/M iki L<\/strong>, tod\u0117l kailinukai i\u0161lieka patog\u016bs, nevar\u017eo judesi\u0173 ir prisitaiko prie fig\u016bros.<br data-start=\"736\" data-end=\"739\" \/>Trumpesnis modelis pabr\u0117\u017eia liemen\u012f, suteikdamas modern\u0173, miesto stiliaus \u012fvaizd\u012f.<\/p>\n<p data-start=\"825\" data-end=\"947\">Galimi atspalviai:<br data-start=\"843\" data-end=\"846\" \/>\ud83e\udd0e <strong data-start=\"849\" data-end=\"864\">\u0161okolaad<\/strong> \u2013 \u0161iltas ir jaukus tonas<br data-start=\"889\" data-end=\"892\" \/>\ud83d\udda4 <strong data-start=\"895\" data-end=\"905\">must<\/strong> \u2013 klasikin\u0117 elegancija, tinkanti viskam<\/p>\n<p data-start=\"949\" data-end=\"1030\"><strong data-start=\"949\" data-end=\"959\">Ilgis:<\/strong> 60 cm<br data-start=\"965\" data-end=\"968\" \/><strong data-start=\"968\" data-end=\"984\">Per kr\u016btin\u0119:<\/strong> apie 54 cm<br data-start=\"995\" data-end=\"998\" \/><strong data-start=\"998\" data-end=\"1008\">Dydis:<\/strong> universalus (S\/M\u2013L)<\/p>","protected":false},"featured_media":23092,"comment_status":"open","ping_status":"closed","template":"","meta":{"_uag_custom_page_level_css":"","_monsterinsights_skip_tracking":false,"_monsterinsights_sitenote_active":false,"_monsterinsights_sitenote_note":"","_monsterinsights_sitenote_category":0},"product_brand":[],"product_cat":[66,95,77],"product_tag":[],"class_list":{"0":"post-23084","1":"product","2":"type-product","3":"status-publish","4":"has-post-thumbnail","6":"product_cat-drabuziai","7":"product_cat-naujausi","8":"product_cat-striukes-paltai","9":"tm-has-options","11":"first","12":"instock","13":"shipping-taxable","14":"purchasable","15":"product-type-variable"},"yoast_head":"<!-- This site is optimized with the Yoast SEO plugin v27.3 - https:\/\/yoast.com\/product\/yoast-seo-wordpress\/ -->\n<title>\u201eSoft Fox\u201c dirbtinio kailio kailinukai - MadosKampas.lt<\/title>\n<meta name=\"robots\" content=\"index, follow, max-snippet:-1, max-image-preview:large, max-video-preview:-1\" \/>\n<link rel=\"canonical\" href=\"https:\/\/madoskampas.lt\/et\/product-2\/soft-fox-dirbtinio-kailio-kailinukai\/\" \/>\n<meta property=\"og:locale\" content=\"et_EE\" \/>\n<meta property=\"og:type\" content=\"article\" \/>\n<meta property=\"og:title\" content=\"\u201eSoft Fox\u201c dirbtinio kailio kailinukai - MadosKampas.lt\" \/>\n<meta property=\"og:description\" content=\"\u0160velnumas, kuris atrodo prabangiai.\u201eSoft Fox\u201c kailinukai pagaminti i\u0161 auk\u0161tos kokyb\u0117s dirbtinio kailio, kuris savo i\u0161vaizda ir poj\u016b\u010diu prilygsta nat\u016braliam.Lengvas, purus ir \u0161iltas audinys apgaubia \u0161velnumu, o laisvo silueto kirpimas leid\u017eia derinti tiek prie megztinio, tiek prie suknel\u0117s ar sijono. Universalus dydis tinka nuo S\/M iki L, tod\u0117l kailinukai i\u0161lieka patog\u016bs, nevar\u017eo judesi\u0173 ir prisitaiko prie fig\u016bros.Trumpesnis modelis pabr\u0117\u017eia liemen\u012f, suteikdamas modern\u0173, miesto stiliaus \u012fvaizd\u012f. Galimi atspalviai:\ud83e\udd0e \u0161okoladinis \u2013 \u0161iltas ir jaukus tonas\ud83d\udda4 juodas \u2013 klasikin\u0117 elegancija, tinkanti viskam Ilgis: 60 cmPer kr\u016btin\u0119: apie 54 cmDydis: universalus (S\/M\u2013L)\" \/>\n<meta property=\"og:url\" content=\"https:\/\/madoskampas.lt\/et\/product-2\/soft-fox-dirbtinio-kailio-kailinukai\/\" \/>\n<meta property=\"og:site_name\" content=\"MadosKampas.lt\" \/>\n<meta property=\"article:modified_time\" content=\"2025-11-26T19:51:55+00:00\" \/>\n<meta property=\"og:image\" content=\"https:\/\/madoskampas.lt\/wp-content\/uploads\/2025\/11\/IMG_2899-1.jpeg\" \/>\n\t<meta property=\"og:image:width\" content=\"1536\" \/>\n\t<meta property=\"og:image:height\" content=\"2048\" \/>\n\t<meta property=\"og:image:type\" content=\"image\/jpeg\" \/>\n<meta name=\"twitter:card\" content=\"summary_large_image\" \/>\n<meta name=\"twitter:label1\" content=\"Est. reading time\" \/>\n\t<meta name=\"twitter:data1\" content=\"1 minut\" \/>\n<script type=\"application\/ld+json\" class=\"yoast-schema-graph\">{\"@context\":\"https:\\\/\\\/schema.org\",\"@graph\":[{\"@type\":\"WebPage\",\"@id\":\"https:\\\/\\\/madoskampas.lt\\\/produktas\\\/soft-fox-dirbtinio-kailio-kailinukai\\\/\",\"url\":\"https:\\\/\\\/madoskampas.lt\\\/produktas\\\/soft-fox-dirbtinio-kailio-kailinukai\\\/\",\"name\":\"\u201eSoft Fox\u201c dirbtinio kailio kailinukai - MadosKampas.lt\",\"isPartOf\":{\"@id\":\"https:\\\/\\\/madoskampas.lt\\\/#website\"},\"primaryImageOfPage\":{\"@id\":\"https:\\\/\\\/madoskampas.lt\\\/produktas\\\/soft-fox-dirbtinio-kailio-kailinukai\\\/#primaryimage\"},\"image\":{\"@id\":\"https:\\\/\\\/madoskampas.lt\\\/produktas\\\/soft-fox-dirbtinio-kailio-kailinukai\\\/#primaryimage\"},\"thumbnailUrl\":\"https:\\\/\\\/madoskampas.lt\\\/wp-content\\\/uploads\\\/2025\\\/11\\\/IMG_2899-1.jpeg\",\"datePublished\":\"2025-11-10T10:20:15+00:00\",\"dateModified\":\"2025-11-26T19:51:55+00:00\",\"breadcrumb\":{\"@id\":\"https:\\\/\\\/madoskampas.lt\\\/produktas\\\/soft-fox-dirbtinio-kailio-kailinukai\\\/#breadcrumb\"},\"inLanguage\":\"et\",\"potentialAction\":[{\"@type\":\"ReadAction\",\"target\":[\"https:\\\/\\\/madoskampas.lt\\\/produktas\\\/soft-fox-dirbtinio-kailio-kailinukai\\\/\"]}]},{\"@type\":\"ImageObject\",\"inLanguage\":\"et\",\"@id\":\"https:\\\/\\\/madoskampas.lt\\\/produktas\\\/soft-fox-dirbtinio-kailio-kailinukai\\\/#primaryimage\",\"url\":\"https:\\\/\\\/madoskampas.lt\\\/wp-content\\\/uploads\\\/2025\\\/11\\\/IMG_2899-1.jpeg\",\"contentUrl\":\"https:\\\/\\\/madoskampas.lt\\\/wp-content\\\/uploads\\\/2025\\\/11\\\/IMG_2899-1.jpeg\",\"width\":1536,\"height\":2048},{\"@type\":\"BreadcrumbList\",\"@id\":\"https:\\\/\\\/madoskampas.lt\\\/produktas\\\/soft-fox-dirbtinio-kailio-kailinukai\\\/#breadcrumb\",\"itemListElement\":[{\"@type\":\"ListItem\",\"position\":1,\"name\":\"Home\",\"item\":\"https:\\\/\\\/madoskampas.lt\\\/\"},{\"@type\":\"ListItem\",\"position\":2,\"name\":\"Parduotuv\u0117\",\"item\":\"https:\\\/\\\/madoskampas.lt\\\/parduotuve-2\\\/\"},{\"@type\":\"ListItem\",\"position\":3,\"name\":\"\u201eSoft Fox\u201c dirbtinio kailio kailinukai\"}]},{\"@type\":\"WebSite\",\"@id\":\"https:\\\/\\\/madoskampas.lt\\\/#website\",\"url\":\"https:\\\/\\\/madoskampas.lt\\\/\",\"name\":\"MadosKampas.lt\",\"description\":\"Stilingi drabu\u017eiai moterims\",\"potentialAction\":[{\"@type\":\"SearchAction\",\"target\":{\"@type\":\"EntryPoint\",\"urlTemplate\":\"https:\\\/\\\/madoskampas.lt\\\/?s={search_term_string}\"},\"query-input\":{\"@type\":\"PropertyValueSpecification\",\"valueRequired\":true,\"valueName\":\"search_term_string\"}}],\"inLanguage\":\"et\"}]}<\/script>\n<!-- \/ Yoast SEO plugin. -->","yoast_head_json":{"title":"\u201eSoft Fox\u201c dirbtinio kailio kailinukai - MadosKampas.lt","robots":{"index":"index","follow":"follow","max-snippet":"max-snippet:-1","max-image-preview":"max-image-preview:large","max-video-preview":"max-video-preview:-1"},"canonical":"https:\/\/madoskampas.lt\/et\/product-2\/soft-fox-dirbtinio-kailio-kailinukai\/","og_locale":"et_EE","og_type":"article","og_title":"\u201eSoft Fox\u201c dirbtinio kailio kailinukai - MadosKampas.lt","og_description":"\u0160velnumas, kuris atrodo prabangiai.\u201eSoft Fox\u201c kailinukai pagaminti i\u0161 auk\u0161tos kokyb\u0117s dirbtinio kailio, kuris savo i\u0161vaizda ir poj\u016b\u010diu prilygsta nat\u016braliam.Lengvas, purus ir \u0161iltas audinys apgaubia \u0161velnumu, o laisvo silueto kirpimas leid\u017eia derinti tiek prie megztinio, tiek prie suknel\u0117s ar sijono. Universalus dydis tinka nuo S\/M iki L, tod\u0117l kailinukai i\u0161lieka patog\u016bs, nevar\u017eo judesi\u0173 ir prisitaiko prie fig\u016bros.Trumpesnis modelis pabr\u0117\u017eia liemen\u012f, suteikdamas modern\u0173, miesto stiliaus \u012fvaizd\u012f. Galimi atspalviai:\ud83e\udd0e \u0161okoladinis \u2013 \u0161iltas ir jaukus tonas\ud83d\udda4 juodas \u2013 klasikin\u0117 elegancija, tinkanti viskam Ilgis: 60 cmPer kr\u016btin\u0119: apie 54 cmDydis: universalus (S\/M\u2013L)","og_url":"https:\/\/madoskampas.lt\/et\/product-2\/soft-fox-dirbtinio-kailio-kailinukai\/","og_site_name":"MadosKampas.lt","article_modified_time":"2025-11-26T19:51:55+00:00","og_image":[{"width":1536,"height":2048,"url":"https:\/\/madoskampas.lt\/wp-content\/uploads\/2025\/11\/IMG_2899-1.jpeg","type":"image\/jpeg"}],"twitter_card":"summary_large_image","twitter_misc":{"Est. reading time":"1 minut"},"schema":{"@context":"https:\/\/schema.org","@graph":[{"@type":"WebPage","@id":"https:\/\/madoskampas.lt\/produktas\/soft-fox-dirbtinio-kailio-kailinukai\/","url":"https:\/\/madoskampas.lt\/produktas\/soft-fox-dirbtinio-kailio-kailinukai\/","name":"\u201eSoft Fox\u201c dirbtinio kailio kailinukai - MadosKampas.lt","isPartOf":{"@id":"https:\/\/madoskampas.lt\/#website"},"primaryImageOfPage":{"@id":"https:\/\/madoskampas.lt\/produktas\/soft-fox-dirbtinio-kailio-kailinukai\/#primaryimage"},"image":{"@id":"https:\/\/madoskampas.lt\/produktas\/soft-fox-dirbtinio-kailio-kailinukai\/#primaryimage"},"thumbnailUrl":"https:\/\/madoskampas.lt\/wp-content\/uploads\/2025\/11\/IMG_2899-1.jpeg","datePublished":"2025-11-10T10:20:15+00:00","dateModified":"2025-11-26T19:51:55+00:00","breadcrumb":{"@id":"https:\/\/madoskampas.lt\/produktas\/soft-fox-dirbtinio-kailio-kailinukai\/#breadcrumb"},"inLanguage":"et","potentialAction":[{"@type":"ReadAction","target":["https:\/\/madoskampas.lt\/produktas\/soft-fox-dirbtinio-kailio-kailinukai\/"]}]},{"@type":"ImageObject","inLanguage":"et","@id":"https:\/\/madoskampas.lt\/produktas\/soft-fox-dirbtinio-kailio-kailinukai\/#primaryimage","url":"https:\/\/madoskampas.lt\/wp-content\/uploads\/2025\/11\/IMG_2899-1.jpeg","contentUrl":"https:\/\/madoskampas.lt\/wp-content\/uploads\/2025\/11\/IMG_2899-1.jpeg","width":1536,"height":2048},{"@type":"BreadcrumbList","@id":"https:\/\/madoskampas.lt\/produktas\/soft-fox-dirbtinio-kailio-kailinukai\/#breadcrumb","itemListElement":[{"@type":"ListItem","position":1,"name":"Home","item":"https:\/\/madoskampas.lt\/"},{"@type":"ListItem","position":2,"name":"Parduotuv\u0117","item":"https:\/\/madoskampas.lt\/parduotuve-2\/"},{"@type":"ListItem","position":3,"name":"\u201eSoft Fox\u201c dirbtinio kailio kailinukai"}]},{"@type":"WebSite","@id":"https:\/\/madoskampas.lt\/#website","url":"https:\/\/madoskampas.lt\/","name":"FashionKampas.lt","description":"Stiilsed riided naistele","potentialAction":[{"@type":"SearchAction","target":{"@type":"EntryPoint","urlTemplate":"https:\/\/madoskampas.lt\/?s={search_term_string}"},"query-input":{"@type":"PropertyValueSpecification","valueRequired":true,"valueName":"search_term_string"}}],"inLanguage":"et"}]}},"uagb_featured_image_src":{"full":["https:\/\/madoskampas.lt\/wp-content\/uploads\/2025\/11\/IMG_2899-1.jpeg",1536,2048,false],"thumbnail":["https:\/\/madoskampas.lt\/wp-content\/uploads\/2025\/11\/IMG_2899-1-150x150.jpeg",150,150,true],"medium":["https:\/\/madoskampas.lt\/wp-content\/uploads\/2025\/11\/IMG_2899-1-225x300.jpeg",225,300,true],"medium_large":["https:\/\/madoskampas.lt\/wp-content\/uploads\/2025\/11\/IMG_2899-1-768x1024.jpeg",768,1024,true],"large":["https:\/\/madoskampas.lt\/wp-content\/uploads\/2025\/11\/IMG_2899-1-768x1024.jpeg",768,1024,true],"1536x1536":["https:\/\/madoskampas.lt\/wp-content\/uploads\/2025\/11\/IMG_2899-1-1152x1536.jpeg",1152,1536,true],"2048x2048":["https:\/\/madoskampas.lt\/wp-content\/uploads\/2025\/11\/IMG_2899-1.jpeg",1536,2048,false],"trp-custom-language-flag":["https:\/\/madoskampas.lt\/wp-content\/uploads\/2025\/11\/IMG_2899-1-9x12.jpeg",9,12,true],"nova-image-square":["https:\/\/madoskampas.lt\/wp-content\/uploads\/2025\/11\/IMG_2899-1-1100x1100.jpeg",1100,1100,true],"mixtas-product-03":["https:\/\/madoskampas.lt\/wp-content\/uploads\/2025\/11\/IMG_2899-1-600x345.jpeg",600,345,true],"woocommerce_thumbnail":["https:\/\/madoskampas.lt\/wp-content\/uploads\/2025\/11\/IMG_2899-1-700x700.jpeg",700,700,true],"woocommerce_single":["https:\/\/madoskampas.lt\/wp-content\/uploads\/2025\/11\/IMG_2899-1-1000x1333.jpeg",1000,1333,true],"woocommerce_gallery_thumbnail":["https:\/\/madoskampas.lt\/wp-content\/uploads\/2025\/11\/IMG_2899-1-250x250.jpeg",250,250,true],"variation_swatches_image_size":["https:\/\/madoskampas.lt\/wp-content\/uploads\/2025\/11\/IMG_2899-1-50x50.jpeg",50,50,true],"variation_swatches_tooltip_size":["https:\/\/madoskampas.lt\/wp-content\/uploads\/2025\/11\/IMG_2899-1-100x100.jpeg",100,100,true]},"uagb_author_info":{"display_name":"algirdasbart","author_link":"https:\/\/madoskampas.lt\/et\/author\/"},"uagb_comment_info":0,"uagb_excerpt":"\u0160velnumas, kuris atrodo prabangiai.\u201eSoft Fox\u201c kailinukai pagaminti i\u0161 auk\u0161tos kokyb\u0117s dirbtinio kailio, kuris savo i\u0161vaizda ir poj\u016b\u010diu prilygsta nat\u016braliam.Lengvas, purus ir \u0161iltas audinys apgaubia \u0161velnumu, o laisvo silueto kirpimas leid\u017eia derinti tiek prie megztinio, tiek prie suknel\u0117s ar sijono. Universalus dydis tinka nuo S\/M iki L, tod\u0117l kailinukai i\u0161lieka patog\u016bs, nevar\u017eo judesi\u0173 ir prisitaiko prie&hellip;","jetpack_sharing_enabled":true,"_links":{"self":[{"href":"https:\/\/madoskampas.lt\/et\/wp-json\/wp\/v2\/product\/23084","targetHints":{"allow":["GET"]}}],"collection":[{"href":"https:\/\/madoskampas.lt\/et\/wp-json\/wp\/v2\/product"}],"about":[{"href":"https:\/\/madoskampas.lt\/et\/wp-json\/wp\/v2\/types\/product"}],"replies":[{"embeddable":true,"href":"https:\/\/madoskampas.lt\/et\/wp-json\/wp\/v2\/comments?post=23084"}],"wp:featuredmedia":[{"embeddable":true,"href":"https:\/\/madoskampas.lt\/et\/wp-json\/wp\/v2\/media\/23092"}],"wp:attachment":[{"href":"https:\/\/madoskampas.lt\/et\/wp-json\/wp\/v2\/media?parent=23084"}],"wp:term":[{"taxonomy":"product_brand","embeddable":true,"href":"https:\/\/madoskampas.lt\/et\/wp-json\/wp\/v2\/product_brand?post=23084"},{"taxonomy":"product_cat","embeddable":true,"href":"https:\/\/madoskampas.lt\/et\/wp-json\/wp\/v2\/product_cat?post=23084"},{"taxonomy":"product_tag","embeddable":true,"href":"https:\/\/madoskampas.lt\/et\/wp-json\/wp\/v2\/product_tag?post=23084"}],"curies":[{"name":"wp","href":"https:\/\/api.w.org\/{rel}","templated":true}]}}