{"id":23162,"date":"2025-11-11T18:26:54","date_gmt":"2025-11-11T18:26:54","guid":{"rendered":"https:\/\/madoskampas.lt\/?post_type=product&#038;p=23162"},"modified":"2026-04-16T10:18:40","modified_gmt":"2026-04-16T10:18:40","slug":"modern-denim-platejantys-dzinsai","status":"publish","type":"product","link":"https:\/\/madoskampas.lt\/et\/product-2\/modern-denim-platejantys-dzinsai\/","title":{"rendered":"\u201eModern Denim\u201c plat\u0117jantys d\u017einsai R8095"},"content":{"rendered":"<p data-start=\"194\" data-end=\"368\">Kai klasika susitinka su laisvumu.<br data-start=\"228\" data-end=\"231\" \/>\u201eModern Denim\u201c \u2013 tai modern\u016bs, plat\u0117jantys d\u017einsai, sukurti moteriai, kuri nori atrodyti stilingai ir jaustis patogiai kiekvien\u0105 dien\u0105.<\/p>\n<p data-start=\"370\" data-end=\"599\">Auk\u0161tas liemuo vizualiai pailgina siluet\u0105, o tvirtas, bet \u0161velniai tamprus audinys leid\u017eia jaustis laisvai.<br data-start=\"477\" data-end=\"480\" \/>Klasikin\u0117 m\u0117lyno d\u017einso spalva i\u0161lieka universali ir puikiai dera tiek prie megztini\u0173, tiek prie \u0161vark\u0173 ar mar\u0161kini\u0173.<\/p>","protected":false},"excerpt":{"rendered":"<p data-start=\"194\" data-end=\"368\">Kai klasika susitinka su laisvumu.<br data-start=\"228\" data-end=\"231\" \/>\u201eModern Denim\u201c \u2013 tai modern\u016bs, plat\u0117jantys d\u017einsai, sukurti moteriai, kuri nori atrodyti stilingai ir jaustis patogiai kiekvien\u0105 dien\u0105.<\/p>\n<p data-start=\"370\" data-end=\"599\">Auk\u0161tas liemuo vizualiai pailgina siluet\u0105, o tvirtas, bet \u0161velniai tamprus audinys leid\u017eia jaustis laisvai.<br data-start=\"477\" data-end=\"480\" \/>Klasikin\u0117 m\u0117lyno d\u017einso spalva i\u0161lieka universali ir puikiai dera tiek prie megztini\u0173, tiek prie \u0161vark\u0173 ar mar\u0161kini\u0173.<\/p>\n<p data-start=\"601\" data-end=\"729\">Subtiliai plat\u0117janti apa\u010dia suteikia eleganti\u0161kos linijos poj\u016bt\u012f, o kokybi\u0161kas siuvimas garantuoja komfort\u0105 bei ilgaam\u017ei\u0161kum\u0105.<\/p>\n<hr data-start=\"731\" data-end=\"734\" \/>\n<p data-start=\"736\" data-end=\"760\">\ud83d\udccf <strong data-start=\"739\" data-end=\"758\">Dyd\u017ei\u0173 lentel\u0117:<\/strong><\/p>\n<div class=\"_tableContainer_1rjym_1\">\n<div class=\"group _tableWrapper_1rjym_13 flex w-fit flex-col-reverse\" tabindex=\"-1\">\n<table class=\"w-fit min-w-(--thread-content-width)\" data-start=\"762\" data-end=\"1047\">\n<thead data-start=\"762\" data-end=\"834\">\n<tr data-start=\"762\" data-end=\"834\">\n<th data-start=\"762\" data-end=\"770\" data-col-size=\"sm\">Suurus<\/th>\n<th data-start=\"770\" data-end=\"784\" data-col-size=\"sm\">Liemuo (cm)<\/th>\n<th data-start=\"784\" data-end=\"798\" data-col-size=\"sm\">Klubai (cm)<\/th>\n<th data-start=\"798\" data-end=\"811\" data-col-size=\"sm\">Pikkus (cm)<\/th>\n<th data-start=\"811\" data-end=\"834\" data-col-size=\"sm\">Apa\u010dios plotis (cm)<\/th>\n<\/tr>\n<\/thead>\n<tbody data-start=\"911\" data-end=\"1047\">\n<tr data-start=\"911\" data-end=\"938\">\n<td data-start=\"911\" data-end=\"916\" data-col-size=\"sm\">XS<\/td>\n<td data-col-size=\"sm\" data-start=\"916\" data-end=\"921\">32<\/td>\n<td data-col-size=\"sm\" data-start=\"921\" data-end=\"926\">46<\/td>\n<td data-col-size=\"sm\" data-start=\"926\" data-end=\"932\">105<\/td>\n<td data-col-size=\"sm\" data-start=\"932\" data-end=\"938\">31<\/td>\n<\/tr>\n<tr data-start=\"939\" data-end=\"965\">\n<td data-start=\"939\" data-end=\"943\" data-col-size=\"sm\">S<\/td>\n<td data-col-size=\"sm\" data-start=\"943\" data-end=\"948\">33<\/td>\n<td data-col-size=\"sm\" data-start=\"948\" data-end=\"953\">48<\/td>\n<td data-col-size=\"sm\" data-start=\"953\" data-end=\"959\">106<\/td>\n<td data-col-size=\"sm\" data-start=\"959\" data-end=\"965\">31<\/td>\n<\/tr>\n<tr data-start=\"966\" data-end=\"992\">\n<td data-start=\"966\" data-end=\"970\" data-col-size=\"sm\">M<\/td>\n<td data-col-size=\"sm\" data-start=\"970\" data-end=\"975\">36<\/td>\n<td data-col-size=\"sm\" data-start=\"975\" data-end=\"980\">52<\/td>\n<td data-col-size=\"sm\" data-start=\"980\" data-end=\"986\">106<\/td>\n<td data-col-size=\"sm\" data-start=\"986\" data-end=\"992\">31<\/td>\n<\/tr>\n<tr data-start=\"993\" data-end=\"1019\">\n<td data-start=\"993\" data-end=\"997\" data-col-size=\"sm\">L<\/td>\n<td data-col-size=\"sm\" data-start=\"997\" data-end=\"1002\">39<\/td>\n<td data-col-size=\"sm\" data-start=\"1002\" data-end=\"1007\">54<\/td>\n<td data-col-size=\"sm\" data-start=\"1007\" data-end=\"1013\">107<\/td>\n<td data-col-size=\"sm\" data-start=\"1013\" data-end=\"1019\">31<\/td>\n<\/tr>\n<tr data-start=\"1020\" data-end=\"1047\">\n<td data-start=\"1020\" data-end=\"1025\" data-col-size=\"sm\">XL<\/td>\n<td data-col-size=\"sm\" data-start=\"1025\" data-end=\"1030\">41<\/td>\n<td data-col-size=\"sm\" data-start=\"1030\" data-end=\"1035\">56<\/td>\n<td data-col-size=\"sm\" data-start=\"1035\" data-end=\"1041\">108<\/td>\n<td data-col-size=\"sm\" data-start=\"1041\" data-end=\"1047\">31<\/td>\n<\/tr>\n<\/tbody>\n<\/table>\n<\/div>\n<\/div>\n<hr data-start=\"1049\" data-end=\"1052\" \/>\n<p data-start=\"1054\" data-end=\"1209\"><strong data-start=\"1054\" data-end=\"1066\">Modelis:<\/strong> plat\u0117jantis siluetas, auk\u0161tas liemuo<br data-start=\"1103\" data-end=\"1106\" \/><strong data-start=\"1106\" data-end=\"1117\">V\u00e4rv:<\/strong> klasikin\u0117 m\u0117lyna<br data-start=\"1134\" data-end=\"1137\" \/><strong data-start=\"1137\" data-end=\"1149\">Audinys:<\/strong> standus, lengvai tamprus d\u017einsas<br data-start=\"1182\" data-end=\"1185\" \/><strong data-start=\"1185\" data-end=\"1195\">Ilgis:<\/strong> ~106\u2013108 cm<\/p>","protected":false},"featured_media":23164,"comment_status":"open","ping_status":"closed","template":"","meta":{"_uag_custom_page_level_css":"","_monsterinsights_skip_tracking":false,"_monsterinsights_sitenote_active":false,"_monsterinsights_sitenote_note":"","_monsterinsights_sitenote_category":0},"product_brand":[],"product_cat":[66,67,95],"product_tag":[],"class_list":{"0":"post-23162","1":"product","2":"type-product","3":"status-publish","4":"has-post-thumbnail","6":"product_cat-drabuziai","7":"product_cat-dzinsai","8":"product_cat-naujausi","9":"tm-has-options","11":"first","12":"instock","13":"sale","14":"shipping-taxable","15":"purchasable","16":"product-type-variable"},"yoast_head":"<!-- This site is optimized with the Yoast SEO plugin v27.6 - https:\/\/yoast.com\/product\/yoast-seo-wordpress\/ -->\n<title>\u201eModern Denim\u201c plat\u0117jantys d\u017einsai R8095 - MadosKampas.lt<\/title>\n<meta name=\"robots\" content=\"index, follow, max-snippet:-1, max-image-preview:large, max-video-preview:-1\" \/>\n<link rel=\"canonical\" href=\"https:\/\/madoskampas.lt\/et\/product-2\/modern-denim-platejantys-dzinsai\/\" \/>\n<meta property=\"og:locale\" content=\"et_EE\" \/>\n<meta property=\"og:type\" content=\"article\" \/>\n<meta property=\"og:title\" content=\"\u201eModern Denim\u201c plat\u0117jantys d\u017einsai R8095 - MadosKampas.lt\" \/>\n<meta property=\"og:description\" content=\"Kai klasika susitinka su laisvumu.\u201eModern Denim\u201c \u2013 tai modern\u016bs, plat\u0117jantys d\u017einsai, sukurti moteriai, kuri nori atrodyti stilingai ir jaustis patogiai kiekvien\u0105 dien\u0105. Auk\u0161tas liemuo vizualiai pailgina siluet\u0105, o tvirtas, bet \u0161velniai tamprus audinys leid\u017eia jaustis laisvai.Klasikin\u0117 m\u0117lyno d\u017einso spalva i\u0161lieka universali ir puikiai dera tiek prie megztini\u0173, tiek prie \u0161vark\u0173 ar mar\u0161kini\u0173. Subtiliai plat\u0117janti apa\u010dia suteikia eleganti\u0161kos linijos poj\u016bt\u012f, o kokybi\u0161kas siuvimas garantuoja komfort\u0105 bei ilgaam\u017ei\u0161kum\u0105.    \ud83d\udccf Dyd\u017ei\u0173 lentel\u0117:       Dydis Liemuo (cm) Klubai (cm) Ilgis (cm) Apa\u010dios plotis (cm)     XS 32 46 105 31   S 33 48 106 31   M 36 52 106 31   L 39 54 107 31   XL 41 56 108 31        Modelis: plat\u0117jantis siluetas, auk\u0161tas liemuoSpalva: klasikin\u0117 m\u0117lynaAudinys: standus, lengvai tamprus d\u017einsasIlgis: ~106\u2013108 cm\" \/>\n<meta property=\"og:url\" content=\"https:\/\/madoskampas.lt\/et\/product-2\/modern-denim-platejantys-dzinsai\/\" \/>\n<meta property=\"og:site_name\" content=\"MadosKampas.lt\" \/>\n<meta property=\"article:modified_time\" content=\"2026-04-16T10:18:40+00:00\" \/>\n<meta property=\"og:image\" content=\"https:\/\/madoskampas.lt\/wp-content\/uploads\/2025\/11\/IMG_3247.jpeg\" \/>\n\t<meta property=\"og:image:width\" content=\"1536\" \/>\n\t<meta property=\"og:image:height\" content=\"2048\" \/>\n\t<meta property=\"og:image:type\" content=\"image\/jpeg\" \/>\n<meta name=\"twitter:card\" content=\"summary_large_image\" \/>\n<meta name=\"twitter:label1\" content=\"Est. reading time\" \/>\n\t<meta name=\"twitter:data1\" content=\"1 minut\" \/>\n<script type=\"application\/ld+json\" class=\"yoast-schema-graph\">{\"@context\":\"https:\\\/\\\/schema.org\",\"@graph\":[{\"@type\":\"WebPage\",\"@id\":\"https:\\\/\\\/madoskampas.lt\\\/produktas\\\/modern-denim-platejantys-dzinsai\\\/\",\"url\":\"https:\\\/\\\/madoskampas.lt\\\/produktas\\\/modern-denim-platejantys-dzinsai\\\/\",\"name\":\"\u201eModern Denim\u201c plat\u0117jantys d\u017einsai R8095 - MadosKampas.lt\",\"isPartOf\":{\"@id\":\"https:\\\/\\\/madoskampas.lt\\\/#website\"},\"primaryImageOfPage\":{\"@id\":\"https:\\\/\\\/madoskampas.lt\\\/produktas\\\/modern-denim-platejantys-dzinsai\\\/#primaryimage\"},\"image\":{\"@id\":\"https:\\\/\\\/madoskampas.lt\\\/produktas\\\/modern-denim-platejantys-dzinsai\\\/#primaryimage\"},\"thumbnailUrl\":\"https:\\\/\\\/madoskampas.lt\\\/wp-content\\\/uploads\\\/2025\\\/11\\\/IMG_3247.jpeg\",\"datePublished\":\"2025-11-11T18:26:54+00:00\",\"dateModified\":\"2026-04-16T10:18:40+00:00\",\"breadcrumb\":{\"@id\":\"https:\\\/\\\/madoskampas.lt\\\/produktas\\\/modern-denim-platejantys-dzinsai\\\/#breadcrumb\"},\"inLanguage\":\"et\",\"potentialAction\":[{\"@type\":\"ReadAction\",\"target\":[\"https:\\\/\\\/madoskampas.lt\\\/produktas\\\/modern-denim-platejantys-dzinsai\\\/\"]}]},{\"@type\":\"ImageObject\",\"inLanguage\":\"et\",\"@id\":\"https:\\\/\\\/madoskampas.lt\\\/produktas\\\/modern-denim-platejantys-dzinsai\\\/#primaryimage\",\"url\":\"https:\\\/\\\/madoskampas.lt\\\/wp-content\\\/uploads\\\/2025\\\/11\\\/IMG_3247.jpeg\",\"contentUrl\":\"https:\\\/\\\/madoskampas.lt\\\/wp-content\\\/uploads\\\/2025\\\/11\\\/IMG_3247.jpeg\",\"width\":1536,\"height\":2048},{\"@type\":\"BreadcrumbList\",\"@id\":\"https:\\\/\\\/madoskampas.lt\\\/produktas\\\/modern-denim-platejantys-dzinsai\\\/#breadcrumb\",\"itemListElement\":[{\"@type\":\"ListItem\",\"position\":1,\"name\":\"Home\",\"item\":\"https:\\\/\\\/madoskampas.lt\\\/\"},{\"@type\":\"ListItem\",\"position\":2,\"name\":\"Parduotuv\u0117\",\"item\":\"https:\\\/\\\/madoskampas.lt\\\/parduotuve-2\\\/\"},{\"@type\":\"ListItem\",\"position\":3,\"name\":\"\u201eModern Denim\u201c plat\u0117jantys d\u017einsai R8095\"}]},{\"@type\":\"WebSite\",\"@id\":\"https:\\\/\\\/madoskampas.lt\\\/#website\",\"url\":\"https:\\\/\\\/madoskampas.lt\\\/\",\"name\":\"MadosKampas.lt\",\"description\":\"Stilingi drabu\u017eiai moterims\",\"potentialAction\":[{\"@type\":\"SearchAction\",\"target\":{\"@type\":\"EntryPoint\",\"urlTemplate\":\"https:\\\/\\\/madoskampas.lt\\\/?s={search_term_string}\"},\"query-input\":{\"@type\":\"PropertyValueSpecification\",\"valueRequired\":true,\"valueName\":\"search_term_string\"}}],\"inLanguage\":\"et\"}]}<\/script>\n<!-- \/ Yoast SEO plugin. -->","yoast_head_json":{"title":"\u201eModern Denim\u201c plat\u0117jantys d\u017einsai R8095 - MadosKampas.lt","robots":{"index":"index","follow":"follow","max-snippet":"max-snippet:-1","max-image-preview":"max-image-preview:large","max-video-preview":"max-video-preview:-1"},"canonical":"https:\/\/madoskampas.lt\/et\/product-2\/modern-denim-platejantys-dzinsai\/","og_locale":"et_EE","og_type":"article","og_title":"\u201eModern Denim\u201c plat\u0117jantys d\u017einsai R8095 - MadosKampas.lt","og_description":"Kai klasika susitinka su laisvumu.\u201eModern Denim\u201c \u2013 tai modern\u016bs, plat\u0117jantys d\u017einsai, sukurti moteriai, kuri nori atrodyti stilingai ir jaustis patogiai kiekvien\u0105 dien\u0105. Auk\u0161tas liemuo vizualiai pailgina siluet\u0105, o tvirtas, bet \u0161velniai tamprus audinys leid\u017eia jaustis laisvai.Klasikin\u0117 m\u0117lyno d\u017einso spalva i\u0161lieka universali ir puikiai dera tiek prie megztini\u0173, tiek prie \u0161vark\u0173 ar mar\u0161kini\u0173. Subtiliai plat\u0117janti apa\u010dia suteikia eleganti\u0161kos linijos poj\u016bt\u012f, o kokybi\u0161kas siuvimas garantuoja komfort\u0105 bei ilgaam\u017ei\u0161kum\u0105.    \ud83d\udccf Dyd\u017ei\u0173 lentel\u0117:       Dydis Liemuo (cm) Klubai (cm) Ilgis (cm) Apa\u010dios plotis (cm)     XS 32 46 105 31   S 33 48 106 31   M 36 52 106 31   L 39 54 107 31   XL 41 56 108 31        Modelis: plat\u0117jantis siluetas, auk\u0161tas liemuoSpalva: klasikin\u0117 m\u0117lynaAudinys: standus, lengvai tamprus d\u017einsasIlgis: ~106\u2013108 cm","og_url":"https:\/\/madoskampas.lt\/et\/product-2\/modern-denim-platejantys-dzinsai\/","og_site_name":"MadosKampas.lt","article_modified_time":"2026-04-16T10:18:40+00:00","og_image":[{"width":1536,"height":2048,"url":"https:\/\/madoskampas.lt\/wp-content\/uploads\/2025\/11\/IMG_3247.jpeg","type":"image\/jpeg"}],"twitter_card":"summary_large_image","twitter_misc":{"Est. reading time":"1 minut"},"schema":{"@context":"https:\/\/schema.org","@graph":[{"@type":"WebPage","@id":"https:\/\/madoskampas.lt\/produktas\/modern-denim-platejantys-dzinsai\/","url":"https:\/\/madoskampas.lt\/produktas\/modern-denim-platejantys-dzinsai\/","name":"\u201eModern Denim\u201c plat\u0117jantys d\u017einsai R8095 - MadosKampas.lt","isPartOf":{"@id":"https:\/\/madoskampas.lt\/#website"},"primaryImageOfPage":{"@id":"https:\/\/madoskampas.lt\/produktas\/modern-denim-platejantys-dzinsai\/#primaryimage"},"image":{"@id":"https:\/\/madoskampas.lt\/produktas\/modern-denim-platejantys-dzinsai\/#primaryimage"},"thumbnailUrl":"https:\/\/madoskampas.lt\/wp-content\/uploads\/2025\/11\/IMG_3247.jpeg","datePublished":"2025-11-11T18:26:54+00:00","dateModified":"2026-04-16T10:18:40+00:00","breadcrumb":{"@id":"https:\/\/madoskampas.lt\/produktas\/modern-denim-platejantys-dzinsai\/#breadcrumb"},"inLanguage":"et","potentialAction":[{"@type":"ReadAction","target":["https:\/\/madoskampas.lt\/produktas\/modern-denim-platejantys-dzinsai\/"]}]},{"@type":"ImageObject","inLanguage":"et","@id":"https:\/\/madoskampas.lt\/produktas\/modern-denim-platejantys-dzinsai\/#primaryimage","url":"https:\/\/madoskampas.lt\/wp-content\/uploads\/2025\/11\/IMG_3247.jpeg","contentUrl":"https:\/\/madoskampas.lt\/wp-content\/uploads\/2025\/11\/IMG_3247.jpeg","width":1536,"height":2048},{"@type":"BreadcrumbList","@id":"https:\/\/madoskampas.lt\/produktas\/modern-denim-platejantys-dzinsai\/#breadcrumb","itemListElement":[{"@type":"ListItem","position":1,"name":"Home","item":"https:\/\/madoskampas.lt\/"},{"@type":"ListItem","position":2,"name":"Parduotuv\u0117","item":"https:\/\/madoskampas.lt\/parduotuve-2\/"},{"@type":"ListItem","position":3,"name":"\u201eModern Denim\u201c plat\u0117jantys d\u017einsai R8095"}]},{"@type":"WebSite","@id":"https:\/\/madoskampas.lt\/#website","url":"https:\/\/madoskampas.lt\/","name":"FashionKampas.lt","description":"Stiilsed riided naistele","potentialAction":[{"@type":"SearchAction","target":{"@type":"EntryPoint","urlTemplate":"https:\/\/madoskampas.lt\/?s={search_term_string}"},"query-input":{"@type":"PropertyValueSpecification","valueRequired":true,"valueName":"search_term_string"}}],"inLanguage":"et"}]}},"uagb_featured_image_src":{"full":["https:\/\/madoskampas.lt\/wp-content\/uploads\/2025\/11\/IMG_3247.jpeg",1536,2048,false],"thumbnail":["https:\/\/madoskampas.lt\/wp-content\/uploads\/2025\/11\/IMG_3247-150x150.jpeg",150,150,true],"medium":["https:\/\/madoskampas.lt\/wp-content\/uploads\/2025\/11\/IMG_3247-225x300.jpeg",225,300,true],"medium_large":["https:\/\/madoskampas.lt\/wp-content\/uploads\/2025\/11\/IMG_3247-768x1024.jpeg",768,1024,true],"large":["https:\/\/madoskampas.lt\/wp-content\/uploads\/2025\/11\/IMG_3247-768x1024.jpeg",768,1024,true],"1536x1536":["https:\/\/madoskampas.lt\/wp-content\/uploads\/2025\/11\/IMG_3247-1152x1536.jpeg",1152,1536,true],"2048x2048":["https:\/\/madoskampas.lt\/wp-content\/uploads\/2025\/11\/IMG_3247.jpeg",1536,2048,false],"trp-custom-language-flag":["https:\/\/madoskampas.lt\/wp-content\/uploads\/2025\/11\/IMG_3247-9x12.jpeg",9,12,true],"nova-image-square":["https:\/\/madoskampas.lt\/wp-content\/uploads\/2025\/11\/IMG_3247-1100x1100.jpeg",1100,1100,true],"mixtas-product-03":["https:\/\/madoskampas.lt\/wp-content\/uploads\/2025\/11\/IMG_3247-600x345.jpeg",600,345,true],"woocommerce_thumbnail":["https:\/\/madoskampas.lt\/wp-content\/uploads\/2025\/11\/IMG_3247-700x700.jpeg",700,700,true],"woocommerce_single":["https:\/\/madoskampas.lt\/wp-content\/uploads\/2025\/11\/IMG_3247-1000x1333.jpeg",1000,1333,true],"woocommerce_gallery_thumbnail":["https:\/\/madoskampas.lt\/wp-content\/uploads\/2025\/11\/IMG_3247-250x250.jpeg",250,250,true],"variation_swatches_image_size":["https:\/\/madoskampas.lt\/wp-content\/uploads\/2025\/11\/IMG_3247-50x50.jpeg",50,50,true],"variation_swatches_tooltip_size":["https:\/\/madoskampas.lt\/wp-content\/uploads\/2025\/11\/IMG_3247-100x100.jpeg",100,100,true]},"uagb_author_info":{"display_name":"algirdasbart","author_link":"https:\/\/madoskampas.lt\/et\/author\/"},"uagb_comment_info":0,"uagb_excerpt":"Kai klasika susitinka su laisvumu.\u201eModern Denim\u201c \u2013 tai modern\u016bs, plat\u0117jantys d\u017einsai, sukurti moteriai, kuri nori atrodyti stilingai ir jaustis patogiai kiekvien\u0105 dien\u0105. Auk\u0161tas liemuo vizualiai pailgina siluet\u0105, o tvirtas, bet \u0161velniai tamprus audinys leid\u017eia jaustis laisvai.Klasikin\u0117 m\u0117lyno d\u017einso spalva i\u0161lieka universali ir puikiai dera tiek prie megztini\u0173, tiek prie \u0161vark\u0173 ar mar\u0161kini\u0173. Subtiliai plat\u0117janti apa\u010dia&hellip;","jetpack_sharing_enabled":true,"_links":{"self":[{"href":"https:\/\/madoskampas.lt\/et\/wp-json\/wp\/v2\/product\/23162","targetHints":{"allow":["GET"]}}],"collection":[{"href":"https:\/\/madoskampas.lt\/et\/wp-json\/wp\/v2\/product"}],"about":[{"href":"https:\/\/madoskampas.lt\/et\/wp-json\/wp\/v2\/types\/product"}],"replies":[{"embeddable":true,"href":"https:\/\/madoskampas.lt\/et\/wp-json\/wp\/v2\/comments?post=23162"}],"wp:featuredmedia":[{"embeddable":true,"href":"https:\/\/madoskampas.lt\/et\/wp-json\/wp\/v2\/media\/23164"}],"wp:attachment":[{"href":"https:\/\/madoskampas.lt\/et\/wp-json\/wp\/v2\/media?parent=23162"}],"wp:term":[{"taxonomy":"product_brand","embeddable":true,"href":"https:\/\/madoskampas.lt\/et\/wp-json\/wp\/v2\/product_brand?post=23162"},{"taxonomy":"product_cat","embeddable":true,"href":"https:\/\/madoskampas.lt\/et\/wp-json\/wp\/v2\/product_cat?post=23162"},{"taxonomy":"product_tag","embeddable":true,"href":"https:\/\/madoskampas.lt\/et\/wp-json\/wp\/v2\/product_tag?post=23162"}],"curies":[{"name":"wp","href":"https:\/\/api.w.org\/{rel}","templated":true}]}}