{"id":23582,"date":"2025-11-19T16:57:01","date_gmt":"2025-11-19T16:57:01","guid":{"rendered":"https:\/\/madoskampas.lt\/?post_type=product&#038;p=23582"},"modified":"2026-03-26T14:50:01","modified_gmt":"2026-03-26T14:50:01","slug":"cashmere-touch-italiskas-salikas","status":"publish","type":"product","link":"https:\/\/madoskampas.lt\/et\/product-2\/cashmere-touch-italiskas-salikas\/","title":{"rendered":"\u201eCashmere Touch\u201c itali\u0161kas \u0161alikas"},"content":{"rendered":"<p>\u201eCashmere Touch\u201c \u2013 tai itali\u0161kas \u0161alik\u00adas, sukurtas ie\u0161kantiems ypatingos \u0161ilumos ir \u0161velnumo. Sud\u0117tyje esantis ka\u0161myras suteikia tam nepakartojamo mink\u0161tumo, lengvo kritimo ir subtilios prabangos poj\u016bt\u012f. Jis neerzina odos, nesielektrina ir \u0161velniai priglunda prie kaklo tarsi \u0161iltas, jaukus apkabinimas.<\/p>","protected":false},"excerpt":{"rendered":"<p data-start=\"233\" data-end=\"537\">\u201eCashmere Touch\u201c \u2013 tai itali\u0161kas \u0161alik\u00adas, sukurtas ie\u0161kantiems ypatingos \u0161ilumos ir \u0161velnumo. Sud\u0117tyje esantis ka\u0161myras suteikia tam nepakartojamo mink\u0161tumo, lengvo kritimo ir subtilios prabangos poj\u016bt\u012f. Jis neerzina odos, nesielektrina ir \u0161velniai priglunda prie kaklo tarsi \u0161iltas, jaukus apkabinimas.<\/p>\n<p data-start=\"539\" data-end=\"801\">Audinys atrodo lengvas, purus ir kartu eleganti\u0161kas, tod\u0117l \u0161alik\u0105 lengva derinti tiek prie megztinio, tiek prie paltuko ar striuk\u0117s.<br data-start=\"671\" data-end=\"674\" \/>Universalios spalvos (juoda, \u0161vies\u016bs tonai) suteikia jam dar daugiau prakti\u0161kumo \u2013 tai aksesuaras, kuris tinka visur ir visada.<\/p>\n<p data-start=\"803\" data-end=\"919\">\u0160is itali\u0161kas ka\u0161myrinis \u0161alik\u00adas \u2013 puikus pasirinkimas, kai norisi kokyb\u0117s, \u0161velnumo ir stilingo, i\u0161baigto derinio.<\/p>\n<p data-start=\"644\" data-end=\"665\">Koostis:<\/p>\n<ul data-start=\"666\" data-end=\"787\">\n<li data-start=\"666\" data-end=\"685\">\n<p data-start=\"668\" data-end=\"685\">24% akrilas<\/p>\n<\/li>\n<li data-start=\"686\" data-end=\"703\">\n<p data-start=\"688\" data-end=\"703\">22% vilna<\/p>\n<\/li>\n<li data-start=\"704\" data-end=\"723\">\n<p data-start=\"706\" data-end=\"723\">5% ka\u0161myras<\/p>\n<\/li>\n<li data-start=\"724\" data-end=\"743\">\n<p data-start=\"726\" data-end=\"743\">26% viskoz\u0117<\/p>\n<\/li>\n<li data-start=\"744\" data-end=\"764\">\n<p data-start=\"746\" data-end=\"764\">10% medviln\u0117<\/p>\n<\/li>\n<li data-start=\"765\" data-end=\"787\">\n<p data-start=\"767\" data-end=\"787\">13% poliamidas<\/p>\n<\/li>\n<\/ul>","protected":false},"featured_media":23534,"comment_status":"open","ping_status":"closed","template":"","meta":{"_uag_custom_page_level_css":"","_monsterinsights_skip_tracking":false,"_monsterinsights_sitenote_active":false,"_monsterinsights_sitenote_note":"","_monsterinsights_sitenote_category":0},"product_brand":[],"product_cat":[203,66,95,202],"product_tag":[],"class_list":{"0":"post-23582","1":"product","2":"type-product","3":"status-publish","4":"has-post-thumbnail","6":"product_cat-dovanu-idejos","7":"product_cat-drabuziai","8":"product_cat-naujausi","9":"product_cat-salikai","10":"tm-has-options","12":"first","13":"instock","14":"sale","15":"shipping-taxable","16":"purchasable","17":"product-type-variable"},"yoast_head":"<!-- This site is optimized with the Yoast SEO plugin v27.3 - https:\/\/yoast.com\/product\/yoast-seo-wordpress\/ -->\n<title>\u201eCashmere Touch\u201c itali\u0161kas \u0161alikas - MadosKampas.lt<\/title>\n<meta name=\"robots\" content=\"index, follow, max-snippet:-1, max-image-preview:large, max-video-preview:-1\" \/>\n<link rel=\"canonical\" href=\"https:\/\/madoskampas.lt\/et\/product-2\/cashmere-touch-italiskas-salikas\/\" \/>\n<meta property=\"og:locale\" content=\"et_EE\" \/>\n<meta property=\"og:type\" content=\"article\" \/>\n<meta property=\"og:title\" content=\"\u201eCashmere Touch\u201c itali\u0161kas \u0161alikas - MadosKampas.lt\" \/>\n<meta property=\"og:description\" content=\"\u201eCashmere Touch\u201c \u2013 tai itali\u0161kas \u0161alik\u00adas, sukurtas ie\u0161kantiems ypatingos \u0161ilumos ir \u0161velnumo. Sud\u0117tyje esantis ka\u0161myras suteikia tam nepakartojamo mink\u0161tumo, lengvo kritimo ir subtilios prabangos poj\u016bt\u012f. Jis neerzina odos, nesielektrina ir \u0161velniai priglunda prie kaklo tarsi \u0161iltas, jaukus apkabinimas. Audinys atrodo lengvas, purus ir kartu eleganti\u0161kas, tod\u0117l \u0161alik\u0105 lengva derinti tiek prie megztinio, tiek prie paltuko ar striuk\u0117s.Universalios spalvos (juoda, \u0161vies\u016bs tonai) suteikia jam dar daugiau prakti\u0161kumo \u2013 tai aksesuaras, kuris tinka visur ir visada. \u0160is itali\u0161kas ka\u0161myrinis \u0161alik\u00adas \u2013 puikus pasirinkimas, kai norisi kokyb\u0117s, \u0161velnumo ir stilingo, i\u0161baigto derinio. Sud\u0117tis:     24% akrilas    22% vilna    5% ka\u0161myras    26% viskoz\u0117    10% medviln\u0117    13% poliamidas\" \/>\n<meta property=\"og:url\" content=\"https:\/\/madoskampas.lt\/et\/product-2\/cashmere-touch-italiskas-salikas\/\" \/>\n<meta property=\"og:site_name\" content=\"MadosKampas.lt\" \/>\n<meta property=\"article:modified_time\" content=\"2026-03-26T14:50:01+00:00\" \/>\n<meta property=\"og:image\" content=\"https:\/\/madoskampas.lt\/wp-content\/uploads\/2024\/09\/IMG_3961-1.jpeg\" \/>\n\t<meta property=\"og:image:width\" content=\"1536\" \/>\n\t<meta property=\"og:image:height\" content=\"2048\" \/>\n\t<meta property=\"og:image:type\" content=\"image\/jpeg\" \/>\n<meta name=\"twitter:card\" content=\"summary_large_image\" \/>\n<meta name=\"twitter:label1\" content=\"Est. reading time\" \/>\n\t<meta name=\"twitter:data1\" content=\"1 minut\" \/>\n<script type=\"application\/ld+json\" class=\"yoast-schema-graph\">{\"@context\":\"https:\\\/\\\/schema.org\",\"@graph\":[{\"@type\":\"WebPage\",\"@id\":\"https:\\\/\\\/madoskampas.lt\\\/produktas\\\/cashmere-touch-italiskas-salikas\\\/\",\"url\":\"https:\\\/\\\/madoskampas.lt\\\/produktas\\\/cashmere-touch-italiskas-salikas\\\/\",\"name\":\"\u201eCashmere Touch\u201c itali\u0161kas \u0161alikas - MadosKampas.lt\",\"isPartOf\":{\"@id\":\"https:\\\/\\\/madoskampas.lt\\\/#website\"},\"primaryImageOfPage\":{\"@id\":\"https:\\\/\\\/madoskampas.lt\\\/produktas\\\/cashmere-touch-italiskas-salikas\\\/#primaryimage\"},\"image\":{\"@id\":\"https:\\\/\\\/madoskampas.lt\\\/produktas\\\/cashmere-touch-italiskas-salikas\\\/#primaryimage\"},\"thumbnailUrl\":\"https:\\\/\\\/madoskampas.lt\\\/wp-content\\\/uploads\\\/2024\\\/09\\\/IMG_3961-1.jpeg\",\"datePublished\":\"2025-11-19T16:57:01+00:00\",\"dateModified\":\"2026-03-26T14:50:01+00:00\",\"breadcrumb\":{\"@id\":\"https:\\\/\\\/madoskampas.lt\\\/produktas\\\/cashmere-touch-italiskas-salikas\\\/#breadcrumb\"},\"inLanguage\":\"et\",\"potentialAction\":[{\"@type\":\"ReadAction\",\"target\":[\"https:\\\/\\\/madoskampas.lt\\\/produktas\\\/cashmere-touch-italiskas-salikas\\\/\"]}]},{\"@type\":\"ImageObject\",\"inLanguage\":\"et\",\"@id\":\"https:\\\/\\\/madoskampas.lt\\\/produktas\\\/cashmere-touch-italiskas-salikas\\\/#primaryimage\",\"url\":\"https:\\\/\\\/madoskampas.lt\\\/wp-content\\\/uploads\\\/2024\\\/09\\\/IMG_3961-1.jpeg\",\"contentUrl\":\"https:\\\/\\\/madoskampas.lt\\\/wp-content\\\/uploads\\\/2024\\\/09\\\/IMG_3961-1.jpeg\",\"width\":1536,\"height\":2048},{\"@type\":\"BreadcrumbList\",\"@id\":\"https:\\\/\\\/madoskampas.lt\\\/produktas\\\/cashmere-touch-italiskas-salikas\\\/#breadcrumb\",\"itemListElement\":[{\"@type\":\"ListItem\",\"position\":1,\"name\":\"Home\",\"item\":\"https:\\\/\\\/madoskampas.lt\\\/\"},{\"@type\":\"ListItem\",\"position\":2,\"name\":\"Parduotuv\u0117\",\"item\":\"https:\\\/\\\/madoskampas.lt\\\/parduotuve-2\\\/\"},{\"@type\":\"ListItem\",\"position\":3,\"name\":\"\u201eCashmere Touch\u201c itali\u0161kas \u0161alikas\"}]},{\"@type\":\"WebSite\",\"@id\":\"https:\\\/\\\/madoskampas.lt\\\/#website\",\"url\":\"https:\\\/\\\/madoskampas.lt\\\/\",\"name\":\"MadosKampas.lt\",\"description\":\"Stilingi drabu\u017eiai moterims\",\"potentialAction\":[{\"@type\":\"SearchAction\",\"target\":{\"@type\":\"EntryPoint\",\"urlTemplate\":\"https:\\\/\\\/madoskampas.lt\\\/?s={search_term_string}\"},\"query-input\":{\"@type\":\"PropertyValueSpecification\",\"valueRequired\":true,\"valueName\":\"search_term_string\"}}],\"inLanguage\":\"et\"}]}<\/script>\n<!-- \/ Yoast SEO plugin. -->","yoast_head_json":{"title":"\u201eCashmere Touch\u201c itali\u0161kas \u0161alikas - MadosKampas.lt","robots":{"index":"index","follow":"follow","max-snippet":"max-snippet:-1","max-image-preview":"max-image-preview:large","max-video-preview":"max-video-preview:-1"},"canonical":"https:\/\/madoskampas.lt\/et\/product-2\/cashmere-touch-italiskas-salikas\/","og_locale":"et_EE","og_type":"article","og_title":"\u201eCashmere Touch\u201c itali\u0161kas \u0161alikas - MadosKampas.lt","og_description":"\u201eCashmere Touch\u201c \u2013 tai itali\u0161kas \u0161alik\u00adas, sukurtas ie\u0161kantiems ypatingos \u0161ilumos ir \u0161velnumo. Sud\u0117tyje esantis ka\u0161myras suteikia tam nepakartojamo mink\u0161tumo, lengvo kritimo ir subtilios prabangos poj\u016bt\u012f. Jis neerzina odos, nesielektrina ir \u0161velniai priglunda prie kaklo tarsi \u0161iltas, jaukus apkabinimas. Audinys atrodo lengvas, purus ir kartu eleganti\u0161kas, tod\u0117l \u0161alik\u0105 lengva derinti tiek prie megztinio, tiek prie paltuko ar striuk\u0117s.Universalios spalvos (juoda, \u0161vies\u016bs tonai) suteikia jam dar daugiau prakti\u0161kumo \u2013 tai aksesuaras, kuris tinka visur ir visada. \u0160is itali\u0161kas ka\u0161myrinis \u0161alik\u00adas \u2013 puikus pasirinkimas, kai norisi kokyb\u0117s, \u0161velnumo ir stilingo, i\u0161baigto derinio. Sud\u0117tis:     24% akrilas    22% vilna    5% ka\u0161myras    26% viskoz\u0117    10% medviln\u0117    13% poliamidas","og_url":"https:\/\/madoskampas.lt\/et\/product-2\/cashmere-touch-italiskas-salikas\/","og_site_name":"MadosKampas.lt","article_modified_time":"2026-03-26T14:50:01+00:00","og_image":[{"width":1536,"height":2048,"url":"https:\/\/madoskampas.lt\/wp-content\/uploads\/2024\/09\/IMG_3961-1.jpeg","type":"image\/jpeg"}],"twitter_card":"summary_large_image","twitter_misc":{"Est. reading time":"1 minut"},"schema":{"@context":"https:\/\/schema.org","@graph":[{"@type":"WebPage","@id":"https:\/\/madoskampas.lt\/produktas\/cashmere-touch-italiskas-salikas\/","url":"https:\/\/madoskampas.lt\/produktas\/cashmere-touch-italiskas-salikas\/","name":"\u201eCashmere Touch\u201c itali\u0161kas \u0161alikas - MadosKampas.lt","isPartOf":{"@id":"https:\/\/madoskampas.lt\/#website"},"primaryImageOfPage":{"@id":"https:\/\/madoskampas.lt\/produktas\/cashmere-touch-italiskas-salikas\/#primaryimage"},"image":{"@id":"https:\/\/madoskampas.lt\/produktas\/cashmere-touch-italiskas-salikas\/#primaryimage"},"thumbnailUrl":"https:\/\/madoskampas.lt\/wp-content\/uploads\/2024\/09\/IMG_3961-1.jpeg","datePublished":"2025-11-19T16:57:01+00:00","dateModified":"2026-03-26T14:50:01+00:00","breadcrumb":{"@id":"https:\/\/madoskampas.lt\/produktas\/cashmere-touch-italiskas-salikas\/#breadcrumb"},"inLanguage":"et","potentialAction":[{"@type":"ReadAction","target":["https:\/\/madoskampas.lt\/produktas\/cashmere-touch-italiskas-salikas\/"]}]},{"@type":"ImageObject","inLanguage":"et","@id":"https:\/\/madoskampas.lt\/produktas\/cashmere-touch-italiskas-salikas\/#primaryimage","url":"https:\/\/madoskampas.lt\/wp-content\/uploads\/2024\/09\/IMG_3961-1.jpeg","contentUrl":"https:\/\/madoskampas.lt\/wp-content\/uploads\/2024\/09\/IMG_3961-1.jpeg","width":1536,"height":2048},{"@type":"BreadcrumbList","@id":"https:\/\/madoskampas.lt\/produktas\/cashmere-touch-italiskas-salikas\/#breadcrumb","itemListElement":[{"@type":"ListItem","position":1,"name":"Home","item":"https:\/\/madoskampas.lt\/"},{"@type":"ListItem","position":2,"name":"Parduotuv\u0117","item":"https:\/\/madoskampas.lt\/parduotuve-2\/"},{"@type":"ListItem","position":3,"name":"\u201eCashmere Touch\u201c itali\u0161kas \u0161alikas"}]},{"@type":"WebSite","@id":"https:\/\/madoskampas.lt\/#website","url":"https:\/\/madoskampas.lt\/","name":"FashionKampas.lt","description":"Stiilsed riided naistele","potentialAction":[{"@type":"SearchAction","target":{"@type":"EntryPoint","urlTemplate":"https:\/\/madoskampas.lt\/?s={search_term_string}"},"query-input":{"@type":"PropertyValueSpecification","valueRequired":true,"valueName":"search_term_string"}}],"inLanguage":"et"}]}},"uagb_featured_image_src":{"full":["https:\/\/madoskampas.lt\/wp-content\/uploads\/2024\/09\/IMG_3961-1.jpeg",1536,2048,false],"thumbnail":["https:\/\/madoskampas.lt\/wp-content\/uploads\/2024\/09\/IMG_3961-1-150x150.jpeg",150,150,true],"medium":["https:\/\/madoskampas.lt\/wp-content\/uploads\/2024\/09\/IMG_3961-1-225x300.jpeg",225,300,true],"medium_large":["https:\/\/madoskampas.lt\/wp-content\/uploads\/2024\/09\/IMG_3961-1-768x1024.jpeg",768,1024,true],"large":["https:\/\/madoskampas.lt\/wp-content\/uploads\/2024\/09\/IMG_3961-1-768x1024.jpeg",768,1024,true],"1536x1536":["https:\/\/madoskampas.lt\/wp-content\/uploads\/2024\/09\/IMG_3961-1-1152x1536.jpeg",1152,1536,true],"2048x2048":["https:\/\/madoskampas.lt\/wp-content\/uploads\/2024\/09\/IMG_3961-1.jpeg",1536,2048,false],"trp-custom-language-flag":["https:\/\/madoskampas.lt\/wp-content\/uploads\/2024\/09\/IMG_3961-1-9x12.jpeg",9,12,true],"nova-image-square":["https:\/\/madoskampas.lt\/wp-content\/uploads\/2024\/09\/IMG_3961-1-1100x1100.jpeg",1100,1100,true],"mixtas-product-03":["https:\/\/madoskampas.lt\/wp-content\/uploads\/2024\/09\/IMG_3961-1-600x345.jpeg",600,345,true],"woocommerce_thumbnail":["https:\/\/madoskampas.lt\/wp-content\/uploads\/2024\/09\/IMG_3961-1-700x700.jpeg",700,700,true],"woocommerce_single":["https:\/\/madoskampas.lt\/wp-content\/uploads\/2024\/09\/IMG_3961-1-1000x1333.jpeg",1000,1333,true],"woocommerce_gallery_thumbnail":["https:\/\/madoskampas.lt\/wp-content\/uploads\/2024\/09\/IMG_3961-1-250x250.jpeg",250,250,true],"variation_swatches_image_size":["https:\/\/madoskampas.lt\/wp-content\/uploads\/2024\/09\/IMG_3961-1-50x50.jpeg",50,50,true],"variation_swatches_tooltip_size":["https:\/\/madoskampas.lt\/wp-content\/uploads\/2024\/09\/IMG_3961-1-100x100.jpeg",100,100,true]},"uagb_author_info":{"display_name":"algirdasbart","author_link":"https:\/\/madoskampas.lt\/et\/author\/"},"uagb_comment_info":0,"uagb_excerpt":"\u201eCashmere Touch\u201c \u2013 tai itali\u0161kas \u0161alik\u00adas, sukurtas ie\u0161kantiems ypatingos \u0161ilumos ir \u0161velnumo. Sud\u0117tyje esantis ka\u0161myras suteikia tam nepakartojamo mink\u0161tumo, lengvo kritimo ir subtilios prabangos poj\u016bt\u012f. Jis neerzina odos, nesielektrina ir \u0161velniai priglunda prie kaklo tarsi \u0161iltas, jaukus apkabinimas. Audinys atrodo lengvas, purus ir kartu eleganti\u0161kas, tod\u0117l \u0161alik\u0105 lengva derinti tiek prie megztinio, tiek prie paltuko&hellip;","jetpack_sharing_enabled":true,"_links":{"self":[{"href":"https:\/\/madoskampas.lt\/et\/wp-json\/wp\/v2\/product\/23582","targetHints":{"allow":["GET"]}}],"collection":[{"href":"https:\/\/madoskampas.lt\/et\/wp-json\/wp\/v2\/product"}],"about":[{"href":"https:\/\/madoskampas.lt\/et\/wp-json\/wp\/v2\/types\/product"}],"replies":[{"embeddable":true,"href":"https:\/\/madoskampas.lt\/et\/wp-json\/wp\/v2\/comments?post=23582"}],"wp:featuredmedia":[{"embeddable":true,"href":"https:\/\/madoskampas.lt\/et\/wp-json\/wp\/v2\/media\/23534"}],"wp:attachment":[{"href":"https:\/\/madoskampas.lt\/et\/wp-json\/wp\/v2\/media?parent=23582"}],"wp:term":[{"taxonomy":"product_brand","embeddable":true,"href":"https:\/\/madoskampas.lt\/et\/wp-json\/wp\/v2\/product_brand?post=23582"},{"taxonomy":"product_cat","embeddable":true,"href":"https:\/\/madoskampas.lt\/et\/wp-json\/wp\/v2\/product_cat?post=23582"},{"taxonomy":"product_tag","embeddable":true,"href":"https:\/\/madoskampas.lt\/et\/wp-json\/wp\/v2\/product_tag?post=23582"}],"curies":[{"name":"wp","href":"https:\/\/api.w.org\/{rel}","templated":true}]}}