{"id":24377,"date":"2025-12-02T10:26:51","date_gmt":"2025-12-02T10:26:51","guid":{"rendered":"https:\/\/madoskampas.lt\/?post_type=product&#038;p=24377"},"modified":"2026-03-19T13:43:59","modified_gmt":"2026-03-19T13:43:59","slug":"lumina-urban-soft-italiskas-dzemperis","status":"publish","type":"product","link":"https:\/\/madoskampas.lt\/et\/product-2\/lumina-urban-soft-italiskas-dzemperis\/","title":{"rendered":"\u201eLumina Urban Soft Italian\u201c pehmete Itaalia d\u017eempriga"},"content":{"rendered":"<p data-start=\"359\" data-end=\"645\">Itali\u0161kas \u201eLumina Urban Soft\u201c d\u017eemperis \u2013 \u0161iltas, tvirtas ir ne\u012ftik\u0117tinai jaukus pasirinkimas tiems, kurie vertina kokyb\u0119 ir miesto stili\u0173.<br data-start=\"498\" data-end=\"501\" \/>Pagamintas i\u0161 <strong data-start=\"515\" data-end=\"542\">95 % mink\u0161tos medviln\u0117s<\/strong> su trupu\u010diu elastano, \u0161is modelis i\u0161laiko form\u0105, nevar\u017eo judesi\u0173 ir suteikia solid\u0173, i\u0161baigt\u0105 siluet\u0105.<\/p>\n<p data-start=\"647\" data-end=\"811\">Kontrastingos juostel\u0117s, masyvesn\u0117 konstrukcija ir tvarkios ki\u0161en\u0117s suteikia jam i\u0161skirtin\u012f charakter\u012f \u2013 nuo kasdienio derinio iki sporti\u0161kai eleganti\u0161ko \u012fvaizd\u017eio.<\/p>\n<p data-start=\"813\" data-end=\"831\">","protected":false},"excerpt":{"rendered":"<p data-start=\"359\" data-end=\"645\">Itali\u0161kas \u201eLumina Urban Soft\u201c d\u017eemperis \u2013 \u0161iltas, tvirtas ir ne\u012ftik\u0117tinai jaukus pasirinkimas tiems, kurie vertina kokyb\u0119 ir miesto stili\u0173.<br data-start=\"498\" data-end=\"501\" \/>Pagamintas i\u0161 <strong data-start=\"515\" data-end=\"542\">95 % mink\u0161tos medviln\u0117s<\/strong> su trupu\u010diu elastano, \u0161is modelis i\u0161laiko form\u0105, nevar\u017eo judesi\u0173 ir suteikia solid\u0173, i\u0161baigt\u0105 siluet\u0105.<\/p>\n<p data-start=\"647\" data-end=\"811\">Kontrastingos juostel\u0117s, masyvesn\u0117 konstrukcija ir tvarkios ki\u0161en\u0117s suteikia jam i\u0161skirtin\u012f charakter\u012f \u2013 nuo kasdienio derinio iki sporti\u0161kai eleganti\u0161ko \u012fvaizd\u017eio.<\/p>\n<p data-start=\"813\" data-end=\"831\"><strong data-start=\"813\" data-end=\"829\">M\u00f5\u00f5tmed:<\/strong><\/p>\n<ul data-start=\"832\" data-end=\"932\">\n<li data-start=\"832\" data-end=\"850\">\n<p data-start=\"834\" data-end=\"850\">Ilgis \u2013 ~58 cm<\/p>\n<\/li>\n<li data-start=\"851\" data-end=\"875\">\n<p data-start=\"853\" data-end=\"875\">Per kr\u016btin\u0119 \u2013 ~59 cm<\/p>\n<\/li>\n<li data-start=\"876\" data-end=\"932\">\n<p data-start=\"878\" data-end=\"932\">Tinka nuo S iki L dyd\u017eio (laisvesnio stiliaus modelis)<\/p>\n<\/li>\n<\/ul>\n<p data-start=\"934\" data-end=\"960\"><strong data-start=\"934\" data-end=\"958\">Kod\u0117l jis ypatingas:<\/strong><\/p>\n<ul data-start=\"961\" data-end=\"1157\">\n<li data-start=\"961\" data-end=\"999\">\n<p data-start=\"963\" data-end=\"999\">Itali\u0161ka kokyb\u0117 ir tvirtas audinys<\/p>\n<\/li>\n<li data-start=\"1000\" data-end=\"1043\">\n<p data-start=\"1002\" data-end=\"1043\">Jaukus, \u0161iltas, tobulyb\u0117 \u017eiemos sezonui<\/p>\n<\/li>\n<li data-start=\"1044\" data-end=\"1114\">\n<p data-start=\"1046\" data-end=\"1114\">Derinasi su d\u017einsais, keln\u0117mis, sportiniu ar miestieti\u0161ku stiliumi<\/p>\n<\/li>\n<li data-start=\"1115\" data-end=\"1157\">\n<p data-start=\"1117\" data-end=\"1157\">Universalus, ta\u010diau i\u0161skirtinis siluetas<\/p>\n<\/li>\n<\/ul>","protected":false},"featured_media":29200,"comment_status":"open","ping_status":"closed","template":"","meta":{"_uag_custom_page_level_css":"","_monsterinsights_skip_tracking":false,"_monsterinsights_sitenote_active":false,"_monsterinsights_sitenote_note":"","_monsterinsights_sitenote_category":0},"product_brand":[],"product_cat":[124,66,95,96],"product_tag":[],"class_list":{"0":"post-24377","1":"product","2":"type-product","3":"status-publish","4":"has-post-thumbnail","6":"product_cat-bliuzonai","7":"product_cat-drabuziai","8":"product_cat-naujausi","9":"product_cat-populiariausi","10":"tm-has-options","12":"first","13":"outofstock","14":"sale","15":"shipping-taxable","16":"purchasable","17":"product-type-variable"},"yoast_head":"<!-- This site is optimized with the Yoast SEO plugin v27.3 - https:\/\/yoast.com\/product\/yoast-seo-wordpress\/ -->\n<title>\u201eLumina Urban Soft\u201c itali\u0161kas d\u017eemperis - MadosKampas.lt<\/title>\n<meta name=\"robots\" content=\"index, follow, max-snippet:-1, max-image-preview:large, max-video-preview:-1\" \/>\n<link rel=\"canonical\" href=\"https:\/\/madoskampas.lt\/et\/product-2\/lumina-urban-soft-italiskas-dzemperis\/\" \/>\n<meta property=\"og:locale\" content=\"et_EE\" \/>\n<meta property=\"og:type\" content=\"article\" \/>\n<meta property=\"og:title\" content=\"\u201eLumina Urban Soft\u201c itali\u0161kas d\u017eemperis - MadosKampas.lt\" \/>\n<meta property=\"og:description\" content=\"Itali\u0161kas \u201eLumina Urban Soft\u201c d\u017eemperis \u2013 \u0161iltas, tvirtas ir ne\u012ftik\u0117tinai jaukus pasirinkimas tiems, kurie vertina kokyb\u0119 ir miesto stili\u0173.Pagamintas i\u0161 95 % mink\u0161tos medviln\u0117s su trupu\u010diu elastano, \u0161is modelis i\u0161laiko form\u0105, nevar\u017eo judesi\u0173 ir suteikia solid\u0173, i\u0161baigt\u0105 siluet\u0105. Kontrastingos juostel\u0117s, masyvesn\u0117 konstrukcija ir tvarkios ki\u0161en\u0117s suteikia jam i\u0161skirtin\u012f charakter\u012f \u2013 nuo kasdienio derinio iki sporti\u0161kai eleganti\u0161ko \u012fvaizd\u017eio. I\u0161matavimai:     Ilgis \u2013 ~58 cm    Per kr\u016btin\u0119 \u2013 ~59 cm    Tinka nuo S iki L dyd\u017eio (laisvesnio stiliaus modelis)   Kod\u0117l jis ypatingas:     Itali\u0161ka kokyb\u0117 ir tvirtas audinys    Jaukus, \u0161iltas, tobulyb\u0117 \u017eiemos sezonui    Derinasi su d\u017einsais, keln\u0117mis, sportiniu ar miestieti\u0161ku stiliumi    Universalus, ta\u010diau i\u0161skirtinis siluetas\" \/>\n<meta property=\"og:url\" content=\"https:\/\/madoskampas.lt\/et\/product-2\/lumina-urban-soft-italiskas-dzemperis\/\" \/>\n<meta property=\"og:site_name\" content=\"MadosKampas.lt\" \/>\n<meta property=\"article:modified_time\" content=\"2026-03-19T13:43:59+00:00\" \/>\n<meta property=\"og:image\" content=\"https:\/\/madoskampas.lt\/wp-content\/uploads\/2025\/12\/IMG_6820.jpeg\" \/>\n\t<meta property=\"og:image:width\" content=\"1536\" \/>\n\t<meta property=\"og:image:height\" content=\"2048\" \/>\n\t<meta property=\"og:image:type\" content=\"image\/jpeg\" \/>\n<meta name=\"twitter:card\" content=\"summary_large_image\" \/>\n<meta name=\"twitter:label1\" content=\"Est. reading time\" \/>\n\t<meta name=\"twitter:data1\" content=\"1 minut\" \/>\n<script type=\"application\/ld+json\" class=\"yoast-schema-graph\">{\"@context\":\"https:\\\/\\\/schema.org\",\"@graph\":[{\"@type\":\"WebPage\",\"@id\":\"https:\\\/\\\/madoskampas.lt\\\/produktas\\\/lumina-urban-soft-italiskas-dzemperis\\\/\",\"url\":\"https:\\\/\\\/madoskampas.lt\\\/produktas\\\/lumina-urban-soft-italiskas-dzemperis\\\/\",\"name\":\"\u201eLumina Urban Soft\u201c itali\u0161kas d\u017eemperis - MadosKampas.lt\",\"isPartOf\":{\"@id\":\"https:\\\/\\\/madoskampas.lt\\\/#website\"},\"primaryImageOfPage\":{\"@id\":\"https:\\\/\\\/madoskampas.lt\\\/produktas\\\/lumina-urban-soft-italiskas-dzemperis\\\/#primaryimage\"},\"image\":{\"@id\":\"https:\\\/\\\/madoskampas.lt\\\/produktas\\\/lumina-urban-soft-italiskas-dzemperis\\\/#primaryimage\"},\"thumbnailUrl\":\"https:\\\/\\\/madoskampas.lt\\\/wp-content\\\/uploads\\\/2025\\\/12\\\/img_9429-2-scaled.jpeg\",\"datePublished\":\"2025-12-02T10:26:51+00:00\",\"dateModified\":\"2026-03-19T13:43:59+00:00\",\"breadcrumb\":{\"@id\":\"https:\\\/\\\/madoskampas.lt\\\/produktas\\\/lumina-urban-soft-italiskas-dzemperis\\\/#breadcrumb\"},\"inLanguage\":\"et\",\"potentialAction\":[{\"@type\":\"ReadAction\",\"target\":[\"https:\\\/\\\/madoskampas.lt\\\/produktas\\\/lumina-urban-soft-italiskas-dzemperis\\\/\"]}]},{\"@type\":\"ImageObject\",\"inLanguage\":\"et\",\"@id\":\"https:\\\/\\\/madoskampas.lt\\\/produktas\\\/lumina-urban-soft-italiskas-dzemperis\\\/#primaryimage\",\"url\":\"https:\\\/\\\/madoskampas.lt\\\/wp-content\\\/uploads\\\/2025\\\/12\\\/img_9429-2-scaled.jpeg\",\"contentUrl\":\"https:\\\/\\\/madoskampas.lt\\\/wp-content\\\/uploads\\\/2025\\\/12\\\/img_9429-2-scaled.jpeg\",\"width\":1920,\"height\":2560},{\"@type\":\"BreadcrumbList\",\"@id\":\"https:\\\/\\\/madoskampas.lt\\\/produktas\\\/lumina-urban-soft-italiskas-dzemperis\\\/#breadcrumb\",\"itemListElement\":[{\"@type\":\"ListItem\",\"position\":1,\"name\":\"Home\",\"item\":\"https:\\\/\\\/madoskampas.lt\\\/\"},{\"@type\":\"ListItem\",\"position\":2,\"name\":\"Parduotuv\u0117\",\"item\":\"https:\\\/\\\/madoskampas.lt\\\/parduotuve-2\\\/\"},{\"@type\":\"ListItem\",\"position\":3,\"name\":\"\u201eLumina Urban Soft\u201c itali\u0161kas d\u017eemperis\"}]},{\"@type\":\"WebSite\",\"@id\":\"https:\\\/\\\/madoskampas.lt\\\/#website\",\"url\":\"https:\\\/\\\/madoskampas.lt\\\/\",\"name\":\"MadosKampas.lt\",\"description\":\"Stilingi drabu\u017eiai moterims\",\"potentialAction\":[{\"@type\":\"SearchAction\",\"target\":{\"@type\":\"EntryPoint\",\"urlTemplate\":\"https:\\\/\\\/madoskampas.lt\\\/?s={search_term_string}\"},\"query-input\":{\"@type\":\"PropertyValueSpecification\",\"valueRequired\":true,\"valueName\":\"search_term_string\"}}],\"inLanguage\":\"et\"}]}<\/script>\n<!-- \/ Yoast SEO plugin. -->","yoast_head_json":{"title":"\u201eLumina Urban Soft\u201c itali\u0161kas d\u017eemperis - MadosKampas.lt","robots":{"index":"index","follow":"follow","max-snippet":"max-snippet:-1","max-image-preview":"max-image-preview:large","max-video-preview":"max-video-preview:-1"},"canonical":"https:\/\/madoskampas.lt\/et\/product-2\/lumina-urban-soft-italiskas-dzemperis\/","og_locale":"et_EE","og_type":"article","og_title":"\u201eLumina Urban Soft\u201c itali\u0161kas d\u017eemperis - MadosKampas.lt","og_description":"Itali\u0161kas \u201eLumina Urban Soft\u201c d\u017eemperis \u2013 \u0161iltas, tvirtas ir ne\u012ftik\u0117tinai jaukus pasirinkimas tiems, kurie vertina kokyb\u0119 ir miesto stili\u0173.Pagamintas i\u0161 95 % mink\u0161tos medviln\u0117s su trupu\u010diu elastano, \u0161is modelis i\u0161laiko form\u0105, nevar\u017eo judesi\u0173 ir suteikia solid\u0173, i\u0161baigt\u0105 siluet\u0105. Kontrastingos juostel\u0117s, masyvesn\u0117 konstrukcija ir tvarkios ki\u0161en\u0117s suteikia jam i\u0161skirtin\u012f charakter\u012f \u2013 nuo kasdienio derinio iki sporti\u0161kai eleganti\u0161ko \u012fvaizd\u017eio. I\u0161matavimai:     Ilgis \u2013 ~58 cm    Per kr\u016btin\u0119 \u2013 ~59 cm    Tinka nuo S iki L dyd\u017eio (laisvesnio stiliaus modelis)   Kod\u0117l jis ypatingas:     Itali\u0161ka kokyb\u0117 ir tvirtas audinys    Jaukus, \u0161iltas, tobulyb\u0117 \u017eiemos sezonui    Derinasi su d\u017einsais, keln\u0117mis, sportiniu ar miestieti\u0161ku stiliumi    Universalus, ta\u010diau i\u0161skirtinis siluetas","og_url":"https:\/\/madoskampas.lt\/et\/product-2\/lumina-urban-soft-italiskas-dzemperis\/","og_site_name":"MadosKampas.lt","article_modified_time":"2026-03-19T13:43:59+00:00","og_image":[{"width":1536,"height":2048,"url":"https:\/\/madoskampas.lt\/wp-content\/uploads\/2025\/12\/IMG_6820.jpeg","type":"image\/jpeg"}],"twitter_card":"summary_large_image","twitter_misc":{"Est. reading time":"1 minut"},"schema":{"@context":"https:\/\/schema.org","@graph":[{"@type":"WebPage","@id":"https:\/\/madoskampas.lt\/produktas\/lumina-urban-soft-italiskas-dzemperis\/","url":"https:\/\/madoskampas.lt\/produktas\/lumina-urban-soft-italiskas-dzemperis\/","name":"\u201eLumina Urban Soft\u201c itali\u0161kas d\u017eemperis - MadosKampas.lt","isPartOf":{"@id":"https:\/\/madoskampas.lt\/#website"},"primaryImageOfPage":{"@id":"https:\/\/madoskampas.lt\/produktas\/lumina-urban-soft-italiskas-dzemperis\/#primaryimage"},"image":{"@id":"https:\/\/madoskampas.lt\/produktas\/lumina-urban-soft-italiskas-dzemperis\/#primaryimage"},"thumbnailUrl":"https:\/\/madoskampas.lt\/wp-content\/uploads\/2025\/12\/img_9429-2-scaled.jpeg","datePublished":"2025-12-02T10:26:51+00:00","dateModified":"2026-03-19T13:43:59+00:00","breadcrumb":{"@id":"https:\/\/madoskampas.lt\/produktas\/lumina-urban-soft-italiskas-dzemperis\/#breadcrumb"},"inLanguage":"et","potentialAction":[{"@type":"ReadAction","target":["https:\/\/madoskampas.lt\/produktas\/lumina-urban-soft-italiskas-dzemperis\/"]}]},{"@type":"ImageObject","inLanguage":"et","@id":"https:\/\/madoskampas.lt\/produktas\/lumina-urban-soft-italiskas-dzemperis\/#primaryimage","url":"https:\/\/madoskampas.lt\/wp-content\/uploads\/2025\/12\/img_9429-2-scaled.jpeg","contentUrl":"https:\/\/madoskampas.lt\/wp-content\/uploads\/2025\/12\/img_9429-2-scaled.jpeg","width":1920,"height":2560},{"@type":"BreadcrumbList","@id":"https:\/\/madoskampas.lt\/produktas\/lumina-urban-soft-italiskas-dzemperis\/#breadcrumb","itemListElement":[{"@type":"ListItem","position":1,"name":"Home","item":"https:\/\/madoskampas.lt\/"},{"@type":"ListItem","position":2,"name":"Parduotuv\u0117","item":"https:\/\/madoskampas.lt\/parduotuve-2\/"},{"@type":"ListItem","position":3,"name":"\u201eLumina Urban Soft\u201c itali\u0161kas d\u017eemperis"}]},{"@type":"WebSite","@id":"https:\/\/madoskampas.lt\/#website","url":"https:\/\/madoskampas.lt\/","name":"FashionKampas.lt","description":"Stiilsed riided naistele","potentialAction":[{"@type":"SearchAction","target":{"@type":"EntryPoint","urlTemplate":"https:\/\/madoskampas.lt\/?s={search_term_string}"},"query-input":{"@type":"PropertyValueSpecification","valueRequired":true,"valueName":"search_term_string"}}],"inLanguage":"et"}]}},"uagb_featured_image_src":{"full":["https:\/\/madoskampas.lt\/wp-content\/uploads\/2025\/12\/img_9429-2-scaled.jpeg",1920,2560,false],"thumbnail":["https:\/\/madoskampas.lt\/wp-content\/uploads\/2025\/12\/img_9429-2-150x150.jpeg",150,150,true],"medium":["https:\/\/madoskampas.lt\/wp-content\/uploads\/2025\/12\/img_9429-2-225x300.jpeg",225,300,true],"medium_large":["https:\/\/madoskampas.lt\/wp-content\/uploads\/2025\/12\/img_9429-2-768x1024.jpeg",768,1024,true],"large":["https:\/\/madoskampas.lt\/wp-content\/uploads\/2025\/12\/img_9429-2-768x1024.jpeg",768,1024,true],"1536x1536":["https:\/\/madoskampas.lt\/wp-content\/uploads\/2025\/12\/img_9429-2-1152x1536.jpeg",1152,1536,true],"2048x2048":["https:\/\/madoskampas.lt\/wp-content\/uploads\/2025\/12\/img_9429-2-1536x2048.jpeg",1536,2048,true],"trp-custom-language-flag":["https:\/\/madoskampas.lt\/wp-content\/uploads\/2025\/12\/img_9429-2-9x12.jpeg",9,12,true],"nova-image-square":["https:\/\/madoskampas.lt\/wp-content\/uploads\/2025\/12\/img_9429-2-1100x1100.jpeg",1100,1100,true],"mixtas-product-03":["https:\/\/madoskampas.lt\/wp-content\/uploads\/2025\/12\/img_9429-2-600x345.jpeg",600,345,true],"woocommerce_thumbnail":["https:\/\/madoskampas.lt\/wp-content\/uploads\/2025\/12\/img_9429-2-700x700.jpeg",700,700,true],"woocommerce_single":["https:\/\/madoskampas.lt\/wp-content\/uploads\/2025\/12\/img_9429-2-1000x1333.jpeg",1000,1333,true],"woocommerce_gallery_thumbnail":["https:\/\/madoskampas.lt\/wp-content\/uploads\/2025\/12\/img_9429-2-250x250.jpeg",250,250,true],"variation_swatches_image_size":["https:\/\/madoskampas.lt\/wp-content\/uploads\/2025\/12\/img_9429-2-50x50.jpeg",50,50,true],"variation_swatches_tooltip_size":["https:\/\/madoskampas.lt\/wp-content\/uploads\/2025\/12\/img_9429-2-100x100.jpeg",100,100,true]},"uagb_author_info":{"display_name":"algirdasbart","author_link":"https:\/\/madoskampas.lt\/et\/author\/"},"uagb_comment_info":0,"uagb_excerpt":"Itali\u0161kas \u201eLumina Urban Soft\u201c d\u017eemperis \u2013 \u0161iltas, tvirtas ir ne\u012ftik\u0117tinai jaukus pasirinkimas tiems, kurie vertina kokyb\u0119 ir miesto stili\u0173.Pagamintas i\u0161 95 % mink\u0161tos medviln\u0117s su trupu\u010diu elastano, \u0161is modelis i\u0161laiko form\u0105, nevar\u017eo judesi\u0173 ir suteikia solid\u0173, i\u0161baigt\u0105 siluet\u0105. Kontrastingos juostel\u0117s, masyvesn\u0117 konstrukcija ir tvarkios ki\u0161en\u0117s suteikia jam i\u0161skirtin\u012f charakter\u012f \u2013 nuo kasdienio derinio iki sporti\u0161kai&hellip;","jetpack_sharing_enabled":true,"_links":{"self":[{"href":"https:\/\/madoskampas.lt\/et\/wp-json\/wp\/v2\/product\/24377","targetHints":{"allow":["GET"]}}],"collection":[{"href":"https:\/\/madoskampas.lt\/et\/wp-json\/wp\/v2\/product"}],"about":[{"href":"https:\/\/madoskampas.lt\/et\/wp-json\/wp\/v2\/types\/product"}],"replies":[{"embeddable":true,"href":"https:\/\/madoskampas.lt\/et\/wp-json\/wp\/v2\/comments?post=24377"}],"wp:featuredmedia":[{"embeddable":true,"href":"https:\/\/madoskampas.lt\/et\/wp-json\/wp\/v2\/media\/29200"}],"wp:attachment":[{"href":"https:\/\/madoskampas.lt\/et\/wp-json\/wp\/v2\/media?parent=24377"}],"wp:term":[{"taxonomy":"product_brand","embeddable":true,"href":"https:\/\/madoskampas.lt\/et\/wp-json\/wp\/v2\/product_brand?post=24377"},{"taxonomy":"product_cat","embeddable":true,"href":"https:\/\/madoskampas.lt\/et\/wp-json\/wp\/v2\/product_cat?post=24377"},{"taxonomy":"product_tag","embeddable":true,"href":"https:\/\/madoskampas.lt\/et\/wp-json\/wp\/v2\/product_tag?post=24377"}],"curies":[{"name":"wp","href":"https:\/\/api.w.org\/{rel}","templated":true}]}}