{"id":24933,"date":"2025-12-10T14:13:44","date_gmt":"2025-12-10T14:13:44","guid":{"rendered":"https:\/\/madoskampas.lt\/?post_type=product&#038;p=24933"},"modified":"2026-04-24T10:20:48","modified_gmt":"2026-04-24T10:20:48","slug":"fluffy-chic-stilinga-dirbtinio-kailiuko-kepure","status":"publish","type":"product","link":"https:\/\/madoskampas.lt\/et\/product-2\/fluffy-chic-stilinga-dirbtinio-kailiuko-kepure\/","title":{"rendered":"Fluffy Chic \u2013 stilinga dirbtinio kailiuko kepur\u0117"},"content":{"rendered":"<p>\u201e<strong data-start=\"99\" data-end=\"114\">Fluffy Chic<\/strong>\u201c \u2013 tai jauki, mink\u0161ta ir \u017eaismingai stilinga kepur\u0117, kuri akimirksniu suteikia \u012fvaizd\u017eiui \u017eiemos prabangos poj\u016bt\u012f. Pagaminta i\u0161 ypatingai \u0161velnaus dirbtinio kailiuko, tod\u0117l ne tik \u0161ildo, bet ir atrodo i\u0161skirtinai eleganti\u0161kai.<\/p>","protected":false},"excerpt":{"rendered":"<p data-start=\"98\" data-end=\"343\">\u201e<strong data-start=\"99\" data-end=\"114\">Fluffy Chic<\/strong>\u201c \u2013 tai jauki, mink\u0161ta ir \u017eaismingai stilinga kepur\u0117, kuri akimirksniu suteikia \u012fvaizd\u017eiui \u017eiemos prabangos poj\u016bt\u012f. Pagaminta i\u0161 ypatingai \u0161velnaus dirbtinio kailiuko, tod\u0117l ne tik \u0161ildo, bet ir atrodo i\u0161skirtinai eleganti\u0161kai.<\/p>\n<p data-start=\"345\" data-end=\"569\">Reguliuojamas dydis leid\u017eia kepur\u0119 pritaikyti bet kuriai galvos formai, o lengvai krentantis siluetas suteikia modern\u0173, mading\u0105 efekt\u0105. Puikiai tinka tiek prie palt\u0173, tiek prie megztini\u0173 \u2013 tobula detal\u0117 \u0161altajam sezonui!<\/p>","protected":false},"featured_media":24947,"comment_status":"open","ping_status":"closed","template":"","meta":{"_uag_custom_page_level_css":"","_monsterinsights_skip_tracking":false,"_monsterinsights_sitenote_active":false,"_monsterinsights_sitenote_note":"","_monsterinsights_sitenote_category":0},"product_brand":[],"product_cat":[189,66,95,202],"product_tag":[],"class_list":{"0":"post-24933","1":"product","2":"type-product","3":"status-publish","4":"has-post-thumbnail","6":"product_cat-aksesuarai","7":"product_cat-drabuziai","8":"product_cat-naujausi","9":"product_cat-salikai","10":"tm-has-options","12":"first","13":"instock","14":"shipping-taxable","15":"purchasable","16":"product-type-variable"},"yoast_head":"<!-- This site is optimized with the Yoast SEO plugin v27.6 - https:\/\/yoast.com\/product\/yoast-seo-wordpress\/ -->\n<title>Fluffy Chic \u2013 stilinga dirbtinio kailiuko kepur\u0117 - MadosKampas.lt<\/title>\n<meta name=\"robots\" content=\"index, follow, max-snippet:-1, max-image-preview:large, max-video-preview:-1\" \/>\n<link rel=\"canonical\" href=\"https:\/\/madoskampas.lt\/et\/product-2\/fluffy-chic-stilinga-dirbtinio-kailiuko-kepure\/\" \/>\n<meta property=\"og:locale\" content=\"et_EE\" \/>\n<meta property=\"og:type\" content=\"article\" \/>\n<meta property=\"og:title\" content=\"Fluffy Chic \u2013 stilinga dirbtinio kailiuko kepur\u0117 - MadosKampas.lt\" \/>\n<meta property=\"og:description\" content=\"\u201eFluffy Chic\u201c \u2013 tai jauki, mink\u0161ta ir \u017eaismingai stilinga kepur\u0117, kuri akimirksniu suteikia \u012fvaizd\u017eiui \u017eiemos prabangos poj\u016bt\u012f. Pagaminta i\u0161 ypatingai \u0161velnaus dirbtinio kailiuko, tod\u0117l ne tik \u0161ildo, bet ir atrodo i\u0161skirtinai eleganti\u0161kai. Reguliuojamas dydis leid\u017eia kepur\u0119 pritaikyti bet kuriai galvos formai, o lengvai krentantis siluetas suteikia modern\u0173, mading\u0105 efekt\u0105. Puikiai tinka tiek prie palt\u0173, tiek prie megztini\u0173 \u2013 tobula detal\u0117 \u0161altajam sezonui!\" \/>\n<meta property=\"og:url\" content=\"https:\/\/madoskampas.lt\/et\/product-2\/fluffy-chic-stilinga-dirbtinio-kailiuko-kepure\/\" \/>\n<meta property=\"og:site_name\" content=\"MadosKampas.lt\" \/>\n<meta property=\"article:modified_time\" content=\"2026-04-24T10:20:48+00:00\" \/>\n<meta property=\"og:image\" content=\"https:\/\/madoskampas.lt\/wp-content\/uploads\/2025\/12\/IMG_7433-scaled.jpeg\" \/>\n\t<meta property=\"og:image:width\" content=\"1920\" \/>\n\t<meta property=\"og:image:height\" content=\"2560\" \/>\n\t<meta property=\"og:image:type\" content=\"image\/jpeg\" \/>\n<meta name=\"twitter:card\" content=\"summary_large_image\" \/>\n<meta name=\"twitter:label1\" content=\"Est. reading time\" \/>\n\t<meta name=\"twitter:data1\" content=\"1 minut\" \/>\n<script type=\"application\/ld+json\" class=\"yoast-schema-graph\">{\"@context\":\"https:\\\/\\\/schema.org\",\"@graph\":[{\"@type\":\"WebPage\",\"@id\":\"https:\\\/\\\/madoskampas.lt\\\/produktas\\\/fluffy-chic-stilinga-dirbtinio-kailiuko-kepure\\\/\",\"url\":\"https:\\\/\\\/madoskampas.lt\\\/produktas\\\/fluffy-chic-stilinga-dirbtinio-kailiuko-kepure\\\/\",\"name\":\"Fluffy Chic \u2013 stilinga dirbtinio kailiuko kepur\u0117 - MadosKampas.lt\",\"isPartOf\":{\"@id\":\"https:\\\/\\\/madoskampas.lt\\\/#website\"},\"primaryImageOfPage\":{\"@id\":\"https:\\\/\\\/madoskampas.lt\\\/produktas\\\/fluffy-chic-stilinga-dirbtinio-kailiuko-kepure\\\/#primaryimage\"},\"image\":{\"@id\":\"https:\\\/\\\/madoskampas.lt\\\/produktas\\\/fluffy-chic-stilinga-dirbtinio-kailiuko-kepure\\\/#primaryimage\"},\"thumbnailUrl\":\"https:\\\/\\\/madoskampas.lt\\\/wp-content\\\/uploads\\\/2025\\\/12\\\/IMG_7433-scaled.jpeg\",\"datePublished\":\"2025-12-10T14:13:44+00:00\",\"dateModified\":\"2026-04-24T10:20:48+00:00\",\"breadcrumb\":{\"@id\":\"https:\\\/\\\/madoskampas.lt\\\/produktas\\\/fluffy-chic-stilinga-dirbtinio-kailiuko-kepure\\\/#breadcrumb\"},\"inLanguage\":\"et\",\"potentialAction\":[{\"@type\":\"ReadAction\",\"target\":[\"https:\\\/\\\/madoskampas.lt\\\/produktas\\\/fluffy-chic-stilinga-dirbtinio-kailiuko-kepure\\\/\"]}]},{\"@type\":\"ImageObject\",\"inLanguage\":\"et\",\"@id\":\"https:\\\/\\\/madoskampas.lt\\\/produktas\\\/fluffy-chic-stilinga-dirbtinio-kailiuko-kepure\\\/#primaryimage\",\"url\":\"https:\\\/\\\/madoskampas.lt\\\/wp-content\\\/uploads\\\/2025\\\/12\\\/IMG_7433-scaled.jpeg\",\"contentUrl\":\"https:\\\/\\\/madoskampas.lt\\\/wp-content\\\/uploads\\\/2025\\\/12\\\/IMG_7433-scaled.jpeg\",\"width\":1920,\"height\":2560},{\"@type\":\"BreadcrumbList\",\"@id\":\"https:\\\/\\\/madoskampas.lt\\\/produktas\\\/fluffy-chic-stilinga-dirbtinio-kailiuko-kepure\\\/#breadcrumb\",\"itemListElement\":[{\"@type\":\"ListItem\",\"position\":1,\"name\":\"Home\",\"item\":\"https:\\\/\\\/madoskampas.lt\\\/\"},{\"@type\":\"ListItem\",\"position\":2,\"name\":\"Parduotuv\u0117\",\"item\":\"https:\\\/\\\/madoskampas.lt\\\/parduotuve-2\\\/\"},{\"@type\":\"ListItem\",\"position\":3,\"name\":\"Fluffy Chic \u2013 stilinga dirbtinio kailiuko kepur\u0117\"}]},{\"@type\":\"WebSite\",\"@id\":\"https:\\\/\\\/madoskampas.lt\\\/#website\",\"url\":\"https:\\\/\\\/madoskampas.lt\\\/\",\"name\":\"MadosKampas.lt\",\"description\":\"Stilingi drabu\u017eiai moterims\",\"potentialAction\":[{\"@type\":\"SearchAction\",\"target\":{\"@type\":\"EntryPoint\",\"urlTemplate\":\"https:\\\/\\\/madoskampas.lt\\\/?s={search_term_string}\"},\"query-input\":{\"@type\":\"PropertyValueSpecification\",\"valueRequired\":true,\"valueName\":\"search_term_string\"}}],\"inLanguage\":\"et\"}]}<\/script>\n<!-- \/ Yoast SEO plugin. -->","yoast_head_json":{"title":"Fluffy Chic \u2013 stilinga dirbtinio kailiuko kepur\u0117 - MadosKampas.lt","robots":{"index":"index","follow":"follow","max-snippet":"max-snippet:-1","max-image-preview":"max-image-preview:large","max-video-preview":"max-video-preview:-1"},"canonical":"https:\/\/madoskampas.lt\/et\/product-2\/fluffy-chic-stilinga-dirbtinio-kailiuko-kepure\/","og_locale":"et_EE","og_type":"article","og_title":"Fluffy Chic \u2013 stilinga dirbtinio kailiuko kepur\u0117 - MadosKampas.lt","og_description":"\u201eFluffy Chic\u201c \u2013 tai jauki, mink\u0161ta ir \u017eaismingai stilinga kepur\u0117, kuri akimirksniu suteikia \u012fvaizd\u017eiui \u017eiemos prabangos poj\u016bt\u012f. Pagaminta i\u0161 ypatingai \u0161velnaus dirbtinio kailiuko, tod\u0117l ne tik \u0161ildo, bet ir atrodo i\u0161skirtinai eleganti\u0161kai. Reguliuojamas dydis leid\u017eia kepur\u0119 pritaikyti bet kuriai galvos formai, o lengvai krentantis siluetas suteikia modern\u0173, mading\u0105 efekt\u0105. Puikiai tinka tiek prie palt\u0173, tiek prie megztini\u0173 \u2013 tobula detal\u0117 \u0161altajam sezonui!","og_url":"https:\/\/madoskampas.lt\/et\/product-2\/fluffy-chic-stilinga-dirbtinio-kailiuko-kepure\/","og_site_name":"MadosKampas.lt","article_modified_time":"2026-04-24T10:20:48+00:00","og_image":[{"width":1920,"height":2560,"url":"https:\/\/madoskampas.lt\/wp-content\/uploads\/2025\/12\/IMG_7433-scaled.jpeg","type":"image\/jpeg"}],"twitter_card":"summary_large_image","twitter_misc":{"Est. reading time":"1 minut"},"schema":{"@context":"https:\/\/schema.org","@graph":[{"@type":"WebPage","@id":"https:\/\/madoskampas.lt\/produktas\/fluffy-chic-stilinga-dirbtinio-kailiuko-kepure\/","url":"https:\/\/madoskampas.lt\/produktas\/fluffy-chic-stilinga-dirbtinio-kailiuko-kepure\/","name":"Fluffy Chic \u2013 stilinga dirbtinio kailiuko kepur\u0117 - MadosKampas.lt","isPartOf":{"@id":"https:\/\/madoskampas.lt\/#website"},"primaryImageOfPage":{"@id":"https:\/\/madoskampas.lt\/produktas\/fluffy-chic-stilinga-dirbtinio-kailiuko-kepure\/#primaryimage"},"image":{"@id":"https:\/\/madoskampas.lt\/produktas\/fluffy-chic-stilinga-dirbtinio-kailiuko-kepure\/#primaryimage"},"thumbnailUrl":"https:\/\/madoskampas.lt\/wp-content\/uploads\/2025\/12\/IMG_7433-scaled.jpeg","datePublished":"2025-12-10T14:13:44+00:00","dateModified":"2026-04-24T10:20:48+00:00","breadcrumb":{"@id":"https:\/\/madoskampas.lt\/produktas\/fluffy-chic-stilinga-dirbtinio-kailiuko-kepure\/#breadcrumb"},"inLanguage":"et","potentialAction":[{"@type":"ReadAction","target":["https:\/\/madoskampas.lt\/produktas\/fluffy-chic-stilinga-dirbtinio-kailiuko-kepure\/"]}]},{"@type":"ImageObject","inLanguage":"et","@id":"https:\/\/madoskampas.lt\/produktas\/fluffy-chic-stilinga-dirbtinio-kailiuko-kepure\/#primaryimage","url":"https:\/\/madoskampas.lt\/wp-content\/uploads\/2025\/12\/IMG_7433-scaled.jpeg","contentUrl":"https:\/\/madoskampas.lt\/wp-content\/uploads\/2025\/12\/IMG_7433-scaled.jpeg","width":1920,"height":2560},{"@type":"BreadcrumbList","@id":"https:\/\/madoskampas.lt\/produktas\/fluffy-chic-stilinga-dirbtinio-kailiuko-kepure\/#breadcrumb","itemListElement":[{"@type":"ListItem","position":1,"name":"Home","item":"https:\/\/madoskampas.lt\/"},{"@type":"ListItem","position":2,"name":"Parduotuv\u0117","item":"https:\/\/madoskampas.lt\/parduotuve-2\/"},{"@type":"ListItem","position":3,"name":"Fluffy Chic \u2013 stilinga dirbtinio kailiuko kepur\u0117"}]},{"@type":"WebSite","@id":"https:\/\/madoskampas.lt\/#website","url":"https:\/\/madoskampas.lt\/","name":"FashionKampas.lt","description":"Stiilsed riided naistele","potentialAction":[{"@type":"SearchAction","target":{"@type":"EntryPoint","urlTemplate":"https:\/\/madoskampas.lt\/?s={search_term_string}"},"query-input":{"@type":"PropertyValueSpecification","valueRequired":true,"valueName":"search_term_string"}}],"inLanguage":"et"}]}},"uagb_featured_image_src":{"full":["https:\/\/madoskampas.lt\/wp-content\/uploads\/2025\/12\/IMG_7433-scaled.jpeg",1920,2560,false],"thumbnail":["https:\/\/madoskampas.lt\/wp-content\/uploads\/2025\/12\/IMG_7433-150x150.jpeg",150,150,true],"medium":["https:\/\/madoskampas.lt\/wp-content\/uploads\/2025\/12\/IMG_7433-225x300.jpeg",225,300,true],"medium_large":["https:\/\/madoskampas.lt\/wp-content\/uploads\/2025\/12\/IMG_7433-768x1024.jpeg",768,1024,true],"large":["https:\/\/madoskampas.lt\/wp-content\/uploads\/2025\/12\/IMG_7433-768x1024.jpeg",768,1024,true],"1536x1536":["https:\/\/madoskampas.lt\/wp-content\/uploads\/2025\/12\/IMG_7433-1152x1536.jpeg",1152,1536,true],"2048x2048":["https:\/\/madoskampas.lt\/wp-content\/uploads\/2025\/12\/IMG_7433-1536x2048.jpeg",1536,2048,true],"trp-custom-language-flag":["https:\/\/madoskampas.lt\/wp-content\/uploads\/2025\/12\/IMG_7433-9x12.jpeg",9,12,true],"nova-image-square":["https:\/\/madoskampas.lt\/wp-content\/uploads\/2025\/12\/IMG_7433-1100x1100.jpeg",1100,1100,true],"mixtas-product-03":["https:\/\/madoskampas.lt\/wp-content\/uploads\/2025\/12\/IMG_7433-600x345.jpeg",600,345,true],"woocommerce_thumbnail":["https:\/\/madoskampas.lt\/wp-content\/uploads\/2025\/12\/IMG_7433-700x700.jpeg",700,700,true],"woocommerce_single":["https:\/\/madoskampas.lt\/wp-content\/uploads\/2025\/12\/IMG_7433-1000x1333.jpeg",1000,1333,true],"woocommerce_gallery_thumbnail":["https:\/\/madoskampas.lt\/wp-content\/uploads\/2025\/12\/IMG_7433-250x250.jpeg",250,250,true],"variation_swatches_image_size":["https:\/\/madoskampas.lt\/wp-content\/uploads\/2025\/12\/IMG_7433-50x50.jpeg",50,50,true],"variation_swatches_tooltip_size":["https:\/\/madoskampas.lt\/wp-content\/uploads\/2025\/12\/IMG_7433-100x100.jpeg",100,100,true]},"uagb_author_info":{"display_name":"algirdasbart","author_link":"https:\/\/madoskampas.lt\/et\/author\/"},"uagb_comment_info":0,"uagb_excerpt":"\u201eFluffy Chic\u201c \u2013 tai jauki, mink\u0161ta ir \u017eaismingai stilinga kepur\u0117, kuri akimirksniu suteikia \u012fvaizd\u017eiui \u017eiemos prabangos poj\u016bt\u012f. Pagaminta i\u0161 ypatingai \u0161velnaus dirbtinio kailiuko, tod\u0117l ne tik \u0161ildo, bet ir atrodo i\u0161skirtinai eleganti\u0161kai. Reguliuojamas dydis leid\u017eia kepur\u0119 pritaikyti bet kuriai galvos formai, o lengvai krentantis siluetas suteikia modern\u0173, mading\u0105 efekt\u0105. Puikiai tinka tiek prie palt\u0173, tiek&hellip;","jetpack_sharing_enabled":true,"_links":{"self":[{"href":"https:\/\/madoskampas.lt\/et\/wp-json\/wp\/v2\/product\/24933","targetHints":{"allow":["GET"]}}],"collection":[{"href":"https:\/\/madoskampas.lt\/et\/wp-json\/wp\/v2\/product"}],"about":[{"href":"https:\/\/madoskampas.lt\/et\/wp-json\/wp\/v2\/types\/product"}],"replies":[{"embeddable":true,"href":"https:\/\/madoskampas.lt\/et\/wp-json\/wp\/v2\/comments?post=24933"}],"wp:featuredmedia":[{"embeddable":true,"href":"https:\/\/madoskampas.lt\/et\/wp-json\/wp\/v2\/media\/24947"}],"wp:attachment":[{"href":"https:\/\/madoskampas.lt\/et\/wp-json\/wp\/v2\/media?parent=24933"}],"wp:term":[{"taxonomy":"product_brand","embeddable":true,"href":"https:\/\/madoskampas.lt\/et\/wp-json\/wp\/v2\/product_brand?post=24933"},{"taxonomy":"product_cat","embeddable":true,"href":"https:\/\/madoskampas.lt\/et\/wp-json\/wp\/v2\/product_cat?post=24933"},{"taxonomy":"product_tag","embeddable":true,"href":"https:\/\/madoskampas.lt\/et\/wp-json\/wp\/v2\/product_tag?post=24933"}],"curies":[{"name":"wp","href":"https:\/\/api.w.org\/{rel}","templated":true}]}}