{"id":25359,"date":"2025-12-20T12:08:07","date_gmt":"2025-12-20T12:08:07","guid":{"rendered":"https:\/\/madoskampas.lt\/?post_type=product&#038;p=25359"},"modified":"2026-04-02T11:16:33","modified_gmt":"2026-04-02T11:16:33","slug":"70-kid-mohair-prabangos-megztinis","status":"publish","type":"product","link":"https:\/\/madoskampas.lt\/et\/product-2\/70-kid-mohair-prabangos-megztinis\/","title":{"rendered":"70 % Kid Mohair Prabangos Megztinis"},"content":{"rendered":"<p data-start=\"206\" data-end=\"364\">Ypatingai lengvas, \u0161velnus ir prabangus megztinis, kuris apgaubia lyg \u0161ilko debesis. Sukurtas toms, kurios vertina tyl\u0173 rafinuotum\u0105, kokyb\u0119 ir jausm\u0105 vilkint.<\/p>\n<p data-start=\"366\" data-end=\"607\">Didel\u0117 dalis <strong data-start=\"379\" data-end=\"399\">70 % kid moheros<\/strong> suteikia nepaprast\u0105 mink\u0161tum\u0105, purum\u0105 ir subtil\u0173 p\u016bk\u0105, o audinys atrodo lengvas, bet kartu \u0161iltas ir jaukus. Tai tas megztinis, kuris atrodo prabangiai be pastang\u0173 \u2013 tiek kasdien, tiek ypatingoms akimirkoms.<\/p>","protected":false},"excerpt":{"rendered":"<p data-start=\"206\" data-end=\"364\">Ypatingai lengvas, \u0161velnus ir prabangus megztinis, kuris apgaubia lyg \u0161ilko debesis. Sukurtas toms, kurios vertina tyl\u0173 rafinuotum\u0105, kokyb\u0119 ir jausm\u0105 vilkint.<\/p>\n<p data-start=\"366\" data-end=\"607\">Didel\u0117 dalis <strong data-start=\"379\" data-end=\"399\">70 % kid moheros<\/strong> suteikia nepaprast\u0105 mink\u0161tum\u0105, purum\u0105 ir subtil\u0173 p\u016bk\u0105, o audinys atrodo lengvas, bet kartu \u0161iltas ir jaukus. Tai tas megztinis, kuris atrodo prabangiai be pastang\u0173 \u2013 tiek kasdien, tiek ypatingoms akimirkoms.<\/p>\n<p data-start=\"609\" data-end=\"828\">Laisvas, universalus siluetas gra\u017eiai krenta, nevar\u017eo judesi\u0173 ir tinka skirtingiems deriniams \u2013 nuo eleganti\u0161k\u0173 sijon\u0173 iki laisvalaikio kelni\u0173.<br data-start=\"752\" data-end=\"755\" \/>Pagamintas Italijoje, i\u0161 kruop\u0161\u010diai atrinkt\u0173, auk\u0161\u010diausios kokyb\u0117s si\u016bl\u0173.<\/p>\n<p data-start=\"830\" data-end=\"897\">Tai ne tik megztinis \u2013 tai jausmas, kur\u012f norisi kartoti v\u0117l ir v\u0117l.<\/p>\n<p data-start=\"899\" data-end=\"1018\"><strong data-start=\"899\" data-end=\"911\">Koostis:<\/strong><br data-start=\"911\" data-end=\"914\" \/>70 % kid mohera, 30 % poliamidas<br data-start=\"946\" data-end=\"949\" \/><strong data-start=\"949\" data-end=\"959\">Dydis:<\/strong> universalus (tinka nuo S iki XL)<br data-start=\"992\" data-end=\"995\" \/><strong data-start=\"995\" data-end=\"1005\">Kilm\u0117:<\/strong> Italija \ud83c\uddee\ud83c\uddf9<\/p>","protected":false},"featured_media":27018,"comment_status":"open","ping_status":"closed","template":"","meta":{"_uag_custom_page_level_css":"","_monsterinsights_skip_tracking":false,"_monsterinsights_sitenote_active":false,"_monsterinsights_sitenote_note":"","_monsterinsights_sitenote_category":0},"product_brand":[],"product_cat":[203,66,73,95],"product_tag":[],"class_list":{"0":"post-25359","1":"product","2":"type-product","3":"status-publish","4":"has-post-thumbnail","6":"product_cat-dovanu-idejos","7":"product_cat-drabuziai","8":"product_cat-megztiniai","9":"product_cat-naujausi","10":"tm-has-options","12":"first","13":"instock","14":"shipping-taxable","15":"purchasable","16":"product-type-variable"},"yoast_head":"<!-- This site is optimized with the Yoast SEO plugin v27.3 - https:\/\/yoast.com\/product\/yoast-seo-wordpress\/ -->\n<title>70 % Kid Mohair Prabangos Megztinis - MadosKampas.lt<\/title>\n<meta name=\"robots\" content=\"index, follow, max-snippet:-1, max-image-preview:large, max-video-preview:-1\" \/>\n<link rel=\"canonical\" href=\"https:\/\/madoskampas.lt\/et\/product-2\/70-kid-mohair-prabangos-megztinis\/\" \/>\n<meta property=\"og:locale\" content=\"et_EE\" \/>\n<meta property=\"og:type\" content=\"article\" \/>\n<meta property=\"og:title\" content=\"70 % Kid Mohair Prabangos Megztinis - MadosKampas.lt\" \/>\n<meta property=\"og:description\" content=\"Ypatingai lengvas, \u0161velnus ir prabangus megztinis, kuris apgaubia lyg \u0161ilko debesis. Sukurtas toms, kurios vertina tyl\u0173 rafinuotum\u0105, kokyb\u0119 ir jausm\u0105 vilkint. Didel\u0117 dalis 70 % kid moheros suteikia nepaprast\u0105 mink\u0161tum\u0105, purum\u0105 ir subtil\u0173 p\u016bk\u0105, o audinys atrodo lengvas, bet kartu \u0161iltas ir jaukus. Tai tas megztinis, kuris atrodo prabangiai be pastang\u0173 \u2013 tiek kasdien, tiek ypatingoms akimirkoms. Laisvas, universalus siluetas gra\u017eiai krenta, nevar\u017eo judesi\u0173 ir tinka skirtingiems deriniams \u2013 nuo eleganti\u0161k\u0173 sijon\u0173 iki laisvalaikio kelni\u0173.Pagamintas Italijoje, i\u0161 kruop\u0161\u010diai atrinkt\u0173, auk\u0161\u010diausios kokyb\u0117s si\u016bl\u0173. Tai ne tik megztinis \u2013 tai jausmas, kur\u012f norisi kartoti v\u0117l ir v\u0117l. Sud\u0117tis:70 % kid mohera, 30 % poliamidasDydis: universalus (tinka nuo S iki XL)Kilm\u0117: Italija \ud83c\uddee\ud83c\uddf9\" \/>\n<meta property=\"og:url\" content=\"https:\/\/madoskampas.lt\/et\/product-2\/70-kid-mohair-prabangos-megztinis\/\" \/>\n<meta property=\"og:site_name\" content=\"MadosKampas.lt\" \/>\n<meta property=\"article:modified_time\" content=\"2026-04-02T11:16:33+00:00\" \/>\n<meta property=\"og:image\" content=\"https:\/\/madoskampas.lt\/wp-content\/uploads\/2025\/12\/IMG_0368-2.jpeg\" \/>\n\t<meta property=\"og:image:width\" content=\"1330\" \/>\n\t<meta property=\"og:image:height\" content=\"2364\" \/>\n\t<meta property=\"og:image:type\" content=\"image\/jpeg\" \/>\n<meta name=\"twitter:card\" content=\"summary_large_image\" \/>\n<meta name=\"twitter:label1\" content=\"Est. reading time\" \/>\n\t<meta name=\"twitter:data1\" content=\"1 minut\" \/>\n<script type=\"application\/ld+json\" class=\"yoast-schema-graph\">{\"@context\":\"https:\\\/\\\/schema.org\",\"@graph\":[{\"@type\":\"WebPage\",\"@id\":\"https:\\\/\\\/madoskampas.lt\\\/produktas\\\/70-kid-mohair-prabangos-megztinis\\\/\",\"url\":\"https:\\\/\\\/madoskampas.lt\\\/produktas\\\/70-kid-mohair-prabangos-megztinis\\\/\",\"name\":\"70 % Kid Mohair Prabangos Megztinis - MadosKampas.lt\",\"isPartOf\":{\"@id\":\"https:\\\/\\\/madoskampas.lt\\\/#website\"},\"primaryImageOfPage\":{\"@id\":\"https:\\\/\\\/madoskampas.lt\\\/produktas\\\/70-kid-mohair-prabangos-megztinis\\\/#primaryimage\"},\"image\":{\"@id\":\"https:\\\/\\\/madoskampas.lt\\\/produktas\\\/70-kid-mohair-prabangos-megztinis\\\/#primaryimage\"},\"thumbnailUrl\":\"https:\\\/\\\/madoskampas.lt\\\/wp-content\\\/uploads\\\/2025\\\/12\\\/img_2632-scaled.jpeg\",\"datePublished\":\"2025-12-20T12:08:07+00:00\",\"dateModified\":\"2026-04-02T11:16:33+00:00\",\"breadcrumb\":{\"@id\":\"https:\\\/\\\/madoskampas.lt\\\/produktas\\\/70-kid-mohair-prabangos-megztinis\\\/#breadcrumb\"},\"inLanguage\":\"et\",\"potentialAction\":[{\"@type\":\"ReadAction\",\"target\":[\"https:\\\/\\\/madoskampas.lt\\\/produktas\\\/70-kid-mohair-prabangos-megztinis\\\/\"]}]},{\"@type\":\"ImageObject\",\"inLanguage\":\"et\",\"@id\":\"https:\\\/\\\/madoskampas.lt\\\/produktas\\\/70-kid-mohair-prabangos-megztinis\\\/#primaryimage\",\"url\":\"https:\\\/\\\/madoskampas.lt\\\/wp-content\\\/uploads\\\/2025\\\/12\\\/img_2632-scaled.jpeg\",\"contentUrl\":\"https:\\\/\\\/madoskampas.lt\\\/wp-content\\\/uploads\\\/2025\\\/12\\\/img_2632-scaled.jpeg\",\"width\":1440,\"height\":2560},{\"@type\":\"BreadcrumbList\",\"@id\":\"https:\\\/\\\/madoskampas.lt\\\/produktas\\\/70-kid-mohair-prabangos-megztinis\\\/#breadcrumb\",\"itemListElement\":[{\"@type\":\"ListItem\",\"position\":1,\"name\":\"Home\",\"item\":\"https:\\\/\\\/madoskampas.lt\\\/\"},{\"@type\":\"ListItem\",\"position\":2,\"name\":\"Parduotuv\u0117\",\"item\":\"https:\\\/\\\/madoskampas.lt\\\/parduotuve-2\\\/\"},{\"@type\":\"ListItem\",\"position\":3,\"name\":\"70 % Kid Mohair Prabangos Megztinis\"}]},{\"@type\":\"WebSite\",\"@id\":\"https:\\\/\\\/madoskampas.lt\\\/#website\",\"url\":\"https:\\\/\\\/madoskampas.lt\\\/\",\"name\":\"MadosKampas.lt\",\"description\":\"Stilingi drabu\u017eiai moterims\",\"potentialAction\":[{\"@type\":\"SearchAction\",\"target\":{\"@type\":\"EntryPoint\",\"urlTemplate\":\"https:\\\/\\\/madoskampas.lt\\\/?s={search_term_string}\"},\"query-input\":{\"@type\":\"PropertyValueSpecification\",\"valueRequired\":true,\"valueName\":\"search_term_string\"}}],\"inLanguage\":\"et\"}]}<\/script>\n<!-- \/ Yoast SEO plugin. -->","yoast_head_json":{"title":"70 % Kid Mohair Prabangos Megztinis - MadosKampas.lt","robots":{"index":"index","follow":"follow","max-snippet":"max-snippet:-1","max-image-preview":"max-image-preview:large","max-video-preview":"max-video-preview:-1"},"canonical":"https:\/\/madoskampas.lt\/et\/product-2\/70-kid-mohair-prabangos-megztinis\/","og_locale":"et_EE","og_type":"article","og_title":"70 % Kid Mohair Prabangos Megztinis - MadosKampas.lt","og_description":"Ypatingai lengvas, \u0161velnus ir prabangus megztinis, kuris apgaubia lyg \u0161ilko debesis. Sukurtas toms, kurios vertina tyl\u0173 rafinuotum\u0105, kokyb\u0119 ir jausm\u0105 vilkint. Didel\u0117 dalis 70 % kid moheros suteikia nepaprast\u0105 mink\u0161tum\u0105, purum\u0105 ir subtil\u0173 p\u016bk\u0105, o audinys atrodo lengvas, bet kartu \u0161iltas ir jaukus. Tai tas megztinis, kuris atrodo prabangiai be pastang\u0173 \u2013 tiek kasdien, tiek ypatingoms akimirkoms. Laisvas, universalus siluetas gra\u017eiai krenta, nevar\u017eo judesi\u0173 ir tinka skirtingiems deriniams \u2013 nuo eleganti\u0161k\u0173 sijon\u0173 iki laisvalaikio kelni\u0173.Pagamintas Italijoje, i\u0161 kruop\u0161\u010diai atrinkt\u0173, auk\u0161\u010diausios kokyb\u0117s si\u016bl\u0173. Tai ne tik megztinis \u2013 tai jausmas, kur\u012f norisi kartoti v\u0117l ir v\u0117l. Sud\u0117tis:70 % kid mohera, 30 % poliamidasDydis: universalus (tinka nuo S iki XL)Kilm\u0117: Italija \ud83c\uddee\ud83c\uddf9","og_url":"https:\/\/madoskampas.lt\/et\/product-2\/70-kid-mohair-prabangos-megztinis\/","og_site_name":"MadosKampas.lt","article_modified_time":"2026-04-02T11:16:33+00:00","og_image":[{"width":1330,"height":2364,"url":"https:\/\/madoskampas.lt\/wp-content\/uploads\/2025\/12\/IMG_0368-2.jpeg","type":"image\/jpeg"}],"twitter_card":"summary_large_image","twitter_misc":{"Est. reading time":"1 minut"},"schema":{"@context":"https:\/\/schema.org","@graph":[{"@type":"WebPage","@id":"https:\/\/madoskampas.lt\/produktas\/70-kid-mohair-prabangos-megztinis\/","url":"https:\/\/madoskampas.lt\/produktas\/70-kid-mohair-prabangos-megztinis\/","name":"70 % Kid Mohair Prabangos Megztinis - MadosKampas.lt","isPartOf":{"@id":"https:\/\/madoskampas.lt\/#website"},"primaryImageOfPage":{"@id":"https:\/\/madoskampas.lt\/produktas\/70-kid-mohair-prabangos-megztinis\/#primaryimage"},"image":{"@id":"https:\/\/madoskampas.lt\/produktas\/70-kid-mohair-prabangos-megztinis\/#primaryimage"},"thumbnailUrl":"https:\/\/madoskampas.lt\/wp-content\/uploads\/2025\/12\/img_2632-scaled.jpeg","datePublished":"2025-12-20T12:08:07+00:00","dateModified":"2026-04-02T11:16:33+00:00","breadcrumb":{"@id":"https:\/\/madoskampas.lt\/produktas\/70-kid-mohair-prabangos-megztinis\/#breadcrumb"},"inLanguage":"et","potentialAction":[{"@type":"ReadAction","target":["https:\/\/madoskampas.lt\/produktas\/70-kid-mohair-prabangos-megztinis\/"]}]},{"@type":"ImageObject","inLanguage":"et","@id":"https:\/\/madoskampas.lt\/produktas\/70-kid-mohair-prabangos-megztinis\/#primaryimage","url":"https:\/\/madoskampas.lt\/wp-content\/uploads\/2025\/12\/img_2632-scaled.jpeg","contentUrl":"https:\/\/madoskampas.lt\/wp-content\/uploads\/2025\/12\/img_2632-scaled.jpeg","width":1440,"height":2560},{"@type":"BreadcrumbList","@id":"https:\/\/madoskampas.lt\/produktas\/70-kid-mohair-prabangos-megztinis\/#breadcrumb","itemListElement":[{"@type":"ListItem","position":1,"name":"Home","item":"https:\/\/madoskampas.lt\/"},{"@type":"ListItem","position":2,"name":"Parduotuv\u0117","item":"https:\/\/madoskampas.lt\/parduotuve-2\/"},{"@type":"ListItem","position":3,"name":"70 % Kid Mohair Prabangos Megztinis"}]},{"@type":"WebSite","@id":"https:\/\/madoskampas.lt\/#website","url":"https:\/\/madoskampas.lt\/","name":"FashionKampas.lt","description":"Stiilsed riided naistele","potentialAction":[{"@type":"SearchAction","target":{"@type":"EntryPoint","urlTemplate":"https:\/\/madoskampas.lt\/?s={search_term_string}"},"query-input":{"@type":"PropertyValueSpecification","valueRequired":true,"valueName":"search_term_string"}}],"inLanguage":"et"}]}},"uagb_featured_image_src":{"full":["https:\/\/madoskampas.lt\/wp-content\/uploads\/2025\/12\/img_2632-scaled.jpeg",1440,2560,false],"thumbnail":["https:\/\/madoskampas.lt\/wp-content\/uploads\/2025\/12\/img_2632-150x150.jpeg",150,150,true],"medium":["https:\/\/madoskampas.lt\/wp-content\/uploads\/2025\/12\/img_2632-169x300.jpeg",169,300,true],"medium_large":["https:\/\/madoskampas.lt\/wp-content\/uploads\/2025\/12\/img_2632-768x1365.jpeg",768,1365,true],"large":["https:\/\/madoskampas.lt\/wp-content\/uploads\/2025\/12\/img_2632-576x1024.jpeg",576,1024,true],"1536x1536":["https:\/\/madoskampas.lt\/wp-content\/uploads\/2025\/12\/img_2632-864x1536.jpeg",864,1536,true],"2048x2048":["https:\/\/madoskampas.lt\/wp-content\/uploads\/2025\/12\/img_2632-1152x2048.jpeg",1152,2048,true],"trp-custom-language-flag":["https:\/\/madoskampas.lt\/wp-content\/uploads\/2025\/12\/img_2632-7x12.jpeg",7,12,true],"nova-image-square":["https:\/\/madoskampas.lt\/wp-content\/uploads\/2025\/12\/img_2632-1100x1100.jpeg",1100,1100,true],"mixtas-product-03":["https:\/\/madoskampas.lt\/wp-content\/uploads\/2025\/12\/img_2632-600x345.jpeg",600,345,true],"woocommerce_thumbnail":["https:\/\/madoskampas.lt\/wp-content\/uploads\/2025\/12\/img_2632-700x700.jpeg",700,700,true],"woocommerce_single":["https:\/\/madoskampas.lt\/wp-content\/uploads\/2025\/12\/img_2632-1000x1777.jpeg",1000,1777,true],"woocommerce_gallery_thumbnail":["https:\/\/madoskampas.lt\/wp-content\/uploads\/2025\/12\/img_2632-250x250.jpeg",250,250,true],"variation_swatches_image_size":["https:\/\/madoskampas.lt\/wp-content\/uploads\/2025\/12\/img_2632-50x50.jpeg",50,50,true],"variation_swatches_tooltip_size":["https:\/\/madoskampas.lt\/wp-content\/uploads\/2025\/12\/img_2632-100x100.jpeg",100,100,true]},"uagb_author_info":{"display_name":"algirdasbart","author_link":"https:\/\/madoskampas.lt\/et\/author\/"},"uagb_comment_info":3,"uagb_excerpt":"Ypatingai lengvas, \u0161velnus ir prabangus megztinis, kuris apgaubia lyg \u0161ilko debesis. Sukurtas toms, kurios vertina tyl\u0173 rafinuotum\u0105, kokyb\u0119 ir jausm\u0105 vilkint. Didel\u0117 dalis 70 % kid moheros suteikia nepaprast\u0105 mink\u0161tum\u0105, purum\u0105 ir subtil\u0173 p\u016bk\u0105, o audinys atrodo lengvas, bet kartu \u0161iltas ir jaukus. Tai tas megztinis, kuris atrodo prabangiai be pastang\u0173 \u2013 tiek kasdien, tiek&hellip;","jetpack_sharing_enabled":true,"_links":{"self":[{"href":"https:\/\/madoskampas.lt\/et\/wp-json\/wp\/v2\/product\/25359","targetHints":{"allow":["GET"]}}],"collection":[{"href":"https:\/\/madoskampas.lt\/et\/wp-json\/wp\/v2\/product"}],"about":[{"href":"https:\/\/madoskampas.lt\/et\/wp-json\/wp\/v2\/types\/product"}],"replies":[{"embeddable":true,"href":"https:\/\/madoskampas.lt\/et\/wp-json\/wp\/v2\/comments?post=25359"}],"wp:featuredmedia":[{"embeddable":true,"href":"https:\/\/madoskampas.lt\/et\/wp-json\/wp\/v2\/media\/27018"}],"wp:attachment":[{"href":"https:\/\/madoskampas.lt\/et\/wp-json\/wp\/v2\/media?parent=25359"}],"wp:term":[{"taxonomy":"product_brand","embeddable":true,"href":"https:\/\/madoskampas.lt\/et\/wp-json\/wp\/v2\/product_brand?post=25359"},{"taxonomy":"product_cat","embeddable":true,"href":"https:\/\/madoskampas.lt\/et\/wp-json\/wp\/v2\/product_cat?post=25359"},{"taxonomy":"product_tag","embeddable":true,"href":"https:\/\/madoskampas.lt\/et\/wp-json\/wp\/v2\/product_tag?post=25359"}],"curies":[{"name":"wp","href":"https:\/\/api.w.org\/{rel}","templated":true}]}}