{"id":26110,"date":"2026-01-14T14:13:57","date_gmt":"2026-01-14T14:13:57","guid":{"rendered":"https:\/\/madoskampas.lt\/?post_type=product&#038;p=26110"},"modified":"2026-03-10T09:25:06","modified_gmt":"2026-03-10T09:25:06","slug":"soft-shape-klasikiniai-mom-fit-dzinsai-l8777","status":"publish","type":"product","link":"https:\/\/madoskampas.lt\/et\/product-2\/soft-shape-klasikiniai-mom-fit-dzinsai-l8777\/","title":{"rendered":"\u201eSoft Shape\u201c \u2013 klasikiniai Mom Fit d\u017einsai (L8777)"},"content":{"rendered":"<p data-start=\"344\" data-end=\"580\">Laiko patikrintas siluetas, kuris niekada nei\u0161eina i\u0161 mados. <strong data-start=\"405\" data-end=\"421\">\u201eSoft Shape\u201c<\/strong> mom fit d\u017einsai i\u0161siskiria auk\u0161tesniu liemeniu ir lengvai atpalaiduotu kirpimu per klubus bei \u0161launis, tod\u0117l fig\u016bra atrodo nat\u016braliai gra\u017eiai ir proporcingai.<\/p>\n<p data-start=\"582\" data-end=\"838\">\u0160is modelis suteikia laisvumo poj\u016bt\u012f, bet i\u0161laiko tvarking\u0105, moteri\u0161k\u0105 linij\u0105. D\u017einsai puikiai tinka kasdienai \u2013 patog\u016bs jud\u0117ti, lengvai derinami ir visada atrodo stilingai. Idealus pasirinkimas toms, kurios ie\u0161ko komforto, bet nenori atsisakyti estetikos.<\/p>","protected":false},"excerpt":{"rendered":"<p data-start=\"344\" data-end=\"580\">Laiko patikrintas siluetas, kuris niekada nei\u0161eina i\u0161 mados. <strong data-start=\"405\" data-end=\"421\">\u201eSoft Shape\u201c<\/strong> mom fit d\u017einsai i\u0161siskiria auk\u0161tesniu liemeniu ir lengvai atpalaiduotu kirpimu per klubus bei \u0161launis, tod\u0117l fig\u016bra atrodo nat\u016braliai gra\u017eiai ir proporcingai.<\/p>\n<p data-start=\"582\" data-end=\"838\">\u0160is modelis suteikia laisvumo poj\u016bt\u012f, bet i\u0161laiko tvarking\u0105, moteri\u0161k\u0105 linij\u0105. D\u017einsai puikiai tinka kasdienai \u2013 patog\u016bs jud\u0117ti, lengvai derinami ir visada atrodo stilingai. Idealus pasirinkimas toms, kurios ie\u0161ko komforto, bet nenori atsisakyti estetikos.<\/p>\n<hr data-start=\"840\" data-end=\"843\" \/>\n<h2 data-start=\"845\" data-end=\"865\">\ud83c\udf3f <strong data-start=\"851\" data-end=\"865\">Privalumai<\/strong><\/h2>\n<ul data-start=\"866\" data-end=\"1194\">\n<li data-start=\"866\" data-end=\"934\">\n<p data-start=\"868\" data-end=\"934\"><strong data-start=\"868\" data-end=\"887\">Mom fit modelis<\/strong> \u2013 pabr\u0117\u017eia liemen\u012f, suteikia fig\u016brai balans\u0105<\/p>\n<\/li>\n<li data-start=\"935\" data-end=\"998\">\n<p data-start=\"937\" data-end=\"998\"><strong data-start=\"937\" data-end=\"958\">Auk\u0161tesnis liemuo<\/strong> \u2013 patogu ir vizualiai dailina siluet\u0105<\/p>\n<\/li>\n<li data-start=\"999\" data-end=\"1055\">\n<p data-start=\"1001\" data-end=\"1055\"><strong data-start=\"1001\" data-end=\"1035\">Laisvesnis kritimas per klubus<\/strong> \u2013 nevar\u017eo judesi\u0173<\/p>\n<\/li>\n<li data-start=\"1056\" data-end=\"1133\">\n<p data-start=\"1058\" data-end=\"1133\"><strong data-start=\"1058\" data-end=\"1081\">Universalus stilius<\/strong> \u2013 tinka tiek laisvalaikiui, tiek miesto deriniams<\/p>\n<\/li>\n<li data-start=\"1134\" data-end=\"1194\">\n<p data-start=\"1136\" data-end=\"1194\">Lengvai derinami su megztiniais, mar\u0161kiniais ar \u0161varkais<\/p>\n<\/li>\n<\/ul>\n<hr data-start=\"1196\" data-end=\"1199\" \/>\n<h2 data-start=\"1201\" data-end=\"1223\">\ud83e\udd0d <strong data-start=\"1207\" data-end=\"1223\">Kaip derinti<\/strong><\/h2>\n<p data-start=\"1224\" data-end=\"1435\">Puikiai atrodo su trumpais kid moheros ar alpakos megztiniais, baziniais mar\u0161kin\u0117liais ar \u012fki\u0161tais mar\u0161kiniais. Av\u0117kite sportinius batelius, aulinukus ar loafers \u2013 \u0161ie d\u017einsai prisitaiko prie bet kokio stiliaus.<\/p>\n<table>\n<thead>\n<tr>\n<th>Suurus<\/th>\n<th>Liemuo<\/th>\n<th>Klubai<\/th>\n<th>Ilgis<\/th>\n<\/tr>\n<\/thead>\n<tbody>\n<tr>\n<td>XS<\/td>\n<td>31<\/td>\n<td>45<\/td>\n<td>103<\/td>\n<\/tr>\n<tr>\n<td>S<\/td>\n<td>32<\/td>\n<td>46<\/td>\n<td>103<\/td>\n<\/tr>\n<tr>\n<td>M<\/td>\n<td>35<\/td>\n<td>50<\/td>\n<td>103<\/td>\n<\/tr>\n<tr>\n<td>L<\/td>\n<td>37<\/td>\n<td>52<\/td>\n<td>104<\/td>\n<\/tr>\n<tr>\n<td>XL<\/td>\n<td>39<\/td>\n<td>55<\/td>\n<td>104<\/td>\n<\/tr>\n<\/tbody>\n<\/table>","protected":false},"featured_media":26100,"comment_status":"open","ping_status":"closed","template":"","meta":{"_uag_custom_page_level_css":"","_monsterinsights_skip_tracking":false,"_monsterinsights_sitenote_active":false,"_monsterinsights_sitenote_note":"","_monsterinsights_sitenote_category":0},"product_brand":[],"product_cat":[66,67,95],"product_tag":[],"class_list":{"0":"post-26110","1":"product","2":"type-product","3":"status-publish","4":"has-post-thumbnail","6":"product_cat-drabuziai","7":"product_cat-dzinsai","8":"product_cat-naujausi","9":"tm-has-options","11":"first","12":"instock","13":"shipping-taxable","14":"purchasable","15":"product-type-variable"},"yoast_head":"<!-- This site is optimized with the Yoast SEO plugin v27.3 - https:\/\/yoast.com\/product\/yoast-seo-wordpress\/ -->\n<title>\u201eSoft Shape\u201c \u2013 klasikiniai Mom Fit d\u017einsai (L8777) - MadosKampas.lt<\/title>\n<meta name=\"robots\" content=\"index, follow, max-snippet:-1, max-image-preview:large, max-video-preview:-1\" \/>\n<link rel=\"canonical\" href=\"https:\/\/madoskampas.lt\/et\/product-2\/soft-shape-klasikiniai-mom-fit-dzinsai-l8777\/\" \/>\n<meta property=\"og:locale\" content=\"et_EE\" \/>\n<meta property=\"og:type\" content=\"article\" \/>\n<meta property=\"og:title\" content=\"\u201eSoft Shape\u201c \u2013 klasikiniai Mom Fit d\u017einsai (L8777) - MadosKampas.lt\" \/>\n<meta property=\"og:description\" content=\"Laiko patikrintas siluetas, kuris niekada nei\u0161eina i\u0161 mados. \u201eSoft Shape\u201c mom fit d\u017einsai i\u0161siskiria auk\u0161tesniu liemeniu ir lengvai atpalaiduotu kirpimu per klubus bei \u0161launis, tod\u0117l fig\u016bra atrodo nat\u016braliai gra\u017eiai ir proporcingai. \u0160is modelis suteikia laisvumo poj\u016bt\u012f, bet i\u0161laiko tvarking\u0105, moteri\u0161k\u0105 linij\u0105. D\u017einsai puikiai tinka kasdienai \u2013 patog\u016bs jud\u0117ti, lengvai derinami ir visada atrodo stilingai. Idealus pasirinkimas toms, kurios ie\u0161ko komforto, bet nenori atsisakyti estetikos.     \ud83c\udf3f Privalumai    Mom fit modelis \u2013 pabr\u0117\u017eia liemen\u012f, suteikia fig\u016brai balans\u0105    Auk\u0161tesnis liemuo \u2013 patogu ir vizualiai dailina siluet\u0105    Laisvesnis kritimas per klubus \u2013 nevar\u017eo judesi\u0173    Universalus stilius \u2013 tinka tiek laisvalaikiui, tiek miesto deriniams    Lengvai derinami su megztiniais, mar\u0161kiniais ar \u0161varkais      \ud83e\udd0d Kaip derinti Puikiai atrodo su trumpais kid moheros ar alpakos megztiniais, baziniais mar\u0161kin\u0117liais ar \u012fki\u0161tais mar\u0161kiniais. Av\u0117kite sportinius batelius, aulinukus ar loafers \u2013 \u0161ie d\u017einsai prisitaiko prie bet kokio stiliaus.     Dydis Liemuo Klubai Ilgis     XS 31 45 103   S 32 46 103   M 35 50 103   L 37 52 104   XL 39 55 104\" \/>\n<meta property=\"og:url\" content=\"https:\/\/madoskampas.lt\/et\/product-2\/soft-shape-klasikiniai-mom-fit-dzinsai-l8777\/\" \/>\n<meta property=\"og:site_name\" content=\"MadosKampas.lt\" \/>\n<meta property=\"article:modified_time\" content=\"2026-03-10T09:25:06+00:00\" \/>\n<meta property=\"og:image\" content=\"https:\/\/madoskampas.lt\/wp-content\/uploads\/2026\/01\/IMG_0846.jpeg\" \/>\n\t<meta property=\"og:image:width\" content=\"1330\" \/>\n\t<meta property=\"og:image:height\" content=\"2364\" \/>\n\t<meta property=\"og:image:type\" content=\"image\/jpeg\" \/>\n<meta name=\"twitter:card\" content=\"summary_large_image\" \/>\n<meta name=\"twitter:label1\" content=\"Est. reading time\" \/>\n\t<meta name=\"twitter:data1\" content=\"1 minut\" \/>\n<script type=\"application\/ld+json\" class=\"yoast-schema-graph\">{\"@context\":\"https:\\\/\\\/schema.org\",\"@graph\":[{\"@type\":\"WebPage\",\"@id\":\"https:\\\/\\\/madoskampas.lt\\\/produktas\\\/soft-shape-klasikiniai-mom-fit-dzinsai-l8777\\\/\",\"url\":\"https:\\\/\\\/madoskampas.lt\\\/produktas\\\/soft-shape-klasikiniai-mom-fit-dzinsai-l8777\\\/\",\"name\":\"\u201eSoft Shape\u201c \u2013 klasikiniai Mom Fit d\u017einsai (L8777) - MadosKampas.lt\",\"isPartOf\":{\"@id\":\"https:\\\/\\\/madoskampas.lt\\\/#website\"},\"primaryImageOfPage\":{\"@id\":\"https:\\\/\\\/madoskampas.lt\\\/produktas\\\/soft-shape-klasikiniai-mom-fit-dzinsai-l8777\\\/#primaryimage\"},\"image\":{\"@id\":\"https:\\\/\\\/madoskampas.lt\\\/produktas\\\/soft-shape-klasikiniai-mom-fit-dzinsai-l8777\\\/#primaryimage\"},\"thumbnailUrl\":\"https:\\\/\\\/madoskampas.lt\\\/wp-content\\\/uploads\\\/2026\\\/01\\\/IMG_0846.jpeg\",\"datePublished\":\"2026-01-14T14:13:57+00:00\",\"dateModified\":\"2026-03-10T09:25:06+00:00\",\"breadcrumb\":{\"@id\":\"https:\\\/\\\/madoskampas.lt\\\/produktas\\\/soft-shape-klasikiniai-mom-fit-dzinsai-l8777\\\/#breadcrumb\"},\"inLanguage\":\"et\",\"potentialAction\":[{\"@type\":\"ReadAction\",\"target\":[\"https:\\\/\\\/madoskampas.lt\\\/produktas\\\/soft-shape-klasikiniai-mom-fit-dzinsai-l8777\\\/\"]}]},{\"@type\":\"ImageObject\",\"inLanguage\":\"et\",\"@id\":\"https:\\\/\\\/madoskampas.lt\\\/produktas\\\/soft-shape-klasikiniai-mom-fit-dzinsai-l8777\\\/#primaryimage\",\"url\":\"https:\\\/\\\/madoskampas.lt\\\/wp-content\\\/uploads\\\/2026\\\/01\\\/IMG_0846.jpeg\",\"contentUrl\":\"https:\\\/\\\/madoskampas.lt\\\/wp-content\\\/uploads\\\/2026\\\/01\\\/IMG_0846.jpeg\",\"width\":1330,\"height\":2364},{\"@type\":\"BreadcrumbList\",\"@id\":\"https:\\\/\\\/madoskampas.lt\\\/produktas\\\/soft-shape-klasikiniai-mom-fit-dzinsai-l8777\\\/#breadcrumb\",\"itemListElement\":[{\"@type\":\"ListItem\",\"position\":1,\"name\":\"Home\",\"item\":\"https:\\\/\\\/madoskampas.lt\\\/\"},{\"@type\":\"ListItem\",\"position\":2,\"name\":\"Parduotuv\u0117\",\"item\":\"https:\\\/\\\/madoskampas.lt\\\/parduotuve-2\\\/\"},{\"@type\":\"ListItem\",\"position\":3,\"name\":\"\u201eSoft Shape\u201c \u2013 klasikiniai Mom Fit d\u017einsai (L8777)\"}]},{\"@type\":\"WebSite\",\"@id\":\"https:\\\/\\\/madoskampas.lt\\\/#website\",\"url\":\"https:\\\/\\\/madoskampas.lt\\\/\",\"name\":\"MadosKampas.lt\",\"description\":\"Stilingi drabu\u017eiai moterims\",\"potentialAction\":[{\"@type\":\"SearchAction\",\"target\":{\"@type\":\"EntryPoint\",\"urlTemplate\":\"https:\\\/\\\/madoskampas.lt\\\/?s={search_term_string}\"},\"query-input\":{\"@type\":\"PropertyValueSpecification\",\"valueRequired\":true,\"valueName\":\"search_term_string\"}}],\"inLanguage\":\"et\"}]}<\/script>\n<!-- \/ Yoast SEO plugin. -->","yoast_head_json":{"title":"\u201eSoft Shape\u201c \u2013 klasikiniai Mom Fit d\u017einsai (L8777) - MadosKampas.lt","robots":{"index":"index","follow":"follow","max-snippet":"max-snippet:-1","max-image-preview":"max-image-preview:large","max-video-preview":"max-video-preview:-1"},"canonical":"https:\/\/madoskampas.lt\/et\/product-2\/soft-shape-klasikiniai-mom-fit-dzinsai-l8777\/","og_locale":"et_EE","og_type":"article","og_title":"\u201eSoft Shape\u201c \u2013 klasikiniai Mom Fit d\u017einsai (L8777) - MadosKampas.lt","og_description":"Laiko patikrintas siluetas, kuris niekada nei\u0161eina i\u0161 mados. \u201eSoft Shape\u201c mom fit d\u017einsai i\u0161siskiria auk\u0161tesniu liemeniu ir lengvai atpalaiduotu kirpimu per klubus bei \u0161launis, tod\u0117l fig\u016bra atrodo nat\u016braliai gra\u017eiai ir proporcingai. \u0160is modelis suteikia laisvumo poj\u016bt\u012f, bet i\u0161laiko tvarking\u0105, moteri\u0161k\u0105 linij\u0105. D\u017einsai puikiai tinka kasdienai \u2013 patog\u016bs jud\u0117ti, lengvai derinami ir visada atrodo stilingai. Idealus pasirinkimas toms, kurios ie\u0161ko komforto, bet nenori atsisakyti estetikos.     \ud83c\udf3f Privalumai    Mom fit modelis \u2013 pabr\u0117\u017eia liemen\u012f, suteikia fig\u016brai balans\u0105    Auk\u0161tesnis liemuo \u2013 patogu ir vizualiai dailina siluet\u0105    Laisvesnis kritimas per klubus \u2013 nevar\u017eo judesi\u0173    Universalus stilius \u2013 tinka tiek laisvalaikiui, tiek miesto deriniams    Lengvai derinami su megztiniais, mar\u0161kiniais ar \u0161varkais      \ud83e\udd0d Kaip derinti Puikiai atrodo su trumpais kid moheros ar alpakos megztiniais, baziniais mar\u0161kin\u0117liais ar \u012fki\u0161tais mar\u0161kiniais. Av\u0117kite sportinius batelius, aulinukus ar loafers \u2013 \u0161ie d\u017einsai prisitaiko prie bet kokio stiliaus.     Dydis Liemuo Klubai Ilgis     XS 31 45 103   S 32 46 103   M 35 50 103   L 37 52 104   XL 39 55 104","og_url":"https:\/\/madoskampas.lt\/et\/product-2\/soft-shape-klasikiniai-mom-fit-dzinsai-l8777\/","og_site_name":"MadosKampas.lt","article_modified_time":"2026-03-10T09:25:06+00:00","og_image":[{"width":1330,"height":2364,"url":"https:\/\/madoskampas.lt\/wp-content\/uploads\/2026\/01\/IMG_0846.jpeg","type":"image\/jpeg"}],"twitter_card":"summary_large_image","twitter_misc":{"Est. reading time":"1 minut"},"schema":{"@context":"https:\/\/schema.org","@graph":[{"@type":"WebPage","@id":"https:\/\/madoskampas.lt\/produktas\/soft-shape-klasikiniai-mom-fit-dzinsai-l8777\/","url":"https:\/\/madoskampas.lt\/produktas\/soft-shape-klasikiniai-mom-fit-dzinsai-l8777\/","name":"\u201eSoft Shape\u201c \u2013 klasikiniai Mom Fit d\u017einsai (L8777) - MadosKampas.lt","isPartOf":{"@id":"https:\/\/madoskampas.lt\/#website"},"primaryImageOfPage":{"@id":"https:\/\/madoskampas.lt\/produktas\/soft-shape-klasikiniai-mom-fit-dzinsai-l8777\/#primaryimage"},"image":{"@id":"https:\/\/madoskampas.lt\/produktas\/soft-shape-klasikiniai-mom-fit-dzinsai-l8777\/#primaryimage"},"thumbnailUrl":"https:\/\/madoskampas.lt\/wp-content\/uploads\/2026\/01\/IMG_0846.jpeg","datePublished":"2026-01-14T14:13:57+00:00","dateModified":"2026-03-10T09:25:06+00:00","breadcrumb":{"@id":"https:\/\/madoskampas.lt\/produktas\/soft-shape-klasikiniai-mom-fit-dzinsai-l8777\/#breadcrumb"},"inLanguage":"et","potentialAction":[{"@type":"ReadAction","target":["https:\/\/madoskampas.lt\/produktas\/soft-shape-klasikiniai-mom-fit-dzinsai-l8777\/"]}]},{"@type":"ImageObject","inLanguage":"et","@id":"https:\/\/madoskampas.lt\/produktas\/soft-shape-klasikiniai-mom-fit-dzinsai-l8777\/#primaryimage","url":"https:\/\/madoskampas.lt\/wp-content\/uploads\/2026\/01\/IMG_0846.jpeg","contentUrl":"https:\/\/madoskampas.lt\/wp-content\/uploads\/2026\/01\/IMG_0846.jpeg","width":1330,"height":2364},{"@type":"BreadcrumbList","@id":"https:\/\/madoskampas.lt\/produktas\/soft-shape-klasikiniai-mom-fit-dzinsai-l8777\/#breadcrumb","itemListElement":[{"@type":"ListItem","position":1,"name":"Home","item":"https:\/\/madoskampas.lt\/"},{"@type":"ListItem","position":2,"name":"Parduotuv\u0117","item":"https:\/\/madoskampas.lt\/parduotuve-2\/"},{"@type":"ListItem","position":3,"name":"\u201eSoft Shape\u201c \u2013 klasikiniai Mom Fit d\u017einsai (L8777)"}]},{"@type":"WebSite","@id":"https:\/\/madoskampas.lt\/#website","url":"https:\/\/madoskampas.lt\/","name":"FashionKampas.lt","description":"Stiilsed riided naistele","potentialAction":[{"@type":"SearchAction","target":{"@type":"EntryPoint","urlTemplate":"https:\/\/madoskampas.lt\/?s={search_term_string}"},"query-input":{"@type":"PropertyValueSpecification","valueRequired":true,"valueName":"search_term_string"}}],"inLanguage":"et"}]}},"uagb_featured_image_src":{"full":["https:\/\/madoskampas.lt\/wp-content\/uploads\/2026\/01\/IMG_0846.jpeg",1330,2364,false],"thumbnail":["https:\/\/madoskampas.lt\/wp-content\/uploads\/2026\/01\/IMG_0846-150x150.jpeg",150,150,true],"medium":["https:\/\/madoskampas.lt\/wp-content\/uploads\/2026\/01\/IMG_0846-169x300.jpeg",169,300,true],"medium_large":["https:\/\/madoskampas.lt\/wp-content\/uploads\/2026\/01\/IMG_0846-768x1365.jpeg",768,1365,true],"large":["https:\/\/madoskampas.lt\/wp-content\/uploads\/2026\/01\/IMG_0846-576x1024.jpeg",576,1024,true],"1536x1536":["https:\/\/madoskampas.lt\/wp-content\/uploads\/2026\/01\/IMG_0846-864x1536.jpeg",864,1536,true],"2048x2048":["https:\/\/madoskampas.lt\/wp-content\/uploads\/2026\/01\/IMG_0846-1152x2048.jpeg",1152,2048,true],"trp-custom-language-flag":["https:\/\/madoskampas.lt\/wp-content\/uploads\/2026\/01\/IMG_0846-7x12.jpeg",7,12,true],"nova-image-square":["https:\/\/madoskampas.lt\/wp-content\/uploads\/2026\/01\/IMG_0846-1100x1100.jpeg",1100,1100,true],"mixtas-product-03":["https:\/\/madoskampas.lt\/wp-content\/uploads\/2026\/01\/IMG_0846-600x345.jpeg",600,345,true],"woocommerce_thumbnail":["https:\/\/madoskampas.lt\/wp-content\/uploads\/2026\/01\/IMG_0846-700x700.jpeg",700,700,true],"woocommerce_single":["https:\/\/madoskampas.lt\/wp-content\/uploads\/2026\/01\/IMG_0846-1000x1777.jpeg",1000,1777,true],"woocommerce_gallery_thumbnail":["https:\/\/madoskampas.lt\/wp-content\/uploads\/2026\/01\/IMG_0846-250x250.jpeg",250,250,true],"variation_swatches_image_size":["https:\/\/madoskampas.lt\/wp-content\/uploads\/2026\/01\/IMG_0846-50x50.jpeg",50,50,true],"variation_swatches_tooltip_size":["https:\/\/madoskampas.lt\/wp-content\/uploads\/2026\/01\/IMG_0846-100x100.jpeg",100,100,true]},"uagb_author_info":{"display_name":"algirdasbart","author_link":"https:\/\/madoskampas.lt\/et\/author\/"},"uagb_comment_info":0,"uagb_excerpt":"Laiko patikrintas siluetas, kuris niekada nei\u0161eina i\u0161 mados. \u201eSoft Shape\u201c mom fit d\u017einsai i\u0161siskiria auk\u0161tesniu liemeniu ir lengvai atpalaiduotu kirpimu per klubus bei \u0161launis, tod\u0117l fig\u016bra atrodo nat\u016braliai gra\u017eiai ir proporcingai. \u0160is modelis suteikia laisvumo poj\u016bt\u012f, bet i\u0161laiko tvarking\u0105, moteri\u0161k\u0105 linij\u0105. D\u017einsai puikiai tinka kasdienai \u2013 patog\u016bs jud\u0117ti, lengvai derinami ir visada atrodo stilingai. Idealus&hellip;","jetpack_sharing_enabled":true,"_links":{"self":[{"href":"https:\/\/madoskampas.lt\/et\/wp-json\/wp\/v2\/product\/26110","targetHints":{"allow":["GET"]}}],"collection":[{"href":"https:\/\/madoskampas.lt\/et\/wp-json\/wp\/v2\/product"}],"about":[{"href":"https:\/\/madoskampas.lt\/et\/wp-json\/wp\/v2\/types\/product"}],"replies":[{"embeddable":true,"href":"https:\/\/madoskampas.lt\/et\/wp-json\/wp\/v2\/comments?post=26110"}],"wp:featuredmedia":[{"embeddable":true,"href":"https:\/\/madoskampas.lt\/et\/wp-json\/wp\/v2\/media\/26100"}],"wp:attachment":[{"href":"https:\/\/madoskampas.lt\/et\/wp-json\/wp\/v2\/media?parent=26110"}],"wp:term":[{"taxonomy":"product_brand","embeddable":true,"href":"https:\/\/madoskampas.lt\/et\/wp-json\/wp\/v2\/product_brand?post=26110"},{"taxonomy":"product_cat","embeddable":true,"href":"https:\/\/madoskampas.lt\/et\/wp-json\/wp\/v2\/product_cat?post=26110"},{"taxonomy":"product_tag","embeddable":true,"href":"https:\/\/madoskampas.lt\/et\/wp-json\/wp\/v2\/product_tag?post=26110"}],"curies":[{"name":"wp","href":"https:\/\/api.w.org\/{rel}","templated":true}]}}