{"id":26494,"date":"2026-01-21T10:04:22","date_gmt":"2026-01-21T10:04:22","guid":{"rendered":"https:\/\/madoskampas.lt\/?post_type=product&#038;p=26494"},"modified":"2026-01-21T10:04:23","modified_gmt":"2026-01-21T10:04:23","slug":"flow-line-laisvo-silueto-kelnes","status":"publish","type":"product","link":"https:\/\/madoskampas.lt\/et\/product-2\/flow-line-laisvo-silueto-kelnes\/","title":{"rendered":"\u201eFlow Line\u201c laisvo silueto keln\u0117s"},"content":{"rendered":"<p data-start=\"160\" data-end=\"360\">Stilingos, laisvai krentan\u010dios keln\u0117s, sukurtos <strong data-start=\"208\" data-end=\"270\">komforti\u0161kai kasdienai ir tvarkingam, moderniam \u012fvaizd\u017eiui<\/strong>. Lengvas siluetas gra\u017eiai krenta, nevar\u017eo judesi\u0173 ir leid\u017eia jaustis patogiai vis\u0105 dien\u0105.<\/p>\n<p data-start=\"362\" data-end=\"603\">Elastingas liemuo prisitaiko prie fig\u016bros ir suteikia maksimal\u0173 komfort\u0105, o ilgesnis kelni\u0173 ilgis vizualiai <strong data-start=\"470\" data-end=\"488\">ilgina siluet\u0105<\/strong>. Puikiai dera tiek su megztiniais, tiek su palaidin\u0117mis ar \u0161varkais \u2013 universalus pasirinkimas.<\/p>\n<p data-start=\"605\" data-end=\"681\">Tai keln\u0117s, kurias norisi rinktis tada, kai svarbu ir patogumas, ir stilius.<\/p>","protected":false},"excerpt":{"rendered":"<p data-start=\"160\" data-end=\"360\">Stilingos, laisvai krentan\u010dios keln\u0117s, sukurtos <strong data-start=\"208\" data-end=\"270\">komforti\u0161kai kasdienai ir tvarkingam, moderniam \u012fvaizd\u017eiui<\/strong>. Lengvas siluetas gra\u017eiai krenta, nevar\u017eo judesi\u0173 ir leid\u017eia jaustis patogiai vis\u0105 dien\u0105.<\/p>\n<p data-start=\"362\" data-end=\"603\">Elastingas liemuo prisitaiko prie fig\u016bros ir suteikia maksimal\u0173 komfort\u0105, o ilgesnis kelni\u0173 ilgis vizualiai <strong data-start=\"470\" data-end=\"488\">ilgina siluet\u0105<\/strong>. Puikiai dera tiek su megztiniais, tiek su palaidin\u0117mis ar \u0161varkais \u2013 universalus pasirinkimas.<\/p>\n<p data-start=\"605\" data-end=\"681\">Tai keln\u0117s, kurias norisi rinktis tada, kai svarbu ir patogumas, ir stilius.<\/p>\n<h3 data-start=\"683\" data-end=\"705\">Kod\u0117l jas pamilsi:<\/h3>\n<ul data-start=\"706\" data-end=\"885\">\n<li data-start=\"706\" data-end=\"746\">\n<p data-start=\"708\" data-end=\"746\">Laisvas, gra\u017eiai krentantis siluetas<\/p>\n<\/li>\n<li data-start=\"747\" data-end=\"793\">\n<p data-start=\"749\" data-end=\"793\">Elastingas liemuo \u2013 komfortui visai dienai<\/p>\n<\/li>\n<li data-start=\"794\" data-end=\"820\">\n<p data-start=\"796\" data-end=\"820\">Vizualiai ilgina kojas<\/p>\n<\/li>\n<li data-start=\"821\" data-end=\"885\">\n<p data-start=\"823\" data-end=\"885\">Lengvai derinamos prie kasdienio ir eleganti\u0161kesnio stiliaus<\/p>\n<\/li>\n<\/ul>\n<h3 data-start=\"887\" data-end=\"903\">M\u00f5\u00f5tmed:<\/h3>\n<ul data-start=\"904\" data-end=\"988\">\n<li data-start=\"904\" data-end=\"930\">\n<p data-start=\"906\" data-end=\"930\">Kelni\u0173 ilgis: <strong data-start=\"920\" data-end=\"930\">106 cm<\/strong><\/p>\n<\/li>\n<li data-start=\"931\" data-end=\"964\">\n<p data-start=\"933\" data-end=\"964\">Liemuo: <strong data-start=\"941\" data-end=\"964\">nuo 36 cm iki 44 cm<\/strong><\/p>\n<\/li>\n<li data-start=\"965\" data-end=\"988\">\n<p data-start=\"967\" data-end=\"988\">Per klubus: <strong data-start=\"979\" data-end=\"988\">55 cm<\/strong><\/p>\n<\/li>\n<\/ul>\n<hr data-start=\"990\" data-end=\"993\" \/>\n<h3 data-start=\"995\" data-end=\"1029\"><\/h3>","protected":false},"featured_media":26472,"comment_status":"open","ping_status":"closed","template":"","meta":{"_uag_custom_page_level_css":"","_monsterinsights_skip_tracking":false,"_monsterinsights_sitenote_active":false,"_monsterinsights_sitenote_note":"","_monsterinsights_sitenote_category":0},"product_brand":[],"product_cat":[66,69,95],"product_tag":[],"class_list":{"0":"post-26494","1":"product","2":"type-product","3":"status-publish","4":"has-post-thumbnail","6":"product_cat-drabuziai","7":"product_cat-kelnes","8":"product_cat-naujausi","9":"tm-has-options","11":"first","12":"instock","13":"shipping-taxable","14":"purchasable","15":"product-type-variable"},"yoast_head":"<!-- This site is optimized with the Yoast SEO plugin v27.6 - https:\/\/yoast.com\/product\/yoast-seo-wordpress\/ -->\n<title>\u201eFlow Line\u201c laisvo silueto keln\u0117s - MadosKampas.lt<\/title>\n<meta name=\"robots\" content=\"index, follow, max-snippet:-1, max-image-preview:large, max-video-preview:-1\" \/>\n<link rel=\"canonical\" href=\"https:\/\/madoskampas.lt\/et\/product-2\/flow-line-laisvo-silueto-kelnes\/\" \/>\n<meta property=\"og:locale\" content=\"et_EE\" \/>\n<meta property=\"og:type\" content=\"article\" \/>\n<meta property=\"og:title\" content=\"\u201eFlow Line\u201c laisvo silueto keln\u0117s - MadosKampas.lt\" \/>\n<meta property=\"og:description\" content=\"Stilingos, laisvai krentan\u010dios keln\u0117s, sukurtos komforti\u0161kai kasdienai ir tvarkingam, moderniam \u012fvaizd\u017eiui. Lengvas siluetas gra\u017eiai krenta, nevar\u017eo judesi\u0173 ir leid\u017eia jaustis patogiai vis\u0105 dien\u0105. Elastingas liemuo prisitaiko prie fig\u016bros ir suteikia maksimal\u0173 komfort\u0105, o ilgesnis kelni\u0173 ilgis vizualiai ilgina siluet\u0105. Puikiai dera tiek su megztiniais, tiek su palaidin\u0117mis ar \u0161varkais \u2013 universalus pasirinkimas. Tai keln\u0117s, kurias norisi rinktis tada, kai svarbu ir patogumas, ir stilius.  Kod\u0117l jas pamilsi:    Laisvas, gra\u017eiai krentantis siluetas    Elastingas liemuo \u2013 komfortui visai dienai    Vizualiai ilgina kojas    Lengvai derinamos prie kasdienio ir eleganti\u0161kesnio stiliaus   I\u0161matavimai:    Kelni\u0173 ilgis: 106 cm    Liemuo: nuo 36 cm iki 44 cm    Per klubus: 55 cm\" \/>\n<meta property=\"og:url\" content=\"https:\/\/madoskampas.lt\/et\/product-2\/flow-line-laisvo-silueto-kelnes\/\" \/>\n<meta property=\"og:site_name\" content=\"MadosKampas.lt\" \/>\n<meta property=\"article:modified_time\" content=\"2026-01-21T10:04:23+00:00\" \/>\n<meta property=\"og:image\" content=\"https:\/\/madoskampas.lt\/wp-content\/uploads\/2026\/01\/IMG_1445-scaled.jpeg\" \/>\n\t<meta property=\"og:image:width\" content=\"1440\" \/>\n\t<meta property=\"og:image:height\" content=\"2560\" \/>\n\t<meta property=\"og:image:type\" content=\"image\/jpeg\" \/>\n<meta name=\"twitter:card\" content=\"summary_large_image\" \/>\n<meta name=\"twitter:label1\" content=\"Est. reading time\" \/>\n\t<meta name=\"twitter:data1\" content=\"1 minut\" \/>\n<script type=\"application\/ld+json\" class=\"yoast-schema-graph\">{\"@context\":\"https:\\\/\\\/schema.org\",\"@graph\":[{\"@type\":\"WebPage\",\"@id\":\"https:\\\/\\\/madoskampas.lt\\\/produktas\\\/flow-line-laisvo-silueto-kelnes\\\/\",\"url\":\"https:\\\/\\\/madoskampas.lt\\\/produktas\\\/flow-line-laisvo-silueto-kelnes\\\/\",\"name\":\"\u201eFlow Line\u201c laisvo silueto keln\u0117s - MadosKampas.lt\",\"isPartOf\":{\"@id\":\"https:\\\/\\\/madoskampas.lt\\\/#website\"},\"primaryImageOfPage\":{\"@id\":\"https:\\\/\\\/madoskampas.lt\\\/produktas\\\/flow-line-laisvo-silueto-kelnes\\\/#primaryimage\"},\"image\":{\"@id\":\"https:\\\/\\\/madoskampas.lt\\\/produktas\\\/flow-line-laisvo-silueto-kelnes\\\/#primaryimage\"},\"thumbnailUrl\":\"https:\\\/\\\/madoskampas.lt\\\/wp-content\\\/uploads\\\/2026\\\/01\\\/IMG_1445-scaled.jpeg\",\"datePublished\":\"2026-01-21T10:04:22+00:00\",\"dateModified\":\"2026-01-21T10:04:23+00:00\",\"breadcrumb\":{\"@id\":\"https:\\\/\\\/madoskampas.lt\\\/produktas\\\/flow-line-laisvo-silueto-kelnes\\\/#breadcrumb\"},\"inLanguage\":\"et\",\"potentialAction\":[{\"@type\":\"ReadAction\",\"target\":[\"https:\\\/\\\/madoskampas.lt\\\/produktas\\\/flow-line-laisvo-silueto-kelnes\\\/\"]}]},{\"@type\":\"ImageObject\",\"inLanguage\":\"et\",\"@id\":\"https:\\\/\\\/madoskampas.lt\\\/produktas\\\/flow-line-laisvo-silueto-kelnes\\\/#primaryimage\",\"url\":\"https:\\\/\\\/madoskampas.lt\\\/wp-content\\\/uploads\\\/2026\\\/01\\\/IMG_1445-scaled.jpeg\",\"contentUrl\":\"https:\\\/\\\/madoskampas.lt\\\/wp-content\\\/uploads\\\/2026\\\/01\\\/IMG_1445-scaled.jpeg\",\"width\":1440,\"height\":2560},{\"@type\":\"BreadcrumbList\",\"@id\":\"https:\\\/\\\/madoskampas.lt\\\/produktas\\\/flow-line-laisvo-silueto-kelnes\\\/#breadcrumb\",\"itemListElement\":[{\"@type\":\"ListItem\",\"position\":1,\"name\":\"Home\",\"item\":\"https:\\\/\\\/madoskampas.lt\\\/\"},{\"@type\":\"ListItem\",\"position\":2,\"name\":\"Parduotuv\u0117\",\"item\":\"https:\\\/\\\/madoskampas.lt\\\/parduotuve-2\\\/\"},{\"@type\":\"ListItem\",\"position\":3,\"name\":\"\u201eFlow Line\u201c laisvo silueto keln\u0117s\"}]},{\"@type\":\"WebSite\",\"@id\":\"https:\\\/\\\/madoskampas.lt\\\/#website\",\"url\":\"https:\\\/\\\/madoskampas.lt\\\/\",\"name\":\"MadosKampas.lt\",\"description\":\"Stilingi drabu\u017eiai moterims\",\"potentialAction\":[{\"@type\":\"SearchAction\",\"target\":{\"@type\":\"EntryPoint\",\"urlTemplate\":\"https:\\\/\\\/madoskampas.lt\\\/?s={search_term_string}\"},\"query-input\":{\"@type\":\"PropertyValueSpecification\",\"valueRequired\":true,\"valueName\":\"search_term_string\"}}],\"inLanguage\":\"et\"}]}<\/script>\n<!-- \/ Yoast SEO plugin. -->","yoast_head_json":{"title":"\u201eFlow Line\u201c laisvo silueto keln\u0117s - MadosKampas.lt","robots":{"index":"index","follow":"follow","max-snippet":"max-snippet:-1","max-image-preview":"max-image-preview:large","max-video-preview":"max-video-preview:-1"},"canonical":"https:\/\/madoskampas.lt\/et\/product-2\/flow-line-laisvo-silueto-kelnes\/","og_locale":"et_EE","og_type":"article","og_title":"\u201eFlow Line\u201c laisvo silueto keln\u0117s - MadosKampas.lt","og_description":"Stilingos, laisvai krentan\u010dios keln\u0117s, sukurtos komforti\u0161kai kasdienai ir tvarkingam, moderniam \u012fvaizd\u017eiui. Lengvas siluetas gra\u017eiai krenta, nevar\u017eo judesi\u0173 ir leid\u017eia jaustis patogiai vis\u0105 dien\u0105. Elastingas liemuo prisitaiko prie fig\u016bros ir suteikia maksimal\u0173 komfort\u0105, o ilgesnis kelni\u0173 ilgis vizualiai ilgina siluet\u0105. Puikiai dera tiek su megztiniais, tiek su palaidin\u0117mis ar \u0161varkais \u2013 universalus pasirinkimas. Tai keln\u0117s, kurias norisi rinktis tada, kai svarbu ir patogumas, ir stilius.  Kod\u0117l jas pamilsi:    Laisvas, gra\u017eiai krentantis siluetas    Elastingas liemuo \u2013 komfortui visai dienai    Vizualiai ilgina kojas    Lengvai derinamos prie kasdienio ir eleganti\u0161kesnio stiliaus   I\u0161matavimai:    Kelni\u0173 ilgis: 106 cm    Liemuo: nuo 36 cm iki 44 cm    Per klubus: 55 cm","og_url":"https:\/\/madoskampas.lt\/et\/product-2\/flow-line-laisvo-silueto-kelnes\/","og_site_name":"MadosKampas.lt","article_modified_time":"2026-01-21T10:04:23+00:00","og_image":[{"width":1440,"height":2560,"url":"https:\/\/madoskampas.lt\/wp-content\/uploads\/2026\/01\/IMG_1445-scaled.jpeg","type":"image\/jpeg"}],"twitter_card":"summary_large_image","twitter_misc":{"Est. reading time":"1 minut"},"schema":{"@context":"https:\/\/schema.org","@graph":[{"@type":"WebPage","@id":"https:\/\/madoskampas.lt\/produktas\/flow-line-laisvo-silueto-kelnes\/","url":"https:\/\/madoskampas.lt\/produktas\/flow-line-laisvo-silueto-kelnes\/","name":"\u201eFlow Line\u201c laisvo silueto keln\u0117s - MadosKampas.lt","isPartOf":{"@id":"https:\/\/madoskampas.lt\/#website"},"primaryImageOfPage":{"@id":"https:\/\/madoskampas.lt\/produktas\/flow-line-laisvo-silueto-kelnes\/#primaryimage"},"image":{"@id":"https:\/\/madoskampas.lt\/produktas\/flow-line-laisvo-silueto-kelnes\/#primaryimage"},"thumbnailUrl":"https:\/\/madoskampas.lt\/wp-content\/uploads\/2026\/01\/IMG_1445-scaled.jpeg","datePublished":"2026-01-21T10:04:22+00:00","dateModified":"2026-01-21T10:04:23+00:00","breadcrumb":{"@id":"https:\/\/madoskampas.lt\/produktas\/flow-line-laisvo-silueto-kelnes\/#breadcrumb"},"inLanguage":"et","potentialAction":[{"@type":"ReadAction","target":["https:\/\/madoskampas.lt\/produktas\/flow-line-laisvo-silueto-kelnes\/"]}]},{"@type":"ImageObject","inLanguage":"et","@id":"https:\/\/madoskampas.lt\/produktas\/flow-line-laisvo-silueto-kelnes\/#primaryimage","url":"https:\/\/madoskampas.lt\/wp-content\/uploads\/2026\/01\/IMG_1445-scaled.jpeg","contentUrl":"https:\/\/madoskampas.lt\/wp-content\/uploads\/2026\/01\/IMG_1445-scaled.jpeg","width":1440,"height":2560},{"@type":"BreadcrumbList","@id":"https:\/\/madoskampas.lt\/produktas\/flow-line-laisvo-silueto-kelnes\/#breadcrumb","itemListElement":[{"@type":"ListItem","position":1,"name":"Home","item":"https:\/\/madoskampas.lt\/"},{"@type":"ListItem","position":2,"name":"Parduotuv\u0117","item":"https:\/\/madoskampas.lt\/parduotuve-2\/"},{"@type":"ListItem","position":3,"name":"\u201eFlow Line\u201c laisvo silueto keln\u0117s"}]},{"@type":"WebSite","@id":"https:\/\/madoskampas.lt\/#website","url":"https:\/\/madoskampas.lt\/","name":"FashionKampas.lt","description":"Stiilsed riided naistele","potentialAction":[{"@type":"SearchAction","target":{"@type":"EntryPoint","urlTemplate":"https:\/\/madoskampas.lt\/?s={search_term_string}"},"query-input":{"@type":"PropertyValueSpecification","valueRequired":true,"valueName":"search_term_string"}}],"inLanguage":"et"}]}},"uagb_featured_image_src":{"full":["https:\/\/madoskampas.lt\/wp-content\/uploads\/2026\/01\/IMG_1445-scaled.jpeg",1440,2560,false],"thumbnail":["https:\/\/madoskampas.lt\/wp-content\/uploads\/2026\/01\/IMG_1445-150x150.jpeg",150,150,true],"medium":["https:\/\/madoskampas.lt\/wp-content\/uploads\/2026\/01\/IMG_1445-169x300.jpeg",169,300,true],"medium_large":["https:\/\/madoskampas.lt\/wp-content\/uploads\/2026\/01\/IMG_1445-768x1365.jpeg",768,1365,true],"large":["https:\/\/madoskampas.lt\/wp-content\/uploads\/2026\/01\/IMG_1445-576x1024.jpeg",576,1024,true],"1536x1536":["https:\/\/madoskampas.lt\/wp-content\/uploads\/2026\/01\/IMG_1445-864x1536.jpeg",864,1536,true],"2048x2048":["https:\/\/madoskampas.lt\/wp-content\/uploads\/2026\/01\/IMG_1445-1152x2048.jpeg",1152,2048,true],"trp-custom-language-flag":["https:\/\/madoskampas.lt\/wp-content\/uploads\/2026\/01\/IMG_1445-7x12.jpeg",7,12,true],"nova-image-square":["https:\/\/madoskampas.lt\/wp-content\/uploads\/2026\/01\/IMG_1445-1100x1100.jpeg",1100,1100,true],"mixtas-product-03":["https:\/\/madoskampas.lt\/wp-content\/uploads\/2026\/01\/IMG_1445-600x345.jpeg",600,345,true],"woocommerce_thumbnail":["https:\/\/madoskampas.lt\/wp-content\/uploads\/2026\/01\/IMG_1445-700x700.jpeg",700,700,true],"woocommerce_single":["https:\/\/madoskampas.lt\/wp-content\/uploads\/2026\/01\/IMG_1445-1000x1778.jpeg",1000,1778,true],"woocommerce_gallery_thumbnail":["https:\/\/madoskampas.lt\/wp-content\/uploads\/2026\/01\/IMG_1445-250x250.jpeg",250,250,true],"variation_swatches_image_size":["https:\/\/madoskampas.lt\/wp-content\/uploads\/2026\/01\/IMG_1445-50x50.jpeg",50,50,true],"variation_swatches_tooltip_size":["https:\/\/madoskampas.lt\/wp-content\/uploads\/2026\/01\/IMG_1445-100x100.jpeg",100,100,true]},"uagb_author_info":{"display_name":"algirdasbart","author_link":"https:\/\/madoskampas.lt\/et\/author\/"},"uagb_comment_info":0,"uagb_excerpt":"Stilingos, laisvai krentan\u010dios keln\u0117s, sukurtos komforti\u0161kai kasdienai ir tvarkingam, moderniam \u012fvaizd\u017eiui. Lengvas siluetas gra\u017eiai krenta, nevar\u017eo judesi\u0173 ir leid\u017eia jaustis patogiai vis\u0105 dien\u0105. Elastingas liemuo prisitaiko prie fig\u016bros ir suteikia maksimal\u0173 komfort\u0105, o ilgesnis kelni\u0173 ilgis vizualiai ilgina siluet\u0105. Puikiai dera tiek su megztiniais, tiek su palaidin\u0117mis ar \u0161varkais \u2013 universalus pasirinkimas. Tai keln\u0117s, kurias&hellip;","jetpack_sharing_enabled":true,"_links":{"self":[{"href":"https:\/\/madoskampas.lt\/et\/wp-json\/wp\/v2\/product\/26494","targetHints":{"allow":["GET"]}}],"collection":[{"href":"https:\/\/madoskampas.lt\/et\/wp-json\/wp\/v2\/product"}],"about":[{"href":"https:\/\/madoskampas.lt\/et\/wp-json\/wp\/v2\/types\/product"}],"replies":[{"embeddable":true,"href":"https:\/\/madoskampas.lt\/et\/wp-json\/wp\/v2\/comments?post=26494"}],"wp:featuredmedia":[{"embeddable":true,"href":"https:\/\/madoskampas.lt\/et\/wp-json\/wp\/v2\/media\/26472"}],"wp:attachment":[{"href":"https:\/\/madoskampas.lt\/et\/wp-json\/wp\/v2\/media?parent=26494"}],"wp:term":[{"taxonomy":"product_brand","embeddable":true,"href":"https:\/\/madoskampas.lt\/et\/wp-json\/wp\/v2\/product_brand?post=26494"},{"taxonomy":"product_cat","embeddable":true,"href":"https:\/\/madoskampas.lt\/et\/wp-json\/wp\/v2\/product_cat?post=26494"},{"taxonomy":"product_tag","embeddable":true,"href":"https:\/\/madoskampas.lt\/et\/wp-json\/wp\/v2\/product_tag?post=26494"}],"curies":[{"name":"wp","href":"https:\/\/api.w.org\/{rel}","templated":true}]}}