{"id":26562,"date":"2026-01-22T10:46:43","date_gmt":"2026-01-22T10:46:43","guid":{"rendered":"https:\/\/madoskampas.lt\/?post_type=product&#038;p=26562"},"modified":"2026-03-27T19:18:02","modified_gmt":"2026-03-27T19:18:02","slug":"klasikiniai-languoti-marskiniai-everyday-check","status":"publish","type":"product","link":"https:\/\/madoskampas.lt\/et\/product-2\/klasikiniai-languoti-marskiniai-everyday-check\/","title":{"rendered":"Klasikiniai languoti mar\u0161kiniai \u201eEveryday Check\u201c"},"content":{"rendered":"<p>Lengvi ir patog\u016bs languoti mar\u0161kiniai, kurie puikiai tinka kasdieniam stilingam \u012fvaizd\u017eiui. Klasikinis kirpimas, mink\u0161tas audinys ir subtilus langeli\u0173 ra\u0161tas leid\u017eia \u0161\u012f model\u012f lengvai derinti tiek su d\u017einsais, tiek su keln\u0117mis ar sijonu.<\/p>","protected":false},"excerpt":{"rendered":"<p data-start=\"269\" data-end=\"523\">Lengvi ir patog\u016bs languoti mar\u0161kiniai, kurie puikiai tinka kasdieniam stilingam \u012fvaizd\u017eiui. Klasikinis kirpimas, mink\u0161tas audinys ir subtilus langeli\u0173 ra\u0161tas leid\u017eia \u0161\u012f model\u012f lengvai derinti tiek su d\u017einsais, tiek su keln\u0117mis ar sijonu.<\/p>\n<p data-start=\"525\" data-end=\"716\">Mar\u0161kiniai gra\u017eiai krenta, nevar\u017eo judesi\u0173 ir suteikia jaukumo poj\u016bt\u012f visai dienai. Puikus pasirinkimas tiek darbui, tiek laisvalaikiui \u2013 kai norisi atrodyti tvarkingai, bet jaustis patogiai.<\/p>\n<p data-start=\"718\" data-end=\"790\">\ud83d\udccf <strong data-start=\"721\" data-end=\"733\">Dyd\u017eiai:<\/strong> S\u2013XL<br data-start=\"738\" data-end=\"741\" \/>\ud83c\udfa8 <strong data-start=\"744\" data-end=\"756\">V\u00e4rvid:<\/strong> \u017ealia languota, ro\u017ein\u0117 languota<\/p>\n<p data-start=\"792\" data-end=\"864\">\ud83e\udd0d <strong data-start=\"795\" data-end=\"864\">Universalus garderobo pagrindas, kuris niekada nei\u0161eina i\u0161 mados.<\/strong><\/p>","protected":false},"featured_media":26544,"comment_status":"open","ping_status":"closed","template":"","meta":{"_uag_custom_page_level_css":"","_monsterinsights_skip_tracking":false,"_monsterinsights_sitenote_active":false,"_monsterinsights_sitenote_note":"","_monsterinsights_sitenote_category":0},"product_brand":[],"product_cat":[66,72,95],"product_tag":[],"class_list":{"0":"post-26562","1":"product","2":"type-product","3":"status-publish","4":"has-post-thumbnail","6":"product_cat-drabuziai","7":"product_cat-marskiniai","8":"product_cat-naujausi","9":"tm-has-options","11":"first","12":"instock","13":"shipping-taxable","14":"purchasable","15":"product-type-variable"},"yoast_head":"<!-- This site is optimized with the Yoast SEO plugin v27.3 - https:\/\/yoast.com\/product\/yoast-seo-wordpress\/ -->\n<title>Klasikiniai languoti mar\u0161kiniai \u201eEveryday Check\u201c - MadosKampas.lt<\/title>\n<meta name=\"robots\" content=\"index, follow, max-snippet:-1, max-image-preview:large, max-video-preview:-1\" \/>\n<link rel=\"canonical\" href=\"https:\/\/madoskampas.lt\/et\/product-2\/klasikiniai-languoti-marskiniai-everyday-check\/\" \/>\n<meta property=\"og:locale\" content=\"et_EE\" \/>\n<meta property=\"og:type\" content=\"article\" \/>\n<meta property=\"og:title\" content=\"Klasikiniai languoti mar\u0161kiniai \u201eEveryday Check\u201c - MadosKampas.lt\" \/>\n<meta property=\"og:description\" content=\"Lengvi ir patog\u016bs languoti mar\u0161kiniai, kurie puikiai tinka kasdieniam stilingam \u012fvaizd\u017eiui. Klasikinis kirpimas, mink\u0161tas audinys ir subtilus langeli\u0173 ra\u0161tas leid\u017eia \u0161\u012f model\u012f lengvai derinti tiek su d\u017einsais, tiek su keln\u0117mis ar sijonu. Mar\u0161kiniai gra\u017eiai krenta, nevar\u017eo judesi\u0173 ir suteikia jaukumo poj\u016bt\u012f visai dienai. Puikus pasirinkimas tiek darbui, tiek laisvalaikiui \u2013 kai norisi atrodyti tvarkingai, bet jaustis patogiai. \ud83d\udccf Dyd\u017eiai: S\u2013XL\ud83c\udfa8 Spalvos: \u017ealia languota, ro\u017ein\u0117 languota \ud83e\udd0d Universalus garderobo pagrindas, kuris niekada nei\u0161eina i\u0161 mados.\" \/>\n<meta property=\"og:url\" content=\"https:\/\/madoskampas.lt\/et\/product-2\/klasikiniai-languoti-marskiniai-everyday-check\/\" \/>\n<meta property=\"og:site_name\" content=\"MadosKampas.lt\" \/>\n<meta property=\"article:modified_time\" content=\"2026-03-27T19:18:02+00:00\" \/>\n<meta property=\"og:image\" content=\"https:\/\/madoskampas.lt\/wp-content\/uploads\/2026\/01\/IMG_1725.jpeg\" \/>\n\t<meta property=\"og:image:width\" content=\"1330\" \/>\n\t<meta property=\"og:image:height\" content=\"2364\" \/>\n\t<meta property=\"og:image:type\" content=\"image\/jpeg\" \/>\n<meta name=\"twitter:card\" content=\"summary_large_image\" \/>\n<meta name=\"twitter:label1\" content=\"Est. reading time\" \/>\n\t<meta name=\"twitter:data1\" content=\"1 minut\" \/>\n<script type=\"application\/ld+json\" class=\"yoast-schema-graph\">{\"@context\":\"https:\\\/\\\/schema.org\",\"@graph\":[{\"@type\":\"WebPage\",\"@id\":\"https:\\\/\\\/madoskampas.lt\\\/produktas\\\/klasikiniai-languoti-marskiniai-everyday-check\\\/\",\"url\":\"https:\\\/\\\/madoskampas.lt\\\/produktas\\\/klasikiniai-languoti-marskiniai-everyday-check\\\/\",\"name\":\"Klasikiniai languoti mar\u0161kiniai \u201eEveryday Check\u201c - MadosKampas.lt\",\"isPartOf\":{\"@id\":\"https:\\\/\\\/madoskampas.lt\\\/#website\"},\"primaryImageOfPage\":{\"@id\":\"https:\\\/\\\/madoskampas.lt\\\/produktas\\\/klasikiniai-languoti-marskiniai-everyday-check\\\/#primaryimage\"},\"image\":{\"@id\":\"https:\\\/\\\/madoskampas.lt\\\/produktas\\\/klasikiniai-languoti-marskiniai-everyday-check\\\/#primaryimage\"},\"thumbnailUrl\":\"https:\\\/\\\/madoskampas.lt\\\/wp-content\\\/uploads\\\/2026\\\/01\\\/IMG_1725.jpeg\",\"datePublished\":\"2026-01-22T10:46:43+00:00\",\"dateModified\":\"2026-03-27T19:18:02+00:00\",\"breadcrumb\":{\"@id\":\"https:\\\/\\\/madoskampas.lt\\\/produktas\\\/klasikiniai-languoti-marskiniai-everyday-check\\\/#breadcrumb\"},\"inLanguage\":\"et\",\"potentialAction\":[{\"@type\":\"ReadAction\",\"target\":[\"https:\\\/\\\/madoskampas.lt\\\/produktas\\\/klasikiniai-languoti-marskiniai-everyday-check\\\/\"]}]},{\"@type\":\"ImageObject\",\"inLanguage\":\"et\",\"@id\":\"https:\\\/\\\/madoskampas.lt\\\/produktas\\\/klasikiniai-languoti-marskiniai-everyday-check\\\/#primaryimage\",\"url\":\"https:\\\/\\\/madoskampas.lt\\\/wp-content\\\/uploads\\\/2026\\\/01\\\/IMG_1725.jpeg\",\"contentUrl\":\"https:\\\/\\\/madoskampas.lt\\\/wp-content\\\/uploads\\\/2026\\\/01\\\/IMG_1725.jpeg\",\"width\":1330,\"height\":2364},{\"@type\":\"BreadcrumbList\",\"@id\":\"https:\\\/\\\/madoskampas.lt\\\/produktas\\\/klasikiniai-languoti-marskiniai-everyday-check\\\/#breadcrumb\",\"itemListElement\":[{\"@type\":\"ListItem\",\"position\":1,\"name\":\"Home\",\"item\":\"https:\\\/\\\/madoskampas.lt\\\/\"},{\"@type\":\"ListItem\",\"position\":2,\"name\":\"Parduotuv\u0117\",\"item\":\"https:\\\/\\\/madoskampas.lt\\\/parduotuve-2\\\/\"},{\"@type\":\"ListItem\",\"position\":3,\"name\":\"Klasikiniai languoti mar\u0161kiniai \u201eEveryday Check\u201c\"}]},{\"@type\":\"WebSite\",\"@id\":\"https:\\\/\\\/madoskampas.lt\\\/#website\",\"url\":\"https:\\\/\\\/madoskampas.lt\\\/\",\"name\":\"MadosKampas.lt\",\"description\":\"Stilingi drabu\u017eiai moterims\",\"potentialAction\":[{\"@type\":\"SearchAction\",\"target\":{\"@type\":\"EntryPoint\",\"urlTemplate\":\"https:\\\/\\\/madoskampas.lt\\\/?s={search_term_string}\"},\"query-input\":{\"@type\":\"PropertyValueSpecification\",\"valueRequired\":true,\"valueName\":\"search_term_string\"}}],\"inLanguage\":\"et\"}]}<\/script>\n<!-- \/ Yoast SEO plugin. -->","yoast_head_json":{"title":"Klasikiniai languoti mar\u0161kiniai \u201eEveryday Check\u201c - MadosKampas.lt","robots":{"index":"index","follow":"follow","max-snippet":"max-snippet:-1","max-image-preview":"max-image-preview:large","max-video-preview":"max-video-preview:-1"},"canonical":"https:\/\/madoskampas.lt\/et\/product-2\/klasikiniai-languoti-marskiniai-everyday-check\/","og_locale":"et_EE","og_type":"article","og_title":"Klasikiniai languoti mar\u0161kiniai \u201eEveryday Check\u201c - MadosKampas.lt","og_description":"Lengvi ir patog\u016bs languoti mar\u0161kiniai, kurie puikiai tinka kasdieniam stilingam \u012fvaizd\u017eiui. Klasikinis kirpimas, mink\u0161tas audinys ir subtilus langeli\u0173 ra\u0161tas leid\u017eia \u0161\u012f model\u012f lengvai derinti tiek su d\u017einsais, tiek su keln\u0117mis ar sijonu. Mar\u0161kiniai gra\u017eiai krenta, nevar\u017eo judesi\u0173 ir suteikia jaukumo poj\u016bt\u012f visai dienai. Puikus pasirinkimas tiek darbui, tiek laisvalaikiui \u2013 kai norisi atrodyti tvarkingai, bet jaustis patogiai. \ud83d\udccf Dyd\u017eiai: S\u2013XL\ud83c\udfa8 Spalvos: \u017ealia languota, ro\u017ein\u0117 languota \ud83e\udd0d Universalus garderobo pagrindas, kuris niekada nei\u0161eina i\u0161 mados.","og_url":"https:\/\/madoskampas.lt\/et\/product-2\/klasikiniai-languoti-marskiniai-everyday-check\/","og_site_name":"MadosKampas.lt","article_modified_time":"2026-03-27T19:18:02+00:00","og_image":[{"width":1330,"height":2364,"url":"https:\/\/madoskampas.lt\/wp-content\/uploads\/2026\/01\/IMG_1725.jpeg","type":"image\/jpeg"}],"twitter_card":"summary_large_image","twitter_misc":{"Est. reading time":"1 minut"},"schema":{"@context":"https:\/\/schema.org","@graph":[{"@type":"WebPage","@id":"https:\/\/madoskampas.lt\/produktas\/klasikiniai-languoti-marskiniai-everyday-check\/","url":"https:\/\/madoskampas.lt\/produktas\/klasikiniai-languoti-marskiniai-everyday-check\/","name":"Klasikiniai languoti mar\u0161kiniai \u201eEveryday Check\u201c - MadosKampas.lt","isPartOf":{"@id":"https:\/\/madoskampas.lt\/#website"},"primaryImageOfPage":{"@id":"https:\/\/madoskampas.lt\/produktas\/klasikiniai-languoti-marskiniai-everyday-check\/#primaryimage"},"image":{"@id":"https:\/\/madoskampas.lt\/produktas\/klasikiniai-languoti-marskiniai-everyday-check\/#primaryimage"},"thumbnailUrl":"https:\/\/madoskampas.lt\/wp-content\/uploads\/2026\/01\/IMG_1725.jpeg","datePublished":"2026-01-22T10:46:43+00:00","dateModified":"2026-03-27T19:18:02+00:00","breadcrumb":{"@id":"https:\/\/madoskampas.lt\/produktas\/klasikiniai-languoti-marskiniai-everyday-check\/#breadcrumb"},"inLanguage":"et","potentialAction":[{"@type":"ReadAction","target":["https:\/\/madoskampas.lt\/produktas\/klasikiniai-languoti-marskiniai-everyday-check\/"]}]},{"@type":"ImageObject","inLanguage":"et","@id":"https:\/\/madoskampas.lt\/produktas\/klasikiniai-languoti-marskiniai-everyday-check\/#primaryimage","url":"https:\/\/madoskampas.lt\/wp-content\/uploads\/2026\/01\/IMG_1725.jpeg","contentUrl":"https:\/\/madoskampas.lt\/wp-content\/uploads\/2026\/01\/IMG_1725.jpeg","width":1330,"height":2364},{"@type":"BreadcrumbList","@id":"https:\/\/madoskampas.lt\/produktas\/klasikiniai-languoti-marskiniai-everyday-check\/#breadcrumb","itemListElement":[{"@type":"ListItem","position":1,"name":"Home","item":"https:\/\/madoskampas.lt\/"},{"@type":"ListItem","position":2,"name":"Parduotuv\u0117","item":"https:\/\/madoskampas.lt\/parduotuve-2\/"},{"@type":"ListItem","position":3,"name":"Klasikiniai languoti mar\u0161kiniai \u201eEveryday Check\u201c"}]},{"@type":"WebSite","@id":"https:\/\/madoskampas.lt\/#website","url":"https:\/\/madoskampas.lt\/","name":"FashionKampas.lt","description":"Stiilsed riided naistele","potentialAction":[{"@type":"SearchAction","target":{"@type":"EntryPoint","urlTemplate":"https:\/\/madoskampas.lt\/?s={search_term_string}"},"query-input":{"@type":"PropertyValueSpecification","valueRequired":true,"valueName":"search_term_string"}}],"inLanguage":"et"}]}},"uagb_featured_image_src":{"full":["https:\/\/madoskampas.lt\/wp-content\/uploads\/2026\/01\/IMG_1725.jpeg",1330,2364,false],"thumbnail":["https:\/\/madoskampas.lt\/wp-content\/uploads\/2026\/01\/IMG_1725-150x150.jpeg",150,150,true],"medium":["https:\/\/madoskampas.lt\/wp-content\/uploads\/2026\/01\/IMG_1725-169x300.jpeg",169,300,true],"medium_large":["https:\/\/madoskampas.lt\/wp-content\/uploads\/2026\/01\/IMG_1725-768x1365.jpeg",768,1365,true],"large":["https:\/\/madoskampas.lt\/wp-content\/uploads\/2026\/01\/IMG_1725-576x1024.jpeg",576,1024,true],"1536x1536":["https:\/\/madoskampas.lt\/wp-content\/uploads\/2026\/01\/IMG_1725-864x1536.jpeg",864,1536,true],"2048x2048":["https:\/\/madoskampas.lt\/wp-content\/uploads\/2026\/01\/IMG_1725-1152x2048.jpeg",1152,2048,true],"trp-custom-language-flag":["https:\/\/madoskampas.lt\/wp-content\/uploads\/2026\/01\/IMG_1725-7x12.jpeg",7,12,true],"nova-image-square":["https:\/\/madoskampas.lt\/wp-content\/uploads\/2026\/01\/IMG_1725-1100x1100.jpeg",1100,1100,true],"mixtas-product-03":["https:\/\/madoskampas.lt\/wp-content\/uploads\/2026\/01\/IMG_1725-600x345.jpeg",600,345,true],"woocommerce_thumbnail":["https:\/\/madoskampas.lt\/wp-content\/uploads\/2026\/01\/IMG_1725-700x700.jpeg",700,700,true],"woocommerce_single":["https:\/\/madoskampas.lt\/wp-content\/uploads\/2026\/01\/IMG_1725-1000x1777.jpeg",1000,1777,true],"woocommerce_gallery_thumbnail":["https:\/\/madoskampas.lt\/wp-content\/uploads\/2026\/01\/IMG_1725-250x250.jpeg",250,250,true],"variation_swatches_image_size":["https:\/\/madoskampas.lt\/wp-content\/uploads\/2026\/01\/IMG_1725-50x50.jpeg",50,50,true],"variation_swatches_tooltip_size":["https:\/\/madoskampas.lt\/wp-content\/uploads\/2026\/01\/IMG_1725-100x100.jpeg",100,100,true]},"uagb_author_info":{"display_name":"algirdasbart","author_link":"https:\/\/madoskampas.lt\/et\/author\/"},"uagb_comment_info":0,"uagb_excerpt":"Lengvi ir patog\u016bs languoti mar\u0161kiniai, kurie puikiai tinka kasdieniam stilingam \u012fvaizd\u017eiui. Klasikinis kirpimas, mink\u0161tas audinys ir subtilus langeli\u0173 ra\u0161tas leid\u017eia \u0161\u012f model\u012f lengvai derinti tiek su d\u017einsais, tiek su keln\u0117mis ar sijonu. Mar\u0161kiniai gra\u017eiai krenta, nevar\u017eo judesi\u0173 ir suteikia jaukumo poj\u016bt\u012f visai dienai. Puikus pasirinkimas tiek darbui, tiek laisvalaikiui \u2013 kai norisi atrodyti tvarkingai, bet&hellip;","jetpack_sharing_enabled":true,"_links":{"self":[{"href":"https:\/\/madoskampas.lt\/et\/wp-json\/wp\/v2\/product\/26562","targetHints":{"allow":["GET"]}}],"collection":[{"href":"https:\/\/madoskampas.lt\/et\/wp-json\/wp\/v2\/product"}],"about":[{"href":"https:\/\/madoskampas.lt\/et\/wp-json\/wp\/v2\/types\/product"}],"replies":[{"embeddable":true,"href":"https:\/\/madoskampas.lt\/et\/wp-json\/wp\/v2\/comments?post=26562"}],"wp:featuredmedia":[{"embeddable":true,"href":"https:\/\/madoskampas.lt\/et\/wp-json\/wp\/v2\/media\/26544"}],"wp:attachment":[{"href":"https:\/\/madoskampas.lt\/et\/wp-json\/wp\/v2\/media?parent=26562"}],"wp:term":[{"taxonomy":"product_brand","embeddable":true,"href":"https:\/\/madoskampas.lt\/et\/wp-json\/wp\/v2\/product_brand?post=26562"},{"taxonomy":"product_cat","embeddable":true,"href":"https:\/\/madoskampas.lt\/et\/wp-json\/wp\/v2\/product_cat?post=26562"},{"taxonomy":"product_tag","embeddable":true,"href":"https:\/\/madoskampas.lt\/et\/wp-json\/wp\/v2\/product_tag?post=26562"}],"curies":[{"name":"wp","href":"https:\/\/api.w.org\/{rel}","templated":true}]}}