{"id":26569,"date":"2026-01-22T11:00:00","date_gmt":"2026-01-22T11:00:00","guid":{"rendered":"https:\/\/madoskampas.lt\/?post_type=product&#038;p=26569"},"modified":"2026-03-20T11:24:33","modified_gmt":"2026-03-20T11:24:33","slug":"megztukas-liemene-su-gipiuru-soft-romance","status":"publish","type":"product","link":"https:\/\/madoskampas.lt\/et\/product-2\/megztukas-liemene-su-gipiuru-soft-romance\/","title":{"rendered":"Megztukas\u2013liemen\u0117 su gipi\u016bru \u201eSoft Romance\u201c"},"content":{"rendered":"<p>I\u0161skirtinis megztukas\u2013liemen\u0117 su <strong data-start=\"204\" data-end=\"247\">jau prisi\u016btomis gipi\u016brin\u0117mis rankov\u0117mis<\/strong>, kuriame jaukumas dera su romanti\u0161ka elegancija. \u0160velnus megztas pagrindas gra\u017eiai priglunda prie k\u016bno, o gipi\u016bras suteikia lengvumo, moteri\u0161kumo ir ypatingo \u017eavesio.<\/p>","protected":false},"excerpt":{"rendered":"<p data-start=\"154\" data-end=\"414\">I\u0161skirtinis megztukas\u2013liemen\u0117 su <strong data-start=\"204\" data-end=\"247\">jau prisi\u016btomis gipi\u016brin\u0117mis rankov\u0117mis<\/strong>, kuriame jaukumas dera su romanti\u0161ka elegancija. \u0160velnus megztas pagrindas gra\u017eiai priglunda prie k\u016bno, o gipi\u016bras suteikia lengvumo, moteri\u0161kumo ir ypatingo \u017eavesio.<\/p>\n<p data-start=\"416\" data-end=\"613\">Tai vientisas modelis, kuris atrodo lyg kruop\u0161\u010diai suderintas sluoksniavimas, ta\u010diau vilkimas itin patogiai \u2013 be papildom\u0173 drabu\u017ei\u0173. Puikiai tinka tiek kasdieniam, tiek eleganti\u0161kesniam \u012fvaizd\u017eiui.<\/p>\n<p data-start=\"615\" data-end=\"691\">\ud83d\udccf <strong data-start=\"618\" data-end=\"628\">Dydis:<\/strong> tinka nuo S iki XL<br data-start=\"647\" data-end=\"650\" \/>\ud83d\udc97 <strong data-start=\"696\" data-end=\"757\">Vienas drabu\u017eis \u2013 pilnas, stilingas \u012fvaizdis be pastang\u0173.<\/strong><\/p>","protected":false},"featured_media":26570,"comment_status":"open","ping_status":"closed","template":"","meta":{"_uag_custom_page_level_css":"","_monsterinsights_skip_tracking":false,"_monsterinsights_sitenote_active":false,"_monsterinsights_sitenote_note":"","_monsterinsights_sitenote_category":0},"product_brand":[],"product_cat":[66,71,73,95,96],"product_tag":[],"class_list":{"0":"post-26569","1":"product","2":"type-product","3":"status-publish","4":"has-post-thumbnail","6":"product_cat-drabuziai","7":"product_cat-liemenes","8":"product_cat-megztiniai","9":"product_cat-naujausi","10":"product_cat-populiariausi","11":"tm-has-options","13":"first","14":"instock","15":"sale","16":"shipping-taxable","17":"purchasable","18":"product-type-variable"},"yoast_head":"<!-- This site is optimized with the Yoast SEO plugin v27.3 - https:\/\/yoast.com\/product\/yoast-seo-wordpress\/ -->\n<title>Megztukas\u2013liemen\u0117 su gipi\u016bru \u201eSoft Romance\u201c - MadosKampas.lt<\/title>\n<meta name=\"robots\" content=\"index, follow, max-snippet:-1, max-image-preview:large, max-video-preview:-1\" \/>\n<link rel=\"canonical\" href=\"https:\/\/madoskampas.lt\/et\/product-2\/megztukas-liemene-su-gipiuru-soft-romance\/\" \/>\n<meta property=\"og:locale\" content=\"et_EE\" \/>\n<meta property=\"og:type\" content=\"article\" \/>\n<meta property=\"og:title\" content=\"Megztukas\u2013liemen\u0117 su gipi\u016bru \u201eSoft Romance\u201c - MadosKampas.lt\" \/>\n<meta property=\"og:description\" content=\"I\u0161skirtinis megztukas\u2013liemen\u0117 su jau prisi\u016btomis gipi\u016brin\u0117mis rankov\u0117mis, kuriame jaukumas dera su romanti\u0161ka elegancija. \u0160velnus megztas pagrindas gra\u017eiai priglunda prie k\u016bno, o gipi\u016bras suteikia lengvumo, moteri\u0161kumo ir ypatingo \u017eavesio. Tai vientisas modelis, kuris atrodo lyg kruop\u0161\u010diai suderintas sluoksniavimas, ta\u010diau vilkimas itin patogiai \u2013 be papildom\u0173 drabu\u017ei\u0173. Puikiai tinka tiek kasdieniam, tiek eleganti\u0161kesniam \u012fvaizd\u017eiui. \ud83d\udccf Dydis: tinka nuo S iki XL\ud83d\udc97 Vienas drabu\u017eis \u2013 pilnas, stilingas \u012fvaizdis be pastang\u0173.\" \/>\n<meta property=\"og:url\" content=\"https:\/\/madoskampas.lt\/et\/product-2\/megztukas-liemene-su-gipiuru-soft-romance\/\" \/>\n<meta property=\"og:site_name\" content=\"MadosKampas.lt\" \/>\n<meta property=\"article:modified_time\" content=\"2026-03-20T11:24:33+00:00\" \/>\n<meta property=\"og:image\" content=\"https:\/\/madoskampas.lt\/wp-content\/uploads\/2026\/01\/IMG_1916-scaled.jpeg\" \/>\n\t<meta property=\"og:image:width\" content=\"1440\" \/>\n\t<meta property=\"og:image:height\" content=\"2560\" \/>\n\t<meta property=\"og:image:type\" content=\"image\/jpeg\" \/>\n<meta name=\"twitter:card\" content=\"summary_large_image\" \/>\n<meta name=\"twitter:label1\" content=\"Est. reading time\" \/>\n\t<meta name=\"twitter:data1\" content=\"1 minut\" \/>\n<script type=\"application\/ld+json\" class=\"yoast-schema-graph\">{\"@context\":\"https:\\\/\\\/schema.org\",\"@graph\":[{\"@type\":\"WebPage\",\"@id\":\"https:\\\/\\\/madoskampas.lt\\\/produktas\\\/megztukas-liemene-su-gipiuru-soft-romance\\\/\",\"url\":\"https:\\\/\\\/madoskampas.lt\\\/produktas\\\/megztukas-liemene-su-gipiuru-soft-romance\\\/\",\"name\":\"Megztukas\u2013liemen\u0117 su gipi\u016bru \u201eSoft Romance\u201c - MadosKampas.lt\",\"isPartOf\":{\"@id\":\"https:\\\/\\\/madoskampas.lt\\\/#website\"},\"primaryImageOfPage\":{\"@id\":\"https:\\\/\\\/madoskampas.lt\\\/produktas\\\/megztukas-liemene-su-gipiuru-soft-romance\\\/#primaryimage\"},\"image\":{\"@id\":\"https:\\\/\\\/madoskampas.lt\\\/produktas\\\/megztukas-liemene-su-gipiuru-soft-romance\\\/#primaryimage\"},\"thumbnailUrl\":\"https:\\\/\\\/madoskampas.lt\\\/wp-content\\\/uploads\\\/2026\\\/01\\\/IMG_1916-scaled.jpeg\",\"datePublished\":\"2026-01-22T11:00:00+00:00\",\"dateModified\":\"2026-03-20T11:24:33+00:00\",\"breadcrumb\":{\"@id\":\"https:\\\/\\\/madoskampas.lt\\\/produktas\\\/megztukas-liemene-su-gipiuru-soft-romance\\\/#breadcrumb\"},\"inLanguage\":\"et\",\"potentialAction\":[{\"@type\":\"ReadAction\",\"target\":[\"https:\\\/\\\/madoskampas.lt\\\/produktas\\\/megztukas-liemene-su-gipiuru-soft-romance\\\/\"]}]},{\"@type\":\"ImageObject\",\"inLanguage\":\"et\",\"@id\":\"https:\\\/\\\/madoskampas.lt\\\/produktas\\\/megztukas-liemene-su-gipiuru-soft-romance\\\/#primaryimage\",\"url\":\"https:\\\/\\\/madoskampas.lt\\\/wp-content\\\/uploads\\\/2026\\\/01\\\/IMG_1916-scaled.jpeg\",\"contentUrl\":\"https:\\\/\\\/madoskampas.lt\\\/wp-content\\\/uploads\\\/2026\\\/01\\\/IMG_1916-scaled.jpeg\",\"width\":1440,\"height\":2560},{\"@type\":\"BreadcrumbList\",\"@id\":\"https:\\\/\\\/madoskampas.lt\\\/produktas\\\/megztukas-liemene-su-gipiuru-soft-romance\\\/#breadcrumb\",\"itemListElement\":[{\"@type\":\"ListItem\",\"position\":1,\"name\":\"Home\",\"item\":\"https:\\\/\\\/madoskampas.lt\\\/\"},{\"@type\":\"ListItem\",\"position\":2,\"name\":\"Parduotuv\u0117\",\"item\":\"https:\\\/\\\/madoskampas.lt\\\/parduotuve-2\\\/\"},{\"@type\":\"ListItem\",\"position\":3,\"name\":\"Megztukas\u2013liemen\u0117 su gipi\u016bru \u201eSoft Romance\u201c\"}]},{\"@type\":\"WebSite\",\"@id\":\"https:\\\/\\\/madoskampas.lt\\\/#website\",\"url\":\"https:\\\/\\\/madoskampas.lt\\\/\",\"name\":\"MadosKampas.lt\",\"description\":\"Stilingi drabu\u017eiai moterims\",\"potentialAction\":[{\"@type\":\"SearchAction\",\"target\":{\"@type\":\"EntryPoint\",\"urlTemplate\":\"https:\\\/\\\/madoskampas.lt\\\/?s={search_term_string}\"},\"query-input\":{\"@type\":\"PropertyValueSpecification\",\"valueRequired\":true,\"valueName\":\"search_term_string\"}}],\"inLanguage\":\"et\"}]}<\/script>\n<!-- \/ Yoast SEO plugin. -->","yoast_head_json":{"title":"Megztukas\u2013liemen\u0117 su gipi\u016bru \u201eSoft Romance\u201c - MadosKampas.lt","robots":{"index":"index","follow":"follow","max-snippet":"max-snippet:-1","max-image-preview":"max-image-preview:large","max-video-preview":"max-video-preview:-1"},"canonical":"https:\/\/madoskampas.lt\/et\/product-2\/megztukas-liemene-su-gipiuru-soft-romance\/","og_locale":"et_EE","og_type":"article","og_title":"Megztukas\u2013liemen\u0117 su gipi\u016bru \u201eSoft Romance\u201c - MadosKampas.lt","og_description":"I\u0161skirtinis megztukas\u2013liemen\u0117 su jau prisi\u016btomis gipi\u016brin\u0117mis rankov\u0117mis, kuriame jaukumas dera su romanti\u0161ka elegancija. \u0160velnus megztas pagrindas gra\u017eiai priglunda prie k\u016bno, o gipi\u016bras suteikia lengvumo, moteri\u0161kumo ir ypatingo \u017eavesio. Tai vientisas modelis, kuris atrodo lyg kruop\u0161\u010diai suderintas sluoksniavimas, ta\u010diau vilkimas itin patogiai \u2013 be papildom\u0173 drabu\u017ei\u0173. Puikiai tinka tiek kasdieniam, tiek eleganti\u0161kesniam \u012fvaizd\u017eiui. \ud83d\udccf Dydis: tinka nuo S iki XL\ud83d\udc97 Vienas drabu\u017eis \u2013 pilnas, stilingas \u012fvaizdis be pastang\u0173.","og_url":"https:\/\/madoskampas.lt\/et\/product-2\/megztukas-liemene-su-gipiuru-soft-romance\/","og_site_name":"MadosKampas.lt","article_modified_time":"2026-03-20T11:24:33+00:00","og_image":[{"width":1440,"height":2560,"url":"https:\/\/madoskampas.lt\/wp-content\/uploads\/2026\/01\/IMG_1916-scaled.jpeg","type":"image\/jpeg"}],"twitter_card":"summary_large_image","twitter_misc":{"Est. reading time":"1 minut"},"schema":{"@context":"https:\/\/schema.org","@graph":[{"@type":"WebPage","@id":"https:\/\/madoskampas.lt\/produktas\/megztukas-liemene-su-gipiuru-soft-romance\/","url":"https:\/\/madoskampas.lt\/produktas\/megztukas-liemene-su-gipiuru-soft-romance\/","name":"Megztukas\u2013liemen\u0117 su gipi\u016bru \u201eSoft Romance\u201c - MadosKampas.lt","isPartOf":{"@id":"https:\/\/madoskampas.lt\/#website"},"primaryImageOfPage":{"@id":"https:\/\/madoskampas.lt\/produktas\/megztukas-liemene-su-gipiuru-soft-romance\/#primaryimage"},"image":{"@id":"https:\/\/madoskampas.lt\/produktas\/megztukas-liemene-su-gipiuru-soft-romance\/#primaryimage"},"thumbnailUrl":"https:\/\/madoskampas.lt\/wp-content\/uploads\/2026\/01\/IMG_1916-scaled.jpeg","datePublished":"2026-01-22T11:00:00+00:00","dateModified":"2026-03-20T11:24:33+00:00","breadcrumb":{"@id":"https:\/\/madoskampas.lt\/produktas\/megztukas-liemene-su-gipiuru-soft-romance\/#breadcrumb"},"inLanguage":"et","potentialAction":[{"@type":"ReadAction","target":["https:\/\/madoskampas.lt\/produktas\/megztukas-liemene-su-gipiuru-soft-romance\/"]}]},{"@type":"ImageObject","inLanguage":"et","@id":"https:\/\/madoskampas.lt\/produktas\/megztukas-liemene-su-gipiuru-soft-romance\/#primaryimage","url":"https:\/\/madoskampas.lt\/wp-content\/uploads\/2026\/01\/IMG_1916-scaled.jpeg","contentUrl":"https:\/\/madoskampas.lt\/wp-content\/uploads\/2026\/01\/IMG_1916-scaled.jpeg","width":1440,"height":2560},{"@type":"BreadcrumbList","@id":"https:\/\/madoskampas.lt\/produktas\/megztukas-liemene-su-gipiuru-soft-romance\/#breadcrumb","itemListElement":[{"@type":"ListItem","position":1,"name":"Home","item":"https:\/\/madoskampas.lt\/"},{"@type":"ListItem","position":2,"name":"Parduotuv\u0117","item":"https:\/\/madoskampas.lt\/parduotuve-2\/"},{"@type":"ListItem","position":3,"name":"Megztukas\u2013liemen\u0117 su gipi\u016bru \u201eSoft Romance\u201c"}]},{"@type":"WebSite","@id":"https:\/\/madoskampas.lt\/#website","url":"https:\/\/madoskampas.lt\/","name":"FashionKampas.lt","description":"Stiilsed riided naistele","potentialAction":[{"@type":"SearchAction","target":{"@type":"EntryPoint","urlTemplate":"https:\/\/madoskampas.lt\/?s={search_term_string}"},"query-input":{"@type":"PropertyValueSpecification","valueRequired":true,"valueName":"search_term_string"}}],"inLanguage":"et"}]}},"uagb_featured_image_src":{"full":["https:\/\/madoskampas.lt\/wp-content\/uploads\/2026\/01\/IMG_1916-scaled.jpeg",1440,2560,false],"thumbnail":["https:\/\/madoskampas.lt\/wp-content\/uploads\/2026\/01\/IMG_1916-150x150.jpeg",150,150,true],"medium":["https:\/\/madoskampas.lt\/wp-content\/uploads\/2026\/01\/IMG_1916-169x300.jpeg",169,300,true],"medium_large":["https:\/\/madoskampas.lt\/wp-content\/uploads\/2026\/01\/IMG_1916-768x1365.jpeg",768,1365,true],"large":["https:\/\/madoskampas.lt\/wp-content\/uploads\/2026\/01\/IMG_1916-576x1024.jpeg",576,1024,true],"1536x1536":["https:\/\/madoskampas.lt\/wp-content\/uploads\/2026\/01\/IMG_1916-864x1536.jpeg",864,1536,true],"2048x2048":["https:\/\/madoskampas.lt\/wp-content\/uploads\/2026\/01\/IMG_1916-1152x2048.jpeg",1152,2048,true],"trp-custom-language-flag":["https:\/\/madoskampas.lt\/wp-content\/uploads\/2026\/01\/IMG_1916-7x12.jpeg",7,12,true],"nova-image-square":["https:\/\/madoskampas.lt\/wp-content\/uploads\/2026\/01\/IMG_1916-1100x1100.jpeg",1100,1100,true],"mixtas-product-03":["https:\/\/madoskampas.lt\/wp-content\/uploads\/2026\/01\/IMG_1916-600x345.jpeg",600,345,true],"woocommerce_thumbnail":["https:\/\/madoskampas.lt\/wp-content\/uploads\/2026\/01\/IMG_1916-700x700.jpeg",700,700,true],"woocommerce_single":["https:\/\/madoskampas.lt\/wp-content\/uploads\/2026\/01\/IMG_1916-1000x1778.jpeg",1000,1778,true],"woocommerce_gallery_thumbnail":["https:\/\/madoskampas.lt\/wp-content\/uploads\/2026\/01\/IMG_1916-250x250.jpeg",250,250,true],"variation_swatches_image_size":["https:\/\/madoskampas.lt\/wp-content\/uploads\/2026\/01\/IMG_1916-50x50.jpeg",50,50,true],"variation_swatches_tooltip_size":["https:\/\/madoskampas.lt\/wp-content\/uploads\/2026\/01\/IMG_1916-100x100.jpeg",100,100,true]},"uagb_author_info":{"display_name":"algirdasbart","author_link":"https:\/\/madoskampas.lt\/et\/author\/"},"uagb_comment_info":0,"uagb_excerpt":"I\u0161skirtinis megztukas\u2013liemen\u0117 su jau prisi\u016btomis gipi\u016brin\u0117mis rankov\u0117mis, kuriame jaukumas dera su romanti\u0161ka elegancija. \u0160velnus megztas pagrindas gra\u017eiai priglunda prie k\u016bno, o gipi\u016bras suteikia lengvumo, moteri\u0161kumo ir ypatingo \u017eavesio. Tai vientisas modelis, kuris atrodo lyg kruop\u0161\u010diai suderintas sluoksniavimas, ta\u010diau vilkimas itin patogiai \u2013 be papildom\u0173 drabu\u017ei\u0173. Puikiai tinka tiek kasdieniam, tiek eleganti\u0161kesniam \u012fvaizd\u017eiui. \ud83d\udccf Dydis: tinka&hellip;","jetpack_sharing_enabled":true,"_links":{"self":[{"href":"https:\/\/madoskampas.lt\/et\/wp-json\/wp\/v2\/product\/26569","targetHints":{"allow":["GET"]}}],"collection":[{"href":"https:\/\/madoskampas.lt\/et\/wp-json\/wp\/v2\/product"}],"about":[{"href":"https:\/\/madoskampas.lt\/et\/wp-json\/wp\/v2\/types\/product"}],"replies":[{"embeddable":true,"href":"https:\/\/madoskampas.lt\/et\/wp-json\/wp\/v2\/comments?post=26569"}],"wp:featuredmedia":[{"embeddable":true,"href":"https:\/\/madoskampas.lt\/et\/wp-json\/wp\/v2\/media\/26570"}],"wp:attachment":[{"href":"https:\/\/madoskampas.lt\/et\/wp-json\/wp\/v2\/media?parent=26569"}],"wp:term":[{"taxonomy":"product_brand","embeddable":true,"href":"https:\/\/madoskampas.lt\/et\/wp-json\/wp\/v2\/product_brand?post=26569"},{"taxonomy":"product_cat","embeddable":true,"href":"https:\/\/madoskampas.lt\/et\/wp-json\/wp\/v2\/product_cat?post=26569"},{"taxonomy":"product_tag","embeddable":true,"href":"https:\/\/madoskampas.lt\/et\/wp-json\/wp\/v2\/product_tag?post=26569"}],"curies":[{"name":"wp","href":"https:\/\/api.w.org\/{rel}","templated":true}]}}