{"id":26927,"date":"2026-01-30T08:42:45","date_gmt":"2026-01-30T08:42:45","guid":{"rendered":"https:\/\/madoskampas.lt\/?post_type=product&#038;p=26927"},"modified":"2026-05-13T19:17:12","modified_gmt":"2026-05-13T19:17:12","slug":"kid-mohair-cloud-luxe-tankesnio-rasto-prabangus-megztinis","status":"publish","type":"product","link":"https:\/\/madoskampas.lt\/et\/product-2\/kid-mohair-cloud-luxe-tankesnio-rasto-prabangus-megztinis\/","title":{"rendered":"Kid Mohair Cloud Luxe \u2013 tankesnio ra\u0161to prabangus megztinis"},"content":{"rendered":"<p data-start=\"264\" data-end=\"491\">Ypatingai lengvas, \u0161velnus ir prabangus megztinis, kuris apgaubia lyg <strong data-start=\"334\" data-end=\"351\">\u0161ilko debesis<\/strong>, ta\u010diau su dar daugiau jaukumo. <strong data-start=\"384\" data-end=\"404\">Tankesnis ra\u0161tas<\/strong> suteikia megztiniui sodresn\u0119 tekst\u016br\u0105, daugiau \u0161ilumos ir dar ry\u0161kesn\u012f kokyb\u0117s poj\u016bt\u012f.<\/p>\n<p data-start=\"493\" data-end=\"733\">Net <strong data-start=\"497\" data-end=\"517\">70 % kid moheros<\/strong> u\u017etikrina nepaprast\u0105 mink\u0161tum\u0105, purum\u0105 ir subtil\u0173 p\u016bk\u0105, o audinys i\u0161lieka lengvas, bet kartu \u0161iltas ir komforti\u0161kas. Tai megztinis, kuris atrodo <strong data-start=\"663\" data-end=\"689\">prabangiai be pastang\u0173<\/strong> \u2013 tiek kasdien, tiek ypatingoms akimirkoms.<\/p>","protected":false},"excerpt":{"rendered":"<p data-start=\"264\" data-end=\"491\">Ypatingai lengvas, \u0161velnus ir prabangus megztinis, kuris apgaubia lyg <strong data-start=\"334\" data-end=\"351\">\u0161ilko debesis<\/strong>, ta\u010diau su dar daugiau jaukumo. <strong data-start=\"384\" data-end=\"404\">Tankesnis ra\u0161tas<\/strong> suteikia megztiniui sodresn\u0119 tekst\u016br\u0105, daugiau \u0161ilumos ir dar ry\u0161kesn\u012f kokyb\u0117s poj\u016bt\u012f.<\/p>\n<p data-start=\"493\" data-end=\"733\">Net <strong data-start=\"497\" data-end=\"517\">70 % kid moheros<\/strong> u\u017etikrina nepaprast\u0105 mink\u0161tum\u0105, purum\u0105 ir subtil\u0173 p\u016bk\u0105, o audinys i\u0161lieka lengvas, bet kartu \u0161iltas ir komforti\u0161kas. Tai megztinis, kuris atrodo <strong data-start=\"663\" data-end=\"689\">prabangiai be pastang\u0173<\/strong> \u2013 tiek kasdien, tiek ypatingoms akimirkoms.<\/p>\n<p data-start=\"735\" data-end=\"906\">Laisvas, universalus siluetas gra\u017eiai krenta, nevar\u017eo judesi\u0173 ir lengvai prisitaiko prie skirting\u0173 derini\u0173:<br data-start=\"842\" data-end=\"845\" \/>nuo eleganti\u0161k\u0173 sijon\u0173 iki laisvalaikio ar klasikini\u0173 kelni\u0173.<\/p>\n<p data-start=\"908\" data-end=\"1050\">Pagamintas Italijoje, i\u0161 kruop\u0161\u010diai atrinkt\u0173, <strong data-start=\"954\" data-end=\"984\">auk\u0161\u010diausios kokyb\u0117s si\u016bl\u0173<\/strong>, skirtas toms, kurios vertina tyl\u0173 rafinuotum\u0105 ir jausm\u0105 vilkint.<\/p>\n<p data-start=\"1052\" data-end=\"1151\">Tai ne tik megztinis \u2013 tai <strong data-start=\"1079\" data-end=\"1109\">\u0161iluma, stilius ir jausmas<\/strong>, prie kurio norisi sugr\u012f\u017eti v\u0117l ir v\u0117l \ud83e\udd0d<\/p>\n<p data-start=\"1153\" data-end=\"1202\"><strong data-start=\"1153\" data-end=\"1165\">Koostis:<\/strong><br data-start=\"1165\" data-end=\"1168\" \/>70 % kid mohera, 30 % poliamidas<\/p>\n<p data-start=\"1204\" data-end=\"1251\"><strong data-start=\"1204\" data-end=\"1214\">Dydis:<\/strong><br data-start=\"1214\" data-end=\"1217\" \/>Universalus (tinka nuo S iki XL)<\/p>\n<p data-start=\"1253\" data-end=\"1278\"><strong data-start=\"1253\" data-end=\"1263\">Kilm\u0117:<\/strong><br data-start=\"1263\" data-end=\"1266\" \/>Italija \ud83c\uddee\ud83c\uddf9<\/p>","protected":false},"featured_media":30309,"comment_status":"open","ping_status":"closed","template":"","meta":{"_uag_custom_page_level_css":"","_monsterinsights_skip_tracking":false,"_monsterinsights_sitenote_active":false,"_monsterinsights_sitenote_note":"","_monsterinsights_sitenote_category":0},"product_brand":[],"product_cat":[66,73,95,96],"product_tag":[],"class_list":{"0":"post-26927","1":"product","2":"type-product","3":"status-publish","4":"has-post-thumbnail","6":"product_cat-drabuziai","7":"product_cat-megztiniai","8":"product_cat-naujausi","9":"product_cat-populiariausi","10":"tm-has-options","12":"first","13":"instock","14":"sale","15":"shipping-taxable","16":"purchasable","17":"product-type-variable"},"yoast_head":"<!-- This site is optimized with the Yoast SEO plugin v27.6 - https:\/\/yoast.com\/product\/yoast-seo-wordpress\/ -->\n<title>Kid Mohair Cloud Luxe \u2013 tankesnio ra\u0161to prabangus megztinis - MadosKampas.lt<\/title>\n<meta name=\"robots\" content=\"index, follow, max-snippet:-1, max-image-preview:large, max-video-preview:-1\" \/>\n<link rel=\"canonical\" href=\"https:\/\/madoskampas.lt\/et\/product-2\/kid-mohair-cloud-luxe-tankesnio-rasto-prabangus-megztinis\/\" \/>\n<meta property=\"og:locale\" content=\"et_EE\" \/>\n<meta property=\"og:type\" content=\"article\" \/>\n<meta property=\"og:title\" content=\"Kid Mohair Cloud Luxe \u2013 tankesnio ra\u0161to prabangus megztinis - MadosKampas.lt\" \/>\n<meta property=\"og:description\" content=\"Ypatingai lengvas, \u0161velnus ir prabangus megztinis, kuris apgaubia lyg \u0161ilko debesis, ta\u010diau su dar daugiau jaukumo. Tankesnis ra\u0161tas suteikia megztiniui sodresn\u0119 tekst\u016br\u0105, daugiau \u0161ilumos ir dar ry\u0161kesn\u012f kokyb\u0117s poj\u016bt\u012f. Net 70 % kid moheros u\u017etikrina nepaprast\u0105 mink\u0161tum\u0105, purum\u0105 ir subtil\u0173 p\u016bk\u0105, o audinys i\u0161lieka lengvas, bet kartu \u0161iltas ir komforti\u0161kas. Tai megztinis, kuris atrodo prabangiai be pastang\u0173 \u2013 tiek kasdien, tiek ypatingoms akimirkoms. Laisvas, universalus siluetas gra\u017eiai krenta, nevar\u017eo judesi\u0173 ir lengvai prisitaiko prie skirting\u0173 derini\u0173:nuo eleganti\u0161k\u0173 sijon\u0173 iki laisvalaikio ar klasikini\u0173 kelni\u0173. Pagamintas Italijoje, i\u0161 kruop\u0161\u010diai atrinkt\u0173, auk\u0161\u010diausios kokyb\u0117s si\u016bl\u0173, skirtas toms, kurios vertina tyl\u0173 rafinuotum\u0105 ir jausm\u0105 vilkint. Tai ne tik megztinis \u2013 tai \u0161iluma, stilius ir jausmas, prie kurio norisi sugr\u012f\u017eti v\u0117l ir v\u0117l \ud83e\udd0d Sud\u0117tis:70 % kid mohera, 30 % poliamidas Dydis:Universalus (tinka nuo S iki XL) Kilm\u0117:Italija \ud83c\uddee\ud83c\uddf9\" \/>\n<meta property=\"og:url\" content=\"https:\/\/madoskampas.lt\/et\/product-2\/kid-mohair-cloud-luxe-tankesnio-rasto-prabangus-megztinis\/\" \/>\n<meta property=\"og:site_name\" content=\"MadosKampas.lt\" \/>\n<meta property=\"article:modified_time\" content=\"2026-05-13T19:17:12+00:00\" \/>\n<meta property=\"og:image\" content=\"https:\/\/madoskampas.lt\/wp-content\/uploads\/2026\/01\/img_2706-scaled.jpeg\" \/>\n\t<meta property=\"og:image:width\" content=\"1440\" \/>\n\t<meta property=\"og:image:height\" content=\"2560\" \/>\n\t<meta property=\"og:image:type\" content=\"image\/jpeg\" \/>\n<meta name=\"twitter:card\" content=\"summary_large_image\" \/>\n<meta name=\"twitter:label1\" content=\"Est. reading time\" \/>\n\t<meta name=\"twitter:data1\" content=\"1 minut\" \/>\n<script type=\"application\/ld+json\" class=\"yoast-schema-graph\">{\"@context\":\"https:\\\/\\\/schema.org\",\"@graph\":[{\"@type\":\"WebPage\",\"@id\":\"https:\\\/\\\/madoskampas.lt\\\/produktas\\\/kid-mohair-cloud-luxe-tankesnio-rasto-prabangus-megztinis\\\/\",\"url\":\"https:\\\/\\\/madoskampas.lt\\\/produktas\\\/kid-mohair-cloud-luxe-tankesnio-rasto-prabangus-megztinis\\\/\",\"name\":\"Kid Mohair Cloud Luxe \u2013 tankesnio ra\u0161to prabangus megztinis - MadosKampas.lt\",\"isPartOf\":{\"@id\":\"https:\\\/\\\/madoskampas.lt\\\/#website\"},\"primaryImageOfPage\":{\"@id\":\"https:\\\/\\\/madoskampas.lt\\\/produktas\\\/kid-mohair-cloud-luxe-tankesnio-rasto-prabangus-megztinis\\\/#primaryimage\"},\"image\":{\"@id\":\"https:\\\/\\\/madoskampas.lt\\\/produktas\\\/kid-mohair-cloud-luxe-tankesnio-rasto-prabangus-megztinis\\\/#primaryimage\"},\"thumbnailUrl\":\"https:\\\/\\\/madoskampas.lt\\\/wp-content\\\/uploads\\\/2026\\\/01\\\/img_2479-scaled.jpeg\",\"datePublished\":\"2026-01-30T08:42:45+00:00\",\"dateModified\":\"2026-05-13T19:17:12+00:00\",\"breadcrumb\":{\"@id\":\"https:\\\/\\\/madoskampas.lt\\\/produktas\\\/kid-mohair-cloud-luxe-tankesnio-rasto-prabangus-megztinis\\\/#breadcrumb\"},\"inLanguage\":\"et\",\"potentialAction\":[{\"@type\":\"ReadAction\",\"target\":[\"https:\\\/\\\/madoskampas.lt\\\/produktas\\\/kid-mohair-cloud-luxe-tankesnio-rasto-prabangus-megztinis\\\/\"]}]},{\"@type\":\"ImageObject\",\"inLanguage\":\"et\",\"@id\":\"https:\\\/\\\/madoskampas.lt\\\/produktas\\\/kid-mohair-cloud-luxe-tankesnio-rasto-prabangus-megztinis\\\/#primaryimage\",\"url\":\"https:\\\/\\\/madoskampas.lt\\\/wp-content\\\/uploads\\\/2026\\\/01\\\/img_2479-scaled.jpeg\",\"contentUrl\":\"https:\\\/\\\/madoskampas.lt\\\/wp-content\\\/uploads\\\/2026\\\/01\\\/img_2479-scaled.jpeg\",\"width\":1920,\"height\":2560},{\"@type\":\"BreadcrumbList\",\"@id\":\"https:\\\/\\\/madoskampas.lt\\\/produktas\\\/kid-mohair-cloud-luxe-tankesnio-rasto-prabangus-megztinis\\\/#breadcrumb\",\"itemListElement\":[{\"@type\":\"ListItem\",\"position\":1,\"name\":\"Home\",\"item\":\"https:\\\/\\\/madoskampas.lt\\\/\"},{\"@type\":\"ListItem\",\"position\":2,\"name\":\"Parduotuv\u0117\",\"item\":\"https:\\\/\\\/madoskampas.lt\\\/parduotuve-2\\\/\"},{\"@type\":\"ListItem\",\"position\":3,\"name\":\"Kid Mohair Cloud Luxe \u2013 tankesnio ra\u0161to prabangus megztinis\"}]},{\"@type\":\"WebSite\",\"@id\":\"https:\\\/\\\/madoskampas.lt\\\/#website\",\"url\":\"https:\\\/\\\/madoskampas.lt\\\/\",\"name\":\"MadosKampas.lt\",\"description\":\"Stilingi drabu\u017eiai moterims\",\"potentialAction\":[{\"@type\":\"SearchAction\",\"target\":{\"@type\":\"EntryPoint\",\"urlTemplate\":\"https:\\\/\\\/madoskampas.lt\\\/?s={search_term_string}\"},\"query-input\":{\"@type\":\"PropertyValueSpecification\",\"valueRequired\":true,\"valueName\":\"search_term_string\"}}],\"inLanguage\":\"et\"}]}<\/script>\n<!-- \/ Yoast SEO plugin. -->","yoast_head_json":{"title":"Kid Mohair Cloud Luxe \u2013 tankesnio ra\u0161to prabangus megztinis - MadosKampas.lt","robots":{"index":"index","follow":"follow","max-snippet":"max-snippet:-1","max-image-preview":"max-image-preview:large","max-video-preview":"max-video-preview:-1"},"canonical":"https:\/\/madoskampas.lt\/et\/product-2\/kid-mohair-cloud-luxe-tankesnio-rasto-prabangus-megztinis\/","og_locale":"et_EE","og_type":"article","og_title":"Kid Mohair Cloud Luxe \u2013 tankesnio ra\u0161to prabangus megztinis - MadosKampas.lt","og_description":"Ypatingai lengvas, \u0161velnus ir prabangus megztinis, kuris apgaubia lyg \u0161ilko debesis, ta\u010diau su dar daugiau jaukumo. Tankesnis ra\u0161tas suteikia megztiniui sodresn\u0119 tekst\u016br\u0105, daugiau \u0161ilumos ir dar ry\u0161kesn\u012f kokyb\u0117s poj\u016bt\u012f. Net 70 % kid moheros u\u017etikrina nepaprast\u0105 mink\u0161tum\u0105, purum\u0105 ir subtil\u0173 p\u016bk\u0105, o audinys i\u0161lieka lengvas, bet kartu \u0161iltas ir komforti\u0161kas. Tai megztinis, kuris atrodo prabangiai be pastang\u0173 \u2013 tiek kasdien, tiek ypatingoms akimirkoms. Laisvas, universalus siluetas gra\u017eiai krenta, nevar\u017eo judesi\u0173 ir lengvai prisitaiko prie skirting\u0173 derini\u0173:nuo eleganti\u0161k\u0173 sijon\u0173 iki laisvalaikio ar klasikini\u0173 kelni\u0173. Pagamintas Italijoje, i\u0161 kruop\u0161\u010diai atrinkt\u0173, auk\u0161\u010diausios kokyb\u0117s si\u016bl\u0173, skirtas toms, kurios vertina tyl\u0173 rafinuotum\u0105 ir jausm\u0105 vilkint. Tai ne tik megztinis \u2013 tai \u0161iluma, stilius ir jausmas, prie kurio norisi sugr\u012f\u017eti v\u0117l ir v\u0117l \ud83e\udd0d Sud\u0117tis:70 % kid mohera, 30 % poliamidas Dydis:Universalus (tinka nuo S iki XL) Kilm\u0117:Italija \ud83c\uddee\ud83c\uddf9","og_url":"https:\/\/madoskampas.lt\/et\/product-2\/kid-mohair-cloud-luxe-tankesnio-rasto-prabangus-megztinis\/","og_site_name":"MadosKampas.lt","article_modified_time":"2026-05-13T19:17:12+00:00","og_image":[{"width":1440,"height":2560,"url":"https:\/\/madoskampas.lt\/wp-content\/uploads\/2026\/01\/img_2706-scaled.jpeg","type":"image\/jpeg"}],"twitter_card":"summary_large_image","twitter_misc":{"Est. reading time":"1 minut"},"schema":{"@context":"https:\/\/schema.org","@graph":[{"@type":"WebPage","@id":"https:\/\/madoskampas.lt\/produktas\/kid-mohair-cloud-luxe-tankesnio-rasto-prabangus-megztinis\/","url":"https:\/\/madoskampas.lt\/produktas\/kid-mohair-cloud-luxe-tankesnio-rasto-prabangus-megztinis\/","name":"Kid Mohair Cloud Luxe \u2013 tankesnio ra\u0161to prabangus megztinis - MadosKampas.lt","isPartOf":{"@id":"https:\/\/madoskampas.lt\/#website"},"primaryImageOfPage":{"@id":"https:\/\/madoskampas.lt\/produktas\/kid-mohair-cloud-luxe-tankesnio-rasto-prabangus-megztinis\/#primaryimage"},"image":{"@id":"https:\/\/madoskampas.lt\/produktas\/kid-mohair-cloud-luxe-tankesnio-rasto-prabangus-megztinis\/#primaryimage"},"thumbnailUrl":"https:\/\/madoskampas.lt\/wp-content\/uploads\/2026\/01\/img_2479-scaled.jpeg","datePublished":"2026-01-30T08:42:45+00:00","dateModified":"2026-05-13T19:17:12+00:00","breadcrumb":{"@id":"https:\/\/madoskampas.lt\/produktas\/kid-mohair-cloud-luxe-tankesnio-rasto-prabangus-megztinis\/#breadcrumb"},"inLanguage":"et","potentialAction":[{"@type":"ReadAction","target":["https:\/\/madoskampas.lt\/produktas\/kid-mohair-cloud-luxe-tankesnio-rasto-prabangus-megztinis\/"]}]},{"@type":"ImageObject","inLanguage":"et","@id":"https:\/\/madoskampas.lt\/produktas\/kid-mohair-cloud-luxe-tankesnio-rasto-prabangus-megztinis\/#primaryimage","url":"https:\/\/madoskampas.lt\/wp-content\/uploads\/2026\/01\/img_2479-scaled.jpeg","contentUrl":"https:\/\/madoskampas.lt\/wp-content\/uploads\/2026\/01\/img_2479-scaled.jpeg","width":1920,"height":2560},{"@type":"BreadcrumbList","@id":"https:\/\/madoskampas.lt\/produktas\/kid-mohair-cloud-luxe-tankesnio-rasto-prabangus-megztinis\/#breadcrumb","itemListElement":[{"@type":"ListItem","position":1,"name":"Home","item":"https:\/\/madoskampas.lt\/"},{"@type":"ListItem","position":2,"name":"Parduotuv\u0117","item":"https:\/\/madoskampas.lt\/parduotuve-2\/"},{"@type":"ListItem","position":3,"name":"Kid Mohair Cloud Luxe \u2013 tankesnio ra\u0161to prabangus megztinis"}]},{"@type":"WebSite","@id":"https:\/\/madoskampas.lt\/#website","url":"https:\/\/madoskampas.lt\/","name":"FashionKampas.lt","description":"Stiilsed riided naistele","potentialAction":[{"@type":"SearchAction","target":{"@type":"EntryPoint","urlTemplate":"https:\/\/madoskampas.lt\/?s={search_term_string}"},"query-input":{"@type":"PropertyValueSpecification","valueRequired":true,"valueName":"search_term_string"}}],"inLanguage":"et"}]}},"uagb_featured_image_src":{"full":["https:\/\/madoskampas.lt\/wp-content\/uploads\/2026\/01\/img_2479-scaled.jpeg",1920,2560,false],"thumbnail":["https:\/\/madoskampas.lt\/wp-content\/uploads\/2026\/01\/img_2479-150x150.jpeg",150,150,true],"medium":["https:\/\/madoskampas.lt\/wp-content\/uploads\/2026\/01\/img_2479-225x300.jpeg",225,300,true],"medium_large":["https:\/\/madoskampas.lt\/wp-content\/uploads\/2026\/01\/img_2479-768x1024.jpeg",768,1024,true],"large":["https:\/\/madoskampas.lt\/wp-content\/uploads\/2026\/01\/img_2479-768x1024.jpeg",768,1024,true],"1536x1536":["https:\/\/madoskampas.lt\/wp-content\/uploads\/2026\/01\/img_2479-1152x1536.jpeg",1152,1536,true],"2048x2048":["https:\/\/madoskampas.lt\/wp-content\/uploads\/2026\/01\/img_2479-1536x2048.jpeg",1536,2048,true],"trp-custom-language-flag":["https:\/\/madoskampas.lt\/wp-content\/uploads\/2026\/01\/img_2479-9x12.jpeg",9,12,true],"nova-image-square":["https:\/\/madoskampas.lt\/wp-content\/uploads\/2026\/01\/img_2479-1100x1100.jpeg",1100,1100,true],"mixtas-product-03":["https:\/\/madoskampas.lt\/wp-content\/uploads\/2026\/01\/img_2479-600x345.jpeg",600,345,true],"woocommerce_thumbnail":["https:\/\/madoskampas.lt\/wp-content\/uploads\/2026\/01\/img_2479-700x700.jpeg",700,700,true],"woocommerce_single":["https:\/\/madoskampas.lt\/wp-content\/uploads\/2026\/01\/img_2479-1000x1333.jpeg",1000,1333,true],"woocommerce_gallery_thumbnail":["https:\/\/madoskampas.lt\/wp-content\/uploads\/2026\/01\/img_2479-250x250.jpeg",250,250,true],"variation_swatches_image_size":["https:\/\/madoskampas.lt\/wp-content\/uploads\/2026\/01\/img_2479-50x50.jpeg",50,50,true],"variation_swatches_tooltip_size":["https:\/\/madoskampas.lt\/wp-content\/uploads\/2026\/01\/img_2479-100x100.jpeg",100,100,true]},"uagb_author_info":{"display_name":"algirdasbart","author_link":"https:\/\/madoskampas.lt\/et\/author\/"},"uagb_comment_info":2,"uagb_excerpt":"Ypatingai lengvas, \u0161velnus ir prabangus megztinis, kuris apgaubia lyg \u0161ilko debesis, ta\u010diau su dar daugiau jaukumo. Tankesnis ra\u0161tas suteikia megztiniui sodresn\u0119 tekst\u016br\u0105, daugiau \u0161ilumos ir dar ry\u0161kesn\u012f kokyb\u0117s poj\u016bt\u012f. Net 70 % kid moheros u\u017etikrina nepaprast\u0105 mink\u0161tum\u0105, purum\u0105 ir subtil\u0173 p\u016bk\u0105, o audinys i\u0161lieka lengvas, bet kartu \u0161iltas ir komforti\u0161kas. Tai megztinis, kuris atrodo prabangiai&hellip;","jetpack_sharing_enabled":true,"_links":{"self":[{"href":"https:\/\/madoskampas.lt\/et\/wp-json\/wp\/v2\/product\/26927","targetHints":{"allow":["GET"]}}],"collection":[{"href":"https:\/\/madoskampas.lt\/et\/wp-json\/wp\/v2\/product"}],"about":[{"href":"https:\/\/madoskampas.lt\/et\/wp-json\/wp\/v2\/types\/product"}],"replies":[{"embeddable":true,"href":"https:\/\/madoskampas.lt\/et\/wp-json\/wp\/v2\/comments?post=26927"}],"wp:featuredmedia":[{"embeddable":true,"href":"https:\/\/madoskampas.lt\/et\/wp-json\/wp\/v2\/media\/30309"}],"wp:attachment":[{"href":"https:\/\/madoskampas.lt\/et\/wp-json\/wp\/v2\/media?parent=26927"}],"wp:term":[{"taxonomy":"product_brand","embeddable":true,"href":"https:\/\/madoskampas.lt\/et\/wp-json\/wp\/v2\/product_brand?post=26927"},{"taxonomy":"product_cat","embeddable":true,"href":"https:\/\/madoskampas.lt\/et\/wp-json\/wp\/v2\/product_cat?post=26927"},{"taxonomy":"product_tag","embeddable":true,"href":"https:\/\/madoskampas.lt\/et\/wp-json\/wp\/v2\/product_tag?post=26927"}],"curies":[{"name":"wp","href":"https:\/\/api.w.org\/{rel}","templated":true}]}}