{"id":27359,"date":"2026-02-11T14:29:48","date_gmt":"2026-02-11T14:29:48","guid":{"rendered":"https:\/\/madoskampas.lt\/?post_type=product&#038;p=27359"},"modified":"2026-04-03T12:02:25","modified_gmt":"2026-04-03T12:02:25","slug":"s","status":"publish","type":"product","link":"https:\/\/madoskampas.lt\/et\/product-2\/s\/","title":{"rendered":"\u201eCotton Shape\u201c medvilniniai mar\u0161kiniai su dir\u017eeliu"},"content":{"rendered":"<p data-start=\"229\" data-end=\"283\">Lengvumas, strukt\u016bra ir moteri\u0161kas siluetas viename \ud83e\udd0d<\/p>\n<p data-start=\"285\" data-end=\"477\">\u0160ie 100 % medvilniniai mar\u0161kiniai \u2013 tai klasikos ir modernumo derinys. Nat\u016brali medviln\u0117 leid\u017eia odai kv\u0117puoti, o paraukta apa\u010dia su dir\u017eeliu gra\u017eiai formuoja liemen\u012f ir suteikia i\u0161skirtinumo.<\/p>\n<p data-start=\"479\" data-end=\"647\">","protected":false},"excerpt":{"rendered":"<p data-start=\"229\" data-end=\"283\">Lengvumas, strukt\u016bra ir moteri\u0161kas siluetas viename \ud83e\udd0d<\/p>\n<p data-start=\"285\" data-end=\"477\">\u0160ie 100 % medvilniniai mar\u0161kiniai \u2013 tai klasikos ir modernumo derinys. Nat\u016brali medviln\u0117 leid\u017eia odai kv\u0117puoti, o paraukta apa\u010dia su dir\u017eeliu gra\u017eiai formuoja liemen\u012f ir suteikia i\u0161skirtinumo.<\/p>\n<p data-start=\"479\" data-end=\"647\">Galima d\u0117v\u0117ti tiek laisvai krentan\u010dius, tiek susiver\u017eus dir\u017eeliu \u2013 taip sukuriant visi\u0161kai skirtingus \u012fvaizd\u017eius. Puikiai dera prie d\u017eins\u0173, klasikini\u0173 kelni\u0173 ar sijon\u0173.<\/p>\n<p data-start=\"649\" data-end=\"831\"><strong data-start=\"649\" data-end=\"661\">\u00dcksikasjad:<\/strong><br data-start=\"661\" data-end=\"664\" \/>\u25ab\ufe0f 100 % medviln\u0117<br data-start=\"681\" data-end=\"684\" \/>\u25ab\ufe0f Paraukta apa\u010dia<br data-start=\"702\" data-end=\"705\" \/>\u25ab\ufe0f Reguliuojamas dir\u017eelis liemeniui formuoti<br data-start=\"749\" data-end=\"752\" \/>\u25ab\ufe0f Oversize lengvumas vir\u0161utin\u0117je dalyje<br data-start=\"792\" data-end=\"795\" \/>\u25ab\ufe0f Klasikin\u0117 apykakl\u0117 ir rankogaliai<\/p>\n<p data-start=\"833\" data-end=\"851\"><strong data-start=\"833\" data-end=\"849\">M\u00f5\u00f5tmed:<\/strong><\/p>\n<p data-start=\"853\" data-end=\"892\">S\/M<br data-start=\"856\" data-end=\"859\" \/>Ilgis \u2013 61 cm<br data-start=\"872\" data-end=\"875\" \/>Kr\u016btin\u0117 \u2013 52 cm<\/p>\n<p data-start=\"894\" data-end=\"933\">M\/L<br data-start=\"897\" data-end=\"900\" \/>Ilgis \u2013 64 cm<br data-start=\"913\" data-end=\"916\" \/>Kr\u016btin\u0117 \u2013 54 cm<\/p>\n<p data-start=\"935\" data-end=\"1008\">Mar\u0161kiniai, kurie leid\u017eia jaustis patogiai, bet atrodyti itin stilingai \u2728<\/p>","protected":false},"featured_media":27369,"comment_status":"open","ping_status":"closed","template":"","meta":{"_uag_custom_page_level_css":"","_monsterinsights_skip_tracking":false,"_monsterinsights_sitenote_active":false,"_monsterinsights_sitenote_note":"","_monsterinsights_sitenote_category":0},"product_brand":[],"product_cat":[66,72,95],"product_tag":[],"class_list":{"0":"post-27359","1":"product","2":"type-product","3":"status-publish","4":"has-post-thumbnail","6":"product_cat-drabuziai","7":"product_cat-marskiniai","8":"product_cat-naujausi","9":"tm-has-options","11":"first","12":"instock","13":"shipping-taxable","14":"purchasable","15":"product-type-variable"},"yoast_head":"<!-- This site is optimized with the Yoast SEO plugin v27.3 - https:\/\/yoast.com\/product\/yoast-seo-wordpress\/ -->\n<title>\u201eCotton Shape\u201c medvilniniai mar\u0161kiniai su dir\u017eeliu - MadosKampas.lt<\/title>\n<meta name=\"robots\" content=\"index, follow, max-snippet:-1, max-image-preview:large, max-video-preview:-1\" \/>\n<link rel=\"canonical\" href=\"https:\/\/madoskampas.lt\/et\/product-2\/s\/\" \/>\n<meta property=\"og:locale\" content=\"et_EE\" \/>\n<meta property=\"og:type\" content=\"article\" \/>\n<meta property=\"og:title\" content=\"\u201eCotton Shape\u201c medvilniniai mar\u0161kiniai su dir\u017eeliu - MadosKampas.lt\" \/>\n<meta property=\"og:description\" content=\"Lengvumas, strukt\u016bra ir moteri\u0161kas siluetas viename \ud83e\udd0d \u0160ie 100 % medvilniniai mar\u0161kiniai \u2013 tai klasikos ir modernumo derinys. Nat\u016brali medviln\u0117 leid\u017eia odai kv\u0117puoti, o paraukta apa\u010dia su dir\u017eeliu gra\u017eiai formuoja liemen\u012f ir suteikia i\u0161skirtinumo. Galima d\u0117v\u0117ti tiek laisvai krentan\u010dius, tiek susiver\u017eus dir\u017eeliu \u2013 taip sukuriant visi\u0161kai skirtingus \u012fvaizd\u017eius. Puikiai dera prie d\u017eins\u0173, klasikini\u0173 kelni\u0173 ar sijon\u0173. Detal\u0117s:\u25ab\ufe0f 100 % medviln\u0117\u25ab\ufe0f Paraukta apa\u010dia\u25ab\ufe0f Reguliuojamas dir\u017eelis liemeniui formuoti\u25ab\ufe0f Oversize lengvumas vir\u0161utin\u0117je dalyje\u25ab\ufe0f Klasikin\u0117 apykakl\u0117 ir rankogaliai I\u0161matavimai: S\/MIlgis \u2013 61 cmKr\u016btin\u0117 \u2013 52 cm M\/LIlgis \u2013 64 cmKr\u016btin\u0117 \u2013 54 cm Mar\u0161kiniai, kurie leid\u017eia jaustis patogiai, bet atrodyti itin stilingai \u2728\" \/>\n<meta property=\"og:url\" content=\"https:\/\/madoskampas.lt\/et\/product-2\/s\/\" \/>\n<meta property=\"og:site_name\" content=\"MadosKampas.lt\" \/>\n<meta property=\"article:modified_time\" content=\"2026-04-03T12:02:25+00:00\" \/>\n<meta property=\"og:image\" content=\"https:\/\/madoskampas.lt\/wp-content\/uploads\/2026\/02\/IMG_4958.jpeg\" \/>\n\t<meta property=\"og:image:width\" content=\"1536\" \/>\n\t<meta property=\"og:image:height\" content=\"2048\" \/>\n\t<meta property=\"og:image:type\" content=\"image\/jpeg\" \/>\n<meta name=\"twitter:card\" content=\"summary_large_image\" \/>\n<meta name=\"twitter:label1\" content=\"Est. reading time\" \/>\n\t<meta name=\"twitter:data1\" content=\"1 minut\" \/>\n<script type=\"application\/ld+json\" class=\"yoast-schema-graph\">{\"@context\":\"https:\\\/\\\/schema.org\",\"@graph\":[{\"@type\":\"WebPage\",\"@id\":\"https:\\\/\\\/madoskampas.lt\\\/produktas\\\/s\\\/\",\"url\":\"https:\\\/\\\/madoskampas.lt\\\/produktas\\\/s\\\/\",\"name\":\"\u201eCotton Shape\u201c medvilniniai mar\u0161kiniai su dir\u017eeliu - MadosKampas.lt\",\"isPartOf\":{\"@id\":\"https:\\\/\\\/madoskampas.lt\\\/#website\"},\"primaryImageOfPage\":{\"@id\":\"https:\\\/\\\/madoskampas.lt\\\/produktas\\\/s\\\/#primaryimage\"},\"image\":{\"@id\":\"https:\\\/\\\/madoskampas.lt\\\/produktas\\\/s\\\/#primaryimage\"},\"thumbnailUrl\":\"https:\\\/\\\/madoskampas.lt\\\/wp-content\\\/uploads\\\/2026\\\/02\\\/IMG_4958.jpeg\",\"datePublished\":\"2026-02-11T14:29:48+00:00\",\"dateModified\":\"2026-04-03T12:02:25+00:00\",\"breadcrumb\":{\"@id\":\"https:\\\/\\\/madoskampas.lt\\\/produktas\\\/s\\\/#breadcrumb\"},\"inLanguage\":\"et\",\"potentialAction\":[{\"@type\":\"ReadAction\",\"target\":[\"https:\\\/\\\/madoskampas.lt\\\/produktas\\\/s\\\/\"]}]},{\"@type\":\"ImageObject\",\"inLanguage\":\"et\",\"@id\":\"https:\\\/\\\/madoskampas.lt\\\/produktas\\\/s\\\/#primaryimage\",\"url\":\"https:\\\/\\\/madoskampas.lt\\\/wp-content\\\/uploads\\\/2026\\\/02\\\/IMG_4958.jpeg\",\"contentUrl\":\"https:\\\/\\\/madoskampas.lt\\\/wp-content\\\/uploads\\\/2026\\\/02\\\/IMG_4958.jpeg\",\"width\":1536,\"height\":2048},{\"@type\":\"BreadcrumbList\",\"@id\":\"https:\\\/\\\/madoskampas.lt\\\/produktas\\\/s\\\/#breadcrumb\",\"itemListElement\":[{\"@type\":\"ListItem\",\"position\":1,\"name\":\"Home\",\"item\":\"https:\\\/\\\/madoskampas.lt\\\/\"},{\"@type\":\"ListItem\",\"position\":2,\"name\":\"Parduotuv\u0117\",\"item\":\"https:\\\/\\\/madoskampas.lt\\\/parduotuve-2\\\/\"},{\"@type\":\"ListItem\",\"position\":3,\"name\":\"\u201eCotton Shape\u201c medvilniniai mar\u0161kiniai su dir\u017eeliu\"}]},{\"@type\":\"WebSite\",\"@id\":\"https:\\\/\\\/madoskampas.lt\\\/#website\",\"url\":\"https:\\\/\\\/madoskampas.lt\\\/\",\"name\":\"MadosKampas.lt\",\"description\":\"Stilingi drabu\u017eiai moterims\",\"potentialAction\":[{\"@type\":\"SearchAction\",\"target\":{\"@type\":\"EntryPoint\",\"urlTemplate\":\"https:\\\/\\\/madoskampas.lt\\\/?s={search_term_string}\"},\"query-input\":{\"@type\":\"PropertyValueSpecification\",\"valueRequired\":true,\"valueName\":\"search_term_string\"}}],\"inLanguage\":\"et\"}]}<\/script>\n<!-- \/ Yoast SEO plugin. -->","yoast_head_json":{"title":"\u201eCotton Shape\u201c medvilniniai mar\u0161kiniai su dir\u017eeliu - MadosKampas.lt","robots":{"index":"index","follow":"follow","max-snippet":"max-snippet:-1","max-image-preview":"max-image-preview:large","max-video-preview":"max-video-preview:-1"},"canonical":"https:\/\/madoskampas.lt\/et\/product-2\/s\/","og_locale":"et_EE","og_type":"article","og_title":"\u201eCotton Shape\u201c medvilniniai mar\u0161kiniai su dir\u017eeliu - MadosKampas.lt","og_description":"Lengvumas, strukt\u016bra ir moteri\u0161kas siluetas viename \ud83e\udd0d \u0160ie 100 % medvilniniai mar\u0161kiniai \u2013 tai klasikos ir modernumo derinys. Nat\u016brali medviln\u0117 leid\u017eia odai kv\u0117puoti, o paraukta apa\u010dia su dir\u017eeliu gra\u017eiai formuoja liemen\u012f ir suteikia i\u0161skirtinumo. Galima d\u0117v\u0117ti tiek laisvai krentan\u010dius, tiek susiver\u017eus dir\u017eeliu \u2013 taip sukuriant visi\u0161kai skirtingus \u012fvaizd\u017eius. Puikiai dera prie d\u017eins\u0173, klasikini\u0173 kelni\u0173 ar sijon\u0173. Detal\u0117s:\u25ab\ufe0f 100 % medviln\u0117\u25ab\ufe0f Paraukta apa\u010dia\u25ab\ufe0f Reguliuojamas dir\u017eelis liemeniui formuoti\u25ab\ufe0f Oversize lengvumas vir\u0161utin\u0117je dalyje\u25ab\ufe0f Klasikin\u0117 apykakl\u0117 ir rankogaliai I\u0161matavimai: S\/MIlgis \u2013 61 cmKr\u016btin\u0117 \u2013 52 cm M\/LIlgis \u2013 64 cmKr\u016btin\u0117 \u2013 54 cm Mar\u0161kiniai, kurie leid\u017eia jaustis patogiai, bet atrodyti itin stilingai \u2728","og_url":"https:\/\/madoskampas.lt\/et\/product-2\/s\/","og_site_name":"MadosKampas.lt","article_modified_time":"2026-04-03T12:02:25+00:00","og_image":[{"width":1536,"height":2048,"url":"https:\/\/madoskampas.lt\/wp-content\/uploads\/2026\/02\/IMG_4958.jpeg","type":"image\/jpeg"}],"twitter_card":"summary_large_image","twitter_misc":{"Est. reading time":"1 minut"},"schema":{"@context":"https:\/\/schema.org","@graph":[{"@type":"WebPage","@id":"https:\/\/madoskampas.lt\/produktas\/s\/","url":"https:\/\/madoskampas.lt\/produktas\/s\/","name":"\u201eCotton Shape\u201c medvilniniai mar\u0161kiniai su dir\u017eeliu - MadosKampas.lt","isPartOf":{"@id":"https:\/\/madoskampas.lt\/#website"},"primaryImageOfPage":{"@id":"https:\/\/madoskampas.lt\/produktas\/s\/#primaryimage"},"image":{"@id":"https:\/\/madoskampas.lt\/produktas\/s\/#primaryimage"},"thumbnailUrl":"https:\/\/madoskampas.lt\/wp-content\/uploads\/2026\/02\/IMG_4958.jpeg","datePublished":"2026-02-11T14:29:48+00:00","dateModified":"2026-04-03T12:02:25+00:00","breadcrumb":{"@id":"https:\/\/madoskampas.lt\/produktas\/s\/#breadcrumb"},"inLanguage":"et","potentialAction":[{"@type":"ReadAction","target":["https:\/\/madoskampas.lt\/produktas\/s\/"]}]},{"@type":"ImageObject","inLanguage":"et","@id":"https:\/\/madoskampas.lt\/produktas\/s\/#primaryimage","url":"https:\/\/madoskampas.lt\/wp-content\/uploads\/2026\/02\/IMG_4958.jpeg","contentUrl":"https:\/\/madoskampas.lt\/wp-content\/uploads\/2026\/02\/IMG_4958.jpeg","width":1536,"height":2048},{"@type":"BreadcrumbList","@id":"https:\/\/madoskampas.lt\/produktas\/s\/#breadcrumb","itemListElement":[{"@type":"ListItem","position":1,"name":"Home","item":"https:\/\/madoskampas.lt\/"},{"@type":"ListItem","position":2,"name":"Parduotuv\u0117","item":"https:\/\/madoskampas.lt\/parduotuve-2\/"},{"@type":"ListItem","position":3,"name":"\u201eCotton Shape\u201c medvilniniai mar\u0161kiniai su dir\u017eeliu"}]},{"@type":"WebSite","@id":"https:\/\/madoskampas.lt\/#website","url":"https:\/\/madoskampas.lt\/","name":"FashionKampas.lt","description":"Stiilsed riided naistele","potentialAction":[{"@type":"SearchAction","target":{"@type":"EntryPoint","urlTemplate":"https:\/\/madoskampas.lt\/?s={search_term_string}"},"query-input":{"@type":"PropertyValueSpecification","valueRequired":true,"valueName":"search_term_string"}}],"inLanguage":"et"}]}},"uagb_featured_image_src":{"full":["https:\/\/madoskampas.lt\/wp-content\/uploads\/2026\/02\/IMG_4958.jpeg",1536,2048,false],"thumbnail":["https:\/\/madoskampas.lt\/wp-content\/uploads\/2026\/02\/IMG_4958-150x150.jpeg",150,150,true],"medium":["https:\/\/madoskampas.lt\/wp-content\/uploads\/2026\/02\/IMG_4958-225x300.jpeg",225,300,true],"medium_large":["https:\/\/madoskampas.lt\/wp-content\/uploads\/2026\/02\/IMG_4958-768x1024.jpeg",768,1024,true],"large":["https:\/\/madoskampas.lt\/wp-content\/uploads\/2026\/02\/IMG_4958-768x1024.jpeg",768,1024,true],"1536x1536":["https:\/\/madoskampas.lt\/wp-content\/uploads\/2026\/02\/IMG_4958-1152x1536.jpeg",1152,1536,true],"2048x2048":["https:\/\/madoskampas.lt\/wp-content\/uploads\/2026\/02\/IMG_4958.jpeg",1536,2048,false],"trp-custom-language-flag":["https:\/\/madoskampas.lt\/wp-content\/uploads\/2026\/02\/IMG_4958-9x12.jpeg",9,12,true],"nova-image-square":["https:\/\/madoskampas.lt\/wp-content\/uploads\/2026\/02\/IMG_4958-1100x1100.jpeg",1100,1100,true],"mixtas-product-03":["https:\/\/madoskampas.lt\/wp-content\/uploads\/2026\/02\/IMG_4958-600x345.jpeg",600,345,true],"woocommerce_thumbnail":["https:\/\/madoskampas.lt\/wp-content\/uploads\/2026\/02\/IMG_4958-700x700.jpeg",700,700,true],"woocommerce_single":["https:\/\/madoskampas.lt\/wp-content\/uploads\/2026\/02\/IMG_4958-1000x1333.jpeg",1000,1333,true],"woocommerce_gallery_thumbnail":["https:\/\/madoskampas.lt\/wp-content\/uploads\/2026\/02\/IMG_4958-250x250.jpeg",250,250,true],"variation_swatches_image_size":["https:\/\/madoskampas.lt\/wp-content\/uploads\/2026\/02\/IMG_4958-50x50.jpeg",50,50,true],"variation_swatches_tooltip_size":["https:\/\/madoskampas.lt\/wp-content\/uploads\/2026\/02\/IMG_4958-100x100.jpeg",100,100,true]},"uagb_author_info":{"display_name":"algirdasbart","author_link":"https:\/\/madoskampas.lt\/et\/author\/"},"uagb_comment_info":0,"uagb_excerpt":"Lengvumas, strukt\u016bra ir moteri\u0161kas siluetas viename \ud83e\udd0d \u0160ie 100 % medvilniniai mar\u0161kiniai \u2013 tai klasikos ir modernumo derinys. Nat\u016brali medviln\u0117 leid\u017eia odai kv\u0117puoti, o paraukta apa\u010dia su dir\u017eeliu gra\u017eiai formuoja liemen\u012f ir suteikia i\u0161skirtinumo. Galima d\u0117v\u0117ti tiek laisvai krentan\u010dius, tiek susiver\u017eus dir\u017eeliu \u2013 taip sukuriant visi\u0161kai skirtingus \u012fvaizd\u017eius. Puikiai dera prie d\u017eins\u0173, klasikini\u0173 kelni\u0173 ar&hellip;","jetpack_sharing_enabled":true,"_links":{"self":[{"href":"https:\/\/madoskampas.lt\/et\/wp-json\/wp\/v2\/product\/27359","targetHints":{"allow":["GET"]}}],"collection":[{"href":"https:\/\/madoskampas.lt\/et\/wp-json\/wp\/v2\/product"}],"about":[{"href":"https:\/\/madoskampas.lt\/et\/wp-json\/wp\/v2\/types\/product"}],"replies":[{"embeddable":true,"href":"https:\/\/madoskampas.lt\/et\/wp-json\/wp\/v2\/comments?post=27359"}],"wp:featuredmedia":[{"embeddable":true,"href":"https:\/\/madoskampas.lt\/et\/wp-json\/wp\/v2\/media\/27369"}],"wp:attachment":[{"href":"https:\/\/madoskampas.lt\/et\/wp-json\/wp\/v2\/media?parent=27359"}],"wp:term":[{"taxonomy":"product_brand","embeddable":true,"href":"https:\/\/madoskampas.lt\/et\/wp-json\/wp\/v2\/product_brand?post=27359"},{"taxonomy":"product_cat","embeddable":true,"href":"https:\/\/madoskampas.lt\/et\/wp-json\/wp\/v2\/product_cat?post=27359"},{"taxonomy":"product_tag","embeddable":true,"href":"https:\/\/madoskampas.lt\/et\/wp-json\/wp\/v2\/product_tag?post=27359"}],"curies":[{"name":"wp","href":"https:\/\/api.w.org\/{rel}","templated":true}]}}