{"id":27581,"date":"2026-02-14T12:56:37","date_gmt":"2026-02-14T12:56:37","guid":{"rendered":"https:\/\/madoskampas.lt\/?post_type=product&#038;p=27581"},"modified":"2026-03-11T20:22:19","modified_gmt":"2026-03-11T20:22:19","slug":"flare-line-platejantys-dzinsai-hv010","status":"publish","type":"product","link":"https:\/\/madoskampas.lt\/et\/product-2\/flare-line-platejantys-dzinsai-hv010\/","title":{"rendered":"\u201eFlare Line\u201c plat\u0117jantys d\u017einsai HV010"},"content":{"rendered":"<p>Plat\u0117jantys d\u017einsai \u2013 tai modelis, kuris vizualiai ilgina kojas ir suteikia siluetui elegancijos. Auk\u0161tesnis liemuo gra\u017eiai priglunda ties liemeniu ir klubais, o nuo keli\u0173 \u0161velniai plat\u0117jantis kirpimas kuria moteri\u0161k\u0105, i\u0161rai\u0161king\u0105 linij\u0105 \ud83e\udd0d<\/p>","protected":false},"excerpt":{"rendered":"<p data-start=\"267\" data-end=\"311\">Klasika, kuri visada atrodo ypatingai\u2026 \ud83d\udc56\u2728<\/p>\n<p data-start=\"313\" data-end=\"555\">Plat\u0117jantys d\u017einsai \u2013 tai modelis, kuris vizualiai ilgina kojas ir suteikia siluetui elegancijos. Auk\u0161tesnis liemuo gra\u017eiai priglunda ties liemeniu ir klubais, o nuo keli\u0173 \u0161velniai plat\u0117jantis kirpimas kuria moteri\u0161k\u0105, i\u0161rai\u0161king\u0105 linij\u0105 \ud83e\udd0d<\/p>\n<p data-start=\"557\" data-end=\"712\">Tamprus audinys prisitaiko prie k\u016bno form\u0173, nevar\u017eo judesi\u0173 ir leid\u017eia jaustis patogiai vis\u0105 dien\u0105 \u2013 tiek su sportiniu, tiek su eleganti\u0161kesniu deriniu \u2728<\/p>\n<p data-start=\"714\" data-end=\"780\">Puikus pasirinkimas, kai norisi patogumo, bet su \u201ewow\u201c efektu<\/p>\n<table>\n<thead>\n<tr>\n<th>Suurus<\/th>\n<th>Liemuo (cm)<\/th>\n<th>Klubai (cm)<\/th>\n<th>Pikkus (cm)<\/th>\n<\/tr>\n<\/thead>\n<tbody>\n<tr>\n<td>XS<\/td>\n<td>31<\/td>\n<td>42<\/td>\n<td>102<\/td>\n<\/tr>\n<tr>\n<td>S<\/td>\n<td>32<\/td>\n<td>43<\/td>\n<td>102<\/td>\n<\/tr>\n<tr>\n<td>M<\/td>\n<td>34<\/td>\n<td>45<\/td>\n<td>103<\/td>\n<\/tr>\n<tr>\n<td>L<\/td>\n<td>35<\/td>\n<td>47<\/td>\n<td>104<\/td>\n<\/tr>\n<tr>\n<td>XL<\/td>\n<td>38<\/td>\n<td>49<\/td>\n<td>104<\/td>\n<\/tr>\n<\/tbody>\n<\/table>","protected":false},"featured_media":27582,"comment_status":"open","ping_status":"closed","template":"","meta":{"_uag_custom_page_level_css":"","_monsterinsights_skip_tracking":false,"_monsterinsights_sitenote_active":false,"_monsterinsights_sitenote_note":"","_monsterinsights_sitenote_category":0},"product_brand":[],"product_cat":[66,67,95],"product_tag":[],"class_list":{"0":"post-27581","1":"product","2":"type-product","3":"status-publish","4":"has-post-thumbnail","6":"product_cat-drabuziai","7":"product_cat-dzinsai","8":"product_cat-naujausi","9":"tm-has-options","11":"first","12":"instock","13":"shipping-taxable","14":"purchasable","15":"product-type-variable"},"yoast_head":"<!-- This site is optimized with the Yoast SEO plugin v27.3 - https:\/\/yoast.com\/product\/yoast-seo-wordpress\/ -->\n<title>\u201eFlare Line\u201c plat\u0117jantys d\u017einsai HV010 - MadosKampas.lt<\/title>\n<meta name=\"robots\" content=\"index, follow, max-snippet:-1, max-image-preview:large, max-video-preview:-1\" \/>\n<link rel=\"canonical\" href=\"https:\/\/madoskampas.lt\/et\/product-2\/flare-line-platejantys-dzinsai-hv010\/\" \/>\n<meta property=\"og:locale\" content=\"et_EE\" \/>\n<meta property=\"og:type\" content=\"article\" \/>\n<meta property=\"og:title\" content=\"\u201eFlare Line\u201c plat\u0117jantys d\u017einsai HV010 - MadosKampas.lt\" \/>\n<meta property=\"og:description\" content=\"Klasika, kuri visada atrodo ypatingai\u2026 \ud83d\udc56\u2728 Plat\u0117jantys d\u017einsai \u2013 tai modelis, kuris vizualiai ilgina kojas ir suteikia siluetui elegancijos. Auk\u0161tesnis liemuo gra\u017eiai priglunda ties liemeniu ir klubais, o nuo keli\u0173 \u0161velniai plat\u0117jantis kirpimas kuria moteri\u0161k\u0105, i\u0161rai\u0161king\u0105 linij\u0105 \ud83e\udd0d Tamprus audinys prisitaiko prie k\u016bno form\u0173, nevar\u017eo judesi\u0173 ir leid\u017eia jaustis patogiai vis\u0105 dien\u0105 \u2013 tiek su sportiniu, tiek su eleganti\u0161kesniu deriniu \u2728 Puikus pasirinkimas, kai norisi patogumo, bet su \u201ewow\u201c efektu     Dydis Liemuo (cm) Klubai (cm) Ilgis (cm)     XS 31 42 102   S 32 43 102   M 34 45 103   L 35 47 104   XL 38 49 104\" \/>\n<meta property=\"og:url\" content=\"https:\/\/madoskampas.lt\/et\/product-2\/flare-line-platejantys-dzinsai-hv010\/\" \/>\n<meta property=\"og:site_name\" content=\"MadosKampas.lt\" \/>\n<meta property=\"article:modified_time\" content=\"2026-03-11T20:22:19+00:00\" \/>\n<meta property=\"og:image\" content=\"https:\/\/madoskampas.lt\/wp-content\/uploads\/2026\/02\/IMG_5213-scaled.jpeg\" \/>\n\t<meta property=\"og:image:width\" content=\"1920\" \/>\n\t<meta property=\"og:image:height\" content=\"2560\" \/>\n\t<meta property=\"og:image:type\" content=\"image\/jpeg\" \/>\n<meta name=\"twitter:card\" content=\"summary_large_image\" \/>\n<meta name=\"twitter:label1\" content=\"Est. reading time\" \/>\n\t<meta name=\"twitter:data1\" content=\"1 minut\" \/>\n<script type=\"application\/ld+json\" class=\"yoast-schema-graph\">{\"@context\":\"https:\\\/\\\/schema.org\",\"@graph\":[{\"@type\":\"WebPage\",\"@id\":\"https:\\\/\\\/madoskampas.lt\\\/produktas\\\/flare-line-platejantys-dzinsai-hv010\\\/\",\"url\":\"https:\\\/\\\/madoskampas.lt\\\/produktas\\\/flare-line-platejantys-dzinsai-hv010\\\/\",\"name\":\"\u201eFlare Line\u201c plat\u0117jantys d\u017einsai HV010 - MadosKampas.lt\",\"isPartOf\":{\"@id\":\"https:\\\/\\\/madoskampas.lt\\\/#website\"},\"primaryImageOfPage\":{\"@id\":\"https:\\\/\\\/madoskampas.lt\\\/produktas\\\/flare-line-platejantys-dzinsai-hv010\\\/#primaryimage\"},\"image\":{\"@id\":\"https:\\\/\\\/madoskampas.lt\\\/produktas\\\/flare-line-platejantys-dzinsai-hv010\\\/#primaryimage\"},\"thumbnailUrl\":\"https:\\\/\\\/madoskampas.lt\\\/wp-content\\\/uploads\\\/2026\\\/02\\\/IMG_5213-scaled.jpeg\",\"datePublished\":\"2026-02-14T12:56:37+00:00\",\"dateModified\":\"2026-03-11T20:22:19+00:00\",\"breadcrumb\":{\"@id\":\"https:\\\/\\\/madoskampas.lt\\\/produktas\\\/flare-line-platejantys-dzinsai-hv010\\\/#breadcrumb\"},\"inLanguage\":\"et\",\"potentialAction\":[{\"@type\":\"ReadAction\",\"target\":[\"https:\\\/\\\/madoskampas.lt\\\/produktas\\\/flare-line-platejantys-dzinsai-hv010\\\/\"]}]},{\"@type\":\"ImageObject\",\"inLanguage\":\"et\",\"@id\":\"https:\\\/\\\/madoskampas.lt\\\/produktas\\\/flare-line-platejantys-dzinsai-hv010\\\/#primaryimage\",\"url\":\"https:\\\/\\\/madoskampas.lt\\\/wp-content\\\/uploads\\\/2026\\\/02\\\/IMG_5213-scaled.jpeg\",\"contentUrl\":\"https:\\\/\\\/madoskampas.lt\\\/wp-content\\\/uploads\\\/2026\\\/02\\\/IMG_5213-scaled.jpeg\",\"width\":1920,\"height\":2560},{\"@type\":\"BreadcrumbList\",\"@id\":\"https:\\\/\\\/madoskampas.lt\\\/produktas\\\/flare-line-platejantys-dzinsai-hv010\\\/#breadcrumb\",\"itemListElement\":[{\"@type\":\"ListItem\",\"position\":1,\"name\":\"Home\",\"item\":\"https:\\\/\\\/madoskampas.lt\\\/\"},{\"@type\":\"ListItem\",\"position\":2,\"name\":\"Parduotuv\u0117\",\"item\":\"https:\\\/\\\/madoskampas.lt\\\/parduotuve-2\\\/\"},{\"@type\":\"ListItem\",\"position\":3,\"name\":\"\u201eFlare Line\u201c plat\u0117jantys d\u017einsai HV010\"}]},{\"@type\":\"WebSite\",\"@id\":\"https:\\\/\\\/madoskampas.lt\\\/#website\",\"url\":\"https:\\\/\\\/madoskampas.lt\\\/\",\"name\":\"MadosKampas.lt\",\"description\":\"Stilingi drabu\u017eiai moterims\",\"potentialAction\":[{\"@type\":\"SearchAction\",\"target\":{\"@type\":\"EntryPoint\",\"urlTemplate\":\"https:\\\/\\\/madoskampas.lt\\\/?s={search_term_string}\"},\"query-input\":{\"@type\":\"PropertyValueSpecification\",\"valueRequired\":true,\"valueName\":\"search_term_string\"}}],\"inLanguage\":\"et\"}]}<\/script>\n<!-- \/ Yoast SEO plugin. -->","yoast_head_json":{"title":"\u201eFlare Line\u201c plat\u0117jantys d\u017einsai HV010 - MadosKampas.lt","robots":{"index":"index","follow":"follow","max-snippet":"max-snippet:-1","max-image-preview":"max-image-preview:large","max-video-preview":"max-video-preview:-1"},"canonical":"https:\/\/madoskampas.lt\/et\/product-2\/flare-line-platejantys-dzinsai-hv010\/","og_locale":"et_EE","og_type":"article","og_title":"\u201eFlare Line\u201c plat\u0117jantys d\u017einsai HV010 - MadosKampas.lt","og_description":"Klasika, kuri visada atrodo ypatingai\u2026 \ud83d\udc56\u2728 Plat\u0117jantys d\u017einsai \u2013 tai modelis, kuris vizualiai ilgina kojas ir suteikia siluetui elegancijos. Auk\u0161tesnis liemuo gra\u017eiai priglunda ties liemeniu ir klubais, o nuo keli\u0173 \u0161velniai plat\u0117jantis kirpimas kuria moteri\u0161k\u0105, i\u0161rai\u0161king\u0105 linij\u0105 \ud83e\udd0d Tamprus audinys prisitaiko prie k\u016bno form\u0173, nevar\u017eo judesi\u0173 ir leid\u017eia jaustis patogiai vis\u0105 dien\u0105 \u2013 tiek su sportiniu, tiek su eleganti\u0161kesniu deriniu \u2728 Puikus pasirinkimas, kai norisi patogumo, bet su \u201ewow\u201c efektu     Dydis Liemuo (cm) Klubai (cm) Ilgis (cm)     XS 31 42 102   S 32 43 102   M 34 45 103   L 35 47 104   XL 38 49 104","og_url":"https:\/\/madoskampas.lt\/et\/product-2\/flare-line-platejantys-dzinsai-hv010\/","og_site_name":"MadosKampas.lt","article_modified_time":"2026-03-11T20:22:19+00:00","og_image":[{"width":1920,"height":2560,"url":"https:\/\/madoskampas.lt\/wp-content\/uploads\/2026\/02\/IMG_5213-scaled.jpeg","type":"image\/jpeg"}],"twitter_card":"summary_large_image","twitter_misc":{"Est. reading time":"1 minut"},"schema":{"@context":"https:\/\/schema.org","@graph":[{"@type":"WebPage","@id":"https:\/\/madoskampas.lt\/produktas\/flare-line-platejantys-dzinsai-hv010\/","url":"https:\/\/madoskampas.lt\/produktas\/flare-line-platejantys-dzinsai-hv010\/","name":"\u201eFlare Line\u201c plat\u0117jantys d\u017einsai HV010 - MadosKampas.lt","isPartOf":{"@id":"https:\/\/madoskampas.lt\/#website"},"primaryImageOfPage":{"@id":"https:\/\/madoskampas.lt\/produktas\/flare-line-platejantys-dzinsai-hv010\/#primaryimage"},"image":{"@id":"https:\/\/madoskampas.lt\/produktas\/flare-line-platejantys-dzinsai-hv010\/#primaryimage"},"thumbnailUrl":"https:\/\/madoskampas.lt\/wp-content\/uploads\/2026\/02\/IMG_5213-scaled.jpeg","datePublished":"2026-02-14T12:56:37+00:00","dateModified":"2026-03-11T20:22:19+00:00","breadcrumb":{"@id":"https:\/\/madoskampas.lt\/produktas\/flare-line-platejantys-dzinsai-hv010\/#breadcrumb"},"inLanguage":"et","potentialAction":[{"@type":"ReadAction","target":["https:\/\/madoskampas.lt\/produktas\/flare-line-platejantys-dzinsai-hv010\/"]}]},{"@type":"ImageObject","inLanguage":"et","@id":"https:\/\/madoskampas.lt\/produktas\/flare-line-platejantys-dzinsai-hv010\/#primaryimage","url":"https:\/\/madoskampas.lt\/wp-content\/uploads\/2026\/02\/IMG_5213-scaled.jpeg","contentUrl":"https:\/\/madoskampas.lt\/wp-content\/uploads\/2026\/02\/IMG_5213-scaled.jpeg","width":1920,"height":2560},{"@type":"BreadcrumbList","@id":"https:\/\/madoskampas.lt\/produktas\/flare-line-platejantys-dzinsai-hv010\/#breadcrumb","itemListElement":[{"@type":"ListItem","position":1,"name":"Home","item":"https:\/\/madoskampas.lt\/"},{"@type":"ListItem","position":2,"name":"Parduotuv\u0117","item":"https:\/\/madoskampas.lt\/parduotuve-2\/"},{"@type":"ListItem","position":3,"name":"\u201eFlare Line\u201c plat\u0117jantys d\u017einsai HV010"}]},{"@type":"WebSite","@id":"https:\/\/madoskampas.lt\/#website","url":"https:\/\/madoskampas.lt\/","name":"FashionKampas.lt","description":"Stiilsed riided naistele","potentialAction":[{"@type":"SearchAction","target":{"@type":"EntryPoint","urlTemplate":"https:\/\/madoskampas.lt\/?s={search_term_string}"},"query-input":{"@type":"PropertyValueSpecification","valueRequired":true,"valueName":"search_term_string"}}],"inLanguage":"et"}]}},"uagb_featured_image_src":{"full":["https:\/\/madoskampas.lt\/wp-content\/uploads\/2026\/02\/IMG_5213-scaled.jpeg",1920,2560,false],"thumbnail":["https:\/\/madoskampas.lt\/wp-content\/uploads\/2026\/02\/IMG_5213-150x150.jpeg",150,150,true],"medium":["https:\/\/madoskampas.lt\/wp-content\/uploads\/2026\/02\/IMG_5213-225x300.jpeg",225,300,true],"medium_large":["https:\/\/madoskampas.lt\/wp-content\/uploads\/2026\/02\/IMG_5213-768x1024.jpeg",768,1024,true],"large":["https:\/\/madoskampas.lt\/wp-content\/uploads\/2026\/02\/IMG_5213-768x1024.jpeg",768,1024,true],"1536x1536":["https:\/\/madoskampas.lt\/wp-content\/uploads\/2026\/02\/IMG_5213-1152x1536.jpeg",1152,1536,true],"2048x2048":["https:\/\/madoskampas.lt\/wp-content\/uploads\/2026\/02\/IMG_5213-1536x2048.jpeg",1536,2048,true],"trp-custom-language-flag":["https:\/\/madoskampas.lt\/wp-content\/uploads\/2026\/02\/IMG_5213-9x12.jpeg",9,12,true],"nova-image-square":["https:\/\/madoskampas.lt\/wp-content\/uploads\/2026\/02\/IMG_5213-1100x1100.jpeg",1100,1100,true],"mixtas-product-03":["https:\/\/madoskampas.lt\/wp-content\/uploads\/2026\/02\/IMG_5213-600x345.jpeg",600,345,true],"woocommerce_thumbnail":["https:\/\/madoskampas.lt\/wp-content\/uploads\/2026\/02\/IMG_5213-700x700.jpeg",700,700,true],"woocommerce_single":["https:\/\/madoskampas.lt\/wp-content\/uploads\/2026\/02\/IMG_5213-1000x1333.jpeg",1000,1333,true],"woocommerce_gallery_thumbnail":["https:\/\/madoskampas.lt\/wp-content\/uploads\/2026\/02\/IMG_5213-250x250.jpeg",250,250,true],"variation_swatches_image_size":["https:\/\/madoskampas.lt\/wp-content\/uploads\/2026\/02\/IMG_5213-50x50.jpeg",50,50,true],"variation_swatches_tooltip_size":["https:\/\/madoskampas.lt\/wp-content\/uploads\/2026\/02\/IMG_5213-100x100.jpeg",100,100,true]},"uagb_author_info":{"display_name":"algirdasbart","author_link":"https:\/\/madoskampas.lt\/et\/author\/"},"uagb_comment_info":1,"uagb_excerpt":"Klasika, kuri visada atrodo ypatingai\u2026 \ud83d\udc56\u2728 Plat\u0117jantys d\u017einsai \u2013 tai modelis, kuris vizualiai ilgina kojas ir suteikia siluetui elegancijos. Auk\u0161tesnis liemuo gra\u017eiai priglunda ties liemeniu ir klubais, o nuo keli\u0173 \u0161velniai plat\u0117jantis kirpimas kuria moteri\u0161k\u0105, i\u0161rai\u0161king\u0105 linij\u0105 \ud83e\udd0d Tamprus audinys prisitaiko prie k\u016bno form\u0173, nevar\u017eo judesi\u0173 ir leid\u017eia jaustis patogiai vis\u0105 dien\u0105 \u2013 tiek su&hellip;","jetpack_sharing_enabled":true,"_links":{"self":[{"href":"https:\/\/madoskampas.lt\/et\/wp-json\/wp\/v2\/product\/27581","targetHints":{"allow":["GET"]}}],"collection":[{"href":"https:\/\/madoskampas.lt\/et\/wp-json\/wp\/v2\/product"}],"about":[{"href":"https:\/\/madoskampas.lt\/et\/wp-json\/wp\/v2\/types\/product"}],"replies":[{"embeddable":true,"href":"https:\/\/madoskampas.lt\/et\/wp-json\/wp\/v2\/comments?post=27581"}],"wp:featuredmedia":[{"embeddable":true,"href":"https:\/\/madoskampas.lt\/et\/wp-json\/wp\/v2\/media\/27582"}],"wp:attachment":[{"href":"https:\/\/madoskampas.lt\/et\/wp-json\/wp\/v2\/media?parent=27581"}],"wp:term":[{"taxonomy":"product_brand","embeddable":true,"href":"https:\/\/madoskampas.lt\/et\/wp-json\/wp\/v2\/product_brand?post=27581"},{"taxonomy":"product_cat","embeddable":true,"href":"https:\/\/madoskampas.lt\/et\/wp-json\/wp\/v2\/product_cat?post=27581"},{"taxonomy":"product_tag","embeddable":true,"href":"https:\/\/madoskampas.lt\/et\/wp-json\/wp\/v2\/product_tag?post=27581"}],"curies":[{"name":"wp","href":"https:\/\/api.w.org\/{rel}","templated":true}]}}