{"id":27628,"date":"2026-02-14T18:20:53","date_gmt":"2026-02-14T18:20:53","guid":{"rendered":"https:\/\/madoskampas.lt\/?post_type=product&#038;p=27628"},"modified":"2026-04-12T05:52:41","modified_gmt":"2026-04-12T05:52:41","slug":"city-mood-rankine","status":"publish","type":"product","link":"https:\/\/madoskampas.lt\/et\/product-2\/city-mood-rankine\/","title":{"rendered":"\u201eCity Mood\u201c rankin\u0117"},"content":{"rendered":"<p>\u201eCity Mood\u201c rankin\u0117 \u2013 stilingas, pailgos formos modelis, sukurtas \u0161iuolaiki\u0161kai moteriai, vertinan\u010diai \u0161varias linijas ir lengv\u0105 derinim\u0105. Subtiliai sendintos eko odos tekst\u016bra suteikia rankinei charakterio ir i\u0161skirtinumo \ud83e\udd0d<\/p>","protected":false},"excerpt":{"rendered":"<p data-start=\"225\" data-end=\"268\">Minimalizmas, kuris kalba pats u\u017e save\u2026 \u2728<\/p>\n<p data-start=\"270\" data-end=\"497\">\u201eCity Mood\u201c rankin\u0117 \u2013 stilingas, pailgos formos modelis, sukurtas \u0161iuolaiki\u0161kai moteriai, vertinan\u010diai \u0161varias linijas ir lengv\u0105 derinim\u0105. Subtiliai sendintos eko odos tekst\u016bra suteikia rankinei charakterio ir i\u0161skirtinumo \ud83e\udd0d<\/p>\n<p data-start=\"499\" data-end=\"630\">Patogi ilga rankena leid\u017eia rankin\u0119 ne\u0161ioti ant peties, o u\u017esegimas u\u017etrauktuku u\u017etikrina saugum\u0105 kasdieniuose miesto ritmuose \ud83c\udf3f<\/p>\n<p data-start=\"632\" data-end=\"724\">Talpi, bet i\u0161laikanti eleganti\u0161k\u0105 siluet\u0105 \u2014 puikus pasirinkimas tiek dienai, tiek vakarui.<\/p>","protected":false},"featured_media":27615,"comment_status":"open","ping_status":"closed","template":"","meta":{"_uag_custom_page_level_css":"","_monsterinsights_skip_tracking":false,"_monsterinsights_sitenote_active":false,"_monsterinsights_sitenote_note":"","_monsterinsights_sitenote_category":0},"product_brand":[],"product_cat":[189,95,190],"product_tag":[],"class_list":{"0":"post-27628","1":"product","2":"type-product","3":"status-publish","4":"has-post-thumbnail","6":"product_cat-aksesuarai","7":"product_cat-naujausi","8":"product_cat-rankines","9":"tm-has-options","11":"first","12":"instock","13":"sale","14":"shipping-taxable","15":"purchasable","16":"product-type-variable"},"yoast_head":"<!-- This site is optimized with the Yoast SEO plugin v27.6 - https:\/\/yoast.com\/product\/yoast-seo-wordpress\/ -->\n<title>\u201eCity Mood\u201c rankin\u0117 - MadosKampas.lt<\/title>\n<meta name=\"robots\" content=\"index, follow, max-snippet:-1, max-image-preview:large, max-video-preview:-1\" \/>\n<link rel=\"canonical\" href=\"https:\/\/madoskampas.lt\/et\/product-2\/city-mood-rankine\/\" \/>\n<meta property=\"og:locale\" content=\"et_EE\" \/>\n<meta property=\"og:type\" content=\"article\" \/>\n<meta property=\"og:title\" content=\"\u201eCity Mood\u201c rankin\u0117 - MadosKampas.lt\" \/>\n<meta property=\"og:description\" content=\"Minimalizmas, kuris kalba pats u\u017e save\u2026 \u2728 \u201eCity Mood\u201c rankin\u0117 \u2013 stilingas, pailgos formos modelis, sukurtas \u0161iuolaiki\u0161kai moteriai, vertinan\u010diai \u0161varias linijas ir lengv\u0105 derinim\u0105. Subtiliai sendintos eko odos tekst\u016bra suteikia rankinei charakterio ir i\u0161skirtinumo \ud83e\udd0d Patogi ilga rankena leid\u017eia rankin\u0119 ne\u0161ioti ant peties, o u\u017esegimas u\u017etrauktuku u\u017etikrina saugum\u0105 kasdieniuose miesto ritmuose \ud83c\udf3f Talpi, bet i\u0161laikanti eleganti\u0161k\u0105 siluet\u0105 \u2014 puikus pasirinkimas tiek dienai, tiek vakarui.\" \/>\n<meta property=\"og:url\" content=\"https:\/\/madoskampas.lt\/et\/product-2\/city-mood-rankine\/\" \/>\n<meta property=\"og:site_name\" content=\"MadosKampas.lt\" \/>\n<meta property=\"article:modified_time\" content=\"2026-04-12T05:52:41+00:00\" \/>\n<meta property=\"og:image\" content=\"https:\/\/madoskampas.lt\/wp-content\/uploads\/2025\/09\/IMG_5182-scaled.jpeg\" \/>\n\t<meta property=\"og:image:width\" content=\"1920\" \/>\n\t<meta property=\"og:image:height\" content=\"2560\" \/>\n\t<meta property=\"og:image:type\" content=\"image\/jpeg\" \/>\n<meta name=\"twitter:card\" content=\"summary_large_image\" \/>\n<meta name=\"twitter:label1\" content=\"Est. reading time\" \/>\n\t<meta name=\"twitter:data1\" content=\"1 minut\" \/>\n<script type=\"application\/ld+json\" class=\"yoast-schema-graph\">{\"@context\":\"https:\\\/\\\/schema.org\",\"@graph\":[{\"@type\":\"WebPage\",\"@id\":\"https:\\\/\\\/madoskampas.lt\\\/produktas\\\/city-mood-rankine\\\/\",\"url\":\"https:\\\/\\\/madoskampas.lt\\\/produktas\\\/city-mood-rankine\\\/\",\"name\":\"\u201eCity Mood\u201c rankin\u0117 - MadosKampas.lt\",\"isPartOf\":{\"@id\":\"https:\\\/\\\/madoskampas.lt\\\/#website\"},\"primaryImageOfPage\":{\"@id\":\"https:\\\/\\\/madoskampas.lt\\\/produktas\\\/city-mood-rankine\\\/#primaryimage\"},\"image\":{\"@id\":\"https:\\\/\\\/madoskampas.lt\\\/produktas\\\/city-mood-rankine\\\/#primaryimage\"},\"thumbnailUrl\":\"https:\\\/\\\/madoskampas.lt\\\/wp-content\\\/uploads\\\/2025\\\/09\\\/IMG_5182-scaled.jpeg\",\"datePublished\":\"2026-02-14T18:20:53+00:00\",\"dateModified\":\"2026-04-12T05:52:41+00:00\",\"breadcrumb\":{\"@id\":\"https:\\\/\\\/madoskampas.lt\\\/produktas\\\/city-mood-rankine\\\/#breadcrumb\"},\"inLanguage\":\"et\",\"potentialAction\":[{\"@type\":\"ReadAction\",\"target\":[\"https:\\\/\\\/madoskampas.lt\\\/produktas\\\/city-mood-rankine\\\/\"]}]},{\"@type\":\"ImageObject\",\"inLanguage\":\"et\",\"@id\":\"https:\\\/\\\/madoskampas.lt\\\/produktas\\\/city-mood-rankine\\\/#primaryimage\",\"url\":\"https:\\\/\\\/madoskampas.lt\\\/wp-content\\\/uploads\\\/2025\\\/09\\\/IMG_5182-scaled.jpeg\",\"contentUrl\":\"https:\\\/\\\/madoskampas.lt\\\/wp-content\\\/uploads\\\/2025\\\/09\\\/IMG_5182-scaled.jpeg\",\"width\":1920,\"height\":2560},{\"@type\":\"BreadcrumbList\",\"@id\":\"https:\\\/\\\/madoskampas.lt\\\/produktas\\\/city-mood-rankine\\\/#breadcrumb\",\"itemListElement\":[{\"@type\":\"ListItem\",\"position\":1,\"name\":\"Home\",\"item\":\"https:\\\/\\\/madoskampas.lt\\\/\"},{\"@type\":\"ListItem\",\"position\":2,\"name\":\"Parduotuv\u0117\",\"item\":\"https:\\\/\\\/madoskampas.lt\\\/parduotuve-2\\\/\"},{\"@type\":\"ListItem\",\"position\":3,\"name\":\"\u201eCity Mood\u201c rankin\u0117\"}]},{\"@type\":\"WebSite\",\"@id\":\"https:\\\/\\\/madoskampas.lt\\\/#website\",\"url\":\"https:\\\/\\\/madoskampas.lt\\\/\",\"name\":\"MadosKampas.lt\",\"description\":\"Stilingi drabu\u017eiai moterims\",\"potentialAction\":[{\"@type\":\"SearchAction\",\"target\":{\"@type\":\"EntryPoint\",\"urlTemplate\":\"https:\\\/\\\/madoskampas.lt\\\/?s={search_term_string}\"},\"query-input\":{\"@type\":\"PropertyValueSpecification\",\"valueRequired\":true,\"valueName\":\"search_term_string\"}}],\"inLanguage\":\"et\"}]}<\/script>\n<!-- \/ Yoast SEO plugin. -->","yoast_head_json":{"title":"\u201eCity Mood\u201c rankin\u0117 - MadosKampas.lt","robots":{"index":"index","follow":"follow","max-snippet":"max-snippet:-1","max-image-preview":"max-image-preview:large","max-video-preview":"max-video-preview:-1"},"canonical":"https:\/\/madoskampas.lt\/et\/product-2\/city-mood-rankine\/","og_locale":"et_EE","og_type":"article","og_title":"\u201eCity Mood\u201c rankin\u0117 - MadosKampas.lt","og_description":"Minimalizmas, kuris kalba pats u\u017e save\u2026 \u2728 \u201eCity Mood\u201c rankin\u0117 \u2013 stilingas, pailgos formos modelis, sukurtas \u0161iuolaiki\u0161kai moteriai, vertinan\u010diai \u0161varias linijas ir lengv\u0105 derinim\u0105. Subtiliai sendintos eko odos tekst\u016bra suteikia rankinei charakterio ir i\u0161skirtinumo \ud83e\udd0d Patogi ilga rankena leid\u017eia rankin\u0119 ne\u0161ioti ant peties, o u\u017esegimas u\u017etrauktuku u\u017etikrina saugum\u0105 kasdieniuose miesto ritmuose \ud83c\udf3f Talpi, bet i\u0161laikanti eleganti\u0161k\u0105 siluet\u0105 \u2014 puikus pasirinkimas tiek dienai, tiek vakarui.","og_url":"https:\/\/madoskampas.lt\/et\/product-2\/city-mood-rankine\/","og_site_name":"MadosKampas.lt","article_modified_time":"2026-04-12T05:52:41+00:00","og_image":[{"width":1920,"height":2560,"url":"https:\/\/madoskampas.lt\/wp-content\/uploads\/2025\/09\/IMG_5182-scaled.jpeg","type":"image\/jpeg"}],"twitter_card":"summary_large_image","twitter_misc":{"Est. reading time":"1 minut"},"schema":{"@context":"https:\/\/schema.org","@graph":[{"@type":"WebPage","@id":"https:\/\/madoskampas.lt\/produktas\/city-mood-rankine\/","url":"https:\/\/madoskampas.lt\/produktas\/city-mood-rankine\/","name":"\u201eCity Mood\u201c rankin\u0117 - MadosKampas.lt","isPartOf":{"@id":"https:\/\/madoskampas.lt\/#website"},"primaryImageOfPage":{"@id":"https:\/\/madoskampas.lt\/produktas\/city-mood-rankine\/#primaryimage"},"image":{"@id":"https:\/\/madoskampas.lt\/produktas\/city-mood-rankine\/#primaryimage"},"thumbnailUrl":"https:\/\/madoskampas.lt\/wp-content\/uploads\/2025\/09\/IMG_5182-scaled.jpeg","datePublished":"2026-02-14T18:20:53+00:00","dateModified":"2026-04-12T05:52:41+00:00","breadcrumb":{"@id":"https:\/\/madoskampas.lt\/produktas\/city-mood-rankine\/#breadcrumb"},"inLanguage":"et","potentialAction":[{"@type":"ReadAction","target":["https:\/\/madoskampas.lt\/produktas\/city-mood-rankine\/"]}]},{"@type":"ImageObject","inLanguage":"et","@id":"https:\/\/madoskampas.lt\/produktas\/city-mood-rankine\/#primaryimage","url":"https:\/\/madoskampas.lt\/wp-content\/uploads\/2025\/09\/IMG_5182-scaled.jpeg","contentUrl":"https:\/\/madoskampas.lt\/wp-content\/uploads\/2025\/09\/IMG_5182-scaled.jpeg","width":1920,"height":2560},{"@type":"BreadcrumbList","@id":"https:\/\/madoskampas.lt\/produktas\/city-mood-rankine\/#breadcrumb","itemListElement":[{"@type":"ListItem","position":1,"name":"Home","item":"https:\/\/madoskampas.lt\/"},{"@type":"ListItem","position":2,"name":"Parduotuv\u0117","item":"https:\/\/madoskampas.lt\/parduotuve-2\/"},{"@type":"ListItem","position":3,"name":"\u201eCity Mood\u201c rankin\u0117"}]},{"@type":"WebSite","@id":"https:\/\/madoskampas.lt\/#website","url":"https:\/\/madoskampas.lt\/","name":"FashionKampas.lt","description":"Stiilsed riided naistele","potentialAction":[{"@type":"SearchAction","target":{"@type":"EntryPoint","urlTemplate":"https:\/\/madoskampas.lt\/?s={search_term_string}"},"query-input":{"@type":"PropertyValueSpecification","valueRequired":true,"valueName":"search_term_string"}}],"inLanguage":"et"}]}},"uagb_featured_image_src":{"full":["https:\/\/madoskampas.lt\/wp-content\/uploads\/2025\/09\/IMG_5182-scaled.jpeg",1920,2560,false],"thumbnail":["https:\/\/madoskampas.lt\/wp-content\/uploads\/2025\/09\/IMG_5182-150x150.jpeg",150,150,true],"medium":["https:\/\/madoskampas.lt\/wp-content\/uploads\/2025\/09\/IMG_5182-225x300.jpeg",225,300,true],"medium_large":["https:\/\/madoskampas.lt\/wp-content\/uploads\/2025\/09\/IMG_5182-768x1024.jpeg",768,1024,true],"large":["https:\/\/madoskampas.lt\/wp-content\/uploads\/2025\/09\/IMG_5182-768x1024.jpeg",768,1024,true],"1536x1536":["https:\/\/madoskampas.lt\/wp-content\/uploads\/2025\/09\/IMG_5182-1152x1536.jpeg",1152,1536,true],"2048x2048":["https:\/\/madoskampas.lt\/wp-content\/uploads\/2025\/09\/IMG_5182-1536x2048.jpeg",1536,2048,true],"trp-custom-language-flag":["https:\/\/madoskampas.lt\/wp-content\/uploads\/2025\/09\/IMG_5182-9x12.jpeg",9,12,true],"nova-image-square":["https:\/\/madoskampas.lt\/wp-content\/uploads\/2025\/09\/IMG_5182-1100x1100.jpeg",1100,1100,true],"mixtas-product-03":["https:\/\/madoskampas.lt\/wp-content\/uploads\/2025\/09\/IMG_5182-600x345.jpeg",600,345,true],"woocommerce_thumbnail":["https:\/\/madoskampas.lt\/wp-content\/uploads\/2025\/09\/IMG_5182-700x700.jpeg",700,700,true],"woocommerce_single":["https:\/\/madoskampas.lt\/wp-content\/uploads\/2025\/09\/IMG_5182-1000x1333.jpeg",1000,1333,true],"woocommerce_gallery_thumbnail":["https:\/\/madoskampas.lt\/wp-content\/uploads\/2025\/09\/IMG_5182-250x250.jpeg",250,250,true],"variation_swatches_image_size":["https:\/\/madoskampas.lt\/wp-content\/uploads\/2025\/09\/IMG_5182-50x50.jpeg",50,50,true],"variation_swatches_tooltip_size":["https:\/\/madoskampas.lt\/wp-content\/uploads\/2025\/09\/IMG_5182-100x100.jpeg",100,100,true]},"uagb_author_info":{"display_name":"algirdasbart","author_link":"https:\/\/madoskampas.lt\/et\/author\/"},"uagb_comment_info":0,"uagb_excerpt":"Minimalizmas, kuris kalba pats u\u017e save\u2026 \u2728 \u201eCity Mood\u201c rankin\u0117 \u2013 stilingas, pailgos formos modelis, sukurtas \u0161iuolaiki\u0161kai moteriai, vertinan\u010diai \u0161varias linijas ir lengv\u0105 derinim\u0105. Subtiliai sendintos eko odos tekst\u016bra suteikia rankinei charakterio ir i\u0161skirtinumo \ud83e\udd0d Patogi ilga rankena leid\u017eia rankin\u0119 ne\u0161ioti ant peties, o u\u017esegimas u\u017etrauktuku u\u017etikrina saugum\u0105 kasdieniuose miesto ritmuose \ud83c\udf3f Talpi, bet i\u0161laikanti&hellip;","jetpack_sharing_enabled":true,"_links":{"self":[{"href":"https:\/\/madoskampas.lt\/et\/wp-json\/wp\/v2\/product\/27628","targetHints":{"allow":["GET"]}}],"collection":[{"href":"https:\/\/madoskampas.lt\/et\/wp-json\/wp\/v2\/product"}],"about":[{"href":"https:\/\/madoskampas.lt\/et\/wp-json\/wp\/v2\/types\/product"}],"replies":[{"embeddable":true,"href":"https:\/\/madoskampas.lt\/et\/wp-json\/wp\/v2\/comments?post=27628"}],"wp:featuredmedia":[{"embeddable":true,"href":"https:\/\/madoskampas.lt\/et\/wp-json\/wp\/v2\/media\/27615"}],"wp:attachment":[{"href":"https:\/\/madoskampas.lt\/et\/wp-json\/wp\/v2\/media?parent=27628"}],"wp:term":[{"taxonomy":"product_brand","embeddable":true,"href":"https:\/\/madoskampas.lt\/et\/wp-json\/wp\/v2\/product_brand?post=27628"},{"taxonomy":"product_cat","embeddable":true,"href":"https:\/\/madoskampas.lt\/et\/wp-json\/wp\/v2\/product_cat?post=27628"},{"taxonomy":"product_tag","embeddable":true,"href":"https:\/\/madoskampas.lt\/et\/wp-json\/wp\/v2\/product_tag?post=27628"}],"curies":[{"name":"wp","href":"https:\/\/api.w.org\/{rel}","templated":true}]}}