{"id":28490,"date":"2026-02-27T13:42:32","date_gmt":"2026-02-27T13:42:32","guid":{"rendered":"https:\/\/madoskampas.lt\/?post_type=product&#038;p=28490"},"modified":"2026-05-15T08:31:23","modified_gmt":"2026-05-15T08:31:23","slug":"lace-touch-italisko-stiliaus-svarkas","status":"publish","type":"product","link":"https:\/\/madoskampas.lt\/et\/product-2\/lace-touch-italisko-stiliaus-svarkas\/","title":{"rendered":"\u201eLace Touch\u201c itali\u0161ko stiliaus \u0161varkas"},"content":{"rendered":"<p data-start=\"232\" data-end=\"397\">Elegancija, kuri subtiliai i\u0161siskiria. \u201eLace Touch\u201c \u0161varkas \u2013 tai klasikinio silueto ir moteri\u0161k\u0173 detali\u0173 derinys, suteikiantis \u012fvaizd\u017eiui lengvumo bei i\u0161skirtinumo.<\/p>\n<p data-start=\"399\" data-end=\"682\">Minimalistinis kirpimas harmoningai susilieja su romanti\u0161ko gipi\u016bro akcentais rankogaliuose, kurie suteikia \u0161varkui prabangos poj\u016bt\u012f ir leid\u017eia kurti tiek kasdienius, tiek ypatingesnius derinius. Lengvai krentantis audinys gra\u017eiai formuoja siluet\u0105 ir u\u017etikrina komfort\u0105 visai dienai.<\/p>\n<p data-start=\"684\" data-end=\"794\">","protected":false},"excerpt":{"rendered":"<p data-start=\"232\" data-end=\"397\">Elegancija, kuri subtiliai i\u0161siskiria. \u201eLace Touch\u201c \u0161varkas \u2013 tai klasikinio silueto ir moteri\u0161k\u0173 detali\u0173 derinys, suteikiantis \u012fvaizd\u017eiui lengvumo bei i\u0161skirtinumo.<\/p>\n<p data-start=\"399\" data-end=\"682\">Minimalistinis kirpimas harmoningai susilieja su romanti\u0161ko gipi\u016bro akcentais rankogaliuose, kurie suteikia \u0161varkui prabangos poj\u016bt\u012f ir leid\u017eia kurti tiek kasdienius, tiek ypatingesnius derinius. Lengvai krentantis audinys gra\u017eiai formuoja siluet\u0105 ir u\u017etikrina komfort\u0105 visai dienai.<\/p>\n<p data-start=\"684\" data-end=\"794\">Puikiai dera su d\u017einsais, klasikin\u0117mis keln\u0117mis ar net suknel\u0117mis \u2013 vienas \u0161varkas, daugyb\u0117 stiling\u0173 variant\u0173.<\/p>\n<p data-start=\"796\" data-end=\"939\">\u2728 Itali\u0161ko stiliaus elegancija<br data-start=\"826\" data-end=\"829\" \/>\u2728 Subtil\u016bs gipi\u016bro akcentai<br data-start=\"856\" data-end=\"859\" \/>\u2728 Lengvas, patogus ir nevar\u017eantis judesi\u0173<br data-start=\"900\" data-end=\"903\" \/>\u2728 Tinka tiek kasdienai, tiek progoms<\/p>\n<hr data-start=\"941\" data-end=\"944\" \/>\n<p data-start=\"946\" data-end=\"1023\"><strong data-start=\"946\" data-end=\"962\">M\u00f5\u00f5tmed:<\/strong><br data-start=\"962\" data-end=\"965\" \/>\u2022 Ilgis \u2013 68 cm (su gipi\u016bru \u2013 80 cm)<br data-start=\"1001\" data-end=\"1004\" \/>\u2022 Kr\u016btin\u0117 \u2013 47 cm<\/p>\n<p data-start=\"1025\" data-end=\"1069\"><strong data-start=\"1025\" data-end=\"1037\">Koostis:<\/strong><br data-start=\"1037\" data-end=\"1040\" \/>95% poliesteris, 5% elastanas<\/p>","protected":false},"featured_media":28463,"comment_status":"open","ping_status":"closed","template":"","meta":{"_uag_custom_page_level_css":"","_monsterinsights_skip_tracking":false,"_monsterinsights_sitenote_active":false,"_monsterinsights_sitenote_note":"","_monsterinsights_sitenote_category":0},"product_brand":[],"product_cat":[66,95,96,79],"product_tag":[],"class_list":{"0":"post-28490","1":"product","2":"type-product","3":"status-publish","4":"has-post-thumbnail","6":"product_cat-drabuziai","7":"product_cat-naujausi","8":"product_cat-populiariausi","9":"product_cat-svarkai","10":"tm-has-options","12":"first","13":"instock","14":"sale","15":"shipping-taxable","16":"purchasable","17":"product-type-variable"},"yoast_head":"<!-- This site is optimized with the Yoast SEO plugin v27.6 - https:\/\/yoast.com\/product\/yoast-seo-wordpress\/ -->\n<title>\u201eLace Touch\u201c itali\u0161ko stiliaus \u0161varkas - MadosKampas.lt<\/title>\n<meta name=\"robots\" content=\"index, follow, max-snippet:-1, max-image-preview:large, max-video-preview:-1\" \/>\n<link rel=\"canonical\" href=\"https:\/\/madoskampas.lt\/et\/product-2\/lace-touch-italisko-stiliaus-svarkas\/\" \/>\n<meta property=\"og:locale\" content=\"et_EE\" \/>\n<meta property=\"og:type\" content=\"article\" \/>\n<meta property=\"og:title\" content=\"\u201eLace Touch\u201c itali\u0161ko stiliaus \u0161varkas - MadosKampas.lt\" \/>\n<meta property=\"og:description\" content=\"Elegancija, kuri subtiliai i\u0161siskiria. \u201eLace Touch\u201c \u0161varkas \u2013 tai klasikinio silueto ir moteri\u0161k\u0173 detali\u0173 derinys, suteikiantis \u012fvaizd\u017eiui lengvumo bei i\u0161skirtinumo. Minimalistinis kirpimas harmoningai susilieja su romanti\u0161ko gipi\u016bro akcentais rankogaliuose, kurie suteikia \u0161varkui prabangos poj\u016bt\u012f ir leid\u017eia kurti tiek kasdienius, tiek ypatingesnius derinius. Lengvai krentantis audinys gra\u017eiai formuoja siluet\u0105 ir u\u017etikrina komfort\u0105 visai dienai. Puikiai dera su d\u017einsais, klasikin\u0117mis keln\u0117mis ar net suknel\u0117mis \u2013 vienas \u0161varkas, daugyb\u0117 stiling\u0173 variant\u0173. \u2728 Itali\u0161ko stiliaus elegancija\u2728 Subtil\u016bs gipi\u016bro akcentai\u2728 Lengvas, patogus ir nevar\u017eantis judesi\u0173\u2728 Tinka tiek kasdienai, tiek progoms    I\u0161matavimai:\u2022 Ilgis \u2013 68 cm (su gipi\u016bru \u2013 80 cm)\u2022 Kr\u016btin\u0117 \u2013 47 cm Sud\u0117tis:95% poliesteris, 5% elastanas\" \/>\n<meta property=\"og:url\" content=\"https:\/\/madoskampas.lt\/et\/product-2\/lace-touch-italisko-stiliaus-svarkas\/\" \/>\n<meta property=\"og:site_name\" content=\"MadosKampas.lt\" \/>\n<meta property=\"article:modified_time\" content=\"2026-05-15T08:31:23+00:00\" \/>\n<meta property=\"og:image\" content=\"https:\/\/madoskampas.lt\/wp-content\/uploads\/2026\/02\/IMG_7817-scaled.jpeg\" \/>\n\t<meta property=\"og:image:width\" content=\"1920\" \/>\n\t<meta property=\"og:image:height\" content=\"2560\" \/>\n\t<meta property=\"og:image:type\" content=\"image\/jpeg\" \/>\n<meta name=\"twitter:card\" content=\"summary_large_image\" \/>\n<meta name=\"twitter:label1\" content=\"Est. reading time\" \/>\n\t<meta name=\"twitter:data1\" content=\"1 minut\" \/>\n<script type=\"application\/ld+json\" class=\"yoast-schema-graph\">{\"@context\":\"https:\\\/\\\/schema.org\",\"@graph\":[{\"@type\":\"WebPage\",\"@id\":\"https:\\\/\\\/madoskampas.lt\\\/produktas\\\/lace-touch-italisko-stiliaus-svarkas\\\/\",\"url\":\"https:\\\/\\\/madoskampas.lt\\\/produktas\\\/lace-touch-italisko-stiliaus-svarkas\\\/\",\"name\":\"\u201eLace Touch\u201c itali\u0161ko stiliaus \u0161varkas - MadosKampas.lt\",\"isPartOf\":{\"@id\":\"https:\\\/\\\/madoskampas.lt\\\/#website\"},\"primaryImageOfPage\":{\"@id\":\"https:\\\/\\\/madoskampas.lt\\\/produktas\\\/lace-touch-italisko-stiliaus-svarkas\\\/#primaryimage\"},\"image\":{\"@id\":\"https:\\\/\\\/madoskampas.lt\\\/produktas\\\/lace-touch-italisko-stiliaus-svarkas\\\/#primaryimage\"},\"thumbnailUrl\":\"https:\\\/\\\/madoskampas.lt\\\/wp-content\\\/uploads\\\/2026\\\/02\\\/IMG_7817-scaled.jpeg\",\"datePublished\":\"2026-02-27T13:42:32+00:00\",\"dateModified\":\"2026-05-15T08:31:23+00:00\",\"breadcrumb\":{\"@id\":\"https:\\\/\\\/madoskampas.lt\\\/produktas\\\/lace-touch-italisko-stiliaus-svarkas\\\/#breadcrumb\"},\"inLanguage\":\"et\",\"potentialAction\":[{\"@type\":\"ReadAction\",\"target\":[\"https:\\\/\\\/madoskampas.lt\\\/produktas\\\/lace-touch-italisko-stiliaus-svarkas\\\/\"]}]},{\"@type\":\"ImageObject\",\"inLanguage\":\"et\",\"@id\":\"https:\\\/\\\/madoskampas.lt\\\/produktas\\\/lace-touch-italisko-stiliaus-svarkas\\\/#primaryimage\",\"url\":\"https:\\\/\\\/madoskampas.lt\\\/wp-content\\\/uploads\\\/2026\\\/02\\\/IMG_7817-scaled.jpeg\",\"contentUrl\":\"https:\\\/\\\/madoskampas.lt\\\/wp-content\\\/uploads\\\/2026\\\/02\\\/IMG_7817-scaled.jpeg\",\"width\":1920,\"height\":2560},{\"@type\":\"BreadcrumbList\",\"@id\":\"https:\\\/\\\/madoskampas.lt\\\/produktas\\\/lace-touch-italisko-stiliaus-svarkas\\\/#breadcrumb\",\"itemListElement\":[{\"@type\":\"ListItem\",\"position\":1,\"name\":\"Home\",\"item\":\"https:\\\/\\\/madoskampas.lt\\\/\"},{\"@type\":\"ListItem\",\"position\":2,\"name\":\"Parduotuv\u0117\",\"item\":\"https:\\\/\\\/madoskampas.lt\\\/parduotuve-2\\\/\"},{\"@type\":\"ListItem\",\"position\":3,\"name\":\"\u201eLace Touch\u201c itali\u0161ko stiliaus \u0161varkas\"}]},{\"@type\":\"WebSite\",\"@id\":\"https:\\\/\\\/madoskampas.lt\\\/#website\",\"url\":\"https:\\\/\\\/madoskampas.lt\\\/\",\"name\":\"MadosKampas.lt\",\"description\":\"Stilingi drabu\u017eiai moterims\",\"potentialAction\":[{\"@type\":\"SearchAction\",\"target\":{\"@type\":\"EntryPoint\",\"urlTemplate\":\"https:\\\/\\\/madoskampas.lt\\\/?s={search_term_string}\"},\"query-input\":{\"@type\":\"PropertyValueSpecification\",\"valueRequired\":true,\"valueName\":\"search_term_string\"}}],\"inLanguage\":\"et\"}]}<\/script>\n<!-- \/ Yoast SEO plugin. -->","yoast_head_json":{"title":"\u201eLace Touch\u201c itali\u0161ko stiliaus \u0161varkas - MadosKampas.lt","robots":{"index":"index","follow":"follow","max-snippet":"max-snippet:-1","max-image-preview":"max-image-preview:large","max-video-preview":"max-video-preview:-1"},"canonical":"https:\/\/madoskampas.lt\/et\/product-2\/lace-touch-italisko-stiliaus-svarkas\/","og_locale":"et_EE","og_type":"article","og_title":"\u201eLace Touch\u201c itali\u0161ko stiliaus \u0161varkas - MadosKampas.lt","og_description":"Elegancija, kuri subtiliai i\u0161siskiria. \u201eLace Touch\u201c \u0161varkas \u2013 tai klasikinio silueto ir moteri\u0161k\u0173 detali\u0173 derinys, suteikiantis \u012fvaizd\u017eiui lengvumo bei i\u0161skirtinumo. Minimalistinis kirpimas harmoningai susilieja su romanti\u0161ko gipi\u016bro akcentais rankogaliuose, kurie suteikia \u0161varkui prabangos poj\u016bt\u012f ir leid\u017eia kurti tiek kasdienius, tiek ypatingesnius derinius. Lengvai krentantis audinys gra\u017eiai formuoja siluet\u0105 ir u\u017etikrina komfort\u0105 visai dienai. Puikiai dera su d\u017einsais, klasikin\u0117mis keln\u0117mis ar net suknel\u0117mis \u2013 vienas \u0161varkas, daugyb\u0117 stiling\u0173 variant\u0173. \u2728 Itali\u0161ko stiliaus elegancija\u2728 Subtil\u016bs gipi\u016bro akcentai\u2728 Lengvas, patogus ir nevar\u017eantis judesi\u0173\u2728 Tinka tiek kasdienai, tiek progoms    I\u0161matavimai:\u2022 Ilgis \u2013 68 cm (su gipi\u016bru \u2013 80 cm)\u2022 Kr\u016btin\u0117 \u2013 47 cm Sud\u0117tis:95% poliesteris, 5% elastanas","og_url":"https:\/\/madoskampas.lt\/et\/product-2\/lace-touch-italisko-stiliaus-svarkas\/","og_site_name":"MadosKampas.lt","article_modified_time":"2026-05-15T08:31:23+00:00","og_image":[{"width":1920,"height":2560,"url":"https:\/\/madoskampas.lt\/wp-content\/uploads\/2026\/02\/IMG_7817-scaled.jpeg","type":"image\/jpeg"}],"twitter_card":"summary_large_image","twitter_misc":{"Est. reading time":"1 minut"},"schema":{"@context":"https:\/\/schema.org","@graph":[{"@type":"WebPage","@id":"https:\/\/madoskampas.lt\/produktas\/lace-touch-italisko-stiliaus-svarkas\/","url":"https:\/\/madoskampas.lt\/produktas\/lace-touch-italisko-stiliaus-svarkas\/","name":"\u201eLace Touch\u201c itali\u0161ko stiliaus \u0161varkas - MadosKampas.lt","isPartOf":{"@id":"https:\/\/madoskampas.lt\/#website"},"primaryImageOfPage":{"@id":"https:\/\/madoskampas.lt\/produktas\/lace-touch-italisko-stiliaus-svarkas\/#primaryimage"},"image":{"@id":"https:\/\/madoskampas.lt\/produktas\/lace-touch-italisko-stiliaus-svarkas\/#primaryimage"},"thumbnailUrl":"https:\/\/madoskampas.lt\/wp-content\/uploads\/2026\/02\/IMG_7817-scaled.jpeg","datePublished":"2026-02-27T13:42:32+00:00","dateModified":"2026-05-15T08:31:23+00:00","breadcrumb":{"@id":"https:\/\/madoskampas.lt\/produktas\/lace-touch-italisko-stiliaus-svarkas\/#breadcrumb"},"inLanguage":"et","potentialAction":[{"@type":"ReadAction","target":["https:\/\/madoskampas.lt\/produktas\/lace-touch-italisko-stiliaus-svarkas\/"]}]},{"@type":"ImageObject","inLanguage":"et","@id":"https:\/\/madoskampas.lt\/produktas\/lace-touch-italisko-stiliaus-svarkas\/#primaryimage","url":"https:\/\/madoskampas.lt\/wp-content\/uploads\/2026\/02\/IMG_7817-scaled.jpeg","contentUrl":"https:\/\/madoskampas.lt\/wp-content\/uploads\/2026\/02\/IMG_7817-scaled.jpeg","width":1920,"height":2560},{"@type":"BreadcrumbList","@id":"https:\/\/madoskampas.lt\/produktas\/lace-touch-italisko-stiliaus-svarkas\/#breadcrumb","itemListElement":[{"@type":"ListItem","position":1,"name":"Home","item":"https:\/\/madoskampas.lt\/"},{"@type":"ListItem","position":2,"name":"Parduotuv\u0117","item":"https:\/\/madoskampas.lt\/parduotuve-2\/"},{"@type":"ListItem","position":3,"name":"\u201eLace Touch\u201c itali\u0161ko stiliaus \u0161varkas"}]},{"@type":"WebSite","@id":"https:\/\/madoskampas.lt\/#website","url":"https:\/\/madoskampas.lt\/","name":"FashionKampas.lt","description":"Stiilsed riided naistele","potentialAction":[{"@type":"SearchAction","target":{"@type":"EntryPoint","urlTemplate":"https:\/\/madoskampas.lt\/?s={search_term_string}"},"query-input":{"@type":"PropertyValueSpecification","valueRequired":true,"valueName":"search_term_string"}}],"inLanguage":"et"}]}},"uagb_featured_image_src":{"full":["https:\/\/madoskampas.lt\/wp-content\/uploads\/2026\/02\/IMG_7817-scaled.jpeg",1920,2560,false],"thumbnail":["https:\/\/madoskampas.lt\/wp-content\/uploads\/2026\/02\/IMG_7817-150x150.jpeg",150,150,true],"medium":["https:\/\/madoskampas.lt\/wp-content\/uploads\/2026\/02\/IMG_7817-225x300.jpeg",225,300,true],"medium_large":["https:\/\/madoskampas.lt\/wp-content\/uploads\/2026\/02\/IMG_7817-768x1024.jpeg",768,1024,true],"large":["https:\/\/madoskampas.lt\/wp-content\/uploads\/2026\/02\/IMG_7817-768x1024.jpeg",768,1024,true],"1536x1536":["https:\/\/madoskampas.lt\/wp-content\/uploads\/2026\/02\/IMG_7817-1152x1536.jpeg",1152,1536,true],"2048x2048":["https:\/\/madoskampas.lt\/wp-content\/uploads\/2026\/02\/IMG_7817-1536x2048.jpeg",1536,2048,true],"trp-custom-language-flag":["https:\/\/madoskampas.lt\/wp-content\/uploads\/2026\/02\/IMG_7817-9x12.jpeg",9,12,true],"nova-image-square":["https:\/\/madoskampas.lt\/wp-content\/uploads\/2026\/02\/IMG_7817-1100x1100.jpeg",1100,1100,true],"mixtas-product-03":["https:\/\/madoskampas.lt\/wp-content\/uploads\/2026\/02\/IMG_7817-600x345.jpeg",600,345,true],"woocommerce_thumbnail":["https:\/\/madoskampas.lt\/wp-content\/uploads\/2026\/02\/IMG_7817-700x700.jpeg",700,700,true],"woocommerce_single":["https:\/\/madoskampas.lt\/wp-content\/uploads\/2026\/02\/IMG_7817-1000x1333.jpeg",1000,1333,true],"woocommerce_gallery_thumbnail":["https:\/\/madoskampas.lt\/wp-content\/uploads\/2026\/02\/IMG_7817-250x250.jpeg",250,250,true],"variation_swatches_image_size":["https:\/\/madoskampas.lt\/wp-content\/uploads\/2026\/02\/IMG_7817-50x50.jpeg",50,50,true],"variation_swatches_tooltip_size":["https:\/\/madoskampas.lt\/wp-content\/uploads\/2026\/02\/IMG_7817-100x100.jpeg",100,100,true]},"uagb_author_info":{"display_name":"algirdasbart","author_link":"https:\/\/madoskampas.lt\/et\/author\/"},"uagb_comment_info":0,"uagb_excerpt":"Elegancija, kuri subtiliai i\u0161siskiria. \u201eLace Touch\u201c \u0161varkas \u2013 tai klasikinio silueto ir moteri\u0161k\u0173 detali\u0173 derinys, suteikiantis \u012fvaizd\u017eiui lengvumo bei i\u0161skirtinumo. Minimalistinis kirpimas harmoningai susilieja su romanti\u0161ko gipi\u016bro akcentais rankogaliuose, kurie suteikia \u0161varkui prabangos poj\u016bt\u012f ir leid\u017eia kurti tiek kasdienius, tiek ypatingesnius derinius. Lengvai krentantis audinys gra\u017eiai formuoja siluet\u0105 ir u\u017etikrina komfort\u0105 visai dienai. Puikiai dera&hellip;","jetpack_sharing_enabled":true,"_links":{"self":[{"href":"https:\/\/madoskampas.lt\/et\/wp-json\/wp\/v2\/product\/28490","targetHints":{"allow":["GET"]}}],"collection":[{"href":"https:\/\/madoskampas.lt\/et\/wp-json\/wp\/v2\/product"}],"about":[{"href":"https:\/\/madoskampas.lt\/et\/wp-json\/wp\/v2\/types\/product"}],"replies":[{"embeddable":true,"href":"https:\/\/madoskampas.lt\/et\/wp-json\/wp\/v2\/comments?post=28490"}],"wp:featuredmedia":[{"embeddable":true,"href":"https:\/\/madoskampas.lt\/et\/wp-json\/wp\/v2\/media\/28463"}],"wp:attachment":[{"href":"https:\/\/madoskampas.lt\/et\/wp-json\/wp\/v2\/media?parent=28490"}],"wp:term":[{"taxonomy":"product_brand","embeddable":true,"href":"https:\/\/madoskampas.lt\/et\/wp-json\/wp\/v2\/product_brand?post=28490"},{"taxonomy":"product_cat","embeddable":true,"href":"https:\/\/madoskampas.lt\/et\/wp-json\/wp\/v2\/product_cat?post=28490"},{"taxonomy":"product_tag","embeddable":true,"href":"https:\/\/madoskampas.lt\/et\/wp-json\/wp\/v2\/product_tag?post=28490"}],"curies":[{"name":"wp","href":"https:\/\/api.w.org\/{rel}","templated":true}]}}