{"id":29400,"date":"2026-03-14T10:32:47","date_gmt":"2026-03-14T10:32:47","guid":{"rendered":"https:\/\/madoskampas.lt\/?post_type=product&#038;p=29400"},"modified":"2026-03-14T11:55:15","modified_gmt":"2026-03-14T11:55:15","slug":"milano-polo-megztukas-su-apykakle","status":"publish","type":"product","link":"https:\/\/madoskampas.lt\/et\/product-2\/milano-polo-megztukas-su-apykakle\/","title":{"rendered":"\u201eMilano Polo\u201c megztukas su apykakle"},"content":{"rendered":"<p>Eleganti\u0161kas ir labai universalus <strong data-start=\"109\" data-end=\"136\">\u201eMilano Polo\u201c megztukas<\/strong> \u2013 stilingas pasirinkimas kasdienai. Subtili polo tipo apykakl\u0117 su sagut\u0117mis suteikia klasikos poj\u016bt\u012f, o trumpesn\u0117s rankov\u0117s ir lengvas mezgimas leid\u017eia megztuk\u0105 patogiai d\u0117v\u0117ti tiek \u0161iltesn\u0117mis, tiek v\u0117sesn\u0117mis dienomis.<\/p>","protected":false},"excerpt":{"rendered":"<p data-start=\"75\" data-end=\"357\">Eleganti\u0161kas ir labai universalus <strong data-start=\"109\" data-end=\"136\">\u201eMilano Polo\u201c megztukas<\/strong> \u2013 stilingas pasirinkimas kasdienai. Subtili polo tipo apykakl\u0117 su sagut\u0117mis suteikia klasikos poj\u016bt\u012f, o trumpesn\u0117s rankov\u0117s ir lengvas mezgimas leid\u017eia megztuk\u0105 patogiai d\u0117v\u0117ti tiek \u0161iltesn\u0117mis, tiek v\u0117sesn\u0117mis dienomis.<\/p>\n<p data-start=\"359\" data-end=\"608\">Megztukas pasi\u016btas i\u0161 kokybi\u0161ko audinio, kuriame dominuoja <strong data-start=\"418\" data-end=\"430\">medviln\u0117<\/strong>, tod\u0117l jis malonus prie k\u016bno ir puikiai krenta. Modelis gra\u017eiai dera tiek prie d\u017eins\u0173, tiek prie eleganti\u0161kesni\u0173 kelni\u0173 ar sijon\u0173, tod\u0117l lengvai pritaikomas \u012fvairiems deriniams.<\/p>\n<p data-start=\"610\" data-end=\"701\">Tai drabu\u017eis, kuris suteiks \u012fvaizd\u017eiui <strong data-start=\"649\" data-end=\"693\">lengvos elegancijos ir itali\u0161ko stiliaus<\/strong> poj\u016bt\u012f.<\/p>\n<h3 data-section-id=\"ih289p\" data-start=\"703\" data-end=\"716\">Sud\u0117tis<\/h3>\n<p data-start=\"717\" data-end=\"764\">70 % medviln\u0117<br data-start=\"730\" data-end=\"733\" \/>10 % vilna<br data-start=\"743\" data-end=\"746\" \/>20 % poliesteris<\/p>\n<h3 data-section-id=\"1qjbsn9\" data-start=\"766\" data-end=\"777\">Suurus<\/h3>\n<p data-start=\"778\" data-end=\"813\">Universalus \u2013 <strong data-start=\"792\" data-end=\"813\">tinka nuo S iki L<\/strong><\/p>\n<h3 data-section-id=\"37jezx\" data-start=\"815\" data-end=\"832\">I\u0161matavimai<\/h3>\n<p data-start=\"833\" data-end=\"879\">Ilgis \u2013 <strong data-start=\"841\" data-end=\"850\">58 cm<\/strong><br data-start=\"850\" data-end=\"853\" \/>Per kr\u016btin\u0119 \u2013 <strong data-start=\"867\" data-end=\"879\">48\u201351 cm<\/strong><\/p>\n<p data-start=\"881\" data-end=\"965\" data-is-last-node=\"\" data-is-only-node=\"\">\u2728 Lengvai derinamas ir labai patogus \u2013 tikras garderobo favoritas kiekvienai dienai.<\/p>","protected":false},"featured_media":29404,"comment_status":"open","ping_status":"closed","template":"","meta":{"_uag_custom_page_level_css":"","_monsterinsights_skip_tracking":false,"_monsterinsights_sitenote_active":false,"_monsterinsights_sitenote_note":"","_monsterinsights_sitenote_category":0},"product_brand":[],"product_cat":[66,73,95],"product_tag":[],"class_list":{"0":"post-29400","1":"product","2":"type-product","3":"status-publish","4":"has-post-thumbnail","6":"product_cat-drabuziai","7":"product_cat-megztiniai","8":"product_cat-naujausi","9":"tm-has-options","11":"first","12":"instock","13":"shipping-taxable","14":"purchasable","15":"product-type-variable"},"yoast_head":"<!-- This site is optimized with the Yoast SEO plugin v27.3 - https:\/\/yoast.com\/product\/yoast-seo-wordpress\/ -->\n<title>\u201eMilano Polo\u201c megztukas su apykakle - MadosKampas.lt<\/title>\n<meta name=\"robots\" content=\"index, follow, max-snippet:-1, max-image-preview:large, max-video-preview:-1\" \/>\n<link rel=\"canonical\" href=\"https:\/\/madoskampas.lt\/et\/product-2\/milano-polo-megztukas-su-apykakle\/\" \/>\n<meta property=\"og:locale\" content=\"et_EE\" \/>\n<meta property=\"og:type\" content=\"article\" \/>\n<meta property=\"og:title\" content=\"\u201eMilano Polo\u201c megztukas su apykakle - MadosKampas.lt\" \/>\n<meta property=\"og:description\" content=\"Eleganti\u0161kas ir labai universalus \u201eMilano Polo\u201c megztukas \u2013 stilingas pasirinkimas kasdienai. Subtili polo tipo apykakl\u0117 su sagut\u0117mis suteikia klasikos poj\u016bt\u012f, o trumpesn\u0117s rankov\u0117s ir lengvas mezgimas leid\u017eia megztuk\u0105 patogiai d\u0117v\u0117ti tiek \u0161iltesn\u0117mis, tiek v\u0117sesn\u0117mis dienomis. Megztukas pasi\u016btas i\u0161 kokybi\u0161ko audinio, kuriame dominuoja medviln\u0117, tod\u0117l jis malonus prie k\u016bno ir puikiai krenta. Modelis gra\u017eiai dera tiek prie d\u017eins\u0173, tiek prie eleganti\u0161kesni\u0173 kelni\u0173 ar sijon\u0173, tod\u0117l lengvai pritaikomas \u012fvairiems deriniams. Tai drabu\u017eis, kuris suteiks \u012fvaizd\u017eiui lengvos elegancijos ir itali\u0161ko stiliaus poj\u016bt\u012f.  Sud\u0117tis 70 % medviln\u011710 % vilna20 % poliesteris  Dydis Universalus \u2013 tinka nuo S iki L  I\u0161matavimai Ilgis \u2013 58 cmPer kr\u016btin\u0119 \u2013 48\u201351 cm \u2728 Lengvai derinamas ir labai patogus \u2013 tikras garderobo favoritas kiekvienai dienai.\" \/>\n<meta property=\"og:url\" content=\"https:\/\/madoskampas.lt\/et\/product-2\/milano-polo-megztukas-su-apykakle\/\" \/>\n<meta property=\"og:site_name\" content=\"MadosKampas.lt\" \/>\n<meta property=\"article:modified_time\" content=\"2026-03-14T11:55:15+00:00\" \/>\n<meta property=\"og:image\" content=\"https:\/\/madoskampas.lt\/wp-content\/uploads\/2026\/03\/IMG_9769-scaled.jpeg\" \/>\n\t<meta property=\"og:image:width\" content=\"1920\" \/>\n\t<meta property=\"og:image:height\" content=\"2560\" \/>\n\t<meta property=\"og:image:type\" content=\"image\/jpeg\" \/>\n<meta name=\"twitter:card\" content=\"summary_large_image\" \/>\n<meta name=\"twitter:label1\" content=\"Est. reading time\" \/>\n\t<meta name=\"twitter:data1\" content=\"1 minut\" \/>\n<script type=\"application\/ld+json\" class=\"yoast-schema-graph\">{\"@context\":\"https:\\\/\\\/schema.org\",\"@graph\":[{\"@type\":\"WebPage\",\"@id\":\"https:\\\/\\\/madoskampas.lt\\\/produktas\\\/milano-polo-megztukas-su-apykakle\\\/\",\"url\":\"https:\\\/\\\/madoskampas.lt\\\/produktas\\\/milano-polo-megztukas-su-apykakle\\\/\",\"name\":\"\u201eMilano Polo\u201c megztukas su apykakle - MadosKampas.lt\",\"isPartOf\":{\"@id\":\"https:\\\/\\\/madoskampas.lt\\\/#website\"},\"primaryImageOfPage\":{\"@id\":\"https:\\\/\\\/madoskampas.lt\\\/produktas\\\/milano-polo-megztukas-su-apykakle\\\/#primaryimage\"},\"image\":{\"@id\":\"https:\\\/\\\/madoskampas.lt\\\/produktas\\\/milano-polo-megztukas-su-apykakle\\\/#primaryimage\"},\"thumbnailUrl\":\"https:\\\/\\\/madoskampas.lt\\\/wp-content\\\/uploads\\\/2026\\\/03\\\/IMG_9769-scaled.jpeg\",\"datePublished\":\"2026-03-14T10:32:47+00:00\",\"dateModified\":\"2026-03-14T11:55:15+00:00\",\"breadcrumb\":{\"@id\":\"https:\\\/\\\/madoskampas.lt\\\/produktas\\\/milano-polo-megztukas-su-apykakle\\\/#breadcrumb\"},\"inLanguage\":\"et\",\"potentialAction\":[{\"@type\":\"ReadAction\",\"target\":[\"https:\\\/\\\/madoskampas.lt\\\/produktas\\\/milano-polo-megztukas-su-apykakle\\\/\"]}]},{\"@type\":\"ImageObject\",\"inLanguage\":\"et\",\"@id\":\"https:\\\/\\\/madoskampas.lt\\\/produktas\\\/milano-polo-megztukas-su-apykakle\\\/#primaryimage\",\"url\":\"https:\\\/\\\/madoskampas.lt\\\/wp-content\\\/uploads\\\/2026\\\/03\\\/IMG_9769-scaled.jpeg\",\"contentUrl\":\"https:\\\/\\\/madoskampas.lt\\\/wp-content\\\/uploads\\\/2026\\\/03\\\/IMG_9769-scaled.jpeg\",\"width\":1920,\"height\":2560},{\"@type\":\"BreadcrumbList\",\"@id\":\"https:\\\/\\\/madoskampas.lt\\\/produktas\\\/milano-polo-megztukas-su-apykakle\\\/#breadcrumb\",\"itemListElement\":[{\"@type\":\"ListItem\",\"position\":1,\"name\":\"Home\",\"item\":\"https:\\\/\\\/madoskampas.lt\\\/\"},{\"@type\":\"ListItem\",\"position\":2,\"name\":\"Parduotuv\u0117\",\"item\":\"https:\\\/\\\/madoskampas.lt\\\/parduotuve-2\\\/\"},{\"@type\":\"ListItem\",\"position\":3,\"name\":\"\u201eMilano Polo\u201c megztukas su apykakle\"}]},{\"@type\":\"WebSite\",\"@id\":\"https:\\\/\\\/madoskampas.lt\\\/#website\",\"url\":\"https:\\\/\\\/madoskampas.lt\\\/\",\"name\":\"MadosKampas.lt\",\"description\":\"Stilingi drabu\u017eiai moterims\",\"potentialAction\":[{\"@type\":\"SearchAction\",\"target\":{\"@type\":\"EntryPoint\",\"urlTemplate\":\"https:\\\/\\\/madoskampas.lt\\\/?s={search_term_string}\"},\"query-input\":{\"@type\":\"PropertyValueSpecification\",\"valueRequired\":true,\"valueName\":\"search_term_string\"}}],\"inLanguage\":\"et\"}]}<\/script>\n<!-- \/ Yoast SEO plugin. -->","yoast_head_json":{"title":"\u201eMilano Polo\u201c megztukas su apykakle - MadosKampas.lt","robots":{"index":"index","follow":"follow","max-snippet":"max-snippet:-1","max-image-preview":"max-image-preview:large","max-video-preview":"max-video-preview:-1"},"canonical":"https:\/\/madoskampas.lt\/et\/product-2\/milano-polo-megztukas-su-apykakle\/","og_locale":"et_EE","og_type":"article","og_title":"\u201eMilano Polo\u201c megztukas su apykakle - MadosKampas.lt","og_description":"Eleganti\u0161kas ir labai universalus \u201eMilano Polo\u201c megztukas \u2013 stilingas pasirinkimas kasdienai. Subtili polo tipo apykakl\u0117 su sagut\u0117mis suteikia klasikos poj\u016bt\u012f, o trumpesn\u0117s rankov\u0117s ir lengvas mezgimas leid\u017eia megztuk\u0105 patogiai d\u0117v\u0117ti tiek \u0161iltesn\u0117mis, tiek v\u0117sesn\u0117mis dienomis. Megztukas pasi\u016btas i\u0161 kokybi\u0161ko audinio, kuriame dominuoja medviln\u0117, tod\u0117l jis malonus prie k\u016bno ir puikiai krenta. Modelis gra\u017eiai dera tiek prie d\u017eins\u0173, tiek prie eleganti\u0161kesni\u0173 kelni\u0173 ar sijon\u0173, tod\u0117l lengvai pritaikomas \u012fvairiems deriniams. Tai drabu\u017eis, kuris suteiks \u012fvaizd\u017eiui lengvos elegancijos ir itali\u0161ko stiliaus poj\u016bt\u012f.  Sud\u0117tis 70 % medviln\u011710 % vilna20 % poliesteris  Dydis Universalus \u2013 tinka nuo S iki L  I\u0161matavimai Ilgis \u2013 58 cmPer kr\u016btin\u0119 \u2013 48\u201351 cm \u2728 Lengvai derinamas ir labai patogus \u2013 tikras garderobo favoritas kiekvienai dienai.","og_url":"https:\/\/madoskampas.lt\/et\/product-2\/milano-polo-megztukas-su-apykakle\/","og_site_name":"MadosKampas.lt","article_modified_time":"2026-03-14T11:55:15+00:00","og_image":[{"width":1920,"height":2560,"url":"https:\/\/madoskampas.lt\/wp-content\/uploads\/2026\/03\/IMG_9769-scaled.jpeg","type":"image\/jpeg"}],"twitter_card":"summary_large_image","twitter_misc":{"Est. reading time":"1 minut"},"schema":{"@context":"https:\/\/schema.org","@graph":[{"@type":"WebPage","@id":"https:\/\/madoskampas.lt\/produktas\/milano-polo-megztukas-su-apykakle\/","url":"https:\/\/madoskampas.lt\/produktas\/milano-polo-megztukas-su-apykakle\/","name":"\u201eMilano Polo\u201c megztukas su apykakle - MadosKampas.lt","isPartOf":{"@id":"https:\/\/madoskampas.lt\/#website"},"primaryImageOfPage":{"@id":"https:\/\/madoskampas.lt\/produktas\/milano-polo-megztukas-su-apykakle\/#primaryimage"},"image":{"@id":"https:\/\/madoskampas.lt\/produktas\/milano-polo-megztukas-su-apykakle\/#primaryimage"},"thumbnailUrl":"https:\/\/madoskampas.lt\/wp-content\/uploads\/2026\/03\/IMG_9769-scaled.jpeg","datePublished":"2026-03-14T10:32:47+00:00","dateModified":"2026-03-14T11:55:15+00:00","breadcrumb":{"@id":"https:\/\/madoskampas.lt\/produktas\/milano-polo-megztukas-su-apykakle\/#breadcrumb"},"inLanguage":"et","potentialAction":[{"@type":"ReadAction","target":["https:\/\/madoskampas.lt\/produktas\/milano-polo-megztukas-su-apykakle\/"]}]},{"@type":"ImageObject","inLanguage":"et","@id":"https:\/\/madoskampas.lt\/produktas\/milano-polo-megztukas-su-apykakle\/#primaryimage","url":"https:\/\/madoskampas.lt\/wp-content\/uploads\/2026\/03\/IMG_9769-scaled.jpeg","contentUrl":"https:\/\/madoskampas.lt\/wp-content\/uploads\/2026\/03\/IMG_9769-scaled.jpeg","width":1920,"height":2560},{"@type":"BreadcrumbList","@id":"https:\/\/madoskampas.lt\/produktas\/milano-polo-megztukas-su-apykakle\/#breadcrumb","itemListElement":[{"@type":"ListItem","position":1,"name":"Home","item":"https:\/\/madoskampas.lt\/"},{"@type":"ListItem","position":2,"name":"Parduotuv\u0117","item":"https:\/\/madoskampas.lt\/parduotuve-2\/"},{"@type":"ListItem","position":3,"name":"\u201eMilano Polo\u201c megztukas su apykakle"}]},{"@type":"WebSite","@id":"https:\/\/madoskampas.lt\/#website","url":"https:\/\/madoskampas.lt\/","name":"FashionKampas.lt","description":"Stiilsed riided naistele","potentialAction":[{"@type":"SearchAction","target":{"@type":"EntryPoint","urlTemplate":"https:\/\/madoskampas.lt\/?s={search_term_string}"},"query-input":{"@type":"PropertyValueSpecification","valueRequired":true,"valueName":"search_term_string"}}],"inLanguage":"et"}]}},"uagb_featured_image_src":{"full":["https:\/\/madoskampas.lt\/wp-content\/uploads\/2026\/03\/IMG_9769-scaled.jpeg",1920,2560,false],"thumbnail":["https:\/\/madoskampas.lt\/wp-content\/uploads\/2026\/03\/IMG_9769-150x150.jpeg",150,150,true],"medium":["https:\/\/madoskampas.lt\/wp-content\/uploads\/2026\/03\/IMG_9769-225x300.jpeg",225,300,true],"medium_large":["https:\/\/madoskampas.lt\/wp-content\/uploads\/2026\/03\/IMG_9769-768x1024.jpeg",768,1024,true],"large":["https:\/\/madoskampas.lt\/wp-content\/uploads\/2026\/03\/IMG_9769-768x1024.jpeg",768,1024,true],"1536x1536":["https:\/\/madoskampas.lt\/wp-content\/uploads\/2026\/03\/IMG_9769-1152x1536.jpeg",1152,1536,true],"2048x2048":["https:\/\/madoskampas.lt\/wp-content\/uploads\/2026\/03\/IMG_9769-1536x2048.jpeg",1536,2048,true],"trp-custom-language-flag":["https:\/\/madoskampas.lt\/wp-content\/uploads\/2026\/03\/IMG_9769-9x12.jpeg",9,12,true],"nova-image-square":["https:\/\/madoskampas.lt\/wp-content\/uploads\/2026\/03\/IMG_9769-1100x1100.jpeg",1100,1100,true],"mixtas-product-03":["https:\/\/madoskampas.lt\/wp-content\/uploads\/2026\/03\/IMG_9769-600x345.jpeg",600,345,true],"woocommerce_thumbnail":["https:\/\/madoskampas.lt\/wp-content\/uploads\/2026\/03\/IMG_9769-700x700.jpeg",700,700,true],"woocommerce_single":["https:\/\/madoskampas.lt\/wp-content\/uploads\/2026\/03\/IMG_9769-1000x1333.jpeg",1000,1333,true],"woocommerce_gallery_thumbnail":["https:\/\/madoskampas.lt\/wp-content\/uploads\/2026\/03\/IMG_9769-250x250.jpeg",250,250,true],"variation_swatches_image_size":["https:\/\/madoskampas.lt\/wp-content\/uploads\/2026\/03\/IMG_9769-50x50.jpeg",50,50,true],"variation_swatches_tooltip_size":["https:\/\/madoskampas.lt\/wp-content\/uploads\/2026\/03\/IMG_9769-100x100.jpeg",100,100,true]},"uagb_author_info":{"display_name":"algirdasbart","author_link":"https:\/\/madoskampas.lt\/et\/author\/"},"uagb_comment_info":0,"uagb_excerpt":"Eleganti\u0161kas ir labai universalus \u201eMilano Polo\u201c megztukas \u2013 stilingas pasirinkimas kasdienai. Subtili polo tipo apykakl\u0117 su sagut\u0117mis suteikia klasikos poj\u016bt\u012f, o trumpesn\u0117s rankov\u0117s ir lengvas mezgimas leid\u017eia megztuk\u0105 patogiai d\u0117v\u0117ti tiek \u0161iltesn\u0117mis, tiek v\u0117sesn\u0117mis dienomis. Megztukas pasi\u016btas i\u0161 kokybi\u0161ko audinio, kuriame dominuoja medviln\u0117, tod\u0117l jis malonus prie k\u016bno ir puikiai krenta. Modelis gra\u017eiai dera tiek&hellip;","jetpack_sharing_enabled":true,"_links":{"self":[{"href":"https:\/\/madoskampas.lt\/et\/wp-json\/wp\/v2\/product\/29400","targetHints":{"allow":["GET"]}}],"collection":[{"href":"https:\/\/madoskampas.lt\/et\/wp-json\/wp\/v2\/product"}],"about":[{"href":"https:\/\/madoskampas.lt\/et\/wp-json\/wp\/v2\/types\/product"}],"replies":[{"embeddable":true,"href":"https:\/\/madoskampas.lt\/et\/wp-json\/wp\/v2\/comments?post=29400"}],"wp:featuredmedia":[{"embeddable":true,"href":"https:\/\/madoskampas.lt\/et\/wp-json\/wp\/v2\/media\/29404"}],"wp:attachment":[{"href":"https:\/\/madoskampas.lt\/et\/wp-json\/wp\/v2\/media?parent=29400"}],"wp:term":[{"taxonomy":"product_brand","embeddable":true,"href":"https:\/\/madoskampas.lt\/et\/wp-json\/wp\/v2\/product_brand?post=29400"},{"taxonomy":"product_cat","embeddable":true,"href":"https:\/\/madoskampas.lt\/et\/wp-json\/wp\/v2\/product_cat?post=29400"},{"taxonomy":"product_tag","embeddable":true,"href":"https:\/\/madoskampas.lt\/et\/wp-json\/wp\/v2\/product_tag?post=29400"}],"curies":[{"name":"wp","href":"https:\/\/api.w.org\/{rel}","templated":true}]}}