{"id":29512,"date":"2026-03-17T09:09:50","date_gmt":"2026-03-17T09:09:50","guid":{"rendered":"https:\/\/madoskampas.lt\/?post_type=product&#038;p=29512"},"modified":"2026-03-17T09:09:50","modified_gmt":"2026-03-17T09:09:50","slug":"grace-dots-sifonine-midi-suknele","status":"publish","type":"product","link":"https:\/\/madoskampas.lt\/et\/product-2\/grace-dots-sifonine-midi-suknele\/","title":{"rendered":"\u201eGrace Dots\u201c \u0161ifonin\u0117 midi suknel\u0117"},"content":{"rendered":"<p>Eleganti\u0161ka, lengvai krentanti ir labai universali \u2013 <strong data-start=\"127\" data-end=\"151\">\u201eGrace Dots\u201c suknel\u0117<\/strong> sukurta moteriai, kuri vertina subtil\u0173 stili\u0173 ir komfort\u0105. \u0160velnus \u0161ifono audinys gra\u017eiai plazda judant, o smulk\u016bs ta\u0161keliai suteikia i\u0161skirtinumo ir rafinuotumo.<\/p>","protected":false},"excerpt":{"rendered":"<div class=\"flex flex-col text-sm pb-25\">\n<article class=\"text-token-text-primary w-full focus:outline-none [--shadow-height:45px] has-data-writing-block:pointer-events-none has-data-writing-block:-mt-(--shadow-height) has-data-writing-block:pt-(--shadow-height) [&amp;:has([data-writing-block])&gt;*]:pointer-events-auto scroll-mt-[calc(var(--header-height)+min(200px,max(70px,20svh)))]\" dir=\"auto\" tabindex=\"-1\" data-turn-id=\"request-69a938ce-426c-8397-9a29-bc65235fcc49-30\" data-testid=\"conversation-turn-154\" data-scroll-anchor=\"true\" data-turn=\"assistant\">\n<div class=\"text-base my-auto mx-auto pb-10 [--thread-content-margin:var(--thread-content-margin-xs,calc(var(--spacing)*4))] @w-sm\/main:[--thread-content-margin:var(--thread-content-margin-sm,calc(var(--spacing)*6))] @w-lg\/main:[--thread-content-margin:var(--thread-content-margin-lg,calc(var(--spacing)*16))] px-(--thread-content-margin)\">\n<div class=\"[--thread-content-max-width:40rem] @w-lg\/main:[--thread-content-max-width:48rem] mx-auto max-w-(--thread-content-max-width) flex-1 group\/turn-messages focus-visible:outline-hidden relative flex w-full min-w-0 flex-col agent-turn\" tabindex=\"-1\">\n<div class=\"flex max-w-full flex-col gap-4 grow\">\n<div class=\"min-h-8 text-message relative flex w-full flex-col items-end gap-2 text-start break-words whitespace-normal [.text-message+&amp;]:mt-1\" dir=\"auto\" data-message-author-role=\"assistant\" data-message-id=\"7ae92f7e-db41-4a08-92a6-bb648d86a6b6\" data-message-model-slug=\"gpt-5-3\">\n<div class=\"flex w-full flex-col gap-1 empty:hidden\">\n<div class=\"markdown prose dark:prose-invert w-full wrap-break-word light markdown-new-styling\">\n<p data-start=\"74\" data-end=\"314\">Eleganti\u0161ka, lengvai krentanti ir labai universali \u2013 <strong data-start=\"127\" data-end=\"151\">\u201eGrace Dots\u201c suknel\u0117<\/strong> sukurta moteriai, kuri vertina subtil\u0173 stili\u0173 ir komfort\u0105. \u0160velnus \u0161ifono audinys gra\u017eiai plazda judant, o smulk\u016bs ta\u0161keliai suteikia i\u0161skirtinumo ir rafinuotumo.<\/p>\n<p data-start=\"316\" data-end=\"528\">Vir\u0161utin\u0117 dalis su apykakle ir sagut\u0117mis kuria klasikin\u012f \u012fvaizd\u012f, o \u0161velniai suraukta liemens linija pabr\u0117\u017eia fig\u016br\u0105 ir leid\u017eia jaustis moteri\u0161kai. Ilgos rankov\u0117s su lengvu p\u016btimu suteikia elegancijos ir jaukumo.<\/p>\n<p data-start=\"530\" data-end=\"662\">Puikiai tinka tiek kasdienai, tiek ypatingesn\u0117ms progoms \u2013 lengvai priderinsite tiek prie sportinio, tiek prie eleganti\u0161ko stiliaus.<\/p>\n<h3 data-section-id=\"1qjbsn9\" data-start=\"664\" data-end=\"675\">Dydis<\/h3>\n<p data-start=\"676\" data-end=\"711\">Universalus \u2013 <strong data-start=\"690\" data-end=\"711\">tinka nuo S iki L<\/strong><\/p>\n<h3 data-section-id=\"37jezx\" data-start=\"713\" data-end=\"730\">I\u0161matavimai<\/h3>\n<p data-start=\"731\" data-end=\"810\">Ilgis \u2013 <strong data-start=\"739\" data-end=\"749\">117 cm<\/strong><br data-start=\"749\" data-end=\"752\" \/>Per kr\u016btin\u0119 \u2013 <strong data-start=\"766\" data-end=\"775\">51 cm<\/strong><br data-start=\"775\" data-end=\"778\" \/>Liemuo \u2013 <strong data-start=\"787\" data-end=\"810\">37\u201351 cm (tempiasi)<\/strong><\/p>\n<h3 data-section-id=\"ih289p\" data-start=\"812\" data-end=\"825\">Sud\u0117tis<\/h3>\n<p data-start=\"826\" data-end=\"839\" data-is-last-node=\"\" data-is-only-node=\"\"><strong data-start=\"826\" data-end=\"837\">\u0160ifonas<\/strong> \u2728<\/p>\n<\/div>\n<\/div>\n<\/div>\n<\/div>\n<div class=\"z-0 flex min-h-[46px] justify-start\"><\/div>\n<div class=\"mt-3 w-full empty:hidden\">\n<div class=\"text-center\"><\/div>\n<\/div>\n<\/div>\n<\/div>\n<\/article>\n<\/div>\n<div class=\"pointer-events-none h-px w-px absolute bottom-0\" aria-hidden=\"true\" data-edge=\"true\"><\/div>\n","protected":false},"featured_media":29516,"comment_status":"open","ping_status":"closed","template":"","meta":{"_uag_custom_page_level_css":"","_monsterinsights_skip_tracking":false,"_monsterinsights_sitenote_active":false,"_monsterinsights_sitenote_note":"","_monsterinsights_sitenote_category":0},"product_brand":[],"product_cat":[66,95,78],"product_tag":[],"class_list":{"0":"post-29512","1":"product","2":"type-product","3":"status-publish","4":"has-post-thumbnail","6":"product_cat-drabuziai","7":"product_cat-naujausi","8":"product_cat-sukneles","9":"tm-has-options","11":"first","12":"instock","13":"shipping-taxable","14":"purchasable","15":"product-type-variable"},"yoast_head":"<!-- This site is optimized with the Yoast SEO plugin v27.6 - https:\/\/yoast.com\/product\/yoast-seo-wordpress\/ -->\n<title>\u201eGrace Dots\u201c \u0161ifonin\u0117 midi suknel\u0117 - MadosKampas.lt<\/title>\n<meta name=\"robots\" content=\"index, follow, max-snippet:-1, max-image-preview:large, max-video-preview:-1\" \/>\n<link rel=\"canonical\" href=\"https:\/\/madoskampas.lt\/et\/product-2\/grace-dots-sifonine-midi-suknele\/\" \/>\n<meta property=\"og:locale\" content=\"et_EE\" \/>\n<meta property=\"og:type\" content=\"article\" \/>\n<meta property=\"og:title\" content=\"\u201eGrace Dots\u201c \u0161ifonin\u0117 midi suknel\u0117 - MadosKampas.lt\" \/>\n<meta property=\"og:description\" content=\"Eleganti\u0161ka, lengvai krentanti ir labai universali \u2013 \u201eGrace Dots\u201c suknel\u0117 sukurta moteriai, kuri vertina subtil\u0173 stili\u0173 ir komfort\u0105. \u0160velnus \u0161ifono audinys gra\u017eiai plazda judant, o smulk\u016bs ta\u0161keliai suteikia i\u0161skirtinumo ir rafinuotumo. Vir\u0161utin\u0117 dalis su apykakle ir sagut\u0117mis kuria klasikin\u012f \u012fvaizd\u012f, o \u0161velniai suraukta liemens linija pabr\u0117\u017eia fig\u016br\u0105 ir leid\u017eia jaustis moteri\u0161kai. Ilgos rankov\u0117s su lengvu p\u016btimu suteikia elegancijos ir jaukumo. Puikiai tinka tiek kasdienai, tiek ypatingesn\u0117ms progoms \u2013 lengvai priderinsite tiek prie sportinio, tiek prie eleganti\u0161ko stiliaus.  Dydis Universalus \u2013 tinka nuo S iki L  I\u0161matavimai Ilgis \u2013 117 cmPer kr\u016btin\u0119 \u2013 51 cmLiemuo \u2013 37\u201351 cm (tempiasi)  Sud\u0117tis \u0160ifonas \u2728\" \/>\n<meta property=\"og:url\" content=\"https:\/\/madoskampas.lt\/et\/product-2\/grace-dots-sifonine-midi-suknele\/\" \/>\n<meta property=\"og:site_name\" content=\"MadosKampas.lt\" \/>\n<meta property=\"og:image\" content=\"https:\/\/madoskampas.lt\/wp-content\/uploads\/2026\/03\/IMG_0245-1.jpeg\" \/>\n\t<meta property=\"og:image:width\" content=\"1536\" \/>\n\t<meta property=\"og:image:height\" content=\"2048\" \/>\n\t<meta property=\"og:image:type\" content=\"image\/jpeg\" \/>\n<meta name=\"twitter:card\" content=\"summary_large_image\" \/>\n<meta name=\"twitter:label1\" content=\"Est. reading time\" \/>\n\t<meta name=\"twitter:data1\" content=\"1 minut\" \/>\n<script type=\"application\/ld+json\" class=\"yoast-schema-graph\">{\"@context\":\"https:\\\/\\\/schema.org\",\"@graph\":[{\"@type\":\"WebPage\",\"@id\":\"https:\\\/\\\/madoskampas.lt\\\/produktas\\\/grace-dots-sifonine-midi-suknele\\\/\",\"url\":\"https:\\\/\\\/madoskampas.lt\\\/produktas\\\/grace-dots-sifonine-midi-suknele\\\/\",\"name\":\"\u201eGrace Dots\u201c \u0161ifonin\u0117 midi suknel\u0117 - MadosKampas.lt\",\"isPartOf\":{\"@id\":\"https:\\\/\\\/madoskampas.lt\\\/#website\"},\"primaryImageOfPage\":{\"@id\":\"https:\\\/\\\/madoskampas.lt\\\/produktas\\\/grace-dots-sifonine-midi-suknele\\\/#primaryimage\"},\"image\":{\"@id\":\"https:\\\/\\\/madoskampas.lt\\\/produktas\\\/grace-dots-sifonine-midi-suknele\\\/#primaryimage\"},\"thumbnailUrl\":\"https:\\\/\\\/madoskampas.lt\\\/wp-content\\\/uploads\\\/2026\\\/03\\\/IMG_0245-1.jpeg\",\"datePublished\":\"2026-03-17T09:09:50+00:00\",\"breadcrumb\":{\"@id\":\"https:\\\/\\\/madoskampas.lt\\\/produktas\\\/grace-dots-sifonine-midi-suknele\\\/#breadcrumb\"},\"inLanguage\":\"et\",\"potentialAction\":[{\"@type\":\"ReadAction\",\"target\":[\"https:\\\/\\\/madoskampas.lt\\\/produktas\\\/grace-dots-sifonine-midi-suknele\\\/\"]}]},{\"@type\":\"ImageObject\",\"inLanguage\":\"et\",\"@id\":\"https:\\\/\\\/madoskampas.lt\\\/produktas\\\/grace-dots-sifonine-midi-suknele\\\/#primaryimage\",\"url\":\"https:\\\/\\\/madoskampas.lt\\\/wp-content\\\/uploads\\\/2026\\\/03\\\/IMG_0245-1.jpeg\",\"contentUrl\":\"https:\\\/\\\/madoskampas.lt\\\/wp-content\\\/uploads\\\/2026\\\/03\\\/IMG_0245-1.jpeg\",\"width\":1536,\"height\":2048},{\"@type\":\"BreadcrumbList\",\"@id\":\"https:\\\/\\\/madoskampas.lt\\\/produktas\\\/grace-dots-sifonine-midi-suknele\\\/#breadcrumb\",\"itemListElement\":[{\"@type\":\"ListItem\",\"position\":1,\"name\":\"Home\",\"item\":\"https:\\\/\\\/madoskampas.lt\\\/\"},{\"@type\":\"ListItem\",\"position\":2,\"name\":\"Parduotuv\u0117\",\"item\":\"https:\\\/\\\/madoskampas.lt\\\/parduotuve-2\\\/\"},{\"@type\":\"ListItem\",\"position\":3,\"name\":\"\u201eGrace Dots\u201c \u0161ifonin\u0117 midi suknel\u0117\"}]},{\"@type\":\"WebSite\",\"@id\":\"https:\\\/\\\/madoskampas.lt\\\/#website\",\"url\":\"https:\\\/\\\/madoskampas.lt\\\/\",\"name\":\"MadosKampas.lt\",\"description\":\"Stilingi drabu\u017eiai moterims\",\"potentialAction\":[{\"@type\":\"SearchAction\",\"target\":{\"@type\":\"EntryPoint\",\"urlTemplate\":\"https:\\\/\\\/madoskampas.lt\\\/?s={search_term_string}\"},\"query-input\":{\"@type\":\"PropertyValueSpecification\",\"valueRequired\":true,\"valueName\":\"search_term_string\"}}],\"inLanguage\":\"et\"}]}<\/script>\n<!-- \/ Yoast SEO plugin. -->","yoast_head_json":{"title":"\u201eGrace Dots\u201c \u0161ifonin\u0117 midi suknel\u0117 - MadosKampas.lt","robots":{"index":"index","follow":"follow","max-snippet":"max-snippet:-1","max-image-preview":"max-image-preview:large","max-video-preview":"max-video-preview:-1"},"canonical":"https:\/\/madoskampas.lt\/et\/product-2\/grace-dots-sifonine-midi-suknele\/","og_locale":"et_EE","og_type":"article","og_title":"\u201eGrace Dots\u201c \u0161ifonin\u0117 midi suknel\u0117 - MadosKampas.lt","og_description":"Eleganti\u0161ka, lengvai krentanti ir labai universali \u2013 \u201eGrace Dots\u201c suknel\u0117 sukurta moteriai, kuri vertina subtil\u0173 stili\u0173 ir komfort\u0105. \u0160velnus \u0161ifono audinys gra\u017eiai plazda judant, o smulk\u016bs ta\u0161keliai suteikia i\u0161skirtinumo ir rafinuotumo. Vir\u0161utin\u0117 dalis su apykakle ir sagut\u0117mis kuria klasikin\u012f \u012fvaizd\u012f, o \u0161velniai suraukta liemens linija pabr\u0117\u017eia fig\u016br\u0105 ir leid\u017eia jaustis moteri\u0161kai. Ilgos rankov\u0117s su lengvu p\u016btimu suteikia elegancijos ir jaukumo. Puikiai tinka tiek kasdienai, tiek ypatingesn\u0117ms progoms \u2013 lengvai priderinsite tiek prie sportinio, tiek prie eleganti\u0161ko stiliaus.  Dydis Universalus \u2013 tinka nuo S iki L  I\u0161matavimai Ilgis \u2013 117 cmPer kr\u016btin\u0119 \u2013 51 cmLiemuo \u2013 37\u201351 cm (tempiasi)  Sud\u0117tis \u0160ifonas \u2728","og_url":"https:\/\/madoskampas.lt\/et\/product-2\/grace-dots-sifonine-midi-suknele\/","og_site_name":"MadosKampas.lt","og_image":[{"width":1536,"height":2048,"url":"https:\/\/madoskampas.lt\/wp-content\/uploads\/2026\/03\/IMG_0245-1.jpeg","type":"image\/jpeg"}],"twitter_card":"summary_large_image","twitter_misc":{"Est. reading time":"1 minut"},"schema":{"@context":"https:\/\/schema.org","@graph":[{"@type":"WebPage","@id":"https:\/\/madoskampas.lt\/produktas\/grace-dots-sifonine-midi-suknele\/","url":"https:\/\/madoskampas.lt\/produktas\/grace-dots-sifonine-midi-suknele\/","name":"\u201eGrace Dots\u201c \u0161ifonin\u0117 midi suknel\u0117 - MadosKampas.lt","isPartOf":{"@id":"https:\/\/madoskampas.lt\/#website"},"primaryImageOfPage":{"@id":"https:\/\/madoskampas.lt\/produktas\/grace-dots-sifonine-midi-suknele\/#primaryimage"},"image":{"@id":"https:\/\/madoskampas.lt\/produktas\/grace-dots-sifonine-midi-suknele\/#primaryimage"},"thumbnailUrl":"https:\/\/madoskampas.lt\/wp-content\/uploads\/2026\/03\/IMG_0245-1.jpeg","datePublished":"2026-03-17T09:09:50+00:00","breadcrumb":{"@id":"https:\/\/madoskampas.lt\/produktas\/grace-dots-sifonine-midi-suknele\/#breadcrumb"},"inLanguage":"et","potentialAction":[{"@type":"ReadAction","target":["https:\/\/madoskampas.lt\/produktas\/grace-dots-sifonine-midi-suknele\/"]}]},{"@type":"ImageObject","inLanguage":"et","@id":"https:\/\/madoskampas.lt\/produktas\/grace-dots-sifonine-midi-suknele\/#primaryimage","url":"https:\/\/madoskampas.lt\/wp-content\/uploads\/2026\/03\/IMG_0245-1.jpeg","contentUrl":"https:\/\/madoskampas.lt\/wp-content\/uploads\/2026\/03\/IMG_0245-1.jpeg","width":1536,"height":2048},{"@type":"BreadcrumbList","@id":"https:\/\/madoskampas.lt\/produktas\/grace-dots-sifonine-midi-suknele\/#breadcrumb","itemListElement":[{"@type":"ListItem","position":1,"name":"Home","item":"https:\/\/madoskampas.lt\/"},{"@type":"ListItem","position":2,"name":"Parduotuv\u0117","item":"https:\/\/madoskampas.lt\/parduotuve-2\/"},{"@type":"ListItem","position":3,"name":"\u201eGrace Dots\u201c \u0161ifonin\u0117 midi suknel\u0117"}]},{"@type":"WebSite","@id":"https:\/\/madoskampas.lt\/#website","url":"https:\/\/madoskampas.lt\/","name":"FashionKampas.lt","description":"Stiilsed riided naistele","potentialAction":[{"@type":"SearchAction","target":{"@type":"EntryPoint","urlTemplate":"https:\/\/madoskampas.lt\/?s={search_term_string}"},"query-input":{"@type":"PropertyValueSpecification","valueRequired":true,"valueName":"search_term_string"}}],"inLanguage":"et"}]}},"uagb_featured_image_src":{"full":["https:\/\/madoskampas.lt\/wp-content\/uploads\/2026\/03\/IMG_0245-1.jpeg",1536,2048,false],"thumbnail":["https:\/\/madoskampas.lt\/wp-content\/uploads\/2026\/03\/IMG_0245-1-150x150.jpeg",150,150,true],"medium":["https:\/\/madoskampas.lt\/wp-content\/uploads\/2026\/03\/IMG_0245-1-225x300.jpeg",225,300,true],"medium_large":["https:\/\/madoskampas.lt\/wp-content\/uploads\/2026\/03\/IMG_0245-1-768x1024.jpeg",768,1024,true],"large":["https:\/\/madoskampas.lt\/wp-content\/uploads\/2026\/03\/IMG_0245-1-768x1024.jpeg",768,1024,true],"1536x1536":["https:\/\/madoskampas.lt\/wp-content\/uploads\/2026\/03\/IMG_0245-1-1152x1536.jpeg",1152,1536,true],"2048x2048":["https:\/\/madoskampas.lt\/wp-content\/uploads\/2026\/03\/IMG_0245-1.jpeg",1536,2048,false],"trp-custom-language-flag":["https:\/\/madoskampas.lt\/wp-content\/uploads\/2026\/03\/IMG_0245-1-9x12.jpeg",9,12,true],"nova-image-square":["https:\/\/madoskampas.lt\/wp-content\/uploads\/2026\/03\/IMG_0245-1-1100x1100.jpeg",1100,1100,true],"mixtas-product-03":["https:\/\/madoskampas.lt\/wp-content\/uploads\/2026\/03\/IMG_0245-1-600x345.jpeg",600,345,true],"woocommerce_thumbnail":["https:\/\/madoskampas.lt\/wp-content\/uploads\/2026\/03\/IMG_0245-1-700x700.jpeg",700,700,true],"woocommerce_single":["https:\/\/madoskampas.lt\/wp-content\/uploads\/2026\/03\/IMG_0245-1-1000x1333.jpeg",1000,1333,true],"woocommerce_gallery_thumbnail":["https:\/\/madoskampas.lt\/wp-content\/uploads\/2026\/03\/IMG_0245-1-250x250.jpeg",250,250,true],"variation_swatches_image_size":["https:\/\/madoskampas.lt\/wp-content\/uploads\/2026\/03\/IMG_0245-1-50x50.jpeg",50,50,true],"variation_swatches_tooltip_size":["https:\/\/madoskampas.lt\/wp-content\/uploads\/2026\/03\/IMG_0245-1-100x100.jpeg",100,100,true]},"uagb_author_info":{"display_name":"algirdasbart","author_link":"https:\/\/madoskampas.lt\/et\/author\/"},"uagb_comment_info":0,"uagb_excerpt":"Eleganti\u0161ka, lengvai krentanti ir labai universali \u2013 \u201eGrace Dots\u201c suknel\u0117 sukurta moteriai, kuri vertina subtil\u0173 stili\u0173 ir komfort\u0105. \u0160velnus \u0161ifono audinys gra\u017eiai plazda judant, o smulk\u016bs ta\u0161keliai suteikia i\u0161skirtinumo ir rafinuotumo. Vir\u0161utin\u0117 dalis su apykakle ir sagut\u0117mis kuria klasikin\u012f \u012fvaizd\u012f, o \u0161velniai suraukta liemens linija pabr\u0117\u017eia fig\u016br\u0105 ir leid\u017eia jaustis moteri\u0161kai. Ilgos rankov\u0117s su lengvu&hellip;","jetpack_sharing_enabled":true,"_links":{"self":[{"href":"https:\/\/madoskampas.lt\/et\/wp-json\/wp\/v2\/product\/29512","targetHints":{"allow":["GET"]}}],"collection":[{"href":"https:\/\/madoskampas.lt\/et\/wp-json\/wp\/v2\/product"}],"about":[{"href":"https:\/\/madoskampas.lt\/et\/wp-json\/wp\/v2\/types\/product"}],"replies":[{"embeddable":true,"href":"https:\/\/madoskampas.lt\/et\/wp-json\/wp\/v2\/comments?post=29512"}],"wp:featuredmedia":[{"embeddable":true,"href":"https:\/\/madoskampas.lt\/et\/wp-json\/wp\/v2\/media\/29516"}],"wp:attachment":[{"href":"https:\/\/madoskampas.lt\/et\/wp-json\/wp\/v2\/media?parent=29512"}],"wp:term":[{"taxonomy":"product_brand","embeddable":true,"href":"https:\/\/madoskampas.lt\/et\/wp-json\/wp\/v2\/product_brand?post=29512"},{"taxonomy":"product_cat","embeddable":true,"href":"https:\/\/madoskampas.lt\/et\/wp-json\/wp\/v2\/product_cat?post=29512"},{"taxonomy":"product_tag","embeddable":true,"href":"https:\/\/madoskampas.lt\/et\/wp-json\/wp\/v2\/product_tag?post=29512"}],"curies":[{"name":"wp","href":"https:\/\/api.w.org\/{rel}","templated":true}]}}