{"id":29565,"date":"2026-03-17T14:37:47","date_gmt":"2026-03-17T14:37:47","guid":{"rendered":"https:\/\/madoskampas.lt\/?post_type=product&#038;p=29565"},"modified":"2026-04-02T13:06:24","modified_gmt":"2026-04-02T13:06:24","slug":"summer-breeze-medvilninis-megztukas","status":"publish","type":"product","link":"https:\/\/madoskampas.lt\/et\/product-2\/summer-breeze-medvilninis-megztukas\/","title":{"rendered":"\u201eCandy Breeze\u201c medvilninis megztukas"},"content":{"rendered":"<p>Gaivus, lengvas ir i\u0161 karto pakeliantis nuotaik\u0105 \u2728<br data-start=\"126\" data-end=\"129\" \/><strong data-start=\"129\" data-end=\"157\">\u201eCandy Breeze\u201c megztukas<\/strong> \u2013 tai pavasario ir vasaros favoritas, kai norisi spalv\u0173, lengvumo ir komforto viename.<\/p>","protected":false},"excerpt":{"rendered":"<p data-start=\"76\" data-end=\"244\">Gaivus, lengvas ir i\u0161 karto pakeliantis nuotaik\u0105 \u2728<br data-start=\"126\" data-end=\"129\" \/><strong data-start=\"129\" data-end=\"157\">\u201eCandy Breeze\u201c megztukas<\/strong> \u2013 tai pavasario ir vasaros favoritas, kai norisi spalv\u0173, lengvumo ir komforto viename.<\/p>\n<p data-start=\"246\" data-end=\"509\">Itin plonas, \u0161velnus 100 % medviln\u0117s audinys leid\u017eia odai kv\u0117puoti ir suteikia malon\u0173 poj\u016bt\u012f visai dienai. Pastelin\u0117s juostel\u0117s kuria \u017eaisming\u0105, bet subtiliai stiling\u0105 \u012fvaizd\u012f, kuris lengvai dera tiek su \u0161viesiais d\u017einsais, tiek su lengvomis keln\u0117mis ar sijonais.<\/p>\n<p data-start=\"511\" data-end=\"628\">Puikiai tinka kasdienai, atostogoms ar lengvam miesto stiliui \u2013 kai norisi atrodyti gaiviai ir stilingai be pastang\u0173.<\/p>\n<h3 data-section-id=\"1qjbsn9\" data-start=\"630\" data-end=\"641\">Suurus<\/h3>\n<p data-start=\"642\" data-end=\"677\">Universalus \u2013 <strong data-start=\"656\" data-end=\"677\">tinka nuo S iki L<\/strong><\/p>\n<h3 data-section-id=\"37jezx\" data-start=\"679\" data-end=\"696\">I\u0161matavimai<\/h3>\n<p data-start=\"697\" data-end=\"743\">Per kr\u016btin\u0119 \u2013 <strong data-start=\"711\" data-end=\"723\">50\u201352 cm<\/strong><br data-start=\"723\" data-end=\"726\" \/>Ilgis \u2013 <strong data-start=\"734\" data-end=\"743\">56 cm<\/strong><\/p>\n<h3 data-section-id=\"ih289p\" data-start=\"745\" data-end=\"758\">Sud\u0117tis<\/h3>\n<p data-start=\"759\" data-end=\"780\" data-is-last-node=\"\" data-is-only-node=\"\"><strong data-start=\"759\" data-end=\"777\">100 % medviln\u0117<\/strong> \ud83c\udf3f<\/p>","protected":false},"featured_media":29571,"comment_status":"open","ping_status":"closed","template":"","meta":{"_uag_custom_page_level_css":"","_monsterinsights_skip_tracking":false,"_monsterinsights_sitenote_active":false,"_monsterinsights_sitenote_note":"","_monsterinsights_sitenote_category":0},"product_brand":[],"product_cat":[66,73,95],"product_tag":[],"class_list":{"0":"post-29565","1":"product","2":"type-product","3":"status-publish","4":"has-post-thumbnail","6":"product_cat-drabuziai","7":"product_cat-megztiniai","8":"product_cat-naujausi","9":"tm-has-options","11":"first","12":"instock","13":"sale","14":"shipping-taxable","15":"purchasable","16":"product-type-variable"},"yoast_head":"<!-- This site is optimized with the Yoast SEO plugin v27.3 - https:\/\/yoast.com\/product\/yoast-seo-wordpress\/ -->\n<title>\u201eCandy Breeze\u201c medvilninis megztukas - MadosKampas.lt<\/title>\n<meta name=\"robots\" content=\"index, follow, max-snippet:-1, max-image-preview:large, max-video-preview:-1\" \/>\n<link rel=\"canonical\" href=\"https:\/\/madoskampas.lt\/et\/product-2\/summer-breeze-medvilninis-megztukas\/\" \/>\n<meta property=\"og:locale\" content=\"et_EE\" \/>\n<meta property=\"og:type\" content=\"article\" \/>\n<meta property=\"og:title\" content=\"\u201eCandy Breeze\u201c medvilninis megztukas - MadosKampas.lt\" \/>\n<meta property=\"og:description\" content=\"Gaivus, lengvas ir i\u0161 karto pakeliantis nuotaik\u0105 \u2728\u201eCandy Breeze\u201c megztukas \u2013 tai pavasario ir vasaros favoritas, kai norisi spalv\u0173, lengvumo ir komforto viename. Itin plonas, \u0161velnus 100 % medviln\u0117s audinys leid\u017eia odai kv\u0117puoti ir suteikia malon\u0173 poj\u016bt\u012f visai dienai. Pastelin\u0117s juostel\u0117s kuria \u017eaisming\u0105, bet subtiliai stiling\u0105 \u012fvaizd\u012f, kuris lengvai dera tiek su \u0161viesiais d\u017einsais, tiek su lengvomis keln\u0117mis ar sijonais. Puikiai tinka kasdienai, atostogoms ar lengvam miesto stiliui \u2013 kai norisi atrodyti gaiviai ir stilingai be pastang\u0173.  Dydis Universalus \u2013 tinka nuo S iki L  I\u0161matavimai Per kr\u016btin\u0119 \u2013 50\u201352 cmIlgis \u2013 56 cm  Sud\u0117tis 100 % medviln\u0117 \ud83c\udf3f\" \/>\n<meta property=\"og:url\" content=\"https:\/\/madoskampas.lt\/et\/product-2\/summer-breeze-medvilninis-megztukas\/\" \/>\n<meta property=\"og:site_name\" content=\"MadosKampas.lt\" \/>\n<meta property=\"article:modified_time\" content=\"2026-04-02T13:06:24+00:00\" \/>\n<meta property=\"og:image\" content=\"https:\/\/madoskampas.lt\/wp-content\/uploads\/2026\/03\/IMG_0495-scaled.jpeg\" \/>\n\t<meta property=\"og:image:width\" content=\"1920\" \/>\n\t<meta property=\"og:image:height\" content=\"2560\" \/>\n\t<meta property=\"og:image:type\" content=\"image\/jpeg\" \/>\n<meta name=\"twitter:card\" content=\"summary_large_image\" \/>\n<meta name=\"twitter:label1\" content=\"Est. reading time\" \/>\n\t<meta name=\"twitter:data1\" content=\"1 minut\" \/>\n<script type=\"application\/ld+json\" class=\"yoast-schema-graph\">{\"@context\":\"https:\\\/\\\/schema.org\",\"@graph\":[{\"@type\":\"WebPage\",\"@id\":\"https:\\\/\\\/madoskampas.lt\\\/produktas\\\/summer-breeze-medvilninis-megztukas\\\/\",\"url\":\"https:\\\/\\\/madoskampas.lt\\\/produktas\\\/summer-breeze-medvilninis-megztukas\\\/\",\"name\":\"\u201eCandy Breeze\u201c medvilninis megztukas - MadosKampas.lt\",\"isPartOf\":{\"@id\":\"https:\\\/\\\/madoskampas.lt\\\/#website\"},\"primaryImageOfPage\":{\"@id\":\"https:\\\/\\\/madoskampas.lt\\\/produktas\\\/summer-breeze-medvilninis-megztukas\\\/#primaryimage\"},\"image\":{\"@id\":\"https:\\\/\\\/madoskampas.lt\\\/produktas\\\/summer-breeze-medvilninis-megztukas\\\/#primaryimage\"},\"thumbnailUrl\":\"https:\\\/\\\/madoskampas.lt\\\/wp-content\\\/uploads\\\/2026\\\/03\\\/IMG_0495-scaled.jpeg\",\"datePublished\":\"2026-03-17T14:37:47+00:00\",\"dateModified\":\"2026-04-02T13:06:24+00:00\",\"breadcrumb\":{\"@id\":\"https:\\\/\\\/madoskampas.lt\\\/produktas\\\/summer-breeze-medvilninis-megztukas\\\/#breadcrumb\"},\"inLanguage\":\"et\",\"potentialAction\":[{\"@type\":\"ReadAction\",\"target\":[\"https:\\\/\\\/madoskampas.lt\\\/produktas\\\/summer-breeze-medvilninis-megztukas\\\/\"]}]},{\"@type\":\"ImageObject\",\"inLanguage\":\"et\",\"@id\":\"https:\\\/\\\/madoskampas.lt\\\/produktas\\\/summer-breeze-medvilninis-megztukas\\\/#primaryimage\",\"url\":\"https:\\\/\\\/madoskampas.lt\\\/wp-content\\\/uploads\\\/2026\\\/03\\\/IMG_0495-scaled.jpeg\",\"contentUrl\":\"https:\\\/\\\/madoskampas.lt\\\/wp-content\\\/uploads\\\/2026\\\/03\\\/IMG_0495-scaled.jpeg\",\"width\":1920,\"height\":2560},{\"@type\":\"BreadcrumbList\",\"@id\":\"https:\\\/\\\/madoskampas.lt\\\/produktas\\\/summer-breeze-medvilninis-megztukas\\\/#breadcrumb\",\"itemListElement\":[{\"@type\":\"ListItem\",\"position\":1,\"name\":\"Home\",\"item\":\"https:\\\/\\\/madoskampas.lt\\\/\"},{\"@type\":\"ListItem\",\"position\":2,\"name\":\"Parduotuv\u0117\",\"item\":\"https:\\\/\\\/madoskampas.lt\\\/parduotuve-2\\\/\"},{\"@type\":\"ListItem\",\"position\":3,\"name\":\"\u201eCandy Breeze\u201c medvilninis megztukas\"}]},{\"@type\":\"WebSite\",\"@id\":\"https:\\\/\\\/madoskampas.lt\\\/#website\",\"url\":\"https:\\\/\\\/madoskampas.lt\\\/\",\"name\":\"MadosKampas.lt\",\"description\":\"Stilingi drabu\u017eiai moterims\",\"potentialAction\":[{\"@type\":\"SearchAction\",\"target\":{\"@type\":\"EntryPoint\",\"urlTemplate\":\"https:\\\/\\\/madoskampas.lt\\\/?s={search_term_string}\"},\"query-input\":{\"@type\":\"PropertyValueSpecification\",\"valueRequired\":true,\"valueName\":\"search_term_string\"}}],\"inLanguage\":\"et\"}]}<\/script>\n<!-- \/ Yoast SEO plugin. -->","yoast_head_json":{"title":"\u201eCandy Breeze\u201c medvilninis megztukas - MadosKampas.lt","robots":{"index":"index","follow":"follow","max-snippet":"max-snippet:-1","max-image-preview":"max-image-preview:large","max-video-preview":"max-video-preview:-1"},"canonical":"https:\/\/madoskampas.lt\/et\/product-2\/summer-breeze-medvilninis-megztukas\/","og_locale":"et_EE","og_type":"article","og_title":"\u201eCandy Breeze\u201c medvilninis megztukas - MadosKampas.lt","og_description":"Gaivus, lengvas ir i\u0161 karto pakeliantis nuotaik\u0105 \u2728\u201eCandy Breeze\u201c megztukas \u2013 tai pavasario ir vasaros favoritas, kai norisi spalv\u0173, lengvumo ir komforto viename. Itin plonas, \u0161velnus 100 % medviln\u0117s audinys leid\u017eia odai kv\u0117puoti ir suteikia malon\u0173 poj\u016bt\u012f visai dienai. Pastelin\u0117s juostel\u0117s kuria \u017eaisming\u0105, bet subtiliai stiling\u0105 \u012fvaizd\u012f, kuris lengvai dera tiek su \u0161viesiais d\u017einsais, tiek su lengvomis keln\u0117mis ar sijonais. Puikiai tinka kasdienai, atostogoms ar lengvam miesto stiliui \u2013 kai norisi atrodyti gaiviai ir stilingai be pastang\u0173.  Dydis Universalus \u2013 tinka nuo S iki L  I\u0161matavimai Per kr\u016btin\u0119 \u2013 50\u201352 cmIlgis \u2013 56 cm  Sud\u0117tis 100 % medviln\u0117 \ud83c\udf3f","og_url":"https:\/\/madoskampas.lt\/et\/product-2\/summer-breeze-medvilninis-megztukas\/","og_site_name":"MadosKampas.lt","article_modified_time":"2026-04-02T13:06:24+00:00","og_image":[{"width":1920,"height":2560,"url":"https:\/\/madoskampas.lt\/wp-content\/uploads\/2026\/03\/IMG_0495-scaled.jpeg","type":"image\/jpeg"}],"twitter_card":"summary_large_image","twitter_misc":{"Est. reading time":"1 minut"},"schema":{"@context":"https:\/\/schema.org","@graph":[{"@type":"WebPage","@id":"https:\/\/madoskampas.lt\/produktas\/summer-breeze-medvilninis-megztukas\/","url":"https:\/\/madoskampas.lt\/produktas\/summer-breeze-medvilninis-megztukas\/","name":"\u201eCandy Breeze\u201c medvilninis megztukas - MadosKampas.lt","isPartOf":{"@id":"https:\/\/madoskampas.lt\/#website"},"primaryImageOfPage":{"@id":"https:\/\/madoskampas.lt\/produktas\/summer-breeze-medvilninis-megztukas\/#primaryimage"},"image":{"@id":"https:\/\/madoskampas.lt\/produktas\/summer-breeze-medvilninis-megztukas\/#primaryimage"},"thumbnailUrl":"https:\/\/madoskampas.lt\/wp-content\/uploads\/2026\/03\/IMG_0495-scaled.jpeg","datePublished":"2026-03-17T14:37:47+00:00","dateModified":"2026-04-02T13:06:24+00:00","breadcrumb":{"@id":"https:\/\/madoskampas.lt\/produktas\/summer-breeze-medvilninis-megztukas\/#breadcrumb"},"inLanguage":"et","potentialAction":[{"@type":"ReadAction","target":["https:\/\/madoskampas.lt\/produktas\/summer-breeze-medvilninis-megztukas\/"]}]},{"@type":"ImageObject","inLanguage":"et","@id":"https:\/\/madoskampas.lt\/produktas\/summer-breeze-medvilninis-megztukas\/#primaryimage","url":"https:\/\/madoskampas.lt\/wp-content\/uploads\/2026\/03\/IMG_0495-scaled.jpeg","contentUrl":"https:\/\/madoskampas.lt\/wp-content\/uploads\/2026\/03\/IMG_0495-scaled.jpeg","width":1920,"height":2560},{"@type":"BreadcrumbList","@id":"https:\/\/madoskampas.lt\/produktas\/summer-breeze-medvilninis-megztukas\/#breadcrumb","itemListElement":[{"@type":"ListItem","position":1,"name":"Home","item":"https:\/\/madoskampas.lt\/"},{"@type":"ListItem","position":2,"name":"Parduotuv\u0117","item":"https:\/\/madoskampas.lt\/parduotuve-2\/"},{"@type":"ListItem","position":3,"name":"\u201eCandy Breeze\u201c medvilninis megztukas"}]},{"@type":"WebSite","@id":"https:\/\/madoskampas.lt\/#website","url":"https:\/\/madoskampas.lt\/","name":"FashionKampas.lt","description":"Stiilsed riided naistele","potentialAction":[{"@type":"SearchAction","target":{"@type":"EntryPoint","urlTemplate":"https:\/\/madoskampas.lt\/?s={search_term_string}"},"query-input":{"@type":"PropertyValueSpecification","valueRequired":true,"valueName":"search_term_string"}}],"inLanguage":"et"}]}},"uagb_featured_image_src":{"full":["https:\/\/madoskampas.lt\/wp-content\/uploads\/2026\/03\/IMG_0495-scaled.jpeg",1920,2560,false],"thumbnail":["https:\/\/madoskampas.lt\/wp-content\/uploads\/2026\/03\/IMG_0495-150x150.jpeg",150,150,true],"medium":["https:\/\/madoskampas.lt\/wp-content\/uploads\/2026\/03\/IMG_0495-225x300.jpeg",225,300,true],"medium_large":["https:\/\/madoskampas.lt\/wp-content\/uploads\/2026\/03\/IMG_0495-768x1024.jpeg",768,1024,true],"large":["https:\/\/madoskampas.lt\/wp-content\/uploads\/2026\/03\/IMG_0495-768x1024.jpeg",768,1024,true],"1536x1536":["https:\/\/madoskampas.lt\/wp-content\/uploads\/2026\/03\/IMG_0495-1152x1536.jpeg",1152,1536,true],"2048x2048":["https:\/\/madoskampas.lt\/wp-content\/uploads\/2026\/03\/IMG_0495-1536x2048.jpeg",1536,2048,true],"trp-custom-language-flag":["https:\/\/madoskampas.lt\/wp-content\/uploads\/2026\/03\/IMG_0495-9x12.jpeg",9,12,true],"nova-image-square":["https:\/\/madoskampas.lt\/wp-content\/uploads\/2026\/03\/IMG_0495-1100x1100.jpeg",1100,1100,true],"mixtas-product-03":["https:\/\/madoskampas.lt\/wp-content\/uploads\/2026\/03\/IMG_0495-600x345.jpeg",600,345,true],"woocommerce_thumbnail":["https:\/\/madoskampas.lt\/wp-content\/uploads\/2026\/03\/IMG_0495-700x700.jpeg",700,700,true],"woocommerce_single":["https:\/\/madoskampas.lt\/wp-content\/uploads\/2026\/03\/IMG_0495-1000x1333.jpeg",1000,1333,true],"woocommerce_gallery_thumbnail":["https:\/\/madoskampas.lt\/wp-content\/uploads\/2026\/03\/IMG_0495-250x250.jpeg",250,250,true],"variation_swatches_image_size":["https:\/\/madoskampas.lt\/wp-content\/uploads\/2026\/03\/IMG_0495-50x50.jpeg",50,50,true],"variation_swatches_tooltip_size":["https:\/\/madoskampas.lt\/wp-content\/uploads\/2026\/03\/IMG_0495-100x100.jpeg",100,100,true]},"uagb_author_info":{"display_name":"algirdasbart","author_link":"https:\/\/madoskampas.lt\/et\/author\/"},"uagb_comment_info":0,"uagb_excerpt":"Gaivus, lengvas ir i\u0161 karto pakeliantis nuotaik\u0105 \u2728\u201eCandy Breeze\u201c megztukas \u2013 tai pavasario ir vasaros favoritas, kai norisi spalv\u0173, lengvumo ir komforto viename. Itin plonas, \u0161velnus 100 % medviln\u0117s audinys leid\u017eia odai kv\u0117puoti ir suteikia malon\u0173 poj\u016bt\u012f visai dienai. Pastelin\u0117s juostel\u0117s kuria \u017eaisming\u0105, bet subtiliai stiling\u0105 \u012fvaizd\u012f, kuris lengvai dera tiek su \u0161viesiais d\u017einsais, tiek&hellip;","jetpack_sharing_enabled":true,"_links":{"self":[{"href":"https:\/\/madoskampas.lt\/et\/wp-json\/wp\/v2\/product\/29565","targetHints":{"allow":["GET"]}}],"collection":[{"href":"https:\/\/madoskampas.lt\/et\/wp-json\/wp\/v2\/product"}],"about":[{"href":"https:\/\/madoskampas.lt\/et\/wp-json\/wp\/v2\/types\/product"}],"replies":[{"embeddable":true,"href":"https:\/\/madoskampas.lt\/et\/wp-json\/wp\/v2\/comments?post=29565"}],"wp:featuredmedia":[{"embeddable":true,"href":"https:\/\/madoskampas.lt\/et\/wp-json\/wp\/v2\/media\/29571"}],"wp:attachment":[{"href":"https:\/\/madoskampas.lt\/et\/wp-json\/wp\/v2\/media?parent=29565"}],"wp:term":[{"taxonomy":"product_brand","embeddable":true,"href":"https:\/\/madoskampas.lt\/et\/wp-json\/wp\/v2\/product_brand?post=29565"},{"taxonomy":"product_cat","embeddable":true,"href":"https:\/\/madoskampas.lt\/et\/wp-json\/wp\/v2\/product_cat?post=29565"},{"taxonomy":"product_tag","embeddable":true,"href":"https:\/\/madoskampas.lt\/et\/wp-json\/wp\/v2\/product_tag?post=29565"}],"curies":[{"name":"wp","href":"https:\/\/api.w.org\/{rel}","templated":true}]}}