{"id":29665,"date":"2026-03-18T12:43:22","date_gmt":"2026-03-18T12:43:22","guid":{"rendered":"https:\/\/madoskampas.lt\/?post_type=product&#038;p=29665"},"modified":"2026-04-03T09:52:28","modified_gmt":"2026-04-03T09:52:28","slug":"sport-chic-comfort-kostiumelis","status":"publish","type":"product","link":"https:\/\/madoskampas.lt\/et\/product-2\/sport-chic-comfort-kostiumelis\/","title":{"rendered":"\u201eSport Chic Comfort\u201c kostium\u0117lis"},"content":{"rendered":"<p>Stilius, kuris atrodo lengvai, bet palieka \u012fsp\u016bd\u012f \u2728<br data-start=\"169\" data-end=\"172\" \/><strong data-start=\"172\" data-end=\"208\">\u201eSport Chic Comfort\u201c kostium\u0117lis<\/strong> \u2013 tai tobulas balansas tarp laisvalaikio patogumo ir subtilios elegancijos.<\/p>","protected":false},"excerpt":{"rendered":"<p data-start=\"118\" data-end=\"284\">Stilius, kuris atrodo lengvai, bet palieka \u012fsp\u016bd\u012f \u2728<br data-start=\"169\" data-end=\"172\" \/><strong data-start=\"172\" data-end=\"208\">\u201eSport Chic Comfort\u201c kostium\u0117lis<\/strong> \u2013 tai tobulas balansas tarp laisvalaikio patogumo ir subtilios elegancijos.<\/p>\n<p data-start=\"286\" data-end=\"526\">\u0160velnus, malonus audinys su viskoze suteikia lengvumo ir gra\u017eiai krenta, o elastanas u\u017etikrina patogum\u0105 bei jud\u0117jimo laisv\u0119. Vir\u0161utin\u0117 dalis su u\u017etrauktuku kuria sporti\u0161k\u0105 nuotaik\u0105, o kontrastin\u0117s detal\u0117s suteikia modernumo ir i\u0161skirtinumo.<\/p>\n<p data-start=\"528\" data-end=\"691\">Keln\u0117s \u2013 laisvai krentan\u010dios, patogios, nevar\u017eo judesi\u0173 ir vizualiai ilgina siluet\u0105. Tai tas kostium\u0117lis, kuris tiks tiek aktyviai dienai, tiek stilingam poilsiui.<\/p>\n<p data-start=\"693\" data-end=\"779\">Puikiai tiks:<br \/>\n\u2013 kelion\u0117ms<br data-start=\"718\" data-end=\"721\" \/>\u2013 miesto ritmui<br data-start=\"736\" data-end=\"739\" \/>\u2013 jaukiam, bet stilingam laisvalaikiui<\/p>\n<p data-start=\"781\" data-end=\"856\">Lengvai derinamas su sportine avalyne ar net eleganti\u0161kesniais aksesuarais.<\/p>\n<hr data-start=\"858\" data-end=\"861\" \/>\n<h3 data-section-id=\"1qjbsn9\" data-start=\"863\" data-end=\"874\">Suurus<\/h3>\n<p data-start=\"875\" data-end=\"896\">Tinka nuo <strong data-start=\"885\" data-end=\"896\">S kuni L<\/strong><\/p>\n<h3 data-section-id=\"37jezx\" data-start=\"815\" data-end=\"832\">I\u0161matavimai<\/h3>\n<p data-start=\"834\" data-end=\"894\"><strong data-start=\"834\" data-end=\"848\">D\u017eemperis:<\/strong><br data-start=\"848\" data-end=\"851\" \/>Ilgis \u2013 <strong data-start=\"859\" data-end=\"868\">56 cm<\/strong><br data-start=\"868\" data-end=\"871\" \/>Per kr\u016btin\u0119 \u2013 <strong data-start=\"885\" data-end=\"894\">57 cm<\/strong><\/p>\n<p data-start=\"896\" data-end=\"984\"><strong data-start=\"896\" data-end=\"907\">Keln\u0117s:<\/strong><br data-start=\"907\" data-end=\"910\" \/>Liemuo \u2013 <strong data-start=\"919\" data-end=\"942\">36\u201348 cm (tempiasi)<\/strong><br data-start=\"942\" data-end=\"945\" \/>Klubai \u2013 <strong data-start=\"954\" data-end=\"963\">53 cm<\/strong><br data-start=\"963\" data-end=\"966\" \/>Ilgis \u2013 <strong data-start=\"974\" data-end=\"984\">104 cm<\/strong><\/p>\n<hr data-start=\"898\" data-end=\"901\" \/>\n<h3 data-section-id=\"ih289p\" data-start=\"903\" data-end=\"916\">Sud\u0117tis<\/h3>\n<p data-start=\"917\" data-end=\"982\" data-is-last-node=\"\" data-is-only-node=\"\">50 % viskoz\u0117<br data-start=\"929\" data-end=\"932\" \/>25 % medviln\u0117<br data-start=\"945\" data-end=\"948\" \/>20 % poliesteris<br data-start=\"964\" data-end=\"967\" \/>5 % elastanas \u2728<\/p>","protected":false},"featured_media":29677,"comment_status":"open","ping_status":"closed","template":"","meta":{"_uag_custom_page_level_css":"","_monsterinsights_skip_tracking":false,"_monsterinsights_sitenote_active":false,"_monsterinsights_sitenote_note":"","_monsterinsights_sitenote_category":0},"product_brand":[],"product_cat":[66,70,95],"product_tag":[],"class_list":{"0":"post-29665","1":"product","2":"type-product","3":"status-publish","4":"has-post-thumbnail","6":"product_cat-drabuziai","7":"product_cat-kostiumeliai","8":"product_cat-naujausi","9":"tm-has-options","11":"first","12":"instock","13":"sale","14":"shipping-taxable","15":"purchasable","16":"product-type-variable"},"yoast_head":"<!-- This site is optimized with the Yoast SEO plugin v27.3 - https:\/\/yoast.com\/product\/yoast-seo-wordpress\/ -->\n<title>\u201eSport Chic Comfort\u201c kostium\u0117lis - MadosKampas.lt<\/title>\n<meta name=\"robots\" content=\"index, follow, max-snippet:-1, max-image-preview:large, max-video-preview:-1\" \/>\n<link rel=\"canonical\" href=\"https:\/\/madoskampas.lt\/et\/product-2\/sport-chic-comfort-kostiumelis\/\" \/>\n<meta property=\"og:locale\" content=\"et_EE\" \/>\n<meta property=\"og:type\" content=\"article\" \/>\n<meta property=\"og:title\" content=\"\u201eSport Chic Comfort\u201c kostium\u0117lis - MadosKampas.lt\" \/>\n<meta property=\"og:description\" content=\"Stilius, kuris atrodo lengvai, bet palieka \u012fsp\u016bd\u012f \u2728\u201eSport Chic Comfort\u201c kostium\u0117lis \u2013 tai tobulas balansas tarp laisvalaikio patogumo ir subtilios elegancijos. \u0160velnus, malonus audinys su viskoze suteikia lengvumo ir gra\u017eiai krenta, o elastanas u\u017etikrina patogum\u0105 bei jud\u0117jimo laisv\u0119. Vir\u0161utin\u0117 dalis su u\u017etrauktuku kuria sporti\u0161k\u0105 nuotaik\u0105, o kontrastin\u0117s detal\u0117s suteikia modernumo ir i\u0161skirtinumo. Keln\u0117s \u2013 laisvai krentan\u010dios, patogios, nevar\u017eo judesi\u0173 ir vizualiai ilgina siluet\u0105. Tai tas kostium\u0117lis, kuris tiks tiek aktyviai dienai, tiek stilingam poilsiui. Puikiai tiks: \u2013 kelion\u0117ms\u2013 miesto ritmui\u2013 jaukiam, bet stilingam laisvalaikiui Lengvai derinamas su sportine avalyne ar net eleganti\u0161kesniais aksesuarais.     Dydis Tinka nuo S iki L  I\u0161matavimai D\u017eemperis:Ilgis \u2013 56 cmPer kr\u016btin\u0119 \u2013 57 cm Keln\u0117s:Liemuo \u2013 36\u201348 cm (tempiasi)Klubai \u2013 53 cmIlgis \u2013 104 cm     Sud\u0117tis 50 % viskoz\u011725 % medviln\u011720 % poliesteris5 % elastanas \u2728\" \/>\n<meta property=\"og:url\" content=\"https:\/\/madoskampas.lt\/et\/product-2\/sport-chic-comfort-kostiumelis\/\" \/>\n<meta property=\"og:site_name\" content=\"MadosKampas.lt\" \/>\n<meta property=\"article:modified_time\" content=\"2026-04-03T09:52:28+00:00\" \/>\n<meta property=\"og:image\" content=\"https:\/\/madoskampas.lt\/wp-content\/uploads\/2026\/03\/IMG_0642-2-scaled.jpeg\" \/>\n\t<meta property=\"og:image:width\" content=\"1920\" \/>\n\t<meta property=\"og:image:height\" content=\"2560\" \/>\n\t<meta property=\"og:image:type\" content=\"image\/jpeg\" \/>\n<meta name=\"twitter:card\" content=\"summary_large_image\" \/>\n<meta name=\"twitter:label1\" content=\"Est. reading time\" \/>\n\t<meta name=\"twitter:data1\" content=\"1 minut\" \/>\n<script type=\"application\/ld+json\" class=\"yoast-schema-graph\">{\"@context\":\"https:\\\/\\\/schema.org\",\"@graph\":[{\"@type\":\"WebPage\",\"@id\":\"https:\\\/\\\/madoskampas.lt\\\/produktas\\\/sport-chic-comfort-kostiumelis\\\/\",\"url\":\"https:\\\/\\\/madoskampas.lt\\\/produktas\\\/sport-chic-comfort-kostiumelis\\\/\",\"name\":\"\u201eSport Chic Comfort\u201c kostium\u0117lis - MadosKampas.lt\",\"isPartOf\":{\"@id\":\"https:\\\/\\\/madoskampas.lt\\\/#website\"},\"primaryImageOfPage\":{\"@id\":\"https:\\\/\\\/madoskampas.lt\\\/produktas\\\/sport-chic-comfort-kostiumelis\\\/#primaryimage\"},\"image\":{\"@id\":\"https:\\\/\\\/madoskampas.lt\\\/produktas\\\/sport-chic-comfort-kostiumelis\\\/#primaryimage\"},\"thumbnailUrl\":\"https:\\\/\\\/madoskampas.lt\\\/wp-content\\\/uploads\\\/2026\\\/03\\\/IMG_0642-2-scaled.jpeg\",\"datePublished\":\"2026-03-18T12:43:22+00:00\",\"dateModified\":\"2026-04-03T09:52:28+00:00\",\"breadcrumb\":{\"@id\":\"https:\\\/\\\/madoskampas.lt\\\/produktas\\\/sport-chic-comfort-kostiumelis\\\/#breadcrumb\"},\"inLanguage\":\"et\",\"potentialAction\":[{\"@type\":\"ReadAction\",\"target\":[\"https:\\\/\\\/madoskampas.lt\\\/produktas\\\/sport-chic-comfort-kostiumelis\\\/\"]}]},{\"@type\":\"ImageObject\",\"inLanguage\":\"et\",\"@id\":\"https:\\\/\\\/madoskampas.lt\\\/produktas\\\/sport-chic-comfort-kostiumelis\\\/#primaryimage\",\"url\":\"https:\\\/\\\/madoskampas.lt\\\/wp-content\\\/uploads\\\/2026\\\/03\\\/IMG_0642-2-scaled.jpeg\",\"contentUrl\":\"https:\\\/\\\/madoskampas.lt\\\/wp-content\\\/uploads\\\/2026\\\/03\\\/IMG_0642-2-scaled.jpeg\",\"width\":1920,\"height\":2560},{\"@type\":\"BreadcrumbList\",\"@id\":\"https:\\\/\\\/madoskampas.lt\\\/produktas\\\/sport-chic-comfort-kostiumelis\\\/#breadcrumb\",\"itemListElement\":[{\"@type\":\"ListItem\",\"position\":1,\"name\":\"Home\",\"item\":\"https:\\\/\\\/madoskampas.lt\\\/\"},{\"@type\":\"ListItem\",\"position\":2,\"name\":\"Parduotuv\u0117\",\"item\":\"https:\\\/\\\/madoskampas.lt\\\/parduotuve-2\\\/\"},{\"@type\":\"ListItem\",\"position\":3,\"name\":\"\u201eSport Chic Comfort\u201c kostium\u0117lis\"}]},{\"@type\":\"WebSite\",\"@id\":\"https:\\\/\\\/madoskampas.lt\\\/#website\",\"url\":\"https:\\\/\\\/madoskampas.lt\\\/\",\"name\":\"MadosKampas.lt\",\"description\":\"Stilingi drabu\u017eiai moterims\",\"potentialAction\":[{\"@type\":\"SearchAction\",\"target\":{\"@type\":\"EntryPoint\",\"urlTemplate\":\"https:\\\/\\\/madoskampas.lt\\\/?s={search_term_string}\"},\"query-input\":{\"@type\":\"PropertyValueSpecification\",\"valueRequired\":true,\"valueName\":\"search_term_string\"}}],\"inLanguage\":\"et\"}]}<\/script>\n<!-- \/ Yoast SEO plugin. -->","yoast_head_json":{"title":"\u201eSport Chic Comfort\u201c kostium\u0117lis - MadosKampas.lt","robots":{"index":"index","follow":"follow","max-snippet":"max-snippet:-1","max-image-preview":"max-image-preview:large","max-video-preview":"max-video-preview:-1"},"canonical":"https:\/\/madoskampas.lt\/et\/product-2\/sport-chic-comfort-kostiumelis\/","og_locale":"et_EE","og_type":"article","og_title":"\u201eSport Chic Comfort\u201c kostium\u0117lis - MadosKampas.lt","og_description":"Stilius, kuris atrodo lengvai, bet palieka \u012fsp\u016bd\u012f \u2728\u201eSport Chic Comfort\u201c kostium\u0117lis \u2013 tai tobulas balansas tarp laisvalaikio patogumo ir subtilios elegancijos. \u0160velnus, malonus audinys su viskoze suteikia lengvumo ir gra\u017eiai krenta, o elastanas u\u017etikrina patogum\u0105 bei jud\u0117jimo laisv\u0119. Vir\u0161utin\u0117 dalis su u\u017etrauktuku kuria sporti\u0161k\u0105 nuotaik\u0105, o kontrastin\u0117s detal\u0117s suteikia modernumo ir i\u0161skirtinumo. Keln\u0117s \u2013 laisvai krentan\u010dios, patogios, nevar\u017eo judesi\u0173 ir vizualiai ilgina siluet\u0105. Tai tas kostium\u0117lis, kuris tiks tiek aktyviai dienai, tiek stilingam poilsiui. Puikiai tiks: \u2013 kelion\u0117ms\u2013 miesto ritmui\u2013 jaukiam, bet stilingam laisvalaikiui Lengvai derinamas su sportine avalyne ar net eleganti\u0161kesniais aksesuarais.     Dydis Tinka nuo S iki L  I\u0161matavimai D\u017eemperis:Ilgis \u2013 56 cmPer kr\u016btin\u0119 \u2013 57 cm Keln\u0117s:Liemuo \u2013 36\u201348 cm (tempiasi)Klubai \u2013 53 cmIlgis \u2013 104 cm     Sud\u0117tis 50 % viskoz\u011725 % medviln\u011720 % poliesteris5 % elastanas \u2728","og_url":"https:\/\/madoskampas.lt\/et\/product-2\/sport-chic-comfort-kostiumelis\/","og_site_name":"MadosKampas.lt","article_modified_time":"2026-04-03T09:52:28+00:00","og_image":[{"width":1920,"height":2560,"url":"https:\/\/madoskampas.lt\/wp-content\/uploads\/2026\/03\/IMG_0642-2-scaled.jpeg","type":"image\/jpeg"}],"twitter_card":"summary_large_image","twitter_misc":{"Est. reading time":"1 minut"},"schema":{"@context":"https:\/\/schema.org","@graph":[{"@type":"WebPage","@id":"https:\/\/madoskampas.lt\/produktas\/sport-chic-comfort-kostiumelis\/","url":"https:\/\/madoskampas.lt\/produktas\/sport-chic-comfort-kostiumelis\/","name":"\u201eSport Chic Comfort\u201c kostium\u0117lis - MadosKampas.lt","isPartOf":{"@id":"https:\/\/madoskampas.lt\/#website"},"primaryImageOfPage":{"@id":"https:\/\/madoskampas.lt\/produktas\/sport-chic-comfort-kostiumelis\/#primaryimage"},"image":{"@id":"https:\/\/madoskampas.lt\/produktas\/sport-chic-comfort-kostiumelis\/#primaryimage"},"thumbnailUrl":"https:\/\/madoskampas.lt\/wp-content\/uploads\/2026\/03\/IMG_0642-2-scaled.jpeg","datePublished":"2026-03-18T12:43:22+00:00","dateModified":"2026-04-03T09:52:28+00:00","breadcrumb":{"@id":"https:\/\/madoskampas.lt\/produktas\/sport-chic-comfort-kostiumelis\/#breadcrumb"},"inLanguage":"et","potentialAction":[{"@type":"ReadAction","target":["https:\/\/madoskampas.lt\/produktas\/sport-chic-comfort-kostiumelis\/"]}]},{"@type":"ImageObject","inLanguage":"et","@id":"https:\/\/madoskampas.lt\/produktas\/sport-chic-comfort-kostiumelis\/#primaryimage","url":"https:\/\/madoskampas.lt\/wp-content\/uploads\/2026\/03\/IMG_0642-2-scaled.jpeg","contentUrl":"https:\/\/madoskampas.lt\/wp-content\/uploads\/2026\/03\/IMG_0642-2-scaled.jpeg","width":1920,"height":2560},{"@type":"BreadcrumbList","@id":"https:\/\/madoskampas.lt\/produktas\/sport-chic-comfort-kostiumelis\/#breadcrumb","itemListElement":[{"@type":"ListItem","position":1,"name":"Home","item":"https:\/\/madoskampas.lt\/"},{"@type":"ListItem","position":2,"name":"Parduotuv\u0117","item":"https:\/\/madoskampas.lt\/parduotuve-2\/"},{"@type":"ListItem","position":3,"name":"\u201eSport Chic Comfort\u201c kostium\u0117lis"}]},{"@type":"WebSite","@id":"https:\/\/madoskampas.lt\/#website","url":"https:\/\/madoskampas.lt\/","name":"FashionKampas.lt","description":"Stiilsed riided naistele","potentialAction":[{"@type":"SearchAction","target":{"@type":"EntryPoint","urlTemplate":"https:\/\/madoskampas.lt\/?s={search_term_string}"},"query-input":{"@type":"PropertyValueSpecification","valueRequired":true,"valueName":"search_term_string"}}],"inLanguage":"et"}]}},"uagb_featured_image_src":{"full":["https:\/\/madoskampas.lt\/wp-content\/uploads\/2026\/03\/IMG_0642-2-scaled.jpeg",1920,2560,false],"thumbnail":["https:\/\/madoskampas.lt\/wp-content\/uploads\/2026\/03\/IMG_0642-2-150x150.jpeg",150,150,true],"medium":["https:\/\/madoskampas.lt\/wp-content\/uploads\/2026\/03\/IMG_0642-2-225x300.jpeg",225,300,true],"medium_large":["https:\/\/madoskampas.lt\/wp-content\/uploads\/2026\/03\/IMG_0642-2-768x1024.jpeg",768,1024,true],"large":["https:\/\/madoskampas.lt\/wp-content\/uploads\/2026\/03\/IMG_0642-2-768x1024.jpeg",768,1024,true],"1536x1536":["https:\/\/madoskampas.lt\/wp-content\/uploads\/2026\/03\/IMG_0642-2-1152x1536.jpeg",1152,1536,true],"2048x2048":["https:\/\/madoskampas.lt\/wp-content\/uploads\/2026\/03\/IMG_0642-2-1536x2048.jpeg",1536,2048,true],"trp-custom-language-flag":["https:\/\/madoskampas.lt\/wp-content\/uploads\/2026\/03\/IMG_0642-2-9x12.jpeg",9,12,true],"nova-image-square":["https:\/\/madoskampas.lt\/wp-content\/uploads\/2026\/03\/IMG_0642-2-1100x1100.jpeg",1100,1100,true],"mixtas-product-03":["https:\/\/madoskampas.lt\/wp-content\/uploads\/2026\/03\/IMG_0642-2-600x345.jpeg",600,345,true],"woocommerce_thumbnail":["https:\/\/madoskampas.lt\/wp-content\/uploads\/2026\/03\/IMG_0642-2-700x700.jpeg",700,700,true],"woocommerce_single":["https:\/\/madoskampas.lt\/wp-content\/uploads\/2026\/03\/IMG_0642-2-1000x1333.jpeg",1000,1333,true],"woocommerce_gallery_thumbnail":["https:\/\/madoskampas.lt\/wp-content\/uploads\/2026\/03\/IMG_0642-2-250x250.jpeg",250,250,true],"variation_swatches_image_size":["https:\/\/madoskampas.lt\/wp-content\/uploads\/2026\/03\/IMG_0642-2-50x50.jpeg",50,50,true],"variation_swatches_tooltip_size":["https:\/\/madoskampas.lt\/wp-content\/uploads\/2026\/03\/IMG_0642-2-100x100.jpeg",100,100,true]},"uagb_author_info":{"display_name":"algirdasbart","author_link":"https:\/\/madoskampas.lt\/et\/author\/"},"uagb_comment_info":0,"uagb_excerpt":"Stilius, kuris atrodo lengvai, bet palieka \u012fsp\u016bd\u012f \u2728\u201eSport Chic Comfort\u201c kostium\u0117lis \u2013 tai tobulas balansas tarp laisvalaikio patogumo ir subtilios elegancijos. \u0160velnus, malonus audinys su viskoze suteikia lengvumo ir gra\u017eiai krenta, o elastanas u\u017etikrina patogum\u0105 bei jud\u0117jimo laisv\u0119. Vir\u0161utin\u0117 dalis su u\u017etrauktuku kuria sporti\u0161k\u0105 nuotaik\u0105, o kontrastin\u0117s detal\u0117s suteikia modernumo ir i\u0161skirtinumo. Keln\u0117s \u2013 laisvai&hellip;","jetpack_sharing_enabled":true,"_links":{"self":[{"href":"https:\/\/madoskampas.lt\/et\/wp-json\/wp\/v2\/product\/29665","targetHints":{"allow":["GET"]}}],"collection":[{"href":"https:\/\/madoskampas.lt\/et\/wp-json\/wp\/v2\/product"}],"about":[{"href":"https:\/\/madoskampas.lt\/et\/wp-json\/wp\/v2\/types\/product"}],"replies":[{"embeddable":true,"href":"https:\/\/madoskampas.lt\/et\/wp-json\/wp\/v2\/comments?post=29665"}],"wp:featuredmedia":[{"embeddable":true,"href":"https:\/\/madoskampas.lt\/et\/wp-json\/wp\/v2\/media\/29677"}],"wp:attachment":[{"href":"https:\/\/madoskampas.lt\/et\/wp-json\/wp\/v2\/media?parent=29665"}],"wp:term":[{"taxonomy":"product_brand","embeddable":true,"href":"https:\/\/madoskampas.lt\/et\/wp-json\/wp\/v2\/product_brand?post=29665"},{"taxonomy":"product_cat","embeddable":true,"href":"https:\/\/madoskampas.lt\/et\/wp-json\/wp\/v2\/product_cat?post=29665"},{"taxonomy":"product_tag","embeddable":true,"href":"https:\/\/madoskampas.lt\/et\/wp-json\/wp\/v2\/product_tag?post=29665"}],"curies":[{"name":"wp","href":"https:\/\/api.w.org\/{rel}","templated":true}]}}