{"id":30095,"date":"2026-03-24T14:33:20","date_gmt":"2026-03-24T14:33:20","guid":{"rendered":"https:\/\/madoskampas.lt\/?post_type=product&#038;p=30095"},"modified":"2026-05-12T10:03:29","modified_gmt":"2026-05-12T10:03:29","slug":"formuojancios-tampres-second-skin","status":"publish","type":"product","link":"https:\/\/madoskampas.lt\/et\/product-2\/formuojancios-tampres-second-skin\/","title":{"rendered":"Formuojan\u010dios tampr\u0117s \u201eSecond Skin\u201c"},"content":{"rendered":"<p data-start=\"136\" data-end=\"225\">Tampr\u0117s, kurios prisitaiko prie k\u016bno taip, lyg b\u016bt\u0173 sukurtos b\u016btent tau.<\/p>\n<p data-start=\"227\" data-end=\"431\">\u0160velnios, elastingos ir idealiai priglundan\u010dios \u2013 jos ne tik patogios, bet ir gra\u017eiai formuoja siluet\u0105. Auk\u0161tas liemuo subtiliai prilaiko, i\u0161ry\u0161kina linijas ir suteikia pasitik\u0117jimo kiekviename \u017eingsnyje.<\/p>\n<p data-start=\"433\" data-end=\"604\">","protected":false},"excerpt":{"rendered":"<p data-start=\"136\" data-end=\"225\">Tampr\u0117s, kurios prisitaiko prie k\u016bno taip, lyg b\u016bt\u0173 sukurtos b\u016btent tau.<\/p>\n<p data-start=\"227\" data-end=\"431\">\u0160velnios, elastingos ir idealiai priglundan\u010dios \u2013 jos ne tik patogios, bet ir gra\u017eiai formuoja siluet\u0105. Auk\u0161tas liemuo subtiliai prilaiko, i\u0161ry\u0161kina linijas ir suteikia pasitik\u0117jimo kiekviename \u017eingsnyje.<\/p>\n<p data-start=\"433\" data-end=\"604\">Tai tas modelis, kur\u012f norisi vilk\u0117ti visur \u2013 nuo aktyvios dienos iki jaukaus laisvalaikio. Su d\u017eemperiu, mar\u0161kiniais ar \u0161varku \u2013 visada atrodys stilingai ir \u0161iuolaiki\u0161kai.<\/p>\n<hr data-start=\"606\" data-end=\"609\" \/>\n<p data-start=\"611\" data-end=\"787\"><strong data-start=\"611\" data-end=\"653\">Sud\u0117tis, kuri dirba d\u0117l tavo komforto:<\/strong><br data-start=\"653\" data-end=\"656\" \/>- <strong data-start=\"658\" data-end=\"676\">76% poliamidas<\/strong> \u2013 \u0161velnus, lengvas ir tvirtas audinys<br data-start=\"714\" data-end=\"717\" \/>- <strong data-start=\"719\" data-end=\"736\">24% elastanas<\/strong> \u2013 maksimalus elastingumas ir tobulas prigludimas<\/p>\n<p data-start=\"789\" data-end=\"868\">\ud83d\udc49 Tampr\u0117s, kurios nevar\u017eo, nesmenga ir i\u0161laiko form\u0105 net po daugelio d\u0117v\u0117jim\u0173.<\/p>","protected":false},"featured_media":31844,"comment_status":"open","ping_status":"closed","template":"","meta":{"_uag_custom_page_level_css":"","_monsterinsights_skip_tracking":false,"_monsterinsights_sitenote_active":false,"_monsterinsights_sitenote_note":"","_monsterinsights_sitenote_category":0},"product_brand":[],"product_cat":[66,95,96,80],"product_tag":[],"class_list":{"0":"post-30095","1":"product","2":"type-product","3":"status-publish","4":"has-post-thumbnail","6":"product_cat-drabuziai","7":"product_cat-naujausi","8":"product_cat-populiariausi","9":"product_cat-tampres","10":"tm-has-options","12":"first","13":"instock","14":"sale","15":"shipping-taxable","16":"purchasable","17":"product-type-variable"},"yoast_head":"<!-- This site is optimized with the Yoast SEO plugin v27.6 - https:\/\/yoast.com\/product\/yoast-seo-wordpress\/ -->\n<title>Formuojan\u010dios tampr\u0117s \u201eSecond Skin\u201c - MadosKampas.lt<\/title>\n<meta name=\"robots\" content=\"index, follow, max-snippet:-1, max-image-preview:large, max-video-preview:-1\" \/>\n<link rel=\"canonical\" href=\"https:\/\/madoskampas.lt\/et\/product-2\/formuojancios-tampres-second-skin\/\" \/>\n<meta property=\"og:locale\" content=\"et_EE\" \/>\n<meta property=\"og:type\" content=\"article\" \/>\n<meta property=\"og:title\" content=\"Formuojan\u010dios tampr\u0117s \u201eSecond Skin\u201c - MadosKampas.lt\" \/>\n<meta property=\"og:description\" content=\"Tampr\u0117s, kurios prisitaiko prie k\u016bno taip, lyg b\u016bt\u0173 sukurtos b\u016btent tau. \u0160velnios, elastingos ir idealiai priglundan\u010dios \u2013 jos ne tik patogios, bet ir gra\u017eiai formuoja siluet\u0105. Auk\u0161tas liemuo subtiliai prilaiko, i\u0161ry\u0161kina linijas ir suteikia pasitik\u0117jimo kiekviename \u017eingsnyje. Tai tas modelis, kur\u012f norisi vilk\u0117ti visur \u2013 nuo aktyvios dienos iki jaukaus laisvalaikio. Su d\u017eemperiu, mar\u0161kiniais ar \u0161varku \u2013 visada atrodys stilingai ir \u0161iuolaiki\u0161kai.    Sud\u0117tis, kuri dirba d\u0117l tavo komforto:\u2022 76% poliamidas \u2013 \u0161velnus, lengvas ir tvirtas audinys\u2022 24% elastanas \u2013 maksimalus elastingumas ir tobulas prigludimas \ud83d\udc49 Tampr\u0117s, kurios nevar\u017eo, nesmenga ir i\u0161laiko form\u0105 net po daugelio d\u0117v\u0117jim\u0173.\" \/>\n<meta property=\"og:url\" content=\"https:\/\/madoskampas.lt\/et\/product-2\/formuojancios-tampres-second-skin\/\" \/>\n<meta property=\"og:site_name\" content=\"MadosKampas.lt\" \/>\n<meta property=\"article:modified_time\" content=\"2026-05-12T10:03:29+00:00\" \/>\n<meta property=\"og:image\" content=\"https:\/\/madoskampas.lt\/wp-content\/uploads\/2026\/03\/img_2856-1-scaled.jpeg\" \/>\n\t<meta property=\"og:image:width\" content=\"1920\" \/>\n\t<meta property=\"og:image:height\" content=\"2560\" \/>\n\t<meta property=\"og:image:type\" content=\"image\/jpeg\" \/>\n<meta name=\"twitter:card\" content=\"summary_large_image\" \/>\n<meta name=\"twitter:label1\" content=\"Est. reading time\" \/>\n\t<meta name=\"twitter:data1\" content=\"1 minut\" \/>\n<script type=\"application\/ld+json\" class=\"yoast-schema-graph\">{\"@context\":\"https:\\\/\\\/schema.org\",\"@graph\":[{\"@type\":\"WebPage\",\"@id\":\"https:\\\/\\\/madoskampas.lt\\\/produktas\\\/formuojancios-tampres-second-skin\\\/\",\"url\":\"https:\\\/\\\/madoskampas.lt\\\/produktas\\\/formuojancios-tampres-second-skin\\\/\",\"name\":\"Formuojan\u010dios tampr\u0117s \u201eSecond Skin\u201c - MadosKampas.lt\",\"isPartOf\":{\"@id\":\"https:\\\/\\\/madoskampas.lt\\\/#website\"},\"primaryImageOfPage\":{\"@id\":\"https:\\\/\\\/madoskampas.lt\\\/produktas\\\/formuojancios-tampres-second-skin\\\/#primaryimage\"},\"image\":{\"@id\":\"https:\\\/\\\/madoskampas.lt\\\/produktas\\\/formuojancios-tampres-second-skin\\\/#primaryimage\"},\"thumbnailUrl\":\"https:\\\/\\\/madoskampas.lt\\\/wp-content\\\/uploads\\\/2026\\\/03\\\/img_6181-scaled.jpeg\",\"datePublished\":\"2026-03-24T14:33:20+00:00\",\"dateModified\":\"2026-05-12T10:03:29+00:00\",\"breadcrumb\":{\"@id\":\"https:\\\/\\\/madoskampas.lt\\\/produktas\\\/formuojancios-tampres-second-skin\\\/#breadcrumb\"},\"inLanguage\":\"et\",\"potentialAction\":[{\"@type\":\"ReadAction\",\"target\":[\"https:\\\/\\\/madoskampas.lt\\\/produktas\\\/formuojancios-tampres-second-skin\\\/\"]}]},{\"@type\":\"ImageObject\",\"inLanguage\":\"et\",\"@id\":\"https:\\\/\\\/madoskampas.lt\\\/produktas\\\/formuojancios-tampres-second-skin\\\/#primaryimage\",\"url\":\"https:\\\/\\\/madoskampas.lt\\\/wp-content\\\/uploads\\\/2026\\\/03\\\/img_6181-scaled.jpeg\",\"contentUrl\":\"https:\\\/\\\/madoskampas.lt\\\/wp-content\\\/uploads\\\/2026\\\/03\\\/img_6181-scaled.jpeg\",\"width\":1920,\"height\":2560},{\"@type\":\"BreadcrumbList\",\"@id\":\"https:\\\/\\\/madoskampas.lt\\\/produktas\\\/formuojancios-tampres-second-skin\\\/#breadcrumb\",\"itemListElement\":[{\"@type\":\"ListItem\",\"position\":1,\"name\":\"Home\",\"item\":\"https:\\\/\\\/madoskampas.lt\\\/\"},{\"@type\":\"ListItem\",\"position\":2,\"name\":\"Parduotuv\u0117\",\"item\":\"https:\\\/\\\/madoskampas.lt\\\/parduotuve-2\\\/\"},{\"@type\":\"ListItem\",\"position\":3,\"name\":\"Formuojan\u010dios tampr\u0117s \u201eSecond Skin\u201c\"}]},{\"@type\":\"WebSite\",\"@id\":\"https:\\\/\\\/madoskampas.lt\\\/#website\",\"url\":\"https:\\\/\\\/madoskampas.lt\\\/\",\"name\":\"MadosKampas.lt\",\"description\":\"Stilingi drabu\u017eiai moterims\",\"potentialAction\":[{\"@type\":\"SearchAction\",\"target\":{\"@type\":\"EntryPoint\",\"urlTemplate\":\"https:\\\/\\\/madoskampas.lt\\\/?s={search_term_string}\"},\"query-input\":{\"@type\":\"PropertyValueSpecification\",\"valueRequired\":true,\"valueName\":\"search_term_string\"}}],\"inLanguage\":\"et\"}]}<\/script>\n<!-- \/ Yoast SEO plugin. -->","yoast_head_json":{"title":"Formuojan\u010dios tampr\u0117s \u201eSecond Skin\u201c - MadosKampas.lt","robots":{"index":"index","follow":"follow","max-snippet":"max-snippet:-1","max-image-preview":"max-image-preview:large","max-video-preview":"max-video-preview:-1"},"canonical":"https:\/\/madoskampas.lt\/et\/product-2\/formuojancios-tampres-second-skin\/","og_locale":"et_EE","og_type":"article","og_title":"Formuojan\u010dios tampr\u0117s \u201eSecond Skin\u201c - MadosKampas.lt","og_description":"Tampr\u0117s, kurios prisitaiko prie k\u016bno taip, lyg b\u016bt\u0173 sukurtos b\u016btent tau. \u0160velnios, elastingos ir idealiai priglundan\u010dios \u2013 jos ne tik patogios, bet ir gra\u017eiai formuoja siluet\u0105. Auk\u0161tas liemuo subtiliai prilaiko, i\u0161ry\u0161kina linijas ir suteikia pasitik\u0117jimo kiekviename \u017eingsnyje. Tai tas modelis, kur\u012f norisi vilk\u0117ti visur \u2013 nuo aktyvios dienos iki jaukaus laisvalaikio. Su d\u017eemperiu, mar\u0161kiniais ar \u0161varku \u2013 visada atrodys stilingai ir \u0161iuolaiki\u0161kai.    Sud\u0117tis, kuri dirba d\u0117l tavo komforto:\u2022 76% poliamidas \u2013 \u0161velnus, lengvas ir tvirtas audinys\u2022 24% elastanas \u2013 maksimalus elastingumas ir tobulas prigludimas \ud83d\udc49 Tampr\u0117s, kurios nevar\u017eo, nesmenga ir i\u0161laiko form\u0105 net po daugelio d\u0117v\u0117jim\u0173.","og_url":"https:\/\/madoskampas.lt\/et\/product-2\/formuojancios-tampres-second-skin\/","og_site_name":"MadosKampas.lt","article_modified_time":"2026-05-12T10:03:29+00:00","og_image":[{"width":1920,"height":2560,"url":"https:\/\/madoskampas.lt\/wp-content\/uploads\/2026\/03\/img_2856-1-scaled.jpeg","type":"image\/jpeg"}],"twitter_card":"summary_large_image","twitter_misc":{"Est. reading time":"1 minut"},"schema":{"@context":"https:\/\/schema.org","@graph":[{"@type":"WebPage","@id":"https:\/\/madoskampas.lt\/produktas\/formuojancios-tampres-second-skin\/","url":"https:\/\/madoskampas.lt\/produktas\/formuojancios-tampres-second-skin\/","name":"Formuojan\u010dios tampr\u0117s \u201eSecond Skin\u201c - MadosKampas.lt","isPartOf":{"@id":"https:\/\/madoskampas.lt\/#website"},"primaryImageOfPage":{"@id":"https:\/\/madoskampas.lt\/produktas\/formuojancios-tampres-second-skin\/#primaryimage"},"image":{"@id":"https:\/\/madoskampas.lt\/produktas\/formuojancios-tampres-second-skin\/#primaryimage"},"thumbnailUrl":"https:\/\/madoskampas.lt\/wp-content\/uploads\/2026\/03\/img_6181-scaled.jpeg","datePublished":"2026-03-24T14:33:20+00:00","dateModified":"2026-05-12T10:03:29+00:00","breadcrumb":{"@id":"https:\/\/madoskampas.lt\/produktas\/formuojancios-tampres-second-skin\/#breadcrumb"},"inLanguage":"et","potentialAction":[{"@type":"ReadAction","target":["https:\/\/madoskampas.lt\/produktas\/formuojancios-tampres-second-skin\/"]}]},{"@type":"ImageObject","inLanguage":"et","@id":"https:\/\/madoskampas.lt\/produktas\/formuojancios-tampres-second-skin\/#primaryimage","url":"https:\/\/madoskampas.lt\/wp-content\/uploads\/2026\/03\/img_6181-scaled.jpeg","contentUrl":"https:\/\/madoskampas.lt\/wp-content\/uploads\/2026\/03\/img_6181-scaled.jpeg","width":1920,"height":2560},{"@type":"BreadcrumbList","@id":"https:\/\/madoskampas.lt\/produktas\/formuojancios-tampres-second-skin\/#breadcrumb","itemListElement":[{"@type":"ListItem","position":1,"name":"Home","item":"https:\/\/madoskampas.lt\/"},{"@type":"ListItem","position":2,"name":"Parduotuv\u0117","item":"https:\/\/madoskampas.lt\/parduotuve-2\/"},{"@type":"ListItem","position":3,"name":"Formuojan\u010dios tampr\u0117s \u201eSecond Skin\u201c"}]},{"@type":"WebSite","@id":"https:\/\/madoskampas.lt\/#website","url":"https:\/\/madoskampas.lt\/","name":"FashionKampas.lt","description":"Stiilsed riided naistele","potentialAction":[{"@type":"SearchAction","target":{"@type":"EntryPoint","urlTemplate":"https:\/\/madoskampas.lt\/?s={search_term_string}"},"query-input":{"@type":"PropertyValueSpecification","valueRequired":true,"valueName":"search_term_string"}}],"inLanguage":"et"}]}},"uagb_featured_image_src":{"full":["https:\/\/madoskampas.lt\/wp-content\/uploads\/2026\/03\/img_6181-scaled.jpeg",1920,2560,false],"thumbnail":["https:\/\/madoskampas.lt\/wp-content\/uploads\/2026\/03\/img_6181-150x150.jpeg",150,150,true],"medium":["https:\/\/madoskampas.lt\/wp-content\/uploads\/2026\/03\/img_6181-225x300.jpeg",225,300,true],"medium_large":["https:\/\/madoskampas.lt\/wp-content\/uploads\/2026\/03\/img_6181-768x1024.jpeg",768,1024,true],"large":["https:\/\/madoskampas.lt\/wp-content\/uploads\/2026\/03\/img_6181-768x1024.jpeg",768,1024,true],"1536x1536":["https:\/\/madoskampas.lt\/wp-content\/uploads\/2026\/03\/img_6181-1152x1536.jpeg",1152,1536,true],"2048x2048":["https:\/\/madoskampas.lt\/wp-content\/uploads\/2026\/03\/img_6181-1536x2048.jpeg",1536,2048,true],"trp-custom-language-flag":["https:\/\/madoskampas.lt\/wp-content\/uploads\/2026\/03\/img_6181-9x12.jpeg",9,12,true],"nova-image-square":["https:\/\/madoskampas.lt\/wp-content\/uploads\/2026\/03\/img_6181-1100x1100.jpeg",1100,1100,true],"mixtas-product-03":["https:\/\/madoskampas.lt\/wp-content\/uploads\/2026\/03\/img_6181-600x345.jpeg",600,345,true],"woocommerce_thumbnail":["https:\/\/madoskampas.lt\/wp-content\/uploads\/2026\/03\/img_6181-700x700.jpeg",700,700,true],"woocommerce_single":["https:\/\/madoskampas.lt\/wp-content\/uploads\/2026\/03\/img_6181-1000x1333.jpeg",1000,1333,true],"woocommerce_gallery_thumbnail":["https:\/\/madoskampas.lt\/wp-content\/uploads\/2026\/03\/img_6181-250x250.jpeg",250,250,true],"variation_swatches_image_size":["https:\/\/madoskampas.lt\/wp-content\/uploads\/2026\/03\/img_6181-50x50.jpeg",50,50,true],"variation_swatches_tooltip_size":["https:\/\/madoskampas.lt\/wp-content\/uploads\/2026\/03\/img_6181-100x100.jpeg",100,100,true]},"uagb_author_info":{"display_name":"algirdasbart","author_link":"https:\/\/madoskampas.lt\/et\/author\/"},"uagb_comment_info":1,"uagb_excerpt":"Tampr\u0117s, kurios prisitaiko prie k\u016bno taip, lyg b\u016bt\u0173 sukurtos b\u016btent tau. \u0160velnios, elastingos ir idealiai priglundan\u010dios \u2013 jos ne tik patogios, bet ir gra\u017eiai formuoja siluet\u0105. Auk\u0161tas liemuo subtiliai prilaiko, i\u0161ry\u0161kina linijas ir suteikia pasitik\u0117jimo kiekviename \u017eingsnyje. Tai tas modelis, kur\u012f norisi vilk\u0117ti visur \u2013 nuo aktyvios dienos iki jaukaus laisvalaikio. Su d\u017eemperiu, mar\u0161kiniais ar&hellip;","jetpack_sharing_enabled":true,"_links":{"self":[{"href":"https:\/\/madoskampas.lt\/et\/wp-json\/wp\/v2\/product\/30095","targetHints":{"allow":["GET"]}}],"collection":[{"href":"https:\/\/madoskampas.lt\/et\/wp-json\/wp\/v2\/product"}],"about":[{"href":"https:\/\/madoskampas.lt\/et\/wp-json\/wp\/v2\/types\/product"}],"replies":[{"embeddable":true,"href":"https:\/\/madoskampas.lt\/et\/wp-json\/wp\/v2\/comments?post=30095"}],"wp:featuredmedia":[{"embeddable":true,"href":"https:\/\/madoskampas.lt\/et\/wp-json\/wp\/v2\/media\/31844"}],"wp:attachment":[{"href":"https:\/\/madoskampas.lt\/et\/wp-json\/wp\/v2\/media?parent=30095"}],"wp:term":[{"taxonomy":"product_brand","embeddable":true,"href":"https:\/\/madoskampas.lt\/et\/wp-json\/wp\/v2\/product_brand?post=30095"},{"taxonomy":"product_cat","embeddable":true,"href":"https:\/\/madoskampas.lt\/et\/wp-json\/wp\/v2\/product_cat?post=30095"},{"taxonomy":"product_tag","embeddable":true,"href":"https:\/\/madoskampas.lt\/et\/wp-json\/wp\/v2\/product_tag?post=30095"}],"curies":[{"name":"wp","href":"https:\/\/api.w.org\/{rel}","templated":true}]}}