{"id":30743,"date":"2026-04-04T10:38:40","date_gmt":"2026-04-04T10:38:40","guid":{"rendered":"https:\/\/madoskampas.lt\/?post_type=product&#038;p=30743"},"modified":"2026-05-12T12:25:03","modified_gmt":"2026-05-12T12:25:03","slug":"soft-breeze-polo-megztukas","status":"publish","type":"product","link":"https:\/\/madoskampas.lt\/et\/product-2\/soft-breeze-polo-megztukas\/","title":{"rendered":"Soft Breeze polo megztukas"},"content":{"rendered":"<p data-start=\"109\" data-end=\"206\">\u0160velnumas, lengvumas ir subtili elegancija \u2013 tai megztukas, kuris i\u0161kart tampa m\u0117gstamiausiu \ud83d\udc9b<\/p>\n<p data-start=\"208\" data-end=\"433\">Polo tipo apykakl\u0117 suteikia jam modernumo ir \u0161iek tiek sporti\u0161ko \u017eavesio, o lengvai a\u017e\u016brin\u0117 tekst\u016bra kuria i\u0161skirtin\u012f, \u201ekv\u0117puojant\u012f\u201c poj\u016bt\u012f. Tai tas drabu\u017eis, kuris atrodo paprastai, bet visada atrodo stilingai \u2013 be pastang\u0173.<\/p>","protected":false},"excerpt":{"rendered":"<p data-start=\"109\" data-end=\"206\">\u0160velnumas, lengvumas ir subtili elegancija \u2013 tai megztukas, kuris i\u0161kart tampa m\u0117gstamiausiu \ud83d\udc9b<\/p>\n<p data-start=\"208\" data-end=\"433\">Polo tipo apykakl\u0117 suteikia jam modernumo ir \u0161iek tiek sporti\u0161ko \u017eavesio, o lengvai a\u017e\u016brin\u0117 tekst\u016bra kuria i\u0161skirtin\u012f, \u201ekv\u0117puojant\u012f\u201c poj\u016bt\u012f. Tai tas drabu\u017eis, kuris atrodo paprastai, bet visada atrodo stilingai \u2013 be pastang\u0173.<\/p>\n<p data-start=\"435\" data-end=\"569\">Puikiai tinka pavasariui ir vasarai: ne per storas, bet jaukus, \u0161velniai priglunda prie k\u016bno ir leid\u017eia jaustis patogiai vis\u0105 dien\u0105.<\/p>\n<p data-start=\"571\" data-end=\"713\">Lengvai derinamas tiek su d\u017einsais, tiek su \u0161viesiomis keln\u0117mis ar sijonais \u2013 sukursi tiek kasdien\u012f, tiek \u0161iek tiek eleganti\u0161kesn\u012f \u012fvaizd\u012f \u2728<\/p>\n<h3 data-section-id=\"lfw07\" data-start=\"715\" data-end=\"733\"><span role=\"text\"><strong data-start=\"719\" data-end=\"731\">Koostis:<\/strong><\/span><\/h3>\n<ul data-start=\"734\" data-end=\"784\">\n<li data-section-id=\"1nm7f9o\" data-start=\"734\" data-end=\"750\">70% medviln\u0117<\/li>\n<li data-section-id=\"1vw6c8g\" data-start=\"751\" data-end=\"764\">10% vilna<\/li>\n<li data-section-id=\"jd2yi\" data-start=\"765\" data-end=\"784\">20% poliesteris<\/li>\n<\/ul>\n<p data-start=\"786\" data-end=\"901\">\u2714\ufe0f Malonus odai<br data-start=\"801\" data-end=\"804\" \/>\u2714\ufe0f Lengvas ir \u201ekv\u0117puojantis\u201c<br data-start=\"832\" data-end=\"835\" \/>\u2714\ufe0f I\u0161laiko form\u0105<br data-start=\"851\" data-end=\"854\" \/>\u2714\ufe0f Tinka tiek v\u0117sesniam, tiek \u0161iltesniam orui<\/p>","protected":false},"featured_media":32351,"comment_status":"open","ping_status":"closed","template":"","meta":{"_uag_custom_page_level_css":"","_monsterinsights_skip_tracking":false,"_monsterinsights_sitenote_active":false,"_monsterinsights_sitenote_note":"","_monsterinsights_sitenote_category":0},"product_brand":[],"product_cat":[66,73,95],"product_tag":[],"class_list":{"0":"post-30743","1":"product","2":"type-product","3":"status-publish","4":"has-post-thumbnail","6":"product_cat-drabuziai","7":"product_cat-megztiniai","8":"product_cat-naujausi","9":"tm-has-options","11":"first","12":"instock","13":"shipping-taxable","14":"purchasable","15":"product-type-variable"},"yoast_head":"<!-- This site is optimized with the Yoast SEO plugin v27.6 - https:\/\/yoast.com\/product\/yoast-seo-wordpress\/ -->\n<title>Soft Breeze polo megztukas - MadosKampas.lt<\/title>\n<meta name=\"robots\" content=\"index, follow, max-snippet:-1, max-image-preview:large, max-video-preview:-1\" \/>\n<link rel=\"canonical\" href=\"https:\/\/madoskampas.lt\/et\/product-2\/soft-breeze-polo-megztukas\/\" \/>\n<meta property=\"og:locale\" content=\"et_EE\" \/>\n<meta property=\"og:type\" content=\"article\" \/>\n<meta property=\"og:title\" content=\"Soft Breeze polo megztukas - MadosKampas.lt\" \/>\n<meta property=\"og:description\" content=\"\u0160velnumas, lengvumas ir subtili elegancija \u2013 tai megztukas, kuris i\u0161kart tampa m\u0117gstamiausiu \ud83d\udc9b Polo tipo apykakl\u0117 suteikia jam modernumo ir \u0161iek tiek sporti\u0161ko \u017eavesio, o lengvai a\u017e\u016brin\u0117 tekst\u016bra kuria i\u0161skirtin\u012f, \u201ekv\u0117puojant\u012f\u201c poj\u016bt\u012f. Tai tas drabu\u017eis, kuris atrodo paprastai, bet visada atrodo stilingai \u2013 be pastang\u0173. Puikiai tinka pavasariui ir vasarai: ne per storas, bet jaukus, \u0161velniai priglunda prie k\u016bno ir leid\u017eia jaustis patogiai vis\u0105 dien\u0105. Lengvai derinamas tiek su d\u017einsais, tiek su \u0161viesiomis keln\u0117mis ar sijonais \u2013 sukursi tiek kasdien\u012f, tiek \u0161iek tiek eleganti\u0161kesn\u012f \u012fvaizd\u012f \u2728  Sud\u0117tis:   70% medviln\u0117  10% vilna  20% poliesteris  \u2714\ufe0f Malonus odai\u2714\ufe0f Lengvas ir \u201ekv\u0117puojantis\u201c\u2714\ufe0f I\u0161laiko form\u0105\u2714\ufe0f Tinka tiek v\u0117sesniam, tiek \u0161iltesniam orui\" \/>\n<meta property=\"og:url\" content=\"https:\/\/madoskampas.lt\/et\/product-2\/soft-breeze-polo-megztukas\/\" \/>\n<meta property=\"og:site_name\" content=\"MadosKampas.lt\" \/>\n<meta property=\"article:modified_time\" content=\"2026-05-12T12:25:03+00:00\" \/>\n<meta property=\"og:image\" content=\"https:\/\/madoskampas.lt\/wp-content\/uploads\/2026\/04\/IMG_7246-scaled.jpeg\" \/>\n\t<meta property=\"og:image:width\" content=\"1920\" \/>\n\t<meta property=\"og:image:height\" content=\"2560\" \/>\n\t<meta property=\"og:image:type\" content=\"image\/jpeg\" \/>\n<meta name=\"twitter:card\" content=\"summary_large_image\" \/>\n<meta name=\"twitter:label1\" content=\"Est. reading time\" \/>\n\t<meta name=\"twitter:data1\" content=\"1 minut\" \/>\n<script type=\"application\/ld+json\" class=\"yoast-schema-graph\">{\"@context\":\"https:\\\/\\\/schema.org\",\"@graph\":[{\"@type\":\"WebPage\",\"@id\":\"https:\\\/\\\/madoskampas.lt\\\/produktas\\\/soft-breeze-polo-megztukas\\\/\",\"url\":\"https:\\\/\\\/madoskampas.lt\\\/produktas\\\/soft-breeze-polo-megztukas\\\/\",\"name\":\"Soft Breeze polo megztukas - MadosKampas.lt\",\"isPartOf\":{\"@id\":\"https:\\\/\\\/madoskampas.lt\\\/#website\"},\"primaryImageOfPage\":{\"@id\":\"https:\\\/\\\/madoskampas.lt\\\/produktas\\\/soft-breeze-polo-megztukas\\\/#primaryimage\"},\"image\":{\"@id\":\"https:\\\/\\\/madoskampas.lt\\\/produktas\\\/soft-breeze-polo-megztukas\\\/#primaryimage\"},\"thumbnailUrl\":\"https:\\\/\\\/madoskampas.lt\\\/wp-content\\\/uploads\\\/2026\\\/04\\\/IMG_7246-scaled.jpeg\",\"datePublished\":\"2026-04-04T10:38:40+00:00\",\"dateModified\":\"2026-05-12T12:25:03+00:00\",\"breadcrumb\":{\"@id\":\"https:\\\/\\\/madoskampas.lt\\\/produktas\\\/soft-breeze-polo-megztukas\\\/#breadcrumb\"},\"inLanguage\":\"et\",\"potentialAction\":[{\"@type\":\"ReadAction\",\"target\":[\"https:\\\/\\\/madoskampas.lt\\\/produktas\\\/soft-breeze-polo-megztukas\\\/\"]}]},{\"@type\":\"ImageObject\",\"inLanguage\":\"et\",\"@id\":\"https:\\\/\\\/madoskampas.lt\\\/produktas\\\/soft-breeze-polo-megztukas\\\/#primaryimage\",\"url\":\"https:\\\/\\\/madoskampas.lt\\\/wp-content\\\/uploads\\\/2026\\\/04\\\/IMG_7246-scaled.jpeg\",\"contentUrl\":\"https:\\\/\\\/madoskampas.lt\\\/wp-content\\\/uploads\\\/2026\\\/04\\\/IMG_7246-scaled.jpeg\",\"width\":1920,\"height\":2560},{\"@type\":\"BreadcrumbList\",\"@id\":\"https:\\\/\\\/madoskampas.lt\\\/produktas\\\/soft-breeze-polo-megztukas\\\/#breadcrumb\",\"itemListElement\":[{\"@type\":\"ListItem\",\"position\":1,\"name\":\"Home\",\"item\":\"https:\\\/\\\/madoskampas.lt\\\/\"},{\"@type\":\"ListItem\",\"position\":2,\"name\":\"Parduotuv\u0117\",\"item\":\"https:\\\/\\\/madoskampas.lt\\\/parduotuve-2\\\/\"},{\"@type\":\"ListItem\",\"position\":3,\"name\":\"Soft Breeze polo megztukas\"}]},{\"@type\":\"WebSite\",\"@id\":\"https:\\\/\\\/madoskampas.lt\\\/#website\",\"url\":\"https:\\\/\\\/madoskampas.lt\\\/\",\"name\":\"MadosKampas.lt\",\"description\":\"Stilingi drabu\u017eiai moterims\",\"potentialAction\":[{\"@type\":\"SearchAction\",\"target\":{\"@type\":\"EntryPoint\",\"urlTemplate\":\"https:\\\/\\\/madoskampas.lt\\\/?s={search_term_string}\"},\"query-input\":{\"@type\":\"PropertyValueSpecification\",\"valueRequired\":true,\"valueName\":\"search_term_string\"}}],\"inLanguage\":\"et\"}]}<\/script>\n<!-- \/ Yoast SEO plugin. -->","yoast_head_json":{"title":"Soft Breeze polo megztukas - MadosKampas.lt","robots":{"index":"index","follow":"follow","max-snippet":"max-snippet:-1","max-image-preview":"max-image-preview:large","max-video-preview":"max-video-preview:-1"},"canonical":"https:\/\/madoskampas.lt\/et\/product-2\/soft-breeze-polo-megztukas\/","og_locale":"et_EE","og_type":"article","og_title":"Soft Breeze polo megztukas - MadosKampas.lt","og_description":"\u0160velnumas, lengvumas ir subtili elegancija \u2013 tai megztukas, kuris i\u0161kart tampa m\u0117gstamiausiu \ud83d\udc9b Polo tipo apykakl\u0117 suteikia jam modernumo ir \u0161iek tiek sporti\u0161ko \u017eavesio, o lengvai a\u017e\u016brin\u0117 tekst\u016bra kuria i\u0161skirtin\u012f, \u201ekv\u0117puojant\u012f\u201c poj\u016bt\u012f. Tai tas drabu\u017eis, kuris atrodo paprastai, bet visada atrodo stilingai \u2013 be pastang\u0173. Puikiai tinka pavasariui ir vasarai: ne per storas, bet jaukus, \u0161velniai priglunda prie k\u016bno ir leid\u017eia jaustis patogiai vis\u0105 dien\u0105. Lengvai derinamas tiek su d\u017einsais, tiek su \u0161viesiomis keln\u0117mis ar sijonais \u2013 sukursi tiek kasdien\u012f, tiek \u0161iek tiek eleganti\u0161kesn\u012f \u012fvaizd\u012f \u2728  Sud\u0117tis:   70% medviln\u0117  10% vilna  20% poliesteris  \u2714\ufe0f Malonus odai\u2714\ufe0f Lengvas ir \u201ekv\u0117puojantis\u201c\u2714\ufe0f I\u0161laiko form\u0105\u2714\ufe0f Tinka tiek v\u0117sesniam, tiek \u0161iltesniam orui","og_url":"https:\/\/madoskampas.lt\/et\/product-2\/soft-breeze-polo-megztukas\/","og_site_name":"MadosKampas.lt","article_modified_time":"2026-05-12T12:25:03+00:00","og_image":[{"width":1920,"height":2560,"url":"https:\/\/madoskampas.lt\/wp-content\/uploads\/2026\/04\/IMG_7246-scaled.jpeg","type":"image\/jpeg"}],"twitter_card":"summary_large_image","twitter_misc":{"Est. reading time":"1 minut"},"schema":{"@context":"https:\/\/schema.org","@graph":[{"@type":"WebPage","@id":"https:\/\/madoskampas.lt\/produktas\/soft-breeze-polo-megztukas\/","url":"https:\/\/madoskampas.lt\/produktas\/soft-breeze-polo-megztukas\/","name":"Soft Breeze polo megztukas - MadosKampas.lt","isPartOf":{"@id":"https:\/\/madoskampas.lt\/#website"},"primaryImageOfPage":{"@id":"https:\/\/madoskampas.lt\/produktas\/soft-breeze-polo-megztukas\/#primaryimage"},"image":{"@id":"https:\/\/madoskampas.lt\/produktas\/soft-breeze-polo-megztukas\/#primaryimage"},"thumbnailUrl":"https:\/\/madoskampas.lt\/wp-content\/uploads\/2026\/04\/IMG_7246-scaled.jpeg","datePublished":"2026-04-04T10:38:40+00:00","dateModified":"2026-05-12T12:25:03+00:00","breadcrumb":{"@id":"https:\/\/madoskampas.lt\/produktas\/soft-breeze-polo-megztukas\/#breadcrumb"},"inLanguage":"et","potentialAction":[{"@type":"ReadAction","target":["https:\/\/madoskampas.lt\/produktas\/soft-breeze-polo-megztukas\/"]}]},{"@type":"ImageObject","inLanguage":"et","@id":"https:\/\/madoskampas.lt\/produktas\/soft-breeze-polo-megztukas\/#primaryimage","url":"https:\/\/madoskampas.lt\/wp-content\/uploads\/2026\/04\/IMG_7246-scaled.jpeg","contentUrl":"https:\/\/madoskampas.lt\/wp-content\/uploads\/2026\/04\/IMG_7246-scaled.jpeg","width":1920,"height":2560},{"@type":"BreadcrumbList","@id":"https:\/\/madoskampas.lt\/produktas\/soft-breeze-polo-megztukas\/#breadcrumb","itemListElement":[{"@type":"ListItem","position":1,"name":"Home","item":"https:\/\/madoskampas.lt\/"},{"@type":"ListItem","position":2,"name":"Parduotuv\u0117","item":"https:\/\/madoskampas.lt\/parduotuve-2\/"},{"@type":"ListItem","position":3,"name":"Soft Breeze polo megztukas"}]},{"@type":"WebSite","@id":"https:\/\/madoskampas.lt\/#website","url":"https:\/\/madoskampas.lt\/","name":"FashionKampas.lt","description":"Stiilsed riided naistele","potentialAction":[{"@type":"SearchAction","target":{"@type":"EntryPoint","urlTemplate":"https:\/\/madoskampas.lt\/?s={search_term_string}"},"query-input":{"@type":"PropertyValueSpecification","valueRequired":true,"valueName":"search_term_string"}}],"inLanguage":"et"}]}},"uagb_featured_image_src":{"full":["https:\/\/madoskampas.lt\/wp-content\/uploads\/2026\/04\/IMG_7246-scaled.jpeg",1920,2560,false],"thumbnail":["https:\/\/madoskampas.lt\/wp-content\/uploads\/2026\/04\/IMG_7246-150x150.jpeg",150,150,true],"medium":["https:\/\/madoskampas.lt\/wp-content\/uploads\/2026\/04\/IMG_7246-225x300.jpeg",225,300,true],"medium_large":["https:\/\/madoskampas.lt\/wp-content\/uploads\/2026\/04\/IMG_7246-768x1024.jpeg",768,1024,true],"large":["https:\/\/madoskampas.lt\/wp-content\/uploads\/2026\/04\/IMG_7246-768x1024.jpeg",768,1024,true],"1536x1536":["https:\/\/madoskampas.lt\/wp-content\/uploads\/2026\/04\/IMG_7246-1152x1536.jpeg",1152,1536,true],"2048x2048":["https:\/\/madoskampas.lt\/wp-content\/uploads\/2026\/04\/IMG_7246-1536x2048.jpeg",1536,2048,true],"trp-custom-language-flag":["https:\/\/madoskampas.lt\/wp-content\/uploads\/2026\/04\/IMG_7246-9x12.jpeg",9,12,true],"nova-image-square":["https:\/\/madoskampas.lt\/wp-content\/uploads\/2026\/04\/IMG_7246-1100x1100.jpeg",1100,1100,true],"mixtas-product-03":["https:\/\/madoskampas.lt\/wp-content\/uploads\/2026\/04\/IMG_7246-600x345.jpeg",600,345,true],"woocommerce_thumbnail":["https:\/\/madoskampas.lt\/wp-content\/uploads\/2026\/04\/IMG_7246-700x700.jpeg",700,700,true],"woocommerce_single":["https:\/\/madoskampas.lt\/wp-content\/uploads\/2026\/04\/IMG_7246-1000x1333.jpeg",1000,1333,true],"woocommerce_gallery_thumbnail":["https:\/\/madoskampas.lt\/wp-content\/uploads\/2026\/04\/IMG_7246-250x250.jpeg",250,250,true],"variation_swatches_image_size":["https:\/\/madoskampas.lt\/wp-content\/uploads\/2026\/04\/IMG_7246-50x50.jpeg",50,50,true],"variation_swatches_tooltip_size":["https:\/\/madoskampas.lt\/wp-content\/uploads\/2026\/04\/IMG_7246-100x100.jpeg",100,100,true]},"uagb_author_info":{"display_name":"algirdasbart","author_link":"https:\/\/madoskampas.lt\/et\/author\/"},"uagb_comment_info":0,"uagb_excerpt":"\u0160velnumas, lengvumas ir subtili elegancija \u2013 tai megztukas, kuris i\u0161kart tampa m\u0117gstamiausiu \ud83d\udc9b Polo tipo apykakl\u0117 suteikia jam modernumo ir \u0161iek tiek sporti\u0161ko \u017eavesio, o lengvai a\u017e\u016brin\u0117 tekst\u016bra kuria i\u0161skirtin\u012f, \u201ekv\u0117puojant\u012f\u201c poj\u016bt\u012f. Tai tas drabu\u017eis, kuris atrodo paprastai, bet visada atrodo stilingai \u2013 be pastang\u0173. Puikiai tinka pavasariui ir vasarai: ne per storas, bet jaukus,&hellip;","jetpack_sharing_enabled":true,"_links":{"self":[{"href":"https:\/\/madoskampas.lt\/et\/wp-json\/wp\/v2\/product\/30743","targetHints":{"allow":["GET"]}}],"collection":[{"href":"https:\/\/madoskampas.lt\/et\/wp-json\/wp\/v2\/product"}],"about":[{"href":"https:\/\/madoskampas.lt\/et\/wp-json\/wp\/v2\/types\/product"}],"replies":[{"embeddable":true,"href":"https:\/\/madoskampas.lt\/et\/wp-json\/wp\/v2\/comments?post=30743"}],"wp:featuredmedia":[{"embeddable":true,"href":"https:\/\/madoskampas.lt\/et\/wp-json\/wp\/v2\/media\/32351"}],"wp:attachment":[{"href":"https:\/\/madoskampas.lt\/et\/wp-json\/wp\/v2\/media?parent=30743"}],"wp:term":[{"taxonomy":"product_brand","embeddable":true,"href":"https:\/\/madoskampas.lt\/et\/wp-json\/wp\/v2\/product_brand?post=30743"},{"taxonomy":"product_cat","embeddable":true,"href":"https:\/\/madoskampas.lt\/et\/wp-json\/wp\/v2\/product_cat?post=30743"},{"taxonomy":"product_tag","embeddable":true,"href":"https:\/\/madoskampas.lt\/et\/wp-json\/wp\/v2\/product_tag?post=30743"}],"curies":[{"name":"wp","href":"https:\/\/api.w.org\/{rel}","templated":true}]}}