{"id":31362,"date":"2026-04-15T12:33:50","date_gmt":"2026-04-15T12:33:50","guid":{"rendered":"https:\/\/madoskampas.lt\/?post_type=product&#038;p=31362"},"modified":"2026-04-16T18:34:40","modified_gmt":"2026-04-16T18:34:40","slug":"soft-grace-suknele","status":"publish","type":"product","link":"https:\/\/madoskampas.lt\/et\/product-2\/soft-grace-suknele\/","title":{"rendered":"\u201eSoft Grace\u201c suknel\u0117"},"content":{"rendered":"<p data-start=\"431\" data-end=\"611\">\u201eSoft Grace\u201c suknel\u0117 i\u0161siskiria \u0161velniai krentan\u010diu siluetu ir subtilia priekio detale, kuri suteikia i\u0161skirtinumo, bet i\u0161laiko \u0161var\u0173, rafinuot\u0105 \u012fvaizd\u012f.<\/p>\n<p data-start=\"431\" data-end=\"611\">Elastingas liemuo gra\u017eiai prisitaiko prie fig\u016bros, o lengvas audinys leid\u017eia jaustis patogiai vis\u0105 dien\u0105. Suknel\u0117 lengvai juda, atrodo moteri\u0161kai ir nereikalauja pastang\u0173 derinant.<\/p>\n<p data-start=\"613\" data-end=\"710\">Tai modelis, kur\u012f gali vilk\u0117ti tiek kasdien, tiek tada, kai norisi atrodyti \u0161iek tiek ypatingiau.<\/p>","protected":false},"excerpt":{"rendered":"<p data-start=\"431\" data-end=\"611\">Elastingas liemuo gra\u017eiai prisitaiko prie fig\u016bros, o lengvas audinys leid\u017eia jaustis patogiai vis\u0105 dien\u0105. Suknel\u0117 lengvai juda, atrodo moteri\u0161kai ir nereikalauja pastang\u0173 derinant.<\/p>\n<p data-start=\"613\" data-end=\"710\">Tai modelis, kur\u012f gali vilk\u0117ti tiek kasdien, tiek tada, kai norisi atrodyti \u0161iek tiek ypatingiau.<\/p>\n<hr data-start=\"712\" data-end=\"715\" \/>\n<h3 data-section-id=\"zcobiy\" data-start=\"717\" data-end=\"744\"><span role=\"text\"><strong data-start=\"721\" data-end=\"744\">Kod\u0117l j\u0105 pamilsite:<\/strong><\/span><\/h3>\n<p data-start=\"745\" data-end=\"964\">\u2022 Subtili dekoratyvi detal\u0117 \u2013 i\u0161skirtinis akcentas<br data-start=\"795\" data-end=\"798\" \/>\u2022 Lengvai krentantis, moteri\u0161kas siluetas<br data-start=\"839\" data-end=\"842\" \/>\u2022 Elastingas liemuo \u2013 prisitaiko prie fig\u016bros<br data-start=\"887\" data-end=\"890\" \/>\u2022 Patogi, lengva ir nevar\u017eanti<br data-start=\"920\" data-end=\"923\" \/>\u2022 Universalus modelis \u012fvairioms progoms<\/p>\n<hr data-start=\"966\" data-end=\"969\" \/>\n<h3 data-section-id=\"1u2ved3\" data-start=\"971\" data-end=\"991\"><span role=\"text\"><strong data-start=\"975\" data-end=\"991\">M\u00f5\u00f5tmed:<\/strong><\/span><\/h3>\n<p data-start=\"992\" data-end=\"1066\">Ilgis \u2013 92 cm<br data-start=\"1005\" data-end=\"1008\" \/>Per kr\u016btin\u0119 \u2013 50 cm<br data-start=\"1027\" data-end=\"1030\" \/>Liemuo \u2013 33 cm (tempiasi iki ~51 cm)<\/p>\n<hr data-start=\"1068\" data-end=\"1071\" \/>\n<h3 data-section-id=\"1s6ku2v\" data-start=\"1073\" data-end=\"1089\"><span role=\"text\"><strong data-start=\"1077\" data-end=\"1089\">Koostis:<\/strong><\/span><\/h3>\n<p data-start=\"1090\" data-end=\"1134\">Viskoz\u0117 45% \u00b7 Poliesteris 50% \u00b7 Elastanas 5%<\/p>","protected":false},"featured_media":31374,"comment_status":"open","ping_status":"closed","template":"","meta":{"_uag_custom_page_level_css":"","_monsterinsights_skip_tracking":false,"_monsterinsights_sitenote_active":false,"_monsterinsights_sitenote_note":"","_monsterinsights_sitenote_category":0},"product_brand":[],"product_cat":[66,95,78],"product_tag":[],"class_list":{"0":"post-31362","1":"product","2":"type-product","3":"status-publish","4":"has-post-thumbnail","6":"product_cat-drabuziai","7":"product_cat-naujausi","8":"product_cat-sukneles","9":"tm-has-options","11":"first","12":"instock","13":"shipping-taxable","14":"purchasable","15":"product-type-variable"},"yoast_head":"<!-- This site is optimized with the Yoast SEO plugin v27.4 - https:\/\/yoast.com\/product\/yoast-seo-wordpress\/ -->\n<title>\u201eSoft Grace\u201c suknel\u0117 - MadosKampas.lt<\/title>\n<meta name=\"robots\" content=\"index, follow, max-snippet:-1, max-image-preview:large, max-video-preview:-1\" \/>\n<link rel=\"canonical\" href=\"https:\/\/madoskampas.lt\/et\/product-2\/soft-grace-suknele\/\" \/>\n<meta property=\"og:locale\" content=\"et_EE\" \/>\n<meta property=\"og:type\" content=\"article\" \/>\n<meta property=\"og:title\" content=\"\u201eSoft Grace\u201c suknel\u0117 - MadosKampas.lt\" \/>\n<meta property=\"og:description\" content=\"Elastingas liemuo gra\u017eiai prisitaiko prie fig\u016bros, o lengvas audinys leid\u017eia jaustis patogiai vis\u0105 dien\u0105. Suknel\u0117 lengvai juda, atrodo moteri\u0161kai ir nereikalauja pastang\u0173 derinant. Tai modelis, kur\u012f gali vilk\u0117ti tiek kasdien, tiek tada, kai norisi atrodyti \u0161iek tiek ypatingiau.     Kod\u0117l j\u0105 pamilsite: \u2022 Subtili dekoratyvi detal\u0117 \u2013 i\u0161skirtinis akcentas\u2022 Lengvai krentantis, moteri\u0161kas siluetas\u2022 Elastingas liemuo \u2013 prisitaiko prie fig\u016bros\u2022 Patogi, lengva ir nevar\u017eanti\u2022 Universalus modelis \u012fvairioms progoms     I\u0161matavimai: Ilgis \u2013 92 cmPer kr\u016btin\u0119 \u2013 50 cmLiemuo \u2013 33 cm (tempiasi iki ~51 cm)     Sud\u0117tis: Viskoz\u0117 45% \u00b7 Poliesteris 50% \u00b7 Elastanas 5%\" \/>\n<meta property=\"og:url\" content=\"https:\/\/madoskampas.lt\/et\/product-2\/soft-grace-suknele\/\" \/>\n<meta property=\"og:site_name\" content=\"MadosKampas.lt\" \/>\n<meta property=\"article:modified_time\" content=\"2026-04-16T18:34:40+00:00\" \/>\n<meta property=\"og:image\" content=\"https:\/\/madoskampas.lt\/wp-content\/uploads\/2026\/04\/IMG_4928-scaled.jpeg\" \/>\n\t<meta property=\"og:image:width\" content=\"1920\" \/>\n\t<meta property=\"og:image:height\" content=\"2560\" \/>\n\t<meta property=\"og:image:type\" content=\"image\/jpeg\" \/>\n<meta name=\"twitter:card\" content=\"summary_large_image\" \/>\n<meta name=\"twitter:label1\" content=\"Est. reading time\" \/>\n\t<meta name=\"twitter:data1\" content=\"1 minut\" \/>\n<script type=\"application\/ld+json\" class=\"yoast-schema-graph\">{\"@context\":\"https:\\\/\\\/schema.org\",\"@graph\":[{\"@type\":\"WebPage\",\"@id\":\"https:\\\/\\\/madoskampas.lt\\\/produktas\\\/soft-grace-suknele\\\/\",\"url\":\"https:\\\/\\\/madoskampas.lt\\\/produktas\\\/soft-grace-suknele\\\/\",\"name\":\"\u201eSoft Grace\u201c suknel\u0117 - MadosKampas.lt\",\"isPartOf\":{\"@id\":\"https:\\\/\\\/madoskampas.lt\\\/#website\"},\"primaryImageOfPage\":{\"@id\":\"https:\\\/\\\/madoskampas.lt\\\/produktas\\\/soft-grace-suknele\\\/#primaryimage\"},\"image\":{\"@id\":\"https:\\\/\\\/madoskampas.lt\\\/produktas\\\/soft-grace-suknele\\\/#primaryimage\"},\"thumbnailUrl\":\"https:\\\/\\\/madoskampas.lt\\\/wp-content\\\/uploads\\\/2026\\\/04\\\/IMG_4928-scaled.jpeg\",\"datePublished\":\"2026-04-15T12:33:50+00:00\",\"dateModified\":\"2026-04-16T18:34:40+00:00\",\"breadcrumb\":{\"@id\":\"https:\\\/\\\/madoskampas.lt\\\/produktas\\\/soft-grace-suknele\\\/#breadcrumb\"},\"inLanguage\":\"et\",\"potentialAction\":[{\"@type\":\"ReadAction\",\"target\":[\"https:\\\/\\\/madoskampas.lt\\\/produktas\\\/soft-grace-suknele\\\/\"]}]},{\"@type\":\"ImageObject\",\"inLanguage\":\"et\",\"@id\":\"https:\\\/\\\/madoskampas.lt\\\/produktas\\\/soft-grace-suknele\\\/#primaryimage\",\"url\":\"https:\\\/\\\/madoskampas.lt\\\/wp-content\\\/uploads\\\/2026\\\/04\\\/IMG_4928-scaled.jpeg\",\"contentUrl\":\"https:\\\/\\\/madoskampas.lt\\\/wp-content\\\/uploads\\\/2026\\\/04\\\/IMG_4928-scaled.jpeg\",\"width\":1920,\"height\":2560},{\"@type\":\"BreadcrumbList\",\"@id\":\"https:\\\/\\\/madoskampas.lt\\\/produktas\\\/soft-grace-suknele\\\/#breadcrumb\",\"itemListElement\":[{\"@type\":\"ListItem\",\"position\":1,\"name\":\"Home\",\"item\":\"https:\\\/\\\/madoskampas.lt\\\/\"},{\"@type\":\"ListItem\",\"position\":2,\"name\":\"Parduotuv\u0117\",\"item\":\"https:\\\/\\\/madoskampas.lt\\\/parduotuve-2\\\/\"},{\"@type\":\"ListItem\",\"position\":3,\"name\":\"\u201eSoft Grace\u201c suknel\u0117\"}]},{\"@type\":\"WebSite\",\"@id\":\"https:\\\/\\\/madoskampas.lt\\\/#website\",\"url\":\"https:\\\/\\\/madoskampas.lt\\\/\",\"name\":\"MadosKampas.lt\",\"description\":\"Stilingi drabu\u017eiai moterims\",\"potentialAction\":[{\"@type\":\"SearchAction\",\"target\":{\"@type\":\"EntryPoint\",\"urlTemplate\":\"https:\\\/\\\/madoskampas.lt\\\/?s={search_term_string}\"},\"query-input\":{\"@type\":\"PropertyValueSpecification\",\"valueRequired\":true,\"valueName\":\"search_term_string\"}}],\"inLanguage\":\"et\"}]}<\/script>\n<!-- \/ Yoast SEO plugin. -->","yoast_head_json":{"title":"\u201eSoft Grace\u201c suknel\u0117 - MadosKampas.lt","robots":{"index":"index","follow":"follow","max-snippet":"max-snippet:-1","max-image-preview":"max-image-preview:large","max-video-preview":"max-video-preview:-1"},"canonical":"https:\/\/madoskampas.lt\/et\/product-2\/soft-grace-suknele\/","og_locale":"et_EE","og_type":"article","og_title":"\u201eSoft Grace\u201c suknel\u0117 - MadosKampas.lt","og_description":"Elastingas liemuo gra\u017eiai prisitaiko prie fig\u016bros, o lengvas audinys leid\u017eia jaustis patogiai vis\u0105 dien\u0105. Suknel\u0117 lengvai juda, atrodo moteri\u0161kai ir nereikalauja pastang\u0173 derinant. Tai modelis, kur\u012f gali vilk\u0117ti tiek kasdien, tiek tada, kai norisi atrodyti \u0161iek tiek ypatingiau.     Kod\u0117l j\u0105 pamilsite: \u2022 Subtili dekoratyvi detal\u0117 \u2013 i\u0161skirtinis akcentas\u2022 Lengvai krentantis, moteri\u0161kas siluetas\u2022 Elastingas liemuo \u2013 prisitaiko prie fig\u016bros\u2022 Patogi, lengva ir nevar\u017eanti\u2022 Universalus modelis \u012fvairioms progoms     I\u0161matavimai: Ilgis \u2013 92 cmPer kr\u016btin\u0119 \u2013 50 cmLiemuo \u2013 33 cm (tempiasi iki ~51 cm)     Sud\u0117tis: Viskoz\u0117 45% \u00b7 Poliesteris 50% \u00b7 Elastanas 5%","og_url":"https:\/\/madoskampas.lt\/et\/product-2\/soft-grace-suknele\/","og_site_name":"MadosKampas.lt","article_modified_time":"2026-04-16T18:34:40+00:00","og_image":[{"width":1920,"height":2560,"url":"https:\/\/madoskampas.lt\/wp-content\/uploads\/2026\/04\/IMG_4928-scaled.jpeg","type":"image\/jpeg"}],"twitter_card":"summary_large_image","twitter_misc":{"Est. reading time":"1 minut"},"schema":{"@context":"https:\/\/schema.org","@graph":[{"@type":"WebPage","@id":"https:\/\/madoskampas.lt\/produktas\/soft-grace-suknele\/","url":"https:\/\/madoskampas.lt\/produktas\/soft-grace-suknele\/","name":"\u201eSoft Grace\u201c suknel\u0117 - MadosKampas.lt","isPartOf":{"@id":"https:\/\/madoskampas.lt\/#website"},"primaryImageOfPage":{"@id":"https:\/\/madoskampas.lt\/produktas\/soft-grace-suknele\/#primaryimage"},"image":{"@id":"https:\/\/madoskampas.lt\/produktas\/soft-grace-suknele\/#primaryimage"},"thumbnailUrl":"https:\/\/madoskampas.lt\/wp-content\/uploads\/2026\/04\/IMG_4928-scaled.jpeg","datePublished":"2026-04-15T12:33:50+00:00","dateModified":"2026-04-16T18:34:40+00:00","breadcrumb":{"@id":"https:\/\/madoskampas.lt\/produktas\/soft-grace-suknele\/#breadcrumb"},"inLanguage":"et","potentialAction":[{"@type":"ReadAction","target":["https:\/\/madoskampas.lt\/produktas\/soft-grace-suknele\/"]}]},{"@type":"ImageObject","inLanguage":"et","@id":"https:\/\/madoskampas.lt\/produktas\/soft-grace-suknele\/#primaryimage","url":"https:\/\/madoskampas.lt\/wp-content\/uploads\/2026\/04\/IMG_4928-scaled.jpeg","contentUrl":"https:\/\/madoskampas.lt\/wp-content\/uploads\/2026\/04\/IMG_4928-scaled.jpeg","width":1920,"height":2560},{"@type":"BreadcrumbList","@id":"https:\/\/madoskampas.lt\/produktas\/soft-grace-suknele\/#breadcrumb","itemListElement":[{"@type":"ListItem","position":1,"name":"Home","item":"https:\/\/madoskampas.lt\/"},{"@type":"ListItem","position":2,"name":"Parduotuv\u0117","item":"https:\/\/madoskampas.lt\/parduotuve-2\/"},{"@type":"ListItem","position":3,"name":"\u201eSoft Grace\u201c suknel\u0117"}]},{"@type":"WebSite","@id":"https:\/\/madoskampas.lt\/#website","url":"https:\/\/madoskampas.lt\/","name":"FashionKampas.lt","description":"Stiilsed riided naistele","potentialAction":[{"@type":"SearchAction","target":{"@type":"EntryPoint","urlTemplate":"https:\/\/madoskampas.lt\/?s={search_term_string}"},"query-input":{"@type":"PropertyValueSpecification","valueRequired":true,"valueName":"search_term_string"}}],"inLanguage":"et"}]}},"uagb_featured_image_src":{"full":["https:\/\/madoskampas.lt\/wp-content\/uploads\/2026\/04\/IMG_4928-scaled.jpeg",1920,2560,false],"thumbnail":["https:\/\/madoskampas.lt\/wp-content\/uploads\/2026\/04\/IMG_4928-150x150.jpeg",150,150,true],"medium":["https:\/\/madoskampas.lt\/wp-content\/uploads\/2026\/04\/IMG_4928-225x300.jpeg",225,300,true],"medium_large":["https:\/\/madoskampas.lt\/wp-content\/uploads\/2026\/04\/IMG_4928-768x1024.jpeg",768,1024,true],"large":["https:\/\/madoskampas.lt\/wp-content\/uploads\/2026\/04\/IMG_4928-768x1024.jpeg",768,1024,true],"1536x1536":["https:\/\/madoskampas.lt\/wp-content\/uploads\/2026\/04\/IMG_4928-1152x1536.jpeg",1152,1536,true],"2048x2048":["https:\/\/madoskampas.lt\/wp-content\/uploads\/2026\/04\/IMG_4928-1536x2048.jpeg",1536,2048,true],"trp-custom-language-flag":["https:\/\/madoskampas.lt\/wp-content\/uploads\/2026\/04\/IMG_4928-9x12.jpeg",9,12,true],"nova-image-square":["https:\/\/madoskampas.lt\/wp-content\/uploads\/2026\/04\/IMG_4928-1100x1100.jpeg",1100,1100,true],"mixtas-product-03":["https:\/\/madoskampas.lt\/wp-content\/uploads\/2026\/04\/IMG_4928-600x345.jpeg",600,345,true],"woocommerce_thumbnail":["https:\/\/madoskampas.lt\/wp-content\/uploads\/2026\/04\/IMG_4928-700x700.jpeg",700,700,true],"woocommerce_single":["https:\/\/madoskampas.lt\/wp-content\/uploads\/2026\/04\/IMG_4928-1000x1333.jpeg",1000,1333,true],"woocommerce_gallery_thumbnail":["https:\/\/madoskampas.lt\/wp-content\/uploads\/2026\/04\/IMG_4928-250x250.jpeg",250,250,true],"variation_swatches_image_size":["https:\/\/madoskampas.lt\/wp-content\/uploads\/2026\/04\/IMG_4928-50x50.jpeg",50,50,true],"variation_swatches_tooltip_size":["https:\/\/madoskampas.lt\/wp-content\/uploads\/2026\/04\/IMG_4928-100x100.jpeg",100,100,true]},"uagb_author_info":{"display_name":"algirdasbart","author_link":"https:\/\/madoskampas.lt\/et\/author\/"},"uagb_comment_info":0,"uagb_excerpt":"Elastingas liemuo gra\u017eiai prisitaiko prie fig\u016bros, o lengvas audinys leid\u017eia jaustis patogiai vis\u0105 dien\u0105. Suknel\u0117 lengvai juda, atrodo moteri\u0161kai ir nereikalauja pastang\u0173 derinant. Tai modelis, kur\u012f gali vilk\u0117ti tiek kasdien, tiek tada, kai norisi atrodyti \u0161iek tiek ypatingiau. Kod\u0117l j\u0105 pamilsite: \u2022 Subtili dekoratyvi detal\u0117 \u2013 i\u0161skirtinis akcentas\u2022 Lengvai krentantis, moteri\u0161kas siluetas\u2022 Elastingas liemuo \u2013&hellip;","jetpack_sharing_enabled":true,"_links":{"self":[{"href":"https:\/\/madoskampas.lt\/et\/wp-json\/wp\/v2\/product\/31362","targetHints":{"allow":["GET"]}}],"collection":[{"href":"https:\/\/madoskampas.lt\/et\/wp-json\/wp\/v2\/product"}],"about":[{"href":"https:\/\/madoskampas.lt\/et\/wp-json\/wp\/v2\/types\/product"}],"replies":[{"embeddable":true,"href":"https:\/\/madoskampas.lt\/et\/wp-json\/wp\/v2\/comments?post=31362"}],"wp:featuredmedia":[{"embeddable":true,"href":"https:\/\/madoskampas.lt\/et\/wp-json\/wp\/v2\/media\/31374"}],"wp:attachment":[{"href":"https:\/\/madoskampas.lt\/et\/wp-json\/wp\/v2\/media?parent=31362"}],"wp:term":[{"taxonomy":"product_brand","embeddable":true,"href":"https:\/\/madoskampas.lt\/et\/wp-json\/wp\/v2\/product_brand?post=31362"},{"taxonomy":"product_cat","embeddable":true,"href":"https:\/\/madoskampas.lt\/et\/wp-json\/wp\/v2\/product_cat?post=31362"},{"taxonomy":"product_tag","embeddable":true,"href":"https:\/\/madoskampas.lt\/et\/wp-json\/wp\/v2\/product_tag?post=31362"}],"curies":[{"name":"wp","href":"https:\/\/api.w.org\/{rel}","templated":true}]}}