{"id":32117,"date":"2026-04-24T14:24:39","date_gmt":"2026-04-24T14:24:39","guid":{"rendered":"https:\/\/madoskampas.lt\/?post_type=product&#038;p=32117"},"modified":"2026-05-11T06:14:15","modified_gmt":"2026-05-11T06:14:15","slug":"bodis-second-skin","status":"publish","type":"product","link":"https:\/\/madoskampas.lt\/et\/product-2\/bodis-second-skin\/","title":{"rendered":"Bodis \u201eSecond Skin\u201c"},"content":{"rendered":"<p data-start=\"40\" data-end=\"296\">Toks patogus, kad pamir\u0161ite, jog j\u012f vilkite \ud83e\udd0d<br data-start=\"103\" data-end=\"106\" \/>\u0160is bodis \u2013 tikras garderobo pagrindas, kuris prisitaiko prie k\u016bno tarsi antra oda. \u0160velnus, tamprus audinys gra\u017eiai priglunda, i\u0161ry\u0161kina siluet\u0105 ir suteikia maksimal\u0173 komfort\u0105 visai dienai.<\/p>\n<p data-start=\"298\" data-end=\"483\">Minimalistinis dizainas leid\u017eia lengvai derinti \u2013 tiek prie d\u017eins\u0173, tiek prie sijon\u0173 ar kostium\u0117li\u0173. Puikiai tiks tiek kasdieniam \u012fvaizd\u017eiui, tiek sluoksniavimui po \u0161varku ar megztiniu.<\/p>","protected":false},"excerpt":{"rendered":"<section class=\"text-token-text-primary w-full focus:outline-none [--shadow-height:45px] has-data-writing-block:pointer-events-none has-data-writing-block:-mt-(--shadow-height) has-data-writing-block:pt-(--shadow-height) [&amp;:has([data-writing-block])&gt;*]:pointer-events-auto [content-visibility:auto] supports-[content-visibility:auto]:[contain-intrinsic-size:auto_100lvh] R6Vx5W_threadScrollVars scroll-mb-[calc(var(--scroll-root-safe-area-inset-bottom,0px)+var(--thread-response-height))] scroll-mt-[calc(var(--header-height)+min(200px,max(70px,20svh)))]\" dir=\"auto\" data-turn-id=\"request-WEB:26891775-7b76-41f7-981d-e85cc925e6d7-104\" data-testid=\"conversation-turn-96\" data-scroll-anchor=\"false\" data-turn=\"assistant\">\n<div class=\"text-base my-auto mx-auto pb-10 [--thread-content-margin:var(--thread-content-margin-xs,calc(var(--spacing)*4))] @w-sm\/main:[--thread-content-margin:var(--thread-content-margin-sm,calc(var(--spacing)*6))] @w-lg\/main:[--thread-content-margin:var(--thread-content-margin-lg,calc(var(--spacing)*16))] px-(--thread-content-margin)\">\n<div class=\"[--thread-content-max-width:40rem] @w-lg\/main:[--thread-content-max-width:48rem] mx-auto max-w-(--thread-content-max-width) flex-1 group\/turn-messages focus-visible:outline-hidden relative flex w-full min-w-0 flex-col agent-turn\">\n<div class=\"flex max-w-full flex-col gap-4 grow\">\n<div class=\"min-h-8 text-message relative flex w-full flex-col items-end gap-2 text-start break-words whitespace-normal outline-none keyboard-focused:focus-ring [.text-message+&amp;]:mt-1\" dir=\"auto\" data-message-author-role=\"assistant\" data-message-id=\"f6e4bff6-3cfc-4a6d-8bb5-e4e3256fc4c5\" data-message-model-slug=\"gpt-5-3\" data-turn-start-message=\"true\">\n<div class=\"flex w-full flex-col gap-1 empty:hidden\">\n<div class=\"markdown prose dark:prose-invert w-full wrap-break-word light markdown-new-styling\">\n<p data-start=\"40\" data-end=\"296\">Toks patogus, kad pamir\u0161ite, jog j\u012f vilkite \ud83e\udd0d<br data-start=\"103\" data-end=\"106\" \/>\u0160is bodis \u2013 tikras garderobo pagrindas, kuris prisitaiko prie k\u016bno tarsi antra oda. \u0160velnus, tamprus audinys gra\u017eiai priglunda, i\u0161ry\u0161kina siluet\u0105 ir suteikia maksimal\u0173 komfort\u0105 visai dienai.<\/p>\n<p data-start=\"298\" data-end=\"483\">Minimalistinis dizainas leid\u017eia lengvai derinti \u2013 tiek prie d\u017eins\u0173, tiek prie sijon\u0173 ar kostium\u0117li\u0173. Puikiai tiks tiek kasdieniam \u012fvaizd\u017eiui, tiek sluoksniavimui po \u0161varku ar megztiniu.<\/p>\n<p data-start=\"485\" data-end=\"584\">U\u017esegimas apa\u010dioje u\u017etikrina patogum\u0105, o elastinga med\u017eiaga prisitaiko prie k\u016bno linij\u0173 be var\u017eymo.<\/p>\n<p data-start=\"586\" data-end=\"669\"><strong data-start=\"586\" data-end=\"602\">I\u0161matavimai:<\/strong><br data-start=\"602\" data-end=\"605\" \/>Ilgis (nuo u\u017esegimo iki peties): 73 cm<br data-start=\"643\" data-end=\"646\" \/>Per kr\u016btin\u0119: 45\u201350 cm<\/p>\n<p data-start=\"671\" data-end=\"715\"><strong data-start=\"671\" data-end=\"683\">Sud\u0117tis:<\/strong><br data-start=\"683\" data-end=\"686\" \/>92% nailonas, 8% spandeksas<\/p>\n<p data-start=\"717\" data-end=\"809\" data-is-last-node=\"\" data-is-only-node=\"\">\u2728 Lygus, tamprus ir nepriekai\u0161tingai priglundantis \u2013 bazinis drabu\u017eis, kuris visada gelbsti.<\/p>\n<\/div>\n<\/div>\n<\/div>\n<\/div>\n<div class=\"z-0 flex min-h-[46px] justify-start\"><\/div>\n<div class=\"mt-3 w-full empty:hidden\">\n<div class=\"text-center\"><\/div>\n<\/div>\n<\/div>\n<\/div>\n<\/section>\n<div class=\"pointer-events-none -mt-px h-px translate-y-[calc(var(--scroll-root-safe-area-inset-bottom)-14*var(--spacing))]\" aria-hidden=\"true\"><\/div>\n","protected":false},"featured_media":32123,"comment_status":"open","ping_status":"closed","template":"","meta":{"_uag_custom_page_level_css":"","_monsterinsights_skip_tracking":false,"_monsterinsights_sitenote_active":false,"_monsterinsights_sitenote_note":"","_monsterinsights_sitenote_category":0},"product_brand":[],"product_cat":[66,95,74],"product_tag":[],"class_list":{"0":"post-32117","1":"product","2":"type-product","3":"status-publish","4":"has-post-thumbnail","6":"product_cat-drabuziai","7":"product_cat-naujausi","8":"product_cat-palaidines","9":"tm-has-options","11":"first","12":"instock","13":"sale","14":"shipping-taxable","15":"purchasable","16":"product-type-variable"},"yoast_head":"<!-- This site is optimized with the Yoast SEO plugin v27.6 - https:\/\/yoast.com\/product\/yoast-seo-wordpress\/ -->\n<title>Bodis \u201eSecond Skin\u201c - MadosKampas.lt<\/title>\n<meta name=\"robots\" content=\"index, follow, max-snippet:-1, max-image-preview:large, max-video-preview:-1\" \/>\n<link rel=\"canonical\" href=\"https:\/\/madoskampas.lt\/et\/product-2\/bodis-second-skin\/\" \/>\n<meta property=\"og:locale\" content=\"et_EE\" \/>\n<meta property=\"og:type\" content=\"article\" \/>\n<meta property=\"og:title\" content=\"Bodis \u201eSecond Skin\u201c - MadosKampas.lt\" \/>\n<meta property=\"og:description\" content=\"Toks patogus, kad pamir\u0161ite, jog j\u012f vilkite \ud83e\udd0d\u0160is bodis \u2013 tikras garderobo pagrindas, kuris prisitaiko prie k\u016bno tarsi antra oda. \u0160velnus, tamprus audinys gra\u017eiai priglunda, i\u0161ry\u0161kina siluet\u0105 ir suteikia maksimal\u0173 komfort\u0105 visai dienai. Minimalistinis dizainas leid\u017eia lengvai derinti \u2013 tiek prie d\u017eins\u0173, tiek prie sijon\u0173 ar kostium\u0117li\u0173. Puikiai tiks tiek kasdieniam \u012fvaizd\u017eiui, tiek sluoksniavimui po \u0161varku ar megztiniu. U\u017esegimas apa\u010dioje u\u017etikrina patogum\u0105, o elastinga med\u017eiaga prisitaiko prie k\u016bno linij\u0173 be var\u017eymo. I\u0161matavimai:Ilgis (nuo u\u017esegimo iki peties): 73 cmPer kr\u016btin\u0119: 45\u201350 cm Sud\u0117tis:92% nailonas, 8% spandeksas \u2728 Lygus, tamprus ir nepriekai\u0161tingai priglundantis \u2013 bazinis drabu\u017eis, kuris visada gelbsti.\" \/>\n<meta property=\"og:url\" content=\"https:\/\/madoskampas.lt\/et\/product-2\/bodis-second-skin\/\" \/>\n<meta property=\"og:site_name\" content=\"MadosKampas.lt\" \/>\n<meta property=\"article:modified_time\" content=\"2026-05-11T06:14:15+00:00\" \/>\n<meta property=\"og:image\" content=\"https:\/\/madoskampas.lt\/wp-content\/uploads\/2026\/04\/IMG_6685-2-scaled.jpeg\" \/>\n\t<meta property=\"og:image:width\" content=\"1920\" \/>\n\t<meta property=\"og:image:height\" content=\"2560\" \/>\n\t<meta property=\"og:image:type\" content=\"image\/jpeg\" \/>\n<meta name=\"twitter:card\" content=\"summary_large_image\" \/>\n<meta name=\"twitter:label1\" content=\"Est. reading time\" \/>\n\t<meta name=\"twitter:data1\" content=\"1 minut\" \/>\n<script type=\"application\/ld+json\" class=\"yoast-schema-graph\">{\"@context\":\"https:\\\/\\\/schema.org\",\"@graph\":[{\"@type\":\"WebPage\",\"@id\":\"https:\\\/\\\/madoskampas.lt\\\/produktas\\\/bodis-second-skin\\\/\",\"url\":\"https:\\\/\\\/madoskampas.lt\\\/produktas\\\/bodis-second-skin\\\/\",\"name\":\"Bodis \u201eSecond Skin\u201c - MadosKampas.lt\",\"isPartOf\":{\"@id\":\"https:\\\/\\\/madoskampas.lt\\\/#website\"},\"primaryImageOfPage\":{\"@id\":\"https:\\\/\\\/madoskampas.lt\\\/produktas\\\/bodis-second-skin\\\/#primaryimage\"},\"image\":{\"@id\":\"https:\\\/\\\/madoskampas.lt\\\/produktas\\\/bodis-second-skin\\\/#primaryimage\"},\"thumbnailUrl\":\"https:\\\/\\\/madoskampas.lt\\\/wp-content\\\/uploads\\\/2026\\\/04\\\/IMG_6685-2-scaled.jpeg\",\"datePublished\":\"2026-04-24T14:24:39+00:00\",\"dateModified\":\"2026-05-11T06:14:15+00:00\",\"breadcrumb\":{\"@id\":\"https:\\\/\\\/madoskampas.lt\\\/produktas\\\/bodis-second-skin\\\/#breadcrumb\"},\"inLanguage\":\"et\",\"potentialAction\":[{\"@type\":\"ReadAction\",\"target\":[\"https:\\\/\\\/madoskampas.lt\\\/produktas\\\/bodis-second-skin\\\/\"]}]},{\"@type\":\"ImageObject\",\"inLanguage\":\"et\",\"@id\":\"https:\\\/\\\/madoskampas.lt\\\/produktas\\\/bodis-second-skin\\\/#primaryimage\",\"url\":\"https:\\\/\\\/madoskampas.lt\\\/wp-content\\\/uploads\\\/2026\\\/04\\\/IMG_6685-2-scaled.jpeg\",\"contentUrl\":\"https:\\\/\\\/madoskampas.lt\\\/wp-content\\\/uploads\\\/2026\\\/04\\\/IMG_6685-2-scaled.jpeg\",\"width\":1920,\"height\":2560},{\"@type\":\"BreadcrumbList\",\"@id\":\"https:\\\/\\\/madoskampas.lt\\\/produktas\\\/bodis-second-skin\\\/#breadcrumb\",\"itemListElement\":[{\"@type\":\"ListItem\",\"position\":1,\"name\":\"Home\",\"item\":\"https:\\\/\\\/madoskampas.lt\\\/\"},{\"@type\":\"ListItem\",\"position\":2,\"name\":\"Parduotuv\u0117\",\"item\":\"https:\\\/\\\/madoskampas.lt\\\/parduotuve-2\\\/\"},{\"@type\":\"ListItem\",\"position\":3,\"name\":\"Bodis \u201eSecond Skin\u201c\"}]},{\"@type\":\"WebSite\",\"@id\":\"https:\\\/\\\/madoskampas.lt\\\/#website\",\"url\":\"https:\\\/\\\/madoskampas.lt\\\/\",\"name\":\"MadosKampas.lt\",\"description\":\"Stilingi drabu\u017eiai moterims\",\"potentialAction\":[{\"@type\":\"SearchAction\",\"target\":{\"@type\":\"EntryPoint\",\"urlTemplate\":\"https:\\\/\\\/madoskampas.lt\\\/?s={search_term_string}\"},\"query-input\":{\"@type\":\"PropertyValueSpecification\",\"valueRequired\":true,\"valueName\":\"search_term_string\"}}],\"inLanguage\":\"et\"}]}<\/script>\n<!-- \/ Yoast SEO plugin. -->","yoast_head_json":{"title":"Bodis \u201eSecond Skin\u201c - MadosKampas.lt","robots":{"index":"index","follow":"follow","max-snippet":"max-snippet:-1","max-image-preview":"max-image-preview:large","max-video-preview":"max-video-preview:-1"},"canonical":"https:\/\/madoskampas.lt\/et\/product-2\/bodis-second-skin\/","og_locale":"et_EE","og_type":"article","og_title":"Bodis \u201eSecond Skin\u201c - MadosKampas.lt","og_description":"Toks patogus, kad pamir\u0161ite, jog j\u012f vilkite \ud83e\udd0d\u0160is bodis \u2013 tikras garderobo pagrindas, kuris prisitaiko prie k\u016bno tarsi antra oda. \u0160velnus, tamprus audinys gra\u017eiai priglunda, i\u0161ry\u0161kina siluet\u0105 ir suteikia maksimal\u0173 komfort\u0105 visai dienai. Minimalistinis dizainas leid\u017eia lengvai derinti \u2013 tiek prie d\u017eins\u0173, tiek prie sijon\u0173 ar kostium\u0117li\u0173. Puikiai tiks tiek kasdieniam \u012fvaizd\u017eiui, tiek sluoksniavimui po \u0161varku ar megztiniu. U\u017esegimas apa\u010dioje u\u017etikrina patogum\u0105, o elastinga med\u017eiaga prisitaiko prie k\u016bno linij\u0173 be var\u017eymo. I\u0161matavimai:Ilgis (nuo u\u017esegimo iki peties): 73 cmPer kr\u016btin\u0119: 45\u201350 cm Sud\u0117tis:92% nailonas, 8% spandeksas \u2728 Lygus, tamprus ir nepriekai\u0161tingai priglundantis \u2013 bazinis drabu\u017eis, kuris visada gelbsti.","og_url":"https:\/\/madoskampas.lt\/et\/product-2\/bodis-second-skin\/","og_site_name":"MadosKampas.lt","article_modified_time":"2026-05-11T06:14:15+00:00","og_image":[{"width":1920,"height":2560,"url":"https:\/\/madoskampas.lt\/wp-content\/uploads\/2026\/04\/IMG_6685-2-scaled.jpeg","type":"image\/jpeg"}],"twitter_card":"summary_large_image","twitter_misc":{"Est. reading time":"1 minut"},"schema":{"@context":"https:\/\/schema.org","@graph":[{"@type":"WebPage","@id":"https:\/\/madoskampas.lt\/produktas\/bodis-second-skin\/","url":"https:\/\/madoskampas.lt\/produktas\/bodis-second-skin\/","name":"Bodis \u201eSecond Skin\u201c - MadosKampas.lt","isPartOf":{"@id":"https:\/\/madoskampas.lt\/#website"},"primaryImageOfPage":{"@id":"https:\/\/madoskampas.lt\/produktas\/bodis-second-skin\/#primaryimage"},"image":{"@id":"https:\/\/madoskampas.lt\/produktas\/bodis-second-skin\/#primaryimage"},"thumbnailUrl":"https:\/\/madoskampas.lt\/wp-content\/uploads\/2026\/04\/IMG_6685-2-scaled.jpeg","datePublished":"2026-04-24T14:24:39+00:00","dateModified":"2026-05-11T06:14:15+00:00","breadcrumb":{"@id":"https:\/\/madoskampas.lt\/produktas\/bodis-second-skin\/#breadcrumb"},"inLanguage":"et","potentialAction":[{"@type":"ReadAction","target":["https:\/\/madoskampas.lt\/produktas\/bodis-second-skin\/"]}]},{"@type":"ImageObject","inLanguage":"et","@id":"https:\/\/madoskampas.lt\/produktas\/bodis-second-skin\/#primaryimage","url":"https:\/\/madoskampas.lt\/wp-content\/uploads\/2026\/04\/IMG_6685-2-scaled.jpeg","contentUrl":"https:\/\/madoskampas.lt\/wp-content\/uploads\/2026\/04\/IMG_6685-2-scaled.jpeg","width":1920,"height":2560},{"@type":"BreadcrumbList","@id":"https:\/\/madoskampas.lt\/produktas\/bodis-second-skin\/#breadcrumb","itemListElement":[{"@type":"ListItem","position":1,"name":"Home","item":"https:\/\/madoskampas.lt\/"},{"@type":"ListItem","position":2,"name":"Parduotuv\u0117","item":"https:\/\/madoskampas.lt\/parduotuve-2\/"},{"@type":"ListItem","position":3,"name":"Bodis \u201eSecond Skin\u201c"}]},{"@type":"WebSite","@id":"https:\/\/madoskampas.lt\/#website","url":"https:\/\/madoskampas.lt\/","name":"FashionKampas.lt","description":"Stiilsed riided naistele","potentialAction":[{"@type":"SearchAction","target":{"@type":"EntryPoint","urlTemplate":"https:\/\/madoskampas.lt\/?s={search_term_string}"},"query-input":{"@type":"PropertyValueSpecification","valueRequired":true,"valueName":"search_term_string"}}],"inLanguage":"et"}]}},"uagb_featured_image_src":{"full":["https:\/\/madoskampas.lt\/wp-content\/uploads\/2026\/04\/IMG_6685-2-scaled.jpeg",1920,2560,false],"thumbnail":["https:\/\/madoskampas.lt\/wp-content\/uploads\/2026\/04\/IMG_6685-2-150x150.jpeg",150,150,true],"medium":["https:\/\/madoskampas.lt\/wp-content\/uploads\/2026\/04\/IMG_6685-2-225x300.jpeg",225,300,true],"medium_large":["https:\/\/madoskampas.lt\/wp-content\/uploads\/2026\/04\/IMG_6685-2-768x1024.jpeg",768,1024,true],"large":["https:\/\/madoskampas.lt\/wp-content\/uploads\/2026\/04\/IMG_6685-2-768x1024.jpeg",768,1024,true],"1536x1536":["https:\/\/madoskampas.lt\/wp-content\/uploads\/2026\/04\/IMG_6685-2-1152x1536.jpeg",1152,1536,true],"2048x2048":["https:\/\/madoskampas.lt\/wp-content\/uploads\/2026\/04\/IMG_6685-2-1536x2048.jpeg",1536,2048,true],"trp-custom-language-flag":["https:\/\/madoskampas.lt\/wp-content\/uploads\/2026\/04\/IMG_6685-2-9x12.jpeg",9,12,true],"nova-image-square":["https:\/\/madoskampas.lt\/wp-content\/uploads\/2026\/04\/IMG_6685-2-1100x1100.jpeg",1100,1100,true],"mixtas-product-03":["https:\/\/madoskampas.lt\/wp-content\/uploads\/2026\/04\/IMG_6685-2-600x345.jpeg",600,345,true],"woocommerce_thumbnail":["https:\/\/madoskampas.lt\/wp-content\/uploads\/2026\/04\/IMG_6685-2-700x700.jpeg",700,700,true],"woocommerce_single":["https:\/\/madoskampas.lt\/wp-content\/uploads\/2026\/04\/IMG_6685-2-1000x1333.jpeg",1000,1333,true],"woocommerce_gallery_thumbnail":["https:\/\/madoskampas.lt\/wp-content\/uploads\/2026\/04\/IMG_6685-2-250x250.jpeg",250,250,true],"variation_swatches_image_size":["https:\/\/madoskampas.lt\/wp-content\/uploads\/2026\/04\/IMG_6685-2-50x50.jpeg",50,50,true],"variation_swatches_tooltip_size":["https:\/\/madoskampas.lt\/wp-content\/uploads\/2026\/04\/IMG_6685-2-100x100.jpeg",100,100,true]},"uagb_author_info":{"display_name":"algirdasbart","author_link":"https:\/\/madoskampas.lt\/et\/author\/"},"uagb_comment_info":0,"uagb_excerpt":"Toks patogus, kad pamir\u0161ite, jog j\u012f vilkite \ud83e\udd0d\u0160is bodis \u2013 tikras garderobo pagrindas, kuris prisitaiko prie k\u016bno tarsi antra oda. \u0160velnus, tamprus audinys gra\u017eiai priglunda, i\u0161ry\u0161kina siluet\u0105 ir suteikia maksimal\u0173 komfort\u0105 visai dienai. Minimalistinis dizainas leid\u017eia lengvai derinti \u2013 tiek prie d\u017eins\u0173, tiek prie sijon\u0173 ar kostium\u0117li\u0173. Puikiai tiks tiek kasdieniam \u012fvaizd\u017eiui, tiek sluoksniavimui po&hellip;","jetpack_sharing_enabled":true,"_links":{"self":[{"href":"https:\/\/madoskampas.lt\/et\/wp-json\/wp\/v2\/product\/32117","targetHints":{"allow":["GET"]}}],"collection":[{"href":"https:\/\/madoskampas.lt\/et\/wp-json\/wp\/v2\/product"}],"about":[{"href":"https:\/\/madoskampas.lt\/et\/wp-json\/wp\/v2\/types\/product"}],"replies":[{"embeddable":true,"href":"https:\/\/madoskampas.lt\/et\/wp-json\/wp\/v2\/comments?post=32117"}],"wp:featuredmedia":[{"embeddable":true,"href":"https:\/\/madoskampas.lt\/et\/wp-json\/wp\/v2\/media\/32123"}],"wp:attachment":[{"href":"https:\/\/madoskampas.lt\/et\/wp-json\/wp\/v2\/media?parent=32117"}],"wp:term":[{"taxonomy":"product_brand","embeddable":true,"href":"https:\/\/madoskampas.lt\/et\/wp-json\/wp\/v2\/product_brand?post=32117"},{"taxonomy":"product_cat","embeddable":true,"href":"https:\/\/madoskampas.lt\/et\/wp-json\/wp\/v2\/product_cat?post=32117"},{"taxonomy":"product_tag","embeddable":true,"href":"https:\/\/madoskampas.lt\/et\/wp-json\/wp\/v2\/product_tag?post=32117"}],"curies":[{"name":"wp","href":"https:\/\/api.w.org\/{rel}","templated":true}]}}