{"id":32524,"date":"2026-04-30T08:51:46","date_gmt":"2026-04-30T08:51:46","guid":{"rendered":"https:\/\/madoskampas.lt\/?post_type=product&#038;p=32524"},"modified":"2026-05-02T17:58:51","modified_gmt":"2026-05-02T17:58:51","slug":"city-ease-mom-fit-dzinsai-2699","status":"publish","type":"product","link":"https:\/\/madoskampas.lt\/et\/product-2\/city-ease-mom-fit-dzinsai-2699\/","title":{"rendered":"\u201eCity Ease\u201c mom fit d\u017einsai (2699)"},"content":{"rendered":"<p data-start=\"134\" data-end=\"172\">Patogumas, kuris atrodo stilingai \ud83d\udc99<\/p>\n<p data-start=\"174\" data-end=\"439\">\u201eCity Ease\u201c mom fit d\u017einsai \u2013 tai lengvai priglundantis, bet nevar\u017eantis modelis, kuris suteikia nat\u016bral\u0173 siluet\u0105 ir komfort\u0105 kiekvienai dienai. Auk\u0161tesnis liemuo gra\u017eiai i\u0161ry\u0161kina fig\u016br\u0105, o \u0161iek tiek laisvesn\u0117 kle\u0161ni\u0173 linija kuria modern\u0173, ne\u012fpareigojant\u012f \u012fvaizd\u012f.<\/p>","protected":false},"excerpt":{"rendered":"<p data-start=\"134\" data-end=\"172\">Patogumas, kuris atrodo stilingai \ud83d\udc99<\/p>\n<p data-start=\"174\" data-end=\"439\">\u201eCity Ease\u201c mom fit d\u017einsai \u2013 tai lengvai priglundantis, bet nevar\u017eantis modelis, kuris suteikia nat\u016bral\u0173 siluet\u0105 ir komfort\u0105 kiekvienai dienai. Auk\u0161tesnis liemuo gra\u017eiai i\u0161ry\u0161kina fig\u016br\u0105, o \u0161iek tiek laisvesn\u0117 kle\u0161ni\u0173 linija kuria modern\u0173, ne\u012fpareigojant\u012f \u012fvaizd\u012f.<\/p>\n<p data-start=\"441\" data-end=\"644\">\u0160ie d\u017einsai puikiai dera tiek su mar\u0161kiniais, tiek su laisvesniais megztiniais ar basic mar\u0161kin\u0117liais. Galite ne\u0161ioti tiek su atlenktomis kle\u0161n\u0117mis, tiek pilno ilgio \u2013 kiekvien\u0105 kart\u0105 atrodys vis kitaip.<\/p>\n<p data-start=\"646\" data-end=\"696\">Jausmas vilkint \u2013 lengvas, patogus ir u\u017etikrintas.<\/p>\n<hr data-start=\"698\" data-end=\"701\" \/>\n<p data-start=\"703\" data-end=\"894\"><strong data-start=\"703\" data-end=\"727\">Kod\u0117l verta rinktis:<\/strong><br data-start=\"727\" data-end=\"730\" \/>\u2022 Mom fit modelis \u2013 patogus ir stilingas<br data-start=\"770\" data-end=\"773\" \/>\u2022 Auk\u0161tesnis liemuo \u2013 gra\u017eiam siluetui<br data-start=\"811\" data-end=\"814\" \/>\u2022 Universalus dizainas \u2013 lengvai derinami<br data-start=\"855\" data-end=\"858\" \/>\u2022 Tinka kasdienai ir laisvalaikiui<\/p>\n<hr data-start=\"896\" data-end=\"899\" \/>\n<p data-start=\"901\" data-end=\"919\"><strong data-start=\"901\" data-end=\"917\">M\u00f5\u00f5tmed:<\/strong><\/p>\n<div class=\"TyagGW_tableContainer\">\n<div class=\"group TyagGW_tableWrapper flex flex-col-reverse w-fit\" tabindex=\"-1\">\n<table class=\"w-fit min-w-(--thread-content-width)\" data-start=\"921\" data-end=\"1271\">\n<thead data-start=\"921\" data-end=\"971\">\n<tr data-start=\"921\" data-end=\"971\">\n<th class=\"\" data-start=\"921\" data-end=\"929\" data-col-size=\"sm\">Suurus<\/th>\n<th class=\"\" data-start=\"929\" data-end=\"943\" data-col-size=\"sm\">Liemuo (cm)<\/th>\n<th class=\"\" data-start=\"943\" data-end=\"957\" data-col-size=\"sm\">Klubai (cm)<\/th>\n<th class=\"\" data-start=\"957\" data-end=\"971\" data-col-size=\"sm\">Pikkus (cm)<\/th>\n<\/tr>\n<\/thead>\n<tbody data-start=\"1022\" data-end=\"1271\">\n<tr data-start=\"1022\" data-end=\"1071\">\n<td data-start=\"1022\" data-end=\"1029\" data-col-size=\"sm\">XS<\/td>\n<td data-col-size=\"sm\" data-start=\"1029\" data-end=\"1043\">33<\/td>\n<td data-col-size=\"sm\" data-start=\"1043\" data-end=\"1057\">47<\/td>\n<td data-col-size=\"sm\" data-start=\"1057\" data-end=\"1071\">104<\/td>\n<\/tr>\n<tr data-start=\"1072\" data-end=\"1121\">\n<td data-start=\"1072\" data-end=\"1079\" data-col-size=\"sm\">S<\/td>\n<td data-col-size=\"sm\" data-start=\"1079\" data-end=\"1093\">35<\/td>\n<td data-col-size=\"sm\" data-start=\"1093\" data-end=\"1107\">48<\/td>\n<td data-col-size=\"sm\" data-start=\"1107\" data-end=\"1121\">104<\/td>\n<\/tr>\n<tr data-start=\"1122\" data-end=\"1171\">\n<td data-start=\"1122\" data-end=\"1129\" data-col-size=\"sm\">M<\/td>\n<td data-col-size=\"sm\" data-start=\"1129\" data-end=\"1143\">37<\/td>\n<td data-col-size=\"sm\" data-start=\"1143\" data-end=\"1157\">50<\/td>\n<td data-col-size=\"sm\" data-start=\"1157\" data-end=\"1171\">105<\/td>\n<\/tr>\n<tr data-start=\"1172\" data-end=\"1221\">\n<td data-start=\"1172\" data-end=\"1179\" data-col-size=\"sm\">L<\/td>\n<td data-col-size=\"sm\" data-start=\"1179\" data-end=\"1193\">40<\/td>\n<td data-col-size=\"sm\" data-start=\"1193\" data-end=\"1207\">52<\/td>\n<td data-col-size=\"sm\" data-start=\"1207\" data-end=\"1221\">105<\/td>\n<\/tr>\n<tr data-start=\"1222\" data-end=\"1271\">\n<td data-start=\"1222\" data-end=\"1229\" data-col-size=\"sm\">XL<\/td>\n<td data-col-size=\"sm\" data-start=\"1229\" data-end=\"1243\">42<\/td>\n<td data-col-size=\"sm\" data-start=\"1243\" data-end=\"1257\">55<\/td>\n<td data-col-size=\"sm\" data-start=\"1257\" data-end=\"1271\">105<\/td>\n<\/tr>\n<\/tbody>\n<\/table>\n<\/div>\n<\/div>","protected":false},"featured_media":32477,"comment_status":"open","ping_status":"closed","template":"","meta":{"_uag_custom_page_level_css":"","_monsterinsights_skip_tracking":false,"_monsterinsights_sitenote_active":false,"_monsterinsights_sitenote_note":"","_monsterinsights_sitenote_category":0},"product_brand":[],"product_cat":[66,67,95],"product_tag":[],"class_list":{"0":"post-32524","1":"product","2":"type-product","3":"status-publish","4":"has-post-thumbnail","6":"product_cat-drabuziai","7":"product_cat-dzinsai","8":"product_cat-naujausi","9":"tm-has-options","11":"first","12":"instock","13":"shipping-taxable","14":"purchasable","15":"product-type-variable"},"yoast_head":"<!-- This site is optimized with the Yoast SEO plugin v27.5 - https:\/\/yoast.com\/product\/yoast-seo-wordpress\/ -->\n<title>\u201eCity Ease\u201c mom fit d\u017einsai (2699) - MadosKampas.lt<\/title>\n<meta name=\"robots\" content=\"index, follow, max-snippet:-1, max-image-preview:large, max-video-preview:-1\" \/>\n<link rel=\"canonical\" href=\"https:\/\/madoskampas.lt\/et\/product-2\/city-ease-mom-fit-dzinsai-2699\/\" \/>\n<meta property=\"og:locale\" content=\"et_EE\" \/>\n<meta property=\"og:type\" content=\"article\" \/>\n<meta property=\"og:title\" content=\"\u201eCity Ease\u201c mom fit d\u017einsai (2699) - MadosKampas.lt\" \/>\n<meta property=\"og:description\" content=\"Patogumas, kuris atrodo stilingai \ud83d\udc99 \u201eCity Ease\u201c mom fit d\u017einsai \u2013 tai lengvai priglundantis, bet nevar\u017eantis modelis, kuris suteikia nat\u016bral\u0173 siluet\u0105 ir komfort\u0105 kiekvienai dienai. Auk\u0161tesnis liemuo gra\u017eiai i\u0161ry\u0161kina fig\u016br\u0105, o \u0161iek tiek laisvesn\u0117 kle\u0161ni\u0173 linija kuria modern\u0173, ne\u012fpareigojant\u012f \u012fvaizd\u012f. \u0160ie d\u017einsai puikiai dera tiek su mar\u0161kiniais, tiek su laisvesniais megztiniais ar basic mar\u0161kin\u0117liais. Galite ne\u0161ioti tiek su atlenktomis kle\u0161n\u0117mis, tiek pilno ilgio \u2013 kiekvien\u0105 kart\u0105 atrodys vis kitaip. Jausmas vilkint \u2013 lengvas, patogus ir u\u017etikrintas.    Kod\u0117l verta rinktis:\u2022 Mom fit modelis \u2013 patogus ir stilingas\u2022 Auk\u0161tesnis liemuo \u2013 gra\u017eiam siluetui\u2022 Universalus dizainas \u2013 lengvai derinami\u2022 Tinka kasdienai ir laisvalaikiui    I\u0161matavimai:       Dydis Liemuo (cm) Klubai (cm) Ilgis (cm)     XS 33 47 104   S 35 48 104   M 37 50 105   L 40 52 105   XL 42 55 105\" \/>\n<meta property=\"og:url\" content=\"https:\/\/madoskampas.lt\/et\/product-2\/city-ease-mom-fit-dzinsai-2699\/\" \/>\n<meta property=\"og:site_name\" content=\"MadosKampas.lt\" \/>\n<meta property=\"article:modified_time\" content=\"2026-05-02T17:58:51+00:00\" \/>\n<meta property=\"og:image\" content=\"https:\/\/madoskampas.lt\/wp-content\/uploads\/2026\/04\/IMG_7530-2-scaled.jpeg\" \/>\n\t<meta property=\"og:image:width\" content=\"1920\" \/>\n\t<meta property=\"og:image:height\" content=\"2560\" \/>\n\t<meta property=\"og:image:type\" content=\"image\/jpeg\" \/>\n<meta name=\"twitter:card\" content=\"summary_large_image\" \/>\n<meta name=\"twitter:label1\" content=\"Est. reading time\" \/>\n\t<meta name=\"twitter:data1\" content=\"1 minut\" \/>\n<script type=\"application\/ld+json\" class=\"yoast-schema-graph\">{\"@context\":\"https:\\\/\\\/schema.org\",\"@graph\":[{\"@type\":\"WebPage\",\"@id\":\"https:\\\/\\\/madoskampas.lt\\\/produktas\\\/city-ease-mom-fit-dzinsai-2699\\\/\",\"url\":\"https:\\\/\\\/madoskampas.lt\\\/produktas\\\/city-ease-mom-fit-dzinsai-2699\\\/\",\"name\":\"\u201eCity Ease\u201c mom fit d\u017einsai (2699) - MadosKampas.lt\",\"isPartOf\":{\"@id\":\"https:\\\/\\\/madoskampas.lt\\\/#website\"},\"primaryImageOfPage\":{\"@id\":\"https:\\\/\\\/madoskampas.lt\\\/produktas\\\/city-ease-mom-fit-dzinsai-2699\\\/#primaryimage\"},\"image\":{\"@id\":\"https:\\\/\\\/madoskampas.lt\\\/produktas\\\/city-ease-mom-fit-dzinsai-2699\\\/#primaryimage\"},\"thumbnailUrl\":\"https:\\\/\\\/madoskampas.lt\\\/wp-content\\\/uploads\\\/2026\\\/04\\\/IMG_7530-2-scaled.jpeg\",\"datePublished\":\"2026-04-30T08:51:46+00:00\",\"dateModified\":\"2026-05-02T17:58:51+00:00\",\"breadcrumb\":{\"@id\":\"https:\\\/\\\/madoskampas.lt\\\/produktas\\\/city-ease-mom-fit-dzinsai-2699\\\/#breadcrumb\"},\"inLanguage\":\"et\",\"potentialAction\":[{\"@type\":\"ReadAction\",\"target\":[\"https:\\\/\\\/madoskampas.lt\\\/produktas\\\/city-ease-mom-fit-dzinsai-2699\\\/\"]}]},{\"@type\":\"ImageObject\",\"inLanguage\":\"et\",\"@id\":\"https:\\\/\\\/madoskampas.lt\\\/produktas\\\/city-ease-mom-fit-dzinsai-2699\\\/#primaryimage\",\"url\":\"https:\\\/\\\/madoskampas.lt\\\/wp-content\\\/uploads\\\/2026\\\/04\\\/IMG_7530-2-scaled.jpeg\",\"contentUrl\":\"https:\\\/\\\/madoskampas.lt\\\/wp-content\\\/uploads\\\/2026\\\/04\\\/IMG_7530-2-scaled.jpeg\",\"width\":1920,\"height\":2560},{\"@type\":\"BreadcrumbList\",\"@id\":\"https:\\\/\\\/madoskampas.lt\\\/produktas\\\/city-ease-mom-fit-dzinsai-2699\\\/#breadcrumb\",\"itemListElement\":[{\"@type\":\"ListItem\",\"position\":1,\"name\":\"Home\",\"item\":\"https:\\\/\\\/madoskampas.lt\\\/\"},{\"@type\":\"ListItem\",\"position\":2,\"name\":\"Parduotuv\u0117\",\"item\":\"https:\\\/\\\/madoskampas.lt\\\/parduotuve-2\\\/\"},{\"@type\":\"ListItem\",\"position\":3,\"name\":\"\u201eCity Ease\u201c mom fit d\u017einsai (2699)\"}]},{\"@type\":\"WebSite\",\"@id\":\"https:\\\/\\\/madoskampas.lt\\\/#website\",\"url\":\"https:\\\/\\\/madoskampas.lt\\\/\",\"name\":\"MadosKampas.lt\",\"description\":\"Stilingi drabu\u017eiai moterims\",\"potentialAction\":[{\"@type\":\"SearchAction\",\"target\":{\"@type\":\"EntryPoint\",\"urlTemplate\":\"https:\\\/\\\/madoskampas.lt\\\/?s={search_term_string}\"},\"query-input\":{\"@type\":\"PropertyValueSpecification\",\"valueRequired\":true,\"valueName\":\"search_term_string\"}}],\"inLanguage\":\"et\"}]}<\/script>\n<!-- \/ Yoast SEO plugin. -->","yoast_head_json":{"title":"\u201eCity Ease\u201c mom fit d\u017einsai (2699) - MadosKampas.lt","robots":{"index":"index","follow":"follow","max-snippet":"max-snippet:-1","max-image-preview":"max-image-preview:large","max-video-preview":"max-video-preview:-1"},"canonical":"https:\/\/madoskampas.lt\/et\/product-2\/city-ease-mom-fit-dzinsai-2699\/","og_locale":"et_EE","og_type":"article","og_title":"\u201eCity Ease\u201c mom fit d\u017einsai (2699) - MadosKampas.lt","og_description":"Patogumas, kuris atrodo stilingai \ud83d\udc99 \u201eCity Ease\u201c mom fit d\u017einsai \u2013 tai lengvai priglundantis, bet nevar\u017eantis modelis, kuris suteikia nat\u016bral\u0173 siluet\u0105 ir komfort\u0105 kiekvienai dienai. Auk\u0161tesnis liemuo gra\u017eiai i\u0161ry\u0161kina fig\u016br\u0105, o \u0161iek tiek laisvesn\u0117 kle\u0161ni\u0173 linija kuria modern\u0173, ne\u012fpareigojant\u012f \u012fvaizd\u012f. \u0160ie d\u017einsai puikiai dera tiek su mar\u0161kiniais, tiek su laisvesniais megztiniais ar basic mar\u0161kin\u0117liais. Galite ne\u0161ioti tiek su atlenktomis kle\u0161n\u0117mis, tiek pilno ilgio \u2013 kiekvien\u0105 kart\u0105 atrodys vis kitaip. Jausmas vilkint \u2013 lengvas, patogus ir u\u017etikrintas.    Kod\u0117l verta rinktis:\u2022 Mom fit modelis \u2013 patogus ir stilingas\u2022 Auk\u0161tesnis liemuo \u2013 gra\u017eiam siluetui\u2022 Universalus dizainas \u2013 lengvai derinami\u2022 Tinka kasdienai ir laisvalaikiui    I\u0161matavimai:       Dydis Liemuo (cm) Klubai (cm) Ilgis (cm)     XS 33 47 104   S 35 48 104   M 37 50 105   L 40 52 105   XL 42 55 105","og_url":"https:\/\/madoskampas.lt\/et\/product-2\/city-ease-mom-fit-dzinsai-2699\/","og_site_name":"MadosKampas.lt","article_modified_time":"2026-05-02T17:58:51+00:00","og_image":[{"width":1920,"height":2560,"url":"https:\/\/madoskampas.lt\/wp-content\/uploads\/2026\/04\/IMG_7530-2-scaled.jpeg","type":"image\/jpeg"}],"twitter_card":"summary_large_image","twitter_misc":{"Est. reading time":"1 minut"},"schema":{"@context":"https:\/\/schema.org","@graph":[{"@type":"WebPage","@id":"https:\/\/madoskampas.lt\/produktas\/city-ease-mom-fit-dzinsai-2699\/","url":"https:\/\/madoskampas.lt\/produktas\/city-ease-mom-fit-dzinsai-2699\/","name":"\u201eCity Ease\u201c mom fit d\u017einsai (2699) - MadosKampas.lt","isPartOf":{"@id":"https:\/\/madoskampas.lt\/#website"},"primaryImageOfPage":{"@id":"https:\/\/madoskampas.lt\/produktas\/city-ease-mom-fit-dzinsai-2699\/#primaryimage"},"image":{"@id":"https:\/\/madoskampas.lt\/produktas\/city-ease-mom-fit-dzinsai-2699\/#primaryimage"},"thumbnailUrl":"https:\/\/madoskampas.lt\/wp-content\/uploads\/2026\/04\/IMG_7530-2-scaled.jpeg","datePublished":"2026-04-30T08:51:46+00:00","dateModified":"2026-05-02T17:58:51+00:00","breadcrumb":{"@id":"https:\/\/madoskampas.lt\/produktas\/city-ease-mom-fit-dzinsai-2699\/#breadcrumb"},"inLanguage":"et","potentialAction":[{"@type":"ReadAction","target":["https:\/\/madoskampas.lt\/produktas\/city-ease-mom-fit-dzinsai-2699\/"]}]},{"@type":"ImageObject","inLanguage":"et","@id":"https:\/\/madoskampas.lt\/produktas\/city-ease-mom-fit-dzinsai-2699\/#primaryimage","url":"https:\/\/madoskampas.lt\/wp-content\/uploads\/2026\/04\/IMG_7530-2-scaled.jpeg","contentUrl":"https:\/\/madoskampas.lt\/wp-content\/uploads\/2026\/04\/IMG_7530-2-scaled.jpeg","width":1920,"height":2560},{"@type":"BreadcrumbList","@id":"https:\/\/madoskampas.lt\/produktas\/city-ease-mom-fit-dzinsai-2699\/#breadcrumb","itemListElement":[{"@type":"ListItem","position":1,"name":"Home","item":"https:\/\/madoskampas.lt\/"},{"@type":"ListItem","position":2,"name":"Parduotuv\u0117","item":"https:\/\/madoskampas.lt\/parduotuve-2\/"},{"@type":"ListItem","position":3,"name":"\u201eCity Ease\u201c mom fit d\u017einsai (2699)"}]},{"@type":"WebSite","@id":"https:\/\/madoskampas.lt\/#website","url":"https:\/\/madoskampas.lt\/","name":"FashionKampas.lt","description":"Stiilsed riided naistele","potentialAction":[{"@type":"SearchAction","target":{"@type":"EntryPoint","urlTemplate":"https:\/\/madoskampas.lt\/?s={search_term_string}"},"query-input":{"@type":"PropertyValueSpecification","valueRequired":true,"valueName":"search_term_string"}}],"inLanguage":"et"}]}},"uagb_featured_image_src":{"full":["https:\/\/madoskampas.lt\/wp-content\/uploads\/2026\/04\/IMG_7530-2-scaled.jpeg",1920,2560,false],"thumbnail":["https:\/\/madoskampas.lt\/wp-content\/uploads\/2026\/04\/IMG_7530-2-150x150.jpeg",150,150,true],"medium":["https:\/\/madoskampas.lt\/wp-content\/uploads\/2026\/04\/IMG_7530-2-225x300.jpeg",225,300,true],"medium_large":["https:\/\/madoskampas.lt\/wp-content\/uploads\/2026\/04\/IMG_7530-2-768x1024.jpeg",768,1024,true],"large":["https:\/\/madoskampas.lt\/wp-content\/uploads\/2026\/04\/IMG_7530-2-768x1024.jpeg",768,1024,true],"1536x1536":["https:\/\/madoskampas.lt\/wp-content\/uploads\/2026\/04\/IMG_7530-2-1152x1536.jpeg",1152,1536,true],"2048x2048":["https:\/\/madoskampas.lt\/wp-content\/uploads\/2026\/04\/IMG_7530-2-1536x2048.jpeg",1536,2048,true],"trp-custom-language-flag":["https:\/\/madoskampas.lt\/wp-content\/uploads\/2026\/04\/IMG_7530-2-9x12.jpeg",9,12,true],"nova-image-square":["https:\/\/madoskampas.lt\/wp-content\/uploads\/2026\/04\/IMG_7530-2-1100x1100.jpeg",1100,1100,true],"mixtas-product-03":["https:\/\/madoskampas.lt\/wp-content\/uploads\/2026\/04\/IMG_7530-2-600x345.jpeg",600,345,true],"woocommerce_thumbnail":["https:\/\/madoskampas.lt\/wp-content\/uploads\/2026\/04\/IMG_7530-2-700x700.jpeg",700,700,true],"woocommerce_single":["https:\/\/madoskampas.lt\/wp-content\/uploads\/2026\/04\/IMG_7530-2-1000x1333.jpeg",1000,1333,true],"woocommerce_gallery_thumbnail":["https:\/\/madoskampas.lt\/wp-content\/uploads\/2026\/04\/IMG_7530-2-250x250.jpeg",250,250,true],"variation_swatches_image_size":["https:\/\/madoskampas.lt\/wp-content\/uploads\/2026\/04\/IMG_7530-2-50x50.jpeg",50,50,true],"variation_swatches_tooltip_size":["https:\/\/madoskampas.lt\/wp-content\/uploads\/2026\/04\/IMG_7530-2-100x100.jpeg",100,100,true]},"uagb_author_info":{"display_name":"algirdasbart","author_link":"https:\/\/madoskampas.lt\/et\/author\/"},"uagb_comment_info":0,"uagb_excerpt":"Patogumas, kuris atrodo stilingai \ud83d\udc99 \u201eCity Ease\u201c mom fit d\u017einsai \u2013 tai lengvai priglundantis, bet nevar\u017eantis modelis, kuris suteikia nat\u016bral\u0173 siluet\u0105 ir komfort\u0105 kiekvienai dienai. Auk\u0161tesnis liemuo gra\u017eiai i\u0161ry\u0161kina fig\u016br\u0105, o \u0161iek tiek laisvesn\u0117 kle\u0161ni\u0173 linija kuria modern\u0173, ne\u012fpareigojant\u012f \u012fvaizd\u012f. \u0160ie d\u017einsai puikiai dera tiek su mar\u0161kiniais, tiek su laisvesniais megztiniais ar basic mar\u0161kin\u0117liais. Galite&hellip;","jetpack_sharing_enabled":true,"_links":{"self":[{"href":"https:\/\/madoskampas.lt\/et\/wp-json\/wp\/v2\/product\/32524","targetHints":{"allow":["GET"]}}],"collection":[{"href":"https:\/\/madoskampas.lt\/et\/wp-json\/wp\/v2\/product"}],"about":[{"href":"https:\/\/madoskampas.lt\/et\/wp-json\/wp\/v2\/types\/product"}],"replies":[{"embeddable":true,"href":"https:\/\/madoskampas.lt\/et\/wp-json\/wp\/v2\/comments?post=32524"}],"wp:featuredmedia":[{"embeddable":true,"href":"https:\/\/madoskampas.lt\/et\/wp-json\/wp\/v2\/media\/32477"}],"wp:attachment":[{"href":"https:\/\/madoskampas.lt\/et\/wp-json\/wp\/v2\/media?parent=32524"}],"wp:term":[{"taxonomy":"product_brand","embeddable":true,"href":"https:\/\/madoskampas.lt\/et\/wp-json\/wp\/v2\/product_brand?post=32524"},{"taxonomy":"product_cat","embeddable":true,"href":"https:\/\/madoskampas.lt\/et\/wp-json\/wp\/v2\/product_cat?post=32524"},{"taxonomy":"product_tag","embeddable":true,"href":"https:\/\/madoskampas.lt\/et\/wp-json\/wp\/v2\/product_tag?post=32524"}],"curies":[{"name":"wp","href":"https:\/\/api.w.org\/{rel}","templated":true}]}}