{"id":32530,"date":"2026-04-30T09:10:15","date_gmt":"2026-04-30T09:10:15","guid":{"rendered":"https:\/\/madoskampas.lt\/?post_type=product&#038;p=32530"},"modified":"2026-05-15T08:31:22","modified_gmt":"2026-05-15T08:31:22","slug":"dot-story-taskuota-suknele","status":"publish","type":"product","link":"https:\/\/madoskampas.lt\/et\/product-2\/dot-story-taskuota-suknele\/","title":{"rendered":"\u201eDot Story\u201c ta\u0161kuota suknel\u0117"},"content":{"rendered":"<p data-start=\"146\" data-end=\"182\">Ta\u0161keliai, kurie kuria nuotaik\u0105 \ud83e\udd0d<\/p>\n<p data-start=\"184\" data-end=\"388\">\u201eDot Story\u201c suknel\u0117 \u2013 tai \u017eaismingas, bet kartu labai eleganti\u0161kas pasirinkimas. Skirtingo dyd\u017eio ta\u0161keliai suteikia i\u0161skirtinumo ir subtilaus judesio poj\u016bt\u012f \u2013 kiekvienas \u017eingsnis atrodo lengvas ir gyvas.<\/p>\n<p data-start=\"390\" data-end=\"593\">Mar\u0161kini\u0173 tipo kirpimas i\u0161laiko klasikin\u0119 linij\u0105, o dir\u017eelis leid\u017eia gra\u017eiai formuoti liemen\u012f. \u0160velniai krentanti med\u017eiaga suteikia lengvumo, tod\u0117l suknel\u0117 atrodo ne tik stilingai, bet ir labai patogiai.<\/p>\n<p data-start=\"595\" data-end=\"683\">","protected":false},"excerpt":{"rendered":"<p data-start=\"146\" data-end=\"182\">Ta\u0161keliai, kurie kuria nuotaik\u0105 \ud83e\udd0d<\/p>\n<p data-start=\"184\" data-end=\"388\">\u201eDot Story\u201c suknel\u0117 \u2013 tai \u017eaismingas, bet kartu labai eleganti\u0161kas pasirinkimas. Skirtingo dyd\u017eio ta\u0161keliai suteikia i\u0161skirtinumo ir subtilaus judesio poj\u016bt\u012f \u2013 kiekvienas \u017eingsnis atrodo lengvas ir gyvas.<\/p>\n<p data-start=\"390\" data-end=\"593\">Mar\u0161kini\u0173 tipo kirpimas i\u0161laiko klasikin\u0119 linij\u0105, o dir\u017eelis leid\u017eia gra\u017eiai formuoti liemen\u012f. \u0160velniai krentanti med\u017eiaga suteikia lengvumo, tod\u0117l suknel\u0117 atrodo ne tik stilingai, bet ir labai patogiai.<\/p>\n<p data-start=\"595\" data-end=\"683\">Puikiai tiks tiek dienai mieste, tiek vakarui, kai norisi atrodyti effortless stilingai.<\/p>\n<p data-start=\"685\" data-end=\"749\">Jausmas vilkint \u2013 lengvas, laisvas ir moteri\u0161kai \u017eaismingas \ud83d\udcab<\/p>\n<hr data-start=\"751\" data-end=\"754\" \/>\n<p data-start=\"756\" data-end=\"834\"><strong data-start=\"756\" data-end=\"772\">M\u00f5\u00f5tmed:<\/strong><br data-start=\"772\" data-end=\"775\" \/>Ilgis \u2013 111 cm<br data-start=\"789\" data-end=\"792\" \/>Per kr\u016btin\u0119 \u2013 53 cm<br data-start=\"811\" data-end=\"814\" \/>Per klubus \u2013 58 cm<\/p>\n<p data-start=\"836\" data-end=\"850\">Dydis: <strong data-start=\"843\" data-end=\"850\">S\u2013L<\/strong><\/p>\n<hr data-start=\"852\" data-end=\"855\" \/>\n<p data-start=\"857\" data-end=\"899\"><strong data-start=\"857\" data-end=\"869\">Koostis:<\/strong><br data-start=\"869\" data-end=\"872\" \/>95% viskoz\u0117, 5% elastanas<\/p>\n<hr data-start=\"901\" data-end=\"904\" \/>\n<p data-start=\"906\" data-end=\"1140\"><strong data-start=\"906\" data-end=\"930\">Kod\u0117l verta rinktis:<\/strong><br data-start=\"930\" data-end=\"933\" \/>\u2022 I\u0161skirtinis ta\u0161keli\u0173 ra\u0161tas<br data-start=\"962\" data-end=\"965\" \/>\u2022 Mar\u0161kini\u0173 tipo modelis \u2013 klasika su charakteriu<br data-start=\"1014\" data-end=\"1017\" \/>\u2022 Dir\u017eelis \u2013 reguliuojamam siluetui<br data-start=\"1052\" data-end=\"1055\" \/>\u2022 Lengvai krentanti, maloni med\u017eiaga<br data-start=\"1091\" data-end=\"1094\" \/>\u2022 Universalus pasirinkimas \u012fvairioms progoms<\/p>","protected":false},"featured_media":32494,"comment_status":"open","ping_status":"closed","template":"","meta":{"_uag_custom_page_level_css":"","_monsterinsights_skip_tracking":false,"_monsterinsights_sitenote_active":false,"_monsterinsights_sitenote_note":"","_monsterinsights_sitenote_category":0},"product_brand":[],"product_cat":[66,95,78],"product_tag":[],"class_list":{"0":"post-32530","1":"product","2":"type-product","3":"status-publish","4":"has-post-thumbnail","6":"product_cat-drabuziai","7":"product_cat-naujausi","8":"product_cat-sukneles","9":"tm-has-options","11":"first","12":"instock","13":"shipping-taxable","14":"purchasable","15":"product-type-variable"},"yoast_head":"<!-- This site is optimized with the Yoast SEO plugin v27.6 - https:\/\/yoast.com\/product\/yoast-seo-wordpress\/ -->\n<title>\u201eDot Story\u201c ta\u0161kuota suknel\u0117 - MadosKampas.lt<\/title>\n<meta name=\"robots\" content=\"index, follow, max-snippet:-1, max-image-preview:large, max-video-preview:-1\" \/>\n<link rel=\"canonical\" href=\"https:\/\/madoskampas.lt\/et\/product-2\/dot-story-taskuota-suknele\/\" \/>\n<meta property=\"og:locale\" content=\"et_EE\" \/>\n<meta property=\"og:type\" content=\"article\" \/>\n<meta property=\"og:title\" content=\"\u201eDot Story\u201c ta\u0161kuota suknel\u0117 - MadosKampas.lt\" \/>\n<meta property=\"og:description\" content=\"Ta\u0161keliai, kurie kuria nuotaik\u0105 \ud83e\udd0d \u201eDot Story\u201c suknel\u0117 \u2013 tai \u017eaismingas, bet kartu labai eleganti\u0161kas pasirinkimas. Skirtingo dyd\u017eio ta\u0161keliai suteikia i\u0161skirtinumo ir subtilaus judesio poj\u016bt\u012f \u2013 kiekvienas \u017eingsnis atrodo lengvas ir gyvas. Mar\u0161kini\u0173 tipo kirpimas i\u0161laiko klasikin\u0119 linij\u0105, o dir\u017eelis leid\u017eia gra\u017eiai formuoti liemen\u012f. \u0160velniai krentanti med\u017eiaga suteikia lengvumo, tod\u0117l suknel\u0117 atrodo ne tik stilingai, bet ir labai patogiai. Puikiai tiks tiek dienai mieste, tiek vakarui, kai norisi atrodyti effortless stilingai. Jausmas vilkint \u2013 lengvas, laisvas ir moteri\u0161kai \u017eaismingas \ud83d\udcab    I\u0161matavimai:Ilgis \u2013 111 cmPer kr\u016btin\u0119 \u2013 53 cmPer klubus \u2013 58 cm Dydis: S\u2013L    Sud\u0117tis:95% viskoz\u0117, 5% elastanas    Kod\u0117l verta rinktis:\u2022 I\u0161skirtinis ta\u0161keli\u0173 ra\u0161tas\u2022 Mar\u0161kini\u0173 tipo modelis \u2013 klasika su charakteriu\u2022 Dir\u017eelis \u2013 reguliuojamam siluetui\u2022 Lengvai krentanti, maloni med\u017eiaga\u2022 Universalus pasirinkimas \u012fvairioms progoms\" \/>\n<meta property=\"og:url\" content=\"https:\/\/madoskampas.lt\/et\/product-2\/dot-story-taskuota-suknele\/\" \/>\n<meta property=\"og:site_name\" content=\"MadosKampas.lt\" \/>\n<meta property=\"article:modified_time\" content=\"2026-05-15T08:31:22+00:00\" \/>\n<meta property=\"og:image\" content=\"https:\/\/madoskampas.lt\/wp-content\/uploads\/2026\/04\/IMG_7603-2-scaled.jpeg\" \/>\n\t<meta property=\"og:image:width\" content=\"1920\" \/>\n\t<meta property=\"og:image:height\" content=\"2560\" \/>\n\t<meta property=\"og:image:type\" content=\"image\/jpeg\" \/>\n<meta name=\"twitter:card\" content=\"summary_large_image\" \/>\n<meta name=\"twitter:label1\" content=\"Est. reading time\" \/>\n\t<meta name=\"twitter:data1\" content=\"1 minut\" \/>\n<script type=\"application\/ld+json\" class=\"yoast-schema-graph\">{\"@context\":\"https:\\\/\\\/schema.org\",\"@graph\":[{\"@type\":\"WebPage\",\"@id\":\"https:\\\/\\\/madoskampas.lt\\\/produktas\\\/dot-story-taskuota-suknele\\\/\",\"url\":\"https:\\\/\\\/madoskampas.lt\\\/produktas\\\/dot-story-taskuota-suknele\\\/\",\"name\":\"\u201eDot Story\u201c ta\u0161kuota suknel\u0117 - MadosKampas.lt\",\"isPartOf\":{\"@id\":\"https:\\\/\\\/madoskampas.lt\\\/#website\"},\"primaryImageOfPage\":{\"@id\":\"https:\\\/\\\/madoskampas.lt\\\/produktas\\\/dot-story-taskuota-suknele\\\/#primaryimage\"},\"image\":{\"@id\":\"https:\\\/\\\/madoskampas.lt\\\/produktas\\\/dot-story-taskuota-suknele\\\/#primaryimage\"},\"thumbnailUrl\":\"https:\\\/\\\/madoskampas.lt\\\/wp-content\\\/uploads\\\/2026\\\/04\\\/IMG_7603-2-scaled.jpeg\",\"datePublished\":\"2026-04-30T09:10:15+00:00\",\"dateModified\":\"2026-05-15T08:31:22+00:00\",\"breadcrumb\":{\"@id\":\"https:\\\/\\\/madoskampas.lt\\\/produktas\\\/dot-story-taskuota-suknele\\\/#breadcrumb\"},\"inLanguage\":\"et\",\"potentialAction\":[{\"@type\":\"ReadAction\",\"target\":[\"https:\\\/\\\/madoskampas.lt\\\/produktas\\\/dot-story-taskuota-suknele\\\/\"]}]},{\"@type\":\"ImageObject\",\"inLanguage\":\"et\",\"@id\":\"https:\\\/\\\/madoskampas.lt\\\/produktas\\\/dot-story-taskuota-suknele\\\/#primaryimage\",\"url\":\"https:\\\/\\\/madoskampas.lt\\\/wp-content\\\/uploads\\\/2026\\\/04\\\/IMG_7603-2-scaled.jpeg\",\"contentUrl\":\"https:\\\/\\\/madoskampas.lt\\\/wp-content\\\/uploads\\\/2026\\\/04\\\/IMG_7603-2-scaled.jpeg\",\"width\":1920,\"height\":2560},{\"@type\":\"BreadcrumbList\",\"@id\":\"https:\\\/\\\/madoskampas.lt\\\/produktas\\\/dot-story-taskuota-suknele\\\/#breadcrumb\",\"itemListElement\":[{\"@type\":\"ListItem\",\"position\":1,\"name\":\"Home\",\"item\":\"https:\\\/\\\/madoskampas.lt\\\/\"},{\"@type\":\"ListItem\",\"position\":2,\"name\":\"Parduotuv\u0117\",\"item\":\"https:\\\/\\\/madoskampas.lt\\\/parduotuve-2\\\/\"},{\"@type\":\"ListItem\",\"position\":3,\"name\":\"\u201eDot Story\u201c ta\u0161kuota suknel\u0117\"}]},{\"@type\":\"WebSite\",\"@id\":\"https:\\\/\\\/madoskampas.lt\\\/#website\",\"url\":\"https:\\\/\\\/madoskampas.lt\\\/\",\"name\":\"MadosKampas.lt\",\"description\":\"Stilingi drabu\u017eiai moterims\",\"potentialAction\":[{\"@type\":\"SearchAction\",\"target\":{\"@type\":\"EntryPoint\",\"urlTemplate\":\"https:\\\/\\\/madoskampas.lt\\\/?s={search_term_string}\"},\"query-input\":{\"@type\":\"PropertyValueSpecification\",\"valueRequired\":true,\"valueName\":\"search_term_string\"}}],\"inLanguage\":\"et\"}]}<\/script>\n<!-- \/ Yoast SEO plugin. -->","yoast_head_json":{"title":"\u201eDot Story\u201c ta\u0161kuota suknel\u0117 - MadosKampas.lt","robots":{"index":"index","follow":"follow","max-snippet":"max-snippet:-1","max-image-preview":"max-image-preview:large","max-video-preview":"max-video-preview:-1"},"canonical":"https:\/\/madoskampas.lt\/et\/product-2\/dot-story-taskuota-suknele\/","og_locale":"et_EE","og_type":"article","og_title":"\u201eDot Story\u201c ta\u0161kuota suknel\u0117 - MadosKampas.lt","og_description":"Ta\u0161keliai, kurie kuria nuotaik\u0105 \ud83e\udd0d \u201eDot Story\u201c suknel\u0117 \u2013 tai \u017eaismingas, bet kartu labai eleganti\u0161kas pasirinkimas. Skirtingo dyd\u017eio ta\u0161keliai suteikia i\u0161skirtinumo ir subtilaus judesio poj\u016bt\u012f \u2013 kiekvienas \u017eingsnis atrodo lengvas ir gyvas. Mar\u0161kini\u0173 tipo kirpimas i\u0161laiko klasikin\u0119 linij\u0105, o dir\u017eelis leid\u017eia gra\u017eiai formuoti liemen\u012f. \u0160velniai krentanti med\u017eiaga suteikia lengvumo, tod\u0117l suknel\u0117 atrodo ne tik stilingai, bet ir labai patogiai. Puikiai tiks tiek dienai mieste, tiek vakarui, kai norisi atrodyti effortless stilingai. Jausmas vilkint \u2013 lengvas, laisvas ir moteri\u0161kai \u017eaismingas \ud83d\udcab    I\u0161matavimai:Ilgis \u2013 111 cmPer kr\u016btin\u0119 \u2013 53 cmPer klubus \u2013 58 cm Dydis: S\u2013L    Sud\u0117tis:95% viskoz\u0117, 5% elastanas    Kod\u0117l verta rinktis:\u2022 I\u0161skirtinis ta\u0161keli\u0173 ra\u0161tas\u2022 Mar\u0161kini\u0173 tipo modelis \u2013 klasika su charakteriu\u2022 Dir\u017eelis \u2013 reguliuojamam siluetui\u2022 Lengvai krentanti, maloni med\u017eiaga\u2022 Universalus pasirinkimas \u012fvairioms progoms","og_url":"https:\/\/madoskampas.lt\/et\/product-2\/dot-story-taskuota-suknele\/","og_site_name":"MadosKampas.lt","article_modified_time":"2026-05-15T08:31:22+00:00","og_image":[{"width":1920,"height":2560,"url":"https:\/\/madoskampas.lt\/wp-content\/uploads\/2026\/04\/IMG_7603-2-scaled.jpeg","type":"image\/jpeg"}],"twitter_card":"summary_large_image","twitter_misc":{"Est. reading time":"1 minut"},"schema":{"@context":"https:\/\/schema.org","@graph":[{"@type":"WebPage","@id":"https:\/\/madoskampas.lt\/produktas\/dot-story-taskuota-suknele\/","url":"https:\/\/madoskampas.lt\/produktas\/dot-story-taskuota-suknele\/","name":"\u201eDot Story\u201c ta\u0161kuota suknel\u0117 - MadosKampas.lt","isPartOf":{"@id":"https:\/\/madoskampas.lt\/#website"},"primaryImageOfPage":{"@id":"https:\/\/madoskampas.lt\/produktas\/dot-story-taskuota-suknele\/#primaryimage"},"image":{"@id":"https:\/\/madoskampas.lt\/produktas\/dot-story-taskuota-suknele\/#primaryimage"},"thumbnailUrl":"https:\/\/madoskampas.lt\/wp-content\/uploads\/2026\/04\/IMG_7603-2-scaled.jpeg","datePublished":"2026-04-30T09:10:15+00:00","dateModified":"2026-05-15T08:31:22+00:00","breadcrumb":{"@id":"https:\/\/madoskampas.lt\/produktas\/dot-story-taskuota-suknele\/#breadcrumb"},"inLanguage":"et","potentialAction":[{"@type":"ReadAction","target":["https:\/\/madoskampas.lt\/produktas\/dot-story-taskuota-suknele\/"]}]},{"@type":"ImageObject","inLanguage":"et","@id":"https:\/\/madoskampas.lt\/produktas\/dot-story-taskuota-suknele\/#primaryimage","url":"https:\/\/madoskampas.lt\/wp-content\/uploads\/2026\/04\/IMG_7603-2-scaled.jpeg","contentUrl":"https:\/\/madoskampas.lt\/wp-content\/uploads\/2026\/04\/IMG_7603-2-scaled.jpeg","width":1920,"height":2560},{"@type":"BreadcrumbList","@id":"https:\/\/madoskampas.lt\/produktas\/dot-story-taskuota-suknele\/#breadcrumb","itemListElement":[{"@type":"ListItem","position":1,"name":"Home","item":"https:\/\/madoskampas.lt\/"},{"@type":"ListItem","position":2,"name":"Parduotuv\u0117","item":"https:\/\/madoskampas.lt\/parduotuve-2\/"},{"@type":"ListItem","position":3,"name":"\u201eDot Story\u201c ta\u0161kuota suknel\u0117"}]},{"@type":"WebSite","@id":"https:\/\/madoskampas.lt\/#website","url":"https:\/\/madoskampas.lt\/","name":"FashionKampas.lt","description":"Stiilsed riided naistele","potentialAction":[{"@type":"SearchAction","target":{"@type":"EntryPoint","urlTemplate":"https:\/\/madoskampas.lt\/?s={search_term_string}"},"query-input":{"@type":"PropertyValueSpecification","valueRequired":true,"valueName":"search_term_string"}}],"inLanguage":"et"}]}},"uagb_featured_image_src":{"full":["https:\/\/madoskampas.lt\/wp-content\/uploads\/2026\/04\/IMG_7603-2-scaled.jpeg",1920,2560,false],"thumbnail":["https:\/\/madoskampas.lt\/wp-content\/uploads\/2026\/04\/IMG_7603-2-150x150.jpeg",150,150,true],"medium":["https:\/\/madoskampas.lt\/wp-content\/uploads\/2026\/04\/IMG_7603-2-225x300.jpeg",225,300,true],"medium_large":["https:\/\/madoskampas.lt\/wp-content\/uploads\/2026\/04\/IMG_7603-2-768x1024.jpeg",768,1024,true],"large":["https:\/\/madoskampas.lt\/wp-content\/uploads\/2026\/04\/IMG_7603-2-768x1024.jpeg",768,1024,true],"1536x1536":["https:\/\/madoskampas.lt\/wp-content\/uploads\/2026\/04\/IMG_7603-2-1152x1536.jpeg",1152,1536,true],"2048x2048":["https:\/\/madoskampas.lt\/wp-content\/uploads\/2026\/04\/IMG_7603-2-1536x2048.jpeg",1536,2048,true],"trp-custom-language-flag":["https:\/\/madoskampas.lt\/wp-content\/uploads\/2026\/04\/IMG_7603-2-9x12.jpeg",9,12,true],"nova-image-square":["https:\/\/madoskampas.lt\/wp-content\/uploads\/2026\/04\/IMG_7603-2-1100x1100.jpeg",1100,1100,true],"mixtas-product-03":["https:\/\/madoskampas.lt\/wp-content\/uploads\/2026\/04\/IMG_7603-2-600x345.jpeg",600,345,true],"woocommerce_thumbnail":["https:\/\/madoskampas.lt\/wp-content\/uploads\/2026\/04\/IMG_7603-2-700x700.jpeg",700,700,true],"woocommerce_single":["https:\/\/madoskampas.lt\/wp-content\/uploads\/2026\/04\/IMG_7603-2-1000x1333.jpeg",1000,1333,true],"woocommerce_gallery_thumbnail":["https:\/\/madoskampas.lt\/wp-content\/uploads\/2026\/04\/IMG_7603-2-250x250.jpeg",250,250,true],"variation_swatches_image_size":["https:\/\/madoskampas.lt\/wp-content\/uploads\/2026\/04\/IMG_7603-2-50x50.jpeg",50,50,true],"variation_swatches_tooltip_size":["https:\/\/madoskampas.lt\/wp-content\/uploads\/2026\/04\/IMG_7603-2-100x100.jpeg",100,100,true]},"uagb_author_info":{"display_name":"algirdasbart","author_link":"https:\/\/madoskampas.lt\/et\/author\/"},"uagb_comment_info":0,"uagb_excerpt":"Ta\u0161keliai, kurie kuria nuotaik\u0105 \ud83e\udd0d \u201eDot Story\u201c suknel\u0117 \u2013 tai \u017eaismingas, bet kartu labai eleganti\u0161kas pasirinkimas. Skirtingo dyd\u017eio ta\u0161keliai suteikia i\u0161skirtinumo ir subtilaus judesio poj\u016bt\u012f \u2013 kiekvienas \u017eingsnis atrodo lengvas ir gyvas. Mar\u0161kini\u0173 tipo kirpimas i\u0161laiko klasikin\u0119 linij\u0105, o dir\u017eelis leid\u017eia gra\u017eiai formuoti liemen\u012f. \u0160velniai krentanti med\u017eiaga suteikia lengvumo, tod\u0117l suknel\u0117 atrodo ne tik stilingai,&hellip;","jetpack_sharing_enabled":true,"_links":{"self":[{"href":"https:\/\/madoskampas.lt\/et\/wp-json\/wp\/v2\/product\/32530","targetHints":{"allow":["GET"]}}],"collection":[{"href":"https:\/\/madoskampas.lt\/et\/wp-json\/wp\/v2\/product"}],"about":[{"href":"https:\/\/madoskampas.lt\/et\/wp-json\/wp\/v2\/types\/product"}],"replies":[{"embeddable":true,"href":"https:\/\/madoskampas.lt\/et\/wp-json\/wp\/v2\/comments?post=32530"}],"wp:featuredmedia":[{"embeddable":true,"href":"https:\/\/madoskampas.lt\/et\/wp-json\/wp\/v2\/media\/32494"}],"wp:attachment":[{"href":"https:\/\/madoskampas.lt\/et\/wp-json\/wp\/v2\/media?parent=32530"}],"wp:term":[{"taxonomy":"product_brand","embeddable":true,"href":"https:\/\/madoskampas.lt\/et\/wp-json\/wp\/v2\/product_brand?post=32530"},{"taxonomy":"product_cat","embeddable":true,"href":"https:\/\/madoskampas.lt\/et\/wp-json\/wp\/v2\/product_cat?post=32530"},{"taxonomy":"product_tag","embeddable":true,"href":"https:\/\/madoskampas.lt\/et\/wp-json\/wp\/v2\/product_tag?post=32530"}],"curies":[{"name":"wp","href":"https:\/\/api.w.org\/{rel}","templated":true}]}}