{"id":32534,"date":"2026-04-30T09:14:59","date_gmt":"2026-04-30T09:14:59","guid":{"rendered":"https:\/\/madoskampas.lt\/?post_type=product&#038;p=32534"},"modified":"2026-05-11T12:29:41","modified_gmt":"2026-05-11T12:29:41","slug":"soft-breeze-lengvo-kritimo-suknele","status":"publish","type":"product","link":"https:\/\/madoskampas.lt\/et\/product-2\/soft-breeze-lengvo-kritimo-suknele\/","title":{"rendered":"\u201eSoft Breeze\u201c lengvo kritimo suknel\u0117"},"content":{"rendered":"<p data-start=\"148\" data-end=\"185\">Lengva, \u0161velni ir labai moteri\u0161ka \u2728<\/p>\n<p data-start=\"187\" data-end=\"406\">\u201eSoft Breeze\u201c suknel\u0117 i\u0161siskiria savo nat\u016braliu kritimu ir subtiliu siluetu, kuris gra\u017eiai juda kartu su k\u016bnu. Audinys lengvai krenta, neapsunkina ir suteikia laisv\u0117s poj\u016bt\u012f \u2013 b\u016btent tai, ko norisi \u0161iltesn\u0117mis dienomis.<\/p>\n<p data-start=\"408\" data-end=\"607\">","protected":false},"excerpt":{"rendered":"<p data-start=\"148\" data-end=\"185\">Lengva, \u0161velni ir labai moteri\u0161ka \u2728<\/p>\n<p data-start=\"187\" data-end=\"406\">\u201eSoft Breeze\u201c suknel\u0117 i\u0161siskiria savo nat\u016braliu kritimu ir subtiliu siluetu, kuris gra\u017eiai juda kartu su k\u016bnu. Audinys lengvai krenta, neapsunkina ir suteikia laisv\u0117s poj\u016bt\u012f \u2013 b\u016btent tai, ko norisi \u0161iltesn\u0117mis dienomis.<\/p>\n<p data-start=\"408\" data-end=\"607\">Dir\u017eelis leid\u017eia prisitaikyti siluet\u0105 pagal save \u2013 gali rinktis laisvesn\u012f, \u201eatsipalaidavus\u012f\u201c \u012fvaizd\u012f arba \u0161iek tiek pary\u0161kinti liemen\u012f. Sagos per vis\u0105 ilg\u012f suteikia papildomo lengvumo ir elegancijos.<\/p>\n<p data-start=\"609\" data-end=\"710\">Tai suknel\u0117, kuri nereikalauja daug \u2013 u\u017etenka keli\u0173 aksesuar\u0173 ir jau turi piln\u0105, stiling\u0105 derin\u012f \ud83e\udd0d<\/p>\n<p data-start=\"712\" data-end=\"765\">Puikiai tiks tiek kasdienai, tiek jaukesn\u0117ms progoms.<\/p>\n<hr data-start=\"767\" data-end=\"770\" \/>\n<p data-start=\"772\" data-end=\"850\"><strong data-start=\"772\" data-end=\"788\">M\u00f5\u00f5tmed:<\/strong><br data-start=\"788\" data-end=\"791\" \/>Ilgis \u2013 112 cm<br data-start=\"805\" data-end=\"808\" \/>Per kr\u016btin\u0119 \u2013 49 cm<br data-start=\"827\" data-end=\"830\" \/>Per klubus \u2013 53 cm<\/p>\n<p data-start=\"852\" data-end=\"867\">Dydis: <strong data-start=\"859\" data-end=\"867\">XS\u2013M<\/strong><\/p>\n<hr data-start=\"869\" data-end=\"872\" \/>\n<p data-start=\"874\" data-end=\"916\"><strong data-start=\"874\" data-end=\"886\">Koostis:<\/strong><br data-start=\"886\" data-end=\"889\" \/>88% viskoz\u0117, 12% nailonas<\/p>\n<hr data-start=\"918\" data-end=\"921\" \/>\n<p data-start=\"923\" data-end=\"1123\"><strong data-start=\"923\" data-end=\"947\">Kod\u0117l verta rinktis:<\/strong><br data-start=\"947\" data-end=\"950\" \/>\u2022 Lengvai krentantis, neapsunkinantis audinys<br data-start=\"995\" data-end=\"998\" \/>\u2022 Reguliuojamas siluetas su dir\u017eeliu<br data-start=\"1034\" data-end=\"1037\" \/>\u2022 Subtili, \u0161vari estetika<br data-start=\"1062\" data-end=\"1065\" \/>\u2022 Patogi ir lengvai derinama<br data-start=\"1093\" data-end=\"1096\" \/>\u2022 Tinka \u012fvairioms progoms<\/p>","protected":false},"featured_media":32506,"comment_status":"open","ping_status":"closed","template":"","meta":{"_uag_custom_page_level_css":"","_monsterinsights_skip_tracking":false,"_monsterinsights_sitenote_active":false,"_monsterinsights_sitenote_note":"","_monsterinsights_sitenote_category":0},"product_brand":[],"product_cat":[66,95,78],"product_tag":[],"class_list":{"0":"post-32534","1":"product","2":"type-product","3":"status-publish","4":"has-post-thumbnail","6":"product_cat-drabuziai","7":"product_cat-naujausi","8":"product_cat-sukneles","9":"tm-has-options","11":"first","12":"instock","13":"shipping-taxable","14":"purchasable","15":"product-type-variable"},"yoast_head":"<!-- This site is optimized with the Yoast SEO plugin v27.6 - https:\/\/yoast.com\/product\/yoast-seo-wordpress\/ -->\n<title>\u201eSoft Breeze\u201c lengvo kritimo suknel\u0117 - MadosKampas.lt<\/title>\n<meta name=\"robots\" content=\"index, follow, max-snippet:-1, max-image-preview:large, max-video-preview:-1\" \/>\n<link rel=\"canonical\" href=\"https:\/\/madoskampas.lt\/et\/product-2\/soft-breeze-lengvo-kritimo-suknele\/\" \/>\n<meta property=\"og:locale\" content=\"et_EE\" \/>\n<meta property=\"og:type\" content=\"article\" \/>\n<meta property=\"og:title\" content=\"\u201eSoft Breeze\u201c lengvo kritimo suknel\u0117 - MadosKampas.lt\" \/>\n<meta property=\"og:description\" content=\"Lengva, \u0161velni ir labai moteri\u0161ka \u2728 \u201eSoft Breeze\u201c suknel\u0117 i\u0161siskiria savo nat\u016braliu kritimu ir subtiliu siluetu, kuris gra\u017eiai juda kartu su k\u016bnu. Audinys lengvai krenta, neapsunkina ir suteikia laisv\u0117s poj\u016bt\u012f \u2013 b\u016btent tai, ko norisi \u0161iltesn\u0117mis dienomis. Dir\u017eelis leid\u017eia prisitaikyti siluet\u0105 pagal save \u2013 gali rinktis laisvesn\u012f, \u201eatsipalaidavus\u012f\u201c \u012fvaizd\u012f arba \u0161iek tiek pary\u0161kinti liemen\u012f. Sagos per vis\u0105 ilg\u012f suteikia papildomo lengvumo ir elegancijos. Tai suknel\u0117, kuri nereikalauja daug \u2013 u\u017etenka keli\u0173 aksesuar\u0173 ir jau turi piln\u0105, stiling\u0105 derin\u012f \ud83e\udd0d Puikiai tiks tiek kasdienai, tiek jaukesn\u0117ms progoms.    I\u0161matavimai:Ilgis \u2013 112 cmPer kr\u016btin\u0119 \u2013 49 cmPer klubus \u2013 53 cm Dydis: XS\u2013M    Sud\u0117tis:88% viskoz\u0117, 12% nailonas    Kod\u0117l verta rinktis:\u2022 Lengvai krentantis, neapsunkinantis audinys\u2022 Reguliuojamas siluetas su dir\u017eeliu\u2022 Subtili, \u0161vari estetika\u2022 Patogi ir lengvai derinama\u2022 Tinka \u012fvairioms progoms\" \/>\n<meta property=\"og:url\" content=\"https:\/\/madoskampas.lt\/et\/product-2\/soft-breeze-lengvo-kritimo-suknele\/\" \/>\n<meta property=\"og:site_name\" content=\"MadosKampas.lt\" \/>\n<meta property=\"article:modified_time\" content=\"2026-05-11T12:29:41+00:00\" \/>\n<meta property=\"og:image\" content=\"https:\/\/madoskampas.lt\/wp-content\/uploads\/2026\/04\/IMG_7670-scaled.jpeg\" \/>\n\t<meta property=\"og:image:width\" content=\"1920\" \/>\n\t<meta property=\"og:image:height\" content=\"2560\" \/>\n\t<meta property=\"og:image:type\" content=\"image\/jpeg\" \/>\n<meta name=\"twitter:card\" content=\"summary_large_image\" \/>\n<meta name=\"twitter:label1\" content=\"Est. reading time\" \/>\n\t<meta name=\"twitter:data1\" content=\"1 minut\" \/>\n<script type=\"application\/ld+json\" class=\"yoast-schema-graph\">{\"@context\":\"https:\\\/\\\/schema.org\",\"@graph\":[{\"@type\":\"WebPage\",\"@id\":\"https:\\\/\\\/madoskampas.lt\\\/produktas\\\/soft-breeze-lengvo-kritimo-suknele\\\/\",\"url\":\"https:\\\/\\\/madoskampas.lt\\\/produktas\\\/soft-breeze-lengvo-kritimo-suknele\\\/\",\"name\":\"\u201eSoft Breeze\u201c lengvo kritimo suknel\u0117 - MadosKampas.lt\",\"isPartOf\":{\"@id\":\"https:\\\/\\\/madoskampas.lt\\\/#website\"},\"primaryImageOfPage\":{\"@id\":\"https:\\\/\\\/madoskampas.lt\\\/produktas\\\/soft-breeze-lengvo-kritimo-suknele\\\/#primaryimage\"},\"image\":{\"@id\":\"https:\\\/\\\/madoskampas.lt\\\/produktas\\\/soft-breeze-lengvo-kritimo-suknele\\\/#primaryimage\"},\"thumbnailUrl\":\"https:\\\/\\\/madoskampas.lt\\\/wp-content\\\/uploads\\\/2026\\\/04\\\/IMG_7670-scaled.jpeg\",\"datePublished\":\"2026-04-30T09:14:59+00:00\",\"dateModified\":\"2026-05-11T12:29:41+00:00\",\"breadcrumb\":{\"@id\":\"https:\\\/\\\/madoskampas.lt\\\/produktas\\\/soft-breeze-lengvo-kritimo-suknele\\\/#breadcrumb\"},\"inLanguage\":\"et\",\"potentialAction\":[{\"@type\":\"ReadAction\",\"target\":[\"https:\\\/\\\/madoskampas.lt\\\/produktas\\\/soft-breeze-lengvo-kritimo-suknele\\\/\"]}]},{\"@type\":\"ImageObject\",\"inLanguage\":\"et\",\"@id\":\"https:\\\/\\\/madoskampas.lt\\\/produktas\\\/soft-breeze-lengvo-kritimo-suknele\\\/#primaryimage\",\"url\":\"https:\\\/\\\/madoskampas.lt\\\/wp-content\\\/uploads\\\/2026\\\/04\\\/IMG_7670-scaled.jpeg\",\"contentUrl\":\"https:\\\/\\\/madoskampas.lt\\\/wp-content\\\/uploads\\\/2026\\\/04\\\/IMG_7670-scaled.jpeg\",\"width\":1920,\"height\":2560},{\"@type\":\"BreadcrumbList\",\"@id\":\"https:\\\/\\\/madoskampas.lt\\\/produktas\\\/soft-breeze-lengvo-kritimo-suknele\\\/#breadcrumb\",\"itemListElement\":[{\"@type\":\"ListItem\",\"position\":1,\"name\":\"Home\",\"item\":\"https:\\\/\\\/madoskampas.lt\\\/\"},{\"@type\":\"ListItem\",\"position\":2,\"name\":\"Parduotuv\u0117\",\"item\":\"https:\\\/\\\/madoskampas.lt\\\/parduotuve-2\\\/\"},{\"@type\":\"ListItem\",\"position\":3,\"name\":\"\u201eSoft Breeze\u201c lengvo kritimo suknel\u0117\"}]},{\"@type\":\"WebSite\",\"@id\":\"https:\\\/\\\/madoskampas.lt\\\/#website\",\"url\":\"https:\\\/\\\/madoskampas.lt\\\/\",\"name\":\"MadosKampas.lt\",\"description\":\"Stilingi drabu\u017eiai moterims\",\"potentialAction\":[{\"@type\":\"SearchAction\",\"target\":{\"@type\":\"EntryPoint\",\"urlTemplate\":\"https:\\\/\\\/madoskampas.lt\\\/?s={search_term_string}\"},\"query-input\":{\"@type\":\"PropertyValueSpecification\",\"valueRequired\":true,\"valueName\":\"search_term_string\"}}],\"inLanguage\":\"et\"}]}<\/script>\n<!-- \/ Yoast SEO plugin. -->","yoast_head_json":{"title":"\u201eSoft Breeze\u201c lengvo kritimo suknel\u0117 - MadosKampas.lt","robots":{"index":"index","follow":"follow","max-snippet":"max-snippet:-1","max-image-preview":"max-image-preview:large","max-video-preview":"max-video-preview:-1"},"canonical":"https:\/\/madoskampas.lt\/et\/product-2\/soft-breeze-lengvo-kritimo-suknele\/","og_locale":"et_EE","og_type":"article","og_title":"\u201eSoft Breeze\u201c lengvo kritimo suknel\u0117 - MadosKampas.lt","og_description":"Lengva, \u0161velni ir labai moteri\u0161ka \u2728 \u201eSoft Breeze\u201c suknel\u0117 i\u0161siskiria savo nat\u016braliu kritimu ir subtiliu siluetu, kuris gra\u017eiai juda kartu su k\u016bnu. Audinys lengvai krenta, neapsunkina ir suteikia laisv\u0117s poj\u016bt\u012f \u2013 b\u016btent tai, ko norisi \u0161iltesn\u0117mis dienomis. Dir\u017eelis leid\u017eia prisitaikyti siluet\u0105 pagal save \u2013 gali rinktis laisvesn\u012f, \u201eatsipalaidavus\u012f\u201c \u012fvaizd\u012f arba \u0161iek tiek pary\u0161kinti liemen\u012f. Sagos per vis\u0105 ilg\u012f suteikia papildomo lengvumo ir elegancijos. Tai suknel\u0117, kuri nereikalauja daug \u2013 u\u017etenka keli\u0173 aksesuar\u0173 ir jau turi piln\u0105, stiling\u0105 derin\u012f \ud83e\udd0d Puikiai tiks tiek kasdienai, tiek jaukesn\u0117ms progoms.    I\u0161matavimai:Ilgis \u2013 112 cmPer kr\u016btin\u0119 \u2013 49 cmPer klubus \u2013 53 cm Dydis: XS\u2013M    Sud\u0117tis:88% viskoz\u0117, 12% nailonas    Kod\u0117l verta rinktis:\u2022 Lengvai krentantis, neapsunkinantis audinys\u2022 Reguliuojamas siluetas su dir\u017eeliu\u2022 Subtili, \u0161vari estetika\u2022 Patogi ir lengvai derinama\u2022 Tinka \u012fvairioms progoms","og_url":"https:\/\/madoskampas.lt\/et\/product-2\/soft-breeze-lengvo-kritimo-suknele\/","og_site_name":"MadosKampas.lt","article_modified_time":"2026-05-11T12:29:41+00:00","og_image":[{"width":1920,"height":2560,"url":"https:\/\/madoskampas.lt\/wp-content\/uploads\/2026\/04\/IMG_7670-scaled.jpeg","type":"image\/jpeg"}],"twitter_card":"summary_large_image","twitter_misc":{"Est. reading time":"1 minut"},"schema":{"@context":"https:\/\/schema.org","@graph":[{"@type":"WebPage","@id":"https:\/\/madoskampas.lt\/produktas\/soft-breeze-lengvo-kritimo-suknele\/","url":"https:\/\/madoskampas.lt\/produktas\/soft-breeze-lengvo-kritimo-suknele\/","name":"\u201eSoft Breeze\u201c lengvo kritimo suknel\u0117 - MadosKampas.lt","isPartOf":{"@id":"https:\/\/madoskampas.lt\/#website"},"primaryImageOfPage":{"@id":"https:\/\/madoskampas.lt\/produktas\/soft-breeze-lengvo-kritimo-suknele\/#primaryimage"},"image":{"@id":"https:\/\/madoskampas.lt\/produktas\/soft-breeze-lengvo-kritimo-suknele\/#primaryimage"},"thumbnailUrl":"https:\/\/madoskampas.lt\/wp-content\/uploads\/2026\/04\/IMG_7670-scaled.jpeg","datePublished":"2026-04-30T09:14:59+00:00","dateModified":"2026-05-11T12:29:41+00:00","breadcrumb":{"@id":"https:\/\/madoskampas.lt\/produktas\/soft-breeze-lengvo-kritimo-suknele\/#breadcrumb"},"inLanguage":"et","potentialAction":[{"@type":"ReadAction","target":["https:\/\/madoskampas.lt\/produktas\/soft-breeze-lengvo-kritimo-suknele\/"]}]},{"@type":"ImageObject","inLanguage":"et","@id":"https:\/\/madoskampas.lt\/produktas\/soft-breeze-lengvo-kritimo-suknele\/#primaryimage","url":"https:\/\/madoskampas.lt\/wp-content\/uploads\/2026\/04\/IMG_7670-scaled.jpeg","contentUrl":"https:\/\/madoskampas.lt\/wp-content\/uploads\/2026\/04\/IMG_7670-scaled.jpeg","width":1920,"height":2560},{"@type":"BreadcrumbList","@id":"https:\/\/madoskampas.lt\/produktas\/soft-breeze-lengvo-kritimo-suknele\/#breadcrumb","itemListElement":[{"@type":"ListItem","position":1,"name":"Home","item":"https:\/\/madoskampas.lt\/"},{"@type":"ListItem","position":2,"name":"Parduotuv\u0117","item":"https:\/\/madoskampas.lt\/parduotuve-2\/"},{"@type":"ListItem","position":3,"name":"\u201eSoft Breeze\u201c lengvo kritimo suknel\u0117"}]},{"@type":"WebSite","@id":"https:\/\/madoskampas.lt\/#website","url":"https:\/\/madoskampas.lt\/","name":"FashionKampas.lt","description":"Stiilsed riided naistele","potentialAction":[{"@type":"SearchAction","target":{"@type":"EntryPoint","urlTemplate":"https:\/\/madoskampas.lt\/?s={search_term_string}"},"query-input":{"@type":"PropertyValueSpecification","valueRequired":true,"valueName":"search_term_string"}}],"inLanguage":"et"}]}},"uagb_featured_image_src":{"full":["https:\/\/madoskampas.lt\/wp-content\/uploads\/2026\/04\/IMG_7670-scaled.jpeg",1920,2560,false],"thumbnail":["https:\/\/madoskampas.lt\/wp-content\/uploads\/2026\/04\/IMG_7670-150x150.jpeg",150,150,true],"medium":["https:\/\/madoskampas.lt\/wp-content\/uploads\/2026\/04\/IMG_7670-225x300.jpeg",225,300,true],"medium_large":["https:\/\/madoskampas.lt\/wp-content\/uploads\/2026\/04\/IMG_7670-768x1024.jpeg",768,1024,true],"large":["https:\/\/madoskampas.lt\/wp-content\/uploads\/2026\/04\/IMG_7670-768x1024.jpeg",768,1024,true],"1536x1536":["https:\/\/madoskampas.lt\/wp-content\/uploads\/2026\/04\/IMG_7670-1152x1536.jpeg",1152,1536,true],"2048x2048":["https:\/\/madoskampas.lt\/wp-content\/uploads\/2026\/04\/IMG_7670-1536x2048.jpeg",1536,2048,true],"trp-custom-language-flag":["https:\/\/madoskampas.lt\/wp-content\/uploads\/2026\/04\/IMG_7670-9x12.jpeg",9,12,true],"nova-image-square":["https:\/\/madoskampas.lt\/wp-content\/uploads\/2026\/04\/IMG_7670-1100x1100.jpeg",1100,1100,true],"mixtas-product-03":["https:\/\/madoskampas.lt\/wp-content\/uploads\/2026\/04\/IMG_7670-600x345.jpeg",600,345,true],"woocommerce_thumbnail":["https:\/\/madoskampas.lt\/wp-content\/uploads\/2026\/04\/IMG_7670-700x700.jpeg",700,700,true],"woocommerce_single":["https:\/\/madoskampas.lt\/wp-content\/uploads\/2026\/04\/IMG_7670-1000x1333.jpeg",1000,1333,true],"woocommerce_gallery_thumbnail":["https:\/\/madoskampas.lt\/wp-content\/uploads\/2026\/04\/IMG_7670-250x250.jpeg",250,250,true],"variation_swatches_image_size":["https:\/\/madoskampas.lt\/wp-content\/uploads\/2026\/04\/IMG_7670-50x50.jpeg",50,50,true],"variation_swatches_tooltip_size":["https:\/\/madoskampas.lt\/wp-content\/uploads\/2026\/04\/IMG_7670-100x100.jpeg",100,100,true]},"uagb_author_info":{"display_name":"algirdasbart","author_link":"https:\/\/madoskampas.lt\/et\/author\/"},"uagb_comment_info":0,"uagb_excerpt":"Lengva, \u0161velni ir labai moteri\u0161ka \u2728 \u201eSoft Breeze\u201c suknel\u0117 i\u0161siskiria savo nat\u016braliu kritimu ir subtiliu siluetu, kuris gra\u017eiai juda kartu su k\u016bnu. Audinys lengvai krenta, neapsunkina ir suteikia laisv\u0117s poj\u016bt\u012f \u2013 b\u016btent tai, ko norisi \u0161iltesn\u0117mis dienomis. Dir\u017eelis leid\u017eia prisitaikyti siluet\u0105 pagal save \u2013 gali rinktis laisvesn\u012f, \u201eatsipalaidavus\u012f\u201c \u012fvaizd\u012f arba \u0161iek tiek pary\u0161kinti liemen\u012f. Sagos&hellip;","jetpack_sharing_enabled":true,"_links":{"self":[{"href":"https:\/\/madoskampas.lt\/et\/wp-json\/wp\/v2\/product\/32534","targetHints":{"allow":["GET"]}}],"collection":[{"href":"https:\/\/madoskampas.lt\/et\/wp-json\/wp\/v2\/product"}],"about":[{"href":"https:\/\/madoskampas.lt\/et\/wp-json\/wp\/v2\/types\/product"}],"replies":[{"embeddable":true,"href":"https:\/\/madoskampas.lt\/et\/wp-json\/wp\/v2\/comments?post=32534"}],"wp:featuredmedia":[{"embeddable":true,"href":"https:\/\/madoskampas.lt\/et\/wp-json\/wp\/v2\/media\/32506"}],"wp:attachment":[{"href":"https:\/\/madoskampas.lt\/et\/wp-json\/wp\/v2\/media?parent=32534"}],"wp:term":[{"taxonomy":"product_brand","embeddable":true,"href":"https:\/\/madoskampas.lt\/et\/wp-json\/wp\/v2\/product_brand?post=32534"},{"taxonomy":"product_cat","embeddable":true,"href":"https:\/\/madoskampas.lt\/et\/wp-json\/wp\/v2\/product_cat?post=32534"},{"taxonomy":"product_tag","embeddable":true,"href":"https:\/\/madoskampas.lt\/et\/wp-json\/wp\/v2\/product_tag?post=32534"}],"curies":[{"name":"wp","href":"https:\/\/api.w.org\/{rel}","templated":true}]}}