{"id":32772,"date":"2026-05-07T09:25:19","date_gmt":"2026-05-07T09:25:19","guid":{"rendered":"https:\/\/madoskampas.lt\/?post_type=product&#038;p=32772"},"modified":"2026-05-07T09:25:20","modified_gmt":"2026-05-07T09:25:20","slug":"ramuniu-vasaros-marskinukai-daisy-mood","status":"publish","type":"product","link":"https:\/\/madoskampas.lt\/et\/product-2\/ramuniu-vasaros-marskinukai-daisy-mood\/","title":{"rendered":"Ramuni\u0173 vasaros mar\u0161kinukai \u201eDaisy Mood\u201c"},"content":{"rendered":"<p data-start=\"61\" data-end=\"217\">Lengvi, \u017eaismingi ir vasari\u0161kai gaiv\u016bs \u2013 \u0161ie kimono tipo mar\u0161kinukai su subtiliais ramuni\u0173 \u017eiedais akimirksniu pagyvins kiekvien\u0105 derin\u012f \ud83c\udf3c<\/p>\n<p data-start=\"219\" data-end=\"442\">Laisvesnio modelio kirpimas gra\u017eiai krenta, nevar\u017eo judesi\u0173 ir puikiai tinka tiek prie d\u017eins\u0173, tiek prie \u0161ort\u0173 ar sijon\u0173. \u0160velni 100% medviln\u0117 leid\u017eia odai kv\u0117puoti, tod\u0117l mar\u0161kinukai taps nepakei\u010diami \u0161iltesn\u0117mis dienomis.<\/p>","protected":false},"excerpt":{"rendered":"<p data-start=\"61\" data-end=\"217\">Lengvi, \u017eaismingi ir vasari\u0161kai gaiv\u016bs \u2013 \u0161ie kimono tipo mar\u0161kinukai su subtiliais ramuni\u0173 \u017eiedais akimirksniu pagyvins kiekvien\u0105 derin\u012f \ud83c\udf3c<\/p>\n<p data-start=\"219\" data-end=\"442\">Laisvesnio modelio kirpimas gra\u017eiai krenta, nevar\u017eo judesi\u0173 ir puikiai tinka tiek prie d\u017eins\u0173, tiek prie \u0161ort\u0173 ar sijon\u0173. \u0160velni 100% medviln\u0117 leid\u017eia odai kv\u0117puoti, tod\u0117l mar\u0161kinukai taps nepakei\u010diami \u0161iltesn\u0117mis dienomis.<\/p>\n<p data-start=\"444\" data-end=\"597\">\u2728 Kimono tipo rankov\u0117s<br data-start=\"466\" data-end=\"469\" \/>\u2728 Lengvas ir patogus modelis<br data-start=\"497\" data-end=\"500\" \/>\u2728 Universalus derinimas kasdienai ir atostogoms<br data-start=\"547\" data-end=\"550\" \/>\u2728 \u017daismingas g\u0117li\u0173 ra\u0161tas suteikia i\u0161skirtinumo<\/p>\n<p data-start=\"599\" data-end=\"662\">\ud83d\udccf I\u0161matavimai:<br data-start=\"614\" data-end=\"617\" \/>\u2022 Ilgis \u2013 62 cm<br data-start=\"632\" data-end=\"635\" \/>\u2022 Per kr\u016btin\u0119 \u2013 iki 55 cm<\/p>\n<p data-start=\"664\" data-end=\"733\" data-is-last-node=\"\" data-is-only-node=\"\">\ud83d\udccc Dydis: universalus, tinka nuo S iki XL<br data-start=\"705\" data-end=\"708\" \/>\ud83d\udccc Sud\u0117tis: 100% medviln\u0117<\/p>","protected":false},"featured_media":32775,"comment_status":"open","ping_status":"closed","template":"","meta":{"_uag_custom_page_level_css":"","_monsterinsights_skip_tracking":false,"_monsterinsights_sitenote_active":false,"_monsterinsights_sitenote_note":"","_monsterinsights_sitenote_category":0},"product_brand":[],"product_cat":[66,72,95],"product_tag":[],"class_list":{"0":"post-32772","1":"product","2":"type-product","3":"status-publish","4":"has-post-thumbnail","6":"product_cat-drabuziai","7":"product_cat-marskiniai","8":"product_cat-naujausi","9":"tm-has-options","11":"first","12":"instock","13":"shipping-taxable","14":"purchasable","15":"product-type-variable"},"yoast_head":"<!-- This site is optimized with the Yoast SEO plugin v27.6 - https:\/\/yoast.com\/product\/yoast-seo-wordpress\/ -->\n<title>Ramuni\u0173 vasaros mar\u0161kinukai \u201eDaisy Mood\u201c - MadosKampas.lt<\/title>\n<meta name=\"robots\" content=\"index, follow, max-snippet:-1, max-image-preview:large, max-video-preview:-1\" \/>\n<link rel=\"canonical\" href=\"https:\/\/madoskampas.lt\/et\/product-2\/ramuniu-vasaros-marskinukai-daisy-mood\/\" \/>\n<meta property=\"og:locale\" content=\"et_EE\" \/>\n<meta property=\"og:type\" content=\"article\" \/>\n<meta property=\"og:title\" content=\"Ramuni\u0173 vasaros mar\u0161kinukai \u201eDaisy Mood\u201c - MadosKampas.lt\" \/>\n<meta property=\"og:description\" content=\"Lengvi, \u017eaismingi ir vasari\u0161kai gaiv\u016bs \u2013 \u0161ie kimono tipo mar\u0161kinukai su subtiliais ramuni\u0173 \u017eiedais akimirksniu pagyvins kiekvien\u0105 derin\u012f \ud83c\udf3c Laisvesnio modelio kirpimas gra\u017eiai krenta, nevar\u017eo judesi\u0173 ir puikiai tinka tiek prie d\u017eins\u0173, tiek prie \u0161ort\u0173 ar sijon\u0173. \u0160velni 100% medviln\u0117 leid\u017eia odai kv\u0117puoti, tod\u0117l mar\u0161kinukai taps nepakei\u010diami \u0161iltesn\u0117mis dienomis. \u2728 Kimono tipo rankov\u0117s\u2728 Lengvas ir patogus modelis\u2728 Universalus derinimas kasdienai ir atostogoms\u2728 \u017daismingas g\u0117li\u0173 ra\u0161tas suteikia i\u0161skirtinumo \ud83d\udccf I\u0161matavimai:\u2022 Ilgis \u2013 62 cm\u2022 Per kr\u016btin\u0119 \u2013 iki 55 cm \ud83d\udccc Dydis: universalus, tinka nuo S iki XL\ud83d\udccc Sud\u0117tis: 100% medviln\u0117\" \/>\n<meta property=\"og:url\" content=\"https:\/\/madoskampas.lt\/et\/product-2\/ramuniu-vasaros-marskinukai-daisy-mood\/\" \/>\n<meta property=\"og:site_name\" content=\"MadosKampas.lt\" \/>\n<meta property=\"article:modified_time\" content=\"2026-05-07T09:25:20+00:00\" \/>\n<meta property=\"og:image\" content=\"https:\/\/madoskampas.lt\/wp-content\/uploads\/2026\/05\/IMG_8386-2-scaled.jpeg\" \/>\n\t<meta property=\"og:image:width\" content=\"1920\" \/>\n\t<meta property=\"og:image:height\" content=\"2560\" \/>\n\t<meta property=\"og:image:type\" content=\"image\/jpeg\" \/>\n<meta name=\"twitter:card\" content=\"summary_large_image\" \/>\n<meta name=\"twitter:label1\" content=\"Est. reading time\" \/>\n\t<meta name=\"twitter:data1\" content=\"1 minut\" \/>\n<script type=\"application\/ld+json\" class=\"yoast-schema-graph\">{\"@context\":\"https:\\\/\\\/schema.org\",\"@graph\":[{\"@type\":\"WebPage\",\"@id\":\"https:\\\/\\\/madoskampas.lt\\\/produktas\\\/ramuniu-vasaros-marskinukai-daisy-mood\\\/\",\"url\":\"https:\\\/\\\/madoskampas.lt\\\/produktas\\\/ramuniu-vasaros-marskinukai-daisy-mood\\\/\",\"name\":\"Ramuni\u0173 vasaros mar\u0161kinukai \u201eDaisy Mood\u201c - MadosKampas.lt\",\"isPartOf\":{\"@id\":\"https:\\\/\\\/madoskampas.lt\\\/#website\"},\"primaryImageOfPage\":{\"@id\":\"https:\\\/\\\/madoskampas.lt\\\/produktas\\\/ramuniu-vasaros-marskinukai-daisy-mood\\\/#primaryimage\"},\"image\":{\"@id\":\"https:\\\/\\\/madoskampas.lt\\\/produktas\\\/ramuniu-vasaros-marskinukai-daisy-mood\\\/#primaryimage\"},\"thumbnailUrl\":\"https:\\\/\\\/madoskampas.lt\\\/wp-content\\\/uploads\\\/2026\\\/05\\\/IMG_8386-2-scaled.jpeg\",\"datePublished\":\"2026-05-07T09:25:19+00:00\",\"dateModified\":\"2026-05-07T09:25:20+00:00\",\"breadcrumb\":{\"@id\":\"https:\\\/\\\/madoskampas.lt\\\/produktas\\\/ramuniu-vasaros-marskinukai-daisy-mood\\\/#breadcrumb\"},\"inLanguage\":\"et\",\"potentialAction\":[{\"@type\":\"ReadAction\",\"target\":[\"https:\\\/\\\/madoskampas.lt\\\/produktas\\\/ramuniu-vasaros-marskinukai-daisy-mood\\\/\"]}]},{\"@type\":\"ImageObject\",\"inLanguage\":\"et\",\"@id\":\"https:\\\/\\\/madoskampas.lt\\\/produktas\\\/ramuniu-vasaros-marskinukai-daisy-mood\\\/#primaryimage\",\"url\":\"https:\\\/\\\/madoskampas.lt\\\/wp-content\\\/uploads\\\/2026\\\/05\\\/IMG_8386-2-scaled.jpeg\",\"contentUrl\":\"https:\\\/\\\/madoskampas.lt\\\/wp-content\\\/uploads\\\/2026\\\/05\\\/IMG_8386-2-scaled.jpeg\",\"width\":1920,\"height\":2560},{\"@type\":\"BreadcrumbList\",\"@id\":\"https:\\\/\\\/madoskampas.lt\\\/produktas\\\/ramuniu-vasaros-marskinukai-daisy-mood\\\/#breadcrumb\",\"itemListElement\":[{\"@type\":\"ListItem\",\"position\":1,\"name\":\"Home\",\"item\":\"https:\\\/\\\/madoskampas.lt\\\/\"},{\"@type\":\"ListItem\",\"position\":2,\"name\":\"Parduotuv\u0117\",\"item\":\"https:\\\/\\\/madoskampas.lt\\\/parduotuve-2\\\/\"},{\"@type\":\"ListItem\",\"position\":3,\"name\":\"Ramuni\u0173 vasaros mar\u0161kinukai \u201eDaisy Mood\u201c\"}]},{\"@type\":\"WebSite\",\"@id\":\"https:\\\/\\\/madoskampas.lt\\\/#website\",\"url\":\"https:\\\/\\\/madoskampas.lt\\\/\",\"name\":\"MadosKampas.lt\",\"description\":\"Stilingi drabu\u017eiai moterims\",\"potentialAction\":[{\"@type\":\"SearchAction\",\"target\":{\"@type\":\"EntryPoint\",\"urlTemplate\":\"https:\\\/\\\/madoskampas.lt\\\/?s={search_term_string}\"},\"query-input\":{\"@type\":\"PropertyValueSpecification\",\"valueRequired\":true,\"valueName\":\"search_term_string\"}}],\"inLanguage\":\"et\"}]}<\/script>\n<!-- \/ Yoast SEO plugin. -->","yoast_head_json":{"title":"Ramuni\u0173 vasaros mar\u0161kinukai \u201eDaisy Mood\u201c - MadosKampas.lt","robots":{"index":"index","follow":"follow","max-snippet":"max-snippet:-1","max-image-preview":"max-image-preview:large","max-video-preview":"max-video-preview:-1"},"canonical":"https:\/\/madoskampas.lt\/et\/product-2\/ramuniu-vasaros-marskinukai-daisy-mood\/","og_locale":"et_EE","og_type":"article","og_title":"Ramuni\u0173 vasaros mar\u0161kinukai \u201eDaisy Mood\u201c - MadosKampas.lt","og_description":"Lengvi, \u017eaismingi ir vasari\u0161kai gaiv\u016bs \u2013 \u0161ie kimono tipo mar\u0161kinukai su subtiliais ramuni\u0173 \u017eiedais akimirksniu pagyvins kiekvien\u0105 derin\u012f \ud83c\udf3c Laisvesnio modelio kirpimas gra\u017eiai krenta, nevar\u017eo judesi\u0173 ir puikiai tinka tiek prie d\u017eins\u0173, tiek prie \u0161ort\u0173 ar sijon\u0173. \u0160velni 100% medviln\u0117 leid\u017eia odai kv\u0117puoti, tod\u0117l mar\u0161kinukai taps nepakei\u010diami \u0161iltesn\u0117mis dienomis. \u2728 Kimono tipo rankov\u0117s\u2728 Lengvas ir patogus modelis\u2728 Universalus derinimas kasdienai ir atostogoms\u2728 \u017daismingas g\u0117li\u0173 ra\u0161tas suteikia i\u0161skirtinumo \ud83d\udccf I\u0161matavimai:\u2022 Ilgis \u2013 62 cm\u2022 Per kr\u016btin\u0119 \u2013 iki 55 cm \ud83d\udccc Dydis: universalus, tinka nuo S iki XL\ud83d\udccc Sud\u0117tis: 100% medviln\u0117","og_url":"https:\/\/madoskampas.lt\/et\/product-2\/ramuniu-vasaros-marskinukai-daisy-mood\/","og_site_name":"MadosKampas.lt","article_modified_time":"2026-05-07T09:25:20+00:00","og_image":[{"width":1920,"height":2560,"url":"https:\/\/madoskampas.lt\/wp-content\/uploads\/2026\/05\/IMG_8386-2-scaled.jpeg","type":"image\/jpeg"}],"twitter_card":"summary_large_image","twitter_misc":{"Est. reading time":"1 minut"},"schema":{"@context":"https:\/\/schema.org","@graph":[{"@type":"WebPage","@id":"https:\/\/madoskampas.lt\/produktas\/ramuniu-vasaros-marskinukai-daisy-mood\/","url":"https:\/\/madoskampas.lt\/produktas\/ramuniu-vasaros-marskinukai-daisy-mood\/","name":"Ramuni\u0173 vasaros mar\u0161kinukai \u201eDaisy Mood\u201c - MadosKampas.lt","isPartOf":{"@id":"https:\/\/madoskampas.lt\/#website"},"primaryImageOfPage":{"@id":"https:\/\/madoskampas.lt\/produktas\/ramuniu-vasaros-marskinukai-daisy-mood\/#primaryimage"},"image":{"@id":"https:\/\/madoskampas.lt\/produktas\/ramuniu-vasaros-marskinukai-daisy-mood\/#primaryimage"},"thumbnailUrl":"https:\/\/madoskampas.lt\/wp-content\/uploads\/2026\/05\/IMG_8386-2-scaled.jpeg","datePublished":"2026-05-07T09:25:19+00:00","dateModified":"2026-05-07T09:25:20+00:00","breadcrumb":{"@id":"https:\/\/madoskampas.lt\/produktas\/ramuniu-vasaros-marskinukai-daisy-mood\/#breadcrumb"},"inLanguage":"et","potentialAction":[{"@type":"ReadAction","target":["https:\/\/madoskampas.lt\/produktas\/ramuniu-vasaros-marskinukai-daisy-mood\/"]}]},{"@type":"ImageObject","inLanguage":"et","@id":"https:\/\/madoskampas.lt\/produktas\/ramuniu-vasaros-marskinukai-daisy-mood\/#primaryimage","url":"https:\/\/madoskampas.lt\/wp-content\/uploads\/2026\/05\/IMG_8386-2-scaled.jpeg","contentUrl":"https:\/\/madoskampas.lt\/wp-content\/uploads\/2026\/05\/IMG_8386-2-scaled.jpeg","width":1920,"height":2560},{"@type":"BreadcrumbList","@id":"https:\/\/madoskampas.lt\/produktas\/ramuniu-vasaros-marskinukai-daisy-mood\/#breadcrumb","itemListElement":[{"@type":"ListItem","position":1,"name":"Home","item":"https:\/\/madoskampas.lt\/"},{"@type":"ListItem","position":2,"name":"Parduotuv\u0117","item":"https:\/\/madoskampas.lt\/parduotuve-2\/"},{"@type":"ListItem","position":3,"name":"Ramuni\u0173 vasaros mar\u0161kinukai \u201eDaisy Mood\u201c"}]},{"@type":"WebSite","@id":"https:\/\/madoskampas.lt\/#website","url":"https:\/\/madoskampas.lt\/","name":"FashionKampas.lt","description":"Stiilsed riided naistele","potentialAction":[{"@type":"SearchAction","target":{"@type":"EntryPoint","urlTemplate":"https:\/\/madoskampas.lt\/?s={search_term_string}"},"query-input":{"@type":"PropertyValueSpecification","valueRequired":true,"valueName":"search_term_string"}}],"inLanguage":"et"}]}},"uagb_featured_image_src":{"full":["https:\/\/madoskampas.lt\/wp-content\/uploads\/2026\/05\/IMG_8386-2-scaled.jpeg",1920,2560,false],"thumbnail":["https:\/\/madoskampas.lt\/wp-content\/uploads\/2026\/05\/IMG_8386-2-150x150.jpeg",150,150,true],"medium":["https:\/\/madoskampas.lt\/wp-content\/uploads\/2026\/05\/IMG_8386-2-225x300.jpeg",225,300,true],"medium_large":["https:\/\/madoskampas.lt\/wp-content\/uploads\/2026\/05\/IMG_8386-2-768x1024.jpeg",768,1024,true],"large":["https:\/\/madoskampas.lt\/wp-content\/uploads\/2026\/05\/IMG_8386-2-768x1024.jpeg",768,1024,true],"1536x1536":["https:\/\/madoskampas.lt\/wp-content\/uploads\/2026\/05\/IMG_8386-2-1152x1536.jpeg",1152,1536,true],"2048x2048":["https:\/\/madoskampas.lt\/wp-content\/uploads\/2026\/05\/IMG_8386-2-1536x2048.jpeg",1536,2048,true],"trp-custom-language-flag":["https:\/\/madoskampas.lt\/wp-content\/uploads\/2026\/05\/IMG_8386-2-9x12.jpeg",9,12,true],"nova-image-square":["https:\/\/madoskampas.lt\/wp-content\/uploads\/2026\/05\/IMG_8386-2-1100x1100.jpeg",1100,1100,true],"mixtas-product-03":["https:\/\/madoskampas.lt\/wp-content\/uploads\/2026\/05\/IMG_8386-2-600x345.jpeg",600,345,true],"woocommerce_thumbnail":["https:\/\/madoskampas.lt\/wp-content\/uploads\/2026\/05\/IMG_8386-2-700x700.jpeg",700,700,true],"woocommerce_single":["https:\/\/madoskampas.lt\/wp-content\/uploads\/2026\/05\/IMG_8386-2-1000x1333.jpeg",1000,1333,true],"woocommerce_gallery_thumbnail":["https:\/\/madoskampas.lt\/wp-content\/uploads\/2026\/05\/IMG_8386-2-250x250.jpeg",250,250,true],"variation_swatches_image_size":["https:\/\/madoskampas.lt\/wp-content\/uploads\/2026\/05\/IMG_8386-2-50x50.jpeg",50,50,true],"variation_swatches_tooltip_size":["https:\/\/madoskampas.lt\/wp-content\/uploads\/2026\/05\/IMG_8386-2-100x100.jpeg",100,100,true]},"uagb_author_info":{"display_name":"algirdasbart","author_link":"https:\/\/madoskampas.lt\/et\/author\/"},"uagb_comment_info":0,"uagb_excerpt":"Lengvi, \u017eaismingi ir vasari\u0161kai gaiv\u016bs \u2013 \u0161ie kimono tipo mar\u0161kinukai su subtiliais ramuni\u0173 \u017eiedais akimirksniu pagyvins kiekvien\u0105 derin\u012f \ud83c\udf3c Laisvesnio modelio kirpimas gra\u017eiai krenta, nevar\u017eo judesi\u0173 ir puikiai tinka tiek prie d\u017eins\u0173, tiek prie \u0161ort\u0173 ar sijon\u0173. \u0160velni 100% medviln\u0117 leid\u017eia odai kv\u0117puoti, tod\u0117l mar\u0161kinukai taps nepakei\u010diami \u0161iltesn\u0117mis dienomis. \u2728 Kimono tipo rankov\u0117s\u2728 Lengvas ir&hellip;","jetpack_sharing_enabled":true,"_links":{"self":[{"href":"https:\/\/madoskampas.lt\/et\/wp-json\/wp\/v2\/product\/32772","targetHints":{"allow":["GET"]}}],"collection":[{"href":"https:\/\/madoskampas.lt\/et\/wp-json\/wp\/v2\/product"}],"about":[{"href":"https:\/\/madoskampas.lt\/et\/wp-json\/wp\/v2\/types\/product"}],"replies":[{"embeddable":true,"href":"https:\/\/madoskampas.lt\/et\/wp-json\/wp\/v2\/comments?post=32772"}],"wp:featuredmedia":[{"embeddable":true,"href":"https:\/\/madoskampas.lt\/et\/wp-json\/wp\/v2\/media\/32775"}],"wp:attachment":[{"href":"https:\/\/madoskampas.lt\/et\/wp-json\/wp\/v2\/media?parent=32772"}],"wp:term":[{"taxonomy":"product_brand","embeddable":true,"href":"https:\/\/madoskampas.lt\/et\/wp-json\/wp\/v2\/product_brand?post=32772"},{"taxonomy":"product_cat","embeddable":true,"href":"https:\/\/madoskampas.lt\/et\/wp-json\/wp\/v2\/product_cat?post=32772"},{"taxonomy":"product_tag","embeddable":true,"href":"https:\/\/madoskampas.lt\/et\/wp-json\/wp\/v2\/product_tag?post=32772"}],"curies":[{"name":"wp","href":"https:\/\/api.w.org\/{rel}","templated":true}]}}