{"id":32825,"date":"2026-05-07T12:26:31","date_gmt":"2026-05-07T12:26:31","guid":{"rendered":"https:\/\/madoskampas.lt\/?post_type=product&#038;p=32825"},"modified":"2026-05-16T18:38:21","modified_gmt":"2026-05-16T18:38:21","slug":"viskozes-laisvalaikio-kostiumelis-easy-summer","status":"publish","type":"product","link":"https:\/\/madoskampas.lt\/et\/product-2\/viskozes-laisvalaikio-kostiumelis-easy-summer\/","title":{"rendered":"Viskoz\u0117s laisvalaikio kostium\u0117lis \u201eEasy Summer\u201c"},"content":{"rendered":"<p data-start=\"68\" data-end=\"195\">Lengvas, nevar\u017eantis ir itin malonus k\u016bnui \u2013 \u0161is 100% viskoz\u0117s kostium\u0117lis sukurtas jaukioms vasaros dienoms \u2728<\/p>\n<p data-start=\"197\" data-end=\"432\">Laisvesnio modelio palaidin\u0117 gra\u017eiai krenta, o \u0161ortai su tampriu liemeniu suteikia maksimal\u0173 komfort\u0105 tiek kelion\u0117se, tiek kasdienyb\u0117je. Audinys \u0161velnus, lengvas ir puikiai pralaidus orui, tod\u0117l \u0161\u012f komplekt\u0105 nor\u0117sis vilk\u0117ti v\u0117l ir v\u0117l.<\/p>","protected":false},"excerpt":{"rendered":"<p data-start=\"68\" data-end=\"195\">Lengvas, nevar\u017eantis ir itin malonus k\u016bnui \u2013 \u0161is 100% viskoz\u0117s kostium\u0117lis sukurtas jaukioms vasaros dienoms \u2728<\/p>\n<p data-start=\"197\" data-end=\"432\">Laisvesnio modelio palaidin\u0117 gra\u017eiai krenta, o \u0161ortai su tampriu liemeniu suteikia maksimal\u0173 komfort\u0105 tiek kelion\u0117se, tiek kasdienyb\u0117je. Audinys \u0161velnus, lengvas ir puikiai pralaidus orui, tod\u0117l \u0161\u012f komplekt\u0105 nor\u0117sis vilk\u0117ti v\u0117l ir v\u0117l.<\/p>\n<p data-start=\"434\" data-end=\"560\">Puikiai dera tiek su sportiniais bateliais, tiek su basut\u0117mis \u2013 stilingas pasirinkimas atostogoms, miestui ar laisvalaikiui \ud83c\udf3f<\/p>\n<p data-start=\"562\" data-end=\"724\">\u2728 100% viskoz\u0117<br data-start=\"576\" data-end=\"579\" \/>\u2728 Lengvas ir kv\u0117puojantis audinys<br data-start=\"612\" data-end=\"615\" \/>\u2728 Patog\u016bs \u0161ortai su tampriu liemeniu<br data-start=\"651\" data-end=\"654\" \/>\u2728 Laisvesnio modelio palaidin\u0117<br data-start=\"684\" data-end=\"687\" \/>\u2728 Itin patogus kasdienai ir kelion\u0117ms<\/p>\n<p data-start=\"726\" data-end=\"826\">\ud83d\udccf Palaidin\u0117s i\u0161matavimai:<br data-start=\"752\" data-end=\"755\" \/>\u2022 Ilgis priekyje \u2013 62 cm<br data-start=\"779\" data-end=\"782\" \/>\u2022 Nugaroje \u2013 65 cm<br data-start=\"800\" data-end=\"803\" \/>\u2022 Per kr\u016btin\u0119 \u2013 55 cm<\/p>\n<p data-start=\"828\" data-end=\"899\">\ud83d\udccf \u0160ort\u0173 i\u0161matavimai:<br data-start=\"849\" data-end=\"852\" \/>\u2022 Liemuo \u2013 nuo 35 iki 48 cm<br data-start=\"879\" data-end=\"882\" \/>\u2022 Ilgis \u2013 39 cm<\/p>\n<p data-start=\"901\" data-end=\"969\" data-is-last-node=\"\" data-is-only-node=\"\">\ud83d\udccc Dydis: universalus, tinka nuo S iki XL<br data-start=\"942\" data-end=\"945\" \/>\ud83d\udccc Sud\u0117tis: 100% viskoz\u0117<\/p>","protected":false},"featured_media":32840,"comment_status":"open","ping_status":"closed","template":"","meta":{"_uag_custom_page_level_css":"","_monsterinsights_skip_tracking":false,"_monsterinsights_sitenote_active":false,"_monsterinsights_sitenote_note":"","_monsterinsights_sitenote_category":0},"product_brand":[],"product_cat":[66,70,95],"product_tag":[],"class_list":{"0":"post-32825","1":"product","2":"type-product","3":"status-publish","4":"has-post-thumbnail","6":"product_cat-drabuziai","7":"product_cat-kostiumeliai","8":"product_cat-naujausi","9":"tm-has-options","11":"first","12":"instock","13":"sale","14":"shipping-taxable","15":"purchasable","16":"product-type-variable"},"yoast_head":"<!-- This site is optimized with the Yoast SEO plugin v27.6 - https:\/\/yoast.com\/product\/yoast-seo-wordpress\/ -->\n<title>Viskoz\u0117s laisvalaikio kostium\u0117lis \u201eEasy Summer\u201c - MadosKampas.lt<\/title>\n<meta name=\"robots\" content=\"index, follow, max-snippet:-1, max-image-preview:large, max-video-preview:-1\" \/>\n<link rel=\"canonical\" href=\"https:\/\/madoskampas.lt\/et\/product-2\/viskozes-laisvalaikio-kostiumelis-easy-summer\/\" \/>\n<meta property=\"og:locale\" content=\"et_EE\" \/>\n<meta property=\"og:type\" content=\"article\" \/>\n<meta property=\"og:title\" content=\"Viskoz\u0117s laisvalaikio kostium\u0117lis \u201eEasy Summer\u201c - MadosKampas.lt\" \/>\n<meta property=\"og:description\" content=\"Lengvas, nevar\u017eantis ir itin malonus k\u016bnui \u2013 \u0161is 100% viskoz\u0117s kostium\u0117lis sukurtas jaukioms vasaros dienoms \u2728 Laisvesnio modelio palaidin\u0117 gra\u017eiai krenta, o \u0161ortai su tampriu liemeniu suteikia maksimal\u0173 komfort\u0105 tiek kelion\u0117se, tiek kasdienyb\u0117je. Audinys \u0161velnus, lengvas ir puikiai pralaidus orui, tod\u0117l \u0161\u012f komplekt\u0105 nor\u0117sis vilk\u0117ti v\u0117l ir v\u0117l. Puikiai dera tiek su sportiniais bateliais, tiek su basut\u0117mis \u2013 stilingas pasirinkimas atostogoms, miestui ar laisvalaikiui \ud83c\udf3f \u2728 100% viskoz\u0117\u2728 Lengvas ir kv\u0117puojantis audinys\u2728 Patog\u016bs \u0161ortai su tampriu liemeniu\u2728 Laisvesnio modelio palaidin\u0117\u2728 Itin patogus kasdienai ir kelion\u0117ms \ud83d\udccf Palaidin\u0117s i\u0161matavimai:\u2022 Ilgis priekyje \u2013 62 cm\u2022 Nugaroje \u2013 65 cm\u2022 Per kr\u016btin\u0119 \u2013 55 cm \ud83d\udccf \u0160ort\u0173 i\u0161matavimai:\u2022 Liemuo \u2013 nuo 35 iki 48 cm\u2022 Ilgis \u2013 39 cm \ud83d\udccc Dydis: universalus, tinka nuo S iki XL\ud83d\udccc Sud\u0117tis: 100% viskoz\u0117\" \/>\n<meta property=\"og:url\" content=\"https:\/\/madoskampas.lt\/et\/product-2\/viskozes-laisvalaikio-kostiumelis-easy-summer\/\" \/>\n<meta property=\"og:site_name\" content=\"MadosKampas.lt\" \/>\n<meta property=\"article:modified_time\" content=\"2026-05-16T18:38:21+00:00\" \/>\n<meta property=\"og:image\" content=\"https:\/\/madoskampas.lt\/wp-content\/uploads\/2026\/05\/img_8591-1-scaled.jpeg\" \/>\n\t<meta property=\"og:image:width\" content=\"1920\" \/>\n\t<meta property=\"og:image:height\" content=\"2560\" \/>\n\t<meta property=\"og:image:type\" content=\"image\/jpeg\" \/>\n<meta name=\"twitter:card\" content=\"summary_large_image\" \/>\n<meta name=\"twitter:label1\" content=\"Est. reading time\" \/>\n\t<meta name=\"twitter:data1\" content=\"1 minut\" \/>\n<script type=\"application\/ld+json\" class=\"yoast-schema-graph\">{\"@context\":\"https:\\\/\\\/schema.org\",\"@graph\":[{\"@type\":\"WebPage\",\"@id\":\"https:\\\/\\\/madoskampas.lt\\\/produktas\\\/viskozes-laisvalaikio-kostiumelis-easy-summer\\\/\",\"url\":\"https:\\\/\\\/madoskampas.lt\\\/produktas\\\/viskozes-laisvalaikio-kostiumelis-easy-summer\\\/\",\"name\":\"Viskoz\u0117s laisvalaikio kostium\u0117lis \u201eEasy Summer\u201c - MadosKampas.lt\",\"isPartOf\":{\"@id\":\"https:\\\/\\\/madoskampas.lt\\\/#website\"},\"primaryImageOfPage\":{\"@id\":\"https:\\\/\\\/madoskampas.lt\\\/produktas\\\/viskozes-laisvalaikio-kostiumelis-easy-summer\\\/#primaryimage\"},\"image\":{\"@id\":\"https:\\\/\\\/madoskampas.lt\\\/produktas\\\/viskozes-laisvalaikio-kostiumelis-easy-summer\\\/#primaryimage\"},\"thumbnailUrl\":\"https:\\\/\\\/madoskampas.lt\\\/wp-content\\\/uploads\\\/2026\\\/05\\\/img_8609-1-scaled.jpeg\",\"datePublished\":\"2026-05-07T12:26:31+00:00\",\"dateModified\":\"2026-05-16T18:38:21+00:00\",\"breadcrumb\":{\"@id\":\"https:\\\/\\\/madoskampas.lt\\\/produktas\\\/viskozes-laisvalaikio-kostiumelis-easy-summer\\\/#breadcrumb\"},\"inLanguage\":\"et\",\"potentialAction\":[{\"@type\":\"ReadAction\",\"target\":[\"https:\\\/\\\/madoskampas.lt\\\/produktas\\\/viskozes-laisvalaikio-kostiumelis-easy-summer\\\/\"]}]},{\"@type\":\"ImageObject\",\"inLanguage\":\"et\",\"@id\":\"https:\\\/\\\/madoskampas.lt\\\/produktas\\\/viskozes-laisvalaikio-kostiumelis-easy-summer\\\/#primaryimage\",\"url\":\"https:\\\/\\\/madoskampas.lt\\\/wp-content\\\/uploads\\\/2026\\\/05\\\/img_8609-1-scaled.jpeg\",\"contentUrl\":\"https:\\\/\\\/madoskampas.lt\\\/wp-content\\\/uploads\\\/2026\\\/05\\\/img_8609-1-scaled.jpeg\",\"width\":1920,\"height\":2560},{\"@type\":\"BreadcrumbList\",\"@id\":\"https:\\\/\\\/madoskampas.lt\\\/produktas\\\/viskozes-laisvalaikio-kostiumelis-easy-summer\\\/#breadcrumb\",\"itemListElement\":[{\"@type\":\"ListItem\",\"position\":1,\"name\":\"Home\",\"item\":\"https:\\\/\\\/madoskampas.lt\\\/\"},{\"@type\":\"ListItem\",\"position\":2,\"name\":\"Parduotuv\u0117\",\"item\":\"https:\\\/\\\/madoskampas.lt\\\/parduotuve-2\\\/\"},{\"@type\":\"ListItem\",\"position\":3,\"name\":\"Viskoz\u0117s laisvalaikio kostium\u0117lis \u201eEasy Summer\u201c\"}]},{\"@type\":\"WebSite\",\"@id\":\"https:\\\/\\\/madoskampas.lt\\\/#website\",\"url\":\"https:\\\/\\\/madoskampas.lt\\\/\",\"name\":\"MadosKampas.lt\",\"description\":\"Stilingi drabu\u017eiai moterims\",\"potentialAction\":[{\"@type\":\"SearchAction\",\"target\":{\"@type\":\"EntryPoint\",\"urlTemplate\":\"https:\\\/\\\/madoskampas.lt\\\/?s={search_term_string}\"},\"query-input\":{\"@type\":\"PropertyValueSpecification\",\"valueRequired\":true,\"valueName\":\"search_term_string\"}}],\"inLanguage\":\"et\"}]}<\/script>\n<!-- \/ Yoast SEO plugin. -->","yoast_head_json":{"title":"Viskoz\u0117s laisvalaikio kostium\u0117lis \u201eEasy Summer\u201c - MadosKampas.lt","robots":{"index":"index","follow":"follow","max-snippet":"max-snippet:-1","max-image-preview":"max-image-preview:large","max-video-preview":"max-video-preview:-1"},"canonical":"https:\/\/madoskampas.lt\/et\/product-2\/viskozes-laisvalaikio-kostiumelis-easy-summer\/","og_locale":"et_EE","og_type":"article","og_title":"Viskoz\u0117s laisvalaikio kostium\u0117lis \u201eEasy Summer\u201c - MadosKampas.lt","og_description":"Lengvas, nevar\u017eantis ir itin malonus k\u016bnui \u2013 \u0161is 100% viskoz\u0117s kostium\u0117lis sukurtas jaukioms vasaros dienoms \u2728 Laisvesnio modelio palaidin\u0117 gra\u017eiai krenta, o \u0161ortai su tampriu liemeniu suteikia maksimal\u0173 komfort\u0105 tiek kelion\u0117se, tiek kasdienyb\u0117je. Audinys \u0161velnus, lengvas ir puikiai pralaidus orui, tod\u0117l \u0161\u012f komplekt\u0105 nor\u0117sis vilk\u0117ti v\u0117l ir v\u0117l. Puikiai dera tiek su sportiniais bateliais, tiek su basut\u0117mis \u2013 stilingas pasirinkimas atostogoms, miestui ar laisvalaikiui \ud83c\udf3f \u2728 100% viskoz\u0117\u2728 Lengvas ir kv\u0117puojantis audinys\u2728 Patog\u016bs \u0161ortai su tampriu liemeniu\u2728 Laisvesnio modelio palaidin\u0117\u2728 Itin patogus kasdienai ir kelion\u0117ms \ud83d\udccf Palaidin\u0117s i\u0161matavimai:\u2022 Ilgis priekyje \u2013 62 cm\u2022 Nugaroje \u2013 65 cm\u2022 Per kr\u016btin\u0119 \u2013 55 cm \ud83d\udccf \u0160ort\u0173 i\u0161matavimai:\u2022 Liemuo \u2013 nuo 35 iki 48 cm\u2022 Ilgis \u2013 39 cm \ud83d\udccc Dydis: universalus, tinka nuo S iki XL\ud83d\udccc Sud\u0117tis: 100% viskoz\u0117","og_url":"https:\/\/madoskampas.lt\/et\/product-2\/viskozes-laisvalaikio-kostiumelis-easy-summer\/","og_site_name":"MadosKampas.lt","article_modified_time":"2026-05-16T18:38:21+00:00","og_image":[{"width":1920,"height":2560,"url":"https:\/\/madoskampas.lt\/wp-content\/uploads\/2026\/05\/img_8591-1-scaled.jpeg","type":"image\/jpeg"}],"twitter_card":"summary_large_image","twitter_misc":{"Est. reading time":"1 minut"},"schema":{"@context":"https:\/\/schema.org","@graph":[{"@type":"WebPage","@id":"https:\/\/madoskampas.lt\/produktas\/viskozes-laisvalaikio-kostiumelis-easy-summer\/","url":"https:\/\/madoskampas.lt\/produktas\/viskozes-laisvalaikio-kostiumelis-easy-summer\/","name":"Viskoz\u0117s laisvalaikio kostium\u0117lis \u201eEasy Summer\u201c - MadosKampas.lt","isPartOf":{"@id":"https:\/\/madoskampas.lt\/#website"},"primaryImageOfPage":{"@id":"https:\/\/madoskampas.lt\/produktas\/viskozes-laisvalaikio-kostiumelis-easy-summer\/#primaryimage"},"image":{"@id":"https:\/\/madoskampas.lt\/produktas\/viskozes-laisvalaikio-kostiumelis-easy-summer\/#primaryimage"},"thumbnailUrl":"https:\/\/madoskampas.lt\/wp-content\/uploads\/2026\/05\/img_8609-1-scaled.jpeg","datePublished":"2026-05-07T12:26:31+00:00","dateModified":"2026-05-16T18:38:21+00:00","breadcrumb":{"@id":"https:\/\/madoskampas.lt\/produktas\/viskozes-laisvalaikio-kostiumelis-easy-summer\/#breadcrumb"},"inLanguage":"et","potentialAction":[{"@type":"ReadAction","target":["https:\/\/madoskampas.lt\/produktas\/viskozes-laisvalaikio-kostiumelis-easy-summer\/"]}]},{"@type":"ImageObject","inLanguage":"et","@id":"https:\/\/madoskampas.lt\/produktas\/viskozes-laisvalaikio-kostiumelis-easy-summer\/#primaryimage","url":"https:\/\/madoskampas.lt\/wp-content\/uploads\/2026\/05\/img_8609-1-scaled.jpeg","contentUrl":"https:\/\/madoskampas.lt\/wp-content\/uploads\/2026\/05\/img_8609-1-scaled.jpeg","width":1920,"height":2560},{"@type":"BreadcrumbList","@id":"https:\/\/madoskampas.lt\/produktas\/viskozes-laisvalaikio-kostiumelis-easy-summer\/#breadcrumb","itemListElement":[{"@type":"ListItem","position":1,"name":"Home","item":"https:\/\/madoskampas.lt\/"},{"@type":"ListItem","position":2,"name":"Parduotuv\u0117","item":"https:\/\/madoskampas.lt\/parduotuve-2\/"},{"@type":"ListItem","position":3,"name":"Viskoz\u0117s laisvalaikio kostium\u0117lis \u201eEasy Summer\u201c"}]},{"@type":"WebSite","@id":"https:\/\/madoskampas.lt\/#website","url":"https:\/\/madoskampas.lt\/","name":"FashionKampas.lt","description":"Stiilsed riided naistele","potentialAction":[{"@type":"SearchAction","target":{"@type":"EntryPoint","urlTemplate":"https:\/\/madoskampas.lt\/?s={search_term_string}"},"query-input":{"@type":"PropertyValueSpecification","valueRequired":true,"valueName":"search_term_string"}}],"inLanguage":"et"}]}},"uagb_featured_image_src":{"full":["https:\/\/madoskampas.lt\/wp-content\/uploads\/2026\/05\/img_8609-1-scaled.jpeg",1920,2560,false],"thumbnail":["https:\/\/madoskampas.lt\/wp-content\/uploads\/2026\/05\/img_8609-1-150x150.jpeg",150,150,true],"medium":["https:\/\/madoskampas.lt\/wp-content\/uploads\/2026\/05\/img_8609-1-225x300.jpeg",225,300,true],"medium_large":["https:\/\/madoskampas.lt\/wp-content\/uploads\/2026\/05\/img_8609-1-768x1024.jpeg",768,1024,true],"large":["https:\/\/madoskampas.lt\/wp-content\/uploads\/2026\/05\/img_8609-1-768x1024.jpeg",768,1024,true],"1536x1536":["https:\/\/madoskampas.lt\/wp-content\/uploads\/2026\/05\/img_8609-1-1152x1536.jpeg",1152,1536,true],"2048x2048":["https:\/\/madoskampas.lt\/wp-content\/uploads\/2026\/05\/img_8609-1-1536x2048.jpeg",1536,2048,true],"trp-custom-language-flag":["https:\/\/madoskampas.lt\/wp-content\/uploads\/2026\/05\/img_8609-1-9x12.jpeg",9,12,true],"nova-image-square":["https:\/\/madoskampas.lt\/wp-content\/uploads\/2026\/05\/img_8609-1-1100x1100.jpeg",1100,1100,true],"mixtas-product-03":["https:\/\/madoskampas.lt\/wp-content\/uploads\/2026\/05\/img_8609-1-600x345.jpeg",600,345,true],"woocommerce_thumbnail":["https:\/\/madoskampas.lt\/wp-content\/uploads\/2026\/05\/img_8609-1-700x700.jpeg",700,700,true],"woocommerce_single":["https:\/\/madoskampas.lt\/wp-content\/uploads\/2026\/05\/img_8609-1-1000x1333.jpeg",1000,1333,true],"woocommerce_gallery_thumbnail":["https:\/\/madoskampas.lt\/wp-content\/uploads\/2026\/05\/img_8609-1-250x250.jpeg",250,250,true],"variation_swatches_image_size":["https:\/\/madoskampas.lt\/wp-content\/uploads\/2026\/05\/img_8609-1-50x50.jpeg",50,50,true],"variation_swatches_tooltip_size":["https:\/\/madoskampas.lt\/wp-content\/uploads\/2026\/05\/img_8609-1-100x100.jpeg",100,100,true]},"uagb_author_info":{"display_name":"algirdasbart","author_link":"https:\/\/madoskampas.lt\/et\/author\/"},"uagb_comment_info":0,"uagb_excerpt":"Lengvas, nevar\u017eantis ir itin malonus k\u016bnui \u2013 \u0161is 100% viskoz\u0117s kostium\u0117lis sukurtas jaukioms vasaros dienoms \u2728 Laisvesnio modelio palaidin\u0117 gra\u017eiai krenta, o \u0161ortai su tampriu liemeniu suteikia maksimal\u0173 komfort\u0105 tiek kelion\u0117se, tiek kasdienyb\u0117je. Audinys \u0161velnus, lengvas ir puikiai pralaidus orui, tod\u0117l \u0161\u012f komplekt\u0105 nor\u0117sis vilk\u0117ti v\u0117l ir v\u0117l. Puikiai dera tiek su sportiniais bateliais, tiek&hellip;","jetpack_sharing_enabled":true,"_links":{"self":[{"href":"https:\/\/madoskampas.lt\/et\/wp-json\/wp\/v2\/product\/32825","targetHints":{"allow":["GET"]}}],"collection":[{"href":"https:\/\/madoskampas.lt\/et\/wp-json\/wp\/v2\/product"}],"about":[{"href":"https:\/\/madoskampas.lt\/et\/wp-json\/wp\/v2\/types\/product"}],"replies":[{"embeddable":true,"href":"https:\/\/madoskampas.lt\/et\/wp-json\/wp\/v2\/comments?post=32825"}],"wp:featuredmedia":[{"embeddable":true,"href":"https:\/\/madoskampas.lt\/et\/wp-json\/wp\/v2\/media\/32840"}],"wp:attachment":[{"href":"https:\/\/madoskampas.lt\/et\/wp-json\/wp\/v2\/media?parent=32825"}],"wp:term":[{"taxonomy":"product_brand","embeddable":true,"href":"https:\/\/madoskampas.lt\/et\/wp-json\/wp\/v2\/product_brand?post=32825"},{"taxonomy":"product_cat","embeddable":true,"href":"https:\/\/madoskampas.lt\/et\/wp-json\/wp\/v2\/product_cat?post=32825"},{"taxonomy":"product_tag","embeddable":true,"href":"https:\/\/madoskampas.lt\/et\/wp-json\/wp\/v2\/product_tag?post=32825"}],"curies":[{"name":"wp","href":"https:\/\/api.w.org\/{rel}","templated":true}]}}