{"id":5376,"date":"2024-09-17T11:43:25","date_gmt":"2024-09-17T11:43:25","guid":{"rendered":"https:\/\/madoskampas.lt\/?post_type=product&#038;p=5376"},"modified":"2026-05-14T11:56:17","modified_gmt":"2026-05-14T11:56:17","slug":"laisvalaikio-kostiumelis-kasmyrinis","status":"publish","type":"product","link":"https:\/\/madoskampas.lt\/et\/product-2\/laisvalaikio-kostiumelis-kasmyrinis\/","title":{"rendered":"Casual ka\u0161miirist \u00fclikond"},"content":{"rendered":"<p>\u0160is <strong>ka\u0161myrinis kostium\u0117lis<\/strong> yra puikus pasirinkimas tiems, kurie vertina prabang\u0105 ir patogum\u0105. Jis suteikia ne tik eleganti\u0161k\u0105 i\u0161vaizd\u0105, bet ir maksimal\u0173 komfort\u0105 d\u0117l mink\u0161tos ir \u0161velnios ka\u0161myro med\u017eiagos.<\/p>\n<p><strong>Kostium\u0117lio savyb\u0117s:<\/strong><\/p>\n<ul>\n<li><strong>Med\u017eiaga:<\/strong> Ka\u0161myras, kuris yra \u017einomas d\u0117l savo \u0161velnumo, \u0161ilumos ir auk\u0161tos kokyb\u0117s.<\/li>\n<li><strong>Modelis:<\/strong> Laisvai krentantis, tod\u0117l tinka \u012fvairioms k\u016bno formoms ir u\u017etikrina patogum\u0105 visos dienos metu.<\/li>\n<li><strong>Spalv\u0173 pasirinkimas:<\/strong> Kostium\u0117lis yra prieinamas keli\u0173 subtili\u0173 ir \u017eemi\u0161k\u0173 spalv\u0173 \u2013 \u0161viesios kremin\u0117s, tamsiai pilkos ir rudos ir juodos.<\/li>\n<li><strong>\u00dcksikasjad:<\/strong> Vir\u0161utin\u0117s dalies skeltukai \u0161onuose suteikia modern\u0173 \u012fvaizd\u012f, o auk\u0161ta apykakl\u0117 prideda stilingo akcento.<\/li>\n<\/ul>\n<p>\u0160is kostium\u0117lis puikiai tinka tiek laisvalaikiui, tiek neformalioms progoms, leid\u017eiantis jaustis patogiai ir atrodyti stilingai bet kokiomis aplinkyb\u0117mis.<\/p>\n<p>I\u0161matavimai: megztinio ilgis priekyje- 67cm, gale- 72cm. apimtis iki 114 .<\/p>\n<p>Kelni\u0173 visas ilgis: ~108cm, vidin\u0117 kle\u0161nis: ~78cm. Klubai 106~118cm. Liemuo reguliuojasi (62cm-90cm)<br \/>\nDydis &#8211; universalus, S\/M &#8211; XL<\/p>\n<p>Sud\u0117tis: 15% ka\u0161myras, 20% vilna, 35% viskoz\u0117, 30% poliamidas<\/p>\n<p>&nbsp;<\/p>\n<p><img decoding=\"async\" class=\"x1rg5ohu xlup9mm xdj266r xhhsvwb xat24cr xgzva0m x47corl xxymvpz x1kky2od img\" src=\"https:\/\/static.xx.fbcdn.net\/images\/emoji.php\/v9\/tf0\/2\/16\/1f449.png\" alt=\"\ud83d\udc49\" \/> Svarbu!<br \/>\nPrie\u017ei\u016bra &#8211; skalbti rankiniu r\u0117\u017eimu 30* temperat\u016broje i\u0161verst\u0105 \u012f blog\u0105 pus\u0119. D\u017eiovykl\u0119 naudoti grie\u017etai draud\u017eiama.<\/p>","protected":false},"excerpt":{"rendered":"<p>\u0160is ka\u0161myrinis kostium\u0117lis yra puikus pasirinkimas tiems, kurie vertina prabang\u0105 ir patogum\u0105. Jis suteikia ne tik eleganti\u0161k\u0105 i\u0161vaizd\u0105, bet ir maksimal\u0173 komfort\u0105 d\u0117l mink\u0161tos ir \u0161velnios ka\u0161myro med\u017eiagos.<\/p>\n<p>Kostium\u0117lio savyb\u0117s:<\/p>\n<p>Med\u017eiaga: Ka\u0161myras, kuris yra \u017einomas d\u0117l savo \u0161velnumo, \u0161ilumos ir auk\u0161tos kokyb\u0117s.<br \/>\nModelis: Laisvai krentantis, tod\u0117l tinka \u012fvairioms k\u016bno formoms ir u\u017etikrina patogum\u0105 visos dienos metu.<br \/>\nSpalv\u0173 pasirinkimas: Kostium\u0117lis yra prieinamas keli\u0173 subtili\u0173 ir \u017eemi\u0161k\u0173 spalv\u0173 \u2013 \u0161viesios kremin\u0117s, tamsiai pilkos ir rudos ir juodos.<br \/>\nDetal\u0117s: Vir\u0161utin\u0117s dalies skeltukai \u0161onuose suteikia modern\u0173 \u012fvaizd\u012f, o auk\u0161ta apykakl\u0117 prideda stilingo akcento.<\/p>\n<p>\u0160is kostium\u0117lis puikiai tinka tiek laisvalaikiui, tiek neformalioms progoms, leid\u017eiantis jaustis patogiai ir atrodyti stilingai bet kokiomis aplinkyb\u0117mis.<\/p>\n<p>I\u0161matavimai: megztinio ilgis priekyje- 67 cm, gale- 72 cm. apimtis iki 114 cm.<\/p>\n<p>Kelni\u0173 visas ilgis: ~108 cm, vidin\u0117 kle\u0161nis: ~78 cm. Klubai 106~116 cm. Liemuo reguliuojasi (62 cm-90 cm)<br \/>\nDydis &#8211; universalus, S\/M &#8211; XL<\/p>\n<p>Sud\u0117tis: 15% ka\u0161myras, 20% vilna, 35% viskoz\u0117, 30% poliamidas.<\/p>\n<p>Svarbu!<br \/>\nPrie\u017ei\u016bra &#8211; skalbti rankiniu r\u0117\u017eimu 30* temperat\u016broje i\u0161verst\u0105 \u012f blog\u0105 pus\u0119. D\u017eiovykl\u0119 naudoti grie\u017etai draud\u017eiama.<\/p>","protected":false},"featured_media":26241,"comment_status":"open","ping_status":"closed","template":"","meta":{"_uag_custom_page_level_css":"","_monsterinsights_skip_tracking":false,"_monsterinsights_sitenote_active":false,"_monsterinsights_sitenote_note":"","_monsterinsights_sitenote_category":0},"product_brand":[],"product_cat":[66,70],"product_tag":[],"class_list":{"0":"post-5376","1":"product","2":"type-product","3":"status-publish","4":"has-post-thumbnail","6":"product_cat-drabuziai","7":"product_cat-kostiumeliai","8":"tm-has-options","10":"first","11":"instock","12":"sale","13":"shipping-taxable","14":"purchasable","15":"product-type-variable","16":"has-default-attributes"},"yoast_head":"<!-- This site is optimized with the Yoast SEO plugin v27.6 - https:\/\/yoast.com\/product\/yoast-seo-wordpress\/ -->\n<title>Laisvalaikio kostium\u0117lis ka\u0161myrinis - MadosKampas.lt<\/title>\n<meta name=\"robots\" content=\"index, follow, max-snippet:-1, max-image-preview:large, max-video-preview:-1\" \/>\n<link rel=\"canonical\" href=\"https:\/\/madoskampas.lt\/et\/product-2\/laisvalaikio-kostiumelis-kasmyrinis\/\" \/>\n<meta property=\"og:locale\" content=\"et_EE\" \/>\n<meta property=\"og:type\" content=\"article\" \/>\n<meta property=\"og:title\" content=\"Laisvalaikio kostium\u0117lis ka\u0161myrinis - MadosKampas.lt\" \/>\n<meta property=\"og:description\" content=\"\u0160is ka\u0161myrinis kostium\u0117lis yra puikus pasirinkimas tiems, kurie vertina prabang\u0105 ir patogum\u0105. Jis suteikia ne tik eleganti\u0161k\u0105 i\u0161vaizd\u0105, bet ir maksimal\u0173 komfort\u0105 d\u0117l mink\u0161tos ir \u0161velnios ka\u0161myro med\u017eiagos.  Kostium\u0117lio savyb\u0117s:  Med\u017eiaga: Ka\u0161myras, kuris yra \u017einomas d\u0117l savo \u0161velnumo, \u0161ilumos ir auk\u0161tos kokyb\u0117s. Modelis: Laisvai krentantis, tod\u0117l tinka \u012fvairioms k\u016bno formoms ir u\u017etikrina patogum\u0105 visos dienos metu. Spalv\u0173 pasirinkimas: Kostium\u0117lis yra prieinamas keli\u0173 subtili\u0173 ir \u017eemi\u0161k\u0173 spalv\u0173 \u2013 \u0161viesios kremin\u0117s, tamsiai pilkos ir rudos ir juodos. Detal\u0117s: Vir\u0161utin\u0117s dalies skeltukai \u0161onuose suteikia modern\u0173 \u012fvaizd\u012f, o auk\u0161ta apykakl\u0117 prideda stilingo akcento.  \u0160is kostium\u0117lis puikiai tinka tiek laisvalaikiui, tiek neformalioms progoms, leid\u017eiantis jaustis patogiai ir atrodyti stilingai bet kokiomis aplinkyb\u0117mis.  I\u0161matavimai: megztinio ilgis priekyje- 67 cm, gale- 72 cm. apimtis iki 114 cm.  Kelni\u0173 visas ilgis: ~108 cm, vidin\u0117 kle\u0161nis: ~78 cm. Klubai 106~116 cm. Liemuo reguliuojasi (62 cm-90 cm) Dydis - universalus, S\/M - XL  Sud\u0117tis: 15% ka\u0161myras, 20% vilna, 35% viskoz\u0117, 30% poliamidas.  Svarbu! Prie\u017ei\u016bra - skalbti rankiniu r\u0117\u017eimu 30* temperat\u016broje i\u0161verst\u0105 \u012f blog\u0105 pus\u0119. D\u017eiovykl\u0119 naudoti grie\u017etai draud\u017eiama.\" \/>\n<meta property=\"og:url\" content=\"https:\/\/madoskampas.lt\/et\/product-2\/laisvalaikio-kostiumelis-kasmyrinis\/\" \/>\n<meta property=\"og:site_name\" content=\"MadosKampas.lt\" \/>\n<meta property=\"article:modified_time\" content=\"2026-05-14T11:56:17+00:00\" \/>\n<meta property=\"og:image\" content=\"https:\/\/madoskampas.lt\/wp-content\/uploads\/2024\/09\/IMG_1001.jpeg\" \/>\n\t<meta property=\"og:image:width\" content=\"1330\" \/>\n\t<meta property=\"og:image:height\" content=\"2364\" \/>\n\t<meta property=\"og:image:type\" content=\"image\/jpeg\" \/>\n<meta name=\"twitter:card\" content=\"summary_large_image\" \/>\n<meta name=\"twitter:label1\" content=\"Est. reading time\" \/>\n\t<meta name=\"twitter:data1\" content=\"2 minutit\" \/>\n<script type=\"application\/ld+json\" class=\"yoast-schema-graph\">{\"@context\":\"https:\\\/\\\/schema.org\",\"@graph\":[{\"@type\":\"WebPage\",\"@id\":\"https:\\\/\\\/madoskampas.lt\\\/produktas\\\/laisvalaikio-kostiumelis-kasmyrinis\\\/\",\"url\":\"https:\\\/\\\/madoskampas.lt\\\/produktas\\\/laisvalaikio-kostiumelis-kasmyrinis\\\/\",\"name\":\"Laisvalaikio kostium\u0117lis ka\u0161myrinis - MadosKampas.lt\",\"isPartOf\":{\"@id\":\"https:\\\/\\\/madoskampas.lt\\\/#website\"},\"primaryImageOfPage\":{\"@id\":\"https:\\\/\\\/madoskampas.lt\\\/produktas\\\/laisvalaikio-kostiumelis-kasmyrinis\\\/#primaryimage\"},\"image\":{\"@id\":\"https:\\\/\\\/madoskampas.lt\\\/produktas\\\/laisvalaikio-kostiumelis-kasmyrinis\\\/#primaryimage\"},\"thumbnailUrl\":\"https:\\\/\\\/madoskampas.lt\\\/wp-content\\\/uploads\\\/2024\\\/09\\\/IMG_1001.jpeg\",\"datePublished\":\"2024-09-17T11:43:25+00:00\",\"dateModified\":\"2026-05-14T11:56:17+00:00\",\"breadcrumb\":{\"@id\":\"https:\\\/\\\/madoskampas.lt\\\/produktas\\\/laisvalaikio-kostiumelis-kasmyrinis\\\/#breadcrumb\"},\"inLanguage\":\"et\",\"potentialAction\":[{\"@type\":\"ReadAction\",\"target\":[\"https:\\\/\\\/madoskampas.lt\\\/produktas\\\/laisvalaikio-kostiumelis-kasmyrinis\\\/\"]}]},{\"@type\":\"ImageObject\",\"inLanguage\":\"et\",\"@id\":\"https:\\\/\\\/madoskampas.lt\\\/produktas\\\/laisvalaikio-kostiumelis-kasmyrinis\\\/#primaryimage\",\"url\":\"https:\\\/\\\/madoskampas.lt\\\/wp-content\\\/uploads\\\/2024\\\/09\\\/IMG_1001.jpeg\",\"contentUrl\":\"https:\\\/\\\/madoskampas.lt\\\/wp-content\\\/uploads\\\/2024\\\/09\\\/IMG_1001.jpeg\",\"width\":1330,\"height\":2364},{\"@type\":\"BreadcrumbList\",\"@id\":\"https:\\\/\\\/madoskampas.lt\\\/produktas\\\/laisvalaikio-kostiumelis-kasmyrinis\\\/#breadcrumb\",\"itemListElement\":[{\"@type\":\"ListItem\",\"position\":1,\"name\":\"Home\",\"item\":\"https:\\\/\\\/madoskampas.lt\\\/\"},{\"@type\":\"ListItem\",\"position\":2,\"name\":\"Parduotuv\u0117\",\"item\":\"https:\\\/\\\/madoskampas.lt\\\/parduotuve-2\\\/\"},{\"@type\":\"ListItem\",\"position\":3,\"name\":\"Laisvalaikio kostium\u0117lis ka\u0161myrinis\"}]},{\"@type\":\"WebSite\",\"@id\":\"https:\\\/\\\/madoskampas.lt\\\/#website\",\"url\":\"https:\\\/\\\/madoskampas.lt\\\/\",\"name\":\"MadosKampas.lt\",\"description\":\"Stilingi drabu\u017eiai moterims\",\"potentialAction\":[{\"@type\":\"SearchAction\",\"target\":{\"@type\":\"EntryPoint\",\"urlTemplate\":\"https:\\\/\\\/madoskampas.lt\\\/?s={search_term_string}\"},\"query-input\":{\"@type\":\"PropertyValueSpecification\",\"valueRequired\":true,\"valueName\":\"search_term_string\"}}],\"inLanguage\":\"et\"}]}<\/script>\n<!-- \/ Yoast SEO plugin. -->","yoast_head_json":{"title":"Laisvalaikio kostium\u0117lis ka\u0161myrinis - MadosKampas.lt","robots":{"index":"index","follow":"follow","max-snippet":"max-snippet:-1","max-image-preview":"max-image-preview:large","max-video-preview":"max-video-preview:-1"},"canonical":"https:\/\/madoskampas.lt\/et\/product-2\/laisvalaikio-kostiumelis-kasmyrinis\/","og_locale":"et_EE","og_type":"article","og_title":"Laisvalaikio kostium\u0117lis ka\u0161myrinis - MadosKampas.lt","og_description":"\u0160is ka\u0161myrinis kostium\u0117lis yra puikus pasirinkimas tiems, kurie vertina prabang\u0105 ir patogum\u0105. Jis suteikia ne tik eleganti\u0161k\u0105 i\u0161vaizd\u0105, bet ir maksimal\u0173 komfort\u0105 d\u0117l mink\u0161tos ir \u0161velnios ka\u0161myro med\u017eiagos.  Kostium\u0117lio savyb\u0117s:  Med\u017eiaga: Ka\u0161myras, kuris yra \u017einomas d\u0117l savo \u0161velnumo, \u0161ilumos ir auk\u0161tos kokyb\u0117s. Modelis: Laisvai krentantis, tod\u0117l tinka \u012fvairioms k\u016bno formoms ir u\u017etikrina patogum\u0105 visos dienos metu. Spalv\u0173 pasirinkimas: Kostium\u0117lis yra prieinamas keli\u0173 subtili\u0173 ir \u017eemi\u0161k\u0173 spalv\u0173 \u2013 \u0161viesios kremin\u0117s, tamsiai pilkos ir rudos ir juodos. Detal\u0117s: Vir\u0161utin\u0117s dalies skeltukai \u0161onuose suteikia modern\u0173 \u012fvaizd\u012f, o auk\u0161ta apykakl\u0117 prideda stilingo akcento.  \u0160is kostium\u0117lis puikiai tinka tiek laisvalaikiui, tiek neformalioms progoms, leid\u017eiantis jaustis patogiai ir atrodyti stilingai bet kokiomis aplinkyb\u0117mis.  I\u0161matavimai: megztinio ilgis priekyje- 67 cm, gale- 72 cm. apimtis iki 114 cm.  Kelni\u0173 visas ilgis: ~108 cm, vidin\u0117 kle\u0161nis: ~78 cm. Klubai 106~116 cm. Liemuo reguliuojasi (62 cm-90 cm) Dydis - universalus, S\/M - XL  Sud\u0117tis: 15% ka\u0161myras, 20% vilna, 35% viskoz\u0117, 30% poliamidas.  Svarbu! Prie\u017ei\u016bra - skalbti rankiniu r\u0117\u017eimu 30* temperat\u016broje i\u0161verst\u0105 \u012f blog\u0105 pus\u0119. D\u017eiovykl\u0119 naudoti grie\u017etai draud\u017eiama.","og_url":"https:\/\/madoskampas.lt\/et\/product-2\/laisvalaikio-kostiumelis-kasmyrinis\/","og_site_name":"MadosKampas.lt","article_modified_time":"2026-05-14T11:56:17+00:00","og_image":[{"width":1330,"height":2364,"url":"https:\/\/madoskampas.lt\/wp-content\/uploads\/2024\/09\/IMG_1001.jpeg","type":"image\/jpeg"}],"twitter_card":"summary_large_image","twitter_misc":{"Est. reading time":"2 minutit"},"schema":{"@context":"https:\/\/schema.org","@graph":[{"@type":"WebPage","@id":"https:\/\/madoskampas.lt\/produktas\/laisvalaikio-kostiumelis-kasmyrinis\/","url":"https:\/\/madoskampas.lt\/produktas\/laisvalaikio-kostiumelis-kasmyrinis\/","name":"Laisvalaikio kostium\u0117lis ka\u0161myrinis - MadosKampas.lt","isPartOf":{"@id":"https:\/\/madoskampas.lt\/#website"},"primaryImageOfPage":{"@id":"https:\/\/madoskampas.lt\/produktas\/laisvalaikio-kostiumelis-kasmyrinis\/#primaryimage"},"image":{"@id":"https:\/\/madoskampas.lt\/produktas\/laisvalaikio-kostiumelis-kasmyrinis\/#primaryimage"},"thumbnailUrl":"https:\/\/madoskampas.lt\/wp-content\/uploads\/2024\/09\/IMG_1001.jpeg","datePublished":"2024-09-17T11:43:25+00:00","dateModified":"2026-05-14T11:56:17+00:00","breadcrumb":{"@id":"https:\/\/madoskampas.lt\/produktas\/laisvalaikio-kostiumelis-kasmyrinis\/#breadcrumb"},"inLanguage":"et","potentialAction":[{"@type":"ReadAction","target":["https:\/\/madoskampas.lt\/produktas\/laisvalaikio-kostiumelis-kasmyrinis\/"]}]},{"@type":"ImageObject","inLanguage":"et","@id":"https:\/\/madoskampas.lt\/produktas\/laisvalaikio-kostiumelis-kasmyrinis\/#primaryimage","url":"https:\/\/madoskampas.lt\/wp-content\/uploads\/2024\/09\/IMG_1001.jpeg","contentUrl":"https:\/\/madoskampas.lt\/wp-content\/uploads\/2024\/09\/IMG_1001.jpeg","width":1330,"height":2364},{"@type":"BreadcrumbList","@id":"https:\/\/madoskampas.lt\/produktas\/laisvalaikio-kostiumelis-kasmyrinis\/#breadcrumb","itemListElement":[{"@type":"ListItem","position":1,"name":"Home","item":"https:\/\/madoskampas.lt\/"},{"@type":"ListItem","position":2,"name":"Parduotuv\u0117","item":"https:\/\/madoskampas.lt\/parduotuve-2\/"},{"@type":"ListItem","position":3,"name":"Laisvalaikio kostium\u0117lis ka\u0161myrinis"}]},{"@type":"WebSite","@id":"https:\/\/madoskampas.lt\/#website","url":"https:\/\/madoskampas.lt\/","name":"FashionKampas.lt","description":"Stiilsed riided naistele","potentialAction":[{"@type":"SearchAction","target":{"@type":"EntryPoint","urlTemplate":"https:\/\/madoskampas.lt\/?s={search_term_string}"},"query-input":{"@type":"PropertyValueSpecification","valueRequired":true,"valueName":"search_term_string"}}],"inLanguage":"et"}]}},"uagb_featured_image_src":{"full":["https:\/\/madoskampas.lt\/wp-content\/uploads\/2024\/09\/IMG_1001.jpeg",1330,2364,false],"thumbnail":["https:\/\/madoskampas.lt\/wp-content\/uploads\/2024\/09\/IMG_1001-150x150.jpeg",150,150,true],"medium":["https:\/\/madoskampas.lt\/wp-content\/uploads\/2024\/09\/IMG_1001-169x300.jpeg",169,300,true],"medium_large":["https:\/\/madoskampas.lt\/wp-content\/uploads\/2024\/09\/IMG_1001-768x1365.jpeg",768,1365,true],"large":["https:\/\/madoskampas.lt\/wp-content\/uploads\/2024\/09\/IMG_1001-576x1024.jpeg",576,1024,true],"1536x1536":["https:\/\/madoskampas.lt\/wp-content\/uploads\/2024\/09\/IMG_1001-864x1536.jpeg",864,1536,true],"2048x2048":["https:\/\/madoskampas.lt\/wp-content\/uploads\/2024\/09\/IMG_1001-1152x2048.jpeg",1152,2048,true],"trp-custom-language-flag":["https:\/\/madoskampas.lt\/wp-content\/uploads\/2024\/09\/IMG_1001-7x12.jpeg",7,12,true],"nova-image-square":["https:\/\/madoskampas.lt\/wp-content\/uploads\/2024\/09\/IMG_1001-1100x1100.jpeg",1100,1100,true],"mixtas-product-03":["https:\/\/madoskampas.lt\/wp-content\/uploads\/2024\/09\/IMG_1001-600x345.jpeg",600,345,true],"woocommerce_thumbnail":["https:\/\/madoskampas.lt\/wp-content\/uploads\/2024\/09\/IMG_1001-700x700.jpeg",700,700,true],"woocommerce_single":["https:\/\/madoskampas.lt\/wp-content\/uploads\/2024\/09\/IMG_1001-1000x1777.jpeg",1000,1777,true],"woocommerce_gallery_thumbnail":["https:\/\/madoskampas.lt\/wp-content\/uploads\/2024\/09\/IMG_1001-250x250.jpeg",250,250,true],"variation_swatches_image_size":["https:\/\/madoskampas.lt\/wp-content\/uploads\/2024\/09\/IMG_1001-50x50.jpeg",50,50,true],"variation_swatches_tooltip_size":["https:\/\/madoskampas.lt\/wp-content\/uploads\/2024\/09\/IMG_1001-100x100.jpeg",100,100,true]},"uagb_author_info":{"display_name":"algirdasbart","author_link":"https:\/\/madoskampas.lt\/et\/author\/"},"uagb_comment_info":3,"uagb_excerpt":"\u0160is ka\u0161myrinis kostium\u0117lis yra puikus pasirinkimas tiems, kurie vertina prabang\u0105 ir patogum\u0105. Jis suteikia ne tik eleganti\u0161k\u0105 i\u0161vaizd\u0105, bet ir maksimal\u0173 komfort\u0105 d\u0117l mink\u0161tos ir \u0161velnios ka\u0161myro med\u017eiagos. Kostium\u0117lio savyb\u0117s: Med\u017eiaga: Ka\u0161myras, kuris yra \u017einomas d\u0117l savo \u0161velnumo, \u0161ilumos ir auk\u0161tos kokyb\u0117s. Modelis: Laisvai krentantis, tod\u0117l tinka \u012fvairioms k\u016bno formoms ir u\u017etikrina patogum\u0105 visos dienos&hellip;","jetpack_sharing_enabled":true,"_links":{"self":[{"href":"https:\/\/madoskampas.lt\/et\/wp-json\/wp\/v2\/product\/5376","targetHints":{"allow":["GET"]}}],"collection":[{"href":"https:\/\/madoskampas.lt\/et\/wp-json\/wp\/v2\/product"}],"about":[{"href":"https:\/\/madoskampas.lt\/et\/wp-json\/wp\/v2\/types\/product"}],"replies":[{"embeddable":true,"href":"https:\/\/madoskampas.lt\/et\/wp-json\/wp\/v2\/comments?post=5376"}],"wp:featuredmedia":[{"embeddable":true,"href":"https:\/\/madoskampas.lt\/et\/wp-json\/wp\/v2\/media\/26241"}],"wp:attachment":[{"href":"https:\/\/madoskampas.lt\/et\/wp-json\/wp\/v2\/media?parent=5376"}],"wp:term":[{"taxonomy":"product_brand","embeddable":true,"href":"https:\/\/madoskampas.lt\/et\/wp-json\/wp\/v2\/product_brand?post=5376"},{"taxonomy":"product_cat","embeddable":true,"href":"https:\/\/madoskampas.lt\/et\/wp-json\/wp\/v2\/product_cat?post=5376"},{"taxonomy":"product_tag","embeddable":true,"href":"https:\/\/madoskampas.lt\/et\/wp-json\/wp\/v2\/product_tag?post=5376"}],"curies":[{"name":"wp","href":"https:\/\/api.w.org\/{rel}","templated":true}]}}