{"id":7990,"date":"2024-11-12T13:41:09","date_gmt":"2024-11-12T13:41:09","guid":{"rendered":"https:\/\/madoskampas.lt\/?post_type=product&#038;p=7990"},"modified":"2026-04-10T09:25:12","modified_gmt":"2026-04-10T09:25:12","slug":"kelnes-eko-odos-su-pasiltinimu","status":"publish","type":"product","link":"https:\/\/madoskampas.lt\/et\/product-2\/kelnes-eko-odos-su-pasiltinimu\/","title":{"rendered":"\u00d6ko-nahast p\u00fcksid koos isolatsiooniga"},"content":{"rendered":"<div dir=\"auto\">\n<div dir=\"auto\">\n<div class=\"flex-shrink-0 flex flex-col relative items-end\">\n<div>\n<div class=\"pt-0\">\n<div class=\"gizmo-bot-avatar flex h-8 w-8 items-center justify-center overflow-hidden rounded-full\">\n<div class=\"relative p-1 rounded-sm flex items-center justify-center bg-token-main-surface-primary text-token-text-primary h-8 w-8\"><em style=\"font-size: inherit;\">Eleganti\u0161kos ekoodos keln\u0117s<\/em><span style=\"font-size: inherit;\"> \u2013 tai prabanga ir komfortas viename, sukurtos \u0161iuolaiki\u0161kai moteriai, vertinan\u010diai stili\u0173 ir patogum\u0105. Keln\u0117s pagamintos i\u0161 auk\u0161tos kokyb\u0117s ekologi\u0161kos odos, kuri atrodo kaip tikra oda, bet yra draugi\u0161kesn\u0117 aplinkai. \u0160is modelis yra prieinamas dviej\u0173 eleganti\u0161k\u0173 spalv\u0173 \u2013 klasikin\u0117s juodos ir \u0161okolado, puikiai tinkan\u010di\u0173 \u012fvairioms progoms bei deriniams.<\/span><\/div>\n<\/div>\n<\/div>\n<\/div>\n<\/div>\n<div class=\"group\/conversation-turn relative flex w-full min-w-0 flex-col agent-turn\">\n<div class=\"flex-col gap-1 md:gap-3\">\n<div class=\"flex max-w-full flex-col flex-grow\">\n<div class=\"min-h-8 text-message flex w-full flex-col items-end gap-2 whitespace-normal break-words [.text-message+&amp;]:mt-5\" dir=\"auto\" data-message-author-role=\"assistant\" data-message-id=\"12bb8ff8-6164-4c6f-ac6f-3cb1438b4afc\" data-message-model-slug=\"gpt-4o\">\n<div class=\"flex w-full flex-col gap-1 empty:hidden first:pt-[3px]\">\n<div class=\"markdown prose w-full break-words dark:prose-invert light\">\n<p><strong>Prieinam\u0173 dyd\u017ei\u0173 \u012fvairov\u0117<\/strong> (XS, S, M, L, XL) leid\u017eia kiekvienam atrasti savo tobulai tinkant\u012f variant\u0105, nesvarbu, ar ie\u0161kote patogumo, ar norite pabr\u0117\u017eti savo linijas. Juodas atspalvis suteikia klasikinei elegancijai b\u016bding\u0105 rafinuotum\u0105, o \u0161okolado spalva prideda \u0161ilumos ir i\u0161skirtinumo, lengvai pritaikomo tiek darbui, tiek laisvalaikiui.<\/p>\n<p>\u0160ios keln\u0117s i\u0161siskiria minimalistin\u0117mis detal\u0117mis ir subtiliai priglundan\u010dia forma, kuri suteikia stiling\u0105, rafinuot\u0105 \u012fvaizd\u012f. Elastingas juosmuo ir tampr\u016bs audiniai leid\u017eia m\u0117gautis visapusi\u0161ku komfortu, neprarandant eleganti\u0161ko \u012fvaizd\u017eio. Nesvarbu, ar derinsite jas su laisvais mar\u0161kiniais, ar aptempta palaidine, jos taps j\u016bs\u0173 drabu\u017ei\u0173 spintos pagrindu, kuris visada madingas ir visuomet paruo\u0161tas pavergti \u017evilgsnius.<\/p>\n<\/div>\n<\/div>\n<\/div>\n<\/div>\n<\/div>\n<\/div>\n<\/div>\n<div dir=\"auto\">Xs<br \/>\nLiemuo 31 cm pasitempia<br \/>\nKlubai 47 cm<br \/>\nIlgis 105 cm<\/div>\n<div dir=\"auto\">S<br \/>\nLiemuo 34 cm pasitempia<br \/>\nKlubai 49 cm<br \/>\nIlgis 105 cm<\/div>\n<div dir=\"auto\">M<br \/>\nLiemuo 37 cm pasitempia<br \/>\nKlubai 51,5 cm<br \/>\nIlgis 106 cm<\/div>\n<div dir=\"auto\">L<br \/>\nLiemuo 38 cm pasitempia<br \/>\nKlubai 53,4 cm<br \/>\nIlgis 107 cm<\/div>\n<div dir=\"auto\">XL<\/div>\n<div dir=\"auto\"><span style=\"font-size: inherit;\">Liemuo 40 cm pasitempia<\/span><\/div>\n<div dir=\"auto\"><span style=\"font-size: inherit;\">Klubai 55 cm<\/span><\/div>\n<div dir=\"auto\"><span style=\"font-size: inherit;\">Ilgis 108 cm<\/span><\/div>\n<\/div>\n","protected":false},"excerpt":{"rendered":"<div dir=\"auto\">\n<div class=\"flex-shrink-0 flex flex-col relative items-end\">\n<div>\n<div class=\"pt-0\">\n<div class=\"gizmo-bot-avatar flex h-8 w-8 items-center justify-center overflow-hidden rounded-full\">\n<div class=\"relative p-1 rounded-sm flex items-center justify-center bg-token-main-surface-primary text-token-text-primary h-8 w-8\"><\/div>\n<\/div>\n<\/div>\n<\/div>\n<\/div>\n<div class=\"group\/conversation-turn relative flex w-full min-w-0 flex-col agent-turn\">\n<div class=\"flex-col gap-1 md:gap-3\">\n<div class=\"flex max-w-full flex-col flex-grow\">\n<div class=\"min-h-8 text-message flex w-full flex-col items-end gap-2 whitespace-normal break-words [.text-message+&amp;]:mt-5\" dir=\"auto\" data-message-author-role=\"assistant\" data-message-id=\"12bb8ff8-6164-4c6f-ac6f-3cb1438b4afc\" data-message-model-slug=\"gpt-4o\">\n<div class=\"flex w-full flex-col gap-1 empty:hidden first:pt-[3px]\">\n<div class=\"markdown prose w-full break-words dark:prose-invert light\">\n<p><em>Eleganti\u0161kos ekoodos keln\u0117s<\/em> \u2013 tai prabanga ir komfortas viename, sukurtos \u0161iuolaiki\u0161kai moteriai, vertinan\u010diai stili\u0173 ir patogum\u0105. Keln\u0117s pagamintos i\u0161 auk\u0161tos kokyb\u0117s ekologi\u0161kos odos, kuri atrodo kaip tikra oda, bet yra draugi\u0161kesn\u0117 aplinkai. \u0160is modelis yra prieinamas dviej\u0173 eleganti\u0161k\u0173 spalv\u0173 \u2013 klasikin\u0117s juodos ir \u0161okolado, puikiai tinkan\u010di\u0173 \u012fvairioms progoms bei deriniams.<\/p>\n<p><strong>Prieinam\u0173 dyd\u017ei\u0173 \u012fvairov\u0117<\/strong> (XS, S, M, L, XL) leid\u017eia kiekvienam atrasti savo tobulai tinkant\u012f variant\u0105, nesvarbu, ar ie\u0161kote patogumo, ar norite pabr\u0117\u017eti savo linijas. Juodas atspalvis suteikia klasikinei elegancijai b\u016bding\u0105 rafinuotum\u0105, o \u0161okolado spalva prideda \u0161ilumos ir i\u0161skirtinumo, lengvai pritaikomo tiek darbui, tiek laisvalaikiui.<\/p>\n<p>\u0160ios keln\u0117s i\u0161siskiria minimalistin\u0117mis detal\u0117mis ir subtiliai priglundan\u010dia forma, kuri suteikia stiling\u0105, rafinuot\u0105 \u012fvaizd\u012f. Elastingas juosmuo ir tampr\u016bs audiniai leid\u017eia m\u0117gautis visapusi\u0161ku komfortu, neprarandant eleganti\u0161ko \u012fvaizd\u017eio. Nesvarbu, ar derinsite jas su laisvais mar\u0161kiniais, ar aptempta palaidine, jos taps j\u016bs\u0173 drabu\u017ei\u0173 spintos pagrindu, kuris visada madingas ir visuomet paruo\u0161tas pavergti \u017evilgsnius.<\/p>\n<\/div>\n<\/div>\n<\/div>\n<\/div>\n<\/div>\n<\/div>\n<\/div>\n<div dir=\"auto\"><\/div>\n","protected":false},"featured_media":20831,"comment_status":"open","ping_status":"closed","template":"","meta":{"_uag_custom_page_level_css":"","_monsterinsights_skip_tracking":false,"_monsterinsights_sitenote_active":false,"_monsterinsights_sitenote_note":"","_monsterinsights_sitenote_category":0},"product_brand":[],"product_cat":[66,69],"product_tag":[],"class_list":{"0":"post-7990","1":"product","2":"type-product","3":"status-publish","4":"has-post-thumbnail","6":"product_cat-drabuziai","7":"product_cat-kelnes","8":"tm-has-options","10":"first","11":"instock","12":"sale","13":"shipping-taxable","14":"purchasable","15":"product-type-variable","16":"has-default-attributes"},"yoast_head":"<!-- This site is optimized with the Yoast SEO plugin v27.6 - https:\/\/yoast.com\/product\/yoast-seo-wordpress\/ -->\n<title>Keln\u0117s eko odos su pa\u0161iltinimu - MadosKampas.lt<\/title>\n<meta name=\"robots\" content=\"index, follow, max-snippet:-1, max-image-preview:large, max-video-preview:-1\" \/>\n<link rel=\"canonical\" href=\"https:\/\/madoskampas.lt\/et\/product-2\/kelnes-eko-odos-su-pasiltinimu\/\" \/>\n<meta property=\"og:locale\" content=\"et_EE\" \/>\n<meta property=\"og:type\" content=\"article\" \/>\n<meta property=\"og:title\" content=\"Keln\u0117s eko odos su pa\u0161iltinimu - MadosKampas.lt\" \/>\n<meta property=\"og:description\" content=\"Eleganti\u0161kos ekoodos keln\u0117s \u2013 tai prabanga ir komfortas viename, sukurtos \u0161iuolaiki\u0161kai moteriai, vertinan\u010diai stili\u0173 ir patogum\u0105. Keln\u0117s pagamintos i\u0161 auk\u0161tos kokyb\u0117s ekologi\u0161kos odos, kuri atrodo kaip tikra oda, bet yra draugi\u0161kesn\u0117 aplinkai. \u0160is modelis yra prieinamas dviej\u0173 eleganti\u0161k\u0173 spalv\u0173 \u2013 klasikin\u0117s juodos ir \u0161okolado, puikiai tinkan\u010di\u0173 \u012fvairioms progoms bei deriniams.  Prieinam\u0173 dyd\u017ei\u0173 \u012fvairov\u0117 (XS, S, M, L, XL) leid\u017eia kiekvienam atrasti savo tobulai tinkant\u012f variant\u0105, nesvarbu, ar ie\u0161kote patogumo, ar norite pabr\u0117\u017eti savo linijas. Juodas atspalvis suteikia klasikinei elegancijai b\u016bding\u0105 rafinuotum\u0105, o \u0161okolado spalva prideda \u0161ilumos ir i\u0161skirtinumo, lengvai pritaikomo tiek darbui, tiek laisvalaikiui.  \u0160ios keln\u0117s i\u0161siskiria minimalistin\u0117mis detal\u0117mis ir subtiliai priglundan\u010dia forma, kuri suteikia stiling\u0105, rafinuot\u0105 \u012fvaizd\u012f. Elastingas juosmuo ir tampr\u016bs audiniai leid\u017eia m\u0117gautis visapusi\u0161ku komfortu, neprarandant eleganti\u0161ko \u012fvaizd\u017eio. Nesvarbu, ar derinsite jas su laisvais mar\u0161kiniais, ar aptempta palaidine, jos taps j\u016bs\u0173 drabu\u017ei\u0173 spintos pagrindu, kuris visada madingas ir visuomet paruo\u0161tas pavergti \u017evilgsnius.\" \/>\n<meta property=\"og:url\" content=\"https:\/\/madoskampas.lt\/et\/product-2\/kelnes-eko-odos-su-pasiltinimu\/\" \/>\n<meta property=\"og:site_name\" content=\"MadosKampas.lt\" \/>\n<meta property=\"article:modified_time\" content=\"2026-04-10T09:25:12+00:00\" \/>\n<meta property=\"og:image\" content=\"https:\/\/madoskampas.lt\/wp-content\/uploads\/2024\/11\/img_9219-scaled.jpeg\" \/>\n\t<meta property=\"og:image:width\" content=\"1440\" \/>\n\t<meta property=\"og:image:height\" content=\"2560\" \/>\n\t<meta property=\"og:image:type\" content=\"image\/jpeg\" \/>\n<meta name=\"twitter:card\" content=\"summary_large_image\" \/>\n<meta name=\"twitter:label1\" content=\"Est. reading time\" \/>\n\t<meta name=\"twitter:data1\" content=\"2 minutit\" \/>\n<script type=\"application\/ld+json\" class=\"yoast-schema-graph\">{\"@context\":\"https:\\\/\\\/schema.org\",\"@graph\":[{\"@type\":\"WebPage\",\"@id\":\"https:\\\/\\\/madoskampas.lt\\\/produktas\\\/kelnes-eko-odos-su-pasiltinimu\\\/\",\"url\":\"https:\\\/\\\/madoskampas.lt\\\/produktas\\\/kelnes-eko-odos-su-pasiltinimu\\\/\",\"name\":\"Keln\u0117s eko odos su pa\u0161iltinimu - MadosKampas.lt\",\"isPartOf\":{\"@id\":\"https:\\\/\\\/madoskampas.lt\\\/#website\"},\"primaryImageOfPage\":{\"@id\":\"https:\\\/\\\/madoskampas.lt\\\/produktas\\\/kelnes-eko-odos-su-pasiltinimu\\\/#primaryimage\"},\"image\":{\"@id\":\"https:\\\/\\\/madoskampas.lt\\\/produktas\\\/kelnes-eko-odos-su-pasiltinimu\\\/#primaryimage\"},\"thumbnailUrl\":\"https:\\\/\\\/madoskampas.lt\\\/wp-content\\\/uploads\\\/2024\\\/11\\\/img_9219-scaled.jpeg\",\"datePublished\":\"2024-11-12T13:41:09+00:00\",\"dateModified\":\"2026-04-10T09:25:12+00:00\",\"breadcrumb\":{\"@id\":\"https:\\\/\\\/madoskampas.lt\\\/produktas\\\/kelnes-eko-odos-su-pasiltinimu\\\/#breadcrumb\"},\"inLanguage\":\"et\",\"potentialAction\":[{\"@type\":\"ReadAction\",\"target\":[\"https:\\\/\\\/madoskampas.lt\\\/produktas\\\/kelnes-eko-odos-su-pasiltinimu\\\/\"]}]},{\"@type\":\"ImageObject\",\"inLanguage\":\"et\",\"@id\":\"https:\\\/\\\/madoskampas.lt\\\/produktas\\\/kelnes-eko-odos-su-pasiltinimu\\\/#primaryimage\",\"url\":\"https:\\\/\\\/madoskampas.lt\\\/wp-content\\\/uploads\\\/2024\\\/11\\\/img_9219-scaled.jpeg\",\"contentUrl\":\"https:\\\/\\\/madoskampas.lt\\\/wp-content\\\/uploads\\\/2024\\\/11\\\/img_9219-scaled.jpeg\",\"width\":1440,\"height\":2560},{\"@type\":\"BreadcrumbList\",\"@id\":\"https:\\\/\\\/madoskampas.lt\\\/produktas\\\/kelnes-eko-odos-su-pasiltinimu\\\/#breadcrumb\",\"itemListElement\":[{\"@type\":\"ListItem\",\"position\":1,\"name\":\"Home\",\"item\":\"https:\\\/\\\/madoskampas.lt\\\/\"},{\"@type\":\"ListItem\",\"position\":2,\"name\":\"Parduotuv\u0117\",\"item\":\"https:\\\/\\\/madoskampas.lt\\\/parduotuve-2\\\/\"},{\"@type\":\"ListItem\",\"position\":3,\"name\":\"Keln\u0117s eko odos su pa\u0161iltinimu\"}]},{\"@type\":\"WebSite\",\"@id\":\"https:\\\/\\\/madoskampas.lt\\\/#website\",\"url\":\"https:\\\/\\\/madoskampas.lt\\\/\",\"name\":\"MadosKampas.lt\",\"description\":\"Stilingi drabu\u017eiai moterims\",\"potentialAction\":[{\"@type\":\"SearchAction\",\"target\":{\"@type\":\"EntryPoint\",\"urlTemplate\":\"https:\\\/\\\/madoskampas.lt\\\/?s={search_term_string}\"},\"query-input\":{\"@type\":\"PropertyValueSpecification\",\"valueRequired\":true,\"valueName\":\"search_term_string\"}}],\"inLanguage\":\"et\"}]}<\/script>\n<!-- \/ Yoast SEO plugin. -->","yoast_head_json":{"title":"Keln\u0117s eko odos su pa\u0161iltinimu - MadosKampas.lt","robots":{"index":"index","follow":"follow","max-snippet":"max-snippet:-1","max-image-preview":"max-image-preview:large","max-video-preview":"max-video-preview:-1"},"canonical":"https:\/\/madoskampas.lt\/et\/product-2\/kelnes-eko-odos-su-pasiltinimu\/","og_locale":"et_EE","og_type":"article","og_title":"Keln\u0117s eko odos su pa\u0161iltinimu - MadosKampas.lt","og_description":"Eleganti\u0161kos ekoodos keln\u0117s \u2013 tai prabanga ir komfortas viename, sukurtos \u0161iuolaiki\u0161kai moteriai, vertinan\u010diai stili\u0173 ir patogum\u0105. Keln\u0117s pagamintos i\u0161 auk\u0161tos kokyb\u0117s ekologi\u0161kos odos, kuri atrodo kaip tikra oda, bet yra draugi\u0161kesn\u0117 aplinkai. \u0160is modelis yra prieinamas dviej\u0173 eleganti\u0161k\u0173 spalv\u0173 \u2013 klasikin\u0117s juodos ir \u0161okolado, puikiai tinkan\u010di\u0173 \u012fvairioms progoms bei deriniams.  Prieinam\u0173 dyd\u017ei\u0173 \u012fvairov\u0117 (XS, S, M, L, XL) leid\u017eia kiekvienam atrasti savo tobulai tinkant\u012f variant\u0105, nesvarbu, ar ie\u0161kote patogumo, ar norite pabr\u0117\u017eti savo linijas. Juodas atspalvis suteikia klasikinei elegancijai b\u016bding\u0105 rafinuotum\u0105, o \u0161okolado spalva prideda \u0161ilumos ir i\u0161skirtinumo, lengvai pritaikomo tiek darbui, tiek laisvalaikiui.  \u0160ios keln\u0117s i\u0161siskiria minimalistin\u0117mis detal\u0117mis ir subtiliai priglundan\u010dia forma, kuri suteikia stiling\u0105, rafinuot\u0105 \u012fvaizd\u012f. Elastingas juosmuo ir tampr\u016bs audiniai leid\u017eia m\u0117gautis visapusi\u0161ku komfortu, neprarandant eleganti\u0161ko \u012fvaizd\u017eio. Nesvarbu, ar derinsite jas su laisvais mar\u0161kiniais, ar aptempta palaidine, jos taps j\u016bs\u0173 drabu\u017ei\u0173 spintos pagrindu, kuris visada madingas ir visuomet paruo\u0161tas pavergti \u017evilgsnius.","og_url":"https:\/\/madoskampas.lt\/et\/product-2\/kelnes-eko-odos-su-pasiltinimu\/","og_site_name":"MadosKampas.lt","article_modified_time":"2026-04-10T09:25:12+00:00","og_image":[{"width":1440,"height":2560,"url":"https:\/\/madoskampas.lt\/wp-content\/uploads\/2024\/11\/img_9219-scaled.jpeg","type":"image\/jpeg"}],"twitter_card":"summary_large_image","twitter_misc":{"Est. reading time":"2 minutit"},"schema":{"@context":"https:\/\/schema.org","@graph":[{"@type":"WebPage","@id":"https:\/\/madoskampas.lt\/produktas\/kelnes-eko-odos-su-pasiltinimu\/","url":"https:\/\/madoskampas.lt\/produktas\/kelnes-eko-odos-su-pasiltinimu\/","name":"Keln\u0117s eko odos su pa\u0161iltinimu - MadosKampas.lt","isPartOf":{"@id":"https:\/\/madoskampas.lt\/#website"},"primaryImageOfPage":{"@id":"https:\/\/madoskampas.lt\/produktas\/kelnes-eko-odos-su-pasiltinimu\/#primaryimage"},"image":{"@id":"https:\/\/madoskampas.lt\/produktas\/kelnes-eko-odos-su-pasiltinimu\/#primaryimage"},"thumbnailUrl":"https:\/\/madoskampas.lt\/wp-content\/uploads\/2024\/11\/img_9219-scaled.jpeg","datePublished":"2024-11-12T13:41:09+00:00","dateModified":"2026-04-10T09:25:12+00:00","breadcrumb":{"@id":"https:\/\/madoskampas.lt\/produktas\/kelnes-eko-odos-su-pasiltinimu\/#breadcrumb"},"inLanguage":"et","potentialAction":[{"@type":"ReadAction","target":["https:\/\/madoskampas.lt\/produktas\/kelnes-eko-odos-su-pasiltinimu\/"]}]},{"@type":"ImageObject","inLanguage":"et","@id":"https:\/\/madoskampas.lt\/produktas\/kelnes-eko-odos-su-pasiltinimu\/#primaryimage","url":"https:\/\/madoskampas.lt\/wp-content\/uploads\/2024\/11\/img_9219-scaled.jpeg","contentUrl":"https:\/\/madoskampas.lt\/wp-content\/uploads\/2024\/11\/img_9219-scaled.jpeg","width":1440,"height":2560},{"@type":"BreadcrumbList","@id":"https:\/\/madoskampas.lt\/produktas\/kelnes-eko-odos-su-pasiltinimu\/#breadcrumb","itemListElement":[{"@type":"ListItem","position":1,"name":"Home","item":"https:\/\/madoskampas.lt\/"},{"@type":"ListItem","position":2,"name":"Parduotuv\u0117","item":"https:\/\/madoskampas.lt\/parduotuve-2\/"},{"@type":"ListItem","position":3,"name":"Keln\u0117s eko odos su pa\u0161iltinimu"}]},{"@type":"WebSite","@id":"https:\/\/madoskampas.lt\/#website","url":"https:\/\/madoskampas.lt\/","name":"FashionKampas.lt","description":"Stiilsed riided naistele","potentialAction":[{"@type":"SearchAction","target":{"@type":"EntryPoint","urlTemplate":"https:\/\/madoskampas.lt\/?s={search_term_string}"},"query-input":{"@type":"PropertyValueSpecification","valueRequired":true,"valueName":"search_term_string"}}],"inLanguage":"et"}]}},"uagb_featured_image_src":{"full":["https:\/\/madoskampas.lt\/wp-content\/uploads\/2024\/11\/img_9219-scaled.jpeg",1440,2560,false],"thumbnail":["https:\/\/madoskampas.lt\/wp-content\/uploads\/2024\/11\/img_9219-150x150.jpeg",150,150,true],"medium":["https:\/\/madoskampas.lt\/wp-content\/uploads\/2024\/11\/img_9219-169x300.jpeg",169,300,true],"medium_large":["https:\/\/madoskampas.lt\/wp-content\/uploads\/2024\/11\/img_9219-768x1365.jpeg",768,1365,true],"large":["https:\/\/madoskampas.lt\/wp-content\/uploads\/2024\/11\/img_9219-576x1024.jpeg",576,1024,true],"1536x1536":["https:\/\/madoskampas.lt\/wp-content\/uploads\/2024\/11\/img_9219-864x1536.jpeg",864,1536,true],"2048x2048":["https:\/\/madoskampas.lt\/wp-content\/uploads\/2024\/11\/img_9219-1152x2048.jpeg",1152,2048,true],"trp-custom-language-flag":["https:\/\/madoskampas.lt\/wp-content\/uploads\/2024\/11\/img_9219-scaled.jpeg",7,12,false],"nova-image-square":["https:\/\/madoskampas.lt\/wp-content\/uploads\/2024\/11\/img_9219-1100x1100.jpeg",1100,1100,true],"mixtas-product-03":["https:\/\/madoskampas.lt\/wp-content\/uploads\/2024\/11\/img_9219-600x345.jpeg",600,345,true],"woocommerce_thumbnail":["https:\/\/madoskampas.lt\/wp-content\/uploads\/2024\/11\/img_9219-700x700.jpeg",700,700,true],"woocommerce_single":["https:\/\/madoskampas.lt\/wp-content\/uploads\/2024\/11\/img_9219-1000x1777.jpeg",1000,1777,true],"woocommerce_gallery_thumbnail":["https:\/\/madoskampas.lt\/wp-content\/uploads\/2024\/11\/img_9219-250x250.jpeg",250,250,true],"variation_swatches_image_size":["https:\/\/madoskampas.lt\/wp-content\/uploads\/2024\/11\/img_9219-50x50.jpeg",50,50,true],"variation_swatches_tooltip_size":["https:\/\/madoskampas.lt\/wp-content\/uploads\/2024\/11\/img_9219-100x100.jpeg",100,100,true]},"uagb_author_info":{"display_name":"algirdasbart","author_link":"https:\/\/madoskampas.lt\/et\/author\/"},"uagb_comment_info":0,"uagb_excerpt":"Eleganti\u0161kos ekoodos keln\u0117s \u2013 tai prabanga ir komfortas viename, sukurtos \u0161iuolaiki\u0161kai moteriai, vertinan\u010diai stili\u0173 ir patogum\u0105. Keln\u0117s pagamintos i\u0161 auk\u0161tos kokyb\u0117s ekologi\u0161kos odos, kuri atrodo kaip tikra oda, bet yra draugi\u0161kesn\u0117 aplinkai. \u0160is modelis yra prieinamas dviej\u0173 eleganti\u0161k\u0173 spalv\u0173 \u2013 klasikin\u0117s juodos ir \u0161okolado, puikiai tinkan\u010di\u0173 \u012fvairioms progoms bei deriniams. Prieinam\u0173 dyd\u017ei\u0173 \u012fvairov\u0117 (XS, S,&hellip;","jetpack_sharing_enabled":true,"_links":{"self":[{"href":"https:\/\/madoskampas.lt\/et\/wp-json\/wp\/v2\/product\/7990","targetHints":{"allow":["GET"]}}],"collection":[{"href":"https:\/\/madoskampas.lt\/et\/wp-json\/wp\/v2\/product"}],"about":[{"href":"https:\/\/madoskampas.lt\/et\/wp-json\/wp\/v2\/types\/product"}],"replies":[{"embeddable":true,"href":"https:\/\/madoskampas.lt\/et\/wp-json\/wp\/v2\/comments?post=7990"}],"wp:featuredmedia":[{"embeddable":true,"href":"https:\/\/madoskampas.lt\/et\/wp-json\/wp\/v2\/media\/20831"}],"wp:attachment":[{"href":"https:\/\/madoskampas.lt\/et\/wp-json\/wp\/v2\/media?parent=7990"}],"wp:term":[{"taxonomy":"product_brand","embeddable":true,"href":"https:\/\/madoskampas.lt\/et\/wp-json\/wp\/v2\/product_brand?post=7990"},{"taxonomy":"product_cat","embeddable":true,"href":"https:\/\/madoskampas.lt\/et\/wp-json\/wp\/v2\/product_cat?post=7990"},{"taxonomy":"product_tag","embeddable":true,"href":"https:\/\/madoskampas.lt\/et\/wp-json\/wp\/v2\/product_tag?post=7990"}],"curies":[{"name":"wp","href":"https:\/\/api.w.org\/{rel}","templated":true}]}}