{"id":11,"date":"2024-02-29T17:57:43","date_gmt":"2024-02-29T17:57:43","guid":{"rendered":"https:\/\/madoskampas.lt\/?page_id=11"},"modified":"2025-04-01T07:34:14","modified_gmt":"2025-04-01T07:34:14","slug":"atmaksa","status":"publish","type":"page","link":"https:\/\/madoskampas.lt\/lv\/atmaksa\/","title":{"rendered":"Naudas un pre\u010du atgrie\u0161anas politika"},"content":{"rendered":"<div data-elementor-type=\"wp-page\" data-elementor-id=\"11\" class=\"elementor elementor-11\" data-elementor-post-type=\"page\">\n\t\t\t\t<div class=\"elementor-element elementor-element-5dbaa928 e-flex e-con-boxed kitify-col-width-auto-no ignore-docs-style-no kitify-disable-relative-no e-root-container elementor-top-section e-con e-parent\" data-id=\"5dbaa928\" data-element_type=\"container\" data-e-type=\"container\">\n\t\t\t\t\t<div class=\"e-con-inner\">\n\t\t\t\t<div class=\"elementor-element elementor-element-582ff59f elementor-widget elementor-widget-text-editor\" data-id=\"582ff59f\" data-element_type=\"widget\" data-e-type=\"widget\" data-widget_type=\"text-editor.default\">\n\t\t\t\t<div class=\"elementor-widget-container\">\n\t\t\t\t\t\t\t\t\t<h1>Naudas un pre\u010du atgrie\u0161anas politika<\/h1>\n<p>Preces var atgriezt 14 dienu laik\u0101 p\u0113c to ieg\u0101des.<\/p>\n<p>Atmaks\u0101jam\u0101s naudas summas tiek atmaks\u0101tas 14 dienu laik\u0101 p\u0113c atgriezt\u0101s preces nog\u0101d\u0101\u0161anas veikal\u0101.<\/p>\n<p style=\"font-size: 16px;\"><span style=\"font-size: inherit; color: var( --e-global-color-text ); text-align: var(--text-align); background-color: var(--site-bg-color); font-family: var(--site-main-font); font-weight: var(--site-font-weight);\">Preces ar atlaidi var apmain\u012bt pret cit\u0101m prec\u0113m vai pret cita izm\u0113ra prec\u0113m!<\/span><\/p>\n<p>Atgrie\u0161anas noteikumi:<br>Ja v\u0113laties atgriezt vai apmain\u012bt produktu, to varat izdar\u012bt 14 dienu laik\u0101 p\u0113c pirkuma datuma.<br>Nauda tiek atmaks\u0101ta uz pirc\u0113ja nor\u0101d\u012bto kontu 14 dienu laik\u0101.<br>Ja par preci tika samaks\u0101ts ar bankas p\u0101rskait\u012bjumu vai sa\u0146em\u0161anas br\u012bd\u012b, nauda tiks atmaks\u0101ta uz atgrie\u0161anas pazi\u0146ojum\u0101 nor\u0101d\u012bto kontu.<br>Ja maks\u0101jums tika veikts ar kred\u012btkarti, nauda tiek atmaks\u0101ta uz to pa\u0161u kontu, izmantojot j\u016bsu izv\u0113l\u0113to sist\u0113mu.<br>Atgrie\u017eot preces Pirc\u0113jam, ir j\u0101iev\u0113ro \u0161\u0101di nosac\u012bjumi: atgrieztaj\u0101m prec\u0113m j\u0101b\u016bt ori\u0123in\u0101laj\u0101 iepakojum\u0101 lab\u0101 st\u0101vokl\u012b; prec\u0113m j\u0101b\u016bt neboj\u0101t\u0101m; prec\u0113m j\u0101b\u016bt nelietot\u0101m un nezaud\u0113ju\u0161\u0101m savu komerci\u0101lo izskatu (bez boj\u0101t\u0101m eti\u0137et\u0113m, aizsargpl\u0113v\u0113m utt.) (\u0161is punkts neattiecas uz zemas kvalit\u0101tes pre\u010du atgrie\u0161anu); atgrieztaj\u0101m prec\u0113m j\u0101b\u016bt t\u0101d\u0101 pa\u0161\u0101 st\u0101vokl\u012b, k\u0101d\u0101 Pirc\u0113js t\u0101s sa\u0146\u0113ma.<br>Atgriezt\u0101 prece nedr\u012bkst b\u016bt n\u0113s\u0101ta, tai j\u0101b\u016bt lab\u0101 st\u0101vokl\u012b un nedr\u012bkst b\u016bt zaud\u0113jusi savu s\u0101kotn\u0113jo izskatu.<br>J\u016bs varat atgriezt izstr\u0101d\u0101jumu, lai to apmain\u012btu pret cita izm\u0113ra vai mode\u013ca izstr\u0101d\u0101jumu.&nbsp;<\/p>\n<p>J\u016bs varat veikt labiek\u0101rto\u0161anu \u0161eit:&nbsp;<a href=\"https:\/\/grazinimai.omniva.lt\/parduotuves\/madoskampas-lt\">https:\/\/grazinimai.omniva.lt\/parduotuves\/madoskampas-lt<\/a><\/p>\t\t\t\t\t\t\t\t<\/div>\n\t\t\t\t<\/div>\n\t\t\t\t\t<\/div>\n\t\t\t\t<\/div>\n\t\t\t\t<\/div>","protected":false},"excerpt":{"rendered":"<p>Naudas un atgrie\u0161anas politika Preces var atgriezt 14 dienu laik\u0101 p\u0113c ieg\u0101des Naudu var atgriezt 14 dienu laik\u0101 p\u0113c atgriezt\u0101s preces pieg\u0101des veikal\u0101 Atlaides preces tiek apmain\u012btas pret cit\u0101m prec\u0113m vai pret cita izm\u0113ra prec\u0113m! Atgrie\u0161anas politika: Ja v\u0113laties atgriezt vai apmain\u012bt pirkumu, to varat izdar\u012bt 14 dienu laik\u0101 no pirkuma datuma. naudas atmaksa tiek veikta uz pirc\u0113ja nor\u0101d\u012bto kontu 14 dienu laik\u0101 no pirkuma datuma.....<\/p>","protected":false},"author":1,"featured_media":0,"parent":0,"menu_order":0,"comment_status":"closed","ping_status":"closed","template":"","meta":{"_uag_custom_page_level_css":"","_monsterinsights_skip_tracking":false,"_monsterinsights_sitenote_active":false,"_monsterinsights_sitenote_note":"","_monsterinsights_sitenote_category":0,"footnotes":""},"class_list":["post-11","page","type-page","status-publish","hentry"],"yoast_head":"<!-- This site is optimized with the Yoast SEO plugin v27.6 - https:\/\/yoast.com\/product\/yoast-seo-wordpress\/ -->\n<title>Pinig\u0173 ir preki\u0173 gr\u0105\u017einimo politika - MadosKampas.lt<\/title>\n<meta name=\"robots\" content=\"index, follow, max-snippet:-1, max-image-preview:large, max-video-preview:-1\" \/>\n<link rel=\"canonical\" href=\"https:\/\/madoskampas.lt\/lv\/atmaksa\/\" \/>\n<meta property=\"og:locale\" content=\"lv_LV\" \/>\n<meta property=\"og:type\" content=\"article\" \/>\n<meta property=\"og:title\" content=\"Pinig\u0173 ir preki\u0173 gr\u0105\u017einimo politika - MadosKampas.lt\" \/>\n<meta property=\"og:description\" content=\"Pinig\u0173 ir preki\u0173 gr\u0105\u017einimo politika Prekes galima gr\u0105\u017einti per 14 d. nuo prek\u0117s \u012fsigijimo Pinigai gr\u0105\u017einami per 14 d. nuo gr\u0105\u017einamos prek\u0117s pristatymo parduotuvei Prek\u0117s su nuolaida kei\u010diamos \u012f kitas prekes ar \u012f kit\u0105 dyd\u012f! Gr\u0105\u017einimo taisykl\u0117s:Jeigu nor\u0117site gr\u0105\u017einti ar pakeisti \u012fsigyt\u0105 prek\u0119, tai gal\u0117site padaryti per 14 dien\u0173 nuo prek\u0117s \u012fsigyjimo dienos.Pinigai \u012f pirk\u0117jo nurodyt\u0105 s\u0105skait\u0105 yra gr\u0105\u017einami per\u2026\" \/>\n<meta property=\"og:url\" content=\"https:\/\/madoskampas.lt\/lv\/atmaksa\/\" \/>\n<meta property=\"og:site_name\" content=\"MadosKampas.lt\" \/>\n<meta property=\"article:modified_time\" content=\"2025-04-01T07:34:14+00:00\" \/>\n<meta name=\"twitter:card\" content=\"summary_large_image\" \/>\n<meta name=\"twitter:label1\" content=\"Est. reading time\" \/>\n\t<meta name=\"twitter:data1\" content=\"1 min\u016bte\" \/>\n<script type=\"application\/ld+json\" class=\"yoast-schema-graph\">{\"@context\":\"https:\\\/\\\/schema.org\",\"@graph\":[{\"@type\":\"WebPage\",\"@id\":\"https:\\\/\\\/madoskampas.lt\\\/grazinimas\\\/\",\"url\":\"https:\\\/\\\/madoskampas.lt\\\/grazinimas\\\/\",\"name\":\"Pinig\u0173 ir preki\u0173 gr\u0105\u017einimo politika - MadosKampas.lt\",\"isPartOf\":{\"@id\":\"https:\\\/\\\/madoskampas.lt\\\/#website\"},\"datePublished\":\"2024-02-29T17:57:43+00:00\",\"dateModified\":\"2025-04-01T07:34:14+00:00\",\"breadcrumb\":{\"@id\":\"https:\\\/\\\/madoskampas.lt\\\/grazinimas\\\/#breadcrumb\"},\"inLanguage\":\"lv-LV\",\"potentialAction\":[{\"@type\":\"ReadAction\",\"target\":[\"https:\\\/\\\/madoskampas.lt\\\/grazinimas\\\/\"]}]},{\"@type\":\"BreadcrumbList\",\"@id\":\"https:\\\/\\\/madoskampas.lt\\\/grazinimas\\\/#breadcrumb\",\"itemListElement\":[{\"@type\":\"ListItem\",\"position\":1,\"name\":\"Home\",\"item\":\"https:\\\/\\\/madoskampas.lt\\\/\"},{\"@type\":\"ListItem\",\"position\":2,\"name\":\"Pinig\u0173 ir preki\u0173 gr\u0105\u017einimo politika\"}]},{\"@type\":\"WebSite\",\"@id\":\"https:\\\/\\\/madoskampas.lt\\\/#website\",\"url\":\"https:\\\/\\\/madoskampas.lt\\\/\",\"name\":\"MadosKampas.lt\",\"description\":\"Stilingi drabu\u017eiai moterims\",\"potentialAction\":[{\"@type\":\"SearchAction\",\"target\":{\"@type\":\"EntryPoint\",\"urlTemplate\":\"https:\\\/\\\/madoskampas.lt\\\/?s={search_term_string}\"},\"query-input\":{\"@type\":\"PropertyValueSpecification\",\"valueRequired\":true,\"valueName\":\"search_term_string\"}}],\"inLanguage\":\"lv-LV\"}]}<\/script>\n<!-- \/ Yoast SEO plugin. -->","yoast_head_json":{"title":"Naudas un produktu atgrie\u0161anas politika - MadosKampas.lt","robots":{"index":"index","follow":"follow","max-snippet":"max-snippet:-1","max-image-preview":"max-image-preview:large","max-video-preview":"max-video-preview:-1"},"canonical":"https:\/\/madoskampas.lt\/lv\/atmaksa\/","og_locale":"lv_LV","og_type":"article","og_title":"Pinig\u0173 ir preki\u0173 gr\u0105\u017einimo politika - MadosKampas.lt","og_description":"Pinig\u0173 ir preki\u0173 gr\u0105\u017einimo politika Prekes galima gr\u0105\u017einti per 14 d. nuo prek\u0117s \u012fsigijimo Pinigai gr\u0105\u017einami per 14 d. nuo gr\u0105\u017einamos prek\u0117s pristatymo parduotuvei Prek\u0117s su nuolaida kei\u010diamos \u012f kitas prekes ar \u012f kit\u0105 dyd\u012f! Gr\u0105\u017einimo taisykl\u0117s:Jeigu nor\u0117site gr\u0105\u017einti ar pakeisti \u012fsigyt\u0105 prek\u0119, tai gal\u0117site padaryti per 14 dien\u0173 nuo prek\u0117s \u012fsigyjimo dienos.Pinigai \u012f pirk\u0117jo nurodyt\u0105 s\u0105skait\u0105 yra gr\u0105\u017einami per\u2026","og_url":"https:\/\/madoskampas.lt\/lv\/atmaksa\/","og_site_name":"MadosKampas.lt","article_modified_time":"2025-04-01T07:34:14+00:00","twitter_card":"summary_large_image","twitter_misc":{"Est. reading time":"1 min\u016bte"},"schema":{"@context":"https:\/\/schema.org","@graph":[{"@type":"WebPage","@id":"https:\/\/madoskampas.lt\/grazinimas\/","url":"https:\/\/madoskampas.lt\/grazinimas\/","name":"Naudas un produktu atgrie\u0161anas politika - MadosKampas.lt","isPartOf":{"@id":"https:\/\/madoskampas.lt\/#website"},"datePublished":"2024-02-29T17:57:43+00:00","dateModified":"2025-04-01T07:34:14+00:00","breadcrumb":{"@id":"https:\/\/madoskampas.lt\/grazinimas\/#breadcrumb"},"inLanguage":"lv-LV","potentialAction":[{"@type":"ReadAction","target":["https:\/\/madoskampas.lt\/grazinimas\/"]}]},{"@type":"BreadcrumbList","@id":"https:\/\/madoskampas.lt\/grazinimas\/#breadcrumb","itemListElement":[{"@type":"ListItem","position":1,"name":"Home","item":"https:\/\/madoskampas.lt\/"},{"@type":"ListItem","position":2,"name":"Pinig\u0173 ir preki\u0173 gr\u0105\u017einimo politika"}]},{"@type":"WebSite","@id":"https:\/\/madoskampas.lt\/#website","url":"https:\/\/madoskampas.lt\/","name":"FashionKampas.lt","description":"Stil\u012bgs ap\u0123\u0113rbs sieviet\u0113m","potentialAction":[{"@type":"SearchAction","target":{"@type":"EntryPoint","urlTemplate":"https:\/\/madoskampas.lt\/?s={search_term_string}"},"query-input":{"@type":"PropertyValueSpecification","valueRequired":true,"valueName":"search_term_string"}}],"inLanguage":"lv-LV"}]}},"uagb_featured_image_src":{"full":false,"thumbnail":false,"medium":false,"medium_large":false,"large":false,"1536x1536":false,"2048x2048":false,"trp-custom-language-flag":false,"nova-image-square":false,"mixtas-product-03":false,"woocommerce_thumbnail":false,"woocommerce_single":false,"woocommerce_gallery_thumbnail":false,"variation_swatches_image_size":false,"variation_swatches_tooltip_size":false},"uagb_author_info":{"display_name":"Danielius","author_link":"https:\/\/madoskampas.lt\/lv\/author\/danielius\/"},"uagb_comment_info":0,"uagb_excerpt":"Pinig\u0173 ir preki\u0173 gr\u0105\u017einimo politika Prekes galima gr\u0105\u017einti per 14 d. nuo prek\u0117s \u012fsigijimo Pinigai gr\u0105\u017einami per 14 d. nuo gr\u0105\u017einamos prek\u0117s pristatymo parduotuvei Prek\u0117s su nuolaida kei\u010diamos \u012f kitas prekes ar \u012f kit\u0105 dyd\u012f! Gr\u0105\u017einimo taisykl\u0117s:Jeigu nor\u0117site gr\u0105\u017einti ar pakeisti \u012fsigyt\u0105 prek\u0119, tai gal\u0117site padaryti per 14 dien\u0173 nuo prek\u0117s \u012fsigyjimo dienos.Pinigai \u012f pirk\u0117jo&hellip;","jetpack_sharing_enabled":true,"_links":{"self":[{"href":"https:\/\/madoskampas.lt\/lv\/wp-json\/wp\/v2\/pages\/11","targetHints":{"allow":["GET"]}}],"collection":[{"href":"https:\/\/madoskampas.lt\/lv\/wp-json\/wp\/v2\/pages"}],"about":[{"href":"https:\/\/madoskampas.lt\/lv\/wp-json\/wp\/v2\/types\/page"}],"author":[{"embeddable":true,"href":"https:\/\/madoskampas.lt\/lv\/wp-json\/wp\/v2\/users\/1"}],"replies":[{"embeddable":true,"href":"https:\/\/madoskampas.lt\/lv\/wp-json\/wp\/v2\/comments?post=11"}],"version-history":[{"count":19,"href":"https:\/\/madoskampas.lt\/lv\/wp-json\/wp\/v2\/pages\/11\/revisions"}],"predecessor-version":[{"id":13421,"href":"https:\/\/madoskampas.lt\/lv\/wp-json\/wp\/v2\/pages\/11\/revisions\/13421"}],"wp:attachment":[{"href":"https:\/\/madoskampas.lt\/lv\/wp-json\/wp\/v2\/media?parent=11"}],"curies":[{"name":"wp","href":"https:\/\/api.w.org\/{rel}","templated":true}]}}