{"id":12930,"date":"2025-03-19T10:01:25","date_gmt":"2025-03-19T10:01:25","guid":{"rendered":"https:\/\/madoskampas.lt\/?post_type=product&#038;p=12930"},"modified":"2026-03-19T13:07:29","modified_gmt":"2026-03-19T13:07:29","slug":"metelis-svarkas-royal-softness","status":"publish","type":"product","link":"https:\/\/madoskampas.lt\/lv\/product\/metelis-svarkas-royal-softness\/","title":{"rendered":"Royal Softness m\u0113telis\/krekls\u201e"},"content":{"rendered":"<p data-start=\"107\" data-end=\"446\">Kad komforts satiekas ar grezn\u012bbu - <strong data-start=\"152\" data-end=\"172\">\u201eKaralisk\u0101 maigums\u201c<\/strong> jaka. \u0160is modelis ir <strong data-start=\"198\" data-end=\"245\">silts, m\u012bksts un ar perfektu siluetu<\/strong>, lieliski piem\u0113rots gan ikdienai, gan \u012bpa\u0161iem gad\u012bjumiem. <strong data-start=\"306\" data-end=\"341\">Dubult\u0101 zelta pogu rinda<\/strong> sniedz elegantu grezn\u012bbas saj\u016btu un <strong data-start=\"384\" data-end=\"413\">kvalitat\u012bvu audumu kombin\u0101cija<\/strong> garant\u0113 ilgsto\u0161u valk\u0101\u0161anu.<\/p>\n<p data-start=\"448\" data-end=\"603\">Izgatavots no <strong data-start=\"462\" data-end=\"478\">38.4% vilna<\/strong>, <strong data-start=\"480\" data-end=\"497\">15.3% angoros<\/strong>, <strong data-start=\"499\" data-end=\"517\">22.8% viskoze<\/strong> un <strong data-start=\"521\" data-end=\"542\">23.5% poliesteris<\/strong>, \u0161\u012b jaka ir <strong data-start=\"560\" data-end=\"600\">\u012bpa\u0161i m\u012bksta, silta un pat\u012bkama \u0101dai<\/strong>.<\/p>\n<p data-start=\"605\" data-end=\"1133\"><strong data-start=\"605\" data-end=\"617\">Funkcijas:<\/strong><br data-start=\"617\" data-end=\"620\" \/>\u2714 <strong data-start=\"622\" data-end=\"644\">Univers\u0101ls izm\u0113rs:<\/strong> piem\u0113rots no <strong data-start=\"659\" data-end=\"670\">S l\u012bdz L<\/strong>.<br data-start=\"671\" data-end=\"674\" \/>\u2714 <strong data-start=\"676\" data-end=\"692\">Izm\u0113ri:<\/strong> garums - <strong data-start=\"701\" data-end=\"710\">60 cm<\/strong>, kr\u016b\u0161u apk\u0101rtm\u0113rs - <strong data-start=\"731\" data-end=\"740\">53 cm<\/strong>.<br data-start=\"741\" data-end=\"744\" \/>\u2714 <strong data-start=\"746\" data-end=\"781\">Eleganta dubult\u0101 aizdare<\/strong> ar dekorat\u012bv\u0101m zelta pog\u0101m.<br data-start=\"823\" data-end=\"826\" \/>\u2714 <strong data-start=\"828\" data-end=\"858\">Perfekta audumu kombin\u0101cija<\/strong> - Vilna un angora nodro\u0161ina siltumu, bet viskoze ar poliesteri - strukt\u016bru un iztur\u012bbu.<br data-start=\"956\" data-end=\"959\" \/>\u2714 <strong data-start=\"961\" data-end=\"986\">Funkcion\u0101las kabatas<\/strong>, kas palielina praktiskumu.<br data-start=\"1016\" data-end=\"1019\" \/>\u2714 <strong data-start=\"1021\" data-end=\"1041\">Pieejam\u0101s kr\u0101sas:<\/strong> klasiskais <strong data-start=\"1052\" data-end=\"1063\">kr\u0113mveida<\/strong>, grezni maiga <strong data-start=\"1084\" data-end=\"1094\">roz\u0101<\/strong> un daudzpus\u012bgs <strong data-start=\"1110\" data-end=\"1130\">b\u0113\u0161s tonis<\/strong>.<\/p>\n<p data-start=\"1135\" data-end=\"1285\"><strong data-start=\"1135\" data-end=\"1151\">K\u0101 valk\u0101t?<\/strong><br data-start=\"1151\" data-end=\"1154\" \/>Lieliski sader ar d\u017einsiem un t-kreklu, lai izskat\u012btos ikdieni\u0161\u0137i, vai ar elegantu kleitu un augstpap\u0113\u017eu kurp\u0113m \u012bpa\u0161am gad\u012bjumam.<\/p>\n<p data-start=\"1287\" data-end=\"1361\" data-is-last-node=\"\" data-is-only-node=\"\"><em data-start=\"1287\" data-end=\"1361\" data-is-last-node=\"\">\u201eRoyal Softness\u201c - kad maigums un elegance k\u013c\u016bst par ikdienas sast\u0101vda\u013cu!<\/em><\/p>","protected":false},"excerpt":{"rendered":"<p>Kad komforts satiekas ar grezn\u012bbu, rodas jaka Royal Softness Jacket. Silta, m\u012bksta un ar perfektu siluetu, t\u0101 ir lieliska izv\u0113le gan ikdienai, gan \u012bpa\u0161iem gad\u012bjumiem. Dubult\u0101 zelta pogu rinda pie\u0161\u0137ir tai eleganti greznu izskatu, savuk\u0101rt kvalitat\u012bvu audumu kombin\u0101cija garant\u0113 ilgm\u016b\u017e\u012bgu valk\u0101\u0161anu. Izgatavota no 38,4% vilnas, 15,3% angoras, 22,8% viskozes un 23,5% poliestera, \u0161\u012b jaka ir \u0101rk\u0101rt\u012bgi m\u012bksta, silta un \u0113rta...<\/p>","protected":false},"featured_media":12827,"comment_status":"open","ping_status":"closed","template":"","meta":{"_uag_custom_page_level_css":"","_monsterinsights_skip_tracking":false,"_monsterinsights_sitenote_active":false,"_monsterinsights_sitenote_note":"","_monsterinsights_sitenote_category":0},"product_brand":[],"product_cat":[66,77,79],"product_tag":[],"class_list":{"0":"post-12930","1":"product","2":"type-product","3":"status-publish","4":"has-post-thumbnail","6":"product_cat-drabuziai","7":"product_cat-striukes-paltai","8":"product_cat-svarkai","9":"tm-has-options","11":"first","12":"instock","13":"shipping-taxable","14":"purchasable","15":"product-type-variable"},"yoast_head":"<!-- This site is optimized with the Yoast SEO plugin v27.3 - https:\/\/yoast.com\/product\/yoast-seo-wordpress\/ -->\n<title>Paltukas\/\u0161varkas &quot;Royal Softness\u201c - MadosKampas.lt<\/title>\n<meta name=\"robots\" content=\"index, follow, max-snippet:-1, max-image-preview:large, max-video-preview:-1\" \/>\n<link rel=\"canonical\" href=\"https:\/\/madoskampas.lt\/lv\/product\/metelis-svarkas-royal-softness\/\" \/>\n<meta property=\"og:locale\" content=\"lv_LV\" \/>\n<meta property=\"og:type\" content=\"article\" \/>\n<meta property=\"og:title\" content=\"Paltukas\/\u0161varkas &quot;Royal Softness\u201c - MadosKampas.lt\" \/>\n<meta property=\"og:description\" content=\"Kai komfortas susitinka su prabanga \u2013 gimsta \u201eRoyal Softness\u201c \u0161varkas. \u0160is modelis yra \u0161iltas, mink\u0161tas ir nepriekai\u0161tingo silueto, puikiai tinkantis tiek kasdienai, tiek ypatingoms progoms. Dviguba eil\u0117 aukso spalvos sag\u0173 suteikia eleganti\u0161ko prabangos poj\u016b\u010dio, o kokybi\u0161k\u0173 audini\u0173 derinys garantuoja ilgalaik\u012f d\u0117v\u0117jim\u0105. Pagamintas i\u0161 38.4% vilnos, 15.3% angoros, 22.8% viskoz\u0117s ir 23.5% poliesterio, \u0161is \u0161varkas yra itin \u0161velnus, \u0161iltas ir malonus\u2026\" \/>\n<meta property=\"og:url\" content=\"https:\/\/madoskampas.lt\/lv\/product\/metelis-svarkas-royal-softness\/\" \/>\n<meta property=\"og:site_name\" content=\"MadosKampas.lt\" \/>\n<meta property=\"article:modified_time\" content=\"2026-03-19T13:07:29+00:00\" \/>\n<meta property=\"og:image\" content=\"https:\/\/madoskampas.lt\/wp-content\/uploads\/2025\/03\/IMG_3878.jpeg\" \/>\n\t<meta property=\"og:image:width\" content=\"1536\" \/>\n\t<meta property=\"og:image:height\" content=\"2048\" \/>\n\t<meta property=\"og:image:type\" content=\"image\/jpeg\" \/>\n<meta name=\"twitter:card\" content=\"summary_large_image\" \/>\n<meta name=\"twitter:label1\" content=\"Est. reading time\" \/>\n\t<meta name=\"twitter:data1\" content=\"2 min\u016btes\" \/>\n<script type=\"application\/ld+json\" class=\"yoast-schema-graph\">{\"@context\":\"https:\\\/\\\/schema.org\",\"@graph\":[{\"@type\":\"WebPage\",\"@id\":\"https:\\\/\\\/madoskampas.lt\\\/produktas\\\/paltukas-svarkas-royal-softness\\\/\",\"url\":\"https:\\\/\\\/madoskampas.lt\\\/produktas\\\/paltukas-svarkas-royal-softness\\\/\",\"name\":\"Paltukas\\\/\u0161varkas \\\"Royal Softness\u201c - MadosKampas.lt\",\"isPartOf\":{\"@id\":\"https:\\\/\\\/madoskampas.lt\\\/#website\"},\"primaryImageOfPage\":{\"@id\":\"https:\\\/\\\/madoskampas.lt\\\/produktas\\\/paltukas-svarkas-royal-softness\\\/#primaryimage\"},\"image\":{\"@id\":\"https:\\\/\\\/madoskampas.lt\\\/produktas\\\/paltukas-svarkas-royal-softness\\\/#primaryimage\"},\"thumbnailUrl\":\"https:\\\/\\\/madoskampas.lt\\\/wp-content\\\/uploads\\\/2025\\\/03\\\/IMG_3878.jpeg\",\"datePublished\":\"2025-03-19T10:01:25+00:00\",\"dateModified\":\"2026-03-19T13:07:29+00:00\",\"breadcrumb\":{\"@id\":\"https:\\\/\\\/madoskampas.lt\\\/produktas\\\/paltukas-svarkas-royal-softness\\\/#breadcrumb\"},\"inLanguage\":\"lv-LV\",\"potentialAction\":[{\"@type\":\"ReadAction\",\"target\":[\"https:\\\/\\\/madoskampas.lt\\\/produktas\\\/paltukas-svarkas-royal-softness\\\/\"]}]},{\"@type\":\"ImageObject\",\"inLanguage\":\"lv-LV\",\"@id\":\"https:\\\/\\\/madoskampas.lt\\\/produktas\\\/paltukas-svarkas-royal-softness\\\/#primaryimage\",\"url\":\"https:\\\/\\\/madoskampas.lt\\\/wp-content\\\/uploads\\\/2025\\\/03\\\/IMG_3878.jpeg\",\"contentUrl\":\"https:\\\/\\\/madoskampas.lt\\\/wp-content\\\/uploads\\\/2025\\\/03\\\/IMG_3878.jpeg\",\"width\":1536,\"height\":2048},{\"@type\":\"BreadcrumbList\",\"@id\":\"https:\\\/\\\/madoskampas.lt\\\/produktas\\\/paltukas-svarkas-royal-softness\\\/#breadcrumb\",\"itemListElement\":[{\"@type\":\"ListItem\",\"position\":1,\"name\":\"Home\",\"item\":\"https:\\\/\\\/madoskampas.lt\\\/\"},{\"@type\":\"ListItem\",\"position\":2,\"name\":\"Parduotuv\u0117\",\"item\":\"https:\\\/\\\/madoskampas.lt\\\/parduotuve-2\\\/\"},{\"@type\":\"ListItem\",\"position\":3,\"name\":\"Paltukas\\\/\u0161varkas &#8222;Royal Softness\u201c\"}]},{\"@type\":\"WebSite\",\"@id\":\"https:\\\/\\\/madoskampas.lt\\\/#website\",\"url\":\"https:\\\/\\\/madoskampas.lt\\\/\",\"name\":\"MadosKampas.lt\",\"description\":\"Stilingi drabu\u017eiai moterims\",\"potentialAction\":[{\"@type\":\"SearchAction\",\"target\":{\"@type\":\"EntryPoint\",\"urlTemplate\":\"https:\\\/\\\/madoskampas.lt\\\/?s={search_term_string}\"},\"query-input\":{\"@type\":\"PropertyValueSpecification\",\"valueRequired\":true,\"valueName\":\"search_term_string\"}}],\"inLanguage\":\"lv-LV\"}]}<\/script>\n<!-- \/ Yoast SEO plugin. -->","yoast_head_json":{"title":"Royal Softness m\u0113te\u013ci\/\u0161alli - MadosKampas.lt","robots":{"index":"index","follow":"follow","max-snippet":"max-snippet:-1","max-image-preview":"max-image-preview:large","max-video-preview":"max-video-preview:-1"},"canonical":"https:\/\/madoskampas.lt\/lv\/product\/metelis-svarkas-royal-softness\/","og_locale":"lv_LV","og_type":"article","og_title":"Paltukas\/\u0161varkas \"Royal Softness\u201c - MadosKampas.lt","og_description":"Kai komfortas susitinka su prabanga \u2013 gimsta \u201eRoyal Softness\u201c \u0161varkas. \u0160is modelis yra \u0161iltas, mink\u0161tas ir nepriekai\u0161tingo silueto, puikiai tinkantis tiek kasdienai, tiek ypatingoms progoms. Dviguba eil\u0117 aukso spalvos sag\u0173 suteikia eleganti\u0161ko prabangos poj\u016b\u010dio, o kokybi\u0161k\u0173 audini\u0173 derinys garantuoja ilgalaik\u012f d\u0117v\u0117jim\u0105. Pagamintas i\u0161 38.4% vilnos, 15.3% angoros, 22.8% viskoz\u0117s ir 23.5% poliesterio, \u0161is \u0161varkas yra itin \u0161velnus, \u0161iltas ir malonus\u2026","og_url":"https:\/\/madoskampas.lt\/lv\/product\/metelis-svarkas-royal-softness\/","og_site_name":"MadosKampas.lt","article_modified_time":"2026-03-19T13:07:29+00:00","og_image":[{"width":1536,"height":2048,"url":"https:\/\/madoskampas.lt\/wp-content\/uploads\/2025\/03\/IMG_3878.jpeg","type":"image\/jpeg"}],"twitter_card":"summary_large_image","twitter_misc":{"Est. reading time":"2 min\u016btes"},"schema":{"@context":"https:\/\/schema.org","@graph":[{"@type":"WebPage","@id":"https:\/\/madoskampas.lt\/produktas\/paltukas-svarkas-royal-softness\/","url":"https:\/\/madoskampas.lt\/produktas\/paltukas-svarkas-royal-softness\/","name":"Royal Softness m\u0113te\u013ci\/\u0161alli - MadosKampas.lt","isPartOf":{"@id":"https:\/\/madoskampas.lt\/#website"},"primaryImageOfPage":{"@id":"https:\/\/madoskampas.lt\/produktas\/paltukas-svarkas-royal-softness\/#primaryimage"},"image":{"@id":"https:\/\/madoskampas.lt\/produktas\/paltukas-svarkas-royal-softness\/#primaryimage"},"thumbnailUrl":"https:\/\/madoskampas.lt\/wp-content\/uploads\/2025\/03\/IMG_3878.jpeg","datePublished":"2025-03-19T10:01:25+00:00","dateModified":"2026-03-19T13:07:29+00:00","breadcrumb":{"@id":"https:\/\/madoskampas.lt\/produktas\/paltukas-svarkas-royal-softness\/#breadcrumb"},"inLanguage":"lv-LV","potentialAction":[{"@type":"ReadAction","target":["https:\/\/madoskampas.lt\/produktas\/paltukas-svarkas-royal-softness\/"]}]},{"@type":"ImageObject","inLanguage":"lv-LV","@id":"https:\/\/madoskampas.lt\/produktas\/paltukas-svarkas-royal-softness\/#primaryimage","url":"https:\/\/madoskampas.lt\/wp-content\/uploads\/2025\/03\/IMG_3878.jpeg","contentUrl":"https:\/\/madoskampas.lt\/wp-content\/uploads\/2025\/03\/IMG_3878.jpeg","width":1536,"height":2048},{"@type":"BreadcrumbList","@id":"https:\/\/madoskampas.lt\/produktas\/paltukas-svarkas-royal-softness\/#breadcrumb","itemListElement":[{"@type":"ListItem","position":1,"name":"Home","item":"https:\/\/madoskampas.lt\/"},{"@type":"ListItem","position":2,"name":"Parduotuv\u0117","item":"https:\/\/madoskampas.lt\/parduotuve-2\/"},{"@type":"ListItem","position":3,"name":"Paltukas\/\u0161varkas &#8222;Royal Softness\u201c"}]},{"@type":"WebSite","@id":"https:\/\/madoskampas.lt\/#website","url":"https:\/\/madoskampas.lt\/","name":"FashionKampas.lt","description":"Stil\u012bgs ap\u0123\u0113rbs sieviet\u0113m","potentialAction":[{"@type":"SearchAction","target":{"@type":"EntryPoint","urlTemplate":"https:\/\/madoskampas.lt\/?s={search_term_string}"},"query-input":{"@type":"PropertyValueSpecification","valueRequired":true,"valueName":"search_term_string"}}],"inLanguage":"lv-LV"}]}},"uagb_featured_image_src":{"full":["https:\/\/madoskampas.lt\/wp-content\/uploads\/2025\/03\/IMG_3878.jpeg",1536,2048,false],"thumbnail":["https:\/\/madoskampas.lt\/wp-content\/uploads\/2025\/03\/IMG_3878-150x150.jpeg",150,150,true],"medium":["https:\/\/madoskampas.lt\/wp-content\/uploads\/2025\/03\/IMG_3878-225x300.jpeg",225,300,true],"medium_large":["https:\/\/madoskampas.lt\/wp-content\/uploads\/2025\/03\/IMG_3878-768x1024.jpeg",768,1024,true],"large":["https:\/\/madoskampas.lt\/wp-content\/uploads\/2025\/03\/IMG_3878-768x1024.jpeg",768,1024,true],"1536x1536":["https:\/\/madoskampas.lt\/wp-content\/uploads\/2025\/03\/IMG_3878-1152x1536.jpeg",1152,1536,true],"2048x2048":["https:\/\/madoskampas.lt\/wp-content\/uploads\/2025\/03\/IMG_3878.jpeg",1536,2048,false],"trp-custom-language-flag":["https:\/\/madoskampas.lt\/wp-content\/uploads\/2025\/03\/IMG_3878.jpeg",9,12,false],"nova-image-square":["https:\/\/madoskampas.lt\/wp-content\/uploads\/2025\/03\/IMG_3878-1100x1100.jpeg",1100,1100,true],"mixtas-product-03":["https:\/\/madoskampas.lt\/wp-content\/uploads\/2025\/03\/IMG_3878-600x345.jpeg",600,345,true],"woocommerce_thumbnail":["https:\/\/madoskampas.lt\/wp-content\/uploads\/2025\/03\/IMG_3878-700x700.jpeg",700,700,true],"woocommerce_single":["https:\/\/madoskampas.lt\/wp-content\/uploads\/2025\/03\/IMG_3878-1000x1333.jpeg",1000,1333,true],"woocommerce_gallery_thumbnail":["https:\/\/madoskampas.lt\/wp-content\/uploads\/2025\/03\/IMG_3878-250x250.jpeg",250,250,true],"variation_swatches_image_size":["https:\/\/madoskampas.lt\/wp-content\/uploads\/2025\/03\/IMG_3878-50x50.jpeg",50,50,true],"variation_swatches_tooltip_size":["https:\/\/madoskampas.lt\/wp-content\/uploads\/2025\/03\/IMG_3878-100x100.jpeg",100,100,true]},"uagb_author_info":{"display_name":"algirdasbart","author_link":"https:\/\/madoskampas.lt\/lv\/author\/"},"uagb_comment_info":0,"uagb_excerpt":"Kai komfortas susitinka su prabanga \u2013 gimsta \u201eRoyal Softness\u201c \u0161varkas. \u0160is modelis yra \u0161iltas, mink\u0161tas ir nepriekai\u0161tingo silueto, puikiai tinkantis tiek kasdienai, tiek ypatingoms progoms. Dviguba eil\u0117 aukso spalvos sag\u0173 suteikia eleganti\u0161ko prabangos poj\u016b\u010dio, o kokybi\u0161k\u0173 audini\u0173 derinys garantuoja ilgalaik\u012f d\u0117v\u0117jim\u0105. Pagamintas i\u0161 38.4% vilnos, 15.3% angoros, 22.8% viskoz\u0117s ir 23.5% poliesterio, \u0161is \u0161varkas yra&hellip;","jetpack_sharing_enabled":true,"_links":{"self":[{"href":"https:\/\/madoskampas.lt\/lv\/wp-json\/wp\/v2\/product\/12930","targetHints":{"allow":["GET"]}}],"collection":[{"href":"https:\/\/madoskampas.lt\/lv\/wp-json\/wp\/v2\/product"}],"about":[{"href":"https:\/\/madoskampas.lt\/lv\/wp-json\/wp\/v2\/types\/product"}],"replies":[{"embeddable":true,"href":"https:\/\/madoskampas.lt\/lv\/wp-json\/wp\/v2\/comments?post=12930"}],"wp:featuredmedia":[{"embeddable":true,"href":"https:\/\/madoskampas.lt\/lv\/wp-json\/wp\/v2\/media\/12827"}],"wp:attachment":[{"href":"https:\/\/madoskampas.lt\/lv\/wp-json\/wp\/v2\/media?parent=12930"}],"wp:term":[{"taxonomy":"product_brand","embeddable":true,"href":"https:\/\/madoskampas.lt\/lv\/wp-json\/wp\/v2\/product_brand?post=12930"},{"taxonomy":"product_cat","embeddable":true,"href":"https:\/\/madoskampas.lt\/lv\/wp-json\/wp\/v2\/product_cat?post=12930"},{"taxonomy":"product_tag","embeddable":true,"href":"https:\/\/madoskampas.lt\/lv\/wp-json\/wp\/v2\/product_tag?post=12930"}],"curies":[{"name":"wp","href":"https:\/\/api.w.org\/{rel}","templated":true}]}}