{"id":14904,"date":"2025-04-29T15:46:16","date_gmt":"2025-04-29T15:46:16","guid":{"rendered":"https:\/\/madoskampas.lt\/?post_type=product&#038;p=14904"},"modified":"2025-08-07T08:58:24","modified_gmt":"2025-08-07T08:58:24","slug":"liemenes-ir-sijono-rinkinys-safari-mood","status":"publish","type":"product","link":"https:\/\/madoskampas.lt\/lv\/product\/liemenes-ir-sijono-rinkinys-safari-mood\/","title":{"rendered":"Liemen\u0117s ir sijono rinkinys \u2013 \u201eSafari Mood\u201c"},"content":{"rendered":"<p><span class=\"html-span xexx8yu x4uap5 x18d9i69 xkhd6sd x1hl2dhg x16tdsg8 x1vvkbs x3nfvp2 x1j61x8r x1fcty0u xdj266r xat24cr xgzva0m xhhsvwb xxymvpz xlup9mm x1kky2od\"><img decoding=\"async\" class=\"xz74otr x168nmei x13lgxp2 x5pf9jr xo71vjh\" src=\"https:\/\/static.xx.fbcdn.net\/images\/emoji.php\/v9\/tcc\/2\/16\/1f4cd.png\" alt=\"\ud83d\udccd\" width=\"16\" height=\"16\" \/><\/span>Stilingas vasaros kostium\u0117lis \u2013 elegancija su prakti\u0161ku akcentu!<\/p>","protected":false},"excerpt":{"rendered":"<div class=\"xdj266r x11i5rnm xat24cr x1mh8g0r x1vvkbs x126k92a\">\n<div dir=\"auto\"><span class=\"html-span xexx8yu x4uap5 x18d9i69 xkhd6sd x1hl2dhg x16tdsg8 x1vvkbs x3nfvp2 x1j61x8r x1fcty0u xdj266r xat24cr xgzva0m xhhsvwb xxymvpz xlup9mm x1kky2od\"><img decoding=\"async\" class=\"xz74otr x168nmei x13lgxp2 x5pf9jr xo71vjh\" src=\"https:\/\/static.xx.fbcdn.net\/images\/emoji.php\/v9\/tcc\/2\/16\/1f4cd.png\" alt=\"\ud83d\udccd\" width=\"16\" height=\"16\" \/><\/span>Stilingas vasaros kostium\u0117lis \u2013 elegancija su prakti\u0161ku akcentu!<\/div>\n<\/div>\n<div class=\"x11i5rnm xat24cr x1mh8g0r x1vvkbs xtlvy1s x126k92a\">\n<div dir=\"auto\">\u0160is dviej\u0173 dali\u0173 moteri\u0161kas kostium\u0117lis puikiai dera tarp miesto elegancijos ir patogumo. Lengvas sm\u0117lio spalvos \u0161varkelis be rankovi\u0173 su dekoratyvin\u0117mis ki\u0161en\u0117mis stilingai papildo sijon\u0105 su priekyje esan\u010diu u\u017etrauktuku \u2013 j\u012f galima atsegti tiek funkcionalumui, tiek stiliaus detalei i\u0161ry\u0161kinti.<\/div>\n<\/div>\n<div class=\"x11i5rnm xat24cr x1mh8g0r x1vvkbs xtlvy1s x126k92a\">\n<div dir=\"auto\">S\u012bk\u0101ka inform\u0101cija:<\/div>\n<div dir=\"auto\">\u2022 \u0160varkelis be rankovi\u0173, u\u017esegamas sagomis, su ki\u0161en\u0117mis<\/div>\n<div dir=\"auto\">\u2022 Sijonas su elastingu liemeniu ir u\u017etrauktuku priekyje, kur\u012f galima atsegti<\/div>\n<div dir=\"auto\">\u2022 Dry\u017euotas pamu\u0161alas suteikia \u017eaismingumo ir \u0161vie\u017eumo<\/div>\n<\/div>\n<div class=\"x11i5rnm xat24cr x1mh8g0r x1vvkbs xtlvy1s x126k92a\">\n<div dir=\"auto\">Izm\u0113ri:<\/div>\n<div dir=\"auto\">\u2022 \u0160varkelio ilgis: ~55 cm<\/div>\n<div dir=\"auto\">\u2022 Kr\u016btin\u0117: ~51,5 cm<\/div>\n<div dir=\"auto\">\u2022 Liemuo: ~37 cm (pasitempia iki ~47 cm)<\/div>\n<div dir=\"auto\">\u2022 Klubai: ~49 cm<\/div>\n<div dir=\"auto\">\u2022 Sijono ilgis: ~39 cm<\/div>\n<div dir=\"auto\"><span class=\"html-span xexx8yu x4uap5 x18d9i69 xkhd6sd x1hl2dhg x16tdsg8 x1vvkbs x3nfvp2 x1j61x8r x1fcty0u xdj266r xat24cr xgzva0m xhhsvwb xxymvpz xlup9mm x1kky2od\"><img decoding=\"async\" class=\"xz74otr x168nmei x13lgxp2 x5pf9jr xo71vjh\" src=\"https:\/\/static.xx.fbcdn.net\/images\/emoji.php\/v9\/td2\/2\/16\/2714.png\" alt=\"\u2714\ufe0f\" width=\"16\" height=\"16\" \/><\/span> Dydis &#8211; puikiai S, M<\/div>\n<\/div>","protected":false},"featured_media":16890,"comment_status":"open","ping_status":"closed","template":"","meta":{"_uag_custom_page_level_css":"","_monsterinsights_skip_tracking":false,"_monsterinsights_sitenote_active":false,"_monsterinsights_sitenote_note":"","_monsterinsights_sitenote_category":0},"product_brand":[],"product_cat":[66,132,70,96],"product_tag":[],"class_list":{"0":"post-14904","1":"product","2":"type-product","3":"status-publish","4":"has-post-thumbnail","6":"product_cat-drabuziai","7":"product_cat-ispardavimas","8":"product_cat-kostiumeliai","9":"product_cat-populiariausi","10":"tm-has-options","12":"first","13":"instock","14":"sale","15":"shipping-taxable","16":"purchasable","17":"product-type-variable"},"yoast_head":"<!-- This site is optimized with the Yoast SEO plugin v27.3 - https:\/\/yoast.com\/product\/yoast-seo-wordpress\/ -->\n<title>Liemen\u0117s ir sijono rinkinys \u2013 \u201eSafari Mood\u201c - MadosKampas.lt<\/title>\n<meta name=\"robots\" content=\"index, follow, max-snippet:-1, max-image-preview:large, max-video-preview:-1\" \/>\n<link rel=\"canonical\" href=\"https:\/\/madoskampas.lt\/lv\/product\/liemenes-ir-sijono-rinkinys-safari-mood\/\" \/>\n<meta property=\"og:locale\" content=\"lv_LV\" \/>\n<meta property=\"og:type\" content=\"article\" \/>\n<meta property=\"og:title\" content=\"Liemen\u0117s ir sijono rinkinys \u2013 \u201eSafari Mood\u201c - MadosKampas.lt\" \/>\n<meta property=\"og:description\" content=\"Stilingas vasaros kostium\u0117lis \u2013 elegancija su prakti\u0161ku akcentu!   \u0160is dviej\u0173 dali\u0173 moteri\u0161kas kostium\u0117lis puikiai dera tarp miesto elegancijos ir patogumo. Lengvas sm\u0117lio spalvos \u0161varkelis be rankovi\u0173 su dekoratyvin\u0117mis ki\u0161en\u0117mis stilingai papildo sijon\u0105 su priekyje esan\u010diu u\u017etrauktuku \u2013 j\u012f galima atsegti tiek funkcionalumui, tiek stiliaus detalei i\u0161ry\u0161kinti.   Detal\u0117s: \u2022 \u0160varkelis be rankovi\u0173, u\u017esegamas sagomis, su ki\u0161en\u0117mis \u2022 Sijonas su elastingu liemeniu ir u\u017etrauktuku priekyje, kur\u012f galima atsegti \u2022 Dry\u017euotas pamu\u0161alas suteikia \u017eaismingumo ir \u0161vie\u017eumo   I\u0161matavimai: \u2022 \u0160varkelio ilgis: ~55 cm \u2022 Kr\u016btin\u0117: ~51,5 cm \u2022 Liemuo: ~37 cm (pasitempia iki ~47 cm) \u2022 Klubai: ~49 cm \u2022 Sijono ilgis: ~39 cm  Dydis - puikiai S, M\" \/>\n<meta property=\"og:url\" content=\"https:\/\/madoskampas.lt\/lv\/product\/liemenes-ir-sijono-rinkinys-safari-mood\/\" \/>\n<meta property=\"og:site_name\" content=\"MadosKampas.lt\" \/>\n<meta property=\"article:modified_time\" content=\"2025-08-07T08:58:24+00:00\" \/>\n<meta property=\"og:image\" content=\"https:\/\/madoskampas.lt\/wp-content\/uploads\/2025\/04\/IMG_7869.jpeg\" \/>\n\t<meta property=\"og:image:width\" content=\"1536\" \/>\n\t<meta property=\"og:image:height\" content=\"2048\" \/>\n\t<meta property=\"og:image:type\" content=\"image\/jpeg\" \/>\n<meta name=\"twitter:card\" content=\"summary_large_image\" \/>\n<meta name=\"twitter:label1\" content=\"Est. reading time\" \/>\n\t<meta name=\"twitter:data1\" content=\"1 min\u016bte\" \/>\n<script type=\"application\/ld+json\" class=\"yoast-schema-graph\">{\"@context\":\"https:\\\/\\\/schema.org\",\"@graph\":[{\"@type\":\"WebPage\",\"@id\":\"https:\\\/\\\/madoskampas.lt\\\/produktas\\\/liemenes-ir-sijono-rinkinys-safari-mood\\\/\",\"url\":\"https:\\\/\\\/madoskampas.lt\\\/produktas\\\/liemenes-ir-sijono-rinkinys-safari-mood\\\/\",\"name\":\"Liemen\u0117s ir sijono rinkinys \u2013 \u201eSafari Mood\u201c - MadosKampas.lt\",\"isPartOf\":{\"@id\":\"https:\\\/\\\/madoskampas.lt\\\/#website\"},\"primaryImageOfPage\":{\"@id\":\"https:\\\/\\\/madoskampas.lt\\\/produktas\\\/liemenes-ir-sijono-rinkinys-safari-mood\\\/#primaryimage\"},\"image\":{\"@id\":\"https:\\\/\\\/madoskampas.lt\\\/produktas\\\/liemenes-ir-sijono-rinkinys-safari-mood\\\/#primaryimage\"},\"thumbnailUrl\":\"https:\\\/\\\/madoskampas.lt\\\/wp-content\\\/uploads\\\/2025\\\/04\\\/IMG_7869.jpeg\",\"datePublished\":\"2025-04-29T15:46:16+00:00\",\"dateModified\":\"2025-08-07T08:58:24+00:00\",\"breadcrumb\":{\"@id\":\"https:\\\/\\\/madoskampas.lt\\\/produktas\\\/liemenes-ir-sijono-rinkinys-safari-mood\\\/#breadcrumb\"},\"inLanguage\":\"lv-LV\",\"potentialAction\":[{\"@type\":\"ReadAction\",\"target\":[\"https:\\\/\\\/madoskampas.lt\\\/produktas\\\/liemenes-ir-sijono-rinkinys-safari-mood\\\/\"]}]},{\"@type\":\"ImageObject\",\"inLanguage\":\"lv-LV\",\"@id\":\"https:\\\/\\\/madoskampas.lt\\\/produktas\\\/liemenes-ir-sijono-rinkinys-safari-mood\\\/#primaryimage\",\"url\":\"https:\\\/\\\/madoskampas.lt\\\/wp-content\\\/uploads\\\/2025\\\/04\\\/IMG_7869.jpeg\",\"contentUrl\":\"https:\\\/\\\/madoskampas.lt\\\/wp-content\\\/uploads\\\/2025\\\/04\\\/IMG_7869.jpeg\",\"width\":1536,\"height\":2048},{\"@type\":\"BreadcrumbList\",\"@id\":\"https:\\\/\\\/madoskampas.lt\\\/produktas\\\/liemenes-ir-sijono-rinkinys-safari-mood\\\/#breadcrumb\",\"itemListElement\":[{\"@type\":\"ListItem\",\"position\":1,\"name\":\"Home\",\"item\":\"https:\\\/\\\/madoskampas.lt\\\/\"},{\"@type\":\"ListItem\",\"position\":2,\"name\":\"Parduotuv\u0117\",\"item\":\"https:\\\/\\\/madoskampas.lt\\\/parduotuve-2\\\/\"},{\"@type\":\"ListItem\",\"position\":3,\"name\":\"Liemen\u0117s ir sijono rinkinys \u2013 \u201eSafari Mood\u201c\"}]},{\"@type\":\"WebSite\",\"@id\":\"https:\\\/\\\/madoskampas.lt\\\/#website\",\"url\":\"https:\\\/\\\/madoskampas.lt\\\/\",\"name\":\"MadosKampas.lt\",\"description\":\"Stilingi drabu\u017eiai moterims\",\"potentialAction\":[{\"@type\":\"SearchAction\",\"target\":{\"@type\":\"EntryPoint\",\"urlTemplate\":\"https:\\\/\\\/madoskampas.lt\\\/?s={search_term_string}\"},\"query-input\":{\"@type\":\"PropertyValueSpecification\",\"valueRequired\":true,\"valueName\":\"search_term_string\"}}],\"inLanguage\":\"lv-LV\"}]}<\/script>\n<!-- \/ Yoast SEO plugin. -->","yoast_head_json":{"title":"Liemen\u0117s ir sijono rinkinys \u2013 \u201eSafari Mood\u201c - MadosKampas.lt","robots":{"index":"index","follow":"follow","max-snippet":"max-snippet:-1","max-image-preview":"max-image-preview:large","max-video-preview":"max-video-preview:-1"},"canonical":"https:\/\/madoskampas.lt\/lv\/product\/liemenes-ir-sijono-rinkinys-safari-mood\/","og_locale":"lv_LV","og_type":"article","og_title":"Liemen\u0117s ir sijono rinkinys \u2013 \u201eSafari Mood\u201c - MadosKampas.lt","og_description":"Stilingas vasaros kostium\u0117lis \u2013 elegancija su prakti\u0161ku akcentu!   \u0160is dviej\u0173 dali\u0173 moteri\u0161kas kostium\u0117lis puikiai dera tarp miesto elegancijos ir patogumo. Lengvas sm\u0117lio spalvos \u0161varkelis be rankovi\u0173 su dekoratyvin\u0117mis ki\u0161en\u0117mis stilingai papildo sijon\u0105 su priekyje esan\u010diu u\u017etrauktuku \u2013 j\u012f galima atsegti tiek funkcionalumui, tiek stiliaus detalei i\u0161ry\u0161kinti.   Detal\u0117s: \u2022 \u0160varkelis be rankovi\u0173, u\u017esegamas sagomis, su ki\u0161en\u0117mis \u2022 Sijonas su elastingu liemeniu ir u\u017etrauktuku priekyje, kur\u012f galima atsegti \u2022 Dry\u017euotas pamu\u0161alas suteikia \u017eaismingumo ir \u0161vie\u017eumo   I\u0161matavimai: \u2022 \u0160varkelio ilgis: ~55 cm \u2022 Kr\u016btin\u0117: ~51,5 cm \u2022 Liemuo: ~37 cm (pasitempia iki ~47 cm) \u2022 Klubai: ~49 cm \u2022 Sijono ilgis: ~39 cm  Dydis - puikiai S, M","og_url":"https:\/\/madoskampas.lt\/lv\/product\/liemenes-ir-sijono-rinkinys-safari-mood\/","og_site_name":"MadosKampas.lt","article_modified_time":"2025-08-07T08:58:24+00:00","og_image":[{"width":1536,"height":2048,"url":"https:\/\/madoskampas.lt\/wp-content\/uploads\/2025\/04\/IMG_7869.jpeg","type":"image\/jpeg"}],"twitter_card":"summary_large_image","twitter_misc":{"Est. reading time":"1 min\u016bte"},"schema":{"@context":"https:\/\/schema.org","@graph":[{"@type":"WebPage","@id":"https:\/\/madoskampas.lt\/produktas\/liemenes-ir-sijono-rinkinys-safari-mood\/","url":"https:\/\/madoskampas.lt\/produktas\/liemenes-ir-sijono-rinkinys-safari-mood\/","name":"Liemen\u0117s ir sijono rinkinys \u2013 \u201eSafari Mood\u201c - MadosKampas.lt","isPartOf":{"@id":"https:\/\/madoskampas.lt\/#website"},"primaryImageOfPage":{"@id":"https:\/\/madoskampas.lt\/produktas\/liemenes-ir-sijono-rinkinys-safari-mood\/#primaryimage"},"image":{"@id":"https:\/\/madoskampas.lt\/produktas\/liemenes-ir-sijono-rinkinys-safari-mood\/#primaryimage"},"thumbnailUrl":"https:\/\/madoskampas.lt\/wp-content\/uploads\/2025\/04\/IMG_7869.jpeg","datePublished":"2025-04-29T15:46:16+00:00","dateModified":"2025-08-07T08:58:24+00:00","breadcrumb":{"@id":"https:\/\/madoskampas.lt\/produktas\/liemenes-ir-sijono-rinkinys-safari-mood\/#breadcrumb"},"inLanguage":"lv-LV","potentialAction":[{"@type":"ReadAction","target":["https:\/\/madoskampas.lt\/produktas\/liemenes-ir-sijono-rinkinys-safari-mood\/"]}]},{"@type":"ImageObject","inLanguage":"lv-LV","@id":"https:\/\/madoskampas.lt\/produktas\/liemenes-ir-sijono-rinkinys-safari-mood\/#primaryimage","url":"https:\/\/madoskampas.lt\/wp-content\/uploads\/2025\/04\/IMG_7869.jpeg","contentUrl":"https:\/\/madoskampas.lt\/wp-content\/uploads\/2025\/04\/IMG_7869.jpeg","width":1536,"height":2048},{"@type":"BreadcrumbList","@id":"https:\/\/madoskampas.lt\/produktas\/liemenes-ir-sijono-rinkinys-safari-mood\/#breadcrumb","itemListElement":[{"@type":"ListItem","position":1,"name":"Home","item":"https:\/\/madoskampas.lt\/"},{"@type":"ListItem","position":2,"name":"Parduotuv\u0117","item":"https:\/\/madoskampas.lt\/parduotuve-2\/"},{"@type":"ListItem","position":3,"name":"Liemen\u0117s ir sijono rinkinys \u2013 \u201eSafari Mood\u201c"}]},{"@type":"WebSite","@id":"https:\/\/madoskampas.lt\/#website","url":"https:\/\/madoskampas.lt\/","name":"FashionKampas.lt","description":"Stil\u012bgs ap\u0123\u0113rbs sieviet\u0113m","potentialAction":[{"@type":"SearchAction","target":{"@type":"EntryPoint","urlTemplate":"https:\/\/madoskampas.lt\/?s={search_term_string}"},"query-input":{"@type":"PropertyValueSpecification","valueRequired":true,"valueName":"search_term_string"}}],"inLanguage":"lv-LV"}]}},"uagb_featured_image_src":{"full":["https:\/\/madoskampas.lt\/wp-content\/uploads\/2025\/04\/IMG_7869.jpeg",1536,2048,false],"thumbnail":["https:\/\/madoskampas.lt\/wp-content\/uploads\/2025\/04\/IMG_7869-150x150.jpeg",150,150,true],"medium":["https:\/\/madoskampas.lt\/wp-content\/uploads\/2025\/04\/IMG_7869-225x300.jpeg",225,300,true],"medium_large":["https:\/\/madoskampas.lt\/wp-content\/uploads\/2025\/04\/IMG_7869-768x1024.jpeg",768,1024,true],"large":["https:\/\/madoskampas.lt\/wp-content\/uploads\/2025\/04\/IMG_7869-768x1024.jpeg",768,1024,true],"1536x1536":["https:\/\/madoskampas.lt\/wp-content\/uploads\/2025\/04\/IMG_7869-1152x1536.jpeg",1152,1536,true],"2048x2048":["https:\/\/madoskampas.lt\/wp-content\/uploads\/2025\/04\/IMG_7869.jpeg",1536,2048,false],"trp-custom-language-flag":["https:\/\/madoskampas.lt\/wp-content\/uploads\/2025\/04\/IMG_7869.jpeg",9,12,false],"nova-image-square":["https:\/\/madoskampas.lt\/wp-content\/uploads\/2025\/04\/IMG_7869-1100x1100.jpeg",1100,1100,true],"mixtas-product-03":["https:\/\/madoskampas.lt\/wp-content\/uploads\/2025\/04\/IMG_7869-600x345.jpeg",600,345,true],"woocommerce_thumbnail":["https:\/\/madoskampas.lt\/wp-content\/uploads\/2025\/04\/IMG_7869-700x700.jpeg",700,700,true],"woocommerce_single":["https:\/\/madoskampas.lt\/wp-content\/uploads\/2025\/04\/IMG_7869-1000x1333.jpeg",1000,1333,true],"woocommerce_gallery_thumbnail":["https:\/\/madoskampas.lt\/wp-content\/uploads\/2025\/04\/IMG_7869-250x250.jpeg",250,250,true],"variation_swatches_image_size":["https:\/\/madoskampas.lt\/wp-content\/uploads\/2025\/04\/IMG_7869-50x50.jpeg",50,50,true],"variation_swatches_tooltip_size":["https:\/\/madoskampas.lt\/wp-content\/uploads\/2025\/04\/IMG_7869-100x100.jpeg",100,100,true]},"uagb_author_info":{"display_name":"algirdasbart","author_link":"https:\/\/madoskampas.lt\/lv\/author\/"},"uagb_comment_info":0,"uagb_excerpt":"Stilingas vasaros kostium\u0117lis \u2013 elegancija su prakti\u0161ku akcentu! \u0160is dviej\u0173 dali\u0173 moteri\u0161kas kostium\u0117lis puikiai dera tarp miesto elegancijos ir patogumo. Lengvas sm\u0117lio spalvos \u0161varkelis be rankovi\u0173 su dekoratyvin\u0117mis ki\u0161en\u0117mis stilingai papildo sijon\u0105 su priekyje esan\u010diu u\u017etrauktuku \u2013 j\u012f galima atsegti tiek funkcionalumui, tiek stiliaus detalei i\u0161ry\u0161kinti. Detal\u0117s: \u2022 \u0160varkelis be rankovi\u0173, u\u017esegamas sagomis, su ki\u0161en\u0117mis&hellip;","jetpack_sharing_enabled":true,"_links":{"self":[{"href":"https:\/\/madoskampas.lt\/lv\/wp-json\/wp\/v2\/product\/14904","targetHints":{"allow":["GET"]}}],"collection":[{"href":"https:\/\/madoskampas.lt\/lv\/wp-json\/wp\/v2\/product"}],"about":[{"href":"https:\/\/madoskampas.lt\/lv\/wp-json\/wp\/v2\/types\/product"}],"replies":[{"embeddable":true,"href":"https:\/\/madoskampas.lt\/lv\/wp-json\/wp\/v2\/comments?post=14904"}],"wp:featuredmedia":[{"embeddable":true,"href":"https:\/\/madoskampas.lt\/lv\/wp-json\/wp\/v2\/media\/16890"}],"wp:attachment":[{"href":"https:\/\/madoskampas.lt\/lv\/wp-json\/wp\/v2\/media?parent=14904"}],"wp:term":[{"taxonomy":"product_brand","embeddable":true,"href":"https:\/\/madoskampas.lt\/lv\/wp-json\/wp\/v2\/product_brand?post=14904"},{"taxonomy":"product_cat","embeddable":true,"href":"https:\/\/madoskampas.lt\/lv\/wp-json\/wp\/v2\/product_cat?post=14904"},{"taxonomy":"product_tag","embeddable":true,"href":"https:\/\/madoskampas.lt\/lv\/wp-json\/wp\/v2\/product_tag?post=14904"}],"curies":[{"name":"wp","href":"https:\/\/api.w.org\/{rel}","templated":true}]}}