{"id":14921,"date":"2025-04-29T18:54:56","date_gmt":"2025-04-29T18:54:56","guid":{"rendered":"https:\/\/madoskampas.lt\/?post_type=product&#038;p=14921"},"modified":"2026-02-16T14:13:49","modified_gmt":"2026-02-16T14:13:49","slug":"palaidine-teddy-street","status":"publish","type":"product","link":"https:\/\/madoskampas.lt\/lv\/product\/palaidine-teddy-street\/","title":{"rendered":"Bl\u016bze \u201eTeddy Street\u201d"},"content":{"rendered":"<p>Oversize stiliaus mar\u0161kin\u0117liai su i\u0161skirtiniu me\u0161kiuku ir gatv\u0117s stiliaus u\u017era\u0161ais \u2013 tikram miesto ritmui.<\/p>\n<p>Puo\u0161ti kontrastingais siuvin\u0117jimais ir kirpimais, kad atrodytum madingai ir \u017eaismingai.<\/p>\n<p>Tinka nuo S iki XL.<\/p>","protected":false},"excerpt":{"rendered":"<p>Oversize stiliaus mar\u0161kin\u0117liai su i\u0161skirtiniu me\u0161kiuku ir gatv\u0117s stiliaus u\u017era\u0161ais \u2013 tikram miesto ritmui.<\/p>\n<p>Puo\u0161ti kontrastingais siuvin\u0117jimais ir kirpimais, kad atrodytum madingai ir \u017eaismingai.<\/p>\n<p>Tinka nuo S iki XL.<\/p>","protected":false},"featured_media":16625,"comment_status":"open","ping_status":"closed","template":"","meta":{"_uag_custom_page_level_css":"","_monsterinsights_skip_tracking":false,"_monsterinsights_sitenote_active":false,"_monsterinsights_sitenote_note":"","_monsterinsights_sitenote_category":0},"product_brand":[],"product_cat":[66,132,74,96],"product_tag":[],"class_list":{"0":"post-14921","1":"product","2":"type-product","3":"status-publish","4":"has-post-thumbnail","6":"product_cat-drabuziai","7":"product_cat-ispardavimas","8":"product_cat-palaidines","9":"product_cat-populiariausi","10":"tm-has-options","12":"first","13":"outofstock","14":"sale","15":"shipping-taxable","16":"purchasable","17":"product-type-variable"},"yoast_head":"<!-- This site is optimized with the Yoast SEO plugin v27.3 - https:\/\/yoast.com\/product\/yoast-seo-wordpress\/ -->\n<title>Palaidin\u0117 &quot;Teddy Street&quot; - MadosKampas.lt<\/title>\n<meta name=\"robots\" content=\"index, follow, max-snippet:-1, max-image-preview:large, max-video-preview:-1\" \/>\n<link rel=\"canonical\" href=\"https:\/\/madoskampas.lt\/lv\/product\/palaidine-teddy-street\/\" \/>\n<meta property=\"og:locale\" content=\"lv_LV\" \/>\n<meta property=\"og:type\" content=\"article\" \/>\n<meta property=\"og:title\" content=\"Palaidin\u0117 &quot;Teddy Street&quot; - MadosKampas.lt\" \/>\n<meta property=\"og:description\" content=\"Oversize stiliaus mar\u0161kin\u0117liai su i\u0161skirtiniu me\u0161kiuku ir gatv\u0117s stiliaus u\u017era\u0161ais \u2013 tikram miesto ritmui.  Puo\u0161ti kontrastingais siuvin\u0117jimais ir kirpimais, kad atrodytum madingai ir \u017eaismingai.  Tinka nuo S iki XL.\" \/>\n<meta property=\"og:url\" content=\"https:\/\/madoskampas.lt\/lv\/product\/palaidine-teddy-street\/\" \/>\n<meta property=\"og:site_name\" content=\"MadosKampas.lt\" \/>\n<meta property=\"article:modified_time\" content=\"2026-02-16T14:13:49+00:00\" \/>\n<meta property=\"og:image\" content=\"https:\/\/madoskampas.lt\/wp-content\/uploads\/2025\/05\/IMG_6361.jpeg\" \/>\n\t<meta property=\"og:image:width\" content=\"1536\" \/>\n\t<meta property=\"og:image:height\" content=\"2048\" \/>\n\t<meta property=\"og:image:type\" content=\"image\/jpeg\" \/>\n<meta name=\"twitter:card\" content=\"summary_large_image\" \/>\n<meta name=\"twitter:label1\" content=\"Est. reading time\" \/>\n\t<meta name=\"twitter:data1\" content=\"1 min\u016bte\" \/>\n<script type=\"application\/ld+json\" class=\"yoast-schema-graph\">{\"@context\":\"https:\\\/\\\/schema.org\",\"@graph\":[{\"@type\":\"WebPage\",\"@id\":\"https:\\\/\\\/madoskampas.lt\\\/produktas\\\/palaidine-teddy-street\\\/\",\"url\":\"https:\\\/\\\/madoskampas.lt\\\/produktas\\\/palaidine-teddy-street\\\/\",\"name\":\"Palaidin\u0117 \\\"Teddy Street\\\" - MadosKampas.lt\",\"isPartOf\":{\"@id\":\"https:\\\/\\\/madoskampas.lt\\\/#website\"},\"primaryImageOfPage\":{\"@id\":\"https:\\\/\\\/madoskampas.lt\\\/produktas\\\/palaidine-teddy-street\\\/#primaryimage\"},\"image\":{\"@id\":\"https:\\\/\\\/madoskampas.lt\\\/produktas\\\/palaidine-teddy-street\\\/#primaryimage\"},\"thumbnailUrl\":\"https:\\\/\\\/madoskampas.lt\\\/wp-content\\\/uploads\\\/2025\\\/05\\\/IMG_6361.jpeg\",\"datePublished\":\"2025-04-29T18:54:56+00:00\",\"dateModified\":\"2026-02-16T14:13:49+00:00\",\"breadcrumb\":{\"@id\":\"https:\\\/\\\/madoskampas.lt\\\/produktas\\\/palaidine-teddy-street\\\/#breadcrumb\"},\"inLanguage\":\"lv-LV\",\"potentialAction\":[{\"@type\":\"ReadAction\",\"target\":[\"https:\\\/\\\/madoskampas.lt\\\/produktas\\\/palaidine-teddy-street\\\/\"]}]},{\"@type\":\"ImageObject\",\"inLanguage\":\"lv-LV\",\"@id\":\"https:\\\/\\\/madoskampas.lt\\\/produktas\\\/palaidine-teddy-street\\\/#primaryimage\",\"url\":\"https:\\\/\\\/madoskampas.lt\\\/wp-content\\\/uploads\\\/2025\\\/05\\\/IMG_6361.jpeg\",\"contentUrl\":\"https:\\\/\\\/madoskampas.lt\\\/wp-content\\\/uploads\\\/2025\\\/05\\\/IMG_6361.jpeg\",\"width\":1536,\"height\":2048},{\"@type\":\"BreadcrumbList\",\"@id\":\"https:\\\/\\\/madoskampas.lt\\\/produktas\\\/palaidine-teddy-street\\\/#breadcrumb\",\"itemListElement\":[{\"@type\":\"ListItem\",\"position\":1,\"name\":\"Home\",\"item\":\"https:\\\/\\\/madoskampas.lt\\\/\"},{\"@type\":\"ListItem\",\"position\":2,\"name\":\"Parduotuv\u0117\",\"item\":\"https:\\\/\\\/madoskampas.lt\\\/parduotuve-2\\\/\"},{\"@type\":\"ListItem\",\"position\":3,\"name\":\"Palaidin\u0117 &#8222;Teddy Street&#8221;\"}]},{\"@type\":\"WebSite\",\"@id\":\"https:\\\/\\\/madoskampas.lt\\\/#website\",\"url\":\"https:\\\/\\\/madoskampas.lt\\\/\",\"name\":\"MadosKampas.lt\",\"description\":\"Stilingi drabu\u017eiai moterims\",\"potentialAction\":[{\"@type\":\"SearchAction\",\"target\":{\"@type\":\"EntryPoint\",\"urlTemplate\":\"https:\\\/\\\/madoskampas.lt\\\/?s={search_term_string}\"},\"query-input\":{\"@type\":\"PropertyValueSpecification\",\"valueRequired\":true,\"valueName\":\"search_term_string\"}}],\"inLanguage\":\"lv-LV\"}]}<\/script>\n<!-- \/ Yoast SEO plugin. -->","yoast_head_json":{"title":"Palaidin\u0117 \"Teddy Street\" - MadosKampas.lt","robots":{"index":"index","follow":"follow","max-snippet":"max-snippet:-1","max-image-preview":"max-image-preview:large","max-video-preview":"max-video-preview:-1"},"canonical":"https:\/\/madoskampas.lt\/lv\/product\/palaidine-teddy-street\/","og_locale":"lv_LV","og_type":"article","og_title":"Palaidin\u0117 \"Teddy Street\" - MadosKampas.lt","og_description":"Oversize stiliaus mar\u0161kin\u0117liai su i\u0161skirtiniu me\u0161kiuku ir gatv\u0117s stiliaus u\u017era\u0161ais \u2013 tikram miesto ritmui.  Puo\u0161ti kontrastingais siuvin\u0117jimais ir kirpimais, kad atrodytum madingai ir \u017eaismingai.  Tinka nuo S iki XL.","og_url":"https:\/\/madoskampas.lt\/lv\/product\/palaidine-teddy-street\/","og_site_name":"MadosKampas.lt","article_modified_time":"2026-02-16T14:13:49+00:00","og_image":[{"width":1536,"height":2048,"url":"https:\/\/madoskampas.lt\/wp-content\/uploads\/2025\/05\/IMG_6361.jpeg","type":"image\/jpeg"}],"twitter_card":"summary_large_image","twitter_misc":{"Est. reading time":"1 min\u016bte"},"schema":{"@context":"https:\/\/schema.org","@graph":[{"@type":"WebPage","@id":"https:\/\/madoskampas.lt\/produktas\/palaidine-teddy-street\/","url":"https:\/\/madoskampas.lt\/produktas\/palaidine-teddy-street\/","name":"Palaidin\u0117 \"Teddy Street\" - MadosKampas.lt","isPartOf":{"@id":"https:\/\/madoskampas.lt\/#website"},"primaryImageOfPage":{"@id":"https:\/\/madoskampas.lt\/produktas\/palaidine-teddy-street\/#primaryimage"},"image":{"@id":"https:\/\/madoskampas.lt\/produktas\/palaidine-teddy-street\/#primaryimage"},"thumbnailUrl":"https:\/\/madoskampas.lt\/wp-content\/uploads\/2025\/05\/IMG_6361.jpeg","datePublished":"2025-04-29T18:54:56+00:00","dateModified":"2026-02-16T14:13:49+00:00","breadcrumb":{"@id":"https:\/\/madoskampas.lt\/produktas\/palaidine-teddy-street\/#breadcrumb"},"inLanguage":"lv-LV","potentialAction":[{"@type":"ReadAction","target":["https:\/\/madoskampas.lt\/produktas\/palaidine-teddy-street\/"]}]},{"@type":"ImageObject","inLanguage":"lv-LV","@id":"https:\/\/madoskampas.lt\/produktas\/palaidine-teddy-street\/#primaryimage","url":"https:\/\/madoskampas.lt\/wp-content\/uploads\/2025\/05\/IMG_6361.jpeg","contentUrl":"https:\/\/madoskampas.lt\/wp-content\/uploads\/2025\/05\/IMG_6361.jpeg","width":1536,"height":2048},{"@type":"BreadcrumbList","@id":"https:\/\/madoskampas.lt\/produktas\/palaidine-teddy-street\/#breadcrumb","itemListElement":[{"@type":"ListItem","position":1,"name":"Home","item":"https:\/\/madoskampas.lt\/"},{"@type":"ListItem","position":2,"name":"Parduotuv\u0117","item":"https:\/\/madoskampas.lt\/parduotuve-2\/"},{"@type":"ListItem","position":3,"name":"Palaidin\u0117 &#8222;Teddy Street&#8221;"}]},{"@type":"WebSite","@id":"https:\/\/madoskampas.lt\/#website","url":"https:\/\/madoskampas.lt\/","name":"FashionKampas.lt","description":"Stil\u012bgs ap\u0123\u0113rbs sieviet\u0113m","potentialAction":[{"@type":"SearchAction","target":{"@type":"EntryPoint","urlTemplate":"https:\/\/madoskampas.lt\/?s={search_term_string}"},"query-input":{"@type":"PropertyValueSpecification","valueRequired":true,"valueName":"search_term_string"}}],"inLanguage":"lv-LV"}]}},"uagb_featured_image_src":{"full":["https:\/\/madoskampas.lt\/wp-content\/uploads\/2025\/05\/IMG_6361.jpeg",1536,2048,false],"thumbnail":["https:\/\/madoskampas.lt\/wp-content\/uploads\/2025\/05\/IMG_6361-150x150.jpeg",150,150,true],"medium":["https:\/\/madoskampas.lt\/wp-content\/uploads\/2025\/05\/IMG_6361-225x300.jpeg",225,300,true],"medium_large":["https:\/\/madoskampas.lt\/wp-content\/uploads\/2025\/05\/IMG_6361-768x1024.jpeg",768,1024,true],"large":["https:\/\/madoskampas.lt\/wp-content\/uploads\/2025\/05\/IMG_6361-768x1024.jpeg",768,1024,true],"1536x1536":["https:\/\/madoskampas.lt\/wp-content\/uploads\/2025\/05\/IMG_6361-1152x1536.jpeg",1152,1536,true],"2048x2048":["https:\/\/madoskampas.lt\/wp-content\/uploads\/2025\/05\/IMG_6361.jpeg",1536,2048,false],"trp-custom-language-flag":["https:\/\/madoskampas.lt\/wp-content\/uploads\/2025\/05\/IMG_6361.jpeg",9,12,false],"nova-image-square":["https:\/\/madoskampas.lt\/wp-content\/uploads\/2025\/05\/IMG_6361-1100x1100.jpeg",1100,1100,true],"mixtas-product-03":["https:\/\/madoskampas.lt\/wp-content\/uploads\/2025\/05\/IMG_6361-600x345.jpeg",600,345,true],"woocommerce_thumbnail":["https:\/\/madoskampas.lt\/wp-content\/uploads\/2025\/05\/IMG_6361-700x700.jpeg",700,700,true],"woocommerce_single":["https:\/\/madoskampas.lt\/wp-content\/uploads\/2025\/05\/IMG_6361-1000x1333.jpeg",1000,1333,true],"woocommerce_gallery_thumbnail":["https:\/\/madoskampas.lt\/wp-content\/uploads\/2025\/05\/IMG_6361-250x250.jpeg",250,250,true],"variation_swatches_image_size":["https:\/\/madoskampas.lt\/wp-content\/uploads\/2025\/05\/IMG_6361-50x50.jpeg",50,50,true],"variation_swatches_tooltip_size":["https:\/\/madoskampas.lt\/wp-content\/uploads\/2025\/05\/IMG_6361-100x100.jpeg",100,100,true]},"uagb_author_info":{"display_name":"algirdasbart","author_link":"https:\/\/madoskampas.lt\/lv\/author\/"},"uagb_comment_info":0,"uagb_excerpt":"Oversize stiliaus mar\u0161kin\u0117liai su i\u0161skirtiniu me\u0161kiuku ir gatv\u0117s stiliaus u\u017era\u0161ais \u2013 tikram miesto ritmui. Puo\u0161ti kontrastingais siuvin\u0117jimais ir kirpimais, kad atrodytum madingai ir \u017eaismingai. Tinka nuo S iki XL.","jetpack_sharing_enabled":true,"_links":{"self":[{"href":"https:\/\/madoskampas.lt\/lv\/wp-json\/wp\/v2\/product\/14921","targetHints":{"allow":["GET"]}}],"collection":[{"href":"https:\/\/madoskampas.lt\/lv\/wp-json\/wp\/v2\/product"}],"about":[{"href":"https:\/\/madoskampas.lt\/lv\/wp-json\/wp\/v2\/types\/product"}],"replies":[{"embeddable":true,"href":"https:\/\/madoskampas.lt\/lv\/wp-json\/wp\/v2\/comments?post=14921"}],"wp:featuredmedia":[{"embeddable":true,"href":"https:\/\/madoskampas.lt\/lv\/wp-json\/wp\/v2\/media\/16625"}],"wp:attachment":[{"href":"https:\/\/madoskampas.lt\/lv\/wp-json\/wp\/v2\/media?parent=14921"}],"wp:term":[{"taxonomy":"product_brand","embeddable":true,"href":"https:\/\/madoskampas.lt\/lv\/wp-json\/wp\/v2\/product_brand?post=14921"},{"taxonomy":"product_cat","embeddable":true,"href":"https:\/\/madoskampas.lt\/lv\/wp-json\/wp\/v2\/product_cat?post=14921"},{"taxonomy":"product_tag","embeddable":true,"href":"https:\/\/madoskampas.lt\/lv\/wp-json\/wp\/v2\/product_tag?post=14921"}],"curies":[{"name":"wp","href":"https:\/\/api.w.org\/{rel}","templated":true}]}}