{"id":16722,"date":"2025-06-17T15:55:44","date_gmt":"2025-06-17T15:55:44","guid":{"rendered":"https:\/\/madoskampas.lt\/?post_type=product&#038;p=16722"},"modified":"2026-03-24T17:55:52","modified_gmt":"2026-03-24T17:55:52","slug":"liemene-rami-siluma","status":"publish","type":"product","link":"https:\/\/madoskampas.lt\/lv\/product\/liemene-rami-siluma\/","title":{"rendered":"Liemen\u0117 \u201eRami \u0161iluma\u201c"},"content":{"rendered":"<p>Tarsi ramus rytas, kai niekur neskubate \u2013 \u0161velni, lengvai krintanti liemen\u0117, kuri \u0161ildo, bet neapsunkina.<\/p>","protected":false},"excerpt":{"rendered":"<p data-start=\"171\" data-end=\"497\">Tarsi ramus rytas, kai niekur neskubate \u2013 \u0161velni, lengvai krintanti liemen\u0117, kuri \u0161ildo, bet neapsunkina. Jos minimalistinis dizainas ir trys harmoningos spalvos leid\u017eia pritaikyti j\u0105 tiek mieste, tiek gamtoje, tiek keliaujant, tiek ilsintis.<br data-start=\"413\" data-end=\"416\" \/>Ji nepastebimai tampa ta liemene, kuri\u0105 renkat\u0117s v\u0117l ir v\u0117l \u2013 nes ji tinka visur.<\/p>\n<ul data-start=\"499\" data-end=\"737\">\n<li data-start=\"499\" data-end=\"524\">\n<p data-start=\"501\" data-end=\"524\">U\u017epildas: 100 % p\u016bkai<\/p>\n<\/li>\n<li data-start=\"525\" data-end=\"566\">\n<p data-start=\"527\" data-end=\"566\">Dydis universalus \u2013 tinka nuo S iki L<\/p>\n<\/li>\n<li data-start=\"567\" data-end=\"633\">\n<p data-start=\"569\" data-end=\"633\">I\u0161matavimai: per pa\u017eastis 53 cm, per klubus 53 cm, ilgis 61 cm<\/p>\n<\/li>\n<li data-start=\"634\" data-end=\"679\">\n<p data-start=\"636\" data-end=\"679\">Dailios ki\u0161en\u0117s ir subtil\u016bs sag\u0173 akcentai<\/p>\n<\/li>\n<li data-start=\"680\" data-end=\"737\">\n<p data-start=\"682\" data-end=\"737\">Galite rinktis i\u0161 \u0161viesios, kakavin\u0117s ar juodos spalvos<\/p>\n<\/li>\n<\/ul>\n<p data-start=\"739\" data-end=\"824\">Neperkrauta detal\u0117mis, bet kupina jausmo \u2013 \u201eRami \u0161iluma\u201c lyd\u0117s jus tyliai ir jaukiai.<\/p>","protected":false},"featured_media":17137,"comment_status":"open","ping_status":"closed","template":"","meta":{"_uag_custom_page_level_css":"","_monsterinsights_skip_tracking":false,"_monsterinsights_sitenote_active":false,"_monsterinsights_sitenote_note":"","_monsterinsights_sitenote_category":0},"product_brand":[],"product_cat":[66,71,95],"product_tag":[],"class_list":{"0":"post-16722","1":"product","2":"type-product","3":"status-publish","4":"has-post-thumbnail","6":"product_cat-drabuziai","7":"product_cat-liemenes","8":"product_cat-naujausi","9":"tm-has-options","11":"first","12":"outofstock","13":"shipping-taxable","14":"purchasable","15":"product-type-variable"},"yoast_head":"<!-- This site is optimized with the Yoast SEO plugin v27.3 - https:\/\/yoast.com\/product\/yoast-seo-wordpress\/ -->\n<title>Liemen\u0117 \u201eRami \u0161iluma\u201c - MadosKampas.lt<\/title>\n<meta name=\"robots\" content=\"index, follow, max-snippet:-1, max-image-preview:large, max-video-preview:-1\" \/>\n<link rel=\"canonical\" href=\"https:\/\/madoskampas.lt\/lv\/product\/liemene-rami-siluma\/\" \/>\n<meta property=\"og:locale\" content=\"lv_LV\" \/>\n<meta property=\"og:type\" content=\"article\" \/>\n<meta property=\"og:title\" content=\"Liemen\u0117 \u201eRami \u0161iluma\u201c - MadosKampas.lt\" \/>\n<meta property=\"og:description\" content=\"Tarsi ramus rytas, kai niekur neskubate \u2013 \u0161velni, lengvai krintanti liemen\u0117, kuri \u0161ildo, bet neapsunkina. Jos minimalistinis dizainas ir trys harmoningos spalvos leid\u017eia pritaikyti j\u0105 tiek mieste, tiek gamtoje, tiek keliaujant, tiek ilsintis.Ji nepastebimai tampa ta liemene, kuri\u0105 renkat\u0117s v\u0117l ir v\u0117l \u2013 nes ji tinka visur.     U\u017epildas: 100 % p\u016bkai    Dydis universalus \u2013 tinka nuo S iki L    I\u0161matavimai: per pa\u017eastis 53 cm, per klubus 53 cm, ilgis 61 cm    Dailios ki\u0161en\u0117s ir subtil\u016bs sag\u0173 akcentai    Galite rinktis i\u0161 \u0161viesios, kakavin\u0117s ar juodos spalvos   Neperkrauta detal\u0117mis, bet kupina jausmo \u2013 \u201eRami \u0161iluma\u201c lyd\u0117s jus tyliai ir jaukiai.\" \/>\n<meta property=\"og:url\" content=\"https:\/\/madoskampas.lt\/lv\/product\/liemene-rami-siluma\/\" \/>\n<meta property=\"og:site_name\" content=\"MadosKampas.lt\" \/>\n<meta property=\"article:modified_time\" content=\"2026-03-24T17:55:52+00:00\" \/>\n<meta property=\"og:image\" content=\"https:\/\/madoskampas.lt\/wp-content\/uploads\/2025\/06\/IMG_8144.jpeg\" \/>\n\t<meta property=\"og:image:width\" content=\"1536\" \/>\n\t<meta property=\"og:image:height\" content=\"2048\" \/>\n\t<meta property=\"og:image:type\" content=\"image\/jpeg\" \/>\n<meta name=\"twitter:card\" content=\"summary_large_image\" \/>\n<meta name=\"twitter:label1\" content=\"Est. reading time\" \/>\n\t<meta name=\"twitter:data1\" content=\"1 min\u016bte\" \/>\n<script type=\"application\/ld+json\" class=\"yoast-schema-graph\">{\"@context\":\"https:\\\/\\\/schema.org\",\"@graph\":[{\"@type\":\"WebPage\",\"@id\":\"https:\\\/\\\/madoskampas.lt\\\/produktas\\\/liemene-rami-siluma\\\/\",\"url\":\"https:\\\/\\\/madoskampas.lt\\\/produktas\\\/liemene-rami-siluma\\\/\",\"name\":\"Liemen\u0117 \u201eRami \u0161iluma\u201c - MadosKampas.lt\",\"isPartOf\":{\"@id\":\"https:\\\/\\\/madoskampas.lt\\\/#website\"},\"primaryImageOfPage\":{\"@id\":\"https:\\\/\\\/madoskampas.lt\\\/produktas\\\/liemene-rami-siluma\\\/#primaryimage\"},\"image\":{\"@id\":\"https:\\\/\\\/madoskampas.lt\\\/produktas\\\/liemene-rami-siluma\\\/#primaryimage\"},\"thumbnailUrl\":\"https:\\\/\\\/madoskampas.lt\\\/wp-content\\\/uploads\\\/2025\\\/06\\\/IMG_8144.jpeg\",\"datePublished\":\"2025-06-17T15:55:44+00:00\",\"dateModified\":\"2026-03-24T17:55:52+00:00\",\"breadcrumb\":{\"@id\":\"https:\\\/\\\/madoskampas.lt\\\/produktas\\\/liemene-rami-siluma\\\/#breadcrumb\"},\"inLanguage\":\"lv-LV\",\"potentialAction\":[{\"@type\":\"ReadAction\",\"target\":[\"https:\\\/\\\/madoskampas.lt\\\/produktas\\\/liemene-rami-siluma\\\/\"]}]},{\"@type\":\"ImageObject\",\"inLanguage\":\"lv-LV\",\"@id\":\"https:\\\/\\\/madoskampas.lt\\\/produktas\\\/liemene-rami-siluma\\\/#primaryimage\",\"url\":\"https:\\\/\\\/madoskampas.lt\\\/wp-content\\\/uploads\\\/2025\\\/06\\\/IMG_8144.jpeg\",\"contentUrl\":\"https:\\\/\\\/madoskampas.lt\\\/wp-content\\\/uploads\\\/2025\\\/06\\\/IMG_8144.jpeg\",\"width\":1536,\"height\":2048},{\"@type\":\"BreadcrumbList\",\"@id\":\"https:\\\/\\\/madoskampas.lt\\\/produktas\\\/liemene-rami-siluma\\\/#breadcrumb\",\"itemListElement\":[{\"@type\":\"ListItem\",\"position\":1,\"name\":\"Home\",\"item\":\"https:\\\/\\\/madoskampas.lt\\\/\"},{\"@type\":\"ListItem\",\"position\":2,\"name\":\"Parduotuv\u0117\",\"item\":\"https:\\\/\\\/madoskampas.lt\\\/parduotuve-2\\\/\"},{\"@type\":\"ListItem\",\"position\":3,\"name\":\"Liemen\u0117 \u201eRami \u0161iluma\u201c\"}]},{\"@type\":\"WebSite\",\"@id\":\"https:\\\/\\\/madoskampas.lt\\\/#website\",\"url\":\"https:\\\/\\\/madoskampas.lt\\\/\",\"name\":\"MadosKampas.lt\",\"description\":\"Stilingi drabu\u017eiai moterims\",\"potentialAction\":[{\"@type\":\"SearchAction\",\"target\":{\"@type\":\"EntryPoint\",\"urlTemplate\":\"https:\\\/\\\/madoskampas.lt\\\/?s={search_term_string}\"},\"query-input\":{\"@type\":\"PropertyValueSpecification\",\"valueRequired\":true,\"valueName\":\"search_term_string\"}}],\"inLanguage\":\"lv-LV\"}]}<\/script>\n<!-- \/ Yoast SEO plugin. -->","yoast_head_json":{"title":"Liemen\u0117 \u201eRami \u0161iluma\u201c - MadosKampas.lt","robots":{"index":"index","follow":"follow","max-snippet":"max-snippet:-1","max-image-preview":"max-image-preview:large","max-video-preview":"max-video-preview:-1"},"canonical":"https:\/\/madoskampas.lt\/lv\/product\/liemene-rami-siluma\/","og_locale":"lv_LV","og_type":"article","og_title":"Liemen\u0117 \u201eRami \u0161iluma\u201c - MadosKampas.lt","og_description":"Tarsi ramus rytas, kai niekur neskubate \u2013 \u0161velni, lengvai krintanti liemen\u0117, kuri \u0161ildo, bet neapsunkina. Jos minimalistinis dizainas ir trys harmoningos spalvos leid\u017eia pritaikyti j\u0105 tiek mieste, tiek gamtoje, tiek keliaujant, tiek ilsintis.Ji nepastebimai tampa ta liemene, kuri\u0105 renkat\u0117s v\u0117l ir v\u0117l \u2013 nes ji tinka visur.     U\u017epildas: 100 % p\u016bkai    Dydis universalus \u2013 tinka nuo S iki L    I\u0161matavimai: per pa\u017eastis 53 cm, per klubus 53 cm, ilgis 61 cm    Dailios ki\u0161en\u0117s ir subtil\u016bs sag\u0173 akcentai    Galite rinktis i\u0161 \u0161viesios, kakavin\u0117s ar juodos spalvos   Neperkrauta detal\u0117mis, bet kupina jausmo \u2013 \u201eRami \u0161iluma\u201c lyd\u0117s jus tyliai ir jaukiai.","og_url":"https:\/\/madoskampas.lt\/lv\/product\/liemene-rami-siluma\/","og_site_name":"MadosKampas.lt","article_modified_time":"2026-03-24T17:55:52+00:00","og_image":[{"width":1536,"height":2048,"url":"https:\/\/madoskampas.lt\/wp-content\/uploads\/2025\/06\/IMG_8144.jpeg","type":"image\/jpeg"}],"twitter_card":"summary_large_image","twitter_misc":{"Est. reading time":"1 min\u016bte"},"schema":{"@context":"https:\/\/schema.org","@graph":[{"@type":"WebPage","@id":"https:\/\/madoskampas.lt\/produktas\/liemene-rami-siluma\/","url":"https:\/\/madoskampas.lt\/produktas\/liemene-rami-siluma\/","name":"Liemen\u0117 \u201eRami \u0161iluma\u201c - MadosKampas.lt","isPartOf":{"@id":"https:\/\/madoskampas.lt\/#website"},"primaryImageOfPage":{"@id":"https:\/\/madoskampas.lt\/produktas\/liemene-rami-siluma\/#primaryimage"},"image":{"@id":"https:\/\/madoskampas.lt\/produktas\/liemene-rami-siluma\/#primaryimage"},"thumbnailUrl":"https:\/\/madoskampas.lt\/wp-content\/uploads\/2025\/06\/IMG_8144.jpeg","datePublished":"2025-06-17T15:55:44+00:00","dateModified":"2026-03-24T17:55:52+00:00","breadcrumb":{"@id":"https:\/\/madoskampas.lt\/produktas\/liemene-rami-siluma\/#breadcrumb"},"inLanguage":"lv-LV","potentialAction":[{"@type":"ReadAction","target":["https:\/\/madoskampas.lt\/produktas\/liemene-rami-siluma\/"]}]},{"@type":"ImageObject","inLanguage":"lv-LV","@id":"https:\/\/madoskampas.lt\/produktas\/liemene-rami-siluma\/#primaryimage","url":"https:\/\/madoskampas.lt\/wp-content\/uploads\/2025\/06\/IMG_8144.jpeg","contentUrl":"https:\/\/madoskampas.lt\/wp-content\/uploads\/2025\/06\/IMG_8144.jpeg","width":1536,"height":2048},{"@type":"BreadcrumbList","@id":"https:\/\/madoskampas.lt\/produktas\/liemene-rami-siluma\/#breadcrumb","itemListElement":[{"@type":"ListItem","position":1,"name":"Home","item":"https:\/\/madoskampas.lt\/"},{"@type":"ListItem","position":2,"name":"Parduotuv\u0117","item":"https:\/\/madoskampas.lt\/parduotuve-2\/"},{"@type":"ListItem","position":3,"name":"Liemen\u0117 \u201eRami \u0161iluma\u201c"}]},{"@type":"WebSite","@id":"https:\/\/madoskampas.lt\/#website","url":"https:\/\/madoskampas.lt\/","name":"FashionKampas.lt","description":"Stil\u012bgs ap\u0123\u0113rbs sieviet\u0113m","potentialAction":[{"@type":"SearchAction","target":{"@type":"EntryPoint","urlTemplate":"https:\/\/madoskampas.lt\/?s={search_term_string}"},"query-input":{"@type":"PropertyValueSpecification","valueRequired":true,"valueName":"search_term_string"}}],"inLanguage":"lv-LV"}]}},"uagb_featured_image_src":{"full":["https:\/\/madoskampas.lt\/wp-content\/uploads\/2025\/06\/IMG_8144.jpeg",1536,2048,false],"thumbnail":["https:\/\/madoskampas.lt\/wp-content\/uploads\/2025\/06\/IMG_8144-150x150.jpeg",150,150,true],"medium":["https:\/\/madoskampas.lt\/wp-content\/uploads\/2025\/06\/IMG_8144-225x300.jpeg",225,300,true],"medium_large":["https:\/\/madoskampas.lt\/wp-content\/uploads\/2025\/06\/IMG_8144-768x1024.jpeg",768,1024,true],"large":["https:\/\/madoskampas.lt\/wp-content\/uploads\/2025\/06\/IMG_8144-768x1024.jpeg",768,1024,true],"1536x1536":["https:\/\/madoskampas.lt\/wp-content\/uploads\/2025\/06\/IMG_8144-1152x1536.jpeg",1152,1536,true],"2048x2048":["https:\/\/madoskampas.lt\/wp-content\/uploads\/2025\/06\/IMG_8144.jpeg",1536,2048,false],"trp-custom-language-flag":["https:\/\/madoskampas.lt\/wp-content\/uploads\/2025\/06\/IMG_8144.jpeg",9,12,false],"nova-image-square":["https:\/\/madoskampas.lt\/wp-content\/uploads\/2025\/06\/IMG_8144-1100x1100.jpeg",1100,1100,true],"mixtas-product-03":["https:\/\/madoskampas.lt\/wp-content\/uploads\/2025\/06\/IMG_8144-600x345.jpeg",600,345,true],"woocommerce_thumbnail":["https:\/\/madoskampas.lt\/wp-content\/uploads\/2025\/06\/IMG_8144-700x700.jpeg",700,700,true],"woocommerce_single":["https:\/\/madoskampas.lt\/wp-content\/uploads\/2025\/06\/IMG_8144-1000x1333.jpeg",1000,1333,true],"woocommerce_gallery_thumbnail":["https:\/\/madoskampas.lt\/wp-content\/uploads\/2025\/06\/IMG_8144-250x250.jpeg",250,250,true],"variation_swatches_image_size":["https:\/\/madoskampas.lt\/wp-content\/uploads\/2025\/06\/IMG_8144-50x50.jpeg",50,50,true],"variation_swatches_tooltip_size":["https:\/\/madoskampas.lt\/wp-content\/uploads\/2025\/06\/IMG_8144-100x100.jpeg",100,100,true]},"uagb_author_info":{"display_name":"algirdasbart","author_link":"https:\/\/madoskampas.lt\/lv\/author\/"},"uagb_comment_info":1,"uagb_excerpt":"Tarsi ramus rytas, kai niekur neskubate \u2013 \u0161velni, lengvai krintanti liemen\u0117, kuri \u0161ildo, bet neapsunkina. Jos minimalistinis dizainas ir trys harmoningos spalvos leid\u017eia pritaikyti j\u0105 tiek mieste, tiek gamtoje, tiek keliaujant, tiek ilsintis.Ji nepastebimai tampa ta liemene, kuri\u0105 renkat\u0117s v\u0117l ir v\u0117l \u2013 nes ji tinka visur. U\u017epildas: 100 % p\u016bkai Dydis universalus \u2013 tinka&hellip;","jetpack_sharing_enabled":true,"_links":{"self":[{"href":"https:\/\/madoskampas.lt\/lv\/wp-json\/wp\/v2\/product\/16722","targetHints":{"allow":["GET"]}}],"collection":[{"href":"https:\/\/madoskampas.lt\/lv\/wp-json\/wp\/v2\/product"}],"about":[{"href":"https:\/\/madoskampas.lt\/lv\/wp-json\/wp\/v2\/types\/product"}],"replies":[{"embeddable":true,"href":"https:\/\/madoskampas.lt\/lv\/wp-json\/wp\/v2\/comments?post=16722"}],"wp:featuredmedia":[{"embeddable":true,"href":"https:\/\/madoskampas.lt\/lv\/wp-json\/wp\/v2\/media\/17137"}],"wp:attachment":[{"href":"https:\/\/madoskampas.lt\/lv\/wp-json\/wp\/v2\/media?parent=16722"}],"wp:term":[{"taxonomy":"product_brand","embeddable":true,"href":"https:\/\/madoskampas.lt\/lv\/wp-json\/wp\/v2\/product_brand?post=16722"},{"taxonomy":"product_cat","embeddable":true,"href":"https:\/\/madoskampas.lt\/lv\/wp-json\/wp\/v2\/product_cat?post=16722"},{"taxonomy":"product_tag","embeddable":true,"href":"https:\/\/madoskampas.lt\/lv\/wp-json\/wp\/v2\/product_tag?post=16722"}],"curies":[{"name":"wp","href":"https:\/\/api.w.org\/{rel}","templated":true}]}}