{"id":16894,"date":"2025-06-19T15:29:58","date_gmt":"2025-06-19T15:29:58","guid":{"rendered":"https:\/\/madoskampas.lt\/?post_type=product&#038;p=16894"},"modified":"2025-07-10T18:38:42","modified_gmt":"2025-07-10T18:38:42","slug":"laisvalaikio-dzinsiniai-sortai-denim-ease","status":"publish","type":"product","link":"https:\/\/madoskampas.lt\/lv\/product\/laisvalaikio-dzinsiniai-sortai-denim-ease\/","title":{"rendered":"Laisvalaikio d\u017einsiniai \u0161ortai \u201eDenim Ease\u201c"},"content":{"rendered":"","protected":false},"excerpt":{"rendered":"<p data-start=\"250\" data-end=\"543\">Lengvi, patog\u016bs ir viskam tinkantys \u2013 <em data-start=\"288\" data-end=\"302\">\u201eDenim Ease\u201c<\/em> d\u017einsiniai \u0161ortai taps tavo vasaros garderobo pagrindu.<br data-start=\"358\" data-end=\"361\" \/>Auk\u0161ta juosmens linija, \u0161iek tiek laisvesnis siluetas ir tobulas ilgis \u2013 jie nevar\u017eo, bet i\u0161laiko stili\u0173.<br data-start=\"466\" data-end=\"469\" \/>Tinka tiek su \u0161velniu megztuku, tiek su paprastu mar\u0161kin\u0117liu ar \u0161varkeliu.<\/p>\n<p data-start=\"545\" data-end=\"723\">\u2714\ufe0f Klasikin\u0117 \u0161viesiai m\u0117lyna spalva<br data-start=\"580\" data-end=\"583\" \/>\u2714\ufe0f Tinka tiek miesto gatv\u0117ms, tiek kelionei prie j\u016bros<br data-start=\"637\" data-end=\"640\" \/>\u2714\ufe0f Patog\u016bs net visai dienai<br data-start=\"667\" data-end=\"670\" \/>\u2714\ufe0f Dera su sportiniu, eleganti\u0161ku ar casual \u012fvaizd\u017eiu<\/p>\n<p data-start=\"545\" data-end=\"723\">Dydis nuo XS iki L<\/p>","protected":false},"featured_media":16900,"comment_status":"open","ping_status":"closed","template":"","meta":{"_uag_custom_page_level_css":"","_monsterinsights_skip_tracking":false,"_monsterinsights_sitenote_active":false,"_monsterinsights_sitenote_note":"","_monsterinsights_sitenote_category":0},"product_brand":[],"product_cat":[66,95,76],"product_tag":[],"class_list":{"0":"post-16894","1":"product","2":"type-product","3":"status-publish","4":"has-post-thumbnail","6":"product_cat-drabuziai","7":"product_cat-naujausi","8":"product_cat-sortai","9":"tm-has-options","11":"first","12":"instock","13":"shipping-taxable","14":"purchasable","15":"product-type-variable"},"yoast_head":"<!-- This site is optimized with the Yoast SEO plugin v27.3 - https:\/\/yoast.com\/product\/yoast-seo-wordpress\/ -->\n<title>Laisvalaikio d\u017einsiniai \u0161ortai \u201eDenim Ease\u201c - MadosKampas.lt<\/title>\n<meta name=\"robots\" content=\"index, follow, max-snippet:-1, max-image-preview:large, max-video-preview:-1\" \/>\n<link rel=\"canonical\" href=\"https:\/\/madoskampas.lt\/lv\/product\/laisvalaikio-dzinsiniai-sortai-denim-ease\/\" \/>\n<meta property=\"og:locale\" content=\"lv_LV\" \/>\n<meta property=\"og:type\" content=\"article\" \/>\n<meta property=\"og:title\" content=\"Laisvalaikio d\u017einsiniai \u0161ortai \u201eDenim Ease\u201c - MadosKampas.lt\" \/>\n<meta property=\"og:description\" content=\"Lengvi, patog\u016bs ir viskam tinkantys \u2013 \u201eDenim Ease\u201c d\u017einsiniai \u0161ortai taps tavo vasaros garderobo pagrindu.Auk\u0161ta juosmens linija, \u0161iek tiek laisvesnis siluetas ir tobulas ilgis \u2013 jie nevar\u017eo, bet i\u0161laiko stili\u0173.Tinka tiek su \u0161velniu megztuku, tiek su paprastu mar\u0161kin\u0117liu ar \u0161varkeliu. \u2714\ufe0f Klasikin\u0117 \u0161viesiai m\u0117lyna spalva\u2714\ufe0f Tinka tiek miesto gatv\u0117ms, tiek kelionei prie j\u016bros\u2714\ufe0f Patog\u016bs net visai dienai\u2714\ufe0f Dera su sportiniu, eleganti\u0161ku ar casual \u012fvaizd\u017eiu Dydis nuo XS iki L\" \/>\n<meta property=\"og:url\" content=\"https:\/\/madoskampas.lt\/lv\/product\/laisvalaikio-dzinsiniai-sortai-denim-ease\/\" \/>\n<meta property=\"og:site_name\" content=\"MadosKampas.lt\" \/>\n<meta property=\"article:modified_time\" content=\"2025-07-10T18:38:42+00:00\" \/>\n<meta property=\"og:image\" content=\"https:\/\/madoskampas.lt\/wp-content\/uploads\/2025\/06\/IMG_7732.jpeg\" \/>\n\t<meta property=\"og:image:width\" content=\"1536\" \/>\n\t<meta property=\"og:image:height\" content=\"2048\" \/>\n\t<meta property=\"og:image:type\" content=\"image\/jpeg\" \/>\n<meta name=\"twitter:card\" content=\"summary_large_image\" \/>\n<meta name=\"twitter:label1\" content=\"Est. reading time\" \/>\n\t<meta name=\"twitter:data1\" content=\"1 min\u016bte\" \/>\n<script type=\"application\/ld+json\" class=\"yoast-schema-graph\">{\"@context\":\"https:\\\/\\\/schema.org\",\"@graph\":[{\"@type\":\"WebPage\",\"@id\":\"https:\\\/\\\/madoskampas.lt\\\/produktas\\\/laisvalaikio-dzinsiniai-sortai-denim-ease\\\/\",\"url\":\"https:\\\/\\\/madoskampas.lt\\\/produktas\\\/laisvalaikio-dzinsiniai-sortai-denim-ease\\\/\",\"name\":\"Laisvalaikio d\u017einsiniai \u0161ortai \u201eDenim Ease\u201c - MadosKampas.lt\",\"isPartOf\":{\"@id\":\"https:\\\/\\\/madoskampas.lt\\\/#website\"},\"primaryImageOfPage\":{\"@id\":\"https:\\\/\\\/madoskampas.lt\\\/produktas\\\/laisvalaikio-dzinsiniai-sortai-denim-ease\\\/#primaryimage\"},\"image\":{\"@id\":\"https:\\\/\\\/madoskampas.lt\\\/produktas\\\/laisvalaikio-dzinsiniai-sortai-denim-ease\\\/#primaryimage\"},\"thumbnailUrl\":\"https:\\\/\\\/madoskampas.lt\\\/wp-content\\\/uploads\\\/2025\\\/06\\\/IMG_7732.jpeg\",\"datePublished\":\"2025-06-19T15:29:58+00:00\",\"dateModified\":\"2025-07-10T18:38:42+00:00\",\"breadcrumb\":{\"@id\":\"https:\\\/\\\/madoskampas.lt\\\/produktas\\\/laisvalaikio-dzinsiniai-sortai-denim-ease\\\/#breadcrumb\"},\"inLanguage\":\"lv-LV\",\"potentialAction\":[{\"@type\":\"ReadAction\",\"target\":[\"https:\\\/\\\/madoskampas.lt\\\/produktas\\\/laisvalaikio-dzinsiniai-sortai-denim-ease\\\/\"]}]},{\"@type\":\"ImageObject\",\"inLanguage\":\"lv-LV\",\"@id\":\"https:\\\/\\\/madoskampas.lt\\\/produktas\\\/laisvalaikio-dzinsiniai-sortai-denim-ease\\\/#primaryimage\",\"url\":\"https:\\\/\\\/madoskampas.lt\\\/wp-content\\\/uploads\\\/2025\\\/06\\\/IMG_7732.jpeg\",\"contentUrl\":\"https:\\\/\\\/madoskampas.lt\\\/wp-content\\\/uploads\\\/2025\\\/06\\\/IMG_7732.jpeg\",\"width\":1536,\"height\":2048},{\"@type\":\"BreadcrumbList\",\"@id\":\"https:\\\/\\\/madoskampas.lt\\\/produktas\\\/laisvalaikio-dzinsiniai-sortai-denim-ease\\\/#breadcrumb\",\"itemListElement\":[{\"@type\":\"ListItem\",\"position\":1,\"name\":\"Home\",\"item\":\"https:\\\/\\\/madoskampas.lt\\\/\"},{\"@type\":\"ListItem\",\"position\":2,\"name\":\"Parduotuv\u0117\",\"item\":\"https:\\\/\\\/madoskampas.lt\\\/parduotuve-2\\\/\"},{\"@type\":\"ListItem\",\"position\":3,\"name\":\"Laisvalaikio d\u017einsiniai \u0161ortai \u201eDenim Ease\u201c\"}]},{\"@type\":\"WebSite\",\"@id\":\"https:\\\/\\\/madoskampas.lt\\\/#website\",\"url\":\"https:\\\/\\\/madoskampas.lt\\\/\",\"name\":\"MadosKampas.lt\",\"description\":\"Stilingi drabu\u017eiai moterims\",\"potentialAction\":[{\"@type\":\"SearchAction\",\"target\":{\"@type\":\"EntryPoint\",\"urlTemplate\":\"https:\\\/\\\/madoskampas.lt\\\/?s={search_term_string}\"},\"query-input\":{\"@type\":\"PropertyValueSpecification\",\"valueRequired\":true,\"valueName\":\"search_term_string\"}}],\"inLanguage\":\"lv-LV\"}]}<\/script>\n<!-- \/ Yoast SEO plugin. -->","yoast_head_json":{"title":"Laisvalaikio d\u017einsiniai \u0161ortai \u201eDenim Ease\u201c - MadosKampas.lt","robots":{"index":"index","follow":"follow","max-snippet":"max-snippet:-1","max-image-preview":"max-image-preview:large","max-video-preview":"max-video-preview:-1"},"canonical":"https:\/\/madoskampas.lt\/lv\/product\/laisvalaikio-dzinsiniai-sortai-denim-ease\/","og_locale":"lv_LV","og_type":"article","og_title":"Laisvalaikio d\u017einsiniai \u0161ortai \u201eDenim Ease\u201c - MadosKampas.lt","og_description":"Lengvi, patog\u016bs ir viskam tinkantys \u2013 \u201eDenim Ease\u201c d\u017einsiniai \u0161ortai taps tavo vasaros garderobo pagrindu.Auk\u0161ta juosmens linija, \u0161iek tiek laisvesnis siluetas ir tobulas ilgis \u2013 jie nevar\u017eo, bet i\u0161laiko stili\u0173.Tinka tiek su \u0161velniu megztuku, tiek su paprastu mar\u0161kin\u0117liu ar \u0161varkeliu. \u2714\ufe0f Klasikin\u0117 \u0161viesiai m\u0117lyna spalva\u2714\ufe0f Tinka tiek miesto gatv\u0117ms, tiek kelionei prie j\u016bros\u2714\ufe0f Patog\u016bs net visai dienai\u2714\ufe0f Dera su sportiniu, eleganti\u0161ku ar casual \u012fvaizd\u017eiu Dydis nuo XS iki L","og_url":"https:\/\/madoskampas.lt\/lv\/product\/laisvalaikio-dzinsiniai-sortai-denim-ease\/","og_site_name":"MadosKampas.lt","article_modified_time":"2025-07-10T18:38:42+00:00","og_image":[{"width":1536,"height":2048,"url":"https:\/\/madoskampas.lt\/wp-content\/uploads\/2025\/06\/IMG_7732.jpeg","type":"image\/jpeg"}],"twitter_card":"summary_large_image","twitter_misc":{"Est. reading time":"1 min\u016bte"},"schema":{"@context":"https:\/\/schema.org","@graph":[{"@type":"WebPage","@id":"https:\/\/madoskampas.lt\/produktas\/laisvalaikio-dzinsiniai-sortai-denim-ease\/","url":"https:\/\/madoskampas.lt\/produktas\/laisvalaikio-dzinsiniai-sortai-denim-ease\/","name":"Laisvalaikio d\u017einsiniai \u0161ortai \u201eDenim Ease\u201c - MadosKampas.lt","isPartOf":{"@id":"https:\/\/madoskampas.lt\/#website"},"primaryImageOfPage":{"@id":"https:\/\/madoskampas.lt\/produktas\/laisvalaikio-dzinsiniai-sortai-denim-ease\/#primaryimage"},"image":{"@id":"https:\/\/madoskampas.lt\/produktas\/laisvalaikio-dzinsiniai-sortai-denim-ease\/#primaryimage"},"thumbnailUrl":"https:\/\/madoskampas.lt\/wp-content\/uploads\/2025\/06\/IMG_7732.jpeg","datePublished":"2025-06-19T15:29:58+00:00","dateModified":"2025-07-10T18:38:42+00:00","breadcrumb":{"@id":"https:\/\/madoskampas.lt\/produktas\/laisvalaikio-dzinsiniai-sortai-denim-ease\/#breadcrumb"},"inLanguage":"lv-LV","potentialAction":[{"@type":"ReadAction","target":["https:\/\/madoskampas.lt\/produktas\/laisvalaikio-dzinsiniai-sortai-denim-ease\/"]}]},{"@type":"ImageObject","inLanguage":"lv-LV","@id":"https:\/\/madoskampas.lt\/produktas\/laisvalaikio-dzinsiniai-sortai-denim-ease\/#primaryimage","url":"https:\/\/madoskampas.lt\/wp-content\/uploads\/2025\/06\/IMG_7732.jpeg","contentUrl":"https:\/\/madoskampas.lt\/wp-content\/uploads\/2025\/06\/IMG_7732.jpeg","width":1536,"height":2048},{"@type":"BreadcrumbList","@id":"https:\/\/madoskampas.lt\/produktas\/laisvalaikio-dzinsiniai-sortai-denim-ease\/#breadcrumb","itemListElement":[{"@type":"ListItem","position":1,"name":"Home","item":"https:\/\/madoskampas.lt\/"},{"@type":"ListItem","position":2,"name":"Parduotuv\u0117","item":"https:\/\/madoskampas.lt\/parduotuve-2\/"},{"@type":"ListItem","position":3,"name":"Laisvalaikio d\u017einsiniai \u0161ortai \u201eDenim Ease\u201c"}]},{"@type":"WebSite","@id":"https:\/\/madoskampas.lt\/#website","url":"https:\/\/madoskampas.lt\/","name":"FashionKampas.lt","description":"Stil\u012bgs ap\u0123\u0113rbs sieviet\u0113m","potentialAction":[{"@type":"SearchAction","target":{"@type":"EntryPoint","urlTemplate":"https:\/\/madoskampas.lt\/?s={search_term_string}"},"query-input":{"@type":"PropertyValueSpecification","valueRequired":true,"valueName":"search_term_string"}}],"inLanguage":"lv-LV"}]}},"uagb_featured_image_src":{"full":["https:\/\/madoskampas.lt\/wp-content\/uploads\/2025\/06\/IMG_7732.jpeg",1536,2048,false],"thumbnail":["https:\/\/madoskampas.lt\/wp-content\/uploads\/2025\/06\/IMG_7732-150x150.jpeg",150,150,true],"medium":["https:\/\/madoskampas.lt\/wp-content\/uploads\/2025\/06\/IMG_7732-225x300.jpeg",225,300,true],"medium_large":["https:\/\/madoskampas.lt\/wp-content\/uploads\/2025\/06\/IMG_7732-768x1024.jpeg",768,1024,true],"large":["https:\/\/madoskampas.lt\/wp-content\/uploads\/2025\/06\/IMG_7732-768x1024.jpeg",768,1024,true],"1536x1536":["https:\/\/madoskampas.lt\/wp-content\/uploads\/2025\/06\/IMG_7732-1152x1536.jpeg",1152,1536,true],"2048x2048":["https:\/\/madoskampas.lt\/wp-content\/uploads\/2025\/06\/IMG_7732.jpeg",1536,2048,false],"trp-custom-language-flag":["https:\/\/madoskampas.lt\/wp-content\/uploads\/2025\/06\/IMG_7732.jpeg",9,12,false],"nova-image-square":["https:\/\/madoskampas.lt\/wp-content\/uploads\/2025\/06\/IMG_7732-1100x1100.jpeg",1100,1100,true],"mixtas-product-03":["https:\/\/madoskampas.lt\/wp-content\/uploads\/2025\/06\/IMG_7732-600x345.jpeg",600,345,true],"woocommerce_thumbnail":["https:\/\/madoskampas.lt\/wp-content\/uploads\/2025\/06\/IMG_7732-700x700.jpeg",700,700,true],"woocommerce_single":["https:\/\/madoskampas.lt\/wp-content\/uploads\/2025\/06\/IMG_7732-1000x1333.jpeg",1000,1333,true],"woocommerce_gallery_thumbnail":["https:\/\/madoskampas.lt\/wp-content\/uploads\/2025\/06\/IMG_7732-250x250.jpeg",250,250,true],"variation_swatches_image_size":["https:\/\/madoskampas.lt\/wp-content\/uploads\/2025\/06\/IMG_7732-50x50.jpeg",50,50,true],"variation_swatches_tooltip_size":["https:\/\/madoskampas.lt\/wp-content\/uploads\/2025\/06\/IMG_7732-100x100.jpeg",100,100,true]},"uagb_author_info":{"display_name":"algirdasbart","author_link":"https:\/\/madoskampas.lt\/lv\/author\/"},"uagb_comment_info":0,"uagb_excerpt":"Lengvi, patog\u016bs ir viskam tinkantys \u2013 \u201eDenim Ease\u201c d\u017einsiniai \u0161ortai taps tavo vasaros garderobo pagrindu.Auk\u0161ta juosmens linija, \u0161iek tiek laisvesnis siluetas ir tobulas ilgis \u2013 jie nevar\u017eo, bet i\u0161laiko stili\u0173.Tinka tiek su \u0161velniu megztuku, tiek su paprastu mar\u0161kin\u0117liu ar \u0161varkeliu. \u2714\ufe0f Klasikin\u0117 \u0161viesiai m\u0117lyna spalva\u2714\ufe0f Tinka tiek miesto gatv\u0117ms, tiek kelionei prie j\u016bros\u2714\ufe0f Patog\u016bs net&hellip;","jetpack_sharing_enabled":true,"_links":{"self":[{"href":"https:\/\/madoskampas.lt\/lv\/wp-json\/wp\/v2\/product\/16894","targetHints":{"allow":["GET"]}}],"collection":[{"href":"https:\/\/madoskampas.lt\/lv\/wp-json\/wp\/v2\/product"}],"about":[{"href":"https:\/\/madoskampas.lt\/lv\/wp-json\/wp\/v2\/types\/product"}],"replies":[{"embeddable":true,"href":"https:\/\/madoskampas.lt\/lv\/wp-json\/wp\/v2\/comments?post=16894"}],"wp:featuredmedia":[{"embeddable":true,"href":"https:\/\/madoskampas.lt\/lv\/wp-json\/wp\/v2\/media\/16900"}],"wp:attachment":[{"href":"https:\/\/madoskampas.lt\/lv\/wp-json\/wp\/v2\/media?parent=16894"}],"wp:term":[{"taxonomy":"product_brand","embeddable":true,"href":"https:\/\/madoskampas.lt\/lv\/wp-json\/wp\/v2\/product_brand?post=16894"},{"taxonomy":"product_cat","embeddable":true,"href":"https:\/\/madoskampas.lt\/lv\/wp-json\/wp\/v2\/product_cat?post=16894"},{"taxonomy":"product_tag","embeddable":true,"href":"https:\/\/madoskampas.lt\/lv\/wp-json\/wp\/v2\/product_tag?post=16894"}],"curies":[{"name":"wp","href":"https:\/\/api.w.org\/{rel}","templated":true}]}}