{"id":19200,"date":"2025-09-04T16:46:19","date_gmt":"2025-09-04T16:46:19","guid":{"rendered":"https:\/\/madoskampas.lt\/?post_type=product&#038;p=19200"},"modified":"2026-02-25T09:30:25","modified_gmt":"2026-02-25T09:30:25","slug":"miksts-polo-dzemperis-ar-apkakli-un-ravejsledzeju","status":"publish","type":"product","link":"https:\/\/madoskampas.lt\/lv\/product\/miksts-polo-dzemperis-ar-apkakli-un-ravejsledzeju\/","title":{"rendered":"Soft Zip Polo - pulovers ar apkakli un r\u0101v\u0113jsl\u0113dz\u0113ju"},"content":{"rendered":"<p><strong data-start=\"345\" data-end=\"401\">Viegls, bet izteiksm\u012bgs. Ikdieni\u0161\u0137s, bet \u012bpa\u0161s.<\/strong><br data-start=\"401\" data-end=\"404\" \/>\u201eSoft Zip Polo ir stil\u012bgs d\u017eemperis ar <strong data-start=\"449\" data-end=\"471\">polo apkakle<\/strong> un smalku r\u0101v\u0113jsl\u0113dz\u0113ju priek\u0161pus\u0113.<\/p>","protected":false},"excerpt":{"rendered":"<p data-start=\"345\" data-end=\"649\"><strong data-start=\"345\" data-end=\"401\">Viegls, bet izteiksm\u012bgs. Ikdieni\u0161\u0137s, bet \u012bpa\u0161s.<\/strong><br data-start=\"401\" data-end=\"404\" \/>\u201eSoft Zip Polo ir stil\u012bgs d\u017eemperis ar <strong data-start=\"449\" data-end=\"471\">polo apkakle<\/strong> un smalku r\u0101v\u0113jsl\u0113dz\u0113ju priek\u0161pus\u0113.<br data-start=\"505\" data-end=\"508\" \/>Izgatavota no m\u012bksta, gluda trikot\u0101\u017eas auduma, kas cie\u0161i piegu\u013c, nesavelk un ir piem\u0113rota da\u017e\u0101diem gad\u012bjumiem - gan darb\u0101, gan ned\u0113\u013cas nogal\u0113.<\/p>\n<p data-start=\"651\" data-end=\"801\"><strong data-start=\"651\" data-end=\"682\">Viegli kr\u012bto\u0161s siluets<\/strong> var valk\u0101t piespraustu pie sv\u0101rkiem vai biks\u0113m, vai va\u013c\u0113ju - kombin\u0113t ar plis\u0113tiem sv\u0101rkiem, plat\u0101m biks\u0113m vai d\u017einsiem.<\/p>\n<hr data-start=\"803\" data-end=\"806\" \/>\n<p data-start=\"808\" data-end=\"1122\"><strong data-start=\"808\" data-end=\"820\">S\u012bk\u0101ka inform\u0101cija:<\/strong><br data-start=\"820\" data-end=\"823\" \/>\u2714 Polo apkakle ar r\u0101v\u0113jsl\u0113dz\u0113ju<br data-start=\"858\" data-end=\"861\" \/>\u2714 M\u012bksts, elast\u012bgs audums<br data-start=\"891\" data-end=\"894\" \/>\u2714 M\u012bksta virsma - \u0113rta piesk\u0101rienam<br data-start=\"929\" data-end=\"932\" \/>\u2714 Izm\u0113ri: no S l\u012bdz XL<br data-start=\"1060\" data-end=\"1063\" \/>\u2714 gurnu garums - var valk\u0101t va\u013c\u0113ju vai ie\u0161\u016bpojamu<\/p>","protected":false},"featured_media":25950,"comment_status":"open","ping_status":"closed","template":"","meta":{"_uag_custom_page_level_css":"","_monsterinsights_skip_tracking":false,"_monsterinsights_sitenote_active":false,"_monsterinsights_sitenote_note":"","_monsterinsights_sitenote_category":0},"product_brand":[],"product_cat":[66,73,95],"product_tag":[],"class_list":{"0":"post-19200","1":"product","2":"type-product","3":"status-publish","4":"has-post-thumbnail","6":"product_cat-drabuziai","7":"product_cat-megztiniai","8":"product_cat-naujausi","9":"tm-has-options","11":"first","12":"instock","13":"shipping-taxable","14":"purchasable","15":"product-type-variable"},"yoast_head":"<!-- This site is optimized with the Yoast SEO plugin v27.3 - https:\/\/yoast.com\/product\/yoast-seo-wordpress\/ -->\n<title>Soft Zip Polo\u201c \u2013 megztinis su apykakle ir u\u017etrauktuku - MadosKampas.lt<\/title>\n<meta name=\"robots\" content=\"index, follow, max-snippet:-1, max-image-preview:large, max-video-preview:-1\" \/>\n<link rel=\"canonical\" href=\"https:\/\/madoskampas.lt\/lv\/product\/miksts-polo-dzemperis-ar-apkakli-un-ravejsledzeju\/\" \/>\n<meta property=\"og:locale\" content=\"lv_LV\" \/>\n<meta property=\"og:type\" content=\"article\" \/>\n<meta property=\"og:title\" content=\"Soft Zip Polo\u201c \u2013 megztinis su apykakle ir u\u017etrauktuku - MadosKampas.lt\" \/>\n<meta property=\"og:description\" content=\"Lengvas, bet i\u0161rai\u0161kingas. Kasdienis, bet ypatingas.\u201eSoft Zip Polo\u201c \u2013 tai stilingas megztinis su polo tipo apykakle ir subtiliu u\u017etrauktuku priekyje.Pagamintas i\u0161 \u0161velnaus, glotnaus mezgimo audinio, kuris maloniai priglunda, nevar\u017eo ir tinka \u012fvairioms progoms \u2013 tiek darbe, tiek savaitgal\u012f. Lengvai krentantis siluetas tinka d\u0117v\u0117ti tiek \u012fki\u0161t\u0105 \u012f sijon\u0105 ar kelnes, tiek laisvai \u2013 derink su plisuotu sijonu, pla\u010diomis keln\u0117mis ar d\u017einsais.    Detal\u0117s:\u2714 Polo tipo apykakl\u0117 su u\u017etrauktuku\u2714 Mink\u0161tas, elastingas audinys\u2714 \u0160velnus pavir\u0161ius \u2013 jaukus liesti\u2714 Dyd\u017eiai: nuo S iki XL\u2714 Ilgis iki klub\u0173 \u2013 galima d\u0117v\u0117ti tiek laisvai, tiek \u012fki\u0161t\u0105\" \/>\n<meta property=\"og:url\" content=\"https:\/\/madoskampas.lt\/lv\/product\/miksts-polo-dzemperis-ar-apkakli-un-ravejsledzeju\/\" \/>\n<meta property=\"og:site_name\" content=\"MadosKampas.lt\" \/>\n<meta property=\"article:modified_time\" content=\"2026-02-25T09:30:25+00:00\" \/>\n<meta property=\"og:image\" content=\"https:\/\/madoskampas.lt\/wp-content\/uploads\/2025\/09\/IMG_5410-1.jpeg\" \/>\n\t<meta property=\"og:image:width\" content=\"1536\" \/>\n\t<meta property=\"og:image:height\" content=\"2048\" \/>\n\t<meta property=\"og:image:type\" content=\"image\/jpeg\" \/>\n<meta name=\"twitter:card\" content=\"summary_large_image\" \/>\n<meta name=\"twitter:label1\" content=\"Est. reading time\" \/>\n\t<meta name=\"twitter:data1\" content=\"1 min\u016bte\" \/>\n<script type=\"application\/ld+json\" class=\"yoast-schema-graph\">{\"@context\":\"https:\\\/\\\/schema.org\",\"@graph\":[{\"@type\":\"WebPage\",\"@id\":\"https:\\\/\\\/madoskampas.lt\\\/produktas\\\/soft-zip-polo-megztinis-su-apykakle-ir-uztrauktuku\\\/\",\"url\":\"https:\\\/\\\/madoskampas.lt\\\/produktas\\\/soft-zip-polo-megztinis-su-apykakle-ir-uztrauktuku\\\/\",\"name\":\"Soft Zip Polo\u201c \u2013 megztinis su apykakle ir u\u017etrauktuku - MadosKampas.lt\",\"isPartOf\":{\"@id\":\"https:\\\/\\\/madoskampas.lt\\\/#website\"},\"primaryImageOfPage\":{\"@id\":\"https:\\\/\\\/madoskampas.lt\\\/produktas\\\/soft-zip-polo-megztinis-su-apykakle-ir-uztrauktuku\\\/#primaryimage\"},\"image\":{\"@id\":\"https:\\\/\\\/madoskampas.lt\\\/produktas\\\/soft-zip-polo-megztinis-su-apykakle-ir-uztrauktuku\\\/#primaryimage\"},\"thumbnailUrl\":\"https:\\\/\\\/madoskampas.lt\\\/wp-content\\\/uploads\\\/2025\\\/09\\\/img_0021-scaled.jpeg\",\"datePublished\":\"2025-09-04T16:46:19+00:00\",\"dateModified\":\"2026-02-25T09:30:25+00:00\",\"breadcrumb\":{\"@id\":\"https:\\\/\\\/madoskampas.lt\\\/produktas\\\/soft-zip-polo-megztinis-su-apykakle-ir-uztrauktuku\\\/#breadcrumb\"},\"inLanguage\":\"lv-LV\",\"potentialAction\":[{\"@type\":\"ReadAction\",\"target\":[\"https:\\\/\\\/madoskampas.lt\\\/produktas\\\/soft-zip-polo-megztinis-su-apykakle-ir-uztrauktuku\\\/\"]}]},{\"@type\":\"ImageObject\",\"inLanguage\":\"lv-LV\",\"@id\":\"https:\\\/\\\/madoskampas.lt\\\/produktas\\\/soft-zip-polo-megztinis-su-apykakle-ir-uztrauktuku\\\/#primaryimage\",\"url\":\"https:\\\/\\\/madoskampas.lt\\\/wp-content\\\/uploads\\\/2025\\\/09\\\/img_0021-scaled.jpeg\",\"contentUrl\":\"https:\\\/\\\/madoskampas.lt\\\/wp-content\\\/uploads\\\/2025\\\/09\\\/img_0021-scaled.jpeg\",\"width\":1440,\"height\":2560},{\"@type\":\"BreadcrumbList\",\"@id\":\"https:\\\/\\\/madoskampas.lt\\\/produktas\\\/soft-zip-polo-megztinis-su-apykakle-ir-uztrauktuku\\\/#breadcrumb\",\"itemListElement\":[{\"@type\":\"ListItem\",\"position\":1,\"name\":\"Home\",\"item\":\"https:\\\/\\\/madoskampas.lt\\\/\"},{\"@type\":\"ListItem\",\"position\":2,\"name\":\"Parduotuv\u0117\",\"item\":\"https:\\\/\\\/madoskampas.lt\\\/parduotuve-2\\\/\"},{\"@type\":\"ListItem\",\"position\":3,\"name\":\"Soft Zip Polo\u201c \u2013 megztinis su apykakle ir u\u017etrauktuku\"}]},{\"@type\":\"WebSite\",\"@id\":\"https:\\\/\\\/madoskampas.lt\\\/#website\",\"url\":\"https:\\\/\\\/madoskampas.lt\\\/\",\"name\":\"MadosKampas.lt\",\"description\":\"Stilingi drabu\u017eiai moterims\",\"potentialAction\":[{\"@type\":\"SearchAction\",\"target\":{\"@type\":\"EntryPoint\",\"urlTemplate\":\"https:\\\/\\\/madoskampas.lt\\\/?s={search_term_string}\"},\"query-input\":{\"@type\":\"PropertyValueSpecification\",\"valueRequired\":true,\"valueName\":\"search_term_string\"}}],\"inLanguage\":\"lv-LV\"}]}<\/script>\n<!-- \/ Yoast SEO plugin. -->","yoast_head_json":{"title":"Soft Zip Polo\u201c - pulovers ar apkakli un r\u0101v\u0113jsl\u0113dz\u0113ju - MadosKampas.lt","robots":{"index":"index","follow":"follow","max-snippet":"max-snippet:-1","max-image-preview":"max-image-preview:large","max-video-preview":"max-video-preview:-1"},"canonical":"https:\/\/madoskampas.lt\/lv\/product\/miksts-polo-dzemperis-ar-apkakli-un-ravejsledzeju\/","og_locale":"lv_LV","og_type":"article","og_title":"Soft Zip Polo\u201c \u2013 megztinis su apykakle ir u\u017etrauktuku - MadosKampas.lt","og_description":"Lengvas, bet i\u0161rai\u0161kingas. Kasdienis, bet ypatingas.\u201eSoft Zip Polo\u201c \u2013 tai stilingas megztinis su polo tipo apykakle ir subtiliu u\u017etrauktuku priekyje.Pagamintas i\u0161 \u0161velnaus, glotnaus mezgimo audinio, kuris maloniai priglunda, nevar\u017eo ir tinka \u012fvairioms progoms \u2013 tiek darbe, tiek savaitgal\u012f. Lengvai krentantis siluetas tinka d\u0117v\u0117ti tiek \u012fki\u0161t\u0105 \u012f sijon\u0105 ar kelnes, tiek laisvai \u2013 derink su plisuotu sijonu, pla\u010diomis keln\u0117mis ar d\u017einsais.    Detal\u0117s:\u2714 Polo tipo apykakl\u0117 su u\u017etrauktuku\u2714 Mink\u0161tas, elastingas audinys\u2714 \u0160velnus pavir\u0161ius \u2013 jaukus liesti\u2714 Dyd\u017eiai: nuo S iki XL\u2714 Ilgis iki klub\u0173 \u2013 galima d\u0117v\u0117ti tiek laisvai, tiek \u012fki\u0161t\u0105","og_url":"https:\/\/madoskampas.lt\/lv\/product\/miksts-polo-dzemperis-ar-apkakli-un-ravejsledzeju\/","og_site_name":"MadosKampas.lt","article_modified_time":"2026-02-25T09:30:25+00:00","og_image":[{"width":1536,"height":2048,"url":"https:\/\/madoskampas.lt\/wp-content\/uploads\/2025\/09\/IMG_5410-1.jpeg","type":"image\/jpeg"}],"twitter_card":"summary_large_image","twitter_misc":{"Est. reading time":"1 min\u016bte"},"schema":{"@context":"https:\/\/schema.org","@graph":[{"@type":"WebPage","@id":"https:\/\/madoskampas.lt\/produktas\/soft-zip-polo-megztinis-su-apykakle-ir-uztrauktuku\/","url":"https:\/\/madoskampas.lt\/produktas\/soft-zip-polo-megztinis-su-apykakle-ir-uztrauktuku\/","name":"Soft Zip Polo\u201c - pulovers ar apkakli un r\u0101v\u0113jsl\u0113dz\u0113ju - MadosKampas.lt","isPartOf":{"@id":"https:\/\/madoskampas.lt\/#website"},"primaryImageOfPage":{"@id":"https:\/\/madoskampas.lt\/produktas\/soft-zip-polo-megztinis-su-apykakle-ir-uztrauktuku\/#primaryimage"},"image":{"@id":"https:\/\/madoskampas.lt\/produktas\/soft-zip-polo-megztinis-su-apykakle-ir-uztrauktuku\/#primaryimage"},"thumbnailUrl":"https:\/\/madoskampas.lt\/wp-content\/uploads\/2025\/09\/img_0021-scaled.jpeg","datePublished":"2025-09-04T16:46:19+00:00","dateModified":"2026-02-25T09:30:25+00:00","breadcrumb":{"@id":"https:\/\/madoskampas.lt\/produktas\/soft-zip-polo-megztinis-su-apykakle-ir-uztrauktuku\/#breadcrumb"},"inLanguage":"lv-LV","potentialAction":[{"@type":"ReadAction","target":["https:\/\/madoskampas.lt\/produktas\/soft-zip-polo-megztinis-su-apykakle-ir-uztrauktuku\/"]}]},{"@type":"ImageObject","inLanguage":"lv-LV","@id":"https:\/\/madoskampas.lt\/produktas\/soft-zip-polo-megztinis-su-apykakle-ir-uztrauktuku\/#primaryimage","url":"https:\/\/madoskampas.lt\/wp-content\/uploads\/2025\/09\/img_0021-scaled.jpeg","contentUrl":"https:\/\/madoskampas.lt\/wp-content\/uploads\/2025\/09\/img_0021-scaled.jpeg","width":1440,"height":2560},{"@type":"BreadcrumbList","@id":"https:\/\/madoskampas.lt\/produktas\/soft-zip-polo-megztinis-su-apykakle-ir-uztrauktuku\/#breadcrumb","itemListElement":[{"@type":"ListItem","position":1,"name":"Home","item":"https:\/\/madoskampas.lt\/"},{"@type":"ListItem","position":2,"name":"Parduotuv\u0117","item":"https:\/\/madoskampas.lt\/parduotuve-2\/"},{"@type":"ListItem","position":3,"name":"Soft Zip Polo\u201c \u2013 megztinis su apykakle ir u\u017etrauktuku"}]},{"@type":"WebSite","@id":"https:\/\/madoskampas.lt\/#website","url":"https:\/\/madoskampas.lt\/","name":"FashionKampas.lt","description":"Stil\u012bgs ap\u0123\u0113rbs sieviet\u0113m","potentialAction":[{"@type":"SearchAction","target":{"@type":"EntryPoint","urlTemplate":"https:\/\/madoskampas.lt\/?s={search_term_string}"},"query-input":{"@type":"PropertyValueSpecification","valueRequired":true,"valueName":"search_term_string"}}],"inLanguage":"lv-LV"}]}},"uagb_featured_image_src":{"full":["https:\/\/madoskampas.lt\/wp-content\/uploads\/2025\/09\/img_0021-scaled.jpeg",1440,2560,false],"thumbnail":["https:\/\/madoskampas.lt\/wp-content\/uploads\/2025\/09\/img_0021-150x150.jpeg",150,150,true],"medium":["https:\/\/madoskampas.lt\/wp-content\/uploads\/2025\/09\/img_0021-169x300.jpeg",169,300,true],"medium_large":["https:\/\/madoskampas.lt\/wp-content\/uploads\/2025\/09\/img_0021-768x1365.jpeg",768,1365,true],"large":["https:\/\/madoskampas.lt\/wp-content\/uploads\/2025\/09\/img_0021-576x1024.jpeg",576,1024,true],"1536x1536":["https:\/\/madoskampas.lt\/wp-content\/uploads\/2025\/09\/img_0021-864x1536.jpeg",864,1536,true],"2048x2048":["https:\/\/madoskampas.lt\/wp-content\/uploads\/2025\/09\/img_0021-1152x2048.jpeg",1152,2048,true],"trp-custom-language-flag":["https:\/\/madoskampas.lt\/wp-content\/uploads\/2025\/09\/img_0021-7x12.jpeg",7,12,true],"nova-image-square":["https:\/\/madoskampas.lt\/wp-content\/uploads\/2025\/09\/img_0021-1100x1100.jpeg",1100,1100,true],"mixtas-product-03":["https:\/\/madoskampas.lt\/wp-content\/uploads\/2025\/09\/img_0021-600x345.jpeg",600,345,true],"woocommerce_thumbnail":["https:\/\/madoskampas.lt\/wp-content\/uploads\/2025\/09\/img_0021-700x700.jpeg",700,700,true],"woocommerce_single":["https:\/\/madoskampas.lt\/wp-content\/uploads\/2025\/09\/img_0021-1000x1777.jpeg",1000,1777,true],"woocommerce_gallery_thumbnail":["https:\/\/madoskampas.lt\/wp-content\/uploads\/2025\/09\/img_0021-250x250.jpeg",250,250,true],"variation_swatches_image_size":["https:\/\/madoskampas.lt\/wp-content\/uploads\/2025\/09\/img_0021-50x50.jpeg",50,50,true],"variation_swatches_tooltip_size":["https:\/\/madoskampas.lt\/wp-content\/uploads\/2025\/09\/img_0021-100x100.jpeg",100,100,true]},"uagb_author_info":{"display_name":"algirdasbart","author_link":"https:\/\/madoskampas.lt\/lv\/author\/"},"uagb_comment_info":1,"uagb_excerpt":"Lengvas, bet i\u0161rai\u0161kingas. Kasdienis, bet ypatingas.\u201eSoft Zip Polo\u201c \u2013 tai stilingas megztinis su polo tipo apykakle ir subtiliu u\u017etrauktuku priekyje.Pagamintas i\u0161 \u0161velnaus, glotnaus mezgimo audinio, kuris maloniai priglunda, nevar\u017eo ir tinka \u012fvairioms progoms \u2013 tiek darbe, tiek savaitgal\u012f. Lengvai krentantis siluetas tinka d\u0117v\u0117ti tiek \u012fki\u0161t\u0105 \u012f sijon\u0105 ar kelnes, tiek laisvai \u2013 derink su plisuotu&hellip;","jetpack_sharing_enabled":true,"_links":{"self":[{"href":"https:\/\/madoskampas.lt\/lv\/wp-json\/wp\/v2\/product\/19200","targetHints":{"allow":["GET"]}}],"collection":[{"href":"https:\/\/madoskampas.lt\/lv\/wp-json\/wp\/v2\/product"}],"about":[{"href":"https:\/\/madoskampas.lt\/lv\/wp-json\/wp\/v2\/types\/product"}],"replies":[{"embeddable":true,"href":"https:\/\/madoskampas.lt\/lv\/wp-json\/wp\/v2\/comments?post=19200"}],"wp:featuredmedia":[{"embeddable":true,"href":"https:\/\/madoskampas.lt\/lv\/wp-json\/wp\/v2\/media\/25950"}],"wp:attachment":[{"href":"https:\/\/madoskampas.lt\/lv\/wp-json\/wp\/v2\/media?parent=19200"}],"wp:term":[{"taxonomy":"product_brand","embeddable":true,"href":"https:\/\/madoskampas.lt\/lv\/wp-json\/wp\/v2\/product_brand?post=19200"},{"taxonomy":"product_cat","embeddable":true,"href":"https:\/\/madoskampas.lt\/lv\/wp-json\/wp\/v2\/product_cat?post=19200"},{"taxonomy":"product_tag","embeddable":true,"href":"https:\/\/madoskampas.lt\/lv\/wp-json\/wp\/v2\/product_tag?post=19200"}],"curies":[{"name":"wp","href":"https:\/\/api.w.org\/{rel}","templated":true}]}}