{"id":19675,"date":"2025-09-15T15:33:01","date_gmt":"2025-09-15T15:33:01","guid":{"rendered":"https:\/\/madoskampas.lt\/?post_type=product&#038;p=19675"},"modified":"2026-04-23T17:47:08","modified_gmt":"2026-04-23T17:47:08","slug":"power-shoulders-juodas-svarkas-su-platesniais-peciais","status":"publish","type":"product","link":"https:\/\/madoskampas.lt\/lv\/product\/power-shoulders-juodas-svarkas-su-platesniais-peciais\/","title":{"rendered":"\u201ePower Shoulders\u201c melns bleizers ar plat\u0101kiem pleciem"},"content":{"rendered":"<p>\u201ePower Shoulders\u201c \u2013 tai \u0161varkas, kuris simbolizuoja \u0161iuolaikin\u0117s moters pasitik\u0117jim\u0105 savimi ir stiliaus poj\u016bt\u012f. Klasikin\u0117 juoda spalva dera su moderniu, lengvai oversized kirpimu, o ry\u0161kiau formuoti pe\u010diai suteikia siluetui strukt\u016bros, i\u0161rai\u0161kingumo ir eleganti\u0161kos dr\u0105sos.<\/p>","protected":false},"excerpt":{"rendered":"<p data-start=\"162\" data-end=\"454\">\u201ePower Shoulders\u201c \u2013 tai \u0161varkas, kuris simbolizuoja \u0161iuolaikin\u0117s moters pasitik\u0117jim\u0105 savimi ir stiliaus poj\u016bt\u012f. Klasikin\u0117 juoda spalva dera su moderniu, lengvai oversized kirpimu, o ry\u0161kiau formuoti pe\u010diai suteikia siluetui strukt\u016bros, i\u0161rai\u0161kingumo ir eleganti\u0161kos dr\u0105sos.<\/p>\n<p data-start=\"456\" data-end=\"788\">Vienos sagos u\u017esegimas ir minimalistin\u0117s linijos leid\u017eia \u0161vark\u0105 lengvai derinti tiek prie d\u017eins\u0173 kasdieniam miesto \u012fvaizd\u017eiui, tiek prie klasikini\u0173 kelni\u0173 ar sijono oficialioms progoms. Plonesnis audinys ir nepriekai\u0161tinga konstrukcija u\u017etikrina, kad \u0161varkas patogiai krist\u0173 ir i\u0161likt\u0173 nepakei\u010diamu stiliaus akcentu ilgus sezonus.<\/p>\n<p data-start=\"790\" data-end=\"907\">Tai ne tik drabu\u017eis, bet ir \u012fvaizd\u017eio investicija \u2013 su juo visada atrodysite stilingai, solid\u017eiai ir \u0161iuolaiki\u0161kai.<\/p>\n<p data-start=\"634\" data-end=\"655\">\ud83d\udccf <strong data-start=\"637\" data-end=\"653\">Izm\u0113ri:<\/strong><\/p>\n<ul data-start=\"656\" data-end=\"737\">\n<li data-start=\"656\" data-end=\"696\">\n<p data-start=\"658\" data-end=\"696\">S\/M: kr\u016btin\u0117 \u2013 50 cm | ilgis \u2013 67 cm<\/p>\n<\/li>\n<li data-start=\"697\" data-end=\"737\">\n<p data-start=\"699\" data-end=\"737\">M\/L: kr\u016btin\u0117 \u2013 53 cm | ilgis \u2013 67 cm<\/p>\n<\/li>\n<\/ul>\n<p data-start=\"739\" data-end=\"761\">","protected":false},"featured_media":19867,"comment_status":"open","ping_status":"closed","template":"","meta":{"_uag_custom_page_level_css":"","_monsterinsights_skip_tracking":false,"_monsterinsights_sitenote_active":false,"_monsterinsights_sitenote_note":"","_monsterinsights_sitenote_category":0},"product_brand":[],"product_cat":[66,95,96,79],"product_tag":[],"class_list":{"0":"post-19675","1":"product","2":"type-product","3":"status-publish","4":"has-post-thumbnail","6":"product_cat-drabuziai","7":"product_cat-naujausi","8":"product_cat-populiariausi","9":"product_cat-svarkai","10":"tm-has-options","12":"first","13":"instock","14":"sale","15":"shipping-taxable","16":"purchasable","17":"product-type-variable"},"yoast_head":"<!-- This site is optimized with the Yoast SEO plugin v27.4 - https:\/\/yoast.com\/product\/yoast-seo-wordpress\/ -->\n<title>\u201ePower Shoulders\u201c juodas \u0161varkas su platesniais pe\u010diais - MadosKampas.lt<\/title>\n<meta name=\"robots\" content=\"index, follow, max-snippet:-1, max-image-preview:large, max-video-preview:-1\" \/>\n<link rel=\"canonical\" href=\"https:\/\/madoskampas.lt\/lv\/product\/power-shoulders-juodas-svarkas-su-platesniais-peciais\/\" \/>\n<meta property=\"og:locale\" content=\"lv_LV\" \/>\n<meta property=\"og:type\" content=\"article\" \/>\n<meta property=\"og:title\" content=\"\u201ePower Shoulders\u201c juodas \u0161varkas su platesniais pe\u010diais - MadosKampas.lt\" \/>\n<meta property=\"og:description\" content=\"\u201ePower Shoulders\u201c \u2013 tai \u0161varkas, kuris simbolizuoja \u0161iuolaikin\u0117s moters pasitik\u0117jim\u0105 savimi ir stiliaus poj\u016bt\u012f. Klasikin\u0117 juoda spalva dera su moderniu, lengvai oversized kirpimu, o ry\u0161kiau formuoti pe\u010diai suteikia siluetui strukt\u016bros, i\u0161rai\u0161kingumo ir eleganti\u0161kos dr\u0105sos. Vienos sagos u\u017esegimas ir minimalistin\u0117s linijos leid\u017eia \u0161vark\u0105 lengvai derinti tiek prie d\u017eins\u0173 kasdieniam miesto \u012fvaizd\u017eiui, tiek prie klasikini\u0173 kelni\u0173 ar sijono oficialioms progoms. Plonesnis audinys ir nepriekai\u0161tinga konstrukcija u\u017etikrina, kad \u0161varkas patogiai krist\u0173 ir i\u0161likt\u0173 nepakei\u010diamu stiliaus akcentu ilgus sezonus. Tai ne tik drabu\u017eis, bet ir \u012fvaizd\u017eio investicija \u2013 su juo visada atrodysite stilingai, solid\u017eiai ir \u0161iuolaiki\u0161kai. \ud83d\udccf I\u0161matavimai:     S\/M: kr\u016btin\u0117 \u2013 50 cm | ilgis \u2013 67 cm    M\/L: kr\u016btin\u0117 \u2013 53 cm | ilgis \u2013 67 cm\" \/>\n<meta property=\"og:url\" content=\"https:\/\/madoskampas.lt\/lv\/product\/power-shoulders-juodas-svarkas-su-platesniais-peciais\/\" \/>\n<meta property=\"og:site_name\" content=\"MadosKampas.lt\" \/>\n<meta property=\"article:modified_time\" content=\"2026-04-23T17:47:08+00:00\" \/>\n<meta property=\"og:image\" content=\"https:\/\/madoskampas.lt\/wp-content\/uploads\/2025\/09\/IMG_6696.jpeg\" \/>\n\t<meta property=\"og:image:width\" content=\"1536\" \/>\n\t<meta property=\"og:image:height\" content=\"2048\" \/>\n\t<meta property=\"og:image:type\" content=\"image\/jpeg\" \/>\n<meta name=\"twitter:card\" content=\"summary_large_image\" \/>\n<meta name=\"twitter:label1\" content=\"Est. reading time\" \/>\n\t<meta name=\"twitter:data1\" content=\"1 min\u016bte\" \/>\n<script type=\"application\/ld+json\" class=\"yoast-schema-graph\">{\"@context\":\"https:\\\/\\\/schema.org\",\"@graph\":[{\"@type\":\"WebPage\",\"@id\":\"https:\\\/\\\/madoskampas.lt\\\/produktas\\\/power-shoulders-juodas-svarkas-su-platesniais-peciais\\\/\",\"url\":\"https:\\\/\\\/madoskampas.lt\\\/produktas\\\/power-shoulders-juodas-svarkas-su-platesniais-peciais\\\/\",\"name\":\"\u201ePower Shoulders\u201c juodas \u0161varkas su platesniais pe\u010diais - MadosKampas.lt\",\"isPartOf\":{\"@id\":\"https:\\\/\\\/madoskampas.lt\\\/#website\"},\"primaryImageOfPage\":{\"@id\":\"https:\\\/\\\/madoskampas.lt\\\/produktas\\\/power-shoulders-juodas-svarkas-su-platesniais-peciais\\\/#primaryimage\"},\"image\":{\"@id\":\"https:\\\/\\\/madoskampas.lt\\\/produktas\\\/power-shoulders-juodas-svarkas-su-platesniais-peciais\\\/#primaryimage\"},\"thumbnailUrl\":\"https:\\\/\\\/madoskampas.lt\\\/wp-content\\\/uploads\\\/2025\\\/09\\\/IMG_6696.jpeg\",\"datePublished\":\"2025-09-15T15:33:01+00:00\",\"dateModified\":\"2026-04-23T17:47:08+00:00\",\"breadcrumb\":{\"@id\":\"https:\\\/\\\/madoskampas.lt\\\/produktas\\\/power-shoulders-juodas-svarkas-su-platesniais-peciais\\\/#breadcrumb\"},\"inLanguage\":\"lv-LV\",\"potentialAction\":[{\"@type\":\"ReadAction\",\"target\":[\"https:\\\/\\\/madoskampas.lt\\\/produktas\\\/power-shoulders-juodas-svarkas-su-platesniais-peciais\\\/\"]}]},{\"@type\":\"ImageObject\",\"inLanguage\":\"lv-LV\",\"@id\":\"https:\\\/\\\/madoskampas.lt\\\/produktas\\\/power-shoulders-juodas-svarkas-su-platesniais-peciais\\\/#primaryimage\",\"url\":\"https:\\\/\\\/madoskampas.lt\\\/wp-content\\\/uploads\\\/2025\\\/09\\\/IMG_6696.jpeg\",\"contentUrl\":\"https:\\\/\\\/madoskampas.lt\\\/wp-content\\\/uploads\\\/2025\\\/09\\\/IMG_6696.jpeg\",\"width\":1536,\"height\":2048},{\"@type\":\"BreadcrumbList\",\"@id\":\"https:\\\/\\\/madoskampas.lt\\\/produktas\\\/power-shoulders-juodas-svarkas-su-platesniais-peciais\\\/#breadcrumb\",\"itemListElement\":[{\"@type\":\"ListItem\",\"position\":1,\"name\":\"Home\",\"item\":\"https:\\\/\\\/madoskampas.lt\\\/\"},{\"@type\":\"ListItem\",\"position\":2,\"name\":\"Parduotuv\u0117\",\"item\":\"https:\\\/\\\/madoskampas.lt\\\/parduotuve-2\\\/\"},{\"@type\":\"ListItem\",\"position\":3,\"name\":\"\u201ePower Shoulders\u201c juodas \u0161varkas su platesniais pe\u010diais\"}]},{\"@type\":\"WebSite\",\"@id\":\"https:\\\/\\\/madoskampas.lt\\\/#website\",\"url\":\"https:\\\/\\\/madoskampas.lt\\\/\",\"name\":\"MadosKampas.lt\",\"description\":\"Stilingi drabu\u017eiai moterims\",\"potentialAction\":[{\"@type\":\"SearchAction\",\"target\":{\"@type\":\"EntryPoint\",\"urlTemplate\":\"https:\\\/\\\/madoskampas.lt\\\/?s={search_term_string}\"},\"query-input\":{\"@type\":\"PropertyValueSpecification\",\"valueRequired\":true,\"valueName\":\"search_term_string\"}}],\"inLanguage\":\"lv-LV\"}]}<\/script>\n<!-- \/ Yoast SEO plugin. -->","yoast_head_json":{"title":"\u201ePower Shoulders\u201c juodas \u0161varkas su platesniais pe\u010diais - MadosKampas.lt","robots":{"index":"index","follow":"follow","max-snippet":"max-snippet:-1","max-image-preview":"max-image-preview:large","max-video-preview":"max-video-preview:-1"},"canonical":"https:\/\/madoskampas.lt\/lv\/product\/power-shoulders-juodas-svarkas-su-platesniais-peciais\/","og_locale":"lv_LV","og_type":"article","og_title":"\u201ePower Shoulders\u201c juodas \u0161varkas su platesniais pe\u010diais - MadosKampas.lt","og_description":"\u201ePower Shoulders\u201c \u2013 tai \u0161varkas, kuris simbolizuoja \u0161iuolaikin\u0117s moters pasitik\u0117jim\u0105 savimi ir stiliaus poj\u016bt\u012f. Klasikin\u0117 juoda spalva dera su moderniu, lengvai oversized kirpimu, o ry\u0161kiau formuoti pe\u010diai suteikia siluetui strukt\u016bros, i\u0161rai\u0161kingumo ir eleganti\u0161kos dr\u0105sos. Vienos sagos u\u017esegimas ir minimalistin\u0117s linijos leid\u017eia \u0161vark\u0105 lengvai derinti tiek prie d\u017eins\u0173 kasdieniam miesto \u012fvaizd\u017eiui, tiek prie klasikini\u0173 kelni\u0173 ar sijono oficialioms progoms. Plonesnis audinys ir nepriekai\u0161tinga konstrukcija u\u017etikrina, kad \u0161varkas patogiai krist\u0173 ir i\u0161likt\u0173 nepakei\u010diamu stiliaus akcentu ilgus sezonus. Tai ne tik drabu\u017eis, bet ir \u012fvaizd\u017eio investicija \u2013 su juo visada atrodysite stilingai, solid\u017eiai ir \u0161iuolaiki\u0161kai. \ud83d\udccf I\u0161matavimai:     S\/M: kr\u016btin\u0117 \u2013 50 cm | ilgis \u2013 67 cm    M\/L: kr\u016btin\u0117 \u2013 53 cm | ilgis \u2013 67 cm","og_url":"https:\/\/madoskampas.lt\/lv\/product\/power-shoulders-juodas-svarkas-su-platesniais-peciais\/","og_site_name":"MadosKampas.lt","article_modified_time":"2026-04-23T17:47:08+00:00","og_image":[{"width":1536,"height":2048,"url":"https:\/\/madoskampas.lt\/wp-content\/uploads\/2025\/09\/IMG_6696.jpeg","type":"image\/jpeg"}],"twitter_card":"summary_large_image","twitter_misc":{"Est. reading time":"1 min\u016bte"},"schema":{"@context":"https:\/\/schema.org","@graph":[{"@type":"WebPage","@id":"https:\/\/madoskampas.lt\/produktas\/power-shoulders-juodas-svarkas-su-platesniais-peciais\/","url":"https:\/\/madoskampas.lt\/produktas\/power-shoulders-juodas-svarkas-su-platesniais-peciais\/","name":"\u201ePower Shoulders\u201c juodas \u0161varkas su platesniais pe\u010diais - MadosKampas.lt","isPartOf":{"@id":"https:\/\/madoskampas.lt\/#website"},"primaryImageOfPage":{"@id":"https:\/\/madoskampas.lt\/produktas\/power-shoulders-juodas-svarkas-su-platesniais-peciais\/#primaryimage"},"image":{"@id":"https:\/\/madoskampas.lt\/produktas\/power-shoulders-juodas-svarkas-su-platesniais-peciais\/#primaryimage"},"thumbnailUrl":"https:\/\/madoskampas.lt\/wp-content\/uploads\/2025\/09\/IMG_6696.jpeg","datePublished":"2025-09-15T15:33:01+00:00","dateModified":"2026-04-23T17:47:08+00:00","breadcrumb":{"@id":"https:\/\/madoskampas.lt\/produktas\/power-shoulders-juodas-svarkas-su-platesniais-peciais\/#breadcrumb"},"inLanguage":"lv-LV","potentialAction":[{"@type":"ReadAction","target":["https:\/\/madoskampas.lt\/produktas\/power-shoulders-juodas-svarkas-su-platesniais-peciais\/"]}]},{"@type":"ImageObject","inLanguage":"lv-LV","@id":"https:\/\/madoskampas.lt\/produktas\/power-shoulders-juodas-svarkas-su-platesniais-peciais\/#primaryimage","url":"https:\/\/madoskampas.lt\/wp-content\/uploads\/2025\/09\/IMG_6696.jpeg","contentUrl":"https:\/\/madoskampas.lt\/wp-content\/uploads\/2025\/09\/IMG_6696.jpeg","width":1536,"height":2048},{"@type":"BreadcrumbList","@id":"https:\/\/madoskampas.lt\/produktas\/power-shoulders-juodas-svarkas-su-platesniais-peciais\/#breadcrumb","itemListElement":[{"@type":"ListItem","position":1,"name":"Home","item":"https:\/\/madoskampas.lt\/"},{"@type":"ListItem","position":2,"name":"Parduotuv\u0117","item":"https:\/\/madoskampas.lt\/parduotuve-2\/"},{"@type":"ListItem","position":3,"name":"\u201ePower Shoulders\u201c juodas \u0161varkas su platesniais pe\u010diais"}]},{"@type":"WebSite","@id":"https:\/\/madoskampas.lt\/#website","url":"https:\/\/madoskampas.lt\/","name":"FashionKampas.lt","description":"Stil\u012bgs ap\u0123\u0113rbs sieviet\u0113m","potentialAction":[{"@type":"SearchAction","target":{"@type":"EntryPoint","urlTemplate":"https:\/\/madoskampas.lt\/?s={search_term_string}"},"query-input":{"@type":"PropertyValueSpecification","valueRequired":true,"valueName":"search_term_string"}}],"inLanguage":"lv-LV"}]}},"uagb_featured_image_src":{"full":["https:\/\/madoskampas.lt\/wp-content\/uploads\/2025\/09\/IMG_6696.jpeg",1536,2048,false],"thumbnail":["https:\/\/madoskampas.lt\/wp-content\/uploads\/2025\/09\/IMG_6696-150x150.jpeg",150,150,true],"medium":["https:\/\/madoskampas.lt\/wp-content\/uploads\/2025\/09\/IMG_6696-225x300.jpeg",225,300,true],"medium_large":["https:\/\/madoskampas.lt\/wp-content\/uploads\/2025\/09\/IMG_6696-768x1024.jpeg",768,1024,true],"large":["https:\/\/madoskampas.lt\/wp-content\/uploads\/2025\/09\/IMG_6696-768x1024.jpeg",768,1024,true],"1536x1536":["https:\/\/madoskampas.lt\/wp-content\/uploads\/2025\/09\/IMG_6696-1152x1536.jpeg",1152,1536,true],"2048x2048":["https:\/\/madoskampas.lt\/wp-content\/uploads\/2025\/09\/IMG_6696.jpeg",1536,2048,false],"trp-custom-language-flag":["https:\/\/madoskampas.lt\/wp-content\/uploads\/2025\/09\/IMG_6696.jpeg",9,12,false],"nova-image-square":["https:\/\/madoskampas.lt\/wp-content\/uploads\/2025\/09\/IMG_6696-1100x1100.jpeg",1100,1100,true],"mixtas-product-03":["https:\/\/madoskampas.lt\/wp-content\/uploads\/2025\/09\/IMG_6696-600x345.jpeg",600,345,true],"woocommerce_thumbnail":["https:\/\/madoskampas.lt\/wp-content\/uploads\/2025\/09\/IMG_6696-700x700.jpeg",700,700,true],"woocommerce_single":["https:\/\/madoskampas.lt\/wp-content\/uploads\/2025\/09\/IMG_6696-1000x1333.jpeg",1000,1333,true],"woocommerce_gallery_thumbnail":["https:\/\/madoskampas.lt\/wp-content\/uploads\/2025\/09\/IMG_6696-250x250.jpeg",250,250,true],"variation_swatches_image_size":["https:\/\/madoskampas.lt\/wp-content\/uploads\/2025\/09\/IMG_6696-50x50.jpeg",50,50,true],"variation_swatches_tooltip_size":["https:\/\/madoskampas.lt\/wp-content\/uploads\/2025\/09\/IMG_6696-100x100.jpeg",100,100,true]},"uagb_author_info":{"display_name":"algirdasbart","author_link":"https:\/\/madoskampas.lt\/lv\/author\/"},"uagb_comment_info":0,"uagb_excerpt":"\u201ePower Shoulders\u201c \u2013 tai \u0161varkas, kuris simbolizuoja \u0161iuolaikin\u0117s moters pasitik\u0117jim\u0105 savimi ir stiliaus poj\u016bt\u012f. Klasikin\u0117 juoda spalva dera su moderniu, lengvai oversized kirpimu, o ry\u0161kiau formuoti pe\u010diai suteikia siluetui strukt\u016bros, i\u0161rai\u0161kingumo ir eleganti\u0161kos dr\u0105sos. Vienos sagos u\u017esegimas ir minimalistin\u0117s linijos leid\u017eia \u0161vark\u0105 lengvai derinti tiek prie d\u017eins\u0173 kasdieniam miesto \u012fvaizd\u017eiui, tiek prie klasikini\u0173 kelni\u0173 ar&hellip;","jetpack_sharing_enabled":true,"_links":{"self":[{"href":"https:\/\/madoskampas.lt\/lv\/wp-json\/wp\/v2\/product\/19675","targetHints":{"allow":["GET"]}}],"collection":[{"href":"https:\/\/madoskampas.lt\/lv\/wp-json\/wp\/v2\/product"}],"about":[{"href":"https:\/\/madoskampas.lt\/lv\/wp-json\/wp\/v2\/types\/product"}],"replies":[{"embeddable":true,"href":"https:\/\/madoskampas.lt\/lv\/wp-json\/wp\/v2\/comments?post=19675"}],"wp:featuredmedia":[{"embeddable":true,"href":"https:\/\/madoskampas.lt\/lv\/wp-json\/wp\/v2\/media\/19867"}],"wp:attachment":[{"href":"https:\/\/madoskampas.lt\/lv\/wp-json\/wp\/v2\/media?parent=19675"}],"wp:term":[{"taxonomy":"product_brand","embeddable":true,"href":"https:\/\/madoskampas.lt\/lv\/wp-json\/wp\/v2\/product_brand?post=19675"},{"taxonomy":"product_cat","embeddable":true,"href":"https:\/\/madoskampas.lt\/lv\/wp-json\/wp\/v2\/product_cat?post=19675"},{"taxonomy":"product_tag","embeddable":true,"href":"https:\/\/madoskampas.lt\/lv\/wp-json\/wp\/v2\/product_tag?post=19675"}],"curies":[{"name":"wp","href":"https:\/\/api.w.org\/{rel}","templated":true}]}}