{"id":19939,"date":"2025-09-19T17:03:37","date_gmt":"2025-09-19T17:03:37","guid":{"rendered":"https:\/\/madoskampas.lt\/?post_type=product&#038;p=19939"},"modified":"2026-03-24T13:33:49","modified_gmt":"2026-03-24T13:33:49","slug":"dd","status":"publish","type":"product","link":"https:\/\/madoskampas.lt\/lv\/product\/dd\/","title":{"rendered":"\u201eAlpaca Eleganza d\u017eemperis"},"content":{"rendered":"<p>\u201eAlpaca Eleganza\u201c \u2013 tai itali\u0161kas \u0161velnumo ir prabangos prisilietimas. Net <strong data-start=\"242\" data-end=\"262\">52 % baby alpaka<\/strong> suteikia ypating\u0105 mink\u0161tum\u0105, jaukum\u0105 ir \u0161ilum\u0105, kuri\u0105 i\u0161kart pajusite vilk\u0117damos.<\/p>","protected":false},"excerpt":{"rendered":"<p data-start=\"150\" data-end=\"528\">\u201eAlpaca Eleganza\u201c \u2013 tai itali\u0161kas \u0161velnumo ir prabangos prisilietimas. Net <strong data-start=\"242\" data-end=\"262\">52 % baby alpaka<\/strong> suteikia ypating\u0105 mink\u0161tum\u0105, jaukum\u0105 ir \u0161ilum\u0105, kuri\u0105 i\u0161kart pajusite vilk\u0117damos. Papildoma vilna subtiliai praturtina audin\u012f, o poliamido ir elastano gijos suteikia lengvumo bei tamprumo, kad megztinis ne tik puikiai atrodyt\u0173, bet ir b\u016bt\u0173 patogus d\u0117v\u0117ti kasdien.<\/p>\n<p data-start=\"530\" data-end=\"747\">Minimalistinis dizainas su eleganti\u0161ku apvaliu kaklu leid\u017eia lengvai derinti tiek prie odinio sijono, tiek prie d\u017eins\u0173 ar klasikini\u0173 kelni\u0173. Universalus rudens ir \u017eiemos pasirinkimas, kuris niekada nei\u0161eis i\u0161 mados.<\/p>\n<p data-start=\"749\" data-end=\"893\">\ud83d\udccf <strong data-start=\"752\" data-end=\"762\">Izm\u0113rs:<\/strong> universalus (S\u2013L)<br data-start=\"780\" data-end=\"783\" \/>\ud83c\udf3f <strong data-start=\"786\" data-end=\"798\">Sast\u0101vs:<\/strong> 52 % baby alpaka, 13 % vilna, 32 % poliamidas, 3 % elastanas<\/p>","protected":false},"featured_media":22988,"comment_status":"open","ping_status":"closed","template":"","meta":{"_uag_custom_page_level_css":"","_monsterinsights_skip_tracking":false,"_monsterinsights_sitenote_active":false,"_monsterinsights_sitenote_note":"","_monsterinsights_sitenote_category":0},"product_brand":[],"product_cat":[66,73,95],"product_tag":[],"class_list":{"0":"post-19939","1":"product","2":"type-product","3":"status-publish","4":"has-post-thumbnail","6":"product_cat-drabuziai","7":"product_cat-megztiniai","8":"product_cat-naujausi","9":"tm-has-options","11":"first","12":"outofstock","13":"shipping-taxable","14":"purchasable","15":"product-type-variable"},"yoast_head":"<!-- This site is optimized with the Yoast SEO plugin v27.3 - https:\/\/yoast.com\/product\/yoast-seo-wordpress\/ -->\n<title>\u201eAlpaca Eleganza\u201c megztukas - MadosKampas.lt<\/title>\n<meta name=\"robots\" content=\"index, follow, max-snippet:-1, max-image-preview:large, max-video-preview:-1\" \/>\n<link rel=\"canonical\" href=\"https:\/\/madoskampas.lt\/lv\/product\/dd\/\" \/>\n<meta property=\"og:locale\" content=\"lv_LV\" \/>\n<meta property=\"og:type\" content=\"article\" \/>\n<meta property=\"og:title\" content=\"\u201eAlpaca Eleganza\u201c megztukas - MadosKampas.lt\" \/>\n<meta property=\"og:description\" content=\"\u201eAlpaca Eleganza\u201c \u2013 tai itali\u0161kas \u0161velnumo ir prabangos prisilietimas. Net 52 % baby alpaka suteikia ypating\u0105 mink\u0161tum\u0105, jaukum\u0105 ir \u0161ilum\u0105, kuri\u0105 i\u0161kart pajusite vilk\u0117damos. Papildoma vilna subtiliai praturtina audin\u012f, o poliamido ir elastano gijos suteikia lengvumo bei tamprumo, kad megztinis ne tik puikiai atrodyt\u0173, bet ir b\u016bt\u0173 patogus d\u0117v\u0117ti kasdien. Minimalistinis dizainas su eleganti\u0161ku apvaliu kaklu leid\u017eia lengvai derinti tiek prie odinio sijono, tiek prie d\u017eins\u0173 ar klasikini\u0173 kelni\u0173. Universalus rudens ir \u017eiemos pasirinkimas, kuris niekada nei\u0161eis i\u0161 mados. \ud83d\udccf Dydis: universalus (S\u2013L)\ud83c\udf3f Sud\u0117tis: 52 % baby alpaka, 13 % vilna, 32 % poliamidas, 3 % elastanas\" \/>\n<meta property=\"og:url\" content=\"https:\/\/madoskampas.lt\/lv\/product\/dd\/\" \/>\n<meta property=\"og:site_name\" content=\"MadosKampas.lt\" \/>\n<meta property=\"article:modified_time\" content=\"2026-03-24T13:33:49+00:00\" \/>\n<meta property=\"og:image\" content=\"https:\/\/madoskampas.lt\/wp-content\/uploads\/2025\/09\/img_0287-scaled.jpeg\" \/>\n\t<meta property=\"og:image:width\" content=\"1920\" \/>\n\t<meta property=\"og:image:height\" content=\"2560\" \/>\n\t<meta property=\"og:image:type\" content=\"image\/jpeg\" \/>\n<meta name=\"twitter:card\" content=\"summary_large_image\" \/>\n<meta name=\"twitter:label1\" content=\"Est. reading time\" \/>\n\t<meta name=\"twitter:data1\" content=\"1 min\u016bte\" \/>\n<script type=\"application\/ld+json\" class=\"yoast-schema-graph\">{\"@context\":\"https:\\\/\\\/schema.org\",\"@graph\":[{\"@type\":\"WebPage\",\"@id\":\"https:\\\/\\\/madoskampas.lt\\\/produktas\\\/dd\\\/\",\"url\":\"https:\\\/\\\/madoskampas.lt\\\/produktas\\\/dd\\\/\",\"name\":\"\u201eAlpaca Eleganza\u201c megztukas - MadosKampas.lt\",\"isPartOf\":{\"@id\":\"https:\\\/\\\/madoskampas.lt\\\/#website\"},\"primaryImageOfPage\":{\"@id\":\"https:\\\/\\\/madoskampas.lt\\\/produktas\\\/dd\\\/#primaryimage\"},\"image\":{\"@id\":\"https:\\\/\\\/madoskampas.lt\\\/produktas\\\/dd\\\/#primaryimage\"},\"thumbnailUrl\":\"https:\\\/\\\/madoskampas.lt\\\/wp-content\\\/uploads\\\/2025\\\/09\\\/img_0287-scaled.jpeg\",\"datePublished\":\"2025-09-19T17:03:37+00:00\",\"dateModified\":\"2026-03-24T13:33:49+00:00\",\"breadcrumb\":{\"@id\":\"https:\\\/\\\/madoskampas.lt\\\/produktas\\\/dd\\\/#breadcrumb\"},\"inLanguage\":\"lv-LV\",\"potentialAction\":[{\"@type\":\"ReadAction\",\"target\":[\"https:\\\/\\\/madoskampas.lt\\\/produktas\\\/dd\\\/\"]}]},{\"@type\":\"ImageObject\",\"inLanguage\":\"lv-LV\",\"@id\":\"https:\\\/\\\/madoskampas.lt\\\/produktas\\\/dd\\\/#primaryimage\",\"url\":\"https:\\\/\\\/madoskampas.lt\\\/wp-content\\\/uploads\\\/2025\\\/09\\\/img_0287-scaled.jpeg\",\"contentUrl\":\"https:\\\/\\\/madoskampas.lt\\\/wp-content\\\/uploads\\\/2025\\\/09\\\/img_0287-scaled.jpeg\",\"width\":1920,\"height\":2560},{\"@type\":\"BreadcrumbList\",\"@id\":\"https:\\\/\\\/madoskampas.lt\\\/produktas\\\/dd\\\/#breadcrumb\",\"itemListElement\":[{\"@type\":\"ListItem\",\"position\":1,\"name\":\"Home\",\"item\":\"https:\\\/\\\/madoskampas.lt\\\/\"},{\"@type\":\"ListItem\",\"position\":2,\"name\":\"Parduotuv\u0117\",\"item\":\"https:\\\/\\\/madoskampas.lt\\\/parduotuve-2\\\/\"},{\"@type\":\"ListItem\",\"position\":3,\"name\":\"\u201eAlpaca Eleganza\u201c megztukas\"}]},{\"@type\":\"WebSite\",\"@id\":\"https:\\\/\\\/madoskampas.lt\\\/#website\",\"url\":\"https:\\\/\\\/madoskampas.lt\\\/\",\"name\":\"MadosKampas.lt\",\"description\":\"Stilingi drabu\u017eiai moterims\",\"potentialAction\":[{\"@type\":\"SearchAction\",\"target\":{\"@type\":\"EntryPoint\",\"urlTemplate\":\"https:\\\/\\\/madoskampas.lt\\\/?s={search_term_string}\"},\"query-input\":{\"@type\":\"PropertyValueSpecification\",\"valueRequired\":true,\"valueName\":\"search_term_string\"}}],\"inLanguage\":\"lv-LV\"}]}<\/script>\n<!-- \/ Yoast SEO plugin. -->","yoast_head_json":{"title":"\u201eAlpaca Eleganza\u201c megztukas - MadosKampas.lt","robots":{"index":"index","follow":"follow","max-snippet":"max-snippet:-1","max-image-preview":"max-image-preview:large","max-video-preview":"max-video-preview:-1"},"canonical":"https:\/\/madoskampas.lt\/lv\/product\/dd\/","og_locale":"lv_LV","og_type":"article","og_title":"\u201eAlpaca Eleganza\u201c megztukas - MadosKampas.lt","og_description":"\u201eAlpaca Eleganza\u201c \u2013 tai itali\u0161kas \u0161velnumo ir prabangos prisilietimas. Net 52 % baby alpaka suteikia ypating\u0105 mink\u0161tum\u0105, jaukum\u0105 ir \u0161ilum\u0105, kuri\u0105 i\u0161kart pajusite vilk\u0117damos. Papildoma vilna subtiliai praturtina audin\u012f, o poliamido ir elastano gijos suteikia lengvumo bei tamprumo, kad megztinis ne tik puikiai atrodyt\u0173, bet ir b\u016bt\u0173 patogus d\u0117v\u0117ti kasdien. Minimalistinis dizainas su eleganti\u0161ku apvaliu kaklu leid\u017eia lengvai derinti tiek prie odinio sijono, tiek prie d\u017eins\u0173 ar klasikini\u0173 kelni\u0173. Universalus rudens ir \u017eiemos pasirinkimas, kuris niekada nei\u0161eis i\u0161 mados. \ud83d\udccf Dydis: universalus (S\u2013L)\ud83c\udf3f Sud\u0117tis: 52 % baby alpaka, 13 % vilna, 32 % poliamidas, 3 % elastanas","og_url":"https:\/\/madoskampas.lt\/lv\/product\/dd\/","og_site_name":"MadosKampas.lt","article_modified_time":"2026-03-24T13:33:49+00:00","og_image":[{"width":1920,"height":2560,"url":"https:\/\/madoskampas.lt\/wp-content\/uploads\/2025\/09\/img_0287-scaled.jpeg","type":"image\/jpeg"}],"twitter_card":"summary_large_image","twitter_misc":{"Est. reading time":"1 min\u016bte"},"schema":{"@context":"https:\/\/schema.org","@graph":[{"@type":"WebPage","@id":"https:\/\/madoskampas.lt\/produktas\/dd\/","url":"https:\/\/madoskampas.lt\/produktas\/dd\/","name":"\u201eAlpaca Eleganza\u201c megztukas - MadosKampas.lt","isPartOf":{"@id":"https:\/\/madoskampas.lt\/#website"},"primaryImageOfPage":{"@id":"https:\/\/madoskampas.lt\/produktas\/dd\/#primaryimage"},"image":{"@id":"https:\/\/madoskampas.lt\/produktas\/dd\/#primaryimage"},"thumbnailUrl":"https:\/\/madoskampas.lt\/wp-content\/uploads\/2025\/09\/img_0287-scaled.jpeg","datePublished":"2025-09-19T17:03:37+00:00","dateModified":"2026-03-24T13:33:49+00:00","breadcrumb":{"@id":"https:\/\/madoskampas.lt\/produktas\/dd\/#breadcrumb"},"inLanguage":"lv-LV","potentialAction":[{"@type":"ReadAction","target":["https:\/\/madoskampas.lt\/produktas\/dd\/"]}]},{"@type":"ImageObject","inLanguage":"lv-LV","@id":"https:\/\/madoskampas.lt\/produktas\/dd\/#primaryimage","url":"https:\/\/madoskampas.lt\/wp-content\/uploads\/2025\/09\/img_0287-scaled.jpeg","contentUrl":"https:\/\/madoskampas.lt\/wp-content\/uploads\/2025\/09\/img_0287-scaled.jpeg","width":1920,"height":2560},{"@type":"BreadcrumbList","@id":"https:\/\/madoskampas.lt\/produktas\/dd\/#breadcrumb","itemListElement":[{"@type":"ListItem","position":1,"name":"Home","item":"https:\/\/madoskampas.lt\/"},{"@type":"ListItem","position":2,"name":"Parduotuv\u0117","item":"https:\/\/madoskampas.lt\/parduotuve-2\/"},{"@type":"ListItem","position":3,"name":"\u201eAlpaca Eleganza\u201c megztukas"}]},{"@type":"WebSite","@id":"https:\/\/madoskampas.lt\/#website","url":"https:\/\/madoskampas.lt\/","name":"FashionKampas.lt","description":"Stil\u012bgs ap\u0123\u0113rbs sieviet\u0113m","potentialAction":[{"@type":"SearchAction","target":{"@type":"EntryPoint","urlTemplate":"https:\/\/madoskampas.lt\/?s={search_term_string}"},"query-input":{"@type":"PropertyValueSpecification","valueRequired":true,"valueName":"search_term_string"}}],"inLanguage":"lv-LV"}]}},"uagb_featured_image_src":{"full":["https:\/\/madoskampas.lt\/wp-content\/uploads\/2025\/09\/img_0287-scaled.jpeg",1920,2560,false],"thumbnail":["https:\/\/madoskampas.lt\/wp-content\/uploads\/2025\/09\/img_0287-150x150.jpeg",150,150,true],"medium":["https:\/\/madoskampas.lt\/wp-content\/uploads\/2025\/09\/img_0287-225x300.jpeg",225,300,true],"medium_large":["https:\/\/madoskampas.lt\/wp-content\/uploads\/2025\/09\/img_0287-768x1024.jpeg",768,1024,true],"large":["https:\/\/madoskampas.lt\/wp-content\/uploads\/2025\/09\/img_0287-768x1024.jpeg",768,1024,true],"1536x1536":["https:\/\/madoskampas.lt\/wp-content\/uploads\/2025\/09\/img_0287-1152x1536.jpeg",1152,1536,true],"2048x2048":["https:\/\/madoskampas.lt\/wp-content\/uploads\/2025\/09\/img_0287-1536x2048.jpeg",1536,2048,true],"trp-custom-language-flag":["https:\/\/madoskampas.lt\/wp-content\/uploads\/2025\/09\/img_0287-9x12.jpeg",9,12,true],"nova-image-square":["https:\/\/madoskampas.lt\/wp-content\/uploads\/2025\/09\/img_0287-1100x1100.jpeg",1100,1100,true],"mixtas-product-03":["https:\/\/madoskampas.lt\/wp-content\/uploads\/2025\/09\/img_0287-600x345.jpeg",600,345,true],"woocommerce_thumbnail":["https:\/\/madoskampas.lt\/wp-content\/uploads\/2025\/09\/img_0287-700x700.jpeg",700,700,true],"woocommerce_single":["https:\/\/madoskampas.lt\/wp-content\/uploads\/2025\/09\/img_0287-1000x1333.jpeg",1000,1333,true],"woocommerce_gallery_thumbnail":["https:\/\/madoskampas.lt\/wp-content\/uploads\/2025\/09\/img_0287-250x250.jpeg",250,250,true],"variation_swatches_image_size":["https:\/\/madoskampas.lt\/wp-content\/uploads\/2025\/09\/img_0287-50x50.jpeg",50,50,true],"variation_swatches_tooltip_size":["https:\/\/madoskampas.lt\/wp-content\/uploads\/2025\/09\/img_0287-100x100.jpeg",100,100,true]},"uagb_author_info":{"display_name":"algirdasbart","author_link":"https:\/\/madoskampas.lt\/lv\/author\/"},"uagb_comment_info":1,"uagb_excerpt":"\u201eAlpaca Eleganza\u201c \u2013 tai itali\u0161kas \u0161velnumo ir prabangos prisilietimas. Net 52 % baby alpaka suteikia ypating\u0105 mink\u0161tum\u0105, jaukum\u0105 ir \u0161ilum\u0105, kuri\u0105 i\u0161kart pajusite vilk\u0117damos. Papildoma vilna subtiliai praturtina audin\u012f, o poliamido ir elastano gijos suteikia lengvumo bei tamprumo, kad megztinis ne tik puikiai atrodyt\u0173, bet ir b\u016bt\u0173 patogus d\u0117v\u0117ti kasdien. Minimalistinis dizainas su eleganti\u0161ku apvaliu&hellip;","jetpack_sharing_enabled":true,"_links":{"self":[{"href":"https:\/\/madoskampas.lt\/lv\/wp-json\/wp\/v2\/product\/19939","targetHints":{"allow":["GET"]}}],"collection":[{"href":"https:\/\/madoskampas.lt\/lv\/wp-json\/wp\/v2\/product"}],"about":[{"href":"https:\/\/madoskampas.lt\/lv\/wp-json\/wp\/v2\/types\/product"}],"replies":[{"embeddable":true,"href":"https:\/\/madoskampas.lt\/lv\/wp-json\/wp\/v2\/comments?post=19939"}],"wp:featuredmedia":[{"embeddable":true,"href":"https:\/\/madoskampas.lt\/lv\/wp-json\/wp\/v2\/media\/22988"}],"wp:attachment":[{"href":"https:\/\/madoskampas.lt\/lv\/wp-json\/wp\/v2\/media?parent=19939"}],"wp:term":[{"taxonomy":"product_brand","embeddable":true,"href":"https:\/\/madoskampas.lt\/lv\/wp-json\/wp\/v2\/product_brand?post=19939"},{"taxonomy":"product_cat","embeddable":true,"href":"https:\/\/madoskampas.lt\/lv\/wp-json\/wp\/v2\/product_cat?post=19939"},{"taxonomy":"product_tag","embeddable":true,"href":"https:\/\/madoskampas.lt\/lv\/wp-json\/wp\/v2\/product_tag?post=19939"}],"curies":[{"name":"wp","href":"https:\/\/api.w.org\/{rel}","templated":true}]}}