{"id":20370,"date":"2025-09-25T14:48:09","date_gmt":"2025-09-25T14:48:09","guid":{"rendered":"https:\/\/madoskampas.lt\/?post_type=product&#038;p=20370"},"modified":"2026-03-09T08:28:17","modified_gmt":"2026-03-09T08:28:17","slug":"piuma-chic-pukine-jakas","status":"publish","type":"product","link":"https:\/\/madoskampas.lt\/lv\/product\/piuma-chic-pukine-jakas\/","title":{"rendered":"\u201ePiuma Chic d\u016bnu jaka"},"content":{"rendered":"<p>Grezn\u012bba un komforts vien\u0101 - p\u016bra jaka ar dab\u012bgu p\u012b\u013cu p\u016bk\u0101m. Viegla, silta un stil\u012bga, t\u0101 k\u013c\u016bs par neaizst\u0101jamu pavadoni aukstaj\u0101 sezon\u0101.<\/p>","protected":false},"excerpt":{"rendered":"<p data-start=\"94\" data-end=\"321\">Grezn\u012bba un komforts vien\u0101 - p\u016bra jaka ar dab\u012bgu p\u012b\u013cu p\u016bk\u0101m. Viegla, silta un stil\u012bga, t\u0101 k\u013c\u016bs par neaizst\u0101jamu pavadoni aukstaj\u0101 sezon\u0101. Univers\u0101lais izm\u0113rs ir piem\u0113rots no M l\u012bdz XL un lieliski piel\u0101gojas j\u016bsu fig\u016brai.<\/p>\n<p data-start=\"323\" data-end=\"544\">Dekorat\u012bv\u0101 spr\u0101dze priek\u0161pus\u0113 ir izteiksm\u012bgs dizaina akcents, kas pie\u0161\u0137ir tai smalku m\u016bsdien\u012bgumu. Ietilp\u012bg\u0101 kapuce pasarg\u0101 no v\u0113ja, un klasisk\u0101s meln\u0101 un kapu\u010d\u012bno kr\u0101sas \u013cauj kombin\u0113t da\u017e\u0101dus ap\u0123\u0113rbus.<\/p>\n<p data-start=\"546\" data-end=\"596\"><strong data-start=\"546\" data-end=\"562\">Izm\u0113ri:<\/strong> garums 66 cm, 56 cm p\u0101ri kr\u016bt\u012bm.<\/p>","protected":false},"featured_media":20396,"comment_status":"open","ping_status":"closed","template":"","meta":{"_uag_custom_page_level_css":"","_monsterinsights_skip_tracking":false,"_monsterinsights_sitenote_active":false,"_monsterinsights_sitenote_note":"","_monsterinsights_sitenote_category":0},"product_brand":[],"product_cat":[66,95,77],"product_tag":[],"class_list":{"0":"post-20370","1":"product","2":"type-product","3":"status-publish","4":"has-post-thumbnail","6":"product_cat-drabuziai","7":"product_cat-naujausi","8":"product_cat-striukes-paltai","9":"tm-has-options","11":"first","12":"instock","13":"shipping-taxable","14":"purchasable","15":"product-type-variable"},"yoast_head":"<!-- This site is optimized with the Yoast SEO plugin v27.6 - https:\/\/yoast.com\/product\/yoast-seo-wordpress\/ -->\n<title>\u201ePiuma Chic\u201c p\u016bkin\u0117 striuk\u0117 - MadosKampas.lt<\/title>\n<meta name=\"robots\" content=\"index, follow, max-snippet:-1, max-image-preview:large, max-video-preview:-1\" \/>\n<link rel=\"canonical\" href=\"https:\/\/madoskampas.lt\/lv\/product\/piuma-chic-pukine-jakas\/\" \/>\n<meta property=\"og:locale\" content=\"lv_LV\" \/>\n<meta property=\"og:type\" content=\"article\" \/>\n<meta property=\"og:title\" content=\"\u201ePiuma Chic\u201c p\u016bkin\u0117 striuk\u0117 - MadosKampas.lt\" \/>\n<meta property=\"og:description\" content=\"Prabanga ir komfortas viename \u2013 p\u016bkin\u0117 striuk\u0117 su nat\u016braliais an\u010di\u0173 p\u016bkais. Lengva, \u0161ilta ir stilinga, ji taps nepakei\u010diama \u0161altojo sezono palydove. Universalus dydis tinka nuo M iki XL, tod\u0117l puikiai prisitaiko prie fig\u016bros. I\u0161skirtinis dizaino akcentas \u2013 dekoratyvin\u0117 sagtis priekyje, suteikianti subtilaus modernumo. Talpus gobtuvas apsaugo nuo v\u0117jo, o klasikin\u0117s spalvos \u2013 juoda ir kapu\u010dino \u2013 leid\u017eia derinti prie \u012fvairaus stiliaus aprangos. I\u0161matavimai: ilgis 66 cm, per kr\u016btin\u0119 56 cm.\" \/>\n<meta property=\"og:url\" content=\"https:\/\/madoskampas.lt\/lv\/product\/piuma-chic-pukine-jakas\/\" \/>\n<meta property=\"og:site_name\" content=\"MadosKampas.lt\" \/>\n<meta property=\"article:modified_time\" content=\"2026-03-09T08:28:17+00:00\" \/>\n<meta property=\"og:image\" content=\"https:\/\/madoskampas.lt\/wp-content\/uploads\/2025\/09\/IMG_8065.jpeg\" \/>\n\t<meta property=\"og:image:width\" content=\"1536\" \/>\n\t<meta property=\"og:image:height\" content=\"2048\" \/>\n\t<meta property=\"og:image:type\" content=\"image\/jpeg\" \/>\n<meta name=\"twitter:card\" content=\"summary_large_image\" \/>\n<meta name=\"twitter:label1\" content=\"Est. reading time\" \/>\n\t<meta name=\"twitter:data1\" content=\"1 min\u016bte\" \/>\n<script type=\"application\/ld+json\" class=\"yoast-schema-graph\">{\"@context\":\"https:\\\/\\\/schema.org\",\"@graph\":[{\"@type\":\"WebPage\",\"@id\":\"https:\\\/\\\/madoskampas.lt\\\/produktas\\\/piuma-chic-pukine-striuke\\\/\",\"url\":\"https:\\\/\\\/madoskampas.lt\\\/produktas\\\/piuma-chic-pukine-striuke\\\/\",\"name\":\"\u201ePiuma Chic\u201c p\u016bkin\u0117 striuk\u0117 - MadosKampas.lt\",\"isPartOf\":{\"@id\":\"https:\\\/\\\/madoskampas.lt\\\/#website\"},\"primaryImageOfPage\":{\"@id\":\"https:\\\/\\\/madoskampas.lt\\\/produktas\\\/piuma-chic-pukine-striuke\\\/#primaryimage\"},\"image\":{\"@id\":\"https:\\\/\\\/madoskampas.lt\\\/produktas\\\/piuma-chic-pukine-striuke\\\/#primaryimage\"},\"thumbnailUrl\":\"https:\\\/\\\/madoskampas.lt\\\/wp-content\\\/uploads\\\/2025\\\/09\\\/IMG_8065.jpeg\",\"datePublished\":\"2025-09-25T14:48:09+00:00\",\"dateModified\":\"2026-03-09T08:28:17+00:00\",\"breadcrumb\":{\"@id\":\"https:\\\/\\\/madoskampas.lt\\\/produktas\\\/piuma-chic-pukine-striuke\\\/#breadcrumb\"},\"inLanguage\":\"lv-LV\",\"potentialAction\":[{\"@type\":\"ReadAction\",\"target\":[\"https:\\\/\\\/madoskampas.lt\\\/produktas\\\/piuma-chic-pukine-striuke\\\/\"]}]},{\"@type\":\"ImageObject\",\"inLanguage\":\"lv-LV\",\"@id\":\"https:\\\/\\\/madoskampas.lt\\\/produktas\\\/piuma-chic-pukine-striuke\\\/#primaryimage\",\"url\":\"https:\\\/\\\/madoskampas.lt\\\/wp-content\\\/uploads\\\/2025\\\/09\\\/IMG_8065.jpeg\",\"contentUrl\":\"https:\\\/\\\/madoskampas.lt\\\/wp-content\\\/uploads\\\/2025\\\/09\\\/IMG_8065.jpeg\",\"width\":1536,\"height\":2048},{\"@type\":\"BreadcrumbList\",\"@id\":\"https:\\\/\\\/madoskampas.lt\\\/produktas\\\/piuma-chic-pukine-striuke\\\/#breadcrumb\",\"itemListElement\":[{\"@type\":\"ListItem\",\"position\":1,\"name\":\"Home\",\"item\":\"https:\\\/\\\/madoskampas.lt\\\/\"},{\"@type\":\"ListItem\",\"position\":2,\"name\":\"Parduotuv\u0117\",\"item\":\"https:\\\/\\\/madoskampas.lt\\\/parduotuve-2\\\/\"},{\"@type\":\"ListItem\",\"position\":3,\"name\":\"\u201ePiuma Chic\u201c p\u016bkin\u0117 striuk\u0117\"}]},{\"@type\":\"WebSite\",\"@id\":\"https:\\\/\\\/madoskampas.lt\\\/#website\",\"url\":\"https:\\\/\\\/madoskampas.lt\\\/\",\"name\":\"MadosKampas.lt\",\"description\":\"Stilingi drabu\u017eiai moterims\",\"potentialAction\":[{\"@type\":\"SearchAction\",\"target\":{\"@type\":\"EntryPoint\",\"urlTemplate\":\"https:\\\/\\\/madoskampas.lt\\\/?s={search_term_string}\"},\"query-input\":{\"@type\":\"PropertyValueSpecification\",\"valueRequired\":true,\"valueName\":\"search_term_string\"}}],\"inLanguage\":\"lv-LV\"}]}<\/script>\n<!-- \/ Yoast SEO plugin. -->","yoast_head_json":{"title":"\u201ePiuma Chic\u201c d\u016bnu jaka - MadosKampas.lt","robots":{"index":"index","follow":"follow","max-snippet":"max-snippet:-1","max-image-preview":"max-image-preview:large","max-video-preview":"max-video-preview:-1"},"canonical":"https:\/\/madoskampas.lt\/lv\/product\/piuma-chic-pukine-jakas\/","og_locale":"lv_LV","og_type":"article","og_title":"\u201ePiuma Chic\u201c p\u016bkin\u0117 striuk\u0117 - MadosKampas.lt","og_description":"Prabanga ir komfortas viename \u2013 p\u016bkin\u0117 striuk\u0117 su nat\u016braliais an\u010di\u0173 p\u016bkais. Lengva, \u0161ilta ir stilinga, ji taps nepakei\u010diama \u0161altojo sezono palydove. Universalus dydis tinka nuo M iki XL, tod\u0117l puikiai prisitaiko prie fig\u016bros. I\u0161skirtinis dizaino akcentas \u2013 dekoratyvin\u0117 sagtis priekyje, suteikianti subtilaus modernumo. Talpus gobtuvas apsaugo nuo v\u0117jo, o klasikin\u0117s spalvos \u2013 juoda ir kapu\u010dino \u2013 leid\u017eia derinti prie \u012fvairaus stiliaus aprangos. I\u0161matavimai: ilgis 66 cm, per kr\u016btin\u0119 56 cm.","og_url":"https:\/\/madoskampas.lt\/lv\/product\/piuma-chic-pukine-jakas\/","og_site_name":"MadosKampas.lt","article_modified_time":"2026-03-09T08:28:17+00:00","og_image":[{"width":1536,"height":2048,"url":"https:\/\/madoskampas.lt\/wp-content\/uploads\/2025\/09\/IMG_8065.jpeg","type":"image\/jpeg"}],"twitter_card":"summary_large_image","twitter_misc":{"Est. reading time":"1 min\u016bte"},"schema":{"@context":"https:\/\/schema.org","@graph":[{"@type":"WebPage","@id":"https:\/\/madoskampas.lt\/produktas\/piuma-chic-pukine-striuke\/","url":"https:\/\/madoskampas.lt\/produktas\/piuma-chic-pukine-striuke\/","name":"\u201ePiuma Chic\u201c d\u016bnu jaka - MadosKampas.lt","isPartOf":{"@id":"https:\/\/madoskampas.lt\/#website"},"primaryImageOfPage":{"@id":"https:\/\/madoskampas.lt\/produktas\/piuma-chic-pukine-striuke\/#primaryimage"},"image":{"@id":"https:\/\/madoskampas.lt\/produktas\/piuma-chic-pukine-striuke\/#primaryimage"},"thumbnailUrl":"https:\/\/madoskampas.lt\/wp-content\/uploads\/2025\/09\/IMG_8065.jpeg","datePublished":"2025-09-25T14:48:09+00:00","dateModified":"2026-03-09T08:28:17+00:00","breadcrumb":{"@id":"https:\/\/madoskampas.lt\/produktas\/piuma-chic-pukine-striuke\/#breadcrumb"},"inLanguage":"lv-LV","potentialAction":[{"@type":"ReadAction","target":["https:\/\/madoskampas.lt\/produktas\/piuma-chic-pukine-striuke\/"]}]},{"@type":"ImageObject","inLanguage":"lv-LV","@id":"https:\/\/madoskampas.lt\/produktas\/piuma-chic-pukine-striuke\/#primaryimage","url":"https:\/\/madoskampas.lt\/wp-content\/uploads\/2025\/09\/IMG_8065.jpeg","contentUrl":"https:\/\/madoskampas.lt\/wp-content\/uploads\/2025\/09\/IMG_8065.jpeg","width":1536,"height":2048},{"@type":"BreadcrumbList","@id":"https:\/\/madoskampas.lt\/produktas\/piuma-chic-pukine-striuke\/#breadcrumb","itemListElement":[{"@type":"ListItem","position":1,"name":"Home","item":"https:\/\/madoskampas.lt\/"},{"@type":"ListItem","position":2,"name":"Parduotuv\u0117","item":"https:\/\/madoskampas.lt\/parduotuve-2\/"},{"@type":"ListItem","position":3,"name":"\u201ePiuma Chic\u201c p\u016bkin\u0117 striuk\u0117"}]},{"@type":"WebSite","@id":"https:\/\/madoskampas.lt\/#website","url":"https:\/\/madoskampas.lt\/","name":"FashionKampas.lt","description":"Stil\u012bgs ap\u0123\u0113rbs sieviet\u0113m","potentialAction":[{"@type":"SearchAction","target":{"@type":"EntryPoint","urlTemplate":"https:\/\/madoskampas.lt\/?s={search_term_string}"},"query-input":{"@type":"PropertyValueSpecification","valueRequired":true,"valueName":"search_term_string"}}],"inLanguage":"lv-LV"}]}},"uagb_featured_image_src":{"full":["https:\/\/madoskampas.lt\/wp-content\/uploads\/2025\/09\/IMG_8065.jpeg",1536,2048,false],"thumbnail":["https:\/\/madoskampas.lt\/wp-content\/uploads\/2025\/09\/IMG_8065-150x150.jpeg",150,150,true],"medium":["https:\/\/madoskampas.lt\/wp-content\/uploads\/2025\/09\/IMG_8065-225x300.jpeg",225,300,true],"medium_large":["https:\/\/madoskampas.lt\/wp-content\/uploads\/2025\/09\/IMG_8065-768x1024.jpeg",768,1024,true],"large":["https:\/\/madoskampas.lt\/wp-content\/uploads\/2025\/09\/IMG_8065-768x1024.jpeg",768,1024,true],"1536x1536":["https:\/\/madoskampas.lt\/wp-content\/uploads\/2025\/09\/IMG_8065-1152x1536.jpeg",1152,1536,true],"2048x2048":["https:\/\/madoskampas.lt\/wp-content\/uploads\/2025\/09\/IMG_8065.jpeg",1536,2048,false],"trp-custom-language-flag":["https:\/\/madoskampas.lt\/wp-content\/uploads\/2025\/09\/IMG_8065.jpeg",9,12,false],"nova-image-square":["https:\/\/madoskampas.lt\/wp-content\/uploads\/2025\/09\/IMG_8065-1100x1100.jpeg",1100,1100,true],"mixtas-product-03":["https:\/\/madoskampas.lt\/wp-content\/uploads\/2025\/09\/IMG_8065-600x345.jpeg",600,345,true],"woocommerce_thumbnail":["https:\/\/madoskampas.lt\/wp-content\/uploads\/2025\/09\/IMG_8065-700x700.jpeg",700,700,true],"woocommerce_single":["https:\/\/madoskampas.lt\/wp-content\/uploads\/2025\/09\/IMG_8065-1000x1333.jpeg",1000,1333,true],"woocommerce_gallery_thumbnail":["https:\/\/madoskampas.lt\/wp-content\/uploads\/2025\/09\/IMG_8065-250x250.jpeg",250,250,true],"variation_swatches_image_size":["https:\/\/madoskampas.lt\/wp-content\/uploads\/2025\/09\/IMG_8065-50x50.jpeg",50,50,true],"variation_swatches_tooltip_size":["https:\/\/madoskampas.lt\/wp-content\/uploads\/2025\/09\/IMG_8065-100x100.jpeg",100,100,true]},"uagb_author_info":{"display_name":"algirdasbart","author_link":"https:\/\/madoskampas.lt\/lv\/author\/"},"uagb_comment_info":0,"uagb_excerpt":"Prabanga ir komfortas viename \u2013 p\u016bkin\u0117 striuk\u0117 su nat\u016braliais an\u010di\u0173 p\u016bkais. Lengva, \u0161ilta ir stilinga, ji taps nepakei\u010diama \u0161altojo sezono palydove. Universalus dydis tinka nuo M iki XL, tod\u0117l puikiai prisitaiko prie fig\u016bros. I\u0161skirtinis dizaino akcentas \u2013 dekoratyvin\u0117 sagtis priekyje, suteikianti subtilaus modernumo. Talpus gobtuvas apsaugo nuo v\u0117jo, o klasikin\u0117s spalvos \u2013 juoda ir kapu\u010dino&hellip;","jetpack_sharing_enabled":true,"_links":{"self":[{"href":"https:\/\/madoskampas.lt\/lv\/wp-json\/wp\/v2\/product\/20370","targetHints":{"allow":["GET"]}}],"collection":[{"href":"https:\/\/madoskampas.lt\/lv\/wp-json\/wp\/v2\/product"}],"about":[{"href":"https:\/\/madoskampas.lt\/lv\/wp-json\/wp\/v2\/types\/product"}],"replies":[{"embeddable":true,"href":"https:\/\/madoskampas.lt\/lv\/wp-json\/wp\/v2\/comments?post=20370"}],"wp:featuredmedia":[{"embeddable":true,"href":"https:\/\/madoskampas.lt\/lv\/wp-json\/wp\/v2\/media\/20396"}],"wp:attachment":[{"href":"https:\/\/madoskampas.lt\/lv\/wp-json\/wp\/v2\/media?parent=20370"}],"wp:term":[{"taxonomy":"product_brand","embeddable":true,"href":"https:\/\/madoskampas.lt\/lv\/wp-json\/wp\/v2\/product_brand?post=20370"},{"taxonomy":"product_cat","embeddable":true,"href":"https:\/\/madoskampas.lt\/lv\/wp-json\/wp\/v2\/product_cat?post=20370"},{"taxonomy":"product_tag","embeddable":true,"href":"https:\/\/madoskampas.lt\/lv\/wp-json\/wp\/v2\/product_tag?post=20370"}],"curies":[{"name":"wp","href":"https:\/\/api.w.org\/{rel}","templated":true}]}}