{"id":21001,"date":"2025-10-08T16:24:15","date_gmt":"2025-10-08T16:24:15","guid":{"rendered":"https:\/\/madoskampas.lt\/?post_type=product&#038;p=21001"},"modified":"2026-04-03T17:30:44","modified_gmt":"2026-04-03T17:30:44","slug":"cashmere-touch-tampri-palaidine","status":"publish","type":"product","link":"https:\/\/madoskampas.lt\/lv\/product\/cashmere-touch-tampri-palaidine\/","title":{"rendered":"\u201eCashmere Touch elast\u012bga bl\u016bze"},"content":{"rendered":"<p data-start=\"163\" data-end=\"374\">Klasika, kuri visada stilinga. \u201eCashmere Touch\u201c \u2013 \u0161velni, tampri palaidin\u0117 su subtiliu ka\u0161myro prisilietimu.<br data-start=\"271\" data-end=\"274\" \/>Lengvai priglundanti prie k\u016bno, ji maloniai \u0161ildo, bet i\u0161lieka kv\u0117puojanti ir patogi visai dienai.<\/p>\n<p data-start=\"376\" data-end=\"579\">Universalus modelis, puikiai tinkantis tiek po \u0161varku ar liemene, tiek savaranki\u0161kai prie d\u017eins\u0173 ar sijono.<br data-start=\"483\" data-end=\"486\" \/>Tampri med\u017eiaga prisitaiko prie k\u016bno linij\u0173 ir tinka \u012fvairiems dyd\u017eiams \u2013 nuo <strong data-start=\"564\" data-end=\"576\">S iki XL<\/strong>.<\/p>","protected":false},"excerpt":{"rendered":"<p data-start=\"163\" data-end=\"374\">Klasika, kuri visada stilinga. \u201eCashmere Touch\u201c \u2013 \u0161velni, tampri palaidin\u0117 su subtiliu ka\u0161myro prisilietimu.<br data-start=\"271\" data-end=\"274\" \/>Lengvai priglundanti prie k\u016bno, ji maloniai \u0161ildo, bet i\u0161lieka kv\u0117puojanti ir patogi visai dienai.<\/p>\n<p data-start=\"376\" data-end=\"579\">Universalus modelis, puikiai tinkantis tiek po \u0161varku ar liemene, tiek savaranki\u0161kai prie d\u017eins\u0173 ar sijono.<br data-start=\"483\" data-end=\"486\" \/>Tampri med\u017eiaga prisitaiko prie k\u016bno linij\u0173 ir tinka \u012fvairiems dyd\u017eiams \u2013 nuo <strong data-start=\"564\" data-end=\"576\">S iki XL<\/strong>.<\/p>\n<p data-start=\"376\" data-end=\"579\">Sast\u0101vs:<\/p>\n<p data-start=\"376\" data-end=\"579\">79 % viskoz\u0117, 5 % ka\u0161myras, 10 % poliamidas, 6 % elastanas.<\/p>","protected":false},"featured_media":26584,"comment_status":"open","ping_status":"closed","template":"","meta":{"_uag_custom_page_level_css":"","_monsterinsights_skip_tracking":false,"_monsterinsights_sitenote_active":false,"_monsterinsights_sitenote_note":"","_monsterinsights_sitenote_category":0},"product_brand":[],"product_cat":[66,95,74,96],"product_tag":[],"class_list":{"0":"post-21001","1":"product","2":"type-product","3":"status-publish","4":"has-post-thumbnail","6":"product_cat-drabuziai","7":"product_cat-naujausi","8":"product_cat-palaidines","9":"product_cat-populiariausi","10":"tm-has-options","12":"first","13":"instock","14":"sale","15":"shipping-taxable","16":"purchasable","17":"product-type-variable","18":"has-default-attributes"},"yoast_head":"<!-- This site is optimized with the Yoast SEO plugin v27.3 - https:\/\/yoast.com\/product\/yoast-seo-wordpress\/ -->\n<title>\u201eCashmere Touch\u201c tampri palaidin\u0117 - MadosKampas.lt<\/title>\n<meta name=\"robots\" content=\"index, follow, max-snippet:-1, max-image-preview:large, max-video-preview:-1\" \/>\n<link rel=\"canonical\" href=\"https:\/\/madoskampas.lt\/lv\/product\/cashmere-touch-tampri-palaidine\/\" \/>\n<meta property=\"og:locale\" content=\"lv_LV\" \/>\n<meta property=\"og:type\" content=\"article\" \/>\n<meta property=\"og:title\" content=\"\u201eCashmere Touch\u201c tampri palaidin\u0117 - MadosKampas.lt\" \/>\n<meta property=\"og:description\" content=\"Klasika, kuri visada stilinga. \u201eCashmere Touch\u201c \u2013 \u0161velni, tampri palaidin\u0117 su subtiliu ka\u0161myro prisilietimu.Lengvai priglundanti prie k\u016bno, ji maloniai \u0161ildo, bet i\u0161lieka kv\u0117puojanti ir patogi visai dienai. Universalus modelis, puikiai tinkantis tiek po \u0161varku ar liemene, tiek savaranki\u0161kai prie d\u017eins\u0173 ar sijono.Tampri med\u017eiaga prisitaiko prie k\u016bno linij\u0173 ir tinka \u012fvairiems dyd\u017eiams \u2013 nuo S iki XL. Sud\u0117tis: 79 % viskoz\u0117, 5 % ka\u0161myras, 10 % poliamidas, 6 % elastanas.\" \/>\n<meta property=\"og:url\" content=\"https:\/\/madoskampas.lt\/lv\/product\/cashmere-touch-tampri-palaidine\/\" \/>\n<meta property=\"og:site_name\" content=\"MadosKampas.lt\" \/>\n<meta property=\"article:modified_time\" content=\"2026-04-03T17:30:44+00:00\" \/>\n<meta property=\"og:image\" content=\"https:\/\/madoskampas.lt\/wp-content\/uploads\/2025\/10\/img_0291-scaled.jpeg\" \/>\n\t<meta property=\"og:image:width\" content=\"1920\" \/>\n\t<meta property=\"og:image:height\" content=\"2560\" \/>\n\t<meta property=\"og:image:type\" content=\"image\/jpeg\" \/>\n<meta name=\"twitter:card\" content=\"summary_large_image\" \/>\n<meta name=\"twitter:label1\" content=\"Est. reading time\" \/>\n\t<meta name=\"twitter:data1\" content=\"1 min\u016bte\" \/>\n<script type=\"application\/ld+json\" class=\"yoast-schema-graph\">{\"@context\":\"https:\\\/\\\/schema.org\",\"@graph\":[{\"@type\":\"WebPage\",\"@id\":\"https:\\\/\\\/madoskampas.lt\\\/produktas\\\/cashmere-touch-tampri-palaidine\\\/\",\"url\":\"https:\\\/\\\/madoskampas.lt\\\/produktas\\\/cashmere-touch-tampri-palaidine\\\/\",\"name\":\"\u201eCashmere Touch\u201c tampri palaidin\u0117 - MadosKampas.lt\",\"isPartOf\":{\"@id\":\"https:\\\/\\\/madoskampas.lt\\\/#website\"},\"primaryImageOfPage\":{\"@id\":\"https:\\\/\\\/madoskampas.lt\\\/produktas\\\/cashmere-touch-tampri-palaidine\\\/#primaryimage\"},\"image\":{\"@id\":\"https:\\\/\\\/madoskampas.lt\\\/produktas\\\/cashmere-touch-tampri-palaidine\\\/#primaryimage\"},\"thumbnailUrl\":\"https:\\\/\\\/madoskampas.lt\\\/wp-content\\\/uploads\\\/2025\\\/10\\\/img_1856-1-scaled.jpeg\",\"datePublished\":\"2025-10-08T16:24:15+00:00\",\"dateModified\":\"2026-04-03T17:30:44+00:00\",\"breadcrumb\":{\"@id\":\"https:\\\/\\\/madoskampas.lt\\\/produktas\\\/cashmere-touch-tampri-palaidine\\\/#breadcrumb\"},\"inLanguage\":\"lv-LV\",\"potentialAction\":[{\"@type\":\"ReadAction\",\"target\":[\"https:\\\/\\\/madoskampas.lt\\\/produktas\\\/cashmere-touch-tampri-palaidine\\\/\"]}]},{\"@type\":\"ImageObject\",\"inLanguage\":\"lv-LV\",\"@id\":\"https:\\\/\\\/madoskampas.lt\\\/produktas\\\/cashmere-touch-tampri-palaidine\\\/#primaryimage\",\"url\":\"https:\\\/\\\/madoskampas.lt\\\/wp-content\\\/uploads\\\/2025\\\/10\\\/img_1856-1-scaled.jpeg\",\"contentUrl\":\"https:\\\/\\\/madoskampas.lt\\\/wp-content\\\/uploads\\\/2025\\\/10\\\/img_1856-1-scaled.jpeg\",\"width\":1440,\"height\":2560},{\"@type\":\"BreadcrumbList\",\"@id\":\"https:\\\/\\\/madoskampas.lt\\\/produktas\\\/cashmere-touch-tampri-palaidine\\\/#breadcrumb\",\"itemListElement\":[{\"@type\":\"ListItem\",\"position\":1,\"name\":\"Home\",\"item\":\"https:\\\/\\\/madoskampas.lt\\\/\"},{\"@type\":\"ListItem\",\"position\":2,\"name\":\"Parduotuv\u0117\",\"item\":\"https:\\\/\\\/madoskampas.lt\\\/parduotuve-2\\\/\"},{\"@type\":\"ListItem\",\"position\":3,\"name\":\"\u201eCashmere Touch\u201c tampri palaidin\u0117\"}]},{\"@type\":\"WebSite\",\"@id\":\"https:\\\/\\\/madoskampas.lt\\\/#website\",\"url\":\"https:\\\/\\\/madoskampas.lt\\\/\",\"name\":\"MadosKampas.lt\",\"description\":\"Stilingi drabu\u017eiai moterims\",\"potentialAction\":[{\"@type\":\"SearchAction\",\"target\":{\"@type\":\"EntryPoint\",\"urlTemplate\":\"https:\\\/\\\/madoskampas.lt\\\/?s={search_term_string}\"},\"query-input\":{\"@type\":\"PropertyValueSpecification\",\"valueRequired\":true,\"valueName\":\"search_term_string\"}}],\"inLanguage\":\"lv-LV\"}]}<\/script>\n<!-- \/ Yoast SEO plugin. -->","yoast_head_json":{"title":"\u201eCashmere Touch\u201c tampri palaidin\u0117 - MadosKampas.lt","robots":{"index":"index","follow":"follow","max-snippet":"max-snippet:-1","max-image-preview":"max-image-preview:large","max-video-preview":"max-video-preview:-1"},"canonical":"https:\/\/madoskampas.lt\/lv\/product\/cashmere-touch-tampri-palaidine\/","og_locale":"lv_LV","og_type":"article","og_title":"\u201eCashmere Touch\u201c tampri palaidin\u0117 - MadosKampas.lt","og_description":"Klasika, kuri visada stilinga. \u201eCashmere Touch\u201c \u2013 \u0161velni, tampri palaidin\u0117 su subtiliu ka\u0161myro prisilietimu.Lengvai priglundanti prie k\u016bno, ji maloniai \u0161ildo, bet i\u0161lieka kv\u0117puojanti ir patogi visai dienai. Universalus modelis, puikiai tinkantis tiek po \u0161varku ar liemene, tiek savaranki\u0161kai prie d\u017eins\u0173 ar sijono.Tampri med\u017eiaga prisitaiko prie k\u016bno linij\u0173 ir tinka \u012fvairiems dyd\u017eiams \u2013 nuo S iki XL. Sud\u0117tis: 79 % viskoz\u0117, 5 % ka\u0161myras, 10 % poliamidas, 6 % elastanas.","og_url":"https:\/\/madoskampas.lt\/lv\/product\/cashmere-touch-tampri-palaidine\/","og_site_name":"MadosKampas.lt","article_modified_time":"2026-04-03T17:30:44+00:00","og_image":[{"width":1920,"height":2560,"url":"https:\/\/madoskampas.lt\/wp-content\/uploads\/2025\/10\/img_0291-scaled.jpeg","type":"image\/jpeg"}],"twitter_card":"summary_large_image","twitter_misc":{"Est. reading time":"1 min\u016bte"},"schema":{"@context":"https:\/\/schema.org","@graph":[{"@type":"WebPage","@id":"https:\/\/madoskampas.lt\/produktas\/cashmere-touch-tampri-palaidine\/","url":"https:\/\/madoskampas.lt\/produktas\/cashmere-touch-tampri-palaidine\/","name":"\u201eCashmere Touch\u201c tampri palaidin\u0117 - MadosKampas.lt","isPartOf":{"@id":"https:\/\/madoskampas.lt\/#website"},"primaryImageOfPage":{"@id":"https:\/\/madoskampas.lt\/produktas\/cashmere-touch-tampri-palaidine\/#primaryimage"},"image":{"@id":"https:\/\/madoskampas.lt\/produktas\/cashmere-touch-tampri-palaidine\/#primaryimage"},"thumbnailUrl":"https:\/\/madoskampas.lt\/wp-content\/uploads\/2025\/10\/img_1856-1-scaled.jpeg","datePublished":"2025-10-08T16:24:15+00:00","dateModified":"2026-04-03T17:30:44+00:00","breadcrumb":{"@id":"https:\/\/madoskampas.lt\/produktas\/cashmere-touch-tampri-palaidine\/#breadcrumb"},"inLanguage":"lv-LV","potentialAction":[{"@type":"ReadAction","target":["https:\/\/madoskampas.lt\/produktas\/cashmere-touch-tampri-palaidine\/"]}]},{"@type":"ImageObject","inLanguage":"lv-LV","@id":"https:\/\/madoskampas.lt\/produktas\/cashmere-touch-tampri-palaidine\/#primaryimage","url":"https:\/\/madoskampas.lt\/wp-content\/uploads\/2025\/10\/img_1856-1-scaled.jpeg","contentUrl":"https:\/\/madoskampas.lt\/wp-content\/uploads\/2025\/10\/img_1856-1-scaled.jpeg","width":1440,"height":2560},{"@type":"BreadcrumbList","@id":"https:\/\/madoskampas.lt\/produktas\/cashmere-touch-tampri-palaidine\/#breadcrumb","itemListElement":[{"@type":"ListItem","position":1,"name":"Home","item":"https:\/\/madoskampas.lt\/"},{"@type":"ListItem","position":2,"name":"Parduotuv\u0117","item":"https:\/\/madoskampas.lt\/parduotuve-2\/"},{"@type":"ListItem","position":3,"name":"\u201eCashmere Touch\u201c tampri palaidin\u0117"}]},{"@type":"WebSite","@id":"https:\/\/madoskampas.lt\/#website","url":"https:\/\/madoskampas.lt\/","name":"FashionKampas.lt","description":"Stil\u012bgs ap\u0123\u0113rbs sieviet\u0113m","potentialAction":[{"@type":"SearchAction","target":{"@type":"EntryPoint","urlTemplate":"https:\/\/madoskampas.lt\/?s={search_term_string}"},"query-input":{"@type":"PropertyValueSpecification","valueRequired":true,"valueName":"search_term_string"}}],"inLanguage":"lv-LV"}]}},"uagb_featured_image_src":{"full":["https:\/\/madoskampas.lt\/wp-content\/uploads\/2025\/10\/img_1856-1-scaled.jpeg",1440,2560,false],"thumbnail":["https:\/\/madoskampas.lt\/wp-content\/uploads\/2025\/10\/img_1856-1-150x150.jpeg",150,150,true],"medium":["https:\/\/madoskampas.lt\/wp-content\/uploads\/2025\/10\/img_1856-1-169x300.jpeg",169,300,true],"medium_large":["https:\/\/madoskampas.lt\/wp-content\/uploads\/2025\/10\/img_1856-1-768x1365.jpeg",768,1365,true],"large":["https:\/\/madoskampas.lt\/wp-content\/uploads\/2025\/10\/img_1856-1-576x1024.jpeg",576,1024,true],"1536x1536":["https:\/\/madoskampas.lt\/wp-content\/uploads\/2025\/10\/img_1856-1-864x1536.jpeg",864,1536,true],"2048x2048":["https:\/\/madoskampas.lt\/wp-content\/uploads\/2025\/10\/img_1856-1-1152x2048.jpeg",1152,2048,true],"trp-custom-language-flag":["https:\/\/madoskampas.lt\/wp-content\/uploads\/2025\/10\/img_1856-1-7x12.jpeg",7,12,true],"nova-image-square":["https:\/\/madoskampas.lt\/wp-content\/uploads\/2025\/10\/img_1856-1-1100x1100.jpeg",1100,1100,true],"mixtas-product-03":["https:\/\/madoskampas.lt\/wp-content\/uploads\/2025\/10\/img_1856-1-600x345.jpeg",600,345,true],"woocommerce_thumbnail":["https:\/\/madoskampas.lt\/wp-content\/uploads\/2025\/10\/img_1856-1-700x700.jpeg",700,700,true],"woocommerce_single":["https:\/\/madoskampas.lt\/wp-content\/uploads\/2025\/10\/img_1856-1-1000x1777.jpeg",1000,1777,true],"woocommerce_gallery_thumbnail":["https:\/\/madoskampas.lt\/wp-content\/uploads\/2025\/10\/img_1856-1-250x250.jpeg",250,250,true],"variation_swatches_image_size":["https:\/\/madoskampas.lt\/wp-content\/uploads\/2025\/10\/img_1856-1-50x50.jpeg",50,50,true],"variation_swatches_tooltip_size":["https:\/\/madoskampas.lt\/wp-content\/uploads\/2025\/10\/img_1856-1-100x100.jpeg",100,100,true]},"uagb_author_info":{"display_name":"algirdasbart","author_link":"https:\/\/madoskampas.lt\/lv\/author\/"},"uagb_comment_info":3,"uagb_excerpt":"Klasika, kuri visada stilinga. \u201eCashmere Touch\u201c \u2013 \u0161velni, tampri palaidin\u0117 su subtiliu ka\u0161myro prisilietimu.Lengvai priglundanti prie k\u016bno, ji maloniai \u0161ildo, bet i\u0161lieka kv\u0117puojanti ir patogi visai dienai. Universalus modelis, puikiai tinkantis tiek po \u0161varku ar liemene, tiek savaranki\u0161kai prie d\u017eins\u0173 ar sijono.Tampri med\u017eiaga prisitaiko prie k\u016bno linij\u0173 ir tinka \u012fvairiems dyd\u017eiams \u2013 nuo S iki&hellip;","jetpack_sharing_enabled":true,"_links":{"self":[{"href":"https:\/\/madoskampas.lt\/lv\/wp-json\/wp\/v2\/product\/21001","targetHints":{"allow":["GET"]}}],"collection":[{"href":"https:\/\/madoskampas.lt\/lv\/wp-json\/wp\/v2\/product"}],"about":[{"href":"https:\/\/madoskampas.lt\/lv\/wp-json\/wp\/v2\/types\/product"}],"replies":[{"embeddable":true,"href":"https:\/\/madoskampas.lt\/lv\/wp-json\/wp\/v2\/comments?post=21001"}],"wp:featuredmedia":[{"embeddable":true,"href":"https:\/\/madoskampas.lt\/lv\/wp-json\/wp\/v2\/media\/26584"}],"wp:attachment":[{"href":"https:\/\/madoskampas.lt\/lv\/wp-json\/wp\/v2\/media?parent=21001"}],"wp:term":[{"taxonomy":"product_brand","embeddable":true,"href":"https:\/\/madoskampas.lt\/lv\/wp-json\/wp\/v2\/product_brand?post=21001"},{"taxonomy":"product_cat","embeddable":true,"href":"https:\/\/madoskampas.lt\/lv\/wp-json\/wp\/v2\/product_cat?post=21001"},{"taxonomy":"product_tag","embeddable":true,"href":"https:\/\/madoskampas.lt\/lv\/wp-json\/wp\/v2\/product_tag?post=21001"}],"curies":[{"name":"wp","href":"https:\/\/api.w.org\/{rel}","templated":true}]}}